{"id":28312,"date":"2023-01-16T14:27:06","date_gmt":"2023-01-16T13:27:06","guid":{"rendered":"https:\/\/www.jungsi.de\/?page_id=28312"},"modified":"2024-08-07T12:58:06","modified_gmt":"2024-08-07T10:58:06","slug":"atari-konsolen","status":"publish","type":"page","link":"https:\/\/www.jungsi.de\/en\/konsolen\/atari-konsolen\/","title":{"rendered":"Atari Konsolen"},"content":{"rendered":"<p><\/p>\n\n\n\n<h2 class=\"wp-block-heading has-text-align-center\">Atari Konsolen<\/h2>\n\n\n\n<ul class=\"wp-block-list\">\n<li><a href=\"https:\/\/www.jungsi.de\/en\/konsolen\/atari-konsolen\/atari-2600\/\" data-type=\"page\" data-id=\"18246\">Atari VCS<\/a><\/li>\n\n\n\n<li><a href=\"https:\/\/www.jungsi.de\/en\/konsolen\/atari-konsolen\/atari-7800\/\" data-type=\"page\" data-id=\"23546\">Atari 7800<\/a><\/li>\n\n\n\n<li><a href=\"https:\/\/www.jungsi.de\/en\/konsolen\/atari-konsolen\/atari-jaguar\/\" data-type=\"page\" data-id=\"18475\">Atari Jaguar<\/a><\/li>\n<\/ul>\n\n\n\n<h3 class=\"wp-block-heading\">Geschichte von Atari und deren Spielekonsolen<\/h3>\n\n\n\n<p><strong>Gr\u00fcndung und Fr\u00fche Jahre (1972-1976)<\/strong>:<\/p>\n\n\n\n<ul class=\"wp-block-list\">\n<li><strong>Gr\u00fcndung<\/strong>: Atari, Inc. wurde 1972 von Nolan Bushnell und Ted Dabney gegr\u00fcndet. Das Unternehmen wurde schnell durch die Ver\u00f6ffentlichung des Arcade-Spiels <strong>Pong<\/strong> bekannt, das zu einem riesigen Erfolg wurde und Atari als Pionier im Bereich Videospiele etablierte.<\/li>\n<\/ul>\n\n\n\n<p><strong>Atari 2600 (1977)<\/strong>:<\/p>\n\n\n\n<ul class=\"wp-block-list\">\n<li><strong>Einf\u00fchrung<\/strong>: 1977 brachte Atari die <strong>Atari 2600<\/strong> (urspr\u00fcnglich als Atari VCS bekannt) auf den Markt. Die Konsole war revolution\u00e4r, da sie Spiele in Form von ROM-Kassetten nutzte, was eine Vielzahl von Spielen auf einem einzigen System erm\u00f6glichte.<\/li>\n\n\n\n<li><strong>Beliebte Spiele<\/strong>: Spiele wie <strong>Space Invaders<\/strong>, <strong>Pitfall!<\/strong>, und <strong>Adventure<\/strong> machten die Konsole unglaublich popul\u00e4r.<\/li>\n\n\n\n<li><strong>Markterfolg<\/strong>: Die Atari 2600 wurde zu einer der meistverkauften Spielekonsolen ihrer Zeit und pr\u00e4gte die Videospielkultur der sp\u00e4ten 1970er und fr\u00fchen 1980er Jahre.<\/li>\n<\/ul>\n\n\n\n<p><strong>Expansion und \u00dcbernahme (1978-1982)<\/strong>:<\/p>\n\n\n\n<ul class=\"wp-block-list\">\n<li><strong>Warner Communications<\/strong>: 1976 wurde Atari von Warner Communications \u00fcbernommen, was dem Unternehmen die Ressourcen gab, weiter zu expandieren und in Forschung und Entwicklung zu investieren.<\/li>\n\n\n\n<li><strong>Neue Modelle<\/strong>: Atari brachte weitere Konsolen wie die Atari 5200 auf den Markt, die jedoch nicht den gleichen Erfolg wie die 2600 erzielten.<\/li>\n<\/ul>\n\n\n\n<p><strong>Videospiel-Crash und Krise (1983-1984)<\/strong>:<\/p>\n\n\n\n<ul class=\"wp-block-list\">\n<li><strong>Markt\u00fcbers\u00e4ttigung<\/strong>: Die Flut an minderwertigen Spielen und \u00fcbertriebenen Erwartungen f\u00fchrten 1983 zum Videospiel-Crash. Atari war stark betroffen, da viele ihrer Spiele Ladenh\u00fcter wurden.<\/li>\n\n\n\n<li><strong>Finanzielle Schwierigkeiten<\/strong>: Die Verluste und das misslungene <strong>E.T. the Extra-Terrestrial<\/strong> Spiel f\u00fchrten zu erheblichen finanziellen Problemen. Warner Communications entschied sich, Atari 1984 in zwei Unternehmen aufzuteilen: Atari Corporation (Konsolen und Heimcomputer) und Atari Games (Arcade-Spiele).<\/li>\n<\/ul>\n\n\n\n<p><strong>Neue Generationen (1985-1993)<\/strong>:<\/p>\n\n\n\n<ul class=\"wp-block-list\">\n<li><strong>Atari 7800<\/strong>: 1986 wurde die Atari 7800 ver\u00f6ffentlicht, die r\u00fcckw\u00e4rtskompatibel zur 2600 war, aber die Konkurrenz durch das Nintendo Entertainment System (NES) war stark.<\/li>\n\n\n\n<li><strong>Atari Lynx<\/strong>: 1989 brachte Atari den Atari Lynx heraus, den ersten Handheld mit Farbdisplay. Trotz innovativer Technologie konnte er sich gegen den Game Boy von Nintendo nicht durchsetzen.<\/li>\n\n\n\n<li><strong>Atari Jaguar<\/strong>: 1993 f\u00fchrte Atari den Atari Jaguar ein, der als erste 64-Bit-Konsole beworben wurde. Er konnte jedoch weder kommerziell noch technologisch gegen die Konkurrenz wie Sega und Sony bestehen.<\/li>\n<\/ul>\n\n\n\n<p><strong>R\u00fcckzug und Erbe (1996-Heute)<\/strong>:<\/p>\n\n\n\n<ul class=\"wp-block-list\">\n<li><strong>Ende der Konsolenproduktion<\/strong>: Nach dem Misserfolg des Jaguar zog sich Atari aus dem Konsolengesch\u00e4ft zur\u00fcck und konzentrierte sich auf andere Gesch\u00e4ftsbereiche.<\/li>\n\n\n\n<li><strong>\u00dcbernahmen und Markenverwendung<\/strong>: Atari wurde mehrmals \u00fcbernommen und die Marke Atari wurde f\u00fcr verschiedene Produkte und Retro-Gaming-Initiativen verwendet.<\/li>\n\n\n\n<li><strong>Retro-Konsolen und Neuauflagen<\/strong>: In den letzten Jahren wurden unter dem Namen Atari mehrere Retro-Konsolen und Sammlungen von klassischen Spielen ver\u00f6ffentlicht, um die Nostalgie der urspr\u00fcnglichen Atari-\u00c4ra zu nutzen.<\/li>\n<\/ul>\n\n\n\n<p>Die Geschichte von Atari und ihren Spielekonsolen ist gepr\u00e4gt von Innovation und Erfolg, aber auch von Herausforderungen und R\u00fcckschl\u00e4gen. Atari hat einen bleibenden Einfluss auf die Videospielindustrie und bleibt eine ikonische Marke in der Geschichte der Videospiele.<\/p>","protected":false},"excerpt":{"rendered":"<p>Atari Konsolen Geschichte von Atari und deren Spielekonsolen Gr\u00fcndung und Fr\u00fche Jahre (1972-1976): Atari 2600 (1977): Expansion und \u00dcbernahme (1978-1982): Videospiel-Crash und Krise (1983-1984): Neue \u2026<\/p>","protected":false},"author":2,"featured_media":0,"parent":18078,"menu_order":0,"comment_status":"closed","ping_status":"closed","template":"","meta":{"_lmt_disableupdate":"","_lmt_disable":"","ngg_post_thumbnail":0,"jetpack_post_was_ever_published":false,"footnotes":"","_links_to":"","_links_to_target":""},"class_list":["post-28312","page","type-page","status-publish","hentry"],"jetpack_shortlink":"https:\/\/wp.me\/P4eXvk-7mE","jetpack_sharing_enabled":true,"jetpack_likes_enabled":true,"jetpack-related-posts":[{"id":23546,"url":"https:\/\/www.jungsi.de\/en\/konsolen\/atari-konsolen\/atari-7800\/","url_meta":{"origin":28312,"position":0},"title":"Atari 7800","author":"Jungsi","date":"3. November 2019","format":false,"excerpt":"Atari 7800 Atari 7800 Die Geschichte dieser Konsole ist lang, denn ihre Entwicklung begann bereits im Herbst 1982, als das Atari VCS 2600 noch verkauft wurde. Nach dem wenig erfolgreichen Atari 5200, das m\u00f6glicherweise an der fehlenden Kompatibilit\u00e4t mit dem VCS litt, wurde das Atari 7800 im Mai 1984 auf\u2026","rel":"","context":"Similar post","block_context":{"text":"Similar post","link":""},"img":{"alt_text":"","src":"https:\/\/i0.wp.com\/www.jungsi.de\/blog\/wp-content\/uploads\/Atari-7800-seitlich.jpg?resize=350%2C200&ssl=1","width":350,"height":200,"srcset":"https:\/\/i0.wp.com\/www.jungsi.de\/blog\/wp-content\/uploads\/Atari-7800-seitlich.jpg?resize=350%2C200&ssl=1 1x, https:\/\/i0.wp.com\/www.jungsi.de\/blog\/wp-content\/uploads\/Atari-7800-seitlich.jpg?resize=525%2C300&ssl=1 1.5x, https:\/\/i0.wp.com\/www.jungsi.de\/blog\/wp-content\/uploads\/Atari-7800-seitlich.jpg?resize=700%2C400&ssl=1 2x, https:\/\/i0.wp.com\/www.jungsi.de\/blog\/wp-content\/uploads\/Atari-7800-seitlich.jpg?resize=1050%2C600&ssl=1 3x, https:\/\/i0.wp.com\/www.jungsi.de\/blog\/wp-content\/uploads\/Atari-7800-seitlich.jpg?resize=1400%2C800&ssl=1 4x"},"classes":[]},{"id":18475,"url":"https:\/\/www.jungsi.de\/en\/konsolen\/atari-konsolen\/atari-jaguar\/","url_meta":{"origin":28312,"position":1},"title":"Atari Jaguar","author":"Jungsi","date":"15. September 2017","format":false,"excerpt":"Atari Jaguar Atari Jaguar mit Controller Die letzte und sechste Videospielkonsole von Atari, der Atari Jaguar, ausgestattet mit dem Motorola MC68000 Prozessor, war ein kommerzieller Misserfolg. Es wurden zwischen 125.000 und 250.000 Einheiten verkauft. Die mehr als 100 Spiele f\u00fcr die Konsole erwiesen sich gr\u00f6\u00dftenteils als Klone oder Kopien anderer\u2026","rel":"","context":"Similar post","block_context":{"text":"Similar post","link":""},"img":{"alt_text":"Atari Jaguar mit Controller","src":"https:\/\/i0.wp.com\/www.jungsi.de\/blog\/wp-content\/uploads\/Aari-Jaguar-mit-Controller.jpg?resize=350%2C200&ssl=1","width":350,"height":200,"srcset":"https:\/\/i0.wp.com\/www.jungsi.de\/blog\/wp-content\/uploads\/Aari-Jaguar-mit-Controller.jpg?resize=350%2C200&ssl=1 1x, https:\/\/i0.wp.com\/www.jungsi.de\/blog\/wp-content\/uploads\/Aari-Jaguar-mit-Controller.jpg?resize=525%2C300&ssl=1 1.5x, https:\/\/i0.wp.com\/www.jungsi.de\/blog\/wp-content\/uploads\/Aari-Jaguar-mit-Controller.jpg?resize=700%2C400&ssl=1 2x"},"classes":[]},{"id":19672,"url":"https:\/\/www.jungsi.de\/en\/handheld-konsolen\/atari-lynx\/","url_meta":{"origin":28312,"position":2},"title":"Atari Lynx","author":"Jungsi","date":"25. February 2018","format":false,"excerpt":"Atari Lynx Hardware und Zubeh\u00f6r Atari Lynx Atari Lynx II Die Geschichte des Atari Lynx ist besonders wegen seiner Entstehung bemerkenswert. Der renommierte Spieleentwickler und Publisher Epyx beschloss 1987, eine Handheld-Konsole zu entwickeln, und holte daf\u00fcr die Amiga-Entwickler Dave Needle und R.J. Mical ins Team. Sie brachten das Projekt \"Handy\"\u2026","rel":"","context":"Similar post","block_context":{"text":"Similar post","link":""},"img":{"alt_text":"","src":"https:\/\/i0.wp.com\/www.jungsi.de\/blog\/wp-content\/uploads\/Lynx-vorne-schr%C3%A4g-oben.jpg?resize=350%2C200&ssl=1","width":350,"height":200,"srcset":"https:\/\/i0.wp.com\/www.jungsi.de\/blog\/wp-content\/uploads\/Lynx-vorne-schr%C3%A4g-oben.jpg?resize=350%2C200&ssl=1 1x, https:\/\/i0.wp.com\/www.jungsi.de\/blog\/wp-content\/uploads\/Lynx-vorne-schr%C3%A4g-oben.jpg?resize=525%2C300&ssl=1 1.5x, https:\/\/i0.wp.com\/www.jungsi.de\/blog\/wp-content\/uploads\/Lynx-vorne-schr%C3%A4g-oben.jpg?resize=700%2C400&ssl=1 2x, https:\/\/i0.wp.com\/www.jungsi.de\/blog\/wp-content\/uploads\/Lynx-vorne-schr%C3%A4g-oben.jpg?resize=1050%2C600&ssl=1 3x, https:\/\/i0.wp.com\/www.jungsi.de\/blog\/wp-content\/uploads\/Lynx-vorne-schr%C3%A4g-oben.jpg?resize=1400%2C800&ssl=1 4x"},"classes":[]},{"id":35159,"url":"https:\/\/www.jungsi.de\/en\/konsolen-emulator\/","url_meta":{"origin":28312,"position":3},"title":"Konsolen-Emulator","author":"Jungsi","date":"18. January 2025","format":false,"excerpt":"Hier eine Liste meiner Konsolen, die auf Emulatoren basieren (oft als \u201aMini\u2018-Version erh\u00e4ltlich), geordnet nach Erscheinungsdatum. Nintendo Classic Mini (2016) SNES Classic Mini (2017) Neo Geo Mini (2018) PlayStation Classic (2018) Sega Mega Drive Mini (2019) Evercade VS (2021) Sega Mega Drive Mini II (2022) Atari 2600+ (2023) Evercade VS\u2026","rel":"","context":"Similar post","block_context":{"text":"Similar post","link":""},"img":{"alt_text":"Nintendo Classic Mini","src":"https:\/\/i0.wp.com\/www.jungsi.de\/blog\/wp-content\/uploads\/Nintendo-Classic-Mini.jpg?resize=350%2C200&ssl=1","width":350,"height":200,"srcset":"https:\/\/i0.wp.com\/www.jungsi.de\/blog\/wp-content\/uploads\/Nintendo-Classic-Mini.jpg?resize=350%2C200&ssl=1 1x, https:\/\/i0.wp.com\/www.jungsi.de\/blog\/wp-content\/uploads\/Nintendo-Classic-Mini.jpg?resize=525%2C300&ssl=1 1.5x, https:\/\/i0.wp.com\/www.jungsi.de\/blog\/wp-content\/uploads\/Nintendo-Classic-Mini.jpg?resize=700%2C400&ssl=1 2x, https:\/\/i0.wp.com\/www.jungsi.de\/blog\/wp-content\/uploads\/Nintendo-Classic-Mini.jpg?resize=1050%2C600&ssl=1 3x, https:\/\/i0.wp.com\/www.jungsi.de\/blog\/wp-content\/uploads\/Nintendo-Classic-Mini.jpg?resize=1400%2C800&ssl=1 4x"},"classes":[]},{"id":18281,"url":"https:\/\/www.jungsi.de\/en\/konsolen\/mattel-intellivision\/","url_meta":{"origin":28312,"position":4},"title":"Mattel Intellivision","author":"Jungsi","date":"17. August 2017","format":false,"excerpt":"Mattel Intellivision Mattel Intellivision 1980 brachte der Spielzeugriese Mattel die Konsole Intellivision heraus, w\u00e4hrend Atari mit seinem VCS den Markt dominierte. Intellivision bot eine 16-Bit-CPU, die weit bessere Spiele als die einfache Blockgrafik des VCS erm\u00f6glichte. Mattel setzte dabei auf Sportlizenzen, obwohl der Controller als etwas kompliziert galt. Die Steuerung\u2026","rel":"","context":"Similar post","block_context":{"text":"Similar post","link":""},"img":{"alt_text":"Mattel Intellivision","src":"https:\/\/i0.wp.com\/www.jungsi.de\/blog\/wp-content\/uploads\/matell-intellivison_3.jpg?resize=350%2C200&ssl=1","width":350,"height":200,"srcset":"https:\/\/i0.wp.com\/www.jungsi.de\/blog\/wp-content\/uploads\/matell-intellivison_3.jpg?resize=350%2C200&ssl=1 1x, https:\/\/i0.wp.com\/www.jungsi.de\/blog\/wp-content\/uploads\/matell-intellivison_3.jpg?resize=525%2C300&ssl=1 1.5x, https:\/\/i0.wp.com\/www.jungsi.de\/blog\/wp-content\/uploads\/matell-intellivison_3.jpg?resize=700%2C400&ssl=1 2x"},"classes":[]},{"id":33836,"url":"https:\/\/www.jungsi.de\/en\/konsolen\/saba-videoplay\/","url_meta":{"origin":28312,"position":5},"title":"Saba Videoplay","author":"Jungsi","date":"23. October 2024","format":false,"excerpt":"Saba Videoplay Saba Videoplay Das Saba Videoplay ist die deutsche Version des Fairchild Channel F, das 1976 in den USA eingef\u00fchrt wurde. Es war eine der ersten Videospielkonsolen mit austauschbaren Spielmodulen, was damals eine Revolution darstellte. Die Videoplay-Konsole war eine bedeutende Innovation, obwohl sie technisch nicht mit sp\u00e4teren Konsolen wie\u2026","rel":"","context":"Similar post","block_context":{"text":"Similar post","link":""},"img":{"alt_text":"Saba Videoplay","src":"https:\/\/i0.wp.com\/www.jungsi.de\/blog\/wp-content\/uploads\/Saba-Videoplay-Oberseite.jpg?resize=350%2C200&ssl=1","width":350,"height":200,"srcset":"https:\/\/i0.wp.com\/www.jungsi.de\/blog\/wp-content\/uploads\/Saba-Videoplay-Oberseite.jpg?resize=350%2C200&ssl=1 1x, https:\/\/i0.wp.com\/www.jungsi.de\/blog\/wp-content\/uploads\/Saba-Videoplay-Oberseite.jpg?resize=525%2C300&ssl=1 1.5x, https:\/\/i0.wp.com\/www.jungsi.de\/blog\/wp-content\/uploads\/Saba-Videoplay-Oberseite.jpg?resize=700%2C400&ssl=1 2x, https:\/\/i0.wp.com\/www.jungsi.de\/blog\/wp-content\/uploads\/Saba-Videoplay-Oberseite.jpg?resize=1050%2C600&ssl=1 3x"},"classes":[]}],"_links":{"self":[{"href":"https:\/\/www.jungsi.de\/en\/wp-json\/wp\/v2\/pages\/28312","targetHints":{"allow":["GET"]}}],"collection":[{"href":"https:\/\/www.jungsi.de\/en\/wp-json\/wp\/v2\/pages"}],"about":[{"href":"https:\/\/www.jungsi.de\/en\/wp-json\/wp\/v2\/types\/page"}],"author":[{"embeddable":true,"href":"https:\/\/www.jungsi.de\/en\/wp-json\/wp\/v2\/users\/2"}],"replies":[{"embeddable":true,"href":"https:\/\/www.jungsi.de\/en\/wp-json\/wp\/v2\/comments?post=28312"}],"version-history":[{"count":0,"href":"https:\/\/www.jungsi.de\/en\/wp-json\/wp\/v2\/pages\/28312\/revisions"}],"up":[{"embeddable":true,"href":"https:\/\/www.jungsi.de\/en\/wp-json\/wp\/v2\/pages\/18078"}],"wp:attachment":[{"href":"https:\/\/www.jungsi.de\/en\/wp-json\/wp\/v2\/media?parent=28312"}],"curies":[{"name":"wp","href":"https:\/\/api.w.org\/{rel}","templated":true}]}}