{"id":28164,"date":"2023-01-15T18:04:41","date_gmt":"2023-01-15T17:04:41","guid":{"rendered":"https:\/\/www.jungsi.de\/?page_id=28164"},"modified":"2023-09-03T10:46:22","modified_gmt":"2023-09-03T08:46:22","slug":"schneider","status":"publish","type":"page","link":"https:\/\/www.jungsi.de\/en\/die-sammlung\/literatur\/schneider\/","title":{"rendered":"Schneider"},"content":{"rendered":"<h2 class=\"wp-block-heading has-text-align-center\"><br><strong>Schneider Literatur<\/strong><\/h2>\n\n\n\n<p>Links zu anderer Schneider Literatur<br>&#8211; <a rel=\"noreferrer noopener\" href=\"https:\/\/www.jungsi.de\/en\/die-sammlung\/literatur\/schneider\/colour-personal-computing\/\" data-type=\"link\" data-id=\"https:\/\/www.jungsi.de\/die-sammlung\/literatur\/schneider\/colour-personal-computing\/\" target=\"_blank\">Color Personal Computing<\/a><br>&#8211; <a href=\"https:\/\/www.jungsi.de\/en\/die-sammlung\/literatur\/schneider\/cpc-schneider-international\/\" data-type=\"link\" data-id=\"https:\/\/www.jungsi.de\/die-sammlung\/literatur\/schneider\/cpc-schneider-international\/\" target=\"_blank\" rel=\"noreferrer noopener\">CPC Schneider International<\/a><\/p>\n\n\n\n<h3 class=\"wp-block-heading has-text-align-center\"><strong>Schneider Original Literatur<\/strong><\/h3>\n\n\n\n<figure class=\"wp-block-gallery has-nested-images columns-default is-cropped wp-block-gallery-1 is-layout-flex wp-block-gallery-is-layout-flex\">\n<figure class=\"wp-block-image size-large\"><img loading=\"lazy\" decoding=\"async\" width=\"768\" height=\"1024\" data-attachment-id=\"30489\" data-permalink=\"https:\/\/www.jungsi.de\/en\/die-sammlung\/literatur\/schneider\/bedienungshandbuch-cpc-464-vorderseite\/\" data-orig-file=\"https:\/\/www.jungsi.de\/blog\/wp-content\/uploads\/Bedienungshandbuch-CPC-464-Vorderseite.jpg\" data-orig-size=\"1050,1400\" data-comments-opened=\"1\" data-image-meta=\"{&quot;aperture&quot;:&quot;1.8&quot;,&quot;credit&quot;:&quot;&quot;,&quot;camera&quot;:&quot;iPad Pro (12.9-inch) (4th generation)&quot;,&quot;caption&quot;:&quot;&quot;,&quot;created_timestamp&quot;:&quot;1692981969&quot;,&quot;copyright&quot;:&quot;&quot;,&quot;focal_length&quot;:&quot;3&quot;,&quot;iso&quot;:&quot;64&quot;,&quot;shutter_speed&quot;:&quot;0.0081967213114754&quot;,&quot;title&quot;:&quot;&quot;,&quot;orientation&quot;:&quot;1&quot;}\" data-image-title=\"Bedienungshandbuch-CPC-464-Vorderseite\" data-image-description=\"\" data-image-caption=\"\" data-large-file=\"https:\/\/www.jungsi.de\/blog\/wp-content\/uploads\/Bedienungshandbuch-CPC-464-Vorderseite-768x1024.jpg\" data-id=\"30489\" src=\"https:\/\/www.jungsi.de\/blog\/wp-content\/uploads\/Bedienungshandbuch-CPC-464-Vorderseite-768x1024.jpg\" alt=\"\" class=\"wp-image-30489\" srcset=\"https:\/\/www.jungsi.de\/blog\/wp-content\/uploads\/Bedienungshandbuch-CPC-464-Vorderseite-768x1024.jpg 768w, https:\/\/www.jungsi.de\/blog\/wp-content\/uploads\/Bedienungshandbuch-CPC-464-Vorderseite-225x300.jpg 225w, https:\/\/www.jungsi.de\/blog\/wp-content\/uploads\/Bedienungshandbuch-CPC-464-Vorderseite.jpg 1050w\" sizes=\"auto, (max-width: 768px) 100vw, 768px\" \/><\/figure>\n\n\n\n<figure class=\"wp-block-image size-large\"><img loading=\"lazy\" decoding=\"async\" width=\"768\" height=\"1024\" data-attachment-id=\"30487\" data-permalink=\"https:\/\/www.jungsi.de\/en\/die-sammlung\/literatur\/schneider\/benutzerhandbuch-diskettenlaufwerk-und-interface-ddi-1\/\" data-orig-file=\"https:\/\/www.jungsi.de\/blog\/wp-content\/uploads\/Benutzerhandbuch-Diskettenlaufwerk-und-Interface-DDI-1.jpg\" data-orig-size=\"1050,1400\" data-comments-opened=\"1\" data-image-meta=\"{&quot;aperture&quot;:&quot;1.8&quot;,&quot;credit&quot;:&quot;&quot;,&quot;camera&quot;:&quot;iPad Pro (12.9-inch) (4th generation)&quot;,&quot;caption&quot;:&quot;&quot;,&quot;created_timestamp&quot;:&quot;1692981976&quot;,&quot;copyright&quot;:&quot;&quot;,&quot;focal_length&quot;:&quot;3&quot;,&quot;iso&quot;:&quot;64&quot;,&quot;shutter_speed&quot;:&quot;0.0081967213114754&quot;,&quot;title&quot;:&quot;&quot;,&quot;orientation&quot;:&quot;1&quot;}\" data-image-title=\"Benutzerhandbuch-Diskettenlaufwerk-und-Interface-DDI-1\" data-image-description=\"\" data-image-caption=\"\" data-large-file=\"https:\/\/www.jungsi.de\/blog\/wp-content\/uploads\/Benutzerhandbuch-Diskettenlaufwerk-und-Interface-DDI-1-768x1024.jpg\" data-id=\"30487\" src=\"https:\/\/www.jungsi.de\/blog\/wp-content\/uploads\/Benutzerhandbuch-Diskettenlaufwerk-und-Interface-DDI-1-768x1024.jpg\" alt=\"\" class=\"wp-image-30487\" srcset=\"https:\/\/www.jungsi.de\/blog\/wp-content\/uploads\/Benutzerhandbuch-Diskettenlaufwerk-und-Interface-DDI-1-768x1024.jpg 768w, https:\/\/www.jungsi.de\/blog\/wp-content\/uploads\/Benutzerhandbuch-Diskettenlaufwerk-und-Interface-DDI-1-225x300.jpg 225w, https:\/\/www.jungsi.de\/blog\/wp-content\/uploads\/Benutzerhandbuch-Diskettenlaufwerk-und-Interface-DDI-1.jpg 1050w\" sizes=\"auto, (max-width: 768px) 100vw, 768px\" \/><\/figure>\n\n\n\n<figure class=\"wp-block-image size-large\"><img loading=\"lazy\" decoding=\"async\" width=\"768\" height=\"1024\" data-attachment-id=\"30485\" data-permalink=\"https:\/\/www.jungsi.de\/en\/die-sammlung\/literatur\/schneider\/cpc-464-fuer-einsteiger\/\" data-orig-file=\"https:\/\/www.jungsi.de\/blog\/wp-content\/uploads\/CPC-464-fuer-Einsteiger.jpg\" data-orig-size=\"1050,1400\" data-comments-opened=\"1\" data-image-meta=\"{&quot;aperture&quot;:&quot;1.8&quot;,&quot;credit&quot;:&quot;&quot;,&quot;camera&quot;:&quot;iPad Pro (12.9-inch) (4th generation)&quot;,&quot;caption&quot;:&quot;&quot;,&quot;created_timestamp&quot;:&quot;1692982034&quot;,&quot;copyright&quot;:&quot;&quot;,&quot;focal_length&quot;:&quot;3&quot;,&quot;iso&quot;:&quot;40&quot;,&quot;shutter_speed&quot;:&quot;0.0081967213114754&quot;,&quot;title&quot;:&quot;&quot;,&quot;orientation&quot;:&quot;1&quot;}\" data-image-title=\"CPC-464-fuer-Einsteiger\" data-image-description=\"\" data-image-caption=\"\" data-large-file=\"https:\/\/www.jungsi.de\/blog\/wp-content\/uploads\/CPC-464-fuer-Einsteiger-768x1024.jpg\" data-id=\"30485\" src=\"https:\/\/www.jungsi.de\/blog\/wp-content\/uploads\/CPC-464-fuer-Einsteiger-768x1024.jpg\" alt=\"\" class=\"wp-image-30485\" srcset=\"https:\/\/www.jungsi.de\/blog\/wp-content\/uploads\/CPC-464-fuer-Einsteiger-768x1024.jpg 768w, https:\/\/www.jungsi.de\/blog\/wp-content\/uploads\/CPC-464-fuer-Einsteiger-225x300.jpg 225w, https:\/\/www.jungsi.de\/blog\/wp-content\/uploads\/CPC-464-fuer-Einsteiger.jpg 1050w\" sizes=\"auto, (max-width: 768px) 100vw, 768px\" \/><\/figure>\n\n\n\n<figure class=\"wp-block-image size-large\"><img loading=\"lazy\" decoding=\"async\" width=\"768\" height=\"1024\" data-attachment-id=\"30486\" data-permalink=\"https:\/\/www.jungsi.de\/en\/die-sammlung\/literatur\/schneider\/cpc-464-tips-tricks\/\" data-orig-file=\"https:\/\/www.jungsi.de\/blog\/wp-content\/uploads\/CPC-464-Tips-Tricks.jpg\" data-orig-size=\"1050,1400\" data-comments-opened=\"1\" data-image-meta=\"{&quot;aperture&quot;:&quot;1.8&quot;,&quot;credit&quot;:&quot;&quot;,&quot;camera&quot;:&quot;iPad Pro (12.9-inch) (4th generation)&quot;,&quot;caption&quot;:&quot;&quot;,&quot;created_timestamp&quot;:&quot;1692981986&quot;,&quot;copyright&quot;:&quot;&quot;,&quot;focal_length&quot;:&quot;3&quot;,&quot;iso&quot;:&quot;32&quot;,&quot;shutter_speed&quot;:&quot;0.0081967213114754&quot;,&quot;title&quot;:&quot;&quot;,&quot;orientation&quot;:&quot;1&quot;}\" data-image-title=\"CPC-464-Tips-Tricks\" data-image-description=\"\" data-image-caption=\"\" data-large-file=\"https:\/\/www.jungsi.de\/blog\/wp-content\/uploads\/CPC-464-Tips-Tricks-768x1024.jpg\" data-id=\"30486\" src=\"https:\/\/www.jungsi.de\/blog\/wp-content\/uploads\/CPC-464-Tips-Tricks-768x1024.jpg\" alt=\"\" class=\"wp-image-30486\" srcset=\"https:\/\/www.jungsi.de\/blog\/wp-content\/uploads\/CPC-464-Tips-Tricks-768x1024.jpg 768w, https:\/\/www.jungsi.de\/blog\/wp-content\/uploads\/CPC-464-Tips-Tricks-225x300.jpg 225w, https:\/\/www.jungsi.de\/blog\/wp-content\/uploads\/CPC-464-Tips-Tricks.jpg 1050w\" sizes=\"auto, (max-width: 768px) 100vw, 768px\" \/><\/figure>\n\n\n\n<figure class=\"wp-block-image size-large\"><img loading=\"lazy\" decoding=\"async\" width=\"768\" height=\"1024\" data-attachment-id=\"30490\" data-permalink=\"https:\/\/www.jungsi.de\/en\/die-sammlung\/literatur\/schneider\/das-grosse-floppy-buch-cpc\/\" data-orig-file=\"https:\/\/www.jungsi.de\/blog\/wp-content\/uploads\/Das-grosse-Floppy-Buch-CPC.jpg\" data-orig-size=\"1050,1400\" data-comments-opened=\"1\" data-image-meta=\"{&quot;aperture&quot;:&quot;1.8&quot;,&quot;credit&quot;:&quot;&quot;,&quot;camera&quot;:&quot;iPad Pro (12.9-inch) (4th generation)&quot;,&quot;caption&quot;:&quot;&quot;,&quot;created_timestamp&quot;:&quot;1692981999&quot;,&quot;copyright&quot;:&quot;&quot;,&quot;focal_length&quot;:&quot;3&quot;,&quot;iso&quot;:&quot;32&quot;,&quot;shutter_speed&quot;:&quot;0.0081967213114754&quot;,&quot;title&quot;:&quot;&quot;,&quot;orientation&quot;:&quot;1&quot;}\" data-image-title=\"Das-grosse-Floppy-Buch-CPC\" data-image-description=\"\" data-image-caption=\"\" data-large-file=\"https:\/\/www.jungsi.de\/blog\/wp-content\/uploads\/Das-grosse-Floppy-Buch-CPC-768x1024.jpg\" data-id=\"30490\" src=\"https:\/\/www.jungsi.de\/blog\/wp-content\/uploads\/Das-grosse-Floppy-Buch-CPC-768x1024.jpg\" alt=\"\" class=\"wp-image-30490\" srcset=\"https:\/\/www.jungsi.de\/blog\/wp-content\/uploads\/Das-grosse-Floppy-Buch-CPC-768x1024.jpg 768w, https:\/\/www.jungsi.de\/blog\/wp-content\/uploads\/Das-grosse-Floppy-Buch-CPC-225x300.jpg 225w, https:\/\/www.jungsi.de\/blog\/wp-content\/uploads\/Das-grosse-Floppy-Buch-CPC.jpg 1050w\" sizes=\"auto, (max-width: 768px) 100vw, 768px\" \/><\/figure>\n\n\n\n<figure class=\"wp-block-image size-large\"><img loading=\"lazy\" decoding=\"async\" width=\"768\" height=\"1024\" data-attachment-id=\"30484\" data-permalink=\"https:\/\/www.jungsi.de\/en\/die-sammlung\/literatur\/schneider\/das-maschinensprachebuch-zum-cpc-464\/\" data-orig-file=\"https:\/\/www.jungsi.de\/blog\/wp-content\/uploads\/Das-Maschinensprachebuch-zum-CPC-464.jpg\" data-orig-size=\"1050,1400\" data-comments-opened=\"1\" data-image-meta=\"{&quot;aperture&quot;:&quot;1.8&quot;,&quot;credit&quot;:&quot;&quot;,&quot;camera&quot;:&quot;iPad Pro (12.9-inch) (4th generation)&quot;,&quot;caption&quot;:&quot;&quot;,&quot;created_timestamp&quot;:&quot;1692982012&quot;,&quot;copyright&quot;:&quot;&quot;,&quot;focal_length&quot;:&quot;3&quot;,&quot;iso&quot;:&quot;32&quot;,&quot;shutter_speed&quot;:&quot;0.0081967213114754&quot;,&quot;title&quot;:&quot;&quot;,&quot;orientation&quot;:&quot;1&quot;}\" data-image-title=\"Das-Maschinensprachebuch-zum-CPC-464\" data-image-description=\"\" data-image-caption=\"\" data-large-file=\"https:\/\/www.jungsi.de\/blog\/wp-content\/uploads\/Das-Maschinensprachebuch-zum-CPC-464-768x1024.jpg\" data-id=\"30484\" src=\"https:\/\/www.jungsi.de\/blog\/wp-content\/uploads\/Das-Maschinensprachebuch-zum-CPC-464-768x1024.jpg\" alt=\"\" class=\"wp-image-30484\" srcset=\"https:\/\/www.jungsi.de\/blog\/wp-content\/uploads\/Das-Maschinensprachebuch-zum-CPC-464-768x1024.jpg 768w, https:\/\/www.jungsi.de\/blog\/wp-content\/uploads\/Das-Maschinensprachebuch-zum-CPC-464-225x300.jpg 225w, https:\/\/www.jungsi.de\/blog\/wp-content\/uploads\/Das-Maschinensprachebuch-zum-CPC-464.jpg 1050w\" sizes=\"auto, (max-width: 768px) 100vw, 768px\" \/><\/figure>\n\n\n\n<figure class=\"wp-block-image size-large\"><img loading=\"lazy\" decoding=\"async\" width=\"768\" height=\"1024\" data-attachment-id=\"30488\" data-permalink=\"https:\/\/www.jungsi.de\/en\/die-sammlung\/literatur\/schneider\/peeks-pokes-zum-cpc\/\" data-orig-file=\"https:\/\/www.jungsi.de\/blog\/wp-content\/uploads\/Peeks-Pokes-zum-CPC.jpg\" data-orig-size=\"1050,1400\" data-comments-opened=\"1\" data-image-meta=\"{&quot;aperture&quot;:&quot;1.8&quot;,&quot;credit&quot;:&quot;&quot;,&quot;camera&quot;:&quot;iPad Pro (12.9-inch) (4th generation)&quot;,&quot;caption&quot;:&quot;&quot;,&quot;created_timestamp&quot;:&quot;1692982024&quot;,&quot;copyright&quot;:&quot;&quot;,&quot;focal_length&quot;:&quot;3&quot;,&quot;iso&quot;:&quot;32&quot;,&quot;shutter_speed&quot;:&quot;0.0081967213114754&quot;,&quot;title&quot;:&quot;&quot;,&quot;orientation&quot;:&quot;1&quot;}\" data-image-title=\"Peeks-Pokes-zum-CPC\" data-image-description=\"\" data-image-caption=\"\" data-large-file=\"https:\/\/www.jungsi.de\/blog\/wp-content\/uploads\/Peeks-Pokes-zum-CPC-768x1024.jpg\" data-id=\"30488\" src=\"https:\/\/www.jungsi.de\/blog\/wp-content\/uploads\/Peeks-Pokes-zum-CPC-768x1024.jpg\" alt=\"\" class=\"wp-image-30488\" srcset=\"https:\/\/www.jungsi.de\/blog\/wp-content\/uploads\/Peeks-Pokes-zum-CPC-768x1024.jpg 768w, https:\/\/www.jungsi.de\/blog\/wp-content\/uploads\/Peeks-Pokes-zum-CPC-225x300.jpg 225w, https:\/\/www.jungsi.de\/blog\/wp-content\/uploads\/Peeks-Pokes-zum-CPC.jpg 1050w\" sizes=\"auto, (max-width: 768px) 100vw, 768px\" \/><\/figure>\n<\/figure>","protected":false},"excerpt":{"rendered":"<p>Schneider Literatur Links zu anderer Schneider Literatur&#8211; Color Personal Computing&#8211; CPC Schneider International Schneider Original Literatur<\/p>","protected":false},"author":2,"featured_media":30484,"parent":1521,"menu_order":0,"comment_status":"closed","ping_status":"closed","template":"","meta":{"_lmt_disableupdate":"","_lmt_disable":"","ngg_post_thumbnail":0,"jetpack_post_was_ever_published":false,"footnotes":"","_links_to":"","_links_to_target":""},"class_list":["post-28164","page","type-page","status-publish","has-post-thumbnail","hentry"],"jetpack_shortlink":"https:\/\/wp.me\/P4eXvk-7kg","jetpack_sharing_enabled":true,"jetpack_likes_enabled":true,"jetpack-related-posts":[{"id":28166,"url":"https:\/\/www.jungsi.de\/en\/die-sammlung\/literatur\/schneider\/cpc-schneider-international\/","url_meta":{"origin":28164,"position":0},"title":"CPC Schneider International","author":"Jungsi","date":"15. January 2023","format":false,"excerpt":"CPC Schneider International CPC Schneider International war ein deutschsprachiges Fachmagazin des DMV (Daten & Medien Verlag, Eschwege) rund um die Schneider\/Amstrad-Rechner (CPC-Serie, sp\u00e4ter auch PCW\/PC). Start im M\u00e4rz 1985, monatlich, mit Tests, News, Programm-Listings, Lernserien und einer DIY-Hardware-Rubrik \u201eSchneiderware\u201c; im Lauf der Jahre wechselte der Titel mehrfach (u. a. CPC\u2026","rel":"","context":"Similar post","block_context":{"text":"Similar post","link":""},"img":{"alt_text":"PC Schneider International 01\/1989","src":"https:\/\/i0.wp.com\/www.jungsi.de\/blog\/wp-content\/uploads\/CPC-Schneider-International-01_1989.jpg?resize=350%2C200&ssl=1","width":350,"height":200,"srcset":"https:\/\/i0.wp.com\/www.jungsi.de\/blog\/wp-content\/uploads\/CPC-Schneider-International-01_1989.jpg?resize=350%2C200&ssl=1 1x, https:\/\/i0.wp.com\/www.jungsi.de\/blog\/wp-content\/uploads\/CPC-Schneider-International-01_1989.jpg?resize=525%2C300&ssl=1 1.5x, https:\/\/i0.wp.com\/www.jungsi.de\/blog\/wp-content\/uploads\/CPC-Schneider-International-01_1989.jpg?resize=700%2C400&ssl=1 2x, https:\/\/i0.wp.com\/www.jungsi.de\/blog\/wp-content\/uploads\/CPC-Schneider-International-01_1989.jpg?resize=1050%2C600&ssl=1 3x"},"classes":[]},{"id":29047,"url":"https:\/\/www.jungsi.de\/en\/heimcomputer\/schneider-amstrad\/","url_meta":{"origin":28164,"position":1},"title":"Schneider\/Amstrad","author":"Jungsi","date":"6. February 2023","format":false,"excerpt":"Schneider\/Amstrad Schneider CPC-Reihe Schneider Joyce Geschichte der Firma Schneider in Bezug auf Heimcomputer und deren Beziehung zu Amstrad Einf\u00fchrung und Hintergrund (1938-1983): Gr\u00fcndung und fr\u00fche Jahre: Die Schneider Rundfunkwerke AG wurde 1938 in T\u00fcrkheim, Deutschland, gegr\u00fcndet und etablierte sich als Hersteller von Radio- und Fernsehempf\u00e4ngern. In den 1970er und fr\u00fchen\u2026","rel":"","context":"Similar post","block_context":{"text":"Similar post","link":""},"img":{"alt_text":"","src":"","width":0,"height":0},"classes":[]},{"id":11329,"url":"https:\/\/www.jungsi.de\/en\/heimcomputer\/schneider-amstrad\/schneider-cpc-und-zuebhoer\/","url_meta":{"origin":28164,"position":2},"title":"Amstrad\/Schneider CPC","author":"Jungsi","date":"8. August 2015","format":false,"excerpt":"Amstrad\/Schneider CPC Amstrad CPC 464 Schneider CPC464 Schneider CPC6128 Der CPC 6128 ist mit einem eingebauten Diskettenlaufwerk statt eines Bandger\u00e4ts ausgestattet. Ein Kassettenlaufwerk kann weiterhin extern hinzugef\u00fcgt werden. Eine weitere Verbesserung ist der Speicher, der jetzt zwei 64K-B\u00e4nke mit insgesamt 128 KB nutzt.Das interne Diskettenlaufwerk erlaubt die Nutzung von CP\/M\u2026","rel":"","context":"With 2 comments","block_context":{"text":"With 2 comments","link":"https:\/\/www.jungsi.de\/en\/heimcomputer\/schneider-amstrad\/schneider-cpc-und-zuebhoer\/#comments"},"img":{"alt_text":"Schneider GT 64","src":"https:\/\/i0.wp.com\/www.jungsi.de\/blog\/wp-content\/uploads\/gt-64.jpg?resize=350%2C200&ssl=1","width":350,"height":200,"srcset":"https:\/\/i0.wp.com\/www.jungsi.de\/blog\/wp-content\/uploads\/gt-64.jpg?resize=350%2C200&ssl=1 1x, https:\/\/i0.wp.com\/www.jungsi.de\/blog\/wp-content\/uploads\/gt-64.jpg?resize=525%2C300&ssl=1 1.5x, https:\/\/i0.wp.com\/www.jungsi.de\/blog\/wp-content\/uploads\/gt-64.jpg?resize=700%2C400&ssl=1 2x"},"classes":[]},{"id":27775,"url":"https:\/\/www.jungsi.de\/en\/heimcomputer\/schneider-amstrad\/schneider-joyce\/","url_meta":{"origin":28164,"position":3},"title":"Schneider Joyce","author":"Jungsi","date":"13. January 2023","format":false,"excerpt":"Schneider Joyce Schneider Joyce 8256 Ein beinahe in Vergessenheit geratenes Ger\u00e4t aus den 1980er Jahren ist der Schneider Joyce. Urspr\u00fcnglich in England von Amstrad entwickelt, wurden die Schneider CPC-Rechner von den Schneider Rundfunkwerken in Deutschland vertrieben. In Gro\u00dfbritannien wurde das Produkt unter dem Namen PCW (Personal Computer for Word Processing)\u2026","rel":"","context":"Similar post","block_context":{"text":"Similar post","link":""},"img":{"alt_text":"Schneider Joyce 8256","src":"https:\/\/i0.wp.com\/www.jungsi.de\/blog\/wp-content\/uploads\/Schneider-Joyce-8256.jpg?resize=350%2C200&ssl=1","width":350,"height":200,"srcset":"https:\/\/i0.wp.com\/www.jungsi.de\/blog\/wp-content\/uploads\/Schneider-Joyce-8256.jpg?resize=350%2C200&ssl=1 1x, https:\/\/i0.wp.com\/www.jungsi.de\/blog\/wp-content\/uploads\/Schneider-Joyce-8256.jpg?resize=525%2C300&ssl=1 1.5x, https:\/\/i0.wp.com\/www.jungsi.de\/blog\/wp-content\/uploads\/Schneider-Joyce-8256.jpg?resize=700%2C400&ssl=1 2x, https:\/\/i0.wp.com\/www.jungsi.de\/blog\/wp-content\/uploads\/Schneider-Joyce-8256.jpg?resize=1050%2C600&ssl=1 3x"},"classes":[]},{"id":27743,"url":"https:\/\/www.jungsi.de\/en\/heimcomputer\/schneider-amstrad\/amstrad-nc100\/","url_meta":{"origin":28164,"position":4},"title":"Amstrad NC100","author":"Jungsi","date":"2. August 2024","format":false,"excerpt":"Amstrad NC100 Amstrad NC100 Der Amstrad NC100 war ein tragbarer A4-Computer, der im Juli 1992 von Amstrad eingef\u00fchrt wurde. Er verf\u00fcgte \u00fcber eine vollst\u00e4ndige Tastatur und einen Bildschirm mit 80 Spalten und 8 Zeilen. Der NC100 beinhaltete das Protext-Textverarbeitungsprogramm, verschiedene Organizer-Funktionen wie ein Tagebuch, ein Adressbuch und einen Zeitmanager sowie\u2026","rel":"","context":"Similar post","block_context":{"text":"Similar post","link":""},"img":{"alt_text":"Amstrad NC100","src":"https:\/\/i0.wp.com\/www.jungsi.de\/blog\/wp-content\/uploads\/Amstrad-NC100.jpg?resize=350%2C200&ssl=1","width":350,"height":200,"srcset":"https:\/\/i0.wp.com\/www.jungsi.de\/blog\/wp-content\/uploads\/Amstrad-NC100.jpg?resize=350%2C200&ssl=1 1x, https:\/\/i0.wp.com\/www.jungsi.de\/blog\/wp-content\/uploads\/Amstrad-NC100.jpg?resize=525%2C300&ssl=1 1.5x, https:\/\/i0.wp.com\/www.jungsi.de\/blog\/wp-content\/uploads\/Amstrad-NC100.jpg?resize=700%2C400&ssl=1 2x, https:\/\/i0.wp.com\/www.jungsi.de\/blog\/wp-content\/uploads\/Amstrad-NC100.jpg?resize=1050%2C600&ssl=1 3x, https:\/\/i0.wp.com\/www.jungsi.de\/blog\/wp-content\/uploads\/Amstrad-NC100.jpg?resize=1400%2C800&ssl=1 4x"},"classes":[]},{"id":1521,"url":"https:\/\/www.jungsi.de\/en\/die-sammlung\/literatur\/","url_meta":{"origin":28164,"position":5},"title":"Literatur","author":"Jungsi","date":"12. September 2012","format":false,"excerpt":"Literatur oder auch die \"Bibliothek\" Lesen begleitet mich seit meiner Kindheit. Ich habe alles verschlungen, was ich in die Finger bekommen habe \u2014 egal ob Comic, Roman oder Magazin. So begann ich bald auch die Ausgaben des P.M. Magazins zu lesen, das mein Bruder abonniert hatte. Da es zu dem\u2026","rel":"","context":"Similar post","block_context":{"text":"Similar post","link":""},"img":{"alt_text":"The unofficial NES\/FAMICOM: a visual compendium","src":"https:\/\/i0.wp.com\/www.jungsi.de\/blog\/wp-content\/uploads\/NES-visual-Compendium.jpg?resize=350%2C200&ssl=1","width":350,"height":200,"srcset":"https:\/\/i0.wp.com\/www.jungsi.de\/blog\/wp-content\/uploads\/NES-visual-Compendium.jpg?resize=350%2C200&ssl=1 1x, https:\/\/i0.wp.com\/www.jungsi.de\/blog\/wp-content\/uploads\/NES-visual-Compendium.jpg?resize=525%2C300&ssl=1 1.5x"},"classes":[]}],"_links":{"self":[{"href":"https:\/\/www.jungsi.de\/en\/wp-json\/wp\/v2\/pages\/28164","targetHints":{"allow":["GET"]}}],"collection":[{"href":"https:\/\/www.jungsi.de\/en\/wp-json\/wp\/v2\/pages"}],"about":[{"href":"https:\/\/www.jungsi.de\/en\/wp-json\/wp\/v2\/types\/page"}],"author":[{"embeddable":true,"href":"https:\/\/www.jungsi.de\/en\/wp-json\/wp\/v2\/users\/2"}],"replies":[{"embeddable":true,"href":"https:\/\/www.jungsi.de\/en\/wp-json\/wp\/v2\/comments?post=28164"}],"version-history":[{"count":0,"href":"https:\/\/www.jungsi.de\/en\/wp-json\/wp\/v2\/pages\/28164\/revisions"}],"up":[{"embeddable":true,"href":"https:\/\/www.jungsi.de\/en\/wp-json\/wp\/v2\/pages\/1521"}],"wp:featuredmedia":[{"embeddable":true,"href":"https:\/\/www.jungsi.de\/en\/wp-json\/wp\/v2\/media\/30484"}],"wp:attachment":[{"href":"https:\/\/www.jungsi.de\/en\/wp-json\/wp\/v2\/media?parent=28164"}],"curies":[{"name":"wp","href":"https:\/\/api.w.org\/{rel}","templated":true}]}}