{"id":27905,"date":"2023-01-14T14:36:04","date_gmt":"2023-01-14T13:36:04","guid":{"rendered":"https:\/\/www.jungsi.de\/?page_id=27905"},"modified":"2023-01-14T14:36:06","modified_gmt":"2023-01-14T13:36:06","slug":"sinclair","status":"publish","type":"page","link":"https:\/\/www.jungsi.de\/en\/die-sammlung\/literatur\/sinclair\/","title":{"rendered":"Sinclair"},"content":{"rendered":"","protected":false},"excerpt":{"rendered":"","protected":false},"author":2,"featured_media":0,"parent":1521,"menu_order":0,"comment_status":"closed","ping_status":"closed","template":"","meta":{"_lmt_disableupdate":"","_lmt_disable":"","ngg_post_thumbnail":0,"jetpack_post_was_ever_published":false,"footnotes":"","_links_to":"","_links_to_target":""},"class_list":["post-27905","page","type-page","status-publish","hentry"],"jetpack_shortlink":"https:\/\/wp.me\/P4eXvk-7g5","jetpack_sharing_enabled":true,"jetpack_likes_enabled":true,"jetpack-related-posts":[{"id":27907,"url":"https:\/\/www.jungsi.de\/en\/die-sammlung\/literatur\/sinclair\/sinclair-zx81\/","url_meta":{"origin":27905,"position":0},"title":"Sinclair ZX81","author":"Jungsi","date":"14. January 2023","format":false,"excerpt":"Sinclair ZX81 35 Programme f\u00fcr den ZX-81 49 Explosive Games for the ZX81 49 explosive Spiele f\u00fcr den Sinclair ZX81 Games For Your ZX81 Learning To Use The ZX81 Computer Sinclair Programme ZX81 Ausgabe 1 Sinclair Programme ZX81 Sinclair Programme ZX81 Ausgabe 3 Neue Spiele und Programme zu ZX 81\u2026","rel":"","context":"Similar post","block_context":{"text":"Similar post","link":""},"img":{"alt_text":"35 Programme f\u00fcr den ZX-81","src":"https:\/\/i0.wp.com\/www.jungsi.de\/blog\/wp-content\/uploads\/35-Programme-fuer-den-ZX-81.jpg?resize=350%2C200&ssl=1","width":350,"height":200,"srcset":"https:\/\/i0.wp.com\/www.jungsi.de\/blog\/wp-content\/uploads\/35-Programme-fuer-den-ZX-81.jpg?resize=350%2C200&ssl=1 1x, https:\/\/i0.wp.com\/www.jungsi.de\/blog\/wp-content\/uploads\/35-Programme-fuer-den-ZX-81.jpg?resize=525%2C300&ssl=1 1.5x, https:\/\/i0.wp.com\/www.jungsi.de\/blog\/wp-content\/uploads\/35-Programme-fuer-den-ZX-81.jpg?resize=700%2C400&ssl=1 2x"},"classes":[]},{"id":29273,"url":"https:\/\/www.jungsi.de\/en\/die-sammlung\/literatur\/sinclair\/sinclair-zx-spectrum\/","url_meta":{"origin":27905,"position":1},"title":"Sinclair ZX Spectrum","author":"Jungsi","date":"13. February 2023","format":false,"excerpt":"Sinclair ZX Spectrum - Alte und Neue B\u00fccher Alte B\u00fccher Sinclair ZX Spectrum - 33 Programme f\u00fcr den Sinclair ZX Spectrum Sinclair ZX Spectrum - BASIC programming Sinclair ZX Spectrum - BASIC Programmierung Sinclair ZX Spectrum - Das Spectrum Buch Programmieren ind Maschinensprache Sinclair ZX Spectrum - der zuverl\u00e4ssige F\u00fchrer\u2026","rel":"","context":"Similar post","block_context":{"text":"Similar post","link":""},"img":{"alt_text":"Sinclair ZX Spectrum - 33 Programme f\u00fcr den Sinclair ZX Spectrum","src":"https:\/\/i0.wp.com\/www.jungsi.de\/blog\/wp-content\/uploads\/Sinclair-ZX-Spectrum-33-Programme-fuer-den-Sinclair-ZX-Spectrum-1.jpg?resize=350%2C200&ssl=1","width":350,"height":200,"srcset":"https:\/\/i0.wp.com\/www.jungsi.de\/blog\/wp-content\/uploads\/Sinclair-ZX-Spectrum-33-Programme-fuer-den-Sinclair-ZX-Spectrum-1.jpg?resize=350%2C200&ssl=1 1x, https:\/\/i0.wp.com\/www.jungsi.de\/blog\/wp-content\/uploads\/Sinclair-ZX-Spectrum-33-Programme-fuer-den-Sinclair-ZX-Spectrum-1.jpg?resize=525%2C300&ssl=1 1.5x"},"classes":[]},{"id":27779,"url":"https:\/\/www.jungsi.de\/en\/heimcomputer\/sinclair\/sinclair-zx80-zx81\/","url_meta":{"origin":27905,"position":2},"title":"Sinclair ZX80\/ZX81","author":"Jungsi","date":"13. January 2023","format":false,"excerpt":"Sinclair ZX80\/ZX81 Sinclair ZX80 Sinclair ZX81 Sinclair ZX81 \u201cFrankenstein\u201d Sinclair ZX81 - Zubeh\u00f6r Sinclair ZX80 Sinclair ZX80 Der ZX 80, der 1980 auf den Markt kam, sorgte f\u00fcr eine Revolution, haupts\u00e4chlich aufgrund seines Preises: Mit 99 Pfund f\u00fcr den Bausatz war er unschlagbar g\u00fcnstig. Zum Verkaufsstart formierten sich sogar Schlangen\u2026","rel":"","context":"Similar post","block_context":{"text":"Similar post","link":""},"img":{"alt_text":"","src":"https:\/\/i0.wp.com\/www.jungsi.de\/blog\/wp-content\/uploads\/Sinclair-ZX81.jpg?resize=350%2C200&ssl=1","width":350,"height":200,"srcset":"https:\/\/i0.wp.com\/www.jungsi.de\/blog\/wp-content\/uploads\/Sinclair-ZX81.jpg?resize=350%2C200&ssl=1 1x, https:\/\/i0.wp.com\/www.jungsi.de\/blog\/wp-content\/uploads\/Sinclair-ZX81.jpg?resize=525%2C300&ssl=1 1.5x, https:\/\/i0.wp.com\/www.jungsi.de\/blog\/wp-content\/uploads\/Sinclair-ZX81.jpg?resize=700%2C400&ssl=1 2x, https:\/\/i0.wp.com\/www.jungsi.de\/blog\/wp-content\/uploads\/Sinclair-ZX81.jpg?resize=1050%2C600&ssl=1 3x, https:\/\/i0.wp.com\/www.jungsi.de\/blog\/wp-content\/uploads\/Sinclair-ZX81.jpg?resize=1400%2C800&ssl=1 4x"},"classes":[]},{"id":27781,"url":"https:\/\/www.jungsi.de\/en\/heimcomputer\/sinclair\/sinclair-zx-spectrum\/","url_meta":{"origin":27905,"position":3},"title":"Sinclair ZX Spectrum","author":"Jungsi","date":"13. January 2023","format":false,"excerpt":"Sinclair ZX Spectrum Sinclair ZX Spectrum 48 K Sinclair ZX Spectrum+ 48 K Sinclair ZX Spectrum 128 K Sinclair ZX Spectrum +2 Sinclair ZX Spectrum +2A Sinclair ZX Spectrum +2B - spanische Version Sinclair ZX Spectrum +3 Sinclair ZX Spectrum Zubeh\u00f6r Sinclair ZX Spectrum 48 K Der Sinclair ZX Spectrum,\u2026","rel":"","context":"Similar post","block_context":{"text":"Similar post","link":""},"img":{"alt_text":"","src":"https:\/\/i0.wp.com\/www.jungsi.de\/blog\/wp-content\/uploads\/Spectrum-mit-Interface-1-und-Microdrives.jpg?resize=350%2C200&ssl=1","width":350,"height":200,"srcset":"https:\/\/i0.wp.com\/www.jungsi.de\/blog\/wp-content\/uploads\/Spectrum-mit-Interface-1-und-Microdrives.jpg?resize=350%2C200&ssl=1 1x, https:\/\/i0.wp.com\/www.jungsi.de\/blog\/wp-content\/uploads\/Spectrum-mit-Interface-1-und-Microdrives.jpg?resize=525%2C300&ssl=1 1.5x, https:\/\/i0.wp.com\/www.jungsi.de\/blog\/wp-content\/uploads\/Spectrum-mit-Interface-1-und-Microdrives.jpg?resize=700%2C400&ssl=1 2x, https:\/\/i0.wp.com\/www.jungsi.de\/blog\/wp-content\/uploads\/Spectrum-mit-Interface-1-und-Microdrives.jpg?resize=1050%2C600&ssl=1 3x, https:\/\/i0.wp.com\/www.jungsi.de\/blog\/wp-content\/uploads\/Spectrum-mit-Interface-1-und-Microdrives.jpg?resize=1400%2C800&ssl=1 4x"},"classes":[]},{"id":3745,"url":"https:\/\/www.jungsi.de\/en\/heimcomputer\/sinclair\/","url_meta":{"origin":27905,"position":4},"title":"Sinclair","author":"Jungsi","date":"15. July 2013","format":false,"excerpt":"Jungsis Sinclair Rechner Die Rechner von Sinclair waren meine erste \u201eLeidenschaft\u201c. Befl\u00fcgelt durch das Lesen der ersten Ausgaben der Zeitschrift P.M. war ich mir sicher, dass ich auch einen Rechner ben\u00f6tigte, damit ich f\u00fcr die Zukunft ger\u00fcstet bin. Da das Ger\u00e4t wenig kosten sollte, bettelte ich meine Oma an mir\u2026","rel":"","context":"With 2 comments","block_context":{"text":"With 2 comments","link":"https:\/\/www.jungsi.de\/en\/heimcomputer\/sinclair\/#comments"},"img":{"alt_text":"Sinclair Spectrum 48K","src":"https:\/\/i0.wp.com\/www.jungsi.de\/blog\/wp-content\/uploads\/2012\/07\/Spectrum1.jpg?resize=350%2C200&ssl=1","width":350,"height":200},"classes":[]},{"id":27777,"url":"https:\/\/www.jungsi.de\/en\/heimcomputer\/sinclair\/sinclair-ql\/","url_meta":{"origin":27905,"position":5},"title":"Sinclair QL","author":"Jungsi","date":"13. January 2023","format":false,"excerpt":"Sinclair QL Sinclair QL Der Sinclair QL (Quantum Leap) wurde 1984 von Sinclair Research als High-End-Alternative zum ZX Spectrum eingef\u00fchrt. Ziel war es, unter anderem durch den Einsatz eines Motorola 68008 Prozessors eine Leistungssteigerung zu erreichen. Jedoch war die 32-Bit-Architektur des Prozessors nur \u00fcber einen begrenzten 8-Bit-Datenpfad mit dem System\u2026","rel":"","context":"Similar post","block_context":{"text":"Similar post","link":""},"img":{"alt_text":"Qimsi Gold","src":"https:\/\/i0.wp.com\/www.jungsi.de\/blog\/wp-content\/uploads\/Qimsi-Gold-Oberseite.jpg?resize=350%2C200&ssl=1","width":350,"height":200,"srcset":"https:\/\/i0.wp.com\/www.jungsi.de\/blog\/wp-content\/uploads\/Qimsi-Gold-Oberseite.jpg?resize=350%2C200&ssl=1 1x, https:\/\/i0.wp.com\/www.jungsi.de\/blog\/wp-content\/uploads\/Qimsi-Gold-Oberseite.jpg?resize=525%2C300&ssl=1 1.5x, https:\/\/i0.wp.com\/www.jungsi.de\/blog\/wp-content\/uploads\/Qimsi-Gold-Oberseite.jpg?resize=700%2C400&ssl=1 2x, https:\/\/i0.wp.com\/www.jungsi.de\/blog\/wp-content\/uploads\/Qimsi-Gold-Oberseite.jpg?resize=1050%2C600&ssl=1 3x, https:\/\/i0.wp.com\/www.jungsi.de\/blog\/wp-content\/uploads\/Qimsi-Gold-Oberseite.jpg?resize=1400%2C800&ssl=1 4x"},"classes":[]}],"_links":{"self":[{"href":"https:\/\/www.jungsi.de\/en\/wp-json\/wp\/v2\/pages\/27905","targetHints":{"allow":["GET"]}}],"collection":[{"href":"https:\/\/www.jungsi.de\/en\/wp-json\/wp\/v2\/pages"}],"about":[{"href":"https:\/\/www.jungsi.de\/en\/wp-json\/wp\/v2\/types\/page"}],"author":[{"embeddable":true,"href":"https:\/\/www.jungsi.de\/en\/wp-json\/wp\/v2\/users\/2"}],"replies":[{"embeddable":true,"href":"https:\/\/www.jungsi.de\/en\/wp-json\/wp\/v2\/comments?post=27905"}],"version-history":[{"count":0,"href":"https:\/\/www.jungsi.de\/en\/wp-json\/wp\/v2\/pages\/27905\/revisions"}],"up":[{"embeddable":true,"href":"https:\/\/www.jungsi.de\/en\/wp-json\/wp\/v2\/pages\/1521"}],"wp:attachment":[{"href":"https:\/\/www.jungsi.de\/en\/wp-json\/wp\/v2\/media?parent=27905"}],"curies":[{"name":"wp","href":"https:\/\/api.w.org\/{rel}","templated":true}]}}