{"id":27891,"date":"2023-01-14T14:09:26","date_gmt":"2023-01-14T13:09:26","guid":{"rendered":"https:\/\/www.jungsi.de\/?page_id=27891"},"modified":"2025-10-06T11:43:55","modified_gmt":"2025-10-06T09:43:55","slug":"p-m-computerheft","status":"publish","type":"page","link":"https:\/\/www.jungsi.de\/en\/die-sammlung\/literatur\/p-m-computerheft\/","title":{"rendered":"P.M. Computerheft"},"content":{"rendered":"<p><\/p>\n\n\n\n<h2 class=\"wp-block-heading has-text-align-center\">P.M. Computerheft<\/h2>\n\n\n\n<p>P.M. <strong>Computerheft<\/strong> war ein Ableger der popul\u00e4rwissenschaftlichen Marke P.M. und erschien bei Gruner + Jahr ab 1982 (ab 1983 als eigenst\u00e4ndige Zeitschrift, ab 1984 monatlich) bis zur letzten Ausgabe 10\/1989. Unter dem Untertitel \u201eMit Computern arbeiten und leben\u201c behandelte das Magazin die gesamte damals relevante Heim- und Personalcomputer-Landschaft (u. a. Atari 8-Bit\/ST, Commodore 64\/128\/Amiga, Apple II, CPC, TI-99\/4A), bot Hintergrundberichte, Hard-\/Software-Tests, Programmierkurse und Type-ins sowie Leserfragen und Kleinanzeigen.<\/p>\n\n\n\n<figure class=\"wp-block-gallery has-nested-images columns-default is-cropped is-style-rectangular wp-block-gallery-1 is-layout-flex wp-block-gallery-is-layout-flex\">\n<figure class=\"wp-block-image size-large\"><img loading=\"lazy\" decoding=\"async\" width=\"768\" height=\"1024\" data-attachment-id=\"28014\" data-permalink=\"https:\/\/www.jungsi.de\/en\/die-sammlung\/literatur\/p-m-computerheft\/p-m-computerheft-82\/\" data-orig-file=\"https:\/\/www.jungsi.de\/blog\/wp-content\/uploads\/P.M.-Computerheft-82.jpg\" data-orig-size=\"1050,1400\" data-comments-opened=\"1\" data-image-meta=\"{&quot;aperture&quot;:&quot;1.8&quot;,&quot;credit&quot;:&quot;&quot;,&quot;camera&quot;:&quot;iPad Pro (12.9-inch) (4th generation)&quot;,&quot;caption&quot;:&quot;&quot;,&quot;created_timestamp&quot;:&quot;1673180080&quot;,&quot;copyright&quot;:&quot;&quot;,&quot;focal_length&quot;:&quot;3&quot;,&quot;iso&quot;:&quot;250&quot;,&quot;shutter_speed&quot;:&quot;0.025&quot;,&quot;title&quot;:&quot;&quot;,&quot;orientation&quot;:&quot;1&quot;}\" data-image-title=\"P.M.-Computerheft-82\" data-image-description=\"&lt;p&gt;P.M.-Computerheft-82&lt;\/p&gt;\" data-image-caption=\"&lt;p&gt;P.M.-Computerheft-82&lt;\/p&gt;\" data-large-file=\"https:\/\/www.jungsi.de\/blog\/wp-content\/uploads\/P.M.-Computerheft-82-768x1024.jpg\" data-id=\"28014\" src=\"https:\/\/www.jungsi.de\/blog\/wp-content\/uploads\/P.M.-Computerheft-82-768x1024.jpg\" alt=\"P.M.-Computerheft-82\" class=\"wp-image-28014\" srcset=\"https:\/\/www.jungsi.de\/blog\/wp-content\/uploads\/P.M.-Computerheft-82-768x1024.jpg 768w, https:\/\/www.jungsi.de\/blog\/wp-content\/uploads\/P.M.-Computerheft-82-225x300.jpg 225w, https:\/\/www.jungsi.de\/blog\/wp-content\/uploads\/P.M.-Computerheft-82.jpg 1050w\" sizes=\"auto, (max-width: 768px) 100vw, 768px\" \/><figcaption class=\"wp-element-caption\">P.M. Computerheft &#8217;82<\/figcaption><\/figure>\n\n\n\n<figure class=\"wp-block-image size-large\"><img loading=\"lazy\" decoding=\"async\" width=\"768\" height=\"1024\" data-attachment-id=\"28017\" data-permalink=\"https:\/\/www.jungsi.de\/en\/die-sammlung\/literatur\/p-m-computerheft\/p-m-computerheft-01_83\/\" data-orig-file=\"https:\/\/www.jungsi.de\/blog\/wp-content\/uploads\/P.M.-Computerheft-01_83.jpg\" data-orig-size=\"1050,1400\" data-comments-opened=\"1\" data-image-meta=\"{&quot;aperture&quot;:&quot;1.8&quot;,&quot;credit&quot;:&quot;&quot;,&quot;camera&quot;:&quot;iPad Pro (12.9-inch) (4th generation)&quot;,&quot;caption&quot;:&quot;&quot;,&quot;created_timestamp&quot;:&quot;1673180071&quot;,&quot;copyright&quot;:&quot;&quot;,&quot;focal_length&quot;:&quot;3&quot;,&quot;iso&quot;:&quot;250&quot;,&quot;shutter_speed&quot;:&quot;0.025&quot;,&quot;title&quot;:&quot;&quot;,&quot;orientation&quot;:&quot;1&quot;}\" data-image-title=\"P.M.-Computerheft-01_83\" data-image-description=\"&lt;p&gt;P.M.-Computerheft-01_83&lt;\/p&gt;\" data-image-caption=\"&lt;p&gt;P.M.-Computerheft-01_83&lt;\/p&gt;\" data-large-file=\"https:\/\/www.jungsi.de\/blog\/wp-content\/uploads\/P.M.-Computerheft-01_83-768x1024.jpg\" data-id=\"28017\" src=\"https:\/\/www.jungsi.de\/blog\/wp-content\/uploads\/P.M.-Computerheft-01_83-768x1024.jpg\" alt=\"P.M.-Computerheft-01_83\" class=\"wp-image-28017\" srcset=\"https:\/\/www.jungsi.de\/blog\/wp-content\/uploads\/P.M.-Computerheft-01_83-768x1024.jpg 768w, https:\/\/www.jungsi.de\/blog\/wp-content\/uploads\/P.M.-Computerheft-01_83-225x300.jpg 225w, https:\/\/www.jungsi.de\/blog\/wp-content\/uploads\/P.M.-Computerheft-01_83.jpg 1050w\" sizes=\"auto, (max-width: 768px) 100vw, 768px\" \/><figcaption class=\"wp-element-caption\">P.M. Computerheft 01\/83<\/figcaption><\/figure>\n\n\n\n<figure class=\"wp-block-image size-large\"><img loading=\"lazy\" decoding=\"async\" width=\"768\" height=\"1024\" data-attachment-id=\"28020\" data-permalink=\"https:\/\/www.jungsi.de\/en\/die-sammlung\/literatur\/p-m-computerheft\/p-m-computerheft-02_83\/\" data-orig-file=\"https:\/\/www.jungsi.de\/blog\/wp-content\/uploads\/P.M.-Computerheft-02_83.jpg\" data-orig-size=\"1050,1400\" data-comments-opened=\"1\" data-image-meta=\"{&quot;aperture&quot;:&quot;1.8&quot;,&quot;credit&quot;:&quot;&quot;,&quot;camera&quot;:&quot;iPad Pro (12.9-inch) (4th generation)&quot;,&quot;caption&quot;:&quot;&quot;,&quot;created_timestamp&quot;:&quot;1673180064&quot;,&quot;copyright&quot;:&quot;&quot;,&quot;focal_length&quot;:&quot;3&quot;,&quot;iso&quot;:&quot;320&quot;,&quot;shutter_speed&quot;:&quot;0.025&quot;,&quot;title&quot;:&quot;&quot;,&quot;orientation&quot;:&quot;1&quot;}\" data-image-title=\"P.M.-Computerheft-02_83\" data-image-description=\"&lt;p&gt;P.M.-Computerheft-02_83&lt;\/p&gt;\" data-image-caption=\"&lt;p&gt;P.M.-Computerheft-02_83&lt;\/p&gt;\" data-large-file=\"https:\/\/www.jungsi.de\/blog\/wp-content\/uploads\/P.M.-Computerheft-02_83-768x1024.jpg\" data-id=\"28020\" src=\"https:\/\/www.jungsi.de\/blog\/wp-content\/uploads\/P.M.-Computerheft-02_83-768x1024.jpg\" alt=\"P.M.-Computerheft-02_83\" class=\"wp-image-28020\" srcset=\"https:\/\/www.jungsi.de\/blog\/wp-content\/uploads\/P.M.-Computerheft-02_83-768x1024.jpg 768w, https:\/\/www.jungsi.de\/blog\/wp-content\/uploads\/P.M.-Computerheft-02_83-225x300.jpg 225w, https:\/\/www.jungsi.de\/blog\/wp-content\/uploads\/P.M.-Computerheft-02_83.jpg 1050w\" sizes=\"auto, (max-width: 768px) 100vw, 768px\" \/><figcaption class=\"wp-element-caption\">P.M. Computerheft 02\/83<\/figcaption><\/figure>\n\n\n\n<figure class=\"wp-block-image size-large\"><img loading=\"lazy\" decoding=\"async\" width=\"768\" height=\"1024\" data-attachment-id=\"28015\" data-permalink=\"https:\/\/www.jungsi.de\/en\/die-sammlung\/literatur\/p-m-computerheft\/p-m-computerheft-03_83\/\" data-orig-file=\"https:\/\/www.jungsi.de\/blog\/wp-content\/uploads\/P.M.-Computerheft-03_83.jpg\" data-orig-size=\"1050,1400\" data-comments-opened=\"1\" data-image-meta=\"{&quot;aperture&quot;:&quot;1.8&quot;,&quot;credit&quot;:&quot;&quot;,&quot;camera&quot;:&quot;iPad Pro (12.9-inch) (4th generation)&quot;,&quot;caption&quot;:&quot;&quot;,&quot;created_timestamp&quot;:&quot;1673180057&quot;,&quot;copyright&quot;:&quot;&quot;,&quot;focal_length&quot;:&quot;3&quot;,&quot;iso&quot;:&quot;320&quot;,&quot;shutter_speed&quot;:&quot;0.025&quot;,&quot;title&quot;:&quot;&quot;,&quot;orientation&quot;:&quot;1&quot;}\" data-image-title=\"P.M.-Computerheft-03_83\" data-image-description=\"&lt;p&gt;P.M.-Computerheft-03_83&lt;\/p&gt;\" data-image-caption=\"&lt;p&gt;P.M.-Computerheft-03_83&lt;\/p&gt;\" data-large-file=\"https:\/\/www.jungsi.de\/blog\/wp-content\/uploads\/P.M.-Computerheft-03_83-768x1024.jpg\" data-id=\"28015\" src=\"https:\/\/www.jungsi.de\/blog\/wp-content\/uploads\/P.M.-Computerheft-03_83-768x1024.jpg\" alt=\"P.M. Computerheft 03\/83\" class=\"wp-image-28015\" srcset=\"https:\/\/www.jungsi.de\/blog\/wp-content\/uploads\/P.M.-Computerheft-03_83-768x1024.jpg 768w, https:\/\/www.jungsi.de\/blog\/wp-content\/uploads\/P.M.-Computerheft-03_83-225x300.jpg 225w, https:\/\/www.jungsi.de\/blog\/wp-content\/uploads\/P.M.-Computerheft-03_83.jpg 1050w\" sizes=\"auto, (max-width: 768px) 100vw, 768px\" \/><figcaption class=\"wp-element-caption\">P.M. Computerheft 03\/83<\/figcaption><\/figure>\n\n\n\n<figure class=\"wp-block-image size-large\"><img loading=\"lazy\" decoding=\"async\" width=\"768\" height=\"1024\" data-attachment-id=\"28021\" data-permalink=\"https:\/\/www.jungsi.de\/en\/die-sammlung\/literatur\/p-m-computerheft\/p-m-computerheft-06_85\/\" data-orig-file=\"https:\/\/www.jungsi.de\/blog\/wp-content\/uploads\/P.M.-Computerheft-06_85.jpg\" data-orig-size=\"1050,1400\" data-comments-opened=\"1\" data-image-meta=\"{&quot;aperture&quot;:&quot;1.8&quot;,&quot;credit&quot;:&quot;&quot;,&quot;camera&quot;:&quot;iPad Pro (12.9-inch) (4th generation)&quot;,&quot;caption&quot;:&quot;&quot;,&quot;created_timestamp&quot;:&quot;1673180050&quot;,&quot;copyright&quot;:&quot;&quot;,&quot;focal_length&quot;:&quot;3&quot;,&quot;iso&quot;:&quot;320&quot;,&quot;shutter_speed&quot;:&quot;0.025&quot;,&quot;title&quot;:&quot;&quot;,&quot;orientation&quot;:&quot;1&quot;}\" data-image-title=\"P.M.-Computerheft-06_85\" data-image-description=\"&lt;p&gt;P.M.-Computerheft-06_85&lt;\/p&gt;\" data-image-caption=\"&lt;p&gt;P.M.-Computerheft-06_85&lt;\/p&gt;\" data-large-file=\"https:\/\/www.jungsi.de\/blog\/wp-content\/uploads\/P.M.-Computerheft-06_85-768x1024.jpg\" data-id=\"28021\" src=\"https:\/\/www.jungsi.de\/blog\/wp-content\/uploads\/P.M.-Computerheft-06_85-768x1024.jpg\" alt=\"P.M. Computerheft 06\/85\" class=\"wp-image-28021\" srcset=\"https:\/\/www.jungsi.de\/blog\/wp-content\/uploads\/P.M.-Computerheft-06_85-768x1024.jpg 768w, https:\/\/www.jungsi.de\/blog\/wp-content\/uploads\/P.M.-Computerheft-06_85-225x300.jpg 225w, https:\/\/www.jungsi.de\/blog\/wp-content\/uploads\/P.M.-Computerheft-06_85.jpg 1050w\" sizes=\"auto, (max-width: 768px) 100vw, 768px\" \/><figcaption class=\"wp-element-caption\">P.M. Computerheft 06\/85<\/figcaption><\/figure>\n\n\n\n<figure class=\"wp-block-image size-large\"><img loading=\"lazy\" decoding=\"async\" width=\"768\" height=\"1024\" data-attachment-id=\"28022\" data-permalink=\"https:\/\/www.jungsi.de\/en\/die-sammlung\/literatur\/p-m-computerheft\/p-m-computerheft-07_85\/\" data-orig-file=\"https:\/\/www.jungsi.de\/blog\/wp-content\/uploads\/P.M.-Computerheft-07_85.jpg\" data-orig-size=\"1050,1400\" data-comments-opened=\"1\" data-image-meta=\"{&quot;aperture&quot;:&quot;1.8&quot;,&quot;credit&quot;:&quot;&quot;,&quot;camera&quot;:&quot;iPad Pro (12.9-inch) (4th generation)&quot;,&quot;caption&quot;:&quot;&quot;,&quot;created_timestamp&quot;:&quot;1673180042&quot;,&quot;copyright&quot;:&quot;&quot;,&quot;focal_length&quot;:&quot;3&quot;,&quot;iso&quot;:&quot;320&quot;,&quot;shutter_speed&quot;:&quot;0.025&quot;,&quot;title&quot;:&quot;&quot;,&quot;orientation&quot;:&quot;1&quot;}\" data-image-title=\"P.M.-Computerheft-07_85\" data-image-description=\"&lt;p&gt;P.M.-Computerheft-07_85&lt;\/p&gt;\" data-image-caption=\"&lt;p&gt;P.M.-Computerheft-07_85&lt;\/p&gt;\" data-large-file=\"https:\/\/www.jungsi.de\/blog\/wp-content\/uploads\/P.M.-Computerheft-07_85-768x1024.jpg\" data-id=\"28022\" src=\"https:\/\/www.jungsi.de\/blog\/wp-content\/uploads\/P.M.-Computerheft-07_85-768x1024.jpg\" alt=\"P.M. Computerheft 07\/85\" class=\"wp-image-28022\" srcset=\"https:\/\/www.jungsi.de\/blog\/wp-content\/uploads\/P.M.-Computerheft-07_85-768x1024.jpg 768w, https:\/\/www.jungsi.de\/blog\/wp-content\/uploads\/P.M.-Computerheft-07_85-225x300.jpg 225w, https:\/\/www.jungsi.de\/blog\/wp-content\/uploads\/P.M.-Computerheft-07_85.jpg 1050w\" sizes=\"auto, (max-width: 768px) 100vw, 768px\" \/><figcaption class=\"wp-element-caption\">P.M. Computerheft 07\/85<\/figcaption><\/figure>\n\n\n\n<figure class=\"wp-block-image size-large\"><img loading=\"lazy\" decoding=\"async\" width=\"768\" height=\"1024\" data-attachment-id=\"28018\" data-permalink=\"https:\/\/www.jungsi.de\/en\/die-sammlung\/literatur\/p-m-computerheft\/p-m-computerheft-03_04_87\/\" data-orig-file=\"https:\/\/www.jungsi.de\/blog\/wp-content\/uploads\/P.M.-Computerheft-03_04_87.jpg\" data-orig-size=\"1050,1400\" data-comments-opened=\"1\" data-image-meta=\"{&quot;aperture&quot;:&quot;1.8&quot;,&quot;credit&quot;:&quot;&quot;,&quot;camera&quot;:&quot;iPad Pro (12.9-inch) (4th generation)&quot;,&quot;caption&quot;:&quot;&quot;,&quot;created_timestamp&quot;:&quot;1673180100&quot;,&quot;copyright&quot;:&quot;&quot;,&quot;focal_length&quot;:&quot;3&quot;,&quot;iso&quot;:&quot;320&quot;,&quot;shutter_speed&quot;:&quot;0.025&quot;,&quot;title&quot;:&quot;&quot;,&quot;orientation&quot;:&quot;1&quot;}\" data-image-title=\"P.M.-Computerheft-03_04_87\" data-image-description=\"&lt;p&gt;P.M.-Computerheft-03_04_87&lt;\/p&gt;\" data-image-caption=\"&lt;p&gt;P.M.-Computerheft-03_04_87&lt;\/p&gt;\" data-large-file=\"https:\/\/www.jungsi.de\/blog\/wp-content\/uploads\/P.M.-Computerheft-03_04_87-768x1024.jpg\" data-id=\"28018\" src=\"https:\/\/www.jungsi.de\/blog\/wp-content\/uploads\/P.M.-Computerheft-03_04_87-768x1024.jpg\" alt=\"P.M. Computerheft M\u00e4rz\/April 1987\" class=\"wp-image-28018\" srcset=\"https:\/\/www.jungsi.de\/blog\/wp-content\/uploads\/P.M.-Computerheft-03_04_87-768x1024.jpg 768w, https:\/\/www.jungsi.de\/blog\/wp-content\/uploads\/P.M.-Computerheft-03_04_87-225x300.jpg 225w, https:\/\/www.jungsi.de\/blog\/wp-content\/uploads\/P.M.-Computerheft-03_04_87.jpg 1050w\" sizes=\"auto, (max-width: 768px) 100vw, 768px\" \/><figcaption class=\"wp-element-caption\">P.M. Computerheft M\u00e4rz\/April 1987<\/figcaption><\/figure>\n\n\n\n<figure class=\"wp-block-image size-large\"><img loading=\"lazy\" decoding=\"async\" width=\"768\" height=\"1024\" data-attachment-id=\"28019\" data-permalink=\"https:\/\/www.jungsi.de\/en\/die-sammlung\/literatur\/p-m-computerheft\/p-m-computerheft-05_06_87\/\" data-orig-file=\"https:\/\/www.jungsi.de\/blog\/wp-content\/uploads\/P.M.-Computerheft-05_06_87.jpg\" data-orig-size=\"1050,1400\" data-comments-opened=\"1\" data-image-meta=\"{&quot;aperture&quot;:&quot;1.8&quot;,&quot;credit&quot;:&quot;&quot;,&quot;camera&quot;:&quot;iPad Pro (12.9-inch) (4th generation)&quot;,&quot;caption&quot;:&quot;&quot;,&quot;created_timestamp&quot;:&quot;1673180108&quot;,&quot;copyright&quot;:&quot;&quot;,&quot;focal_length&quot;:&quot;3&quot;,&quot;iso&quot;:&quot;250&quot;,&quot;shutter_speed&quot;:&quot;0.025&quot;,&quot;title&quot;:&quot;&quot;,&quot;orientation&quot;:&quot;1&quot;}\" data-image-title=\"P.M.-Computerheft-05_06_87\" data-image-description=\"&lt;p&gt;P.M.-Computerheft-05_06_87&lt;\/p&gt;\" data-image-caption=\"&lt;p&gt;P.M.-Computerheft-05_06_87&lt;\/p&gt;\" data-large-file=\"https:\/\/www.jungsi.de\/blog\/wp-content\/uploads\/P.M.-Computerheft-05_06_87-768x1024.jpg\" data-id=\"28019\" src=\"https:\/\/www.jungsi.de\/blog\/wp-content\/uploads\/P.M.-Computerheft-05_06_87-768x1024.jpg\" alt=\"P.M. Computerheft Mai\/Juni 1987\" class=\"wp-image-28019\" srcset=\"https:\/\/www.jungsi.de\/blog\/wp-content\/uploads\/P.M.-Computerheft-05_06_87-768x1024.jpg 768w, https:\/\/www.jungsi.de\/blog\/wp-content\/uploads\/P.M.-Computerheft-05_06_87-225x300.jpg 225w, https:\/\/www.jungsi.de\/blog\/wp-content\/uploads\/P.M.-Computerheft-05_06_87.jpg 1050w\" sizes=\"auto, (max-width: 768px) 100vw, 768px\" \/><figcaption class=\"wp-element-caption\">P.M. Computerheft Mai\/Juni 1987<\/figcaption><\/figure>\n\n\n\n<figure class=\"wp-block-image size-large\"><img loading=\"lazy\" decoding=\"async\" width=\"768\" height=\"1024\" data-attachment-id=\"28016\" data-permalink=\"https:\/\/www.jungsi.de\/en\/die-sammlung\/literatur\/p-m-computerheft\/p-m-computerheft-05_06_88\/\" data-orig-file=\"https:\/\/www.jungsi.de\/blog\/wp-content\/uploads\/P.M.-Computerheft-05_06_88.jpg\" data-orig-size=\"1050,1400\" data-comments-opened=\"1\" data-image-meta=\"{&quot;aperture&quot;:&quot;1.8&quot;,&quot;credit&quot;:&quot;&quot;,&quot;camera&quot;:&quot;iPad Pro (12.9-inch) (4th generation)&quot;,&quot;caption&quot;:&quot;&quot;,&quot;created_timestamp&quot;:&quot;1673180089&quot;,&quot;copyright&quot;:&quot;&quot;,&quot;focal_length&quot;:&quot;3&quot;,&quot;iso&quot;:&quot;320&quot;,&quot;shutter_speed&quot;:&quot;0.025&quot;,&quot;title&quot;:&quot;&quot;,&quot;orientation&quot;:&quot;1&quot;}\" data-image-title=\"P.M.-Computerheft-05_06_88\" data-image-description=\"&lt;p&gt;P.M.-Computerheft-05_06_88&lt;\/p&gt;\" data-image-caption=\"&lt;p&gt;P.M.-Computerheft-05_06_88&lt;\/p&gt;\" data-large-file=\"https:\/\/www.jungsi.de\/blog\/wp-content\/uploads\/P.M.-Computerheft-05_06_88-768x1024.jpg\" data-id=\"28016\" src=\"https:\/\/www.jungsi.de\/blog\/wp-content\/uploads\/P.M.-Computerheft-05_06_88-768x1024.jpg\" alt=\"P.M. Computerheft Mai\/Juni 1988\" class=\"wp-image-28016\" srcset=\"https:\/\/www.jungsi.de\/blog\/wp-content\/uploads\/P.M.-Computerheft-05_06_88-768x1024.jpg 768w, https:\/\/www.jungsi.de\/blog\/wp-content\/uploads\/P.M.-Computerheft-05_06_88-225x300.jpg 225w, https:\/\/www.jungsi.de\/blog\/wp-content\/uploads\/P.M.-Computerheft-05_06_88.jpg 1050w\" sizes=\"auto, (max-width: 768px) 100vw, 768px\" \/><figcaption class=\"wp-element-caption\">P.M. Computerheft Mai\/Juni 1988<\/figcaption><\/figure>\n<\/figure>","protected":false},"excerpt":{"rendered":"<p>P.M. Computerheft P.M. Computerheft war ein Ableger der popul\u00e4rwissenschaftlichen Marke P.M. und erschien bei Gruner + Jahr ab 1982 (ab 1983 als eigenst\u00e4ndige Zeitschrift, ab \u2026<\/p>","protected":false},"author":2,"featured_media":28014,"parent":1521,"menu_order":0,"comment_status":"closed","ping_status":"closed","template":"","meta":{"_lmt_disableupdate":"","_lmt_disable":"","ngg_post_thumbnail":0,"jetpack_post_was_ever_published":false,"footnotes":"","_links_to":"","_links_to_target":""},"class_list":["post-27891","page","type-page","status-publish","has-post-thumbnail","hentry"],"jetpack_shortlink":"https:\/\/wp.me\/P4eXvk-7fR","jetpack_sharing_enabled":true,"jetpack_likes_enabled":true,"jetpack-related-posts":[{"id":18076,"url":"https:\/\/www.jungsi.de\/en\/heimcomputer\/","url_meta":{"origin":27891,"position":0},"title":"home computer","author":"Jungsi","date":"30. July 2017","format":false,"excerpt":"Meine Geschichte Meine Begeisterung f\u00fcr Computer begann in den fr\u00fchen 1980er Jahren. Als ich im P.M. Computerheft \u00fcber diese faszinierende neue Technologie las, erkannte ich sofort: Das ist die Zukunft. Ich bettelte so lange, bis meine Gro\u00dfmutter mir einen Sinclair ZX81 schenkte, damals der g\u00fcnstigste Homecomputer. Fasziniert sa\u00df ich vor\u2026","rel":"","context":"Similar post","block_context":{"text":"Similar post","link":""},"img":{"alt_text":"Acorn","src":"https:\/\/i0.wp.com\/www.jungsi.de\/blog\/wp-content\/uploads\/Acorn.jpg?resize=350%2C200&ssl=1","width":350,"height":200,"srcset":"https:\/\/i0.wp.com\/www.jungsi.de\/blog\/wp-content\/uploads\/Acorn.jpg?resize=350%2C200&ssl=1 1x, https:\/\/i0.wp.com\/www.jungsi.de\/blog\/wp-content\/uploads\/Acorn.jpg?resize=525%2C300&ssl=1 1.5x, https:\/\/i0.wp.com\/www.jungsi.de\/blog\/wp-content\/uploads\/Acorn.jpg?resize=700%2C400&ssl=1 2x, https:\/\/i0.wp.com\/www.jungsi.de\/blog\/wp-content\/uploads\/Acorn.jpg?resize=1050%2C600&ssl=1 3x, https:\/\/i0.wp.com\/www.jungsi.de\/blog\/wp-content\/uploads\/Acorn.jpg?resize=1400%2C800&ssl=1 4x"},"classes":[]},{"id":27879,"url":"https:\/\/www.jungsi.de\/en\/die-sammlung\/literatur\/computer-kontakt\/","url_meta":{"origin":27891,"position":1},"title":"Computer Kontakt","author":"Jungsi","date":"14. January 2023","format":false,"excerpt":"Computer Kontakt Computer Kontakt war ein deutschsprachiges Multiformat-Heft aus dem Verlag R\u00e4tz-Eberle (Bretten), gestartet im Mai 1984 und nach 24 Ausgaben Anfang 1988 eingestellt. Inhaltlich deckte es die damalige Heimcomputer-Landschaft ab (u. a. Atari, Sinclair, TI-99\/4A, Commodore, CPC, Apple), erschien zun\u00e4chst monatlich und sp\u00e4ter zweimonatlich; wegen vieler Beitr\u00e4ge zu Atari\u2026","rel":"","context":"Similar post","block_context":{"text":"Similar post","link":""},"img":{"alt_text":"Computer Kontakt 02_03_1988","src":"https:\/\/i0.wp.com\/www.jungsi.de\/blog\/wp-content\/uploads\/Computer-Kontakt-02_03_1988.jpg?resize=350%2C200&ssl=1","width":350,"height":200,"srcset":"https:\/\/i0.wp.com\/www.jungsi.de\/blog\/wp-content\/uploads\/Computer-Kontakt-02_03_1988.jpg?resize=350%2C200&ssl=1 1x, https:\/\/i0.wp.com\/www.jungsi.de\/blog\/wp-content\/uploads\/Computer-Kontakt-02_03_1988.jpg?resize=525%2C300&ssl=1 1.5x, https:\/\/i0.wp.com\/www.jungsi.de\/blog\/wp-content\/uploads\/Computer-Kontakt-02_03_1988.jpg?resize=700%2C400&ssl=1 2x"},"classes":[]},{"id":27893,"url":"https:\/\/www.jungsi.de\/en\/die-sammlung\/literatur\/sonstige\/","url_meta":{"origin":27891,"position":2},"title":"Sonstige","author":"Jungsi","date":"14. January 2023","format":false,"excerpt":"Sonstige 8 bit Annual 2018 8 Bit Annual 2019 Basic - Alles \u00fcber PEEK und POKE Basic - Betriebsprogramme f\u00fcr den Funkamateur Basic - HF-Rechenprogramme Basic - Mathematik per Computer Basic - Matrix-Operationen Basic f\u00fcr Aufsteiger Basic f\u00fcr Mikrocomputer BASIC in 100 Beispielen Chip Special - Bauanleitungen f\u00fcr Microcomputer Compute\u2026","rel":"","context":"Similar post","block_context":{"text":"Similar post","link":""},"img":{"alt_text":"BASIC in 100 Beispielen","src":"https:\/\/i0.wp.com\/www.jungsi.de\/blog\/wp-content\/uploads\/BASIC-in-100-Beispielen.jpg?resize=350%2C200&ssl=1","width":350,"height":200,"srcset":"https:\/\/i0.wp.com\/www.jungsi.de\/blog\/wp-content\/uploads\/BASIC-in-100-Beispielen.jpg?resize=350%2C200&ssl=1 1x, https:\/\/i0.wp.com\/www.jungsi.de\/blog\/wp-content\/uploads\/BASIC-in-100-Beispielen.jpg?resize=525%2C300&ssl=1 1.5x"},"classes":[]},{"id":27869,"url":"https:\/\/www.jungsi.de\/en\/die-sammlung\/literatur\/commodore\/64er\/","url_meta":{"origin":27891,"position":3},"title":"64er","author":"Jungsi","date":"14. January 2023","format":false,"excerpt":"64er - Commodore 64 64\u2019er \u2013 Das Magazin f\u00fcr Computer-Fans war das gro\u00dfe deutschsprachige C64\/128-Magazin aus dem Markt-&-Technik-Verlag: gestartet zur Hannover Messe 04\/1984, mit Kursreihen f\u00fcr Einsteiger\/Fortgeschrittene, seitenlangen Type-ins (inkl. Pr\u00fcfsummen-Tools), Tipps\/Tricks sowie thematischen Sonderheften (ab Nr. 46 teils mit Diskette). Als eigenst\u00e4ndiges Heft endete die Reihe mit 12\/1996; Abonnenten\u2026","rel":"","context":"Similar post","block_context":{"text":"Similar post","link":""},"img":{"alt_text":"64er - 87_11","src":"https:\/\/i0.wp.com\/www.jungsi.de\/blog\/wp-content\/uploads\/64er-87_11.jpg?resize=350%2C200&ssl=1","width":350,"height":200,"srcset":"https:\/\/i0.wp.com\/www.jungsi.de\/blog\/wp-content\/uploads\/64er-87_11.jpg?resize=350%2C200&ssl=1 1x, https:\/\/i0.wp.com\/www.jungsi.de\/blog\/wp-content\/uploads\/64er-87_11.jpg?resize=525%2C300&ssl=1 1.5x, https:\/\/i0.wp.com\/www.jungsi.de\/blog\/wp-content\/uploads\/64er-87_11.jpg?resize=700%2C400&ssl=1 2x, https:\/\/i0.wp.com\/www.jungsi.de\/blog\/wp-content\/uploads\/64er-87_11.jpg?resize=1050%2C600&ssl=1 3x"},"classes":[]},{"id":28336,"url":"https:\/\/www.jungsi.de\/en\/die-sammlung\/literatur\/retro\/","url_meta":{"origin":27891,"position":4},"title":"Retro","author":"Jungsi","date":"16. January 2023","format":false,"excerpt":"Retro RETRO (Deutschland) ist ein deutschsprachiges Videospiel-\/Computerkultur-Magazin, das Ende 2006 im CSW-Verlag startete (teils quartalsweise, mit Schwerpunktthemen und Retro-Hardware\/-Spiele-Geschichten; zeitweise mit Heft-CD). Inhaltlich versteht sich RETRO als Magazin zur Kultur- und Technikgeschichte digitaler Medien. 2023\/24 wechselte die Marke laut Community-Hinweisen von CSW zum Dienstleister Print Medien Dienst (PMD); CSW bietet\u2026","rel":"","context":"Similar post","block_context":{"text":"Similar post","link":""},"img":{"alt_text":"Retro #25","src":"https:\/\/i0.wp.com\/www.jungsi.de\/blog\/wp-content\/uploads\/Retro-25.jpg?resize=350%2C200&ssl=1","width":350,"height":200,"srcset":"https:\/\/i0.wp.com\/www.jungsi.de\/blog\/wp-content\/uploads\/Retro-25.jpg?resize=350%2C200&ssl=1 1x, https:\/\/i0.wp.com\/www.jungsi.de\/blog\/wp-content\/uploads\/Retro-25.jpg?resize=525%2C300&ssl=1 1.5x, https:\/\/i0.wp.com\/www.jungsi.de\/blog\/wp-content\/uploads\/Retro-25.jpg?resize=700%2C400&ssl=1 2x, https:\/\/i0.wp.com\/www.jungsi.de\/blog\/wp-content\/uploads\/Retro-25.jpg?resize=1050%2C600&ssl=1 3x"},"classes":[]},{"id":27887,"url":"https:\/\/www.jungsi.de\/en\/die-sammlung\/literatur\/atari\/st-computer\/","url_meta":{"origin":27891,"position":5},"title":"ST Computer","author":"Jungsi","date":"14. January 2023","format":false,"excerpt":"ST Computer - Atari 16\/32 Bit ST-Computer war die langlebigste deutschsprachige Atari-Zeitschrift: gestartet Anfang 1986 (Heim-Verlag, sp\u00e4ter falkemedia) und bis 1\/2004 erschienen, mit News, Tests, Listings, Tutorials und Bastelrubrik rund um Atari ST\/STE, TT und Falcon; zeitweise kamen auch Jaguar-Themen dazu. Sie \u00fcbernahm 1993 Inhalte von TOS Computer und ST\u2026","rel":"","context":"Similar post","block_context":{"text":"Similar post","link":""},"img":{"alt_text":"ST-Computer 01\/02 2017","src":"https:\/\/i0.wp.com\/www.jungsi.de\/blog\/wp-content\/uploads\/ST-Computer-01_02_2017.jpg?resize=350%2C200&ssl=1","width":350,"height":200,"srcset":"https:\/\/i0.wp.com\/www.jungsi.de\/blog\/wp-content\/uploads\/ST-Computer-01_02_2017.jpg?resize=350%2C200&ssl=1 1x, https:\/\/i0.wp.com\/www.jungsi.de\/blog\/wp-content\/uploads\/ST-Computer-01_02_2017.jpg?resize=525%2C300&ssl=1 1.5x, https:\/\/i0.wp.com\/www.jungsi.de\/blog\/wp-content\/uploads\/ST-Computer-01_02_2017.jpg?resize=700%2C400&ssl=1 2x, https:\/\/i0.wp.com\/www.jungsi.de\/blog\/wp-content\/uploads\/ST-Computer-01_02_2017.jpg?resize=1050%2C600&ssl=1 3x"},"classes":[]}],"_links":{"self":[{"href":"https:\/\/www.jungsi.de\/en\/wp-json\/wp\/v2\/pages\/27891","targetHints":{"allow":["GET"]}}],"collection":[{"href":"https:\/\/www.jungsi.de\/en\/wp-json\/wp\/v2\/pages"}],"about":[{"href":"https:\/\/www.jungsi.de\/en\/wp-json\/wp\/v2\/types\/page"}],"author":[{"embeddable":true,"href":"https:\/\/www.jungsi.de\/en\/wp-json\/wp\/v2\/users\/2"}],"replies":[{"embeddable":true,"href":"https:\/\/www.jungsi.de\/en\/wp-json\/wp\/v2\/comments?post=27891"}],"version-history":[{"count":0,"href":"https:\/\/www.jungsi.de\/en\/wp-json\/wp\/v2\/pages\/27891\/revisions"}],"up":[{"embeddable":true,"href":"https:\/\/www.jungsi.de\/en\/wp-json\/wp\/v2\/pages\/1521"}],"wp:featuredmedia":[{"embeddable":true,"href":"https:\/\/www.jungsi.de\/en\/wp-json\/wp\/v2\/media\/28014"}],"wp:attachment":[{"href":"https:\/\/www.jungsi.de\/en\/wp-json\/wp\/v2\/media?parent=27891"}],"curies":[{"name":"wp","href":"https:\/\/api.w.org\/{rel}","templated":true}]}}