{"id":27889,"date":"2023-01-14T14:08:10","date_gmt":"2023-01-14T13:08:10","guid":{"rendered":"https:\/\/www.jungsi.de\/?page_id=27889"},"modified":"2025-10-06T12:05:54","modified_gmt":"2025-10-06T10:05:54","slug":"pofoinfo","status":"publish","type":"page","link":"https:\/\/www.jungsi.de\/en\/die-sammlung\/literatur\/atari\/pofoinfo\/","title":{"rendered":"Pofoinfo"},"content":{"rendered":"<p><\/p>\n\n\n\n<h2 class=\"wp-block-heading has-text-align-center\"><strong>Pofoinfo &#8211; Atari Portfolio<\/strong><\/h2>\n\n\n\n<p class=\"has-text-align-left\"><strong>PofoInfo<\/strong> war das Clubmagazin des Portfolio-Club Deutschland (PCD) rund um den Atari <strong>Portfolio<\/strong>-Palmtop. Zwischen 1996 und 2003 erschienen 15 Hefte im DIN-A5-Format, jeweils mit <strong>60+ Seiten ohne Werbung<\/strong>, oft inkl. <strong>Beilagen<\/strong> (Diskette, sp\u00e4ter CD). Der Druck erfolgte in kleinen Auflagen (ca. <strong>200\u2013300 Exemplare<\/strong>) und behandelte Praxis-Themen, Hardware-Mods, Software-Tipps, Kurse sowie Club-News und Leserbriefe. Viele Inhalte sind heute im <strong>PofoWiki<\/strong> dokumentiert; dort gibt es auch ein Komplett-Image mit allen Ausgaben und Software.<\/p>\n\n\n\n<figure class=\"wp-block-gallery has-nested-images columns-default is-cropped is-style-rectangular wp-block-gallery-1 is-layout-flex wp-block-gallery-is-layout-flex\">\n<figure class=\"wp-block-image size-large\"><img loading=\"lazy\" decoding=\"async\" width=\"768\" height=\"1024\" data-attachment-id=\"28120\" data-permalink=\"https:\/\/www.jungsi.de\/en\/die-sammlung\/literatur\/atari\/pofoinfo\/pofoinfo-1_1996\/\" data-orig-file=\"https:\/\/www.jungsi.de\/blog\/wp-content\/uploads\/Pofoinfo-1_1996.jpg\" data-orig-size=\"1050,1400\" data-comments-opened=\"1\" data-image-meta=\"{&quot;aperture&quot;:&quot;1.8&quot;,&quot;credit&quot;:&quot;&quot;,&quot;camera&quot;:&quot;iPad Pro (12.9-inch) (4th generation)&quot;,&quot;caption&quot;:&quot;&quot;,&quot;created_timestamp&quot;:&quot;1673178001&quot;,&quot;copyright&quot;:&quot;&quot;,&quot;focal_length&quot;:&quot;3&quot;,&quot;iso&quot;:&quot;200&quot;,&quot;shutter_speed&quot;:&quot;0.016666666666667&quot;,&quot;title&quot;:&quot;&quot;,&quot;orientation&quot;:&quot;1&quot;}\" data-image-title=\"Pofoinfo 1\/96\" data-image-description=\"&lt;p&gt;Pofoinfo 1\/96&lt;\/p&gt;\" data-image-caption=\"&lt;p&gt;Pofoinfo 1\/96&lt;\/p&gt;\" data-large-file=\"https:\/\/www.jungsi.de\/blog\/wp-content\/uploads\/Pofoinfo-1_1996-768x1024.jpg\" data-id=\"28120\" src=\"https:\/\/www.jungsi.de\/blog\/wp-content\/uploads\/Pofoinfo-1_1996-768x1024.jpg\" alt=\"Pofoinfo 1\/96\" class=\"wp-image-28120\" srcset=\"https:\/\/www.jungsi.de\/blog\/wp-content\/uploads\/Pofoinfo-1_1996-768x1024.jpg 768w, https:\/\/www.jungsi.de\/blog\/wp-content\/uploads\/Pofoinfo-1_1996-225x300.jpg 225w, https:\/\/www.jungsi.de\/blog\/wp-content\/uploads\/Pofoinfo-1_1996.jpg 1050w\" sizes=\"auto, (max-width: 768px) 100vw, 768px\" \/><figcaption class=\"wp-element-caption\">Pofoinfo 1\/96<\/figcaption><\/figure>\n\n\n\n<figure class=\"wp-block-image size-large\"><img loading=\"lazy\" decoding=\"async\" width=\"768\" height=\"1024\" data-attachment-id=\"28123\" data-permalink=\"https:\/\/www.jungsi.de\/en\/die-sammlung\/literatur\/atari\/pofoinfo\/pofoinfo-2_1996\/\" data-orig-file=\"https:\/\/www.jungsi.de\/blog\/wp-content\/uploads\/Pofoinfo-2_1996.jpg\" data-orig-size=\"1050,1400\" data-comments-opened=\"1\" data-image-meta=\"{&quot;aperture&quot;:&quot;1.8&quot;,&quot;credit&quot;:&quot;&quot;,&quot;camera&quot;:&quot;iPad Pro (12.9-inch) (4th generation)&quot;,&quot;caption&quot;:&quot;&quot;,&quot;created_timestamp&quot;:&quot;1673178009&quot;,&quot;copyright&quot;:&quot;&quot;,&quot;focal_length&quot;:&quot;3&quot;,&quot;iso&quot;:&quot;250&quot;,&quot;shutter_speed&quot;:&quot;0.025&quot;,&quot;title&quot;:&quot;&quot;,&quot;orientation&quot;:&quot;1&quot;}\" data-image-title=\"Pofoinfo 2\/96\" data-image-description=\"&lt;p&gt;Pofoinfo 2\/96&lt;\/p&gt;\" data-image-caption=\"&lt;p&gt;Pofoinfo 2\/96&lt;\/p&gt;\" data-large-file=\"https:\/\/www.jungsi.de\/blog\/wp-content\/uploads\/Pofoinfo-2_1996-768x1024.jpg\" data-id=\"28123\" src=\"https:\/\/www.jungsi.de\/blog\/wp-content\/uploads\/Pofoinfo-2_1996-768x1024.jpg\" alt=\"Pofoinfo 2\/96\" class=\"wp-image-28123\" srcset=\"https:\/\/www.jungsi.de\/blog\/wp-content\/uploads\/Pofoinfo-2_1996-768x1024.jpg 768w, https:\/\/www.jungsi.de\/blog\/wp-content\/uploads\/Pofoinfo-2_1996-225x300.jpg 225w, https:\/\/www.jungsi.de\/blog\/wp-content\/uploads\/Pofoinfo-2_1996.jpg 1050w\" sizes=\"auto, (max-width: 768px) 100vw, 768px\" \/><figcaption class=\"wp-element-caption\">Pofoinfo 2\/96<\/figcaption><\/figure>\n\n\n\n<figure class=\"wp-block-image size-large\"><img loading=\"lazy\" decoding=\"async\" width=\"768\" height=\"1024\" data-attachment-id=\"28125\" data-permalink=\"https:\/\/www.jungsi.de\/en\/die-sammlung\/literatur\/atari\/pofoinfo\/pofoinfo-3_1996\/\" data-orig-file=\"https:\/\/www.jungsi.de\/blog\/wp-content\/uploads\/Pofoinfo-3_1996.jpg\" data-orig-size=\"1050,1400\" data-comments-opened=\"1\" data-image-meta=\"{&quot;aperture&quot;:&quot;1.8&quot;,&quot;credit&quot;:&quot;&quot;,&quot;camera&quot;:&quot;iPad Pro (12.9-inch) (4th generation)&quot;,&quot;caption&quot;:&quot;&quot;,&quot;created_timestamp&quot;:&quot;1673177987&quot;,&quot;copyright&quot;:&quot;&quot;,&quot;focal_length&quot;:&quot;3&quot;,&quot;iso&quot;:&quot;320&quot;,&quot;shutter_speed&quot;:&quot;0.033333333333333&quot;,&quot;title&quot;:&quot;&quot;,&quot;orientation&quot;:&quot;1&quot;}\" data-image-title=\"Pofoinfo 3\/96\" data-image-description=\"&lt;p&gt;Pofoinfo 3\/96&lt;\/p&gt;\" data-image-caption=\"&lt;p&gt;Pofoinfo 3\/96&lt;\/p&gt;\" data-large-file=\"https:\/\/www.jungsi.de\/blog\/wp-content\/uploads\/Pofoinfo-3_1996-768x1024.jpg\" data-id=\"28125\" src=\"https:\/\/www.jungsi.de\/blog\/wp-content\/uploads\/Pofoinfo-3_1996-768x1024.jpg\" alt=\"Pofoinfo 3\/96\" class=\"wp-image-28125\" srcset=\"https:\/\/www.jungsi.de\/blog\/wp-content\/uploads\/Pofoinfo-3_1996-768x1024.jpg 768w, https:\/\/www.jungsi.de\/blog\/wp-content\/uploads\/Pofoinfo-3_1996-225x300.jpg 225w, https:\/\/www.jungsi.de\/blog\/wp-content\/uploads\/Pofoinfo-3_1996.jpg 1050w\" sizes=\"auto, (max-width: 768px) 100vw, 768px\" \/><figcaption class=\"wp-element-caption\">Pofoinfo 3\/96<\/figcaption><\/figure>\n\n\n\n<figure class=\"wp-block-image size-large\"><img loading=\"lazy\" decoding=\"async\" width=\"768\" height=\"1024\" data-attachment-id=\"28127\" data-permalink=\"https:\/\/www.jungsi.de\/en\/die-sammlung\/literatur\/atari\/pofoinfo\/pofoinfo-4_1996\/\" data-orig-file=\"https:\/\/www.jungsi.de\/blog\/wp-content\/uploads\/Pofoinfo-4_1996.jpg\" data-orig-size=\"1050,1400\" data-comments-opened=\"1\" data-image-meta=\"{&quot;aperture&quot;:&quot;1.8&quot;,&quot;credit&quot;:&quot;&quot;,&quot;camera&quot;:&quot;iPad Pro (12.9-inch) (4th generation)&quot;,&quot;caption&quot;:&quot;&quot;,&quot;created_timestamp&quot;:&quot;1673177974&quot;,&quot;copyright&quot;:&quot;&quot;,&quot;focal_length&quot;:&quot;3&quot;,&quot;iso&quot;:&quot;200&quot;,&quot;shutter_speed&quot;:&quot;0.016666666666667&quot;,&quot;title&quot;:&quot;&quot;,&quot;orientation&quot;:&quot;1&quot;}\" data-image-title=\"Pofoinfo 4\/96\" data-image-description=\"&lt;p&gt;Pofoinfo 4\/96&lt;\/p&gt;\" data-image-caption=\"&lt;p&gt;Pofoinfo 4\/96&lt;\/p&gt;\" data-large-file=\"https:\/\/www.jungsi.de\/blog\/wp-content\/uploads\/Pofoinfo-4_1996-768x1024.jpg\" data-id=\"28127\" src=\"https:\/\/www.jungsi.de\/blog\/wp-content\/uploads\/Pofoinfo-4_1996-768x1024.jpg\" alt=\"Pofoinfo 4\/96\" class=\"wp-image-28127\" srcset=\"https:\/\/www.jungsi.de\/blog\/wp-content\/uploads\/Pofoinfo-4_1996-768x1024.jpg 768w, https:\/\/www.jungsi.de\/blog\/wp-content\/uploads\/Pofoinfo-4_1996-225x300.jpg 225w, https:\/\/www.jungsi.de\/blog\/wp-content\/uploads\/Pofoinfo-4_1996.jpg 1050w\" sizes=\"auto, (max-width: 768px) 100vw, 768px\" \/><figcaption class=\"wp-element-caption\">Pofoinfo 4\/96<\/figcaption><\/figure>\n\n\n\n<figure class=\"wp-block-image size-large\"><img loading=\"lazy\" decoding=\"async\" width=\"768\" height=\"1024\" data-attachment-id=\"28121\" data-permalink=\"https:\/\/www.jungsi.de\/en\/die-sammlung\/literatur\/atari\/pofoinfo\/pofoinfo-1_1998\/\" data-orig-file=\"https:\/\/www.jungsi.de\/blog\/wp-content\/uploads\/Pofoinfo-1_1998.jpg\" data-orig-size=\"1050,1400\" data-comments-opened=\"1\" data-image-meta=\"{&quot;aperture&quot;:&quot;1.8&quot;,&quot;credit&quot;:&quot;&quot;,&quot;camera&quot;:&quot;iPad Pro (12.9-inch) (4th generation)&quot;,&quot;caption&quot;:&quot;&quot;,&quot;created_timestamp&quot;:&quot;1673178018&quot;,&quot;copyright&quot;:&quot;&quot;,&quot;focal_length&quot;:&quot;3&quot;,&quot;iso&quot;:&quot;250&quot;,&quot;shutter_speed&quot;:&quot;0.025&quot;,&quot;title&quot;:&quot;&quot;,&quot;orientation&quot;:&quot;1&quot;}\" data-image-title=\"Pofoinfo 1\/98\" data-image-description=\"&lt;p&gt;Pofoinfo 1\/98&lt;\/p&gt;\" data-image-caption=\"&lt;p&gt;Pofoinfo 1\/98&lt;\/p&gt;\" data-large-file=\"https:\/\/www.jungsi.de\/blog\/wp-content\/uploads\/Pofoinfo-1_1998-768x1024.jpg\" data-id=\"28121\" src=\"https:\/\/www.jungsi.de\/blog\/wp-content\/uploads\/Pofoinfo-1_1998-768x1024.jpg\" alt=\"Pofoinfo 1\/98\" class=\"wp-image-28121\" srcset=\"https:\/\/www.jungsi.de\/blog\/wp-content\/uploads\/Pofoinfo-1_1998-768x1024.jpg 768w, https:\/\/www.jungsi.de\/blog\/wp-content\/uploads\/Pofoinfo-1_1998-225x300.jpg 225w, https:\/\/www.jungsi.de\/blog\/wp-content\/uploads\/Pofoinfo-1_1998.jpg 1050w\" sizes=\"auto, (max-width: 768px) 100vw, 768px\" \/><figcaption class=\"wp-element-caption\">Pofoinfo 1\/98<\/figcaption><\/figure>\n\n\n\n<figure class=\"wp-block-image size-large\"><img loading=\"lazy\" decoding=\"async\" width=\"768\" height=\"1024\" data-attachment-id=\"28124\" data-permalink=\"https:\/\/www.jungsi.de\/en\/die-sammlung\/literatur\/atari\/pofoinfo\/pofoinfo-2_1998\/\" data-orig-file=\"https:\/\/www.jungsi.de\/blog\/wp-content\/uploads\/Pofoinfo-2_1998.jpg\" data-orig-size=\"1050,1400\" data-comments-opened=\"1\" data-image-meta=\"{&quot;aperture&quot;:&quot;1.8&quot;,&quot;credit&quot;:&quot;&quot;,&quot;camera&quot;:&quot;iPad Pro (12.9-inch) (4th generation)&quot;,&quot;caption&quot;:&quot;&quot;,&quot;created_timestamp&quot;:&quot;1673177980&quot;,&quot;copyright&quot;:&quot;&quot;,&quot;focal_length&quot;:&quot;3&quot;,&quot;iso&quot;:&quot;200&quot;,&quot;shutter_speed&quot;:&quot;0.025&quot;,&quot;title&quot;:&quot;&quot;,&quot;orientation&quot;:&quot;1&quot;}\" data-image-title=\"Pofoinfo 2\/98\" data-image-description=\"&lt;p&gt;Pofoinfo 2\/98&lt;\/p&gt;\" data-image-caption=\"&lt;p&gt;Pofoinfo 2\/98&lt;\/p&gt;\" data-large-file=\"https:\/\/www.jungsi.de\/blog\/wp-content\/uploads\/Pofoinfo-2_1998-768x1024.jpg\" data-id=\"28124\" src=\"https:\/\/www.jungsi.de\/blog\/wp-content\/uploads\/Pofoinfo-2_1998-768x1024.jpg\" alt=\"Pofoinfo 2\/98\" class=\"wp-image-28124\" srcset=\"https:\/\/www.jungsi.de\/blog\/wp-content\/uploads\/Pofoinfo-2_1998-768x1024.jpg 768w, https:\/\/www.jungsi.de\/blog\/wp-content\/uploads\/Pofoinfo-2_1998-225x300.jpg 225w, https:\/\/www.jungsi.de\/blog\/wp-content\/uploads\/Pofoinfo-2_1998.jpg 1050w\" sizes=\"auto, (max-width: 768px) 100vw, 768px\" \/><figcaption class=\"wp-element-caption\">Pofoinfo 2\/98<\/figcaption><\/figure>\n\n\n\n<figure class=\"wp-block-image size-large\"><img loading=\"lazy\" decoding=\"async\" width=\"768\" height=\"1024\" data-attachment-id=\"28126\" data-permalink=\"https:\/\/www.jungsi.de\/en\/die-sammlung\/literatur\/atari\/pofoinfo\/pofoinfo-3_1998\/\" data-orig-file=\"https:\/\/www.jungsi.de\/blog\/wp-content\/uploads\/Pofoinfo-3_1998.jpg\" data-orig-size=\"1050,1400\" data-comments-opened=\"1\" data-image-meta=\"{&quot;aperture&quot;:&quot;1.8&quot;,&quot;credit&quot;:&quot;&quot;,&quot;camera&quot;:&quot;iPad Pro (12.9-inch) (4th generation)&quot;,&quot;caption&quot;:&quot;&quot;,&quot;created_timestamp&quot;:&quot;1673178024&quot;,&quot;copyright&quot;:&quot;&quot;,&quot;focal_length&quot;:&quot;3&quot;,&quot;iso&quot;:&quot;250&quot;,&quot;shutter_speed&quot;:&quot;0.016666666666667&quot;,&quot;title&quot;:&quot;&quot;,&quot;orientation&quot;:&quot;1&quot;}\" data-image-title=\"Pofoinfo 3\/98\" data-image-description=\"&lt;p&gt;Pofoinfo 3\/98&lt;\/p&gt;\" data-image-caption=\"&lt;p&gt;Pofoinfo 3\/98&lt;\/p&gt;\" data-large-file=\"https:\/\/www.jungsi.de\/blog\/wp-content\/uploads\/Pofoinfo-3_1998-768x1024.jpg\" data-id=\"28126\" src=\"https:\/\/www.jungsi.de\/blog\/wp-content\/uploads\/Pofoinfo-3_1998-768x1024.jpg\" alt=\"Pofoinfo 3\/98\" class=\"wp-image-28126\" srcset=\"https:\/\/www.jungsi.de\/blog\/wp-content\/uploads\/Pofoinfo-3_1998-768x1024.jpg 768w, https:\/\/www.jungsi.de\/blog\/wp-content\/uploads\/Pofoinfo-3_1998-225x300.jpg 225w, https:\/\/www.jungsi.de\/blog\/wp-content\/uploads\/Pofoinfo-3_1998.jpg 1050w\" sizes=\"auto, (max-width: 768px) 100vw, 768px\" \/><figcaption class=\"wp-element-caption\">Pofoinfo 3\/98<\/figcaption><\/figure>\n\n\n\n<figure class=\"wp-block-image size-large\"><img loading=\"lazy\" decoding=\"async\" width=\"768\" height=\"1024\" data-attachment-id=\"28122\" data-permalink=\"https:\/\/www.jungsi.de\/en\/die-sammlung\/literatur\/atari\/pofoinfo\/pofoinfo-1_1999\/\" data-orig-file=\"https:\/\/www.jungsi.de\/blog\/wp-content\/uploads\/Pofoinfo-1_1999.jpg\" data-orig-size=\"1050,1400\" data-comments-opened=\"1\" data-image-meta=\"{&quot;aperture&quot;:&quot;1.8&quot;,&quot;credit&quot;:&quot;&quot;,&quot;camera&quot;:&quot;iPad Pro (12.9-inch) (4th generation)&quot;,&quot;caption&quot;:&quot;&quot;,&quot;created_timestamp&quot;:&quot;1673177966&quot;,&quot;copyright&quot;:&quot;&quot;,&quot;focal_length&quot;:&quot;3&quot;,&quot;iso&quot;:&quot;250&quot;,&quot;shutter_speed&quot;:&quot;0.025&quot;,&quot;title&quot;:&quot;&quot;,&quot;orientation&quot;:&quot;1&quot;}\" data-image-title=\"Pofoinfo 1\/99\" data-image-description=\"&lt;p&gt;Pofoinfo 1\/99&lt;\/p&gt;\" data-image-caption=\"&lt;p&gt;Pofoinfo 1\/99&lt;\/p&gt;\" data-large-file=\"https:\/\/www.jungsi.de\/blog\/wp-content\/uploads\/Pofoinfo-1_1999-768x1024.jpg\" data-id=\"28122\" src=\"https:\/\/www.jungsi.de\/blog\/wp-content\/uploads\/Pofoinfo-1_1999-768x1024.jpg\" alt=\"Pofoinfo 1\/99\" class=\"wp-image-28122\" srcset=\"https:\/\/www.jungsi.de\/blog\/wp-content\/uploads\/Pofoinfo-1_1999-768x1024.jpg 768w, https:\/\/www.jungsi.de\/blog\/wp-content\/uploads\/Pofoinfo-1_1999-225x300.jpg 225w, https:\/\/www.jungsi.de\/blog\/wp-content\/uploads\/Pofoinfo-1_1999.jpg 1050w\" sizes=\"auto, (max-width: 768px) 100vw, 768px\" \/><figcaption class=\"wp-element-caption\">Pofoinfo 1\/99<\/figcaption><\/figure>\n<\/figure>","protected":false},"excerpt":{"rendered":"<p>Pofoinfo &#8211; Atari Portfolio PofoInfo war das Clubmagazin des Portfolio-Club Deutschland (PCD) rund um den Atari Portfolio-Palmtop. Zwischen 1996 und 2003 erschienen 15 Hefte im \u2026<\/p>","protected":false},"author":2,"featured_media":28120,"parent":27883,"menu_order":0,"comment_status":"closed","ping_status":"closed","template":"","meta":{"_lmt_disableupdate":"","_lmt_disable":"","ngg_post_thumbnail":0,"jetpack_post_was_ever_published":false,"footnotes":"","_links_to":"","_links_to_target":""},"class_list":["post-27889","page","type-page","status-publish","has-post-thumbnail","hentry"],"jetpack_shortlink":"https:\/\/wp.me\/P4eXvk-7fP","jetpack_sharing_enabled":true,"jetpack_likes_enabled":true,"jetpack-related-posts":[{"id":27883,"url":"https:\/\/www.jungsi.de\/en\/die-sammlung\/literatur\/atari\/","url_meta":{"origin":27889,"position":0},"title":"Atari","author":"Jungsi","date":"14. January 2023","format":false,"excerpt":"Atari Literatur Links zu anderer Atari Literatur- ABBUC- pro(c) Atari- Pfofoinfo- ST Computer- Atari Magazin- Sonstiges Atari Original Literatur Atari 8 Bit Atari 800XL - Manual Atari Portfolio Atari Portfolio Bedienungsanleitung Atari Portfolio - Das gro\u00dfe Buch zum Atari Portfolio Atari Portfolio Programmierpraxis Das Portfolio Praxisbuch Atari ST Atari ST\u2026","rel":"","context":"Similar post","block_context":{"text":"Similar post","link":""},"img":{"alt_text":"","src":"https:\/\/i0.wp.com\/www.jungsi.de\/blog\/wp-content\/uploads\/Atari-ST-Hardware-Handbuch.jpg?resize=350%2C200&ssl=1","width":350,"height":200,"srcset":"https:\/\/i0.wp.com\/www.jungsi.de\/blog\/wp-content\/uploads\/Atari-ST-Hardware-Handbuch.jpg?resize=350%2C200&ssl=1 1x, https:\/\/i0.wp.com\/www.jungsi.de\/blog\/wp-content\/uploads\/Atari-ST-Hardware-Handbuch.jpg?resize=525%2C300&ssl=1 1.5x, https:\/\/i0.wp.com\/www.jungsi.de\/blog\/wp-content\/uploads\/Atari-ST-Hardware-Handbuch.jpg?resize=700%2C400&ssl=1 2x, https:\/\/i0.wp.com\/www.jungsi.de\/blog\/wp-content\/uploads\/Atari-ST-Hardware-Handbuch.jpg?resize=1050%2C600&ssl=1 3x"},"classes":[]},{"id":3752,"url":"https:\/\/www.jungsi.de\/en\/retro\/atari\/atari-das-zubehor\/","url_meta":{"origin":27889,"position":1},"title":"Atari &#8211; das Zubeh\u00f6r","author":"Jungsi","date":"26. September 2013","format":false,"excerpt":"Atari Portfolio \u00a0 Atari ST\/TT\/Falcon \u00a0 \u00a0 \u00a0 \u00a0 Atari Lynx Atari Jaguar Atari VCS2600 CX26 Silber Edition Atari 800XL\u00a0","rel":"","context":"Similar post","block_context":{"text":"Similar post","link":""},"img":{"alt_text":"","src":"https:\/\/i0.wp.com\/www.jungsi.de\/blog\/wp-content\/uploads\/portfolio-serial-interface.jpg?resize=350%2C200&ssl=1","width":350,"height":200},"classes":[]},{"id":27749,"url":"https:\/\/www.jungsi.de\/en\/heimcomputer\/atari-die-sammlung\/atari-portfolio\/","url_meta":{"origin":27889,"position":2},"title":"Atari Portfolio","author":"Jungsi","date":"13. January 2023","format":false,"excerpt":"Atari Portfolio Atari Portfolio Der Atari Portfolio, eingef\u00fchrt im Jahr 1989, war der erste MS-DOS-kompatible Handheld-Computer. Entwickelt von DIP (Distributed Information Processing Limited) und sp\u00e4ter von Atari lizenziert, hatte er die Gr\u00f6\u00dfe einer VHS-Kassette und wog 505 Gramm, was ihn zu einem Vorl\u00e4ufer der sp\u00e4teren PDAs macht. Der kleine Computer\u2026","rel":"","context":"Similar post","block_context":{"text":"Similar post","link":""},"img":{"alt_text":"","src":"https:\/\/i0.wp.com\/www.jungsi.de\/blog\/wp-content\/uploads\/Atari-Portfolio-Deckel-offen-schraeg.jpg?resize=350%2C200&ssl=1","width":350,"height":200,"srcset":"https:\/\/i0.wp.com\/www.jungsi.de\/blog\/wp-content\/uploads\/Atari-Portfolio-Deckel-offen-schraeg.jpg?resize=350%2C200&ssl=1 1x, https:\/\/i0.wp.com\/www.jungsi.de\/blog\/wp-content\/uploads\/Atari-Portfolio-Deckel-offen-schraeg.jpg?resize=525%2C300&ssl=1 1.5x, https:\/\/i0.wp.com\/www.jungsi.de\/blog\/wp-content\/uploads\/Atari-Portfolio-Deckel-offen-schraeg.jpg?resize=700%2C400&ssl=1 2x, https:\/\/i0.wp.com\/www.jungsi.de\/blog\/wp-content\/uploads\/Atari-Portfolio-Deckel-offen-schraeg.jpg?resize=1050%2C600&ssl=1 3x, https:\/\/i0.wp.com\/www.jungsi.de\/blog\/wp-content\/uploads\/Atari-Portfolio-Deckel-offen-schraeg.jpg?resize=1400%2C800&ssl=1 4x"},"classes":[]},{"id":1141,"url":"https:\/\/www.jungsi.de\/en\/retro\/","url_meta":{"origin":27889,"position":3},"title":"Retro","author":"Jungsi","date":"1. July 2012","format":false,"excerpt":"Auf diesen Seiten geht es um \"Retrocomputing\" - d.h. das bewusste Nutzen veralteter Computer-Technologie als Hobby ;-) Im einzelnen geht es hier um meine Erfahrungen mit den ersten Computer die ich benutzt habe. Diese Computer habe ich bei diversen Auktionen ersteigert um meine Computeranf\u00e4nge nicht ganz aus den Augen zu\u2026","rel":"","context":"Similar post","block_context":{"text":"Similar post","link":""},"img":{"alt_text":"Atari Portfolio - HPC0004","src":"https:\/\/i0.wp.com\/www.jungsi.de\/blog\/wp-content\/uploads\/2012\/07\/Portfolio.jpg?resize=350%2C200&ssl=1","width":350,"height":200},"classes":[]},{"id":18106,"url":"https:\/\/www.jungsi.de\/en\/suche-biete\/","url_meta":{"origin":27889,"position":4},"title":"Suche\/Kaufe\/Tausche","author":"Jungsi","date":"30. July 2017","format":false,"excerpt":"Suche\/Kaufe\/Tausche Meine Sammlung kann immer noch das eine oder andere zus\u00e4tzliche St\u00fcck vertragen. Bevor Hardware verschrottet wird, bewahre ich sie gerne vor diesem Schicksal. Die Ger\u00e4te werden gereinigt, soweit m\u00f6glich instand gesetzt und wieder in Betrieb genommen, sollten sie nicht mehr funktionieren. Falls Sie etwas loswerden wollen, k\u00f6nnen Sie sich\u2026","rel":"","context":"Similar post","block_context":{"text":"Similar post","link":""},"img":{"alt_text":"","src":"","width":0,"height":0},"classes":[]},{"id":3749,"url":"https:\/\/www.jungsi.de\/en\/heimcomputer\/atari-die-sammlung\/","url_meta":{"origin":27889,"position":5},"title":"Atari","author":"Jungsi","date":"26. September 2013","format":false,"excerpt":"Atari Heimcomputer\u00a0 Atari 800XL Atari Falcon Atari Portfolio Atari ST(E)\/Mega ST(E) Atari TT Geschichte der Atari Heimcomputer Die Geschichte der Atari Heimcomputer beginnt in den sp\u00e4ten 1970er Jahren und erstreckt sich \u00fcber mehrere Modellreihen, die in den 1980er Jahren gro\u00dfen Einfluss auf den Heimcomputermarkt hatten. Hier sind die wichtigsten Meilensteine:\u2026","rel":"","context":"With 2 comments","block_context":{"text":"With 2 comments","link":"https:\/\/www.jungsi.de\/en\/heimcomputer\/atari-die-sammlung\/#comments"},"img":{"alt_text":"","src":"https:\/\/i0.wp.com\/www.jungsi.de\/blog\/wp-content\/uploads\/2013\/07\/Atari-800XL_1.jpg?resize=350%2C200&ssl=1","width":350,"height":200},"classes":[]}],"_links":{"self":[{"href":"https:\/\/www.jungsi.de\/en\/wp-json\/wp\/v2\/pages\/27889","targetHints":{"allow":["GET"]}}],"collection":[{"href":"https:\/\/www.jungsi.de\/en\/wp-json\/wp\/v2\/pages"}],"about":[{"href":"https:\/\/www.jungsi.de\/en\/wp-json\/wp\/v2\/types\/page"}],"author":[{"embeddable":true,"href":"https:\/\/www.jungsi.de\/en\/wp-json\/wp\/v2\/users\/2"}],"replies":[{"embeddable":true,"href":"https:\/\/www.jungsi.de\/en\/wp-json\/wp\/v2\/comments?post=27889"}],"version-history":[{"count":0,"href":"https:\/\/www.jungsi.de\/en\/wp-json\/wp\/v2\/pages\/27889\/revisions"}],"up":[{"embeddable":true,"href":"https:\/\/www.jungsi.de\/en\/wp-json\/wp\/v2\/pages\/27883"}],"wp:featuredmedia":[{"embeddable":true,"href":"https:\/\/www.jungsi.de\/en\/wp-json\/wp\/v2\/media\/28120"}],"wp:attachment":[{"href":"https:\/\/www.jungsi.de\/en\/wp-json\/wp\/v2\/media?parent=27889"}],"curies":[{"name":"wp","href":"https:\/\/api.w.org\/{rel}","templated":true}]}}