{"id":27865,"date":"2024-07-31T16:07:28","date_gmt":"2024-07-31T14:07:28","guid":{"rendered":"https:\/\/www.jungsi.de\/?page_id=27865"},"modified":"2024-08-30T09:15:01","modified_gmt":"2024-08-30T07:15:01","slug":"sony-psp","status":"publish","type":"page","link":"https:\/\/www.jungsi.de\/en\/handheld-konsolen\/alle-anderen-handhelds\/sony-psp\/","title":{"rendered":"Sony PSP"},"content":{"rendered":"<p><\/p>\n\n\n\n<h2 class=\"wp-block-heading has-text-align-center\">Sony PSP<\/h2>\n\n\n\n<figure class=\"wp-block-image size-large\"><img loading=\"lazy\" decoding=\"async\" width=\"1024\" height=\"768\" data-attachment-id=\"32919\" data-permalink=\"https:\/\/www.jungsi.de\/en\/handheld-konsolen\/alle-anderen-handhelds\/sony-psp\/psp-street-2\/\" data-orig-file=\"https:\/\/www.jungsi.de\/blog\/wp-content\/uploads\/PSP-Street-2.jpg\" data-orig-size=\"1400,1050\" data-comments-opened=\"1\" data-image-meta=\"{&quot;aperture&quot;:&quot;3.5&quot;,&quot;credit&quot;:&quot;&quot;,&quot;camera&quot;:&quot;Canon PowerShot SX260 HS&quot;,&quot;caption&quot;:&quot;&quot;,&quot;created_timestamp&quot;:&quot;1605365942&quot;,&quot;copyright&quot;:&quot;&quot;,&quot;focal_length&quot;:&quot;4.5&quot;,&quot;iso&quot;:&quot;1000&quot;,&quot;shutter_speed&quot;:&quot;0.05&quot;,&quot;title&quot;:&quot;&quot;,&quot;orientation&quot;:&quot;1&quot;}\" data-image-title=\"PSP Street 2\" data-image-description=\"\" data-image-caption=\"\" data-large-file=\"https:\/\/www.jungsi.de\/blog\/wp-content\/uploads\/PSP-Street-2-1024x768.jpg\" src=\"https:\/\/www.jungsi.de\/blog\/wp-content\/uploads\/PSP-Street-2-1024x768.jpg\" alt=\"\" class=\"wp-image-32919\" srcset=\"https:\/\/www.jungsi.de\/blog\/wp-content\/uploads\/PSP-Street-2-1024x768.jpg 1024w, https:\/\/www.jungsi.de\/blog\/wp-content\/uploads\/PSP-Street-2-300x225.jpg 300w, https:\/\/www.jungsi.de\/blog\/wp-content\/uploads\/PSP-Street-2.jpg 1400w\" sizes=\"auto, (max-width: 1024px) 100vw, 1024px\" \/><figcaption class=\"wp-element-caption\">Sony PSP Street<\/figcaption><\/figure>\n\n\n\n<p>Die Sony PlayStation Portable (PSP) war ein bedeutender Schritt in der Welt der tragbaren Spielekonsolen und markierte Sonys ersten Vorsto\u00df in den Handheld-Gaming-Markt. Die PSP wurde schnell zu einer der beliebtesten tragbaren Konsolen ihrer Zeit und brachte eine neue Dimension von Multimedia-F\u00e4higkeiten in die Welt des Gaming.<\/p>\n\n\n\n<p>Die Geschichte der PSP begann in den fr\u00fchen 2000er Jahren, als Sony, nach dem \u00fcberw\u00e4ltigenden Erfolg der PlayStation 2, entschied, den Markt f\u00fcr tragbare Konsolen zu betreten. Zu dieser Zeit dominierte Nintendo mit dem Game Boy Advance den Handheld-Markt, aber Sony sah eine Chance, mit einem leistungsst\u00e4rkeren und vielseitigeren Ger\u00e4t zu konkurrieren.<\/p>\n\n\n\n<p>Am 12. Dezember 2004 wurde die PSP in Japan ver\u00f6ffentlicht, gefolgt von weltweiten Ver\u00f6ffentlichungen im Jahr 2005. Die PSP unterschied sich von anderen Handhelds ihrer Zeit durch ihre beeindruckende Hardware. Sie verf\u00fcgte \u00fcber einen gro\u00dfen, hochaufl\u00f6senden 4,3-Zoll-Bildschirm, der lebendige Farben und scharfe Grafiken darstellen konnte, was sie ideal f\u00fcr die Wiedergabe von Spielen, Filmen und Fotos machte. Angetrieben von einem 333-MHz-Prozessor, konnte die PSP Spiele in einer Qualit\u00e4t darstellen, die bis dahin in der Handheld-Welt unerreicht war und sich fast mit der PlayStation 2 messen konnte.<\/p>\n\n\n\n<p>Ein weiteres herausragendes Merkmal der PSP war ihre Vielseitigkeit. Sie unterst\u00fctzte nicht nur Spiele, sondern konnte auch Musik abspielen, Videos anzeigen und Fotos speichern. Sony f\u00fchrte ein neues Medium ein, das Universal Media Disc (UMD), das sowohl Spiele als auch Filme speichern konnte. Dies machte die PSP zu einem echten Multimedia-Ger\u00e4t, das weit \u00fcber das reine Gaming hinausging.<\/p>\n\n\n\n<p>Die Spielebibliothek der PSP war umfangreich und vielf\u00e4ltig. Zu den beliebtesten Titeln geh\u00f6rten <em>God of War: Chains of Olympus<\/em>, <em>Crisis Core: Final Fantasy VII<\/em>, <em>Metal Gear Solid: Peace Walker<\/em> and <em>Grand Theft Auto: Liberty City Stories<\/em>. Diese Spiele nutzten die Leistungsf\u00e4higkeit der PSP voll aus und boten den Spielern ein tiefes und fesselndes Erlebnis unterwegs.<\/p>\n\n\n\n<p>Trotz ihrer vielen St\u00e4rken hatte die PSP auch Herausforderungen. Die UMDs waren anf\u00e4llig f\u00fcr Kratzer, und die Ladezeiten konnten manchmal lang sein. Zudem stand sie in st\u00e4ndiger Konkurrenz mit Nintendos DS, der mit seinen innovativen Touchscreen-Funktionen und seiner zug\u00e4nglichen Spielbibliothek ebenfalls sehr erfolgreich war.<\/p>\n\n\n\n<p>Die PSP verkaufte sich weltweit \u00fcber 80 Millionen Mal und blieb bis zur Ver\u00f6ffentlichung ihres Nachfolgers, der PlayStation Vita, im Jahr 2011 eine starke Kraft im Handheld-Markt. Die Vita sollte die PSP abl\u00f6sen, konnte aber nie denselben Erfolg erzielen.<\/p>\n\n\n\n<p>Heute wird die Sony PSP als eine der innovativsten und einflussreichsten tragbaren Konsolen aller Zeiten angesehen. Sie brachte Konsolen-\u00e4hnliches Gaming auf ein tragbares Ger\u00e4t und erweiterte die M\u00f6glichkeiten dessen, was ein Handheld leisten konnte. Die PSP bleibt in der Erinnerung vieler Spieler ein Symbol f\u00fcr eine Zeit, in der das Handheld-Gaming neue H\u00f6hen erreichte.<\/p>\n\n\n\n<table id=\"tablepress-310\" class=\"tablepress tablepress-id-310\">\n<tbody>\n<tr class=\"row-1\">\n\t<td class=\"column-1\"><strong>Ver\u00f6ffentlichung:<\/strong><\/td><td class=\"column-2\">2005 (Japan: 2004)<\/td>\n<\/tr>\n<tr class=\"row-2\">\n\t<td class=\"column-1\"><strong>verkaufte Einheiten:<\/strong><\/td><td class=\"column-2\">> 102,4 Millionen<\/td>\n<\/tr>\n<tr class=\"row-3\">\n\t<td class=\"column-1\"><strong>Prozessor:<\/strong><\/td><td class=\"column-2\">MIPS R4000-basierter Prozessor mit 333 MHz<\/td>\n<\/tr>\n<tr class=\"row-4\">\n\t<td class=\"column-1\"><strong>RAM:<\/strong><\/td><td class=\"column-2\">32 MB &#8211; ab PSP-2000: 64 MB<\/td>\n<\/tr>\n<tr class=\"row-5\">\n\t<td class=\"column-1\"><strong>Video-RAM:<\/strong><\/td><td class=\"column-2\">2 MB<\/td>\n<\/tr>\n<tr class=\"row-6\">\n\t<td class=\"column-1\"><strong>Grafikaufl\u00f6sung:<\/strong><\/td><td class=\"column-2\">480 x 272 Pixel<\/td>\n<\/tr>\n<tr class=\"row-7\">\n\t<td class=\"column-1\"><strong>Farbpalette:<\/strong> <\/td><td class=\"column-2\">24-Bit (16,77 Millionen Farben)<\/td>\n<\/tr>\n<tr class=\"row-8\">\n\t<td class=\"column-1\"><strong>Sound<\/strong><\/td><td class=\"column-2\"> MP3, ATRAC3plus, WMA, WAV<\/td>\n<\/tr>\n<tr class=\"row-9\">\n\t<td class=\"column-1\"><strong>Speichermedien:<\/strong><\/td><td class=\"column-2\">UMD (Universal Media Disc) f\u00fcr Spiele und Filme<\/td>\n<\/tr>\n<\/tbody>\n<\/table>\n<!-- #tablepress-310 from cache -->","protected":false},"excerpt":{"rendered":"<p>Sony PSP Die Sony PlayStation Portable (PSP) war ein bedeutender Schritt in der Welt der tragbaren Spielekonsolen und markierte Sonys ersten Vorsto\u00df in den Handheld-Gaming-Markt. \u2026<\/p>","protected":false},"author":2,"featured_media":32919,"parent":32886,"menu_order":0,"comment_status":"closed","ping_status":"closed","template":"","meta":{"_lmt_disableupdate":"","_lmt_disable":"","ngg_post_thumbnail":0,"jetpack_post_was_ever_published":false,"footnotes":"","_links_to":"","_links_to_target":""},"class_list":["post-27865","page","type-page","status-publish","has-post-thumbnail","hentry"],"jetpack_shortlink":"https:\/\/wp.me\/P4eXvk-7fr","jetpack_sharing_enabled":true,"jetpack_likes_enabled":true,"jetpack-related-posts":[{"id":29124,"url":"https:\/\/www.jungsi.de\/en\/konsolen\/sony-konsolen\/","url_meta":{"origin":27865,"position":0},"title":"Sony Konsolen","author":"Jungsi","date":"6. February 2023","format":false,"excerpt":"Sony Konsolen Playstation 1 Playstation 2 Playstation 3 Hier ist eine kurze \u00dcbersicht der wichtigsten Playstation-Konsolen von Sony: 1. PlayStation (PS1) (1994) Beschreibung: Sonys erste Heimvideospielkonsole, die den Grundstein f\u00fcr die PlayStation-Marke legte. Sie revolutionierte die Branche mit 3D-Grafiken und CD-ROMs. Besonderheit: Erfolgreiche Titel wie Final Fantasy VII, Metal Gear\u2026","rel":"","context":"Similar post","block_context":{"text":"Similar post","link":""},"img":{"alt_text":"","src":"","width":0,"height":0},"classes":[]},{"id":18078,"url":"https:\/\/www.jungsi.de\/en\/konsolen\/","url_meta":{"origin":27865,"position":1},"title":"Konsolen","author":"Jungsi","date":"30. July 2017","format":false,"excerpt":"Konsolen Sammlung Konsolen 12_2018 Konsolen sind auch f\u00fcr mich ein \"neueres\" Thema. Die erste eigene Spielkonsole war vor l\u00e4ngerer Zeit eine gebrauchte Sony Playstation. Die erste eigene neue Konsole war dann 2009 die Nintendo Wii und 2018 die Nintendo Switch. Da mich die Technik immer schon interessierte, ich aber fr\u00fcher\u2026","rel":"","context":"Similar post","block_context":{"text":"Similar post","link":""},"img":{"alt_text":"","src":"https:\/\/i0.wp.com\/www.jungsi.de\/blog\/wp-content\/uploads\/Konsolen.jpg?resize=350%2C200&ssl=1","width":350,"height":200,"srcset":"https:\/\/i0.wp.com\/www.jungsi.de\/blog\/wp-content\/uploads\/Konsolen.jpg?resize=350%2C200&ssl=1 1x, https:\/\/i0.wp.com\/www.jungsi.de\/blog\/wp-content\/uploads\/Konsolen.jpg?resize=525%2C300&ssl=1 1.5x, https:\/\/i0.wp.com\/www.jungsi.de\/blog\/wp-content\/uploads\/Konsolen.jpg?resize=700%2C400&ssl=1 2x"},"classes":[]},{"id":22631,"url":"https:\/\/www.jungsi.de\/en\/handheld-konsolen\/microvision\/","url_meta":{"origin":27865,"position":2},"title":"MB Microvision","author":"Jungsi","date":"8. April 2019","format":false,"excerpt":"MB Microvision Microvision - Blockbuster Das MB Microvision war die erste tragbare Spielekonsole mit austauschbaren Spielmodulen und gilt als ein Pionier in der Geschichte des Handheld-Gamings. Obwohl es heute weniger bekannt ist, legte das Microvision den Grundstein f\u00fcr viele der tragbaren Konsolen, die in den folgenden Jahrzehnten erfolgreich wurden. Die\u2026","rel":"","context":"Similar post","block_context":{"text":"Similar post","link":""},"img":{"alt_text":"Microvision - 4 Gewinnt Box Vorderseite","src":"https:\/\/i0.wp.com\/www.jungsi.de\/blog\/wp-content\/uploads\/Microvision-4-Gewinnt-Box-Vorderseite-e1609598274438.jpg?resize=350%2C200&ssl=1","width":350,"height":200,"srcset":"https:\/\/i0.wp.com\/www.jungsi.de\/blog\/wp-content\/uploads\/Microvision-4-Gewinnt-Box-Vorderseite-e1609598274438.jpg?resize=350%2C200&ssl=1 1x, https:\/\/i0.wp.com\/www.jungsi.de\/blog\/wp-content\/uploads\/Microvision-4-Gewinnt-Box-Vorderseite-e1609598274438.jpg?resize=525%2C300&ssl=1 1.5x"},"classes":[]},{"id":27787,"url":"https:\/\/www.jungsi.de\/en\/heimcomputer\/msx-sony-hitbit-75-p\/sony-hitbit-75-p\/","url_meta":{"origin":27865,"position":3},"title":"Sony HitBit 75-P","author":"Jungsi","date":"16. January 2023","format":false,"excerpt":"Sony HitBit 75-P Sony HitBit 75-P Sony war mit dem HitBit (1984) eine der ersten Firmen, die auf dem deutschen Markt einen MSX-Computer anboten. Abgesehen von Basisfunktionen, die bei allen MSX-Rechnern gleich waren, stach der Sony durch eine \"Peronal Data Bank\" zur Speicherung von Telefonnummern, Terminen und Notizen etwas hervor.Was\u2026","rel":"","context":"Similar post","block_context":{"text":"Similar post","link":""},"img":{"alt_text":"Sony HitBit 75P","src":"https:\/\/i0.wp.com\/www.jungsi.de\/blog\/wp-content\/uploads\/Sony-HitBit-75P-oben.jpg?resize=350%2C200&ssl=1","width":350,"height":200,"srcset":"https:\/\/i0.wp.com\/www.jungsi.de\/blog\/wp-content\/uploads\/Sony-HitBit-75P-oben.jpg?resize=350%2C200&ssl=1 1x, https:\/\/i0.wp.com\/www.jungsi.de\/blog\/wp-content\/uploads\/Sony-HitBit-75P-oben.jpg?resize=525%2C300&ssl=1 1.5x, https:\/\/i0.wp.com\/www.jungsi.de\/blog\/wp-content\/uploads\/Sony-HitBit-75P-oben.jpg?resize=700%2C400&ssl=1 2x, https:\/\/i0.wp.com\/www.jungsi.de\/blog\/wp-content\/uploads\/Sony-HitBit-75P-oben.jpg?resize=1050%2C600&ssl=1 3x, https:\/\/i0.wp.com\/www.jungsi.de\/blog\/wp-content\/uploads\/Sony-HitBit-75P-oben.jpg?resize=1400%2C800&ssl=1 4x"},"classes":[]},{"id":35159,"url":"https:\/\/www.jungsi.de\/en\/konsolen-emulator\/","url_meta":{"origin":27865,"position":4},"title":"Konsolen-Emulator","author":"Jungsi","date":"18. January 2025","format":false,"excerpt":"Hier eine Liste meiner Konsolen, die auf Emulatoren basieren (oft als \u201aMini\u2018-Version erh\u00e4ltlich), geordnet nach Erscheinungsdatum. Nintendo Classic Mini (2016) SNES Classic Mini (2017) Neo Geo Mini (2018) PlayStation Classic (2018) Sega Mega Drive Mini (2019) Evercade VS (2021) Sega Mega Drive Mini II (2022) Atari 2600+ (2023) Evercade VS\u2026","rel":"","context":"Similar post","block_context":{"text":"Similar post","link":""},"img":{"alt_text":"Nintendo Classic Mini","src":"https:\/\/i0.wp.com\/www.jungsi.de\/blog\/wp-content\/uploads\/Nintendo-Classic-Mini.jpg?resize=350%2C200&ssl=1","width":350,"height":200,"srcset":"https:\/\/i0.wp.com\/www.jungsi.de\/blog\/wp-content\/uploads\/Nintendo-Classic-Mini.jpg?resize=350%2C200&ssl=1 1x, https:\/\/i0.wp.com\/www.jungsi.de\/blog\/wp-content\/uploads\/Nintendo-Classic-Mini.jpg?resize=525%2C300&ssl=1 1.5x, https:\/\/i0.wp.com\/www.jungsi.de\/blog\/wp-content\/uploads\/Nintendo-Classic-Mini.jpg?resize=700%2C400&ssl=1 2x, https:\/\/i0.wp.com\/www.jungsi.de\/blog\/wp-content\/uploads\/Nintendo-Classic-Mini.jpg?resize=1050%2C600&ssl=1 3x, https:\/\/i0.wp.com\/www.jungsi.de\/blog\/wp-content\/uploads\/Nintendo-Classic-Mini.jpg?resize=1400%2C800&ssl=1 4x"},"classes":[]},{"id":18072,"url":"https:\/\/www.jungsi.de\/en\/die-sammlung\/","url_meta":{"origin":27865,"position":5},"title":"The Collection","author":"Jungsi","date":"30. July 2017","format":false,"excerpt":"\u00dcbersicht der Hardware-Sammlung Hier finden Sie eine \u00dcbersicht meiner Sammlung, geordnet nach dem Ver\u00f6ffentlichungsjahr der Ger\u00e4te. Wenn verf\u00fcgbar, sind Links zu den Artikeln beigef\u00fcgt, die ich \u00fcber die entsprechende Hardware verfasst habe. Es lohnt sich, regelm\u00e4\u00dfig vorbeizuschauen, da die Seite kontinuierlich aktualisiert wird.Erkl\u00e4rung der Kategorien:Heimcomputer: klassische Heimcomputer und moderne VersionenKonsolen:\u2026","rel":"","context":"Similar post","block_context":{"text":"Similar post","link":""},"img":{"alt_text":"","src":"","width":0,"height":0},"classes":[]}],"_links":{"self":[{"href":"https:\/\/www.jungsi.de\/en\/wp-json\/wp\/v2\/pages\/27865","targetHints":{"allow":["GET"]}}],"collection":[{"href":"https:\/\/www.jungsi.de\/en\/wp-json\/wp\/v2\/pages"}],"about":[{"href":"https:\/\/www.jungsi.de\/en\/wp-json\/wp\/v2\/types\/page"}],"author":[{"embeddable":true,"href":"https:\/\/www.jungsi.de\/en\/wp-json\/wp\/v2\/users\/2"}],"replies":[{"embeddable":true,"href":"https:\/\/www.jungsi.de\/en\/wp-json\/wp\/v2\/comments?post=27865"}],"version-history":[{"count":0,"href":"https:\/\/www.jungsi.de\/en\/wp-json\/wp\/v2\/pages\/27865\/revisions"}],"up":[{"embeddable":true,"href":"https:\/\/www.jungsi.de\/en\/wp-json\/wp\/v2\/pages\/32886"}],"wp:featuredmedia":[{"embeddable":true,"href":"https:\/\/www.jungsi.de\/en\/wp-json\/wp\/v2\/media\/32919"}],"wp:attachment":[{"href":"https:\/\/www.jungsi.de\/en\/wp-json\/wp\/v2\/media?parent=27865"}],"curies":[{"name":"wp","href":"https:\/\/api.w.org\/{rel}","templated":true}]}}