{"id":27834,"date":"2023-01-13T21:39:58","date_gmt":"2023-01-13T20:39:58","guid":{"rendered":"https:\/\/www.jungsi.de\/?page_id=27834"},"modified":"2026-03-28T19:03:31","modified_gmt":"2026-03-28T18:03:31","slug":"amstrad-gx4000","status":"publish","type":"page","link":"https:\/\/www.jungsi.de\/en\/konsolen\/amstrad-gx4000\/","title":{"rendered":"Amstrad GX4000"},"content":{"rendered":"<p><\/p>\n\n\n\n<h2 class=\"wp-block-heading has-text-align-center\">Amstrad GX4000<\/h2>\n\n\n\n<figure class=\"wp-block-image size-large\"><img loading=\"lazy\" decoding=\"async\" width=\"1024\" height=\"768\" data-attachment-id=\"23947\" data-permalink=\"https:\/\/www.jungsi.de\/en\/amstrad-gx4000-amstrad\/gx4000-konsole-seitlich-vorne\/\" data-orig-file=\"https:\/\/www.jungsi.de\/blog\/wp-content\/uploads\/GX4000-Konsole-seitlich-vorne.jpg\" data-orig-size=\"1400,1050\" data-comments-opened=\"1\" data-image-meta=\"{&quot;aperture&quot;:&quot;3.5&quot;,&quot;credit&quot;:&quot;&quot;,&quot;camera&quot;:&quot;Canon PowerShot SX260 HS&quot;,&quot;caption&quot;:&quot;&quot;,&quot;created_timestamp&quot;:&quot;1574440401&quot;,&quot;copyright&quot;:&quot;&quot;,&quot;focal_length&quot;:&quot;4.5&quot;,&quot;iso&quot;:&quot;640&quot;,&quot;shutter_speed&quot;:&quot;0.033333333333333&quot;,&quot;title&quot;:&quot;&quot;,&quot;orientation&quot;:&quot;1&quot;}\" data-image-title=\"GX4000 &amp;#8211; Konsole seitlich vorne\" data-image-description=\"&lt;p&gt;GX4000&lt;\/p&gt;\" data-image-caption=\"&lt;p&gt;GX4000&lt;\/p&gt;\" data-large-file=\"https:\/\/www.jungsi.de\/blog\/wp-content\/uploads\/GX4000-Konsole-seitlich-vorne-1024x768.jpg\" src=\"https:\/\/www.jungsi.de\/blog\/wp-content\/uploads\/GX4000-Konsole-seitlich-vorne-1024x768.jpg\" alt=\"GX4000\" class=\"wp-image-23947\" srcset=\"https:\/\/www.jungsi.de\/blog\/wp-content\/uploads\/GX4000-Konsole-seitlich-vorne-1024x768.jpg 1024w, https:\/\/www.jungsi.de\/blog\/wp-content\/uploads\/GX4000-Konsole-seitlich-vorne-300x225.jpg 300w, https:\/\/www.jungsi.de\/blog\/wp-content\/uploads\/GX4000-Konsole-seitlich-vorne.jpg 1400w\" sizes=\"auto, (max-width: 1024px) 100vw, 1024px\" \/><figcaption class=\"wp-element-caption\">GX4000<\/figcaption><\/figure>\n\n\n\n<p>Der Amstrad GX4000 war Amstrads einziger Versuch, eine dedizierte Spielekonsole auf den Markt zu bringen \u2014 und er scheiterte gr\u00fcndlich. Die 1990 erschienene Konsole basierte auf der CPC-Technologie und sollte mit einer verbesserten Grafik- und Soundchipversorgung aus den Heimcomputer-Genen heraus zu einer vollwertigen Konsole reifen. Das Grundproblem war jedoch nicht die Hardware, sondern das Timing: Mit nur rund 27 Spielen bei Markteinf\u00fchrung und einer Bibliothek, die nie wirklich \u00fcber 30 Titel hinauswuchs, hatte die GX4000 von Anfang an keine Chance gegen das technisch \u00fcberlegene Mega Drive und das bereits etablierte NES. Amstrad stellte die Produktion nach weniger als einem Jahr wieder ein. Heute ist der GX4000 ein begehrtes Sammlerobjekt \u2014 gerade weil er so selten und so kurzlebig war.<\/p>\n\n\n\n<table id=\"tablepress-284\" class=\"tablepress tablepress-id-284\">\n<tbody class=\"row-striping row-hover\">\n<tr class=\"row-1\">\n\t<td class=\"column-1\"><strong>Hersteller:<\/strong><\/td><td class=\"column-2\">Amstrad<\/td>\n<\/tr>\n<tr class=\"row-2\">\n\t<td class=\"column-1\"><strong>Modell:<\/strong><\/td><td class=\"column-2\">GX4000<\/td>\n<\/tr>\n<tr class=\"row-3\">\n\t<td class=\"column-1\"><strong>Herkunft:<\/strong><\/td><td class=\"column-2\">GB<\/td>\n<\/tr>\n<tr class=\"row-4\">\n\t<td class=\"column-1\"><strong>Erscheinungsjahr:<\/strong><\/td><td class=\"column-2\">1990<\/td>\n<\/tr>\n<tr class=\"row-5\">\n\t<td class=\"column-1\"><strong>Produktionsende:<\/strong><\/td><td class=\"column-2\">1990<\/td>\n<\/tr>\n<tr class=\"row-6\">\n\t<td class=\"column-1\"><strong>St\u00fcckzahl:<\/strong><\/td><td class=\"column-2\">20.000 &#8211; 40.000<\/td>\n<\/tr>\n<tr class=\"row-7\">\n\t<td class=\"column-1\"><strong>Prozessor:<\/strong><\/td><td class=\"column-2\">Zilog Z80A<\/td>\n<\/tr>\n<tr class=\"row-8\">\n\t<td class=\"column-1\"><strong>Taktfrequenz:<\/strong><\/td><td class=\"column-2\">4 MHz<\/td>\n<\/tr>\n<tr class=\"row-9\">\n\t<td class=\"column-1\"><strong>RAM:<\/strong><\/td><td class=\"column-2\">64 kB Arbeitsspeicher <br \/>\n16 kB Videospeicher<\/td>\n<\/tr>\n<tr class=\"row-10\">\n\t<td class=\"column-1\"><strong>ROM<\/strong><\/td><td class=\"column-2\">32 kB<\/td>\n<\/tr>\n<tr class=\"row-11\">\n\t<td class=\"column-1\"><strong>Farben:<\/strong><\/td><td class=\"column-2\">32 Farben aus einer Palette mit 4096 Farben<\/td>\n<\/tr>\n<tr class=\"row-12\">\n\t<td class=\"column-1\"><strong>Anzeigemodi:<\/strong><\/td><td class=\"column-2\">160&#215;200 bis 640&#215;200<\/td>\n<\/tr>\n<tr class=\"row-13\">\n\t<td class=\"column-1\"><strong>Sprites:<\/strong><\/td><td class=\"column-2\">16<\/td>\n<\/tr>\n<tr class=\"row-14\">\n\t<td class=\"column-1\"><strong>Soundchip:<\/strong><\/td><td class=\"column-2\">General Instruments AY-3-8912 <\/td>\n<\/tr>\n<tr class=\"row-15\">\n\t<td class=\"column-1\"><strong>Sound:<\/strong><\/td><td class=\"column-2\">3 Kanal Stereo<\/td>\n<\/tr>\n<tr class=\"row-16\">\n\t<td class=\"column-1\"><strong>Laufwerk:<\/strong><\/td><td class=\"column-2\">Modul<\/td>\n<\/tr>\n<tr class=\"row-17\">\n\t<td class=\"column-1\"><strong>I\/O:<\/strong><\/td><td class=\"column-2\">&#8211; Audio Ausgang<br \/>\n&#8211; 2 Digital Joystickanschl\u00fcsse 9 polig<br \/>\n&#8211; IBM Standard Analog Game Controller Anschluss<br \/>\n&#8211; Light Gun ; RJ-11 Buchse<br \/>\n&#8211; DIN Composite Video Buchse<br \/>\n&#8211; Scart Anschluss voll beschaltet<br \/>\n&#8211; UHF TV Anschluss (nur in der englischen Ausf\u00fchrung, bei der franz\u00f6sischen nicht vorhanden)<br \/>\n&#8211; Stromversorung mit externen Netzteil oder \u00fcber Amstrad\/Schneider Monitor der CPC Reihe<\/td>\n<\/tr>\n<\/tbody>\n<\/table>","protected":false},"excerpt":{"rendered":"<p>Amstrad GX4000 Der Amstrad GX4000 war Amstrads einziger Versuch, eine dedizierte Spielekonsole auf den Markt zu bringen \u2014 und er scheiterte gr\u00fcndlich. Die 1990 erschienene \u2026<\/p>","protected":false},"author":2,"featured_media":0,"parent":18078,"menu_order":0,"comment_status":"closed","ping_status":"closed","template":"","meta":{"_lmt_disableupdate":"","_lmt_disable":"","ngg_post_thumbnail":0,"jetpack_post_was_ever_published":false,"footnotes":"","_links_to":"","_links_to_target":""},"class_list":["post-27834","page","type-page","status-publish","hentry"],"jetpack_shortlink":"https:\/\/wp.me\/P4eXvk-7eW","jetpack_sharing_enabled":true,"jetpack_likes_enabled":true,"jetpack-related-posts":[{"id":12379,"url":"https:\/\/www.jungsi.de\/en\/spiele\/sonstige-spiele\/","url_meta":{"origin":27834,"position":0},"title":"Sonstige Spiele\/Software","author":"Jungsi","date":"15. January 2016","format":false,"excerpt":"Sonstige Spiele\/Software Da ich f\u00fcr die folgenden Systeme weniger als 10 Spiele bzw. Software besitze, werden diese nicht auf einer eigenen Seite pr\u00e4sentiert. Amstrad GX4000 Atari 7800 Apple IIe Bandai WonderSwan Color MSX Sharp MZ SNK Neo Geo AES SNK Neo Geo Pocket Thomson Acorn BBC Micro Attack On Alpha\u2026","rel":"","context":"Similar post","block_context":{"text":"Similar post","link":""},"img":{"alt_text":"Football - Atari XL","src":"https:\/\/i0.wp.com\/www.jungsi.de\/blog\/wp-content\/uploads\/football-atari-xl.jpg?resize=350%2C200&ssl=1","width":350,"height":200,"srcset":"https:\/\/i0.wp.com\/www.jungsi.de\/blog\/wp-content\/uploads\/football-atari-xl.jpg?resize=350%2C200&ssl=1 1x, https:\/\/i0.wp.com\/www.jungsi.de\/blog\/wp-content\/uploads\/football-atari-xl.jpg?resize=525%2C300&ssl=1 1.5x, https:\/\/i0.wp.com\/www.jungsi.de\/blog\/wp-content\/uploads\/football-atari-xl.jpg?resize=700%2C400&ssl=1 2x"},"classes":[]},{"id":29047,"url":"https:\/\/www.jungsi.de\/en\/heimcomputer\/schneider-amstrad\/","url_meta":{"origin":27834,"position":1},"title":"Schneider\/Amstrad","author":"Jungsi","date":"6. February 2023","format":false,"excerpt":"Schneider\/Amstrad Schneider CPC-Reihe Schneider Joyce Geschichte der Firma Schneider in Bezug auf Heimcomputer und deren Beziehung zu Amstrad Einf\u00fchrung und Hintergrund (1938-1983): Gr\u00fcndung und fr\u00fche Jahre: Die Schneider Rundfunkwerke AG wurde 1938 in T\u00fcrkheim, Deutschland, gegr\u00fcndet und etablierte sich als Hersteller von Radio- und Fernsehempf\u00e4ngern. In den 1970er und fr\u00fchen\u2026","rel":"","context":"Similar post","block_context":{"text":"Similar post","link":""},"img":{"alt_text":"","src":"","width":0,"height":0},"classes":[]},{"id":27743,"url":"https:\/\/www.jungsi.de\/en\/heimcomputer\/schneider-amstrad\/amstrad-nc100\/","url_meta":{"origin":27834,"position":2},"title":"Amstrad NC100","author":"Jungsi","date":"2. August 2024","format":false,"excerpt":"Amstrad NC100 Amstrad NC100 Der Amstrad NC100 war ein tragbarer A4-Computer, der im Juli 1992 von Amstrad eingef\u00fchrt wurde. Er verf\u00fcgte \u00fcber eine vollst\u00e4ndige Tastatur und einen Bildschirm mit 80 Spalten und 8 Zeilen. Der NC100 beinhaltete das Protext-Textverarbeitungsprogramm, verschiedene Organizer-Funktionen wie ein Tagebuch, ein Adressbuch und einen Zeitmanager sowie\u2026","rel":"","context":"Similar post","block_context":{"text":"Similar post","link":""},"img":{"alt_text":"Amstrad NC100","src":"https:\/\/i0.wp.com\/www.jungsi.de\/blog\/wp-content\/uploads\/Amstrad-NC100.jpg?resize=350%2C200&ssl=1","width":350,"height":200,"srcset":"https:\/\/i0.wp.com\/www.jungsi.de\/blog\/wp-content\/uploads\/Amstrad-NC100.jpg?resize=350%2C200&ssl=1 1x, https:\/\/i0.wp.com\/www.jungsi.de\/blog\/wp-content\/uploads\/Amstrad-NC100.jpg?resize=525%2C300&ssl=1 1.5x, https:\/\/i0.wp.com\/www.jungsi.de\/blog\/wp-content\/uploads\/Amstrad-NC100.jpg?resize=700%2C400&ssl=1 2x, https:\/\/i0.wp.com\/www.jungsi.de\/blog\/wp-content\/uploads\/Amstrad-NC100.jpg?resize=1050%2C600&ssl=1 3x, https:\/\/i0.wp.com\/www.jungsi.de\/blog\/wp-content\/uploads\/Amstrad-NC100.jpg?resize=1400%2C800&ssl=1 4x"},"classes":[]},{"id":11329,"url":"https:\/\/www.jungsi.de\/en\/heimcomputer\/schneider-amstrad\/schneider-cpc-und-zuebhoer\/","url_meta":{"origin":27834,"position":3},"title":"Amstrad\/Schneider CPC","author":"Jungsi","date":"8. August 2015","format":false,"excerpt":"Amstrad\/Schneider CPC Amstrad CPC 464 Schneider CPC464 Schneider CPC6128 Der CPC 6128 ist mit einem eingebauten Diskettenlaufwerk statt eines Bandger\u00e4ts ausgestattet. Ein Kassettenlaufwerk kann weiterhin extern hinzugef\u00fcgt werden. Eine weitere Verbesserung ist der Speicher, der jetzt zwei 64K-B\u00e4nke mit insgesamt 128 KB nutzt.Das interne Diskettenlaufwerk erlaubt die Nutzung von CP\/M\u2026","rel":"","context":"With 2 comments","block_context":{"text":"With 2 comments","link":"https:\/\/www.jungsi.de\/en\/heimcomputer\/schneider-amstrad\/schneider-cpc-und-zuebhoer\/#comments"},"img":{"alt_text":"Schneider GT 64","src":"https:\/\/i0.wp.com\/www.jungsi.de\/blog\/wp-content\/uploads\/gt-64.jpg?resize=350%2C200&ssl=1","width":350,"height":200,"srcset":"https:\/\/i0.wp.com\/www.jungsi.de\/blog\/wp-content\/uploads\/gt-64.jpg?resize=350%2C200&ssl=1 1x, https:\/\/i0.wp.com\/www.jungsi.de\/blog\/wp-content\/uploads\/gt-64.jpg?resize=525%2C300&ssl=1 1.5x, https:\/\/i0.wp.com\/www.jungsi.de\/blog\/wp-content\/uploads\/gt-64.jpg?resize=700%2C400&ssl=1 2x"},"classes":[]},{"id":27775,"url":"https:\/\/www.jungsi.de\/en\/heimcomputer\/schneider-amstrad\/schneider-joyce\/","url_meta":{"origin":27834,"position":4},"title":"Schneider Joyce","author":"Jungsi","date":"13. January 2023","format":false,"excerpt":"Schneider Joyce Schneider Joyce 8256 Ein beinahe in Vergessenheit geratenes Ger\u00e4t aus den 1980er Jahren ist der Schneider Joyce. Urspr\u00fcnglich in England von Amstrad entwickelt, wurden die Schneider CPC-Rechner von den Schneider Rundfunkwerken in Deutschland vertrieben. In Gro\u00dfbritannien wurde das Produkt unter dem Namen PCW (Personal Computer for Word Processing)\u2026","rel":"","context":"Similar post","block_context":{"text":"Similar post","link":""},"img":{"alt_text":"Schneider Joyce 8256","src":"https:\/\/i0.wp.com\/www.jungsi.de\/blog\/wp-content\/uploads\/Schneider-Joyce-8256.jpg?resize=350%2C200&ssl=1","width":350,"height":200,"srcset":"https:\/\/i0.wp.com\/www.jungsi.de\/blog\/wp-content\/uploads\/Schneider-Joyce-8256.jpg?resize=350%2C200&ssl=1 1x, https:\/\/i0.wp.com\/www.jungsi.de\/blog\/wp-content\/uploads\/Schneider-Joyce-8256.jpg?resize=525%2C300&ssl=1 1.5x, https:\/\/i0.wp.com\/www.jungsi.de\/blog\/wp-content\/uploads\/Schneider-Joyce-8256.jpg?resize=700%2C400&ssl=1 2x, https:\/\/i0.wp.com\/www.jungsi.de\/blog\/wp-content\/uploads\/Schneider-Joyce-8256.jpg?resize=1050%2C600&ssl=1 3x"},"classes":[]},{"id":18106,"url":"https:\/\/www.jungsi.de\/en\/suche-biete\/","url_meta":{"origin":27834,"position":5},"title":"Suche\/Kaufe\/Tausche","author":"Jungsi","date":"30. July 2017","format":false,"excerpt":"Suche\/Kaufe\/Tausche Meine Sammlung kann immer noch das eine oder andere zus\u00e4tzliche St\u00fcck vertragen. Bevor Hardware verschrottet wird, bewahre ich sie gerne vor diesem Schicksal. Die Ger\u00e4te werden gereinigt, soweit m\u00f6glich instand gesetzt und wieder in Betrieb genommen, sollten sie nicht mehr funktionieren. Falls Sie etwas loswerden wollen, k\u00f6nnen Sie sich\u2026","rel":"","context":"Similar post","block_context":{"text":"Similar post","link":""},"img":{"alt_text":"","src":"","width":0,"height":0},"classes":[]}],"_links":{"self":[{"href":"https:\/\/www.jungsi.de\/en\/wp-json\/wp\/v2\/pages\/27834","targetHints":{"allow":["GET"]}}],"collection":[{"href":"https:\/\/www.jungsi.de\/en\/wp-json\/wp\/v2\/pages"}],"about":[{"href":"https:\/\/www.jungsi.de\/en\/wp-json\/wp\/v2\/types\/page"}],"author":[{"embeddable":true,"href":"https:\/\/www.jungsi.de\/en\/wp-json\/wp\/v2\/users\/2"}],"replies":[{"embeddable":true,"href":"https:\/\/www.jungsi.de\/en\/wp-json\/wp\/v2\/comments?post=27834"}],"version-history":[{"count":1,"href":"https:\/\/www.jungsi.de\/en\/wp-json\/wp\/v2\/pages\/27834\/revisions"}],"predecessor-version":[{"id":40537,"href":"https:\/\/www.jungsi.de\/en\/wp-json\/wp\/v2\/pages\/27834\/revisions\/40537"}],"up":[{"embeddable":true,"href":"https:\/\/www.jungsi.de\/en\/wp-json\/wp\/v2\/pages\/18078"}],"wp:attachment":[{"href":"https:\/\/www.jungsi.de\/en\/wp-json\/wp\/v2\/media?parent=27834"}],"curies":[{"name":"wp","href":"https:\/\/api.w.org\/{rel}","templated":true}]}}