{"id":27787,"date":"2023-01-16T14:10:45","date_gmt":"2023-01-16T13:10:45","guid":{"rendered":"https:\/\/www.jungsi.de\/?page_id=27787"},"modified":"2025-07-31T10:59:25","modified_gmt":"2025-07-31T08:59:25","slug":"sony-hitbit-75-p","status":"publish","type":"page","link":"https:\/\/www.jungsi.de\/en\/heimcomputer\/msx-sony-hitbit-75-p\/sony-hitbit-75-p\/","title":{"rendered":"Sony HitBit 75-P"},"content":{"rendered":"<p><\/p>\n\n\n\n<h2 class=\"wp-block-heading has-text-align-center\">Sony HitBit 75-P<\/h2>\n\n\n<div class=\"wp-block-image\">\n<figure class=\"aligncenter size-large\"><img loading=\"lazy\" decoding=\"async\" width=\"1024\" height=\"768\" data-attachment-id=\"31900\" data-permalink=\"https:\/\/www.jungsi.de\/en\/heimcomputer\/msx-sony-hitbit-75-p\/sony-hitbit-75-p\/sony-hitbit-75p-oben\/\" data-orig-file=\"https:\/\/www.jungsi.de\/blog\/wp-content\/uploads\/Sony-HitBit-75P-oben.jpg\" data-orig-size=\"1400,1050\" data-comments-opened=\"1\" data-image-meta=\"{&quot;aperture&quot;:&quot;1.5&quot;,&quot;credit&quot;:&quot;&quot;,&quot;camera&quot;:&quot;iPhone 14&quot;,&quot;caption&quot;:&quot;&quot;,&quot;created_timestamp&quot;:&quot;1709302118&quot;,&quot;copyright&quot;:&quot;&quot;,&quot;focal_length&quot;:&quot;5.7&quot;,&quot;iso&quot;:&quot;400&quot;,&quot;shutter_speed&quot;:&quot;0.016666666666667&quot;,&quot;title&quot;:&quot;&quot;,&quot;orientation&quot;:&quot;1&quot;}\" data-image-title=\"Sony HitBit 75P\" data-image-description=\"&lt;p&gt;Sony HitBit 75P&lt;\/p&gt;\" data-image-caption=\"&lt;p&gt;Sony HitBit 75P&lt;\/p&gt;\" data-large-file=\"https:\/\/www.jungsi.de\/blog\/wp-content\/uploads\/Sony-HitBit-75P-oben-1024x768.jpg\" src=\"https:\/\/www.jungsi.de\/blog\/wp-content\/uploads\/Sony-HitBit-75P-oben-1024x768.jpg\" alt=\"\" class=\"wp-image-31900\" srcset=\"https:\/\/www.jungsi.de\/blog\/wp-content\/uploads\/Sony-HitBit-75P-oben-1024x768.jpg 1024w, https:\/\/www.jungsi.de\/blog\/wp-content\/uploads\/Sony-HitBit-75P-oben-300x225.jpg 300w, https:\/\/www.jungsi.de\/blog\/wp-content\/uploads\/Sony-HitBit-75P-oben.jpg 1400w\" sizes=\"auto, (max-width: 1024px) 100vw, 1024px\" \/><figcaption class=\"wp-element-caption\"><a href=\"https:\/\/www.jungsi.de\/en\/sony-hitbit-hb-75p-retro-msx\/\" data-type=\"post\" data-id=\"11089\">Sony HitBit 75-P <\/a><\/figcaption><\/figure>\n<\/div>\n\n\n<p><\/p>\n\n\n\n<p>Sony war mit dem HitBit (1984) eine der ersten Firmen, die auf dem deutschen Markt einen MSX-Computer anboten. Abgesehen von Basisfunktionen, die bei allen MSX-Rechnern gleich waren, stach der Sony durch eine &#8222;Peronal Data Bank&#8220; zur Speicherung von Telefonnummern, Terminen und Notizen etwas hervor.<br>Was besonders auff\u00e4llt, ist das hochwertige Design im Vergleich zum grobschl\u00e4chtigen Geh\u00e4use eines C-64. Diese Optik setzte sich auch bei den Peripherieger\u00e4ten fort.<\/p>\n\n\n\n<table id=\"tablepress-255\" class=\"tablepress tablepress-id-255\">\n<tbody>\n<tr class=\"row-1\">\n\t<td class=\"column-1\"><strong>Ver\u00f6ffentlichung:<\/strong><\/td><td class=\"column-2\">1984<\/td>\n<\/tr>\n<tr class=\"row-2\">\n\t<td class=\"column-1\"><strong>verkaufte Einheiten:<\/strong><\/td><td class=\"column-2\">> ??<\/td>\n<\/tr>\n<tr class=\"row-3\">\n\t<td class=\"column-1\"><strong>Prozessor:<\/strong><\/td><td class=\"column-2\">Zilog Z80 (8-bit); 3,58 MHz<\/td>\n<\/tr>\n<tr class=\"row-4\">\n\t<td class=\"column-1\"><strong>RAM:<\/strong><\/td><td class=\"column-2\">64 KB<\/td>\n<\/tr>\n<tr class=\"row-5\">\n\t<td class=\"column-1\"><strong>Grafik-Chip<\/strong><\/td><td class=\"column-2\">Texas Instruments TMS 9918 A<\/td>\n<\/tr>\n<tr class=\"row-6\">\n\t<td class=\"column-1\"><strong>Grafikaufl\u00f6sung:<\/strong><\/td><td class=\"column-2\">256 \u00d7 192 (16 Farben)<\/td>\n<\/tr>\n<tr class=\"row-7\">\n\t<td class=\"column-1\"><strong>Soundchp<\/strong><\/td><td class=\"column-2\">AY-3-8910<\/td>\n<\/tr>\n<tr class=\"row-8\">\n\t<td class=\"column-1\"><strong>Speichermedien:<\/strong><\/td><td class=\"column-2\">Module, Diskette usw.<\/td>\n<\/tr>\n<tr class=\"row-9\">\n\t<td class=\"column-1\"><strong>Sprites:<\/strong><\/td><td class=\"column-2\">32, 1 Farbe (h\u00f6chstens 4 Sprites pro Zeile)<\/td>\n<\/tr>\n<\/tbody>\n<\/table>\n<!-- #tablepress-255 from cache -->","protected":false},"excerpt":{"rendered":"<p>Sony HitBit 75-P Sony war mit dem HitBit (1984) eine der ersten Firmen, die auf dem deutschen Markt einen MSX-Computer anboten. Abgesehen von Basisfunktionen, die \u2026<\/p>","protected":false},"author":2,"featured_media":31900,"parent":19748,"menu_order":0,"comment_status":"closed","ping_status":"closed","template":"","meta":{"_lmt_disableupdate":"","_lmt_disable":"","ngg_post_thumbnail":0,"jetpack_post_was_ever_published":false,"footnotes":"","_links_to":"","_links_to_target":""},"class_list":["post-27787","page","type-page","status-publish","has-post-thumbnail","hentry"],"jetpack_shortlink":"https:\/\/wp.me\/P4eXvk-7eb","jetpack_sharing_enabled":true,"jetpack_likes_enabled":true,"jetpack-related-posts":[{"id":27769,"url":"https:\/\/www.jungsi.de\/en\/heimcomputer\/msx-sony-hitbit-75-p\/philips-vg-8235\/","url_meta":{"origin":27787,"position":0},"title":"Philips VG-8235","author":"Jungsi","date":"16. January 2023","format":false,"excerpt":"Philips VG-8235 Philips VG-8235 Dieser Computer ist Teil der MSX2-Serie. Im Vergleich zu den Vorg\u00e4ngermodellen der MSX1-Serie erweiterte der MSX-Standard neue BASIC-Befehle (BASIC wurde von Microsoft entwickelt) und hochaufl\u00f6sende Grafikmodi. Der Philips VG-8235 war einer der am besten ausgestatteten Computer: ein 3,5-Zoll-Diskettenlaufwerk (360 KB) und 128 KB Videospeicher (512 x\u2026","rel":"","context":"Similar post","block_context":{"text":"Similar post","link":""},"img":{"alt_text":"","src":"https:\/\/i0.wp.com\/www.jungsi.de\/blog\/wp-content\/uploads\/Game-Controller-MSX.jpg?resize=350%2C200&ssl=1","width":350,"height":200,"srcset":"https:\/\/i0.wp.com\/www.jungsi.de\/blog\/wp-content\/uploads\/Game-Controller-MSX.jpg?resize=350%2C200&ssl=1 1x, https:\/\/i0.wp.com\/www.jungsi.de\/blog\/wp-content\/uploads\/Game-Controller-MSX.jpg?resize=525%2C300&ssl=1 1.5x, https:\/\/i0.wp.com\/www.jungsi.de\/blog\/wp-content\/uploads\/Game-Controller-MSX.jpg?resize=700%2C400&ssl=1 2x, https:\/\/i0.wp.com\/www.jungsi.de\/blog\/wp-content\/uploads\/Game-Controller-MSX.jpg?resize=1050%2C600&ssl=1 3x, https:\/\/i0.wp.com\/www.jungsi.de\/blog\/wp-content\/uploads\/Game-Controller-MSX.jpg?resize=1400%2C800&ssl=1 4x"},"classes":[]},{"id":19748,"url":"https:\/\/www.jungsi.de\/en\/heimcomputer\/msx-sony-hitbit-75-p\/","url_meta":{"origin":27787,"position":1},"title":"MSX","author":"Jungsi","date":"28. February 2018","format":false,"excerpt":"MSX Philips VG-8235 Sony HitBit 75-P Zusammenfassung zum MSX-Standard Der MSX-Standard war eine einheitliche Plattform f\u00fcr Heimcomputer, die Anfang der 1980er Jahre entwickelt wurde. Hier sind die wichtigsten Punkte seiner Geschichte und Merkmale: Einf\u00fchrung und Zielsetzung (1983): Konzept: Der MSX-Standard wurde von Kazuhiko Nishi von Microsoft Japan in Zusammenarbeit mit\u2026","rel":"","context":"Similar post","block_context":{"text":"Similar post","link":""},"img":{"alt_text":"","src":"https:\/\/i0.wp.com\/www.jungsi.de\/blog\/wp-content\/uploads\/Carnivore-2-R%C3%BCckseite.jpg?resize=350%2C200&ssl=1","width":350,"height":200,"srcset":"https:\/\/i0.wp.com\/www.jungsi.de\/blog\/wp-content\/uploads\/Carnivore-2-R%C3%BCckseite.jpg?resize=350%2C200&ssl=1 1x, https:\/\/i0.wp.com\/www.jungsi.de\/blog\/wp-content\/uploads\/Carnivore-2-R%C3%BCckseite.jpg?resize=525%2C300&ssl=1 1.5x, https:\/\/i0.wp.com\/www.jungsi.de\/blog\/wp-content\/uploads\/Carnivore-2-R%C3%BCckseite.jpg?resize=700%2C400&ssl=1 2x, https:\/\/i0.wp.com\/www.jungsi.de\/blog\/wp-content\/uploads\/Carnivore-2-R%C3%BCckseite.jpg?resize=1050%2C600&ssl=1 3x, https:\/\/i0.wp.com\/www.jungsi.de\/blog\/wp-content\/uploads\/Carnivore-2-R%C3%BCckseite.jpg?resize=1400%2C800&ssl=1 4x"},"classes":[]},{"id":27865,"url":"https:\/\/www.jungsi.de\/en\/handheld-konsolen\/alle-anderen-handhelds\/sony-psp\/","url_meta":{"origin":27787,"position":2},"title":"Sony PSP","author":"Jungsi","date":"31. July 2024","format":false,"excerpt":"Sony PSP Sony PSP Street Die Sony PlayStation Portable (PSP) war ein bedeutender Schritt in der Welt der tragbaren Spielekonsolen und markierte Sonys ersten Vorsto\u00df in den Handheld-Gaming-Markt. Die PSP wurde schnell zu einer der beliebtesten tragbaren Konsolen ihrer Zeit und brachte eine neue Dimension von Multimedia-F\u00e4higkeiten in die Welt\u2026","rel":"","context":"Similar post","block_context":{"text":"Similar post","link":""},"img":{"alt_text":"","src":"https:\/\/i0.wp.com\/www.jungsi.de\/blog\/wp-content\/uploads\/PSP-Street-2.jpg?resize=350%2C200&ssl=1","width":350,"height":200,"srcset":"https:\/\/i0.wp.com\/www.jungsi.de\/blog\/wp-content\/uploads\/PSP-Street-2.jpg?resize=350%2C200&ssl=1 1x, https:\/\/i0.wp.com\/www.jungsi.de\/blog\/wp-content\/uploads\/PSP-Street-2.jpg?resize=525%2C300&ssl=1 1.5x, https:\/\/i0.wp.com\/www.jungsi.de\/blog\/wp-content\/uploads\/PSP-Street-2.jpg?resize=700%2C400&ssl=1 2x, https:\/\/i0.wp.com\/www.jungsi.de\/blog\/wp-content\/uploads\/PSP-Street-2.jpg?resize=1050%2C600&ssl=1 3x, https:\/\/i0.wp.com\/www.jungsi.de\/blog\/wp-content\/uploads\/PSP-Street-2.jpg?resize=1400%2C800&ssl=1 4x"},"classes":[]},{"id":29124,"url":"https:\/\/www.jungsi.de\/en\/konsolen\/sony-konsolen\/","url_meta":{"origin":27787,"position":3},"title":"Sony Konsolen","author":"Jungsi","date":"6. February 2023","format":false,"excerpt":"Sony Konsolen Playstation 1 Playstation 2 Playstation 3 Hier ist eine kurze \u00dcbersicht der wichtigsten Playstation-Konsolen von Sony: 1. PlayStation (PS1) (1994) Beschreibung: Sonys erste Heimvideospielkonsole, die den Grundstein f\u00fcr die PlayStation-Marke legte. Sie revolutionierte die Branche mit 3D-Grafiken und CD-ROMs. Besonderheit: Erfolgreiche Titel wie Final Fantasy VII, Metal Gear\u2026","rel":"","context":"Similar post","block_context":{"text":"Similar post","link":""},"img":{"alt_text":"","src":"","width":0,"height":0},"classes":[]},{"id":18078,"url":"https:\/\/www.jungsi.de\/en\/konsolen\/","url_meta":{"origin":27787,"position":4},"title":"Konsolen","author":"Jungsi","date":"30. July 2017","format":false,"excerpt":"Konsolen Sammlung Konsolen 12_2018 Konsolen sind auch f\u00fcr mich ein \"neueres\" Thema. Die erste eigene Spielkonsole war vor l\u00e4ngerer Zeit eine gebrauchte Sony Playstation. Die erste eigene neue Konsole war dann 2009 die Nintendo Wii und 2018 die Nintendo Switch. Da mich die Technik immer schon interessierte, ich aber fr\u00fcher\u2026","rel":"","context":"Similar post","block_context":{"text":"Similar post","link":""},"img":{"alt_text":"","src":"https:\/\/i0.wp.com\/www.jungsi.de\/blog\/wp-content\/uploads\/Konsolen.jpg?resize=350%2C200&ssl=1","width":350,"height":200,"srcset":"https:\/\/i0.wp.com\/www.jungsi.de\/blog\/wp-content\/uploads\/Konsolen.jpg?resize=350%2C200&ssl=1 1x, https:\/\/i0.wp.com\/www.jungsi.de\/blog\/wp-content\/uploads\/Konsolen.jpg?resize=525%2C300&ssl=1 1.5x, https:\/\/i0.wp.com\/www.jungsi.de\/blog\/wp-content\/uploads\/Konsolen.jpg?resize=700%2C400&ssl=1 2x"},"classes":[]},{"id":35159,"url":"https:\/\/www.jungsi.de\/en\/konsolen-emulator\/","url_meta":{"origin":27787,"position":5},"title":"Konsolen-Emulator","author":"Jungsi","date":"18. January 2025","format":false,"excerpt":"Hier eine Liste meiner Konsolen, die auf Emulatoren basieren (oft als \u201aMini\u2018-Version erh\u00e4ltlich), geordnet nach Erscheinungsdatum. Nintendo Classic Mini (2016) SNES Classic Mini (2017) Neo Geo Mini (2018) PlayStation Classic (2018) Sega Mega Drive Mini (2019) Evercade VS (2021) Sega Mega Drive Mini II (2022) Atari 2600+ (2023) Evercade VS\u2026","rel":"","context":"Similar post","block_context":{"text":"Similar post","link":""},"img":{"alt_text":"Nintendo Classic Mini","src":"https:\/\/i0.wp.com\/www.jungsi.de\/blog\/wp-content\/uploads\/Nintendo-Classic-Mini.jpg?resize=350%2C200&ssl=1","width":350,"height":200,"srcset":"https:\/\/i0.wp.com\/www.jungsi.de\/blog\/wp-content\/uploads\/Nintendo-Classic-Mini.jpg?resize=350%2C200&ssl=1 1x, https:\/\/i0.wp.com\/www.jungsi.de\/blog\/wp-content\/uploads\/Nintendo-Classic-Mini.jpg?resize=525%2C300&ssl=1 1.5x, https:\/\/i0.wp.com\/www.jungsi.de\/blog\/wp-content\/uploads\/Nintendo-Classic-Mini.jpg?resize=700%2C400&ssl=1 2x, https:\/\/i0.wp.com\/www.jungsi.de\/blog\/wp-content\/uploads\/Nintendo-Classic-Mini.jpg?resize=1050%2C600&ssl=1 3x, https:\/\/i0.wp.com\/www.jungsi.de\/blog\/wp-content\/uploads\/Nintendo-Classic-Mini.jpg?resize=1400%2C800&ssl=1 4x"},"classes":[]}],"_links":{"self":[{"href":"https:\/\/www.jungsi.de\/en\/wp-json\/wp\/v2\/pages\/27787","targetHints":{"allow":["GET"]}}],"collection":[{"href":"https:\/\/www.jungsi.de\/en\/wp-json\/wp\/v2\/pages"}],"about":[{"href":"https:\/\/www.jungsi.de\/en\/wp-json\/wp\/v2\/types\/page"}],"author":[{"embeddable":true,"href":"https:\/\/www.jungsi.de\/en\/wp-json\/wp\/v2\/users\/2"}],"replies":[{"embeddable":true,"href":"https:\/\/www.jungsi.de\/en\/wp-json\/wp\/v2\/comments?post=27787"}],"version-history":[{"count":0,"href":"https:\/\/www.jungsi.de\/en\/wp-json\/wp\/v2\/pages\/27787\/revisions"}],"up":[{"embeddable":true,"href":"https:\/\/www.jungsi.de\/en\/wp-json\/wp\/v2\/pages\/19748"}],"wp:featuredmedia":[{"embeddable":true,"href":"https:\/\/www.jungsi.de\/en\/wp-json\/wp\/v2\/media\/31900"}],"wp:attachment":[{"href":"https:\/\/www.jungsi.de\/en\/wp-json\/wp\/v2\/media?parent=27787"}],"curies":[{"name":"wp","href":"https:\/\/api.w.org\/{rel}","templated":true}]}}