{"id":27775,"date":"2023-01-13T16:24:46","date_gmt":"2023-01-13T15:24:46","guid":{"rendered":"https:\/\/www.jungsi.de\/?page_id=27775"},"modified":"2024-08-02T12:22:18","modified_gmt":"2024-08-02T10:22:18","slug":"schneider-joyce","status":"publish","type":"page","link":"https:\/\/www.jungsi.de\/en\/heimcomputer\/schneider-amstrad\/schneider-joyce\/","title":{"rendered":"Schneider Joyce"},"content":{"rendered":"<p><\/p>\n\n\n\n<h2 class=\"wp-block-heading has-text-align-center\"><strong>Schneider Joyce<\/strong><\/h2>\n\n\n\n<figure class=\"wp-block-image size-large\"><img loading=\"lazy\" decoding=\"async\" width=\"768\" height=\"1024\" data-attachment-id=\"26509\" data-permalink=\"https:\/\/www.jungsi.de\/en\/schneider-joyce-8256-8512-schneider\/schneider-joyce-8256\/\" data-orig-file=\"https:\/\/www.jungsi.de\/blog\/wp-content\/uploads\/Schneider-Joyce-8256.jpg\" data-orig-size=\"1050,1400\" data-comments-opened=\"1\" data-image-meta=\"{&quot;aperture&quot;:&quot;3.5&quot;,&quot;credit&quot;:&quot;&quot;,&quot;camera&quot;:&quot;Canon PowerShot SX260 HS&quot;,&quot;caption&quot;:&quot;&quot;,&quot;created_timestamp&quot;:&quot;1604159814&quot;,&quot;copyright&quot;:&quot;&quot;,&quot;focal_length&quot;:&quot;4.5&quot;,&quot;iso&quot;:&quot;800&quot;,&quot;shutter_speed&quot;:&quot;0.05&quot;,&quot;title&quot;:&quot;&quot;,&quot;orientation&quot;:&quot;1&quot;}\" data-image-title=\"Schneider Joyce 8256\" data-image-description=\"&lt;p&gt;Schneider Joyce 8256&lt;\/p&gt;\" data-image-caption=\"&lt;p&gt;Schneider Joyce 8256&lt;\/p&gt;\" data-large-file=\"https:\/\/www.jungsi.de\/blog\/wp-content\/uploads\/Schneider-Joyce-8256-768x1024.jpg\" src=\"https:\/\/www.jungsi.de\/blog\/wp-content\/uploads\/Schneider-Joyce-8256-768x1024.jpg\" alt=\"Schneider Joyce 8256\" class=\"wp-image-26509\" srcset=\"https:\/\/www.jungsi.de\/blog\/wp-content\/uploads\/Schneider-Joyce-8256-768x1024.jpg 768w, https:\/\/www.jungsi.de\/blog\/wp-content\/uploads\/Schneider-Joyce-8256-225x300.jpg 225w, https:\/\/www.jungsi.de\/blog\/wp-content\/uploads\/Schneider-Joyce-8256.jpg 1050w\" sizes=\"auto, (max-width: 768px) 100vw, 768px\" \/><figcaption class=\"wp-element-caption\">Schneider Joyce 8256<\/figcaption><\/figure>\n\n\n\n<p>Ein beinahe in Vergessenheit geratenes Ger\u00e4t aus den 1980er Jahren ist der Schneider Joyce. Urspr\u00fcnglich in England von Amstrad entwickelt, wurden die Schneider CPC-Rechner von den Schneider Rundfunkwerken in Deutschland vertrieben. In Gro\u00dfbritannien wurde das Produkt unter dem Namen PCW (Personal Computer for Word Processing) vermarktet und als preiswertes Schreibsystem konzipiert, das seinen wesentlich teureren Konkurrenten herausforderte.<br>Wie f\u00fcr Amstrad typisch, musste das Ger\u00e4t sowohl preiswert als auch leistungsf\u00e4hig sein. Daher kam der Z80 Prozessor zum Einsatz, und das Betriebssystem CP\/M wurde lizenziert, was den Zugang zu einem breiten Softwaremarkt erm\u00f6glichte. Die erste Version des Rechners verf\u00fcgte \u00fcber 256KB Speicher, ein 3-Zoll-Diskettenlaufwerk und die Textverarbeitungssoftware LocoScript, erg\u00e4nzt durch einen passenden Nadeldrucker \u2013 ein erschwingliches Schreibb\u00fcro f\u00fcr etwa 2.500 DM (Stand 07\/85). Bei der Konkurrenz kostete allein die Software so viel.<br>Die PCW-Serie wurde bis in die 1990er Jahre fortgef\u00fchrt und verkaufte insgesamt \u00fcber 6 Millionen Einheiten, in der Hochphase bis zu 20.000 Ger\u00e4te pro Monat.<\/p>\n\n\n\n<table id=\"tablepress-299\" class=\"tablepress tablepress-id-299\">\n<tbody class=\"row-striping row-hover\">\n<tr class=\"row-1\">\n\t<td class=\"column-1\"><strong>Hersteller:<\/strong><\/td><td class=\"column-2\">Amstrad\/Schneider<\/td>\n<\/tr>\n<tr class=\"row-2\">\n\t<td class=\"column-1\"><strong>Modell:<\/strong><\/td><td class=\"column-2\">Joyce\/PCW 8256 <\/td>\n<\/tr>\n<tr class=\"row-3\">\n\t<td class=\"column-1\"><strong>Herkunft:<\/strong><\/td><td class=\"column-2\">England<\/td>\n<\/tr>\n<tr class=\"row-4\">\n\t<td class=\"column-1\"><strong>Erscheinungsjahr:<\/strong><\/td><td class=\"column-2\">1985<\/td>\n<\/tr>\n<tr class=\"row-5\">\n\t<td class=\"column-1\"><strong>Produktionsende:<\/strong><\/td><td class=\"column-2\">1993<\/td>\n<\/tr>\n<tr class=\"row-6\">\n\t<td class=\"column-1\"><strong>St\u00fcckzahl:<\/strong><\/td><td class=\"column-2\">6.000.000<\/td>\n<\/tr>\n<tr class=\"row-7\">\n\t<td class=\"column-1\"><strong>Prozessor:<\/strong><\/td><td class=\"column-2\">Z80A<\/td>\n<\/tr>\n<tr class=\"row-8\">\n\t<td class=\"column-1\"><strong>Taktfrequenz:<\/strong><\/td><td class=\"column-2\">4 MHz<\/td>\n<\/tr>\n<tr class=\"row-9\">\n\t<td class=\"column-1\"><strong>RAM:<\/strong><\/td><td class=\"column-2\">256 KB<\/td>\n<\/tr>\n<tr class=\"row-10\">\n\t<td class=\"column-1\"><strong>Betriebssystem:<\/strong><\/td><td class=\"column-2\">BASIC, Logo, CP\/M 3.0<\/td>\n<\/tr>\n<tr class=\"row-11\">\n\t<td class=\"column-1\"><strong>Farben:<\/strong><\/td><td class=\"column-2\">monochrom<\/td>\n<\/tr>\n<tr class=\"row-12\">\n\t<td class=\"column-1\"><strong>Anzeigemodi:<\/strong><\/td><td class=\"column-2\">720&#215;356<br \/>\nText: 90&#215;32<\/td>\n<\/tr>\n<tr class=\"row-13\">\n\t<td class=\"column-1\"><strong>Sound:<\/strong><\/td><td class=\"column-2\">Beeper<\/td>\n<\/tr>\n<tr class=\"row-14\">\n\t<td class=\"column-1\"><strong>Tastatur:<\/strong><\/td><td class=\"column-2\">Schreibmaschine, QWERTZ, 82 Tasten<\/td>\n<\/tr>\n<tr class=\"row-15\">\n\t<td class=\"column-1\"><strong>Laufwerk:<\/strong><\/td><td class=\"column-2\">3&#8220; Disketten<\/td>\n<\/tr>\n<tr class=\"row-16\">\n\t<td class=\"column-1\"><strong>I\/O:<\/strong><\/td><td class=\"column-2\">RS232, Centronics<\/td>\n<\/tr>\n<\/tbody>\n<\/table>\n<!-- #tablepress-299 from cache -->","protected":false},"excerpt":{"rendered":"<p>Schneider Joyce Ein beinahe in Vergessenheit geratenes Ger\u00e4t aus den 1980er Jahren ist der Schneider Joyce. Urspr\u00fcnglich in England von Amstrad entwickelt, wurden die Schneider \u2026<\/p>","protected":false},"author":2,"featured_media":0,"parent":29047,"menu_order":0,"comment_status":"closed","ping_status":"closed","template":"","meta":{"_lmt_disableupdate":"","_lmt_disable":"","ngg_post_thumbnail":0,"jetpack_post_was_ever_published":false,"footnotes":"","_links_to":"","_links_to_target":""},"class_list":["post-27775","page","type-page","status-publish","hentry"],"jetpack_shortlink":"https:\/\/wp.me\/P4eXvk-7dZ","jetpack_sharing_enabled":true,"jetpack_likes_enabled":true,"jetpack-related-posts":[{"id":29047,"url":"https:\/\/www.jungsi.de\/en\/heimcomputer\/schneider-amstrad\/","url_meta":{"origin":27775,"position":0},"title":"Schneider\/Amstrad","author":"Jungsi","date":"6. February 2023","format":false,"excerpt":"Schneider\/Amstrad Schneider CPC-Reihe Schneider Joyce Geschichte der Firma Schneider in Bezug auf Heimcomputer und deren Beziehung zu Amstrad Einf\u00fchrung und Hintergrund (1938-1983): Gr\u00fcndung und fr\u00fche Jahre: Die Schneider Rundfunkwerke AG wurde 1938 in T\u00fcrkheim, Deutschland, gegr\u00fcndet und etablierte sich als Hersteller von Radio- und Fernsehempf\u00e4ngern. In den 1970er und fr\u00fchen\u2026","rel":"","context":"Similar post","block_context":{"text":"Similar post","link":""},"img":{"alt_text":"","src":"","width":0,"height":0},"classes":[]},{"id":11329,"url":"https:\/\/www.jungsi.de\/en\/heimcomputer\/schneider-amstrad\/schneider-cpc-und-zuebhoer\/","url_meta":{"origin":27775,"position":1},"title":"Amstrad\/Schneider CPC","author":"Jungsi","date":"8. August 2015","format":false,"excerpt":"Amstrad\/Schneider CPC Amstrad CPC 464 Schneider CPC464 Schneider CPC6128 Der CPC 6128 ist mit einem eingebauten Diskettenlaufwerk statt eines Bandger\u00e4ts ausgestattet. Ein Kassettenlaufwerk kann weiterhin extern hinzugef\u00fcgt werden. Eine weitere Verbesserung ist der Speicher, der jetzt zwei 64K-B\u00e4nke mit insgesamt 128 KB nutzt.Das interne Diskettenlaufwerk erlaubt die Nutzung von CP\/M\u2026","rel":"","context":"With 2 comments","block_context":{"text":"With 2 comments","link":"https:\/\/www.jungsi.de\/en\/heimcomputer\/schneider-amstrad\/schneider-cpc-und-zuebhoer\/#comments"},"img":{"alt_text":"Schneider GT 64","src":"https:\/\/i0.wp.com\/www.jungsi.de\/blog\/wp-content\/uploads\/gt-64.jpg?resize=350%2C200&ssl=1","width":350,"height":200,"srcset":"https:\/\/i0.wp.com\/www.jungsi.de\/blog\/wp-content\/uploads\/gt-64.jpg?resize=350%2C200&ssl=1 1x, https:\/\/i0.wp.com\/www.jungsi.de\/blog\/wp-content\/uploads\/gt-64.jpg?resize=525%2C300&ssl=1 1.5x, https:\/\/i0.wp.com\/www.jungsi.de\/blog\/wp-content\/uploads\/gt-64.jpg?resize=700%2C400&ssl=1 2x"},"classes":[]},{"id":27743,"url":"https:\/\/www.jungsi.de\/en\/heimcomputer\/schneider-amstrad\/amstrad-nc100\/","url_meta":{"origin":27775,"position":2},"title":"Amstrad NC100","author":"Jungsi","date":"2. August 2024","format":false,"excerpt":"Amstrad NC100 Amstrad NC100 Der Amstrad NC100 war ein tragbarer A4-Computer, der im Juli 1992 von Amstrad eingef\u00fchrt wurde. Er verf\u00fcgte \u00fcber eine vollst\u00e4ndige Tastatur und einen Bildschirm mit 80 Spalten und 8 Zeilen. Der NC100 beinhaltete das Protext-Textverarbeitungsprogramm, verschiedene Organizer-Funktionen wie ein Tagebuch, ein Adressbuch und einen Zeitmanager sowie\u2026","rel":"","context":"Similar post","block_context":{"text":"Similar post","link":""},"img":{"alt_text":"Amstrad NC100","src":"https:\/\/i0.wp.com\/www.jungsi.de\/blog\/wp-content\/uploads\/Amstrad-NC100.jpg?resize=350%2C200&ssl=1","width":350,"height":200,"srcset":"https:\/\/i0.wp.com\/www.jungsi.de\/blog\/wp-content\/uploads\/Amstrad-NC100.jpg?resize=350%2C200&ssl=1 1x, https:\/\/i0.wp.com\/www.jungsi.de\/blog\/wp-content\/uploads\/Amstrad-NC100.jpg?resize=525%2C300&ssl=1 1.5x, https:\/\/i0.wp.com\/www.jungsi.de\/blog\/wp-content\/uploads\/Amstrad-NC100.jpg?resize=700%2C400&ssl=1 2x, https:\/\/i0.wp.com\/www.jungsi.de\/blog\/wp-content\/uploads\/Amstrad-NC100.jpg?resize=1050%2C600&ssl=1 3x, https:\/\/i0.wp.com\/www.jungsi.de\/blog\/wp-content\/uploads\/Amstrad-NC100.jpg?resize=1400%2C800&ssl=1 4x"},"classes":[]},{"id":28166,"url":"https:\/\/www.jungsi.de\/en\/die-sammlung\/literatur\/schneider\/cpc-schneider-international\/","url_meta":{"origin":27775,"position":3},"title":"CPC Schneider International","author":"Jungsi","date":"15. January 2023","format":false,"excerpt":"CPC Schneider International CPC Schneider International war ein deutschsprachiges Fachmagazin des DMV (Daten & Medien Verlag, Eschwege) rund um die Schneider\/Amstrad-Rechner (CPC-Serie, sp\u00e4ter auch PCW\/PC). Start im M\u00e4rz 1985, monatlich, mit Tests, News, Programm-Listings, Lernserien und einer DIY-Hardware-Rubrik \u201eSchneiderware\u201c; im Lauf der Jahre wechselte der Titel mehrfach (u. a. CPC\u2026","rel":"","context":"Similar post","block_context":{"text":"Similar post","link":""},"img":{"alt_text":"PC Schneider International 01\/1989","src":"https:\/\/i0.wp.com\/www.jungsi.de\/blog\/wp-content\/uploads\/CPC-Schneider-International-01_1989.jpg?resize=350%2C200&ssl=1","width":350,"height":200,"srcset":"https:\/\/i0.wp.com\/www.jungsi.de\/blog\/wp-content\/uploads\/CPC-Schneider-International-01_1989.jpg?resize=350%2C200&ssl=1 1x, https:\/\/i0.wp.com\/www.jungsi.de\/blog\/wp-content\/uploads\/CPC-Schneider-International-01_1989.jpg?resize=525%2C300&ssl=1 1.5x, https:\/\/i0.wp.com\/www.jungsi.de\/blog\/wp-content\/uploads\/CPC-Schneider-International-01_1989.jpg?resize=700%2C400&ssl=1 2x, https:\/\/i0.wp.com\/www.jungsi.de\/blog\/wp-content\/uploads\/CPC-Schneider-International-01_1989.jpg?resize=1050%2C600&ssl=1 3x"},"classes":[]},{"id":18106,"url":"https:\/\/www.jungsi.de\/en\/suche-biete\/","url_meta":{"origin":27775,"position":4},"title":"Suche\/Kaufe\/Tausche","author":"Jungsi","date":"30. July 2017","format":false,"excerpt":"Suche\/Kaufe\/Tausche Meine Sammlung kann immer noch das eine oder andere zus\u00e4tzliche St\u00fcck vertragen. Bevor Hardware verschrottet wird, bewahre ich sie gerne vor diesem Schicksal. Die Ger\u00e4te werden gereinigt, soweit m\u00f6glich instand gesetzt und wieder in Betrieb genommen, sollten sie nicht mehr funktionieren. Falls Sie etwas loswerden wollen, k\u00f6nnen Sie sich\u2026","rel":"","context":"Similar post","block_context":{"text":"Similar post","link":""},"img":{"alt_text":"","src":"","width":0,"height":0},"classes":[]},{"id":18076,"url":"https:\/\/www.jungsi.de\/en\/heimcomputer\/","url_meta":{"origin":27775,"position":5},"title":"home computer","author":"Jungsi","date":"30. July 2017","format":false,"excerpt":"Meine Geschichte Meine Begeisterung f\u00fcr Computer begann in den fr\u00fchen 1980er Jahren. Als ich im P.M. Computerheft \u00fcber diese faszinierende neue Technologie las, erkannte ich sofort: Das ist die Zukunft. Ich bettelte so lange, bis meine Gro\u00dfmutter mir einen Sinclair ZX81 schenkte, damals der g\u00fcnstigste Homecomputer. Fasziniert sa\u00df ich vor\u2026","rel":"","context":"Similar post","block_context":{"text":"Similar post","link":""},"img":{"alt_text":"Acorn","src":"https:\/\/i0.wp.com\/www.jungsi.de\/blog\/wp-content\/uploads\/Acorn.jpg?resize=350%2C200&ssl=1","width":350,"height":200,"srcset":"https:\/\/i0.wp.com\/www.jungsi.de\/blog\/wp-content\/uploads\/Acorn.jpg?resize=350%2C200&ssl=1 1x, https:\/\/i0.wp.com\/www.jungsi.de\/blog\/wp-content\/uploads\/Acorn.jpg?resize=525%2C300&ssl=1 1.5x, https:\/\/i0.wp.com\/www.jungsi.de\/blog\/wp-content\/uploads\/Acorn.jpg?resize=700%2C400&ssl=1 2x, https:\/\/i0.wp.com\/www.jungsi.de\/blog\/wp-content\/uploads\/Acorn.jpg?resize=1050%2C600&ssl=1 3x, https:\/\/i0.wp.com\/www.jungsi.de\/blog\/wp-content\/uploads\/Acorn.jpg?resize=1400%2C800&ssl=1 4x"},"classes":[]}],"_links":{"self":[{"href":"https:\/\/www.jungsi.de\/en\/wp-json\/wp\/v2\/pages\/27775","targetHints":{"allow":["GET"]}}],"collection":[{"href":"https:\/\/www.jungsi.de\/en\/wp-json\/wp\/v2\/pages"}],"about":[{"href":"https:\/\/www.jungsi.de\/en\/wp-json\/wp\/v2\/types\/page"}],"author":[{"embeddable":true,"href":"https:\/\/www.jungsi.de\/en\/wp-json\/wp\/v2\/users\/2"}],"replies":[{"embeddable":true,"href":"https:\/\/www.jungsi.de\/en\/wp-json\/wp\/v2\/comments?post=27775"}],"version-history":[{"count":0,"href":"https:\/\/www.jungsi.de\/en\/wp-json\/wp\/v2\/pages\/27775\/revisions"}],"up":[{"embeddable":true,"href":"https:\/\/www.jungsi.de\/en\/wp-json\/wp\/v2\/pages\/29047"}],"wp:attachment":[{"href":"https:\/\/www.jungsi.de\/en\/wp-json\/wp\/v2\/media?parent=27775"}],"curies":[{"name":"wp","href":"https:\/\/api.w.org\/{rel}","templated":true}]}}