{"id":27769,"date":"2023-01-16T14:14:58","date_gmt":"2023-01-16T13:14:58","guid":{"rendered":"https:\/\/www.jungsi.de\/?page_id=27769"},"modified":"2024-08-02T12:23:29","modified_gmt":"2024-08-02T10:23:29","slug":"philips-vg-8235","status":"publish","type":"page","link":"https:\/\/www.jungsi.de\/en\/heimcomputer\/msx-sony-hitbit-75-p\/philips-vg-8235\/","title":{"rendered":"Philips VG-8235"},"content":{"rendered":"<p><\/p>\n\n\n\n<h2 class=\"wp-block-heading has-text-align-center\">Philips VG-8235<\/h2>\n\n\n\n<figure class=\"wp-block-image size-large\"><img loading=\"lazy\" decoding=\"async\" width=\"1024\" height=\"768\" data-attachment-id=\"21208\" data-permalink=\"https:\/\/www.jungsi.de\/en\/philips-vg-8235-msx\/philips-vg-8235_schraeg-von-oben\/\" data-orig-file=\"https:\/\/www.jungsi.de\/blog\/wp-content\/uploads\/Philips-VG-8235_schr\u00e4g-von-oben.jpg\" data-orig-size=\"1400,1050\" data-comments-opened=\"1\" data-image-meta=\"{&quot;aperture&quot;:&quot;3.5&quot;,&quot;credit&quot;:&quot;&quot;,&quot;camera&quot;:&quot;Canon PowerShot SX260 HS&quot;,&quot;caption&quot;:&quot;&quot;,&quot;created_timestamp&quot;:&quot;1531339233&quot;,&quot;copyright&quot;:&quot;&quot;,&quot;focal_length&quot;:&quot;4.5&quot;,&quot;iso&quot;:&quot;800&quot;,&quot;shutter_speed&quot;:&quot;0.05&quot;,&quot;title&quot;:&quot;&quot;,&quot;orientation&quot;:&quot;1&quot;}\" data-image-title=\"Philips VG-8235_schr\u00e4g von oben\" data-image-description=\"&lt;p&gt;Philips VG-8235&lt;\/p&gt;\" data-image-caption=\"&lt;p&gt;Philips VG-8235&lt;\/p&gt;\" data-large-file=\"https:\/\/www.jungsi.de\/blog\/wp-content\/uploads\/Philips-VG-8235_schr\u00e4g-von-oben-1024x768.jpg\" src=\"https:\/\/www.jungsi.de\/blog\/wp-content\/uploads\/Philips-VG-8235_schr\u00e4g-von-oben-1024x768.jpg\" alt=\"Philips VG-8235\" class=\"wp-image-21208\" srcset=\"https:\/\/www.jungsi.de\/blog\/wp-content\/uploads\/Philips-VG-8235_schr\u00e4g-von-oben-1024x768.jpg 1024w, https:\/\/www.jungsi.de\/blog\/wp-content\/uploads\/Philips-VG-8235_schr\u00e4g-von-oben-300x225.jpg 300w, https:\/\/www.jungsi.de\/blog\/wp-content\/uploads\/Philips-VG-8235_schr\u00e4g-von-oben.jpg 1400w\" sizes=\"auto, (max-width: 1024px) 100vw, 1024px\" \/><figcaption class=\"wp-element-caption\">Philips VG-8235<\/figcaption><\/figure>\n\n\n\n<p>Dieser Computer ist Teil der MSX2-Serie. Im Vergleich zu den Vorg\u00e4ngermodellen der MSX1-Serie erweiterte der MSX-Standard neue BASIC-Befehle (BASIC wurde von Microsoft entwickelt) und hochaufl\u00f6sende Grafikmodi. Der Philips VG-8235 war einer der am besten ausgestatteten Computer: ein 3,5-Zoll-Diskettenlaufwerk (360 KB) und 128 KB Videospeicher (512 x 212 Pixel) bei 256 Farben. Allerdings stand er von Anfang an in Konkurrenz zum Atari ST, und zudem war der Schneider CPC 6128 mit \u00e4hnlichen Spezifikationen, aber zu einem g\u00fcnstigeren Preis, auf dem Markt verf\u00fcgbar.<\/p>\n\n\n\n<table id=\"tablepress-273\" class=\"tablepress tablepress-id-273\">\n<tbody class=\"row-striping row-hover\">\n<tr class=\"row-1\">\n\t<td class=\"column-1\"><strong>Hersteller:<\/strong><\/td><td class=\"column-2\">Philips<\/td>\n<\/tr>\n<tr class=\"row-2\">\n\t<td class=\"column-1\"><strong>Modell:<\/strong><\/td><td class=\"column-2\">VG-8235 (MSX2)<\/td>\n<\/tr>\n<tr class=\"row-3\">\n\t<td class=\"column-1\"><strong>Herkunft:<\/strong><\/td><td class=\"column-2\">Holland<\/td>\n<\/tr>\n<tr class=\"row-4\">\n\t<td class=\"column-1\"><strong>Erscheinungsjahr:<\/strong><\/td><td class=\"column-2\">1986<\/td>\n<\/tr>\n<tr class=\"row-5\">\n\t<td class=\"column-1\"><strong>Produktionsende:<\/strong><\/td><td class=\"column-2\"><\/td>\n<\/tr>\n<tr class=\"row-6\">\n\t<td class=\"column-1\"><strong>St\u00fcckzahl:<\/strong><\/td><td class=\"column-2\"><\/td>\n<\/tr>\n<tr class=\"row-7\">\n\t<td class=\"column-1\"><strong>Prozessor:<\/strong><\/td><td class=\"column-2\">Zilog Z80A<\/td>\n<\/tr>\n<tr class=\"row-8\">\n\t<td class=\"column-1\"><strong>Taktfrequenz:<\/strong><\/td><td class=\"column-2\">3.58 MHz<\/td>\n<\/tr>\n<tr class=\"row-9\">\n\t<td class=\"column-1\"><strong>RAM:<\/strong><\/td><td class=\"column-2\">RAM: 128 KiB<br \/>\nVRAM: 128 KiB<\/td>\n<\/tr>\n<tr class=\"row-10\">\n\t<td class=\"column-1\"><strong>ROM<\/strong><\/td><td class=\"column-2\">ROM: 64 KiB (zusammengesetzt aus 48 KiB MSX2 ROM und 16 KiB ROM f\u00fcr Disk-Basic)<\/td>\n<\/tr>\n<tr class=\"row-11\">\n\t<td class=\"column-1\"><strong>Betriebssystem:<\/strong><\/td><td class=\"column-2\">MSX Basic<\/td>\n<\/tr>\n<tr class=\"row-12\">\n\t<td class=\"column-1\"><strong>Grafikchip:<\/strong><\/td><td class=\"column-2\">Yamaha YM9938<\/td>\n<\/tr>\n<tr class=\"row-13\">\n\t<td class=\"column-1\"><strong>Farben:<\/strong><\/td><td class=\"column-2\">256 aus 512<\/td>\n<\/tr>\n<tr class=\"row-14\">\n\t<td class=\"column-1\"><strong>Anzeigemodi:<\/strong><\/td><td class=\"column-2\">Grafikaufl\u00f6sung: 512 x 212 Pixels mit 256 Farben aus 512<br \/>\nTextaufl\u00f6sung: Bis zu 80 x 24 Zeichen<\/td>\n<\/tr>\n<tr class=\"row-15\">\n\t<td class=\"column-1\"><strong>Soundchip:<\/strong><\/td><td class=\"column-2\">Yamaha S3527<\/td>\n<\/tr>\n<tr class=\"row-16\">\n\t<td class=\"column-1\"><strong>Sound:<\/strong><\/td><td class=\"column-2\">3-Kanalsound, 8 Oktaven<\/td>\n<\/tr>\n<tr class=\"row-17\">\n\t<td class=\"column-1\"><strong>Tastatur:<\/strong><\/td><td class=\"column-2\">Schreibmaschine, QWERTZ<\/td>\n<\/tr>\n<tr class=\"row-18\">\n\t<td class=\"column-1\"><strong>Laufwerk:<\/strong><\/td><td class=\"column-2\">3,5&#8220; Diskettenlaufwerk, 360 KiB<\/td>\n<\/tr>\n<tr class=\"row-19\">\n\t<td class=\"column-1\"><strong>I\/O:<\/strong><\/td><td class=\"column-2\">SCART-, PAL- und DIN-FBAS-Schnittstelle f\u00fcr Monitor und Fernseher<br \/>\n1 x Centronics, <br \/>\n1 x ext Floppy (VY 0011), <br \/>\n1 x Kassette, <br \/>\n1 x Scart (RGB), <br \/>\n1 x DIN (FBAS), <br \/>\n1 x HF (Antenne), <br \/>\n2 x Joystick<\/td>\n<\/tr>\n<\/tbody>\n<\/table>\n<!-- #tablepress-273 from cache -->\n\n\n<figure class=\"wp-block-gallery has-nested-images columns-default is-cropped is-style-rectangular wp-block-gallery-1 is-layout-flex wp-block-gallery-is-layout-flex\">\n<figure class=\"wp-block-image size-large\"><img loading=\"lazy\" decoding=\"async\" width=\"1024\" height=\"768\" data-attachment-id=\"23166\" data-permalink=\"https:\/\/www.jungsi.de\/en\/heimcomputer\/msx-sony-hitbit-75-p\/carnivore-2-vorderseite-2\/\" data-orig-file=\"https:\/\/www.jungsi.de\/blog\/wp-content\/uploads\/Carnivore-2-Vorderseite-2.jpg\" data-orig-size=\"1400,1050\" data-comments-opened=\"1\" data-image-meta=\"{&quot;aperture&quot;:&quot;3.5&quot;,&quot;credit&quot;:&quot;&quot;,&quot;camera&quot;:&quot;Canon PowerShot SX260 HS&quot;,&quot;caption&quot;:&quot;&quot;,&quot;created_timestamp&quot;:&quot;1547913017&quot;,&quot;copyright&quot;:&quot;&quot;,&quot;focal_length&quot;:&quot;4.5&quot;,&quot;iso&quot;:&quot;800&quot;,&quot;shutter_speed&quot;:&quot;0.04&quot;,&quot;title&quot;:&quot;&quot;,&quot;orientation&quot;:&quot;1&quot;}\" data-image-title=\"Carnivore 2 &amp;#8211; Vorderseite 2\" data-image-description=\"&lt;p&gt;Carnivore 2&lt;\/p&gt;\" data-image-caption=\"&lt;p&gt;Carnivore 2&lt;\/p&gt;\" data-large-file=\"https:\/\/www.jungsi.de\/blog\/wp-content\/uploads\/Carnivore-2-Vorderseite-2-1024x768.jpg\" data-id=\"23166\" src=\"https:\/\/www.jungsi.de\/blog\/wp-content\/uploads\/Carnivore-2-Vorderseite-2-1024x768.jpg\" alt=\"Carnivore 2\" class=\"wp-image-23166\" srcset=\"https:\/\/www.jungsi.de\/blog\/wp-content\/uploads\/Carnivore-2-Vorderseite-2-1024x768.jpg 1024w, https:\/\/www.jungsi.de\/blog\/wp-content\/uploads\/Carnivore-2-Vorderseite-2-300x225.jpg 300w, https:\/\/www.jungsi.de\/blog\/wp-content\/uploads\/Carnivore-2-Vorderseite-2.jpg 1400w\" sizes=\"auto, (max-width: 1024px) 100vw, 1024px\" \/><figcaption class=\"wp-element-caption\">Carnivore 2<\/figcaption><\/figure>\n\n\n\n<figure class=\"wp-block-image size-large\"><img loading=\"lazy\" decoding=\"async\" width=\"800\" height=\"600\" data-attachment-id=\"13814\" data-permalink=\"https:\/\/www.jungsi.de\/en\/retro\/sonstige-die-sammlung\/msx-beer-ide-202-interface\/\" data-orig-file=\"https:\/\/www.jungsi.de\/blog\/wp-content\/uploads\/msx-beer-ide-202-interface.jpg\" data-orig-size=\"800,600\" data-comments-opened=\"1\" data-image-meta=\"{&quot;aperture&quot;:&quot;3.5&quot;,&quot;credit&quot;:&quot;&quot;,&quot;camera&quot;:&quot;Canon PowerShot SX260 HS&quot;,&quot;caption&quot;:&quot;&quot;,&quot;created_timestamp&quot;:&quot;1453143319&quot;,&quot;copyright&quot;:&quot;&quot;,&quot;focal_length&quot;:&quot;4.5&quot;,&quot;iso&quot;:&quot;1250&quot;,&quot;shutter_speed&quot;:&quot;0.05&quot;,&quot;title&quot;:&quot;&quot;,&quot;orientation&quot;:&quot;1&quot;}\" data-image-title=\"MSX Beer IDE 202 Interface\" data-image-description=\"&lt;p&gt;MSX Beer IDE 202 Interface&lt;\/p&gt;\" data-image-caption=\"&lt;p&gt;Beer IDE 202 Interface&lt;\/p&gt;\" data-large-file=\"https:\/\/www.jungsi.de\/blog\/wp-content\/uploads\/msx-beer-ide-202-interface.jpg\" data-id=\"13814\" src=\"https:\/\/www.jungsi.de\/blog\/wp-content\/uploads\/msx-beer-ide-202-interface.jpg\" alt=\"MSX Beer IDE 202 Interface\" class=\"wp-image-13814\" srcset=\"https:\/\/www.jungsi.de\/blog\/wp-content\/uploads\/msx-beer-ide-202-interface.jpg 800w, https:\/\/www.jungsi.de\/blog\/wp-content\/uploads\/msx-beer-ide-202-interface-300x225.jpg 300w\" sizes=\"auto, (max-width: 800px) 100vw, 800px\" \/><figcaption class=\"wp-element-caption\">Beer IDE 202 Interface<\/figcaption><\/figure>\n\n\n\n<figure class=\"wp-block-image size-large\"><img loading=\"lazy\" decoding=\"async\" width=\"1024\" height=\"768\" data-attachment-id=\"32223\" data-permalink=\"https:\/\/www.jungsi.de\/en\/heimcomputer\/msx-sony-hitbit-75-p\/philips-vg-8235\/game-controller-msx\/\" data-orig-file=\"https:\/\/www.jungsi.de\/blog\/wp-content\/uploads\/Game-Controller-MSX.jpg\" data-orig-size=\"1400,1050\" data-comments-opened=\"1\" data-image-meta=\"{&quot;aperture&quot;:&quot;1.5&quot;,&quot;credit&quot;:&quot;&quot;,&quot;camera&quot;:&quot;iPhone 14&quot;,&quot;caption&quot;:&quot;&quot;,&quot;created_timestamp&quot;:&quot;1706865030&quot;,&quot;copyright&quot;:&quot;&quot;,&quot;focal_length&quot;:&quot;5.7&quot;,&quot;iso&quot;:&quot;80&quot;,&quot;shutter_speed&quot;:&quot;0.0082644628099174&quot;,&quot;title&quot;:&quot;&quot;,&quot;orientation&quot;:&quot;1&quot;}\" data-image-title=\"Game-Controller-MSX\" data-image-description=\"\" data-image-caption=\"\" data-large-file=\"https:\/\/www.jungsi.de\/blog\/wp-content\/uploads\/Game-Controller-MSX-1024x768.jpg\" data-id=\"32223\" src=\"https:\/\/www.jungsi.de\/blog\/wp-content\/uploads\/Game-Controller-MSX-1024x768.jpg\" alt=\"\" class=\"wp-image-32223\" srcset=\"https:\/\/www.jungsi.de\/blog\/wp-content\/uploads\/Game-Controller-MSX-1024x768.jpg 1024w, https:\/\/www.jungsi.de\/blog\/wp-content\/uploads\/Game-Controller-MSX-300x225.jpg 300w, https:\/\/www.jungsi.de\/blog\/wp-content\/uploads\/Game-Controller-MSX.jpg 1400w\" sizes=\"auto, (max-width: 1024px) 100vw, 1024px\" \/><figcaption class=\"wp-element-caption\">MSX Joystick<\/figcaption><\/figure>\n<\/figure>","protected":false},"excerpt":{"rendered":"<p>Philips VG-8235 Dieser Computer ist Teil der MSX2-Serie. Im Vergleich zu den Vorg\u00e4ngermodellen der MSX1-Serie erweiterte der MSX-Standard neue BASIC-Befehle (BASIC wurde von Microsoft entwickelt) \u2026<\/p>","protected":false},"author":2,"featured_media":32223,"parent":19748,"menu_order":0,"comment_status":"closed","ping_status":"closed","template":"","meta":{"_lmt_disableupdate":"","_lmt_disable":"","ngg_post_thumbnail":0,"jetpack_post_was_ever_published":false,"footnotes":"","_links_to":"","_links_to_target":""},"class_list":["post-27769","page","type-page","status-publish","has-post-thumbnail","hentry"],"jetpack_shortlink":"https:\/\/wp.me\/P4eXvk-7dT","jetpack_sharing_enabled":true,"jetpack_likes_enabled":true,"jetpack-related-posts":[{"id":19748,"url":"https:\/\/www.jungsi.de\/en\/heimcomputer\/msx-sony-hitbit-75-p\/","url_meta":{"origin":27769,"position":0},"title":"MSX","author":"Jungsi","date":"28. February 2018","format":false,"excerpt":"MSX Philips VG-8235 Sony HitBit 75-P Zusammenfassung zum MSX-Standard Der MSX-Standard war eine einheitliche Plattform f\u00fcr Heimcomputer, die Anfang der 1980er Jahre entwickelt wurde. Hier sind die wichtigsten Punkte seiner Geschichte und Merkmale: Einf\u00fchrung und Zielsetzung (1983): Konzept: Der MSX-Standard wurde von Kazuhiko Nishi von Microsoft Japan in Zusammenarbeit mit\u2026","rel":"","context":"Similar post","block_context":{"text":"Similar post","link":""},"img":{"alt_text":"","src":"https:\/\/i0.wp.com\/www.jungsi.de\/blog\/wp-content\/uploads\/Carnivore-2-R%C3%BCckseite.jpg?resize=350%2C200&ssl=1","width":350,"height":200,"srcset":"https:\/\/i0.wp.com\/www.jungsi.de\/blog\/wp-content\/uploads\/Carnivore-2-R%C3%BCckseite.jpg?resize=350%2C200&ssl=1 1x, https:\/\/i0.wp.com\/www.jungsi.de\/blog\/wp-content\/uploads\/Carnivore-2-R%C3%BCckseite.jpg?resize=525%2C300&ssl=1 1.5x, https:\/\/i0.wp.com\/www.jungsi.de\/blog\/wp-content\/uploads\/Carnivore-2-R%C3%BCckseite.jpg?resize=700%2C400&ssl=1 2x, https:\/\/i0.wp.com\/www.jungsi.de\/blog\/wp-content\/uploads\/Carnivore-2-R%C3%BCckseite.jpg?resize=1050%2C600&ssl=1 3x, https:\/\/i0.wp.com\/www.jungsi.de\/blog\/wp-content\/uploads\/Carnivore-2-R%C3%BCckseite.jpg?resize=1400%2C800&ssl=1 4x"},"classes":[]},{"id":18273,"url":"https:\/\/www.jungsi.de\/en\/konsolen\/philips-videopac-g7000\/","url_meta":{"origin":27769,"position":1},"title":"Philips Videopac G7000\/G7400","author":"Jungsi","date":"16. August 2017","format":false,"excerpt":"Philips Videopac G7000\/G7400 Philips Videopac G7000 Der Philips Videopac G7000 \u2014 in Nordamerika als Magnavox Odyssey\u00b2 bekannt \u2014 war einer der ersten Heimcomputer-Konsolen-Hybriden: Er verf\u00fcgte \u00fcber eine vollst\u00e4ndige Tastatur und positionierte sich damit als mehr als nur eine Spielkonsole. Ab 1978 verkauft, bot er eine eigenst\u00e4ndige Spielebibliothek mit \u00fcber 60\u2026","rel":"","context":"Similar post","block_context":{"text":"Similar post","link":""},"img":{"alt_text":"Philips Videopac G7000","src":"https:\/\/i0.wp.com\/www.jungsi.de\/blog\/wp-content\/uploads\/philips-videopac-g7000.jpg?resize=350%2C200&ssl=1","width":350,"height":200,"srcset":"https:\/\/i0.wp.com\/www.jungsi.de\/blog\/wp-content\/uploads\/philips-videopac-g7000.jpg?resize=350%2C200&ssl=1 1x, https:\/\/i0.wp.com\/www.jungsi.de\/blog\/wp-content\/uploads\/philips-videopac-g7000.jpg?resize=525%2C300&ssl=1 1.5x, https:\/\/i0.wp.com\/www.jungsi.de\/blog\/wp-content\/uploads\/philips-videopac-g7000.jpg?resize=700%2C400&ssl=1 2x"},"classes":[]},{"id":18076,"url":"https:\/\/www.jungsi.de\/en\/heimcomputer\/","url_meta":{"origin":27769,"position":2},"title":"home computer","author":"Jungsi","date":"30. July 2017","format":false,"excerpt":"Meine Geschichte Meine Begeisterung f\u00fcr Computer begann in den fr\u00fchen 1980er Jahren. Als ich im P.M. Computerheft \u00fcber diese faszinierende neue Technologie las, erkannte ich sofort: Das ist die Zukunft. Ich bettelte so lange, bis meine Gro\u00dfmutter mir einen Sinclair ZX81 schenkte, damals der g\u00fcnstigste Homecomputer. Fasziniert sa\u00df ich vor\u2026","rel":"","context":"Similar post","block_context":{"text":"Similar post","link":""},"img":{"alt_text":"Acorn","src":"https:\/\/i0.wp.com\/www.jungsi.de\/blog\/wp-content\/uploads\/Acorn.jpg?resize=350%2C200&ssl=1","width":350,"height":200,"srcset":"https:\/\/i0.wp.com\/www.jungsi.de\/blog\/wp-content\/uploads\/Acorn.jpg?resize=350%2C200&ssl=1 1x, https:\/\/i0.wp.com\/www.jungsi.de\/blog\/wp-content\/uploads\/Acorn.jpg?resize=525%2C300&ssl=1 1.5x, https:\/\/i0.wp.com\/www.jungsi.de\/blog\/wp-content\/uploads\/Acorn.jpg?resize=700%2C400&ssl=1 2x, https:\/\/i0.wp.com\/www.jungsi.de\/blog\/wp-content\/uploads\/Acorn.jpg?resize=1050%2C600&ssl=1 3x, https:\/\/i0.wp.com\/www.jungsi.de\/blog\/wp-content\/uploads\/Acorn.jpg?resize=1400%2C800&ssl=1 4x"},"classes":[]},{"id":23485,"url":"https:\/\/www.jungsi.de\/en\/konsolen\/philips-cdi-450\/","url_meta":{"origin":27769,"position":3},"title":"Philips CDI 450","author":"Jungsi","date":"5. August 2019","format":false,"excerpt":"Philips CDI 450 Philips CDi 450 Die \"CD Interactive\" sollte urspr\u00fcnglich 1987 erscheinen, wurde jedoch erst 1991 eingef\u00fchrt. Sie konnte nicht nur CD-i-Discs, sondern auch Musik-, Bild- und Photo-CDs abspielen. Die lange Wartezeit zwischen Ank\u00fcndigung und Markteinf\u00fchrung f\u00fchrte dazu, dass das Ger\u00e4t seinen technologischen Vorsprung einb\u00fc\u00dfte. Die Marktpositionierung blieb unklar,\u2026","rel":"","context":"Similar post","block_context":{"text":"Similar post","link":""},"img":{"alt_text":"Philips CDi 450","src":"https:\/\/i0.wp.com\/www.jungsi.de\/blog\/wp-content\/uploads\/Philips-CDi-450_2.jpg?resize=350%2C200&ssl=1","width":350,"height":200,"srcset":"https:\/\/i0.wp.com\/www.jungsi.de\/blog\/wp-content\/uploads\/Philips-CDi-450_2.jpg?resize=350%2C200&ssl=1 1x, https:\/\/i0.wp.com\/www.jungsi.de\/blog\/wp-content\/uploads\/Philips-CDi-450_2.jpg?resize=525%2C300&ssl=1 1.5x, https:\/\/i0.wp.com\/www.jungsi.de\/blog\/wp-content\/uploads\/Philips-CDi-450_2.jpg?resize=700%2C400&ssl=1 2x, https:\/\/i0.wp.com\/www.jungsi.de\/blog\/wp-content\/uploads\/Philips-CDi-450_2.jpg?resize=1050%2C600&ssl=1 3x, https:\/\/i0.wp.com\/www.jungsi.de\/blog\/wp-content\/uploads\/Philips-CDi-450_2.jpg?resize=1400%2C800&ssl=1 4x"},"classes":[]},{"id":18106,"url":"https:\/\/www.jungsi.de\/en\/suche-biete\/","url_meta":{"origin":27769,"position":4},"title":"Suche\/Kaufe\/Tausche","author":"Jungsi","date":"30. July 2017","format":false,"excerpt":"Suche\/Kaufe\/Tausche Meine Sammlung kann immer noch das eine oder andere zus\u00e4tzliche St\u00fcck vertragen. Bevor Hardware verschrottet wird, bewahre ich sie gerne vor diesem Schicksal. Die Ger\u00e4te werden gereinigt, soweit m\u00f6glich instand gesetzt und wieder in Betrieb genommen, sollten sie nicht mehr funktionieren. Falls Sie etwas loswerden wollen, k\u00f6nnen Sie sich\u2026","rel":"","context":"Similar post","block_context":{"text":"Similar post","link":""},"img":{"alt_text":"","src":"","width":0,"height":0},"classes":[]},{"id":24070,"url":"https:\/\/www.jungsi.de\/en\/konsolen\/commodore-amiga-cd32\/","url_meta":{"origin":27769,"position":5},"title":"Commodore Amiga CD32","author":"Jungsi","date":"22. January 2020","format":false,"excerpt":"Commodore Amiga CD32 Commodore Amiga CD32 Commodore f\u00fchrte mit dem Amiga CD32 die erste 32-Bit-Spielkonsole auf dem europ\u00e4ischen Markt ein. Sie basierte auf einem modifizierten Amiga 1200-Mainboard, ausgestattet mit einem Double-Speed-CD-ROM-Laufwerk und dem Custom-Chip Akiko. Dieser Chip, der auch f\u00fcr 3D-Grafiken zust\u00e4ndig war, sollte PC-Konvertierungen f\u00fcr das CD32 erleichtern, die\u2026","rel":"","context":"Similar post","block_context":{"text":"Similar post","link":""},"img":{"alt_text":"Competition Pro CD32","src":"https:\/\/i0.wp.com\/www.jungsi.de\/blog\/wp-content\/uploads\/Competition-Pro-CD32-Oberseite-schraeg.jpg?resize=350%2C200&ssl=1","width":350,"height":200,"srcset":"https:\/\/i0.wp.com\/www.jungsi.de\/blog\/wp-content\/uploads\/Competition-Pro-CD32-Oberseite-schraeg.jpg?resize=350%2C200&ssl=1 1x, https:\/\/i0.wp.com\/www.jungsi.de\/blog\/wp-content\/uploads\/Competition-Pro-CD32-Oberseite-schraeg.jpg?resize=525%2C300&ssl=1 1.5x, https:\/\/i0.wp.com\/www.jungsi.de\/blog\/wp-content\/uploads\/Competition-Pro-CD32-Oberseite-schraeg.jpg?resize=700%2C400&ssl=1 2x, https:\/\/i0.wp.com\/www.jungsi.de\/blog\/wp-content\/uploads\/Competition-Pro-CD32-Oberseite-schraeg.jpg?resize=1050%2C600&ssl=1 3x, https:\/\/i0.wp.com\/www.jungsi.de\/blog\/wp-content\/uploads\/Competition-Pro-CD32-Oberseite-schraeg.jpg?resize=1400%2C800&ssl=1 4x"},"classes":[]}],"_links":{"self":[{"href":"https:\/\/www.jungsi.de\/en\/wp-json\/wp\/v2\/pages\/27769","targetHints":{"allow":["GET"]}}],"collection":[{"href":"https:\/\/www.jungsi.de\/en\/wp-json\/wp\/v2\/pages"}],"about":[{"href":"https:\/\/www.jungsi.de\/en\/wp-json\/wp\/v2\/types\/page"}],"author":[{"embeddable":true,"href":"https:\/\/www.jungsi.de\/en\/wp-json\/wp\/v2\/users\/2"}],"replies":[{"embeddable":true,"href":"https:\/\/www.jungsi.de\/en\/wp-json\/wp\/v2\/comments?post=27769"}],"version-history":[{"count":0,"href":"https:\/\/www.jungsi.de\/en\/wp-json\/wp\/v2\/pages\/27769\/revisions"}],"up":[{"embeddable":true,"href":"https:\/\/www.jungsi.de\/en\/wp-json\/wp\/v2\/pages\/19748"}],"wp:featuredmedia":[{"embeddable":true,"href":"https:\/\/www.jungsi.de\/en\/wp-json\/wp\/v2\/media\/32223"}],"wp:attachment":[{"href":"https:\/\/www.jungsi.de\/en\/wp-json\/wp\/v2\/media?parent=27769"}],"curies":[{"name":"wp","href":"https:\/\/api.w.org\/{rel}","templated":true}]}}