{"id":27739,"date":"2023-01-16T13:45:19","date_gmt":"2023-01-16T12:45:19","guid":{"rendered":"https:\/\/www.jungsi.de\/?page_id=27739"},"modified":"2024-12-08T17:42:22","modified_gmt":"2024-12-08T16:42:22","slug":"acorn-bbc-micro-model-b-2","status":"publish","type":"page","link":"https:\/\/www.jungsi.de\/en\/heimcomputer\/acorn\/acorn-bbc-micro-model-b-2\/","title":{"rendered":"Acorn BBC Micro Model B"},"content":{"rendered":"\n<p><\/p>\n\n\n\n<h2 class=\"wp-block-heading has-text-align-center\">Acorn BBC Micro Model B<\/h2>\n\n\n\n<figure class=\"wp-block-image size-large\"><img loading=\"lazy\" decoding=\"async\" width=\"1024\" height=\"768\" data-attachment-id=\"21564\" data-permalink=\"https:\/\/www.jungsi.de\/en\/heimcomputer\/acorn\/acorn-bbc-micro-model-b\/\" data-orig-file=\"https:\/\/www.jungsi.de\/blog\/wp-content\/uploads\/Acorn-BBC-Micro-Model-B.jpg\" data-orig-size=\"1400,1050\" data-comments-opened=\"1\" data-image-meta=\"{&quot;aperture&quot;:&quot;3.5&quot;,&quot;credit&quot;:&quot;&quot;,&quot;camera&quot;:&quot;Canon PowerShot SX260 HS&quot;,&quot;caption&quot;:&quot;&quot;,&quot;created_timestamp&quot;:&quot;1537708151&quot;,&quot;copyright&quot;:&quot;&quot;,&quot;focal_length&quot;:&quot;4.5&quot;,&quot;iso&quot;:&quot;250&quot;,&quot;shutter_speed&quot;:&quot;0.033333333333333&quot;,&quot;title&quot;:&quot;&quot;,&quot;orientation&quot;:&quot;1&quot;}\" data-image-title=\"Acorn BBC Micro Model B\" data-image-description=\"&lt;p&gt;Acorn BBC Micro Model B&lt;\/p&gt;\n\" data-image-caption=\"&lt;p&gt;Acorn BBC Micro Model B&lt;\/p&gt;\n\" data-large-file=\"https:\/\/www.jungsi.de\/blog\/wp-content\/uploads\/Acorn-BBC-Micro-Model-B-1024x768.jpg\" src=\"https:\/\/www.jungsi.de\/blog\/wp-content\/uploads\/Acorn-BBC-Micro-Model-B-1024x768.jpg\" alt=\"Acorn BBC Micro Model B\" class=\"wp-image-21564\" srcset=\"https:\/\/www.jungsi.de\/blog\/wp-content\/uploads\/Acorn-BBC-Micro-Model-B-1024x768.jpg 1024w, https:\/\/www.jungsi.de\/blog\/wp-content\/uploads\/Acorn-BBC-Micro-Model-B-300x225.jpg 300w, https:\/\/www.jungsi.de\/blog\/wp-content\/uploads\/Acorn-BBC-Micro-Model-B.jpg 1400w\" sizes=\"auto, (max-width: 1024px) 100vw, 1024px\" \/><figcaption class=\"wp-element-caption\">Acorn BBC Micro Model B<\/figcaption><\/figure>\n\n\n\n<p>Der Acorn BBC Micro war der Computer von Acorn f\u00fcr Schulen, konnte aber auch f\u00fcr den privaten Gebrauch bestellt werden. Im Inneren hatte er 32kB RAM (Modell A hatte 16kB) und eine 6502 CPU, die normalerweise von Rockwell hergestellt wurde. Der Rechner hatte mehr E\/A-Anschl\u00fcsse als andere britische Computer: Nicht nur eine 1MHz-Bus-Erweiterung, sondern auch einen &#8222;Tube&#8220;-Bus, der es erm\u00f6glichte, andere Prozessoren an den Computer anzuschlie\u00dfen. Tube erm\u00f6glicht den Anschluss eines zweiten 6502 f\u00fcr Grafikanwendungen oder eines ARM-Prozessors. Mit ARM ausgestattete BBC Micros wurden als Entwicklungskits f\u00fcr sp\u00e4tere Acorn ARM-Computer verwendet. Durch den Anschluss des Z80 an Tube konnte der BBC Micro mit CP\/M-Programmen betrieben werden.<\/p>\n\n\n\n<table id=\"tablepress-272\" class=\"tablepress tablepress-id-272\">\n<tbody class=\"row-striping row-hover\">\n<tr class=\"row-1\">\n\t<td class=\"column-1\"><strong>Erscheinungsjahr:<\/strong><\/td><td class=\"column-2\">1982<\/td>\n<\/tr>\n<tr class=\"row-2\">\n\t<td class=\"column-1\"><strong>verkaufte Einheiten:<\/strong><\/td><td class=\"column-2\">1.500.000<\/td>\n<\/tr>\n<tr class=\"row-3\">\n\t<td class=\"column-1\"><strong>Prozessor:<\/strong><\/td><td class=\"column-2\">MOS 6502A<\/td>\n<\/tr>\n<tr class=\"row-4\">\n\t<td class=\"column-1\"><strong>Taktfrequenz:<\/strong><\/td><td class=\"column-2\">2 MHz (optional 2,8 MHz)<\/td>\n<\/tr>\n<tr class=\"row-5\">\n\t<td class=\"column-1\"><strong>RAM:<\/strong><\/td><td class=\"column-2\">32 KByte, erweiterbar auf 64 KByte (mit Zweitprozessor +64 KByte)<\/td>\n<\/tr>\n<tr class=\"row-6\">\n\t<td class=\"column-1\"><strong>ROM:<\/strong><\/td><td class=\"column-2\">32 KByte<\/td>\n<\/tr>\n<tr class=\"row-7\">\n\t<td class=\"column-1\"><strong>Betriebssystem:<\/strong><\/td><td class=\"column-2\">eigenes<\/td>\n<\/tr>\n<tr class=\"row-8\">\n\t<td class=\"column-1\"><strong>Grafikchip:<\/strong><\/td><td class=\"column-2\">?<\/td>\n<\/tr>\n<tr class=\"row-9\">\n\t<td class=\"column-1\"><strong>Textmodus:<\/strong><\/td><td class=\"column-2\">80 x 25, 40 x 25<\/td>\n<\/tr>\n<tr class=\"row-10\">\n\t<td class=\"column-1\"><strong>Grafikmodi:<\/strong><\/td><td class=\"column-2\">160 x 256 (16 Farben), 320 x 256 (4 Farben), 640 x 256 (monochrom)<\/td>\n<\/tr>\n<tr class=\"row-11\">\n\t<td class=\"column-1\"><strong>Farben:<\/strong><\/td><td class=\"column-2\">16<\/td>\n<\/tr>\n<tr class=\"row-12\">\n\t<td class=\"column-1\"><strong>Soundchip:<\/strong><\/td><td class=\"column-2\">SN76489<\/td>\n<\/tr>\n<tr class=\"row-13\">\n\t<td class=\"column-1\"><strong>Sound:<\/strong><\/td><td class=\"column-2\">3 Stimmen, mono<\/td>\n<\/tr>\n<tr class=\"row-14\">\n\t<td class=\"column-1\"><strong>Tastatur:<\/strong><\/td><td class=\"column-2\">Schreibmaschine, QWERTY, 74 Tasten<\/td>\n<\/tr>\n<tr class=\"row-15\">\n\t<td class=\"column-1\"><strong>Laufwerk:<\/strong><\/td><td class=\"column-2\">&#8212;<\/td>\n<\/tr>\n<tr class=\"row-16\">\n\t<td class=\"column-1\"><strong>I\/O:<\/strong><\/td><td class=\"column-2\">[siehe Text]<\/td>\n<\/tr>\n<tr class=\"row-17\">\n\t<td class=\"column-1\"><strong>Bemerkungen:<\/strong><\/td><td class=\"column-2\">eingebauter Lautsprecher, optional Z80 oder weiterer 6502 als Zweitprozessor nachr\u00fcstbar<\/td>\n<\/tr>\n<\/tbody>\n<\/table>\n<!-- #tablepress-272 from cache -->\n\n\n<figure class=\"wp-block-gallery has-nested-images columns-default is-cropped is-style-rectangular wp-block-gallery-1 is-layout-flex wp-block-gallery-is-layout-flex\">\n<figure class=\"wp-block-image size-large\"><img loading=\"lazy\" decoding=\"async\" width=\"1024\" height=\"768\" data-attachment-id=\"23169\" data-permalink=\"https:\/\/www.jungsi.de\/en\/heimcomputer\/acorn\/sideways-ram_rom-acorn-bbc-model-b\/\" data-orig-file=\"https:\/\/www.jungsi.de\/blog\/wp-content\/uploads\/Sideways-RAM_ROM-Acorn-BBC-Model-B.jpg\" data-orig-size=\"1400,1050\" data-comments-opened=\"1\" data-image-meta=\"{&quot;aperture&quot;:&quot;3.5&quot;,&quot;credit&quot;:&quot;&quot;,&quot;camera&quot;:&quot;Canon PowerShot SX260 HS&quot;,&quot;caption&quot;:&quot;&quot;,&quot;created_timestamp&quot;:&quot;1539106775&quot;,&quot;copyright&quot;:&quot;&quot;,&quot;focal_length&quot;:&quot;4.5&quot;,&quot;iso&quot;:&quot;800&quot;,&quot;shutter_speed&quot;:&quot;0.033333333333333&quot;,&quot;title&quot;:&quot;&quot;,&quot;orientation&quot;:&quot;1&quot;}\" data-image-title=\"Sideways RAM_ROM &amp;#8211; Acorn BBC Model B\" data-image-description=\"&lt;p&gt;Sideways RAM_ROM&lt;\/p&gt;\n\" data-image-caption=\"&lt;p&gt;Sideways RAM_ROM&lt;\/p&gt;\n\" data-large-file=\"https:\/\/www.jungsi.de\/blog\/wp-content\/uploads\/Sideways-RAM_ROM-Acorn-BBC-Model-B-1024x768.jpg\" data-id=\"23169\" src=\"https:\/\/www.jungsi.de\/blog\/wp-content\/uploads\/Sideways-RAM_ROM-Acorn-BBC-Model-B-1024x768.jpg\" alt=\"Sideways RAM_ROM\" class=\"wp-image-23169\" srcset=\"https:\/\/www.jungsi.de\/blog\/wp-content\/uploads\/Sideways-RAM_ROM-Acorn-BBC-Model-B-1024x768.jpg 1024w, https:\/\/www.jungsi.de\/blog\/wp-content\/uploads\/Sideways-RAM_ROM-Acorn-BBC-Model-B-300x225.jpg 300w, https:\/\/www.jungsi.de\/blog\/wp-content\/uploads\/Sideways-RAM_ROM-Acorn-BBC-Model-B.jpg 1400w\" sizes=\"auto, (max-width: 1024px) 100vw, 1024px\" \/><figcaption class=\"wp-element-caption\">Sideways RAM_ROM<\/figcaption><\/figure>\n\n\n\n<figure class=\"wp-block-image size-large\"><img loading=\"lazy\" decoding=\"async\" width=\"1024\" height=\"768\" data-attachment-id=\"23170\" data-permalink=\"https:\/\/www.jungsi.de\/en\/heimcomputer\/acorn\/floppy-controller\/\" data-orig-file=\"https:\/\/www.jungsi.de\/blog\/wp-content\/uploads\/Floppy-Controller.jpg\" data-orig-size=\"1400,1050\" data-comments-opened=\"1\" data-image-meta=\"{&quot;aperture&quot;:&quot;3.5&quot;,&quot;credit&quot;:&quot;&quot;,&quot;camera&quot;:&quot;Canon PowerShot SX260 HS&quot;,&quot;caption&quot;:&quot;&quot;,&quot;created_timestamp&quot;:&quot;1539106884&quot;,&quot;copyright&quot;:&quot;&quot;,&quot;focal_length&quot;:&quot;4.5&quot;,&quot;iso&quot;:&quot;1000&quot;,&quot;shutter_speed&quot;:&quot;0.05&quot;,&quot;title&quot;:&quot;&quot;,&quot;orientation&quot;:&quot;1&quot;}\" data-image-title=\"Floppy Controller\" data-image-description=\"&lt;p&gt;Floppy Controller&lt;\/p&gt;\n\" data-image-caption=\"&lt;p&gt;Floppy Controller&lt;\/p&gt;\n\" data-large-file=\"https:\/\/www.jungsi.de\/blog\/wp-content\/uploads\/Floppy-Controller-1024x768.jpg\" data-id=\"23170\" src=\"https:\/\/www.jungsi.de\/blog\/wp-content\/uploads\/Floppy-Controller-1024x768.jpg\" alt=\"Floppy Controller\" class=\"wp-image-23170\" srcset=\"https:\/\/www.jungsi.de\/blog\/wp-content\/uploads\/Floppy-Controller-1024x768.jpg 1024w, https:\/\/www.jungsi.de\/blog\/wp-content\/uploads\/Floppy-Controller-300x225.jpg 300w, https:\/\/www.jungsi.de\/blog\/wp-content\/uploads\/Floppy-Controller.jpg 1400w\" sizes=\"auto, (max-width: 1024px) 100vw, 1024px\" \/><figcaption class=\"wp-element-caption\">Floppy Controller<\/figcaption><\/figure>\n\n\n\n<figure class=\"wp-block-image size-large\"><img loading=\"lazy\" decoding=\"async\" width=\"1024\" height=\"768\" data-attachment-id=\"21237\" data-permalink=\"https:\/\/www.jungsi.de\/en\/joystick-adapter-acorn-bbc-micro-master\/acorn-bbc-to-atari_c64-joystick-adapter\/\" data-orig-file=\"https:\/\/www.jungsi.de\/blog\/wp-content\/uploads\/Acorn-BBC-to-Atari_C64-Joystick-Adapter.jpg\" data-orig-size=\"1400,1050\" data-comments-opened=\"1\" data-image-meta=\"{&quot;aperture&quot;:&quot;3.5&quot;,&quot;credit&quot;:&quot;&quot;,&quot;camera&quot;:&quot;Canon PowerShot SX260 HS&quot;,&quot;caption&quot;:&quot;&quot;,&quot;created_timestamp&quot;:&quot;1537707830&quot;,&quot;copyright&quot;:&quot;&quot;,&quot;focal_length&quot;:&quot;4.5&quot;,&quot;iso&quot;:&quot;500&quot;,&quot;shutter_speed&quot;:&quot;0.033333333333333&quot;,&quot;title&quot;:&quot;&quot;,&quot;orientation&quot;:&quot;1&quot;}\" data-image-title=\"Acorn BBC to Atari_C64 Joystick Adapter\" data-image-description=\"&lt;p&gt;Acorn BBC to Atari_C64 Joystick Adapter&lt;\/p&gt;\n\" data-image-caption=\"&lt;p&gt;Acorn BBC to Atari_C64 Joystick Adapter&lt;\/p&gt;\n\" data-large-file=\"https:\/\/www.jungsi.de\/blog\/wp-content\/uploads\/Acorn-BBC-to-Atari_C64-Joystick-Adapter-1024x768.jpg\" data-id=\"21237\" src=\"https:\/\/www.jungsi.de\/blog\/wp-content\/uploads\/Acorn-BBC-to-Atari_C64-Joystick-Adapter-1024x768.jpg\" alt=\"Acorn BBC to Atari_C64 Joystick Adapter\" class=\"wp-image-21237\" srcset=\"https:\/\/www.jungsi.de\/blog\/wp-content\/uploads\/Acorn-BBC-to-Atari_C64-Joystick-Adapter-1024x768.jpg 1024w, https:\/\/www.jungsi.de\/blog\/wp-content\/uploads\/Acorn-BBC-to-Atari_C64-Joystick-Adapter-300x225.jpg 300w, https:\/\/www.jungsi.de\/blog\/wp-content\/uploads\/Acorn-BBC-to-Atari_C64-Joystick-Adapter.jpg 1400w\" sizes=\"auto, (max-width: 1024px) 100vw, 1024px\" \/><figcaption class=\"wp-element-caption\"><a href=\"https:\/\/www.jungsi.de\/joystick-adapter-acorn-bbc-micro-master\/\" data-type=\"post\" data-id=\"21234\">Acorn BBC to Atari_C64 Joystick Adapter<\/a><\/figcaption><\/figure>\n\n\n\n<figure class=\"wp-block-image size-large\"><img loading=\"lazy\" decoding=\"async\" width=\"1024\" height=\"768\" data-attachment-id=\"33093\" data-permalink=\"https:\/\/www.jungsi.de\/en\/heimcomputer\/acorn\/acorn-bbc-micro-model-b-2\/micro-mmc-platine\/\" data-orig-file=\"https:\/\/www.jungsi.de\/blog\/wp-content\/uploads\/Micro-MMC-Platine.jpg\" data-orig-size=\"1400,1050\" data-comments-opened=\"1\" data-image-meta=\"{&quot;aperture&quot;:&quot;3.5&quot;,&quot;credit&quot;:&quot;&quot;,&quot;camera&quot;:&quot;Canon PowerShot SX260 HS&quot;,&quot;caption&quot;:&quot;&quot;,&quot;created_timestamp&quot;:&quot;1605965426&quot;,&quot;copyright&quot;:&quot;&quot;,&quot;focal_length&quot;:&quot;4.5&quot;,&quot;iso&quot;:&quot;1000&quot;,&quot;shutter_speed&quot;:&quot;0.05&quot;,&quot;title&quot;:&quot;&quot;,&quot;orientation&quot;:&quot;1&quot;}\" data-image-title=\"Micro MMC Platine\" data-image-description=\"&lt;p&gt;Micro MMC &lt;\/p&gt;\n\" data-image-caption=\"&lt;p&gt;Micro MMC &lt;\/p&gt;\n\" data-large-file=\"https:\/\/www.jungsi.de\/blog\/wp-content\/uploads\/Micro-MMC-Platine-1024x768.jpg\" data-id=\"33093\" src=\"https:\/\/www.jungsi.de\/blog\/wp-content\/uploads\/Micro-MMC-Platine-1024x768.jpg\" alt=\"Micro MMC \" class=\"wp-image-33093\" srcset=\"https:\/\/www.jungsi.de\/blog\/wp-content\/uploads\/Micro-MMC-Platine-1024x768.jpg 1024w, https:\/\/www.jungsi.de\/blog\/wp-content\/uploads\/Micro-MMC-Platine-300x225.jpg 300w, https:\/\/www.jungsi.de\/blog\/wp-content\/uploads\/Micro-MMC-Platine.jpg 1400w\" sizes=\"auto, (max-width: 1024px) 100vw, 1024px\" \/><figcaption class=\"wp-element-caption\">Micro MMC <\/figcaption><\/figure>\n<\/figure>\n","protected":false},"excerpt":{"rendered":"<p>Acorn BBC Micro Model B Der Acorn BBC Micro war der Computer von Acorn f\u00fcr Schulen, konnte aber auch f\u00fcr den privaten Gebrauch bestellt werden. \u2026<\/p>","protected":false},"author":2,"featured_media":33093,"parent":20987,"menu_order":0,"comment_status":"closed","ping_status":"closed","template":"","meta":{"_lmt_disableupdate":"","_lmt_disable":"","ngg_post_thumbnail":0,"jetpack_post_was_ever_published":false,"footnotes":"","_links_to":"","_links_to_target":""},"class_list":["post-27739","page","type-page","status-publish","has-post-thumbnail","hentry"],"jetpack_shortlink":"https:\/\/wp.me\/P4eXvk-7dp","jetpack_sharing_enabled":true,"jetpack_likes_enabled":true,"jetpack-related-posts":[{"id":20987,"url":"https:\/\/www.jungsi.de\/en\/heimcomputer\/acorn\/","url_meta":{"origin":27739,"position":0},"title":"Acorn","author":"Jungsi","date":"26. August 2018","format":false,"excerpt":"Acorn Acorn Computers wurde 1978 in Cambridge, England, von Hermann Hauser und Chris Curry gegr\u00fcndet. Die beiden hatten zuvor bei Sinclair Research zusammengearbeitet und wollten einen eigenen Mikrocomputer entwickeln. Ihr erstes Produkt war der Acorn Microcomputer, der sp\u00e4ter in den Acorn System 1 umbenannt wurde. Acorn wurde schnell erfolgreich und\u2026","rel":"","context":"Similar post","block_context":{"text":"Similar post","link":""},"img":{"alt_text":"Acorn Electron","src":"https:\/\/i0.wp.com\/www.jungsi.de\/blog\/wp-content\/uploads\/Acorn-Electron-1.jpg?resize=350%2C200&ssl=1","width":350,"height":200,"srcset":"https:\/\/i0.wp.com\/www.jungsi.de\/blog\/wp-content\/uploads\/Acorn-Electron-1.jpg?resize=350%2C200&ssl=1 1x, https:\/\/i0.wp.com\/www.jungsi.de\/blog\/wp-content\/uploads\/Acorn-Electron-1.jpg?resize=525%2C300&ssl=1 1.5x, https:\/\/i0.wp.com\/www.jungsi.de\/blog\/wp-content\/uploads\/Acorn-Electron-1.jpg?resize=700%2C400&ssl=1 2x, https:\/\/i0.wp.com\/www.jungsi.de\/blog\/wp-content\/uploads\/Acorn-Electron-1.jpg?resize=1050%2C600&ssl=1 3x, https:\/\/i0.wp.com\/www.jungsi.de\/blog\/wp-content\/uploads\/Acorn-Electron-1.jpg?resize=1400%2C800&ssl=1 4x"},"classes":[]},{"id":27741,"url":"https:\/\/www.jungsi.de\/en\/heimcomputer\/acorn\/acorn-bbc-master-128\/","url_meta":{"origin":27739,"position":1},"title":"Acorn BBC Master 128","author":"Jungsi","date":"16. January 2023","format":false,"excerpt":"Acorn BBC Master 128 BBC Master 128 Nach dem kommerziellen Erfolg des BBC Model B f\u00fchrte die BBC den Master als Heimcomputer ein, der sowohl f\u00fcr den IT-Unterricht als auch als Computer f\u00fcr zu Hause oder kleine B\u00fcros gedacht war. Er hatte 128kB RAM und ein ROM mit vielen Funktionen,\u2026","rel":"","context":"Similar post","block_context":{"text":"Similar post","link":""},"img":{"alt_text":"Cumana Diskettenlaufwerk - Disk Drive Guide","src":"https:\/\/i0.wp.com\/www.jungsi.de\/blog\/wp-content\/uploads\/Cumana-Diskettenlaufwerk-Disk-Drive-Guide.jpg?resize=350%2C200&ssl=1","width":350,"height":200,"srcset":"https:\/\/i0.wp.com\/www.jungsi.de\/blog\/wp-content\/uploads\/Cumana-Diskettenlaufwerk-Disk-Drive-Guide.jpg?resize=350%2C200&ssl=1 1x, https:\/\/i0.wp.com\/www.jungsi.de\/blog\/wp-content\/uploads\/Cumana-Diskettenlaufwerk-Disk-Drive-Guide.jpg?resize=525%2C300&ssl=1 1.5x, https:\/\/i0.wp.com\/www.jungsi.de\/blog\/wp-content\/uploads\/Cumana-Diskettenlaufwerk-Disk-Drive-Guide.jpg?resize=700%2C400&ssl=1 2x, https:\/\/i0.wp.com\/www.jungsi.de\/blog\/wp-content\/uploads\/Cumana-Diskettenlaufwerk-Disk-Drive-Guide.jpg?resize=1050%2C600&ssl=1 3x"},"classes":[]},{"id":27737,"url":"https:\/\/www.jungsi.de\/en\/heimcomputer\/acorn\/acorn-electron\/","url_meta":{"origin":27739,"position":2},"title":"Acorn Electron","author":"Jungsi","date":"16. January 2023","format":false,"excerpt":"Acorn Electron Acorn Electron Der Acorn Electron, ein Heimcomputer, wurde 1983 von Acorn Computers Ltd herausgebracht. Er galt als eine preiswertere und kompaktere Alternative zum BBC Micro und zielte auf den Massenmarkt ab. Der Acorn Electron erlangte Bekanntheit f\u00fcr seine Kompatibilit\u00e4t mit zahlreichen BBC Micro-Programmen und seine solide Konstruktion. Trotz\u2026","rel":"","context":"Similar post","block_context":{"text":"Similar post","link":""},"img":{"alt_text":"ElkSD128","src":"https:\/\/i0.wp.com\/www.jungsi.de\/blog\/wp-content\/uploads\/ElkSD128-Oberseite-schraeg.jpg?resize=350%2C200&ssl=1","width":350,"height":200,"srcset":"https:\/\/i0.wp.com\/www.jungsi.de\/blog\/wp-content\/uploads\/ElkSD128-Oberseite-schraeg.jpg?resize=350%2C200&ssl=1 1x, https:\/\/i0.wp.com\/www.jungsi.de\/blog\/wp-content\/uploads\/ElkSD128-Oberseite-schraeg.jpg?resize=525%2C300&ssl=1 1.5x, https:\/\/i0.wp.com\/www.jungsi.de\/blog\/wp-content\/uploads\/ElkSD128-Oberseite-schraeg.jpg?resize=700%2C400&ssl=1 2x, https:\/\/i0.wp.com\/www.jungsi.de\/blog\/wp-content\/uploads\/ElkSD128-Oberseite-schraeg.jpg?resize=1050%2C600&ssl=1 3x, https:\/\/i0.wp.com\/www.jungsi.de\/blog\/wp-content\/uploads\/ElkSD128-Oberseite-schraeg.jpg?resize=1400%2C800&ssl=1 4x"},"classes":[]},{"id":12379,"url":"https:\/\/www.jungsi.de\/en\/spiele\/sonstige-spiele\/","url_meta":{"origin":27739,"position":3},"title":"Sonstige Spiele\/Software","author":"Jungsi","date":"15. January 2016","format":false,"excerpt":"Sonstige Spiele\/Software Da ich f\u00fcr die folgenden Systeme weniger als 10 Spiele bzw. Software besitze, werden diese nicht auf einer eigenen Seite pr\u00e4sentiert. Amstrad GX4000 Atari 7800 Apple IIe Bandai WonderSwan Color MSX Sharp MZ SNK Neo Geo AES SNK Neo Geo Pocket Thomson Acorn BBC Micro Attack On Alpha\u2026","rel":"","context":"Similar post","block_context":{"text":"Similar post","link":""},"img":{"alt_text":"Football - Atari XL","src":"https:\/\/i0.wp.com\/www.jungsi.de\/blog\/wp-content\/uploads\/football-atari-xl.jpg?resize=350%2C200&ssl=1","width":350,"height":200,"srcset":"https:\/\/i0.wp.com\/www.jungsi.de\/blog\/wp-content\/uploads\/football-atari-xl.jpg?resize=350%2C200&ssl=1 1x, https:\/\/i0.wp.com\/www.jungsi.de\/blog\/wp-content\/uploads\/football-atari-xl.jpg?resize=525%2C300&ssl=1 1.5x, https:\/\/i0.wp.com\/www.jungsi.de\/blog\/wp-content\/uploads\/football-atari-xl.jpg?resize=700%2C400&ssl=1 2x"},"classes":[]},{"id":18076,"url":"https:\/\/www.jungsi.de\/en\/heimcomputer\/","url_meta":{"origin":27739,"position":4},"title":"home computer","author":"Jungsi","date":"30. July 2017","format":false,"excerpt":"Meine Geschichte Meine Begeisterung f\u00fcr Computer begann in den fr\u00fchen 1980er Jahren. Als ich im P.M. Computerheft \u00fcber diese faszinierende neue Technologie las, erkannte ich sofort: Das ist die Zukunft. Ich bettelte so lange, bis meine Gro\u00dfmutter mir einen Sinclair ZX81 schenkte, damals der g\u00fcnstigste Homecomputer. Fasziniert sa\u00df ich vor\u2026","rel":"","context":"Similar post","block_context":{"text":"Similar post","link":""},"img":{"alt_text":"Acorn","src":"https:\/\/i0.wp.com\/www.jungsi.de\/blog\/wp-content\/uploads\/Acorn.jpg?resize=350%2C200&ssl=1","width":350,"height":200,"srcset":"https:\/\/i0.wp.com\/www.jungsi.de\/blog\/wp-content\/uploads\/Acorn.jpg?resize=350%2C200&ssl=1 1x, https:\/\/i0.wp.com\/www.jungsi.de\/blog\/wp-content\/uploads\/Acorn.jpg?resize=525%2C300&ssl=1 1.5x, https:\/\/i0.wp.com\/www.jungsi.de\/blog\/wp-content\/uploads\/Acorn.jpg?resize=700%2C400&ssl=1 2x, https:\/\/i0.wp.com\/www.jungsi.de\/blog\/wp-content\/uploads\/Acorn.jpg?resize=1050%2C600&ssl=1 3x, https:\/\/i0.wp.com\/www.jungsi.de\/blog\/wp-content\/uploads\/Acorn.jpg?resize=1400%2C800&ssl=1 4x"},"classes":[]},{"id":18106,"url":"https:\/\/www.jungsi.de\/en\/suche-biete\/","url_meta":{"origin":27739,"position":5},"title":"Suche\/Kaufe\/Tausche","author":"Jungsi","date":"30. July 2017","format":false,"excerpt":"Suche\/Kaufe\/Tausche Meine Sammlung kann immer noch das eine oder andere zus\u00e4tzliche St\u00fcck vertragen. Bevor Hardware verschrottet wird, bewahre ich sie gerne vor diesem Schicksal. Die Ger\u00e4te werden gereinigt, soweit m\u00f6glich instand gesetzt und wieder in Betrieb genommen, sollten sie nicht mehr funktionieren. Falls Sie etwas loswerden wollen, k\u00f6nnen Sie sich\u2026","rel":"","context":"Similar post","block_context":{"text":"Similar post","link":""},"img":{"alt_text":"","src":"","width":0,"height":0},"classes":[]}],"_links":{"self":[{"href":"https:\/\/www.jungsi.de\/en\/wp-json\/wp\/v2\/pages\/27739","targetHints":{"allow":["GET"]}}],"collection":[{"href":"https:\/\/www.jungsi.de\/en\/wp-json\/wp\/v2\/pages"}],"about":[{"href":"https:\/\/www.jungsi.de\/en\/wp-json\/wp\/v2\/types\/page"}],"author":[{"embeddable":true,"href":"https:\/\/www.jungsi.de\/en\/wp-json\/wp\/v2\/users\/2"}],"replies":[{"embeddable":true,"href":"https:\/\/www.jungsi.de\/en\/wp-json\/wp\/v2\/comments?post=27739"}],"version-history":[{"count":0,"href":"https:\/\/www.jungsi.de\/en\/wp-json\/wp\/v2\/pages\/27739\/revisions"}],"up":[{"embeddable":true,"href":"https:\/\/www.jungsi.de\/en\/wp-json\/wp\/v2\/pages\/20987"}],"wp:featuredmedia":[{"embeddable":true,"href":"https:\/\/www.jungsi.de\/en\/wp-json\/wp\/v2\/media\/33093"}],"wp:attachment":[{"href":"https:\/\/www.jungsi.de\/en\/wp-json\/wp\/v2\/media?parent=27739"}],"curies":[{"name":"wp","href":"https:\/\/api.w.org\/{rel}","templated":true}]}}