{"id":27702,"date":"2023-01-13T15:31:26","date_gmt":"2023-01-13T14:31:26","guid":{"rendered":"https:\/\/www.jungsi.de\/?page_id=27702"},"modified":"2025-04-05T16:41:21","modified_gmt":"2025-04-05T14:41:21","slug":"sharp","status":"publish","type":"page","link":"https:\/\/www.jungsi.de\/en\/heimcomputer\/sonstige-hersteller\/sharp\/","title":{"rendered":"Sharp"},"content":{"rendered":"<p><\/p>\n\n\n\n<h2 class=\"wp-block-heading has-text-align-center\"><strong>Sharp<\/strong><\/h2>\n\n\n\n<h2 class=\"wp-block-heading has-text-align-center\"><strong>Sharp MZ-731<\/strong><\/h2>\n\n\n<div class=\"wp-block-image\">\n<figure class=\"aligncenter size-large\"><img loading=\"lazy\" decoding=\"async\" width=\"1024\" height=\"768\" data-attachment-id=\"29327\" data-permalink=\"https:\/\/www.jungsi.de\/en\/sharp-mz-731-sharp\/sharp-mz-731-oberseite\/\" data-orig-file=\"https:\/\/www.jungsi.de\/blog\/wp-content\/uploads\/Sharp-MZ-731-Oberseite.jpg\" data-orig-size=\"1400,1050\" data-comments-opened=\"1\" data-image-meta=\"{&quot;aperture&quot;:&quot;1.8&quot;,&quot;credit&quot;:&quot;&quot;,&quot;camera&quot;:&quot;iPad Pro (12.9-inch) (4th generation)&quot;,&quot;caption&quot;:&quot;&quot;,&quot;created_timestamp&quot;:&quot;1669468864&quot;,&quot;copyright&quot;:&quot;&quot;,&quot;focal_length&quot;:&quot;3&quot;,&quot;iso&quot;:&quot;250&quot;,&quot;shutter_speed&quot;:&quot;0.016666666666667&quot;,&quot;title&quot;:&quot;&quot;,&quot;orientation&quot;:&quot;1&quot;}\" data-image-title=\"Sharp MZ-731 &amp;#8211; Oberseite\" data-image-description=\"&lt;p&gt;Sharp MZ-731&lt;\/p&gt;\" data-image-caption=\"&lt;p&gt;Sharp MZ-731&lt;\/p&gt;\" data-large-file=\"https:\/\/www.jungsi.de\/blog\/wp-content\/uploads\/Sharp-MZ-731-Oberseite-1024x768.jpg\" src=\"https:\/\/www.jungsi.de\/blog\/wp-content\/uploads\/Sharp-MZ-731-Oberseite-1024x768.jpg\" alt=\"Sharp MZ-731\" class=\"wp-image-29327\" srcset=\"https:\/\/www.jungsi.de\/blog\/wp-content\/uploads\/Sharp-MZ-731-Oberseite-1024x768.jpg 1024w, https:\/\/www.jungsi.de\/blog\/wp-content\/uploads\/Sharp-MZ-731-Oberseite-300x225.jpg 300w, https:\/\/www.jungsi.de\/blog\/wp-content\/uploads\/Sharp-MZ-731-Oberseite.jpg 1400w\" sizes=\"auto, (max-width: 1024px) 100vw, 1024px\" \/><figcaption class=\"wp-element-caption\">Sharp MZ-731<\/figcaption><\/figure>\n<\/div>\n\n<div class=\"wp-block-image\">\n<figure class=\"aligncenter size-large\"><img loading=\"lazy\" decoding=\"async\" width=\"1024\" height=\"768\" data-attachment-id=\"31780\" data-permalink=\"https:\/\/www.jungsi.de\/en\/sharp-mz-811-inkl-quick-disk-sharp\/sharp-mz-811-seitlich-von-oben-2\/\" data-orig-file=\"https:\/\/www.jungsi.de\/blog\/wp-content\/uploads\/Sharp-MZ-811-seitlich-von-Oben-1.jpg\" data-orig-size=\"1400,1050\" data-comments-opened=\"1\" data-image-meta=\"{&quot;aperture&quot;:&quot;1.5&quot;,&quot;credit&quot;:&quot;&quot;,&quot;camera&quot;:&quot;iPhone 14&quot;,&quot;caption&quot;:&quot;&quot;,&quot;created_timestamp&quot;:&quot;1702637113&quot;,&quot;copyright&quot;:&quot;&quot;,&quot;focal_length&quot;:&quot;5.7&quot;,&quot;iso&quot;:&quot;125&quot;,&quot;shutter_speed&quot;:&quot;0.016666666666667&quot;,&quot;title&quot;:&quot;&quot;,&quot;orientation&quot;:&quot;1&quot;}\" data-image-title=\"Sharp MZ-811 &amp;#8211; seitlich von Oben\" data-image-description=\"\" data-image-caption=\"\" data-large-file=\"https:\/\/www.jungsi.de\/blog\/wp-content\/uploads\/Sharp-MZ-811-seitlich-von-Oben-1-1024x768.jpg\" src=\"https:\/\/www.jungsi.de\/blog\/wp-content\/uploads\/Sharp-MZ-811-seitlich-von-Oben-1-1024x768.jpg\" alt=\"\" class=\"wp-image-31780\" srcset=\"https:\/\/www.jungsi.de\/blog\/wp-content\/uploads\/Sharp-MZ-811-seitlich-von-Oben-1-1024x768.jpg 1024w, https:\/\/www.jungsi.de\/blog\/wp-content\/uploads\/Sharp-MZ-811-seitlich-von-Oben-1-300x225.jpg 300w, https:\/\/www.jungsi.de\/blog\/wp-content\/uploads\/Sharp-MZ-811-seitlich-von-Oben-1.jpg 1400w\" sizes=\"auto, (max-width: 1024px) 100vw, 1024px\" \/><figcaption class=\"wp-element-caption\">Sharp MZ-811<\/figcaption><\/figure>\n<\/div>\n\n\n<p>Der Sharp MZ-700 wurde 1982 von der japanischen Firma Sharp Corporation entwickelt und auf den Markt gebracht. Er geh\u00f6rte zur popul\u00e4ren MZ-Serie von Heimcomputern, die in den sp\u00e4ten 1970er und fr\u00fchen 1980er Jahren eingef\u00fchrt wurde. Die MZ-Serie war f\u00fcr ihre robuste Bauweise und Zuverl\u00e4ssigkeit bekannt.<\/p>\n\n\n\n<p>Der MZ-700 war eine Weiterentwicklung des fr\u00fcheren Modells MZ-80, aber im Gegensatz zu seinem Vorg\u00e4nger war er auf den Massenmarkt ausgerichtet. Er bot eine verbesserte Grafik und Tonwiedergabe, was ihn f\u00fcr den Einsatz in Bildung und Unterhaltung attraktiv machte. Der Computer war besonders in Japan und Europa beliebt und wurde sowohl von Einsteigern als auch von Hobbyprogrammierern genutzt.<\/p>\n\n\n\n<p>Ein bemerkenswertes Merkmal des MZ-700 war, dass er ohne integrierte Programmiersprache oder Betriebssystem ausgeliefert wurde, was den Nutzern die Freiheit lie\u00df, verschiedene Sprachen oder Betriebssysteme von Kassette oder Diskette zu laden. Diese Flexibilit\u00e4t, kombiniert mit einem erschwinglichen Preis, machte den MZ-700 zu einem erfolgreichen Heimcomputer in den fr\u00fchen 1980er Jahren.<\/p>\n\n\n\n<hr class=\"wp-block-separator has-alpha-channel-opacity\"\/>\n\n\n\n<h2 class=\"wp-block-heading has-text-align-center\"><strong>Sharp Zubeh\u00f6r<\/strong><\/h2>\n\n\n\n<figure class=\"wp-block-gallery has-nested-images columns-default is-cropped wp-block-gallery-1 is-layout-flex wp-block-gallery-is-layout-flex\">\n<figure class=\"wp-block-image size-large\"><img loading=\"lazy\" decoding=\"async\" width=\"1024\" height=\"768\" data-attachment-id=\"32190\" data-permalink=\"https:\/\/www.jungsi.de\/en\/heimcomputer\/sonstige-hersteller\/sharp\/quick-disk-oberseite-1\/\" data-orig-file=\"https:\/\/www.jungsi.de\/blog\/wp-content\/uploads\/Quick-Disk-Oberseite-1.jpg\" data-orig-size=\"1400,1050\" data-comments-opened=\"1\" data-image-meta=\"{&quot;aperture&quot;:&quot;1.5&quot;,&quot;credit&quot;:&quot;&quot;,&quot;camera&quot;:&quot;iPhone 14&quot;,&quot;caption&quot;:&quot;&quot;,&quot;created_timestamp&quot;:&quot;1707325670&quot;,&quot;copyright&quot;:&quot;&quot;,&quot;focal_length&quot;:&quot;5.7&quot;,&quot;iso&quot;:&quot;640&quot;,&quot;shutter_speed&quot;:&quot;0.025&quot;,&quot;title&quot;:&quot;&quot;,&quot;orientation&quot;:&quot;1&quot;}\" data-image-title=\"Quick-Disk-Oberseite-1\" data-image-description=\"\" data-image-caption=\"&lt;p&gt;Quick Disk&lt;\/p&gt;\" data-large-file=\"https:\/\/www.jungsi.de\/blog\/wp-content\/uploads\/Quick-Disk-Oberseite-1-1024x768.jpg\" data-id=\"32190\" src=\"https:\/\/www.jungsi.de\/blog\/wp-content\/uploads\/Quick-Disk-Oberseite-1-1024x768.jpg\" alt=\"\" class=\"wp-image-32190\" srcset=\"https:\/\/www.jungsi.de\/blog\/wp-content\/uploads\/Quick-Disk-Oberseite-1-1024x768.jpg 1024w, https:\/\/www.jungsi.de\/blog\/wp-content\/uploads\/Quick-Disk-Oberseite-1-300x225.jpg 300w, https:\/\/www.jungsi.de\/blog\/wp-content\/uploads\/Quick-Disk-Oberseite-1.jpg 1400w\" sizes=\"auto, (max-width: 1024px) 100vw, 1024px\" \/><figcaption class=\"wp-element-caption\"><a href=\"https:\/\/www.jungsi.de\/en\/quick-disk-mz-1f11-sharp\/\" data-type=\"post\" data-id=\"31486\" target=\"_blank\" rel=\"noreferrer noopener\">Quick Disk<\/a><\/figcaption><\/figure>\n\n\n\n<figure class=\"wp-block-image size-large\"><img loading=\"lazy\" decoding=\"async\" width=\"1024\" height=\"768\" data-attachment-id=\"32193\" data-permalink=\"https:\/\/www.jungsi.de\/en\/heimcomputer\/sonstige-hersteller\/sharp\/mzuitape-oberseite-1\/\" data-orig-file=\"https:\/\/www.jungsi.de\/blog\/wp-content\/uploads\/MZuiTape-Oberseite-1.jpg\" data-orig-size=\"1400,1050\" data-comments-opened=\"1\" data-image-meta=\"{&quot;aperture&quot;:&quot;1.8&quot;,&quot;credit&quot;:&quot;&quot;,&quot;camera&quot;:&quot;iPad Pro (12.9-inch) (4th generation)&quot;,&quot;caption&quot;:&quot;&quot;,&quot;created_timestamp&quot;:&quot;1672231301&quot;,&quot;copyright&quot;:&quot;&quot;,&quot;focal_length&quot;:&quot;3&quot;,&quot;iso&quot;:&quot;640&quot;,&quot;shutter_speed&quot;:&quot;0.033333333333333&quot;,&quot;title&quot;:&quot;&quot;,&quot;orientation&quot;:&quot;1&quot;}\" data-image-title=\"MZuiTape-Oberseite-1\" data-image-description=\"\" data-image-caption=\"&lt;p&gt;MZuiTape MZ-700&lt;\/p&gt;\" data-large-file=\"https:\/\/www.jungsi.de\/blog\/wp-content\/uploads\/MZuiTape-Oberseite-1-1024x768.jpg\" data-id=\"32193\" src=\"https:\/\/www.jungsi.de\/blog\/wp-content\/uploads\/MZuiTape-Oberseite-1-1024x768.jpg\" alt=\"\" class=\"wp-image-32193\" srcset=\"https:\/\/www.jungsi.de\/blog\/wp-content\/uploads\/MZuiTape-Oberseite-1-1024x768.jpg 1024w, https:\/\/www.jungsi.de\/blog\/wp-content\/uploads\/MZuiTape-Oberseite-1-300x225.jpg 300w, https:\/\/www.jungsi.de\/blog\/wp-content\/uploads\/MZuiTape-Oberseite-1.jpg 1400w\" sizes=\"auto, (max-width: 1024px) 100vw, 1024px\" \/><figcaption class=\"wp-element-caption\"><a href=\"https:\/\/www.jungsi.de\/en\/mzuitape-sharp-mz-700\/\" data-type=\"post\" data-id=\"27601\" target=\"_blank\" rel=\"noreferrer noopener\">MZUITape MZ-700<\/a><\/figcaption><\/figure>\n\n\n\n<figure class=\"wp-block-image size-large\"><img loading=\"lazy\" decoding=\"async\" width=\"1024\" height=\"768\" data-attachment-id=\"32194\" data-permalink=\"https:\/\/www.jungsi.de\/en\/heimcomputer\/sonstige-hersteller\/sharp\/mzuitape-oberseite-2\/\" data-orig-file=\"https:\/\/www.jungsi.de\/blog\/wp-content\/uploads\/MZUITape-Oberseite-2.jpg\" data-orig-size=\"1400,1050\" data-comments-opened=\"1\" data-image-meta=\"{&quot;aperture&quot;:&quot;1.5&quot;,&quot;credit&quot;:&quot;&quot;,&quot;camera&quot;:&quot;iPhone 14&quot;,&quot;caption&quot;:&quot;&quot;,&quot;created_timestamp&quot;:&quot;1707325596&quot;,&quot;copyright&quot;:&quot;&quot;,&quot;focal_length&quot;:&quot;5.7&quot;,&quot;iso&quot;:&quot;400&quot;,&quot;shutter_speed&quot;:&quot;0.016666666666667&quot;,&quot;title&quot;:&quot;&quot;,&quot;orientation&quot;:&quot;1&quot;}\" data-image-title=\"MZUITape-Oberseite-2\" data-image-description=\"\" data-image-caption=\"&lt;p&gt;MZuiTape MZ-800&lt;\/p&gt;\" data-large-file=\"https:\/\/www.jungsi.de\/blog\/wp-content\/uploads\/MZUITape-Oberseite-2-1024x768.jpg\" data-id=\"32194\" src=\"https:\/\/www.jungsi.de\/blog\/wp-content\/uploads\/MZUITape-Oberseite-2-1024x768.jpg\" alt=\"\" class=\"wp-image-32194\" srcset=\"https:\/\/www.jungsi.de\/blog\/wp-content\/uploads\/MZUITape-Oberseite-2-1024x768.jpg 1024w, https:\/\/www.jungsi.de\/blog\/wp-content\/uploads\/MZUITape-Oberseite-2-300x225.jpg 300w, https:\/\/www.jungsi.de\/blog\/wp-content\/uploads\/MZUITape-Oberseite-2.jpg 1400w\" sizes=\"auto, (max-width: 1024px) 100vw, 1024px\" \/><figcaption class=\"wp-element-caption\"><a href=\"https:\/\/www.jungsi.de\/en\/mzuitape-sharp-mz-700\/\" data-type=\"post\" data-id=\"27601\">MZUITape MZ-800<\/a><\/figcaption><\/figure>\n\n\n\n<figure class=\"wp-block-image size-large\"><img loading=\"lazy\" decoding=\"async\" width=\"1024\" height=\"768\" data-attachment-id=\"32191\" data-permalink=\"https:\/\/www.jungsi.de\/en\/heimcomputer\/sonstige-hersteller\/sharp\/joypad-oberseite\/\" data-orig-file=\"https:\/\/www.jungsi.de\/blog\/wp-content\/uploads\/Joypad-Oberseite.jpg\" data-orig-size=\"1400,1050\" data-comments-opened=\"1\" data-image-meta=\"{&quot;aperture&quot;:&quot;1.8&quot;,&quot;credit&quot;:&quot;&quot;,&quot;camera&quot;:&quot;iPad Pro (12.9-inch) (4th generation)&quot;,&quot;caption&quot;:&quot;&quot;,&quot;created_timestamp&quot;:&quot;1672231240&quot;,&quot;copyright&quot;:&quot;&quot;,&quot;focal_length&quot;:&quot;3&quot;,&quot;iso&quot;:&quot;250&quot;,&quot;shutter_speed&quot;:&quot;0.016666666666667&quot;,&quot;title&quot;:&quot;&quot;,&quot;orientation&quot;:&quot;1&quot;}\" data-image-title=\"Joypad-Oberseite\" data-image-description=\"&lt;p&gt;Joypad&lt;\/p&gt;\" data-image-caption=\"&lt;p&gt;Sharp-Pad&lt;\/p&gt;\" data-large-file=\"https:\/\/www.jungsi.de\/blog\/wp-content\/uploads\/Joypad-Oberseite-1024x768.jpg\" data-id=\"32191\" src=\"https:\/\/www.jungsi.de\/blog\/wp-content\/uploads\/Joypad-Oberseite-1024x768.jpg\" alt=\"\" class=\"wp-image-32191\" srcset=\"https:\/\/www.jungsi.de\/blog\/wp-content\/uploads\/Joypad-Oberseite-1024x768.jpg 1024w, https:\/\/www.jungsi.de\/blog\/wp-content\/uploads\/Joypad-Oberseite-300x225.jpg 300w, https:\/\/www.jungsi.de\/blog\/wp-content\/uploads\/Joypad-Oberseite.jpg 1400w\" sizes=\"auto, (max-width: 1024px) 100vw, 1024px\" \/><figcaption class=\"wp-element-caption\">Joypad<\/figcaption><\/figure>\n\n\n\n<figure class=\"wp-block-image size-large\"><img loading=\"lazy\" decoding=\"async\" width=\"1024\" height=\"768\" data-attachment-id=\"32195\" data-permalink=\"https:\/\/www.jungsi.de\/en\/heimcomputer\/sonstige-hersteller\/sharp\/unicard-oben\/\" data-orig-file=\"https:\/\/www.jungsi.de\/blog\/wp-content\/uploads\/Unicard-oben.jpg\" data-orig-size=\"1400,1050\" data-comments-opened=\"1\" data-image-meta=\"{&quot;aperture&quot;:&quot;1.5&quot;,&quot;credit&quot;:&quot;&quot;,&quot;camera&quot;:&quot;iPhone 14&quot;,&quot;caption&quot;:&quot;&quot;,&quot;created_timestamp&quot;:&quot;1706874305&quot;,&quot;copyright&quot;:&quot;&quot;,&quot;focal_length&quot;:&quot;5.7&quot;,&quot;iso&quot;:&quot;100&quot;,&quot;shutter_speed&quot;:&quot;0.0082644628099174&quot;,&quot;title&quot;:&quot;&quot;,&quot;orientation&quot;:&quot;1&quot;}\" data-image-title=\"Unicard-oben\" data-image-description=\"&lt;p&gt;Unicard&lt;\/p&gt;\" data-image-caption=\"&lt;p&gt;Unicard&lt;\/p&gt;\" data-large-file=\"https:\/\/www.jungsi.de\/blog\/wp-content\/uploads\/Unicard-oben-1024x768.jpg\" data-id=\"32195\" src=\"https:\/\/www.jungsi.de\/blog\/wp-content\/uploads\/Unicard-oben-1024x768.jpg\" alt=\"\" class=\"wp-image-32195\" srcset=\"https:\/\/www.jungsi.de\/blog\/wp-content\/uploads\/Unicard-oben-1024x768.jpg 1024w, https:\/\/www.jungsi.de\/blog\/wp-content\/uploads\/Unicard-oben-300x225.jpg 300w, https:\/\/www.jungsi.de\/blog\/wp-content\/uploads\/Unicard-oben.jpg 1400w\" sizes=\"auto, (max-width: 1024px) 100vw, 1024px\" \/><figcaption class=\"wp-element-caption\">Unicard<\/figcaption><\/figure>\n\n\n\n<figure class=\"wp-block-image size-large\"><img loading=\"lazy\" decoding=\"async\" width=\"1024\" height=\"768\" data-attachment-id=\"32192\" data-permalink=\"https:\/\/www.jungsi.de\/en\/heimcomputer\/sonstige-hersteller\/sharp\/joystick-adapter-sharp-mz700\/\" data-orig-file=\"https:\/\/www.jungsi.de\/blog\/wp-content\/uploads\/Joystick-Adapter-Sharp-MZ700.jpg\" data-orig-size=\"1400,1050\" data-comments-opened=\"1\" data-image-meta=\"{&quot;aperture&quot;:&quot;1.5&quot;,&quot;credit&quot;:&quot;&quot;,&quot;camera&quot;:&quot;iPhone 14&quot;,&quot;caption&quot;:&quot;&quot;,&quot;created_timestamp&quot;:&quot;1704450292&quot;,&quot;copyright&quot;:&quot;&quot;,&quot;focal_length&quot;:&quot;5.7&quot;,&quot;iso&quot;:&quot;160&quot;,&quot;shutter_speed&quot;:&quot;0.016666666666667&quot;,&quot;title&quot;:&quot;&quot;,&quot;orientation&quot;:&quot;1&quot;}\" data-image-title=\"Joystick-Adapter-Sharp-MZ700\" data-image-description=\"&lt;p&gt;Joystick-Adapter&lt;\/p&gt;\" data-image-caption=\"&lt;p&gt;Joystick-Adapter&lt;\/p&gt;\" data-large-file=\"https:\/\/www.jungsi.de\/blog\/wp-content\/uploads\/Joystick-Adapter-Sharp-MZ700-1024x768.jpg\" data-id=\"32192\" src=\"https:\/\/www.jungsi.de\/blog\/wp-content\/uploads\/Joystick-Adapter-Sharp-MZ700-1024x768.jpg\" alt=\"\" class=\"wp-image-32192\" srcset=\"https:\/\/www.jungsi.de\/blog\/wp-content\/uploads\/Joystick-Adapter-Sharp-MZ700-1024x768.jpg 1024w, https:\/\/www.jungsi.de\/blog\/wp-content\/uploads\/Joystick-Adapter-Sharp-MZ700-300x225.jpg 300w, https:\/\/www.jungsi.de\/blog\/wp-content\/uploads\/Joystick-Adapter-Sharp-MZ700.jpg 1400w\" sizes=\"auto, (max-width: 1024px) 100vw, 1024px\" \/><figcaption class=\"wp-element-caption\">Joystick-Adapter<\/figcaption><\/figure>\n\n\n\n<figure class=\"wp-block-image size-large\"><img loading=\"lazy\" decoding=\"async\" width=\"768\" height=\"1024\" data-attachment-id=\"32189\" data-permalink=\"https:\/\/www.jungsi.de\/en\/heimcomputer\/sonstige-hersteller\/sharp\/sharp-mz-1e19-oberseite-1\/\" data-orig-file=\"https:\/\/www.jungsi.de\/blog\/wp-content\/uploads\/Sharp-MZ-1E19-Oberseite-1.jpg\" data-orig-size=\"1050,1400\" data-comments-opened=\"1\" data-image-meta=\"{&quot;aperture&quot;:&quot;1.5&quot;,&quot;credit&quot;:&quot;&quot;,&quot;camera&quot;:&quot;iPhone 14&quot;,&quot;caption&quot;:&quot;&quot;,&quot;created_timestamp&quot;:&quot;1708793540&quot;,&quot;copyright&quot;:&quot;&quot;,&quot;focal_length&quot;:&quot;5.7&quot;,&quot;iso&quot;:&quot;320&quot;,&quot;shutter_speed&quot;:&quot;0.016666666666667&quot;,&quot;title&quot;:&quot;&quot;,&quot;orientation&quot;:&quot;1&quot;}\" data-image-title=\"Sharp-MZ-1E19-Oberseite-1\" data-image-description=\"&lt;p&gt;Sharp MZ-1E19&lt;\/p&gt;\" data-image-caption=\"&lt;p&gt;Sharp MZ-1E19&lt;\/p&gt;\" data-large-file=\"https:\/\/www.jungsi.de\/blog\/wp-content\/uploads\/Sharp-MZ-1E19-Oberseite-1-768x1024.jpg\" data-id=\"32189\" src=\"https:\/\/www.jungsi.de\/blog\/wp-content\/uploads\/Sharp-MZ-1E19-Oberseite-1-768x1024.jpg\" alt=\"\" class=\"wp-image-32189\" srcset=\"https:\/\/www.jungsi.de\/blog\/wp-content\/uploads\/Sharp-MZ-1E19-Oberseite-1-768x1024.jpg 768w, https:\/\/www.jungsi.de\/blog\/wp-content\/uploads\/Sharp-MZ-1E19-Oberseite-1-225x300.jpg 225w, https:\/\/www.jungsi.de\/blog\/wp-content\/uploads\/Sharp-MZ-1E19-Oberseite-1.jpg 1050w\" sizes=\"auto, (max-width: 768px) 100vw, 768px\" \/><figcaption class=\"wp-element-caption\"><a href=\"https:\/\/www.jungsi.de\/en\/quick-disk-mz-1f11-sharp\/\" data-type=\"post\" data-id=\"31486\" target=\"_blank\" rel=\"noreferrer noopener\">MZ-1E19<\/a><\/figcaption><\/figure>\n\n\n\n<figure class=\"wp-block-image size-large\"><img loading=\"lazy\" decoding=\"async\" width=\"1024\" height=\"768\" data-attachment-id=\"36328\" data-permalink=\"https:\/\/www.jungsi.de\/en\/heimcomputer\/sonstige-hersteller\/sharp\/unicmt-vorderseite\/\" data-orig-file=\"https:\/\/www.jungsi.de\/blog\/wp-content\/uploads\/UniCMT-Vorderseite.jpg\" data-orig-size=\"1400,1050\" data-comments-opened=\"1\" data-image-meta=\"{&quot;aperture&quot;:&quot;1.5&quot;,&quot;credit&quot;:&quot;&quot;,&quot;camera&quot;:&quot;iPhone 14&quot;,&quot;caption&quot;:&quot;&quot;,&quot;created_timestamp&quot;:&quot;1741251920&quot;,&quot;copyright&quot;:&quot;&quot;,&quot;focal_length&quot;:&quot;5.7&quot;,&quot;iso&quot;:&quot;200&quot;,&quot;shutter_speed&quot;:&quot;0.016666666666667&quot;,&quot;title&quot;:&quot;&quot;,&quot;orientation&quot;:&quot;1&quot;}\" data-image-title=\"UniCMT &amp;#8211; Vorderseite\" data-image-description=\"&lt;p&gt;UniCMT &amp;#8211; Vorderseite&lt;\/p&gt;\" data-image-caption=\"&lt;p&gt;UniCMT&lt;\/p&gt;\" data-large-file=\"https:\/\/www.jungsi.de\/blog\/wp-content\/uploads\/UniCMT-Vorderseite-1024x768.jpg\" data-id=\"36328\" src=\"https:\/\/www.jungsi.de\/blog\/wp-content\/uploads\/UniCMT-Vorderseite-1024x768.jpg\" alt=\"UniCMT - Vorderseite\" class=\"wp-image-36328\" srcset=\"https:\/\/www.jungsi.de\/blog\/wp-content\/uploads\/UniCMT-Vorderseite-1024x768.jpg 1024w, https:\/\/www.jungsi.de\/blog\/wp-content\/uploads\/UniCMT-Vorderseite-300x225.jpg 300w, https:\/\/www.jungsi.de\/blog\/wp-content\/uploads\/UniCMT-Vorderseite.jpg 1400w\" sizes=\"auto, (max-width: 1024px) 100vw, 1024px\" \/><figcaption class=\"wp-element-caption\">UniCMT<\/figcaption><\/figure>\n<\/figure>","protected":false},"excerpt":{"rendered":"<p>Sharp Sharp MZ-731 Der Sharp MZ-700 wurde 1982 von der japanischen Firma Sharp Corporation entwickelt und auf den Markt gebracht. Er geh\u00f6rte zur popul\u00e4ren MZ-Serie \u2026<\/p>","protected":false},"author":2,"featured_media":32189,"parent":27729,"menu_order":0,"comment_status":"closed","ping_status":"closed","template":"","meta":{"_lmt_disableupdate":"","_lmt_disable":"","ngg_post_thumbnail":0,"jetpack_post_was_ever_published":false,"footnotes":"","_links_to":"","_links_to_target":""},"class_list":["post-27702","page","type-page","status-publish","has-post-thumbnail","hentry"],"jetpack_shortlink":"https:\/\/wp.me\/P4eXvk-7cO","jetpack_sharing_enabled":true,"jetpack_likes_enabled":true,"jetpack-related-posts":[{"id":12379,"url":"https:\/\/www.jungsi.de\/en\/spiele\/sonstige-spiele\/","url_meta":{"origin":27702,"position":0},"title":"Sonstige Spiele\/Software","author":"Jungsi","date":"15. January 2016","format":false,"excerpt":"Sonstige Spiele\/Software Da ich f\u00fcr die folgenden Systeme weniger als 10 Spiele bzw. Software besitze, werden diese nicht auf einer eigenen Seite pr\u00e4sentiert. Amstrad GX4000 Atari 7800 Apple IIe Bandai WonderSwan Color MSX Sharp MZ SNK Neo Geo AES SNK Neo Geo Pocket Thomson Acorn BBC Micro Attack On Alpha\u2026","rel":"","context":"Similar post","block_context":{"text":"Similar post","link":""},"img":{"alt_text":"Football - Atari XL","src":"https:\/\/i0.wp.com\/www.jungsi.de\/blog\/wp-content\/uploads\/football-atari-xl.jpg?resize=350%2C200&ssl=1","width":350,"height":200,"srcset":"https:\/\/i0.wp.com\/www.jungsi.de\/blog\/wp-content\/uploads\/football-atari-xl.jpg?resize=350%2C200&ssl=1 1x, https:\/\/i0.wp.com\/www.jungsi.de\/blog\/wp-content\/uploads\/football-atari-xl.jpg?resize=525%2C300&ssl=1 1.5x, https:\/\/i0.wp.com\/www.jungsi.de\/blog\/wp-content\/uploads\/football-atari-xl.jpg?resize=700%2C400&ssl=1 2x"},"classes":[]},{"id":27729,"url":"https:\/\/www.jungsi.de\/en\/heimcomputer\/sonstige-hersteller\/","url_meta":{"origin":27702,"position":1},"title":"Sonstige Hersteller","author":"Jungsi","date":"13. January 2023","format":false,"excerpt":"Sonstige Hersteller Hier sind alle Hersteller aufgelistet, von denen ich nicht mehrere Ger\u00e4te besitze. Diese sind eher als Exoten anzusehen und waren zum Teil auf dem deutschen Markt eher unbekannt. Trotzdem sind alle Ger\u00e4te aus historischer Sicht als wichtig zu betrachten. Dragon Enterprise Sharp Texas Instruments Thomson","rel":"","context":"Similar post","block_context":{"text":"Similar post","link":""},"img":{"alt_text":"","src":"","width":0,"height":0},"classes":[]},{"id":27893,"url":"https:\/\/www.jungsi.de\/en\/die-sammlung\/literatur\/sonstige\/","url_meta":{"origin":27702,"position":2},"title":"Sonstige","author":"Jungsi","date":"14. January 2023","format":false,"excerpt":"Sonstige 8 bit Annual 2018 8 Bit Annual 2019 Basic - Alles \u00fcber PEEK und POKE Basic - Betriebsprogramme f\u00fcr den Funkamateur Basic - HF-Rechenprogramme Basic - Mathematik per Computer Basic - Matrix-Operationen Basic f\u00fcr Aufsteiger Basic f\u00fcr Mikrocomputer BASIC in 100 Beispielen Chip Special - Bauanleitungen f\u00fcr Microcomputer Compute\u2026","rel":"","context":"Similar post","block_context":{"text":"Similar post","link":""},"img":{"alt_text":"BASIC in 100 Beispielen","src":"https:\/\/i0.wp.com\/www.jungsi.de\/blog\/wp-content\/uploads\/BASIC-in-100-Beispielen.jpg?resize=350%2C200&ssl=1","width":350,"height":200,"srcset":"https:\/\/i0.wp.com\/www.jungsi.de\/blog\/wp-content\/uploads\/BASIC-in-100-Beispielen.jpg?resize=350%2C200&ssl=1 1x, https:\/\/i0.wp.com\/www.jungsi.de\/blog\/wp-content\/uploads\/BASIC-in-100-Beispielen.jpg?resize=525%2C300&ssl=1 1.5x"},"classes":[]}],"_links":{"self":[{"href":"https:\/\/www.jungsi.de\/en\/wp-json\/wp\/v2\/pages\/27702","targetHints":{"allow":["GET"]}}],"collection":[{"href":"https:\/\/www.jungsi.de\/en\/wp-json\/wp\/v2\/pages"}],"about":[{"href":"https:\/\/www.jungsi.de\/en\/wp-json\/wp\/v2\/types\/page"}],"author":[{"embeddable":true,"href":"https:\/\/www.jungsi.de\/en\/wp-json\/wp\/v2\/users\/2"}],"replies":[{"embeddable":true,"href":"https:\/\/www.jungsi.de\/en\/wp-json\/wp\/v2\/comments?post=27702"}],"version-history":[{"count":0,"href":"https:\/\/www.jungsi.de\/en\/wp-json\/wp\/v2\/pages\/27702\/revisions"}],"up":[{"embeddable":true,"href":"https:\/\/www.jungsi.de\/en\/wp-json\/wp\/v2\/pages\/27729"}],"wp:featuredmedia":[{"embeddable":true,"href":"https:\/\/www.jungsi.de\/en\/wp-json\/wp\/v2\/media\/32189"}],"wp:attachment":[{"href":"https:\/\/www.jungsi.de\/en\/wp-json\/wp\/v2\/media?parent=27702"}],"curies":[{"name":"wp","href":"https:\/\/api.w.org\/{rel}","templated":true}]}}