{"id":27698,"date":"2023-01-13T15:29:46","date_gmt":"2023-01-13T14:29:46","guid":{"rendered":"https:\/\/www.jungsi.de\/?page_id=27698"},"modified":"2025-06-20T13:30:25","modified_gmt":"2025-06-20T11:30:25","slug":"dragon-32","status":"publish","type":"page","link":"https:\/\/www.jungsi.de\/en\/heimcomputer\/sonstige-hersteller\/dragon-32\/","title":{"rendered":"Dragon 32"},"content":{"rendered":"<p><\/p>\n\n\n\n<h2 class=\"wp-block-heading has-text-align-center\">Dragon 32<\/h2>\n\n\n\n<figure class=\"wp-block-image size-large\"><img loading=\"lazy\" decoding=\"async\" width=\"1024\" height=\"768\" data-attachment-id=\"26832\" data-permalink=\"https:\/\/www.jungsi.de\/en\/dragon-32-dragon\/dragon-oberseite-2\/\" data-orig-file=\"https:\/\/www.jungsi.de\/blog\/wp-content\/uploads\/Dragon-Oberseite-1.jpg\" data-orig-size=\"1400,1050\" data-comments-opened=\"1\" data-image-meta=\"{&quot;aperture&quot;:&quot;1.8&quot;,&quot;credit&quot;:&quot;&quot;,&quot;camera&quot;:&quot;iPad Pro (12.9-inch) (4th generation)&quot;,&quot;caption&quot;:&quot;&quot;,&quot;created_timestamp&quot;:&quot;1649440834&quot;,&quot;copyright&quot;:&quot;&quot;,&quot;focal_length&quot;:&quot;3&quot;,&quot;iso&quot;:&quot;250&quot;,&quot;shutter_speed&quot;:&quot;0.03030303030303&quot;,&quot;title&quot;:&quot;&quot;,&quot;orientation&quot;:&quot;1&quot;}\" data-image-title=\"Dragon Oberseite\" data-image-description=\"&lt;p&gt;Dragon Oberseite&lt;\/p&gt;\" data-image-caption=\"&lt;p&gt;Dragon 32&lt;\/p&gt;\" data-large-file=\"https:\/\/www.jungsi.de\/blog\/wp-content\/uploads\/Dragon-Oberseite-1-1024x768.jpg\" src=\"https:\/\/www.jungsi.de\/blog\/wp-content\/uploads\/Dragon-Oberseite-1-1024x768.jpg\" alt=\"Dragon Oberseite\" class=\"wp-image-26832\" srcset=\"https:\/\/www.jungsi.de\/blog\/wp-content\/uploads\/Dragon-Oberseite-1-1024x768.jpg 1024w, https:\/\/www.jungsi.de\/blog\/wp-content\/uploads\/Dragon-Oberseite-1-300x225.jpg 300w, https:\/\/www.jungsi.de\/blog\/wp-content\/uploads\/Dragon-Oberseite-1.jpg 1400w\" sizes=\"auto, (max-width: 1024px) 100vw, 1024px\" \/><figcaption class=\"wp-element-caption\">Dragon 32<\/figcaption><\/figure>\n\n\n\n<p>Der Dragon 32 war Mettoys Versuch, sich im aufstrebenden Markt der Heimcomputer zu etablieren. Das Projekt startete Ende 1981 mit begrenzter Entwicklungszeit. Aufgrund des engen Zeitplans wurde Microsoft BASIC lizenziert, was die Auswahl an Prozessoren einschr\u00e4nkte. Die Wahl fiel auf den Motorola 6809, der gut zum Speicher- und Videocontroller passte und schneller als der Z80 (Sinclair) und 6502 (Commodore) war. Die Konfiguration \u00e4hnelte dem amerikanischen TRS-80 CoCo, wodurch viele vorhandene Programme kompatibel waren. Kurz vor der Markteinf\u00fchrung verdoppelte man den Speicher von 16 KB auf 32 KB, um konkurrenzf\u00e4hig zu bleiben. Die Verk\u00e4ufe des Rechners aus Wales starteten stark, doch finanzielle Probleme bei Mettoy folgten bald. Die Computerproduktion wurde auf Dragon Data Ltd. \u00fcbertragen, was den Niedergang nur kurz verz\u00f6gerte. Der Dragon 64 kam zu sp\u00e4t auf den Markt, w\u00e4hrend Spectrum, Commodore, Amstrad und Acorn dominierten. Trotz der Entwicklung vieler Prototypen und der Einf\u00fchrung des Dragon 32\/64 in den USA als Tano Dragon konnte die Krise nicht abgewendet werden. General Electric \u00fcbernahm 1983 und verkaufte das Unternehmen 1984 an Eurohard in Spanien, das bis 1987 bestand.<\/p>\n\n\n\n<table id=\"tablepress-287\" class=\"tablepress tablepress-id-287\">\n<tbody class=\"row-striping row-hover\">\n<tr class=\"row-1\">\n\t<td class=\"column-1\"><strong>Hersteller:<\/strong><\/td><td class=\"column-2\">Dragon Data Ltd.<\/td>\n<\/tr>\n<tr class=\"row-2\">\n\t<td class=\"column-1\"><strong>Modell:<\/strong><\/td><td class=\"column-2\">Dragon 32<\/td>\n<\/tr>\n<tr class=\"row-3\">\n\t<td class=\"column-1\"><strong>Herkunft:<\/strong><\/td><td class=\"column-2\">Wales<\/td>\n<\/tr>\n<tr class=\"row-4\">\n\t<td class=\"column-1\"><strong>Erscheinungsjahr:<\/strong><\/td><td class=\"column-2\">1982<\/td>\n<\/tr>\n<tr class=\"row-5\">\n\t<td class=\"column-1\"><strong>Produktionsende:<\/strong><\/td><td class=\"column-2\">1987<\/td>\n<\/tr>\n<tr class=\"row-6\">\n\t<td class=\"column-1\"><strong>St\u00fcckzahl:<\/strong><\/td><td class=\"column-2\">500.000<\/td>\n<\/tr>\n<tr class=\"row-7\">\n\t<td class=\"column-1\"><strong>Prozessor:<\/strong><\/td><td class=\"column-2\">Motorola 6809E<\/td>\n<\/tr>\n<tr class=\"row-8\">\n\t<td class=\"column-1\"><strong>Taktfrequenz:<\/strong><\/td><td class=\"column-2\">0,89 MHz<\/td>\n<\/tr>\n<tr class=\"row-9\">\n\t<td class=\"column-1\"><strong>RAM:<\/strong><\/td><td class=\"column-2\">32 KB<\/td>\n<\/tr>\n<tr class=\"row-10\">\n\t<td class=\"column-1\"><strong>ROM<\/strong><\/td><td class=\"column-2\">16 KB<\/td>\n<\/tr>\n<tr class=\"row-11\">\n\t<td class=\"column-1\"><strong>Betriebssystem:<\/strong><\/td><td class=\"column-2\">Microsoft BASIC<\/td>\n<\/tr>\n<tr class=\"row-12\">\n\t<td class=\"column-1\"><strong>Grafikchip:<\/strong><\/td><td class=\"column-2\">Motorola 6847-VDC<\/td>\n<\/tr>\n<tr class=\"row-13\">\n\t<td class=\"column-1\"><strong>Farben:<\/strong><\/td><td class=\"column-2\">8<\/td>\n<\/tr>\n<tr class=\"row-14\">\n\t<td class=\"column-1\"><strong>Anzeigemodi:<\/strong><\/td><td class=\"column-2\">256 x 192 (monochrom)<br \/>\n128 x 192 (4 Farben)<br \/>\n32 \u00d7 16 Zeichen (Textmodus)<\/td>\n<\/tr>\n<tr class=\"row-15\">\n\t<td class=\"column-1\"><strong>Soundchip:<\/strong><\/td><td class=\"column-2\">Motorola 6821-PIA<\/td>\n<\/tr>\n<tr class=\"row-16\">\n\t<td class=\"column-1\"><strong>Sound:<\/strong><\/td><td class=\"column-2\">1 Stimme, mono, 5 Oktaven<\/td>\n<\/tr>\n<tr class=\"row-17\">\n\t<td class=\"column-1\"><strong>Tastatur:<\/strong><\/td><td class=\"column-2\">Schreibmaschine, QWERTY, 53 Tasten<\/td>\n<\/tr>\n<tr class=\"row-18\">\n\t<td class=\"column-1\"><strong>Laufwerk:<\/strong><\/td><td class=\"column-2\">Disketten<br \/>\nSteckmodule<br \/>\nKompaktkassetten<br \/>\nMinikassetten<\/td>\n<\/tr>\n<tr class=\"row-19\">\n\t<td class=\"column-1\"><strong>I\/O:<\/strong><\/td><td class=\"column-2\">UHF-Anschluss f\u00fcr Fernseher<br \/>\nModulport<br \/>\nCentronics-Schnittstelle f\u00fcr Drucker<br \/>\nKassetten-Port<br \/>\n2 Joystick-Ports<br \/>\nNetzteil Eingang<br \/>\nReset-Schalter<\/td>\n<\/tr>\n<\/tbody>\n<\/table>\n<!-- #tablepress-287 from cache -->\n\n\n<p><\/p>\n\n\n\n<h5 class=\"wp-block-heading has-text-align-center\">Dragon Zubeh\u00f6r<\/h5>\n\n\n\n<figure class=\"wp-block-gallery has-nested-images columns-2 is-cropped is-style-rectangular wp-block-gallery-1 is-layout-flex wp-block-gallery-is-layout-flex\">\n<figure class=\"wp-block-image size-large\"><img loading=\"lazy\" decoding=\"async\" width=\"1024\" height=\"768\" data-attachment-id=\"27279\" data-permalink=\"https:\/\/www.jungsi.de\/en\/cocosdc-dragon\/cocosdc-schraeg-oben\/\" data-orig-file=\"https:\/\/www.jungsi.de\/blog\/wp-content\/uploads\/CoCoSDC-schraeg-oben.jpg\" data-orig-size=\"1400,1050\" data-comments-opened=\"1\" data-image-meta=\"{&quot;aperture&quot;:&quot;1.8&quot;,&quot;credit&quot;:&quot;&quot;,&quot;camera&quot;:&quot;iPad Pro (12.9-inch) (4th generation)&quot;,&quot;caption&quot;:&quot;&quot;,&quot;created_timestamp&quot;:&quot;1649440353&quot;,&quot;copyright&quot;:&quot;&quot;,&quot;focal_length&quot;:&quot;3&quot;,&quot;iso&quot;:&quot;250&quot;,&quot;shutter_speed&quot;:&quot;0.016666666666667&quot;,&quot;title&quot;:&quot;&quot;,&quot;orientation&quot;:&quot;1&quot;}\" data-image-title=\"CoCoSDC-schraeg-oben\" data-image-description=\"&lt;p&gt;CoCoSDC&lt;\/p&gt;\" data-image-caption=\"&lt;p&gt;CoCoSDC&lt;\/p&gt;\" data-large-file=\"https:\/\/www.jungsi.de\/blog\/wp-content\/uploads\/CoCoSDC-schraeg-oben-1024x768.jpg\" data-id=\"27279\" src=\"https:\/\/www.jungsi.de\/blog\/wp-content\/uploads\/CoCoSDC-schraeg-oben-1024x768.jpg\" alt=\"CoCoSDC\" class=\"wp-image-27279\" srcset=\"https:\/\/www.jungsi.de\/blog\/wp-content\/uploads\/CoCoSDC-schraeg-oben-1024x768.jpg 1024w, https:\/\/www.jungsi.de\/blog\/wp-content\/uploads\/CoCoSDC-schraeg-oben-300x225.jpg 300w, https:\/\/www.jungsi.de\/blog\/wp-content\/uploads\/CoCoSDC-schraeg-oben.jpg 1400w\" sizes=\"auto, (max-width: 1024px) 100vw, 1024px\" \/><figcaption class=\"wp-element-caption\"><a href=\"https:\/\/www.jungsi.de\/en\/cocosdc-dragon\/\" data-type=\"post\" data-id=\"26614\" target=\"_blank\" rel=\"noreferrer noopener\">CoCoSDC<\/a><\/figcaption><\/figure>\n\n\n\n<figure class=\"wp-block-image size-large\"><img loading=\"lazy\" decoding=\"async\" width=\"1024\" height=\"768\" data-attachment-id=\"28514\" data-permalink=\"https:\/\/www.jungsi.de\/en\/heimcomputer\/sonstige-hersteller\/dragon-32\/joystick-adapter\/\" data-orig-file=\"https:\/\/www.jungsi.de\/blog\/wp-content\/uploads\/Joystick-Adapter.jpg\" data-orig-size=\"1400,1050\" data-comments-opened=\"1\" data-image-meta=\"{&quot;aperture&quot;:&quot;1.8&quot;,&quot;credit&quot;:&quot;&quot;,&quot;camera&quot;:&quot;iPad Pro (12.9-inch) (4th generation)&quot;,&quot;caption&quot;:&quot;&quot;,&quot;created_timestamp&quot;:&quot;1649440392&quot;,&quot;copyright&quot;:&quot;&quot;,&quot;focal_length&quot;:&quot;3&quot;,&quot;iso&quot;:&quot;320&quot;,&quot;shutter_speed&quot;:&quot;0.033333333333333&quot;,&quot;title&quot;:&quot;&quot;,&quot;orientation&quot;:&quot;1&quot;}\" data-image-title=\"Joystick Adapter\" data-image-description=\"&lt;p&gt;Joystick Adapter&lt;\/p&gt;\" data-image-caption=\"&lt;p&gt;Joystick Adapter&lt;\/p&gt;\" data-large-file=\"https:\/\/www.jungsi.de\/blog\/wp-content\/uploads\/Joystick-Adapter-1024x768.jpg\" data-id=\"28514\" src=\"https:\/\/www.jungsi.de\/blog\/wp-content\/uploads\/Joystick-Adapter-1024x768.jpg\" alt=\"Joystick Adapter\" class=\"wp-image-28514\" srcset=\"https:\/\/www.jungsi.de\/blog\/wp-content\/uploads\/Joystick-Adapter-1024x768.jpg 1024w, https:\/\/www.jungsi.de\/blog\/wp-content\/uploads\/Joystick-Adapter-300x225.jpg 300w, https:\/\/www.jungsi.de\/blog\/wp-content\/uploads\/Joystick-Adapter.jpg 1400w\" sizes=\"auto, (max-width: 1024px) 100vw, 1024px\" \/><figcaption class=\"wp-element-caption\">Joystick Adapter<\/figcaption><\/figure>\n\n\n\n<figure class=\"wp-block-image size-large\"><img loading=\"lazy\" decoding=\"async\" width=\"800\" height=\"600\" data-attachment-id=\"18159\" data-permalink=\"https:\/\/www.jungsi.de\/en\/dragon-coco-multi-cart-interton-videopac\/dragoncoco-multi-cart\/\" data-orig-file=\"https:\/\/www.jungsi.de\/blog\/wp-content\/uploads\/DragonCoCo-Multi-cart.jpg\" data-orig-size=\"800,600\" data-comments-opened=\"1\" data-image-meta=\"{&quot;aperture&quot;:&quot;3.5&quot;,&quot;credit&quot;:&quot;&quot;,&quot;camera&quot;:&quot;Canon PowerShot SX260 HS&quot;,&quot;caption&quot;:&quot;&quot;,&quot;created_timestamp&quot;:&quot;1484658936&quot;,&quot;copyright&quot;:&quot;&quot;,&quot;focal_length&quot;:&quot;4.5&quot;,&quot;iso&quot;:&quot;500&quot;,&quot;shutter_speed&quot;:&quot;0.033333333333333&quot;,&quot;title&quot;:&quot;&quot;,&quot;orientation&quot;:&quot;1&quot;}\" data-image-title=\"DragonCoCo Multi-cart\" data-image-description=\"&lt;p&gt;DragonCoCo Multi-cart&lt;\/p&gt;\" data-image-caption=\"&lt;p&gt;DragonCoCo Multi-cart&lt;\/p&gt;\" data-large-file=\"https:\/\/www.jungsi.de\/blog\/wp-content\/uploads\/DragonCoCo-Multi-cart.jpg\" data-id=\"18159\" src=\"https:\/\/www.jungsi.de\/blog\/wp-content\/uploads\/DragonCoCo-Multi-cart.jpg\" alt=\"DragonCoCo Multi-cart\" class=\"wp-image-18159\" srcset=\"https:\/\/www.jungsi.de\/blog\/wp-content\/uploads\/DragonCoCo-Multi-cart.jpg 800w, https:\/\/www.jungsi.de\/blog\/wp-content\/uploads\/DragonCoCo-Multi-cart-300x225.jpg 300w\" sizes=\"auto, (max-width: 800px) 100vw, 800px\" \/><figcaption class=\"wp-element-caption\">DragonCoCo Multi-cart<\/figcaption><\/figure>\n\n\n\n<figure class=\"wp-block-image size-large\"><img loading=\"lazy\" decoding=\"async\" width=\"1024\" height=\"768\" data-attachment-id=\"26830\" data-permalink=\"https:\/\/www.jungsi.de\/en\/dragon-32-dragon\/dragon-joysticks\/\" data-orig-file=\"https:\/\/www.jungsi.de\/blog\/wp-content\/uploads\/Dragon-Joysticks.jpg\" data-orig-size=\"1400,1050\" data-comments-opened=\"1\" data-image-meta=\"{&quot;aperture&quot;:&quot;1.8&quot;,&quot;credit&quot;:&quot;&quot;,&quot;camera&quot;:&quot;iPad Pro (12.9-inch) (4th generation)&quot;,&quot;caption&quot;:&quot;&quot;,&quot;created_timestamp&quot;:&quot;1649440769&quot;,&quot;copyright&quot;:&quot;&quot;,&quot;focal_length&quot;:&quot;3&quot;,&quot;iso&quot;:&quot;500&quot;,&quot;shutter_speed&quot;:&quot;0.033333333333333&quot;,&quot;title&quot;:&quot;&quot;,&quot;orientation&quot;:&quot;1&quot;}\" data-image-title=\"Dragon Joysticks\" data-image-description=\"&lt;p&gt;Dragon Joysticks&lt;\/p&gt;\" data-image-caption=\"&lt;p&gt;Dragon Joysticks&lt;\/p&gt;\" data-large-file=\"https:\/\/www.jungsi.de\/blog\/wp-content\/uploads\/Dragon-Joysticks-1024x768.jpg\" data-id=\"26830\" src=\"https:\/\/www.jungsi.de\/blog\/wp-content\/uploads\/Dragon-Joysticks-1024x768.jpg\" alt=\"\" class=\"wp-image-26830\" srcset=\"https:\/\/www.jungsi.de\/blog\/wp-content\/uploads\/Dragon-Joysticks-1024x768.jpg 1024w, https:\/\/www.jungsi.de\/blog\/wp-content\/uploads\/Dragon-Joysticks-300x225.jpg 300w, https:\/\/www.jungsi.de\/blog\/wp-content\/uploads\/Dragon-Joysticks.jpg 1400w\" sizes=\"auto, (max-width: 1024px) 100vw, 1024px\" \/><figcaption class=\"wp-element-caption\">Dragon Joysticks<\/figcaption><\/figure>\n\n\n\n<figure class=\"wp-block-image size-large\"><img loading=\"lazy\" decoding=\"async\" width=\"768\" height=\"1024\" data-attachment-id=\"37548\" data-permalink=\"https:\/\/www.jungsi.de\/en\/heimcomputer\/sonstige-hersteller\/dragon-32\/dragon-kassettenkabel\/\" data-orig-file=\"https:\/\/www.jungsi.de\/blog\/wp-content\/uploads\/Dragon-Kassettenkabel.jpg\" data-orig-size=\"1050,1400\" data-comments-opened=\"1\" data-image-meta=\"{&quot;aperture&quot;:&quot;1.8&quot;,&quot;credit&quot;:&quot;&quot;,&quot;camera&quot;:&quot;iPad Pro (12.9-inch) (4th generation)&quot;,&quot;caption&quot;:&quot;&quot;,&quot;created_timestamp&quot;:&quot;1649695887&quot;,&quot;copyright&quot;:&quot;&quot;,&quot;focal_length&quot;:&quot;3&quot;,&quot;iso&quot;:&quot;16&quot;,&quot;shutter_speed&quot;:&quot;0.001039501039501&quot;,&quot;title&quot;:&quot;&quot;,&quot;orientation&quot;:&quot;1&quot;}\" data-image-title=\"Dragon &amp;#8211; Kassettenkabel\" data-image-description=\"&lt;p&gt;Dragon &amp;#8211; Kassettenkabel&lt;\/p&gt;\" data-image-caption=\"&lt;p&gt;Dragon &amp;#8211; Kassettenkabel&lt;\/p&gt;\" data-large-file=\"https:\/\/www.jungsi.de\/blog\/wp-content\/uploads\/Dragon-Kassettenkabel-768x1024.jpg\" data-id=\"37548\" src=\"https:\/\/www.jungsi.de\/blog\/wp-content\/uploads\/Dragon-Kassettenkabel-768x1024.jpg\" alt=\"Dragon - Kassettenkabel\" class=\"wp-image-37548\" srcset=\"https:\/\/www.jungsi.de\/blog\/wp-content\/uploads\/Dragon-Kassettenkabel-768x1024.jpg 768w, https:\/\/www.jungsi.de\/blog\/wp-content\/uploads\/Dragon-Kassettenkabel-225x300.jpg 225w, https:\/\/www.jungsi.de\/blog\/wp-content\/uploads\/Dragon-Kassettenkabel.jpg 1050w\" sizes=\"auto, (max-width: 768px) 100vw, 768px\" \/><figcaption class=\"wp-element-caption\">Dragon &#8211; Kassettenkabel<\/figcaption><\/figure>\n<\/figure>","protected":false},"excerpt":{"rendered":"<p>Dragon 32 Der Dragon 32 war Mettoys Versuch, sich im aufstrebenden Markt der Heimcomputer zu etablieren. Das Projekt startete Ende 1981 mit begrenzter Entwicklungszeit. Aufgrund \u2026<\/p>","protected":false},"author":2,"featured_media":28514,"parent":27729,"menu_order":0,"comment_status":"closed","ping_status":"closed","template":"","meta":{"_lmt_disableupdate":"","_lmt_disable":"","ngg_post_thumbnail":0,"jetpack_post_was_ever_published":false,"footnotes":"","_links_to":"","_links_to_target":""},"class_list":["post-27698","page","type-page","status-publish","has-post-thumbnail","hentry"],"jetpack_shortlink":"https:\/\/wp.me\/P4eXvk-7cK","jetpack_sharing_enabled":true,"jetpack_likes_enabled":true,"jetpack-related-posts":[{"id":27893,"url":"https:\/\/www.jungsi.de\/en\/die-sammlung\/literatur\/sonstige\/","url_meta":{"origin":27698,"position":0},"title":"Sonstige","author":"Jungsi","date":"14. January 2023","format":false,"excerpt":"Sonstige 8 bit Annual 2018 8 Bit Annual 2019 Basic - Alles \u00fcber PEEK und POKE Basic - Betriebsprogramme f\u00fcr den Funkamateur Basic - HF-Rechenprogramme Basic - Mathematik per Computer Basic - Matrix-Operationen Basic f\u00fcr Aufsteiger Basic f\u00fcr Mikrocomputer BASIC in 100 Beispielen Chip Special - Bauanleitungen f\u00fcr Microcomputer Compute\u2026","rel":"","context":"Similar post","block_context":{"text":"Similar post","link":""},"img":{"alt_text":"BASIC in 100 Beispielen","src":"https:\/\/i0.wp.com\/www.jungsi.de\/blog\/wp-content\/uploads\/BASIC-in-100-Beispielen.jpg?resize=350%2C200&ssl=1","width":350,"height":200,"srcset":"https:\/\/i0.wp.com\/www.jungsi.de\/blog\/wp-content\/uploads\/BASIC-in-100-Beispielen.jpg?resize=350%2C200&ssl=1 1x, https:\/\/i0.wp.com\/www.jungsi.de\/blog\/wp-content\/uploads\/BASIC-in-100-Beispielen.jpg?resize=525%2C300&ssl=1 1.5x"},"classes":[]},{"id":18106,"url":"https:\/\/www.jungsi.de\/en\/suche-biete\/","url_meta":{"origin":27698,"position":1},"title":"Suche\/Kaufe\/Tausche","author":"Jungsi","date":"30. July 2017","format":false,"excerpt":"Suche\/Kaufe\/Tausche Meine Sammlung kann immer noch das eine oder andere zus\u00e4tzliche St\u00fcck vertragen. Bevor Hardware verschrottet wird, bewahre ich sie gerne vor diesem Schicksal. Die Ger\u00e4te werden gereinigt, soweit m\u00f6glich instand gesetzt und wieder in Betrieb genommen, sollten sie nicht mehr funktionieren. Falls Sie etwas loswerden wollen, k\u00f6nnen Sie sich\u2026","rel":"","context":"Similar post","block_context":{"text":"Similar post","link":""},"img":{"alt_text":"","src":"","width":0,"height":0},"classes":[]},{"id":27729,"url":"https:\/\/www.jungsi.de\/en\/heimcomputer\/sonstige-hersteller\/","url_meta":{"origin":27698,"position":2},"title":"Sonstige Hersteller","author":"Jungsi","date":"13. January 2023","format":false,"excerpt":"Sonstige Hersteller Hier sind alle Hersteller aufgelistet, von denen ich nicht mehrere Ger\u00e4te besitze. Diese sind eher als Exoten anzusehen und waren zum Teil auf dem deutschen Markt eher unbekannt. Trotzdem sind alle Ger\u00e4te aus historischer Sicht als wichtig zu betrachten. Dragon Enterprise Sharp Texas Instruments Thomson","rel":"","context":"Similar post","block_context":{"text":"Similar post","link":""},"img":{"alt_text":"","src":"","width":0,"height":0},"classes":[]},{"id":27781,"url":"https:\/\/www.jungsi.de\/en\/heimcomputer\/sinclair\/sinclair-zx-spectrum\/","url_meta":{"origin":27698,"position":3},"title":"Sinclair ZX Spectrum","author":"Jungsi","date":"13. January 2023","format":false,"excerpt":"Sinclair ZX Spectrum Sinclair ZX Spectrum 48 K Sinclair ZX Spectrum+ 48 K Sinclair ZX Spectrum 128 K Sinclair ZX Spectrum +2 Sinclair ZX Spectrum +2A Sinclair ZX Spectrum +2B - spanische Version Sinclair ZX Spectrum +3 Sinclair ZX Spectrum Zubeh\u00f6r Sinclair ZX Spectrum 48 K Der Sinclair ZX Spectrum,\u2026","rel":"","context":"Similar post","block_context":{"text":"Similar post","link":""},"img":{"alt_text":"","src":"https:\/\/i0.wp.com\/www.jungsi.de\/blog\/wp-content\/uploads\/Spectrum-mit-Interface-1-und-Microdrives.jpg?resize=350%2C200&ssl=1","width":350,"height":200,"srcset":"https:\/\/i0.wp.com\/www.jungsi.de\/blog\/wp-content\/uploads\/Spectrum-mit-Interface-1-und-Microdrives.jpg?resize=350%2C200&ssl=1 1x, https:\/\/i0.wp.com\/www.jungsi.de\/blog\/wp-content\/uploads\/Spectrum-mit-Interface-1-und-Microdrives.jpg?resize=525%2C300&ssl=1 1.5x, https:\/\/i0.wp.com\/www.jungsi.de\/blog\/wp-content\/uploads\/Spectrum-mit-Interface-1-und-Microdrives.jpg?resize=700%2C400&ssl=1 2x, https:\/\/i0.wp.com\/www.jungsi.de\/blog\/wp-content\/uploads\/Spectrum-mit-Interface-1-und-Microdrives.jpg?resize=1050%2C600&ssl=1 3x, https:\/\/i0.wp.com\/www.jungsi.de\/blog\/wp-content\/uploads\/Spectrum-mit-Interface-1-und-Microdrives.jpg?resize=1400%2C800&ssl=1 4x"},"classes":[]},{"id":21691,"url":"https:\/\/www.jungsi.de\/en\/heimcomputer\/atari-die-sammlung\/atari-tt\/","url_meta":{"origin":27698,"position":4},"title":"Atari TT","author":"Jungsi","date":"13. January 2023","format":false,"excerpt":"Atari TT Atari TT Die Entwicklung des Atari TT begann im Jahr 1986, und er war als UNIX-Workstation gedacht. Die Markteinf\u00fchrung verz\u00f6gerte sich jedoch bis 1990, da Atari bem\u00fcht war, die neuesten Standards zu implementieren. Man entschied sich letztendlich f\u00fcr den Motorola 68030 Prozessor mit 32-Bit und 32 MHz. Die\u2026","rel":"","context":"Similar post","block_context":{"text":"Similar post","link":""},"img":{"alt_text":"Atari TT","src":"https:\/\/i0.wp.com\/www.jungsi.de\/blog\/wp-content\/uploads\/Atari-TT-von-oben.jpg?resize=350%2C200&ssl=1","width":350,"height":200,"srcset":"https:\/\/i0.wp.com\/www.jungsi.de\/blog\/wp-content\/uploads\/Atari-TT-von-oben.jpg?resize=350%2C200&ssl=1 1x, https:\/\/i0.wp.com\/www.jungsi.de\/blog\/wp-content\/uploads\/Atari-TT-von-oben.jpg?resize=525%2C300&ssl=1 1.5x, https:\/\/i0.wp.com\/www.jungsi.de\/blog\/wp-content\/uploads\/Atari-TT-von-oben.jpg?resize=700%2C400&ssl=1 2x, https:\/\/i0.wp.com\/www.jungsi.de\/blog\/wp-content\/uploads\/Atari-TT-von-oben.jpg?resize=1050%2C600&ssl=1 3x, https:\/\/i0.wp.com\/www.jungsi.de\/blog\/wp-content\/uploads\/Atari-TT-von-oben.jpg?resize=1400%2C800&ssl=1 4x"},"classes":[]},{"id":27873,"url":"https:\/\/www.jungsi.de\/en\/die-sammlung\/literatur\/return\/","url_meta":{"origin":27698,"position":5},"title":"Return","author":"Jungsi","date":"14. January 2023","format":false,"excerpt":"Return RETURN ist ein seit 2009 erscheinendes deutschsprachiges Printmagazin zu klassischen Computern und Konsolen (8- bis 32-Bit). Viertelj\u00e4hrlich beleuchtet die Redaktion Systeme wie C64, Amiga, Atari ST, NES\/SNES u. v. m. \u2013 mit Tests aktueller Homebrew-Spiele und Hardware, Hintergrundberichten, Interviews sowie Szenenews und Event-Coverage (u. a. gamescom-Retro-Area). Hefte, Sonderausgaben und\u2026","rel":"","context":"Similar post","block_context":{"text":"Similar post","link":""},"img":{"alt_text":"Return 26","src":"https:\/\/i0.wp.com\/www.jungsi.de\/blog\/wp-content\/uploads\/Return-26.jpg?resize=350%2C200&ssl=1","width":350,"height":200,"srcset":"https:\/\/i0.wp.com\/www.jungsi.de\/blog\/wp-content\/uploads\/Return-26.jpg?resize=350%2C200&ssl=1 1x, https:\/\/i0.wp.com\/www.jungsi.de\/blog\/wp-content\/uploads\/Return-26.jpg?resize=525%2C300&ssl=1 1.5x"},"classes":[]}],"_links":{"self":[{"href":"https:\/\/www.jungsi.de\/en\/wp-json\/wp\/v2\/pages\/27698","targetHints":{"allow":["GET"]}}],"collection":[{"href":"https:\/\/www.jungsi.de\/en\/wp-json\/wp\/v2\/pages"}],"about":[{"href":"https:\/\/www.jungsi.de\/en\/wp-json\/wp\/v2\/types\/page"}],"author":[{"embeddable":true,"href":"https:\/\/www.jungsi.de\/en\/wp-json\/wp\/v2\/users\/2"}],"replies":[{"embeddable":true,"href":"https:\/\/www.jungsi.de\/en\/wp-json\/wp\/v2\/comments?post=27698"}],"version-history":[{"count":0,"href":"https:\/\/www.jungsi.de\/en\/wp-json\/wp\/v2\/pages\/27698\/revisions"}],"up":[{"embeddable":true,"href":"https:\/\/www.jungsi.de\/en\/wp-json\/wp\/v2\/pages\/27729"}],"wp:featuredmedia":[{"embeddable":true,"href":"https:\/\/www.jungsi.de\/en\/wp-json\/wp\/v2\/media\/28514"}],"wp:attachment":[{"href":"https:\/\/www.jungsi.de\/en\/wp-json\/wp\/v2\/media?parent=27698"}],"curies":[{"name":"wp","href":"https:\/\/api.w.org\/{rel}","templated":true}]}}