{"id":27658,"date":"2023-01-13T14:16:46","date_gmt":"2023-01-13T13:16:46","guid":{"rendered":"https:\/\/www.jungsi.de\/?page_id=27658"},"modified":"2024-08-07T12:29:18","modified_gmt":"2024-08-07T10:29:18","slug":"apple-macintosh-se-30","status":"publish","type":"page","link":"https:\/\/www.jungsi.de\/en\/heimcomputer\/apple\/apple-macintosh-se-30\/","title":{"rendered":"Apple Macintosh SE\/30"},"content":{"rendered":"<p><\/p>\n\n\n\n<h2 class=\"wp-block-heading has-text-align-center\">Apple Macintosh SE\/30<\/h2>\n\n\n<div class=\"wp-block-image wp-image-17809\">\n<figure class=\"aligncenter\"><img loading=\"lazy\" decoding=\"async\" width=\"800\" height=\"600\" data-attachment-id=\"17809\" data-permalink=\"https:\/\/www.jungsi.de\/en\/macintosh-se30-apple\/apple-macintosh-se30\/\" data-orig-file=\"https:\/\/www.jungsi.de\/blog\/wp-content\/uploads\/Apple-Macintosh-SE30.jpg\" data-orig-size=\"800,600\" data-comments-opened=\"1\" data-image-meta=\"{&quot;aperture&quot;:&quot;3.5&quot;,&quot;credit&quot;:&quot;&quot;,&quot;camera&quot;:&quot;Canon PowerShot SX260 HS&quot;,&quot;caption&quot;:&quot;&quot;,&quot;created_timestamp&quot;:&quot;1497525734&quot;,&quot;copyright&quot;:&quot;&quot;,&quot;focal_length&quot;:&quot;4.5&quot;,&quot;iso&quot;:&quot;800&quot;,&quot;shutter_speed&quot;:&quot;0.033333333333333&quot;,&quot;title&quot;:&quot;&quot;,&quot;orientation&quot;:&quot;1&quot;}\" data-image-title=\"Apple Macintosh SE30\" data-image-description=\"&lt;p&gt;Apple Macintosh SE\/30&lt;\/p&gt;\" data-image-caption=\"&lt;p&gt;Apple Macintosh SE\/30&lt;\/p&gt;\" data-large-file=\"https:\/\/www.jungsi.de\/blog\/wp-content\/uploads\/Apple-Macintosh-SE30.jpg\" src=\"https:\/\/www.jungsi.de\/blog\/wp-content\/uploads\/Apple-Macintosh-SE30.jpg\" alt=\"Apple Macintosh SE\/30\" class=\"wp-image-17809\" srcset=\"https:\/\/www.jungsi.de\/blog\/wp-content\/uploads\/Apple-Macintosh-SE30.jpg 800w, https:\/\/www.jungsi.de\/blog\/wp-content\/uploads\/Apple-Macintosh-SE30-300x225.jpg 300w\" sizes=\"auto, (max-width: 800px) 100vw, 800px\" \/><figcaption class=\"wp-element-caption\"><a href=\"https:\/\/www.jungsi.de\/en\/macintosh-se30-apple\/\">Apple Macintosh SE\/30<\/a><\/figcaption><\/figure>\n<\/div>\n\n\n<h3 class=\"wp-block-heading\">Geschichte des Apple Macintosh SE\/30<\/h3>\n\n\n\n<p>Der Apple Macintosh SE\/30 wurde am 19. Januar 1989 eingef\u00fchrt und war eine Weiterentwicklung des Macintosh SE. Hier sind die wichtigsten Punkte seiner Geschichte:<\/p>\n\n\n\n<p><strong>Einf\u00fchrung und Design (1989)<\/strong>:<\/p>\n\n\n\n<ul class=\"wp-block-list\">\n<li><strong>Nachfolger des Macintosh SE<\/strong>: Der Macintosh SE\/30 war der leistungsst\u00e4rkere Nachfolger des beliebten Macintosh SE und wurde entwickelt, um professionellen Nutzern mehr Leistung und Erweiterungsm\u00f6glichkeiten zu bieten.<\/li>\n\n\n\n<li><strong>Kompaktes Design<\/strong>: Er behielt das kompakte Design des SE bei, aber im Inneren gab es signifikante Verbesserungen.<\/li>\n<\/ul>\n\n\n\n<p>Der Macintosh SE\/30 gilt heute als ein Klassiker unter den Macintosh-Computern und ist bei Sammlern und Retro-Computing-Enthusiasten sehr begehrt.<br>Die Ger\u00e4te in meiner Sammlung stammen aus einer fr\u00fcheren Werbeagentur und waren per Apple-Talk Netzwerk miteinander verbunden.<\/p>\n\n\n\n<table id=\"tablepress-281\" class=\"tablepress tablepress-id-281 tbody-has-connected-cells\">\n<tbody>\n<tr class=\"row-1\">\n\t<td colspan=\"2\" class=\"column-1\"><p style=\"text-align: center;\"><strong>Technische Daten Macintosh SE\/30<\/strong><\/p><\/td>\n<\/tr>\n<tr class=\"row-2\">\n\t<td class=\"column-1\"><strong>Hersteller:<\/strong><\/td><td class=\"column-2\">Apple<\/td>\n<\/tr>\n<tr class=\"row-3\">\n\t<td class=\"column-1\"><strong>Modell:<\/strong><\/td><td class=\"column-2\">Macintosh SE\/30<\/td>\n<\/tr>\n<tr class=\"row-4\">\n\t<td class=\"column-1\"><strong>Herkunft:<\/strong><\/td><td class=\"column-2\">USA<\/td>\n<\/tr>\n<tr class=\"row-5\">\n\t<td class=\"column-1\"><strong>Erscheinungsjahr:<\/strong><\/td><td class=\"column-2\">1989<\/td>\n<\/tr>\n<tr class=\"row-6\">\n\t<td class=\"column-1\"><strong>Produktionsende:<\/strong><\/td><td class=\"column-2\">1991<\/td>\n<\/tr>\n<tr class=\"row-7\">\n\t<td class=\"column-1\"><strong>St\u00fcckzahl:<\/strong><\/td><td class=\"column-2\">500.000<\/td>\n<\/tr>\n<tr class=\"row-8\">\n\t<td class=\"column-1\"><strong>Prozessor:<\/strong><\/td><td class=\"column-2\">Motorola 68030<\/td>\n<\/tr>\n<tr class=\"row-9\">\n\t<td class=\"column-1\"><strong>Taktfrequenz:<\/strong><\/td><td class=\"column-2\">16 MHz<\/td>\n<\/tr>\n<tr class=\"row-10\">\n\t<td class=\"column-1\"><strong>RAM:<\/strong><\/td><td class=\"column-2\">1 MB RAM<\/td>\n<\/tr>\n<tr class=\"row-11\">\n\t<td class=\"column-1\"><strong>ROM:<\/strong><\/td><td class=\"column-2\">256 kB<\/td>\n<\/tr>\n<tr class=\"row-12\">\n\t<td class=\"column-1\"><strong>Betriebssystem:<\/strong><\/td><td class=\"column-2\">System 6.0.3 \u2013 System 7.5.5<\/td>\n<\/tr>\n<tr class=\"row-13\">\n\t<td class=\"column-1\"><strong>Grafikchip:<\/strong><\/td><td class=\"column-2\">integriert &#8211; 64 kB Video RAM<\/td>\n<\/tr>\n<tr class=\"row-14\">\n\t<td class=\"column-1\"><strong>Farben:<\/strong><\/td><td class=\"column-2\">monochrome<\/td>\n<\/tr>\n<tr class=\"row-15\">\n\t<td class=\"column-1\"><strong>Anzeigemodi:<\/strong><\/td><td class=\"column-2\">512 \u00d7 342<\/td>\n<\/tr>\n<tr class=\"row-16\">\n\t<td class=\"column-1\"><strong>Soundchip:<\/strong><\/td><td class=\"column-2\">integriert<\/td>\n<\/tr>\n<tr class=\"row-17\">\n\t<td class=\"column-1\"><strong>Sound:<\/strong><\/td><td class=\"column-2\">Stereo, 8 Bit, 22 kHz<\/td>\n<\/tr>\n<tr class=\"row-18\">\n\t<td class=\"column-1\"><strong>Tastatur:<\/strong><\/td><td class=\"column-2\"><\/td>\n<\/tr>\n<tr class=\"row-19\">\n\t<td class=\"column-1\"><strong>Laufwerk:<\/strong><\/td><td class=\"column-2\">Festplatte 40\/80 MB<\/td>\n<\/tr>\n<tr class=\"row-20\">\n\t<td class=\"column-1\"><strong>I\/O:<\/strong><\/td><td class=\"column-2\">2\u00d7 ADB; Floppy; SCSI; Modem; Drucker; Tonausgang<\/td>\n<\/tr>\n<\/tbody>\n<\/table>\n<!-- #tablepress-281 from cache -->\n\n\n<p><strong>Apple Macintosh Zubeh\u00f6r<\/strong><\/p>\n\n\n\n<figure class=\"wp-block-gallery has-nested-images columns-3 is-cropped wp-block-gallery-1 is-layout-flex wp-block-gallery-is-layout-flex\">\n<figure class=\"wp-block-image size-large\"><img loading=\"lazy\" decoding=\"async\" width=\"800\" height=\"600\" data-attachment-id=\"17218\" data-permalink=\"https:\/\/www.jungsi.de\/en\/retro\/sonstige-die-sammlung\/apple-macintosh-floppyemulator\/\" data-orig-file=\"https:\/\/www.jungsi.de\/blog\/wp-content\/uploads\/apple-macintosh-floppyemulator.jpg\" data-orig-size=\"800,600\" data-comments-opened=\"1\" data-image-meta=\"{&quot;aperture&quot;:&quot;3.5&quot;,&quot;credit&quot;:&quot;&quot;,&quot;camera&quot;:&quot;Canon PowerShot SX260 HS&quot;,&quot;caption&quot;:&quot;&quot;,&quot;created_timestamp&quot;:&quot;1484659380&quot;,&quot;copyright&quot;:&quot;&quot;,&quot;focal_length&quot;:&quot;4.5&quot;,&quot;iso&quot;:&quot;640&quot;,&quot;shutter_speed&quot;:&quot;0.033333333333333&quot;,&quot;title&quot;:&quot;&quot;,&quot;orientation&quot;:&quot;1&quot;}\" data-image-title=\"Apple Macintosh &amp;#8211; FloppyEmulator\" data-image-description=\"\" data-image-caption=\"&lt;p&gt;Floppy Emu&lt;\/p&gt;\" data-large-file=\"https:\/\/www.jungsi.de\/blog\/wp-content\/uploads\/apple-macintosh-floppyemulator.jpg\" data-id=\"17218\" src=\"https:\/\/www.jungsi.de\/blog\/wp-content\/uploads\/apple-macintosh-floppyemulator.jpg\" alt=\"\" class=\"wp-image-17218\" srcset=\"https:\/\/www.jungsi.de\/blog\/wp-content\/uploads\/apple-macintosh-floppyemulator.jpg 800w, https:\/\/www.jungsi.de\/blog\/wp-content\/uploads\/apple-macintosh-floppyemulator-300x225.jpg 300w\" sizes=\"auto, (max-width: 800px) 100vw, 800px\" \/><figcaption class=\"wp-element-caption\">Floppy Emu<\/figcaption><\/figure>\n\n\n\n<figure class=\"wp-block-image size-large\"><img loading=\"lazy\" decoding=\"async\" width=\"800\" height=\"600\" data-attachment-id=\"17816\" data-permalink=\"https:\/\/www.jungsi.de\/en\/macintosh-se30-apple\/apple-keyboard-ii\/\" data-orig-file=\"https:\/\/www.jungsi.de\/blog\/wp-content\/uploads\/Apple-Keyboard-II.jpg\" data-orig-size=\"800,600\" data-comments-opened=\"1\" data-image-meta=\"{&quot;aperture&quot;:&quot;3.5&quot;,&quot;credit&quot;:&quot;&quot;,&quot;camera&quot;:&quot;Canon PowerShot SX260 HS&quot;,&quot;caption&quot;:&quot;&quot;,&quot;created_timestamp&quot;:&quot;1497525805&quot;,&quot;copyright&quot;:&quot;&quot;,&quot;focal_length&quot;:&quot;4.5&quot;,&quot;iso&quot;:&quot;500&quot;,&quot;shutter_speed&quot;:&quot;0.033333333333333&quot;,&quot;title&quot;:&quot;&quot;,&quot;orientation&quot;:&quot;1&quot;}\" data-image-title=\"Apple Keyboard II\" data-image-description=\"&lt;p&gt;Apple Keyboard II&lt;\/p&gt;\" data-image-caption=\"&lt;p&gt;Apple Keyboard II&lt;\/p&gt;\" data-large-file=\"https:\/\/www.jungsi.de\/blog\/wp-content\/uploads\/Apple-Keyboard-II.jpg\" data-id=\"17816\" src=\"https:\/\/www.jungsi.de\/blog\/wp-content\/uploads\/Apple-Keyboard-II.jpg\" alt=\"Apple Keyboard II\" class=\"wp-image-17816\" srcset=\"https:\/\/www.jungsi.de\/blog\/wp-content\/uploads\/Apple-Keyboard-II.jpg 800w, https:\/\/www.jungsi.de\/blog\/wp-content\/uploads\/Apple-Keyboard-II-300x225.jpg 300w\" sizes=\"auto, (max-width: 800px) 100vw, 800px\" \/><figcaption class=\"wp-element-caption\">Apple Keyboard II<\/figcaption><\/figure>\n\n\n\n<figure class=\"wp-block-image size-large\"><img loading=\"lazy\" decoding=\"async\" width=\"800\" height=\"600\" data-attachment-id=\"17815\" data-permalink=\"https:\/\/www.jungsi.de\/en\/macintosh-se30-apple\/apple-extended-keyboard-ii\/\" data-orig-file=\"https:\/\/www.jungsi.de\/blog\/wp-content\/uploads\/Apple-Extended-Keyboard-II.jpg\" data-orig-size=\"800,600\" data-comments-opened=\"1\" data-image-meta=\"{&quot;aperture&quot;:&quot;3.5&quot;,&quot;credit&quot;:&quot;&quot;,&quot;camera&quot;:&quot;Canon PowerShot SX260 HS&quot;,&quot;caption&quot;:&quot;&quot;,&quot;created_timestamp&quot;:&quot;1497527100&quot;,&quot;copyright&quot;:&quot;&quot;,&quot;focal_length&quot;:&quot;4.5&quot;,&quot;iso&quot;:&quot;640&quot;,&quot;shutter_speed&quot;:&quot;0.033333333333333&quot;,&quot;title&quot;:&quot;&quot;,&quot;orientation&quot;:&quot;1&quot;}\" data-image-title=\"Apple Extended Keyboard II\" data-image-description=\"&lt;p&gt;Apple Extended Keyboard II&lt;\/p&gt;\" data-image-caption=\"&lt;p&gt;Apple Extended Keyboard II&lt;\/p&gt;\" data-large-file=\"https:\/\/www.jungsi.de\/blog\/wp-content\/uploads\/Apple-Extended-Keyboard-II.jpg\" data-id=\"17815\" src=\"https:\/\/www.jungsi.de\/blog\/wp-content\/uploads\/Apple-Extended-Keyboard-II.jpg\" alt=\"Apple Extended Keyboard II\" class=\"wp-image-17815\" srcset=\"https:\/\/www.jungsi.de\/blog\/wp-content\/uploads\/Apple-Extended-Keyboard-II.jpg 800w, https:\/\/www.jungsi.de\/blog\/wp-content\/uploads\/Apple-Extended-Keyboard-II-300x225.jpg 300w\" sizes=\"auto, (max-width: 800px) 100vw, 800px\" \/><figcaption class=\"wp-element-caption\">Apple Extended Keyboard II<\/figcaption><\/figure>\n<\/figure>","protected":false},"excerpt":{"rendered":"<p>Apple Macintosh SE\/30 Geschichte des Apple Macintosh SE\/30 Der Apple Macintosh SE\/30 wurde am 19. Januar 1989 eingef\u00fchrt und war eine Weiterentwicklung des Macintosh SE. \u2026<\/p>","protected":false},"author":2,"featured_media":0,"parent":19739,"menu_order":0,"comment_status":"closed","ping_status":"closed","template":"","meta":{"_lmt_disableupdate":"","_lmt_disable":"","ngg_post_thumbnail":0,"jetpack_post_was_ever_published":false,"footnotes":"","_links_to":"","_links_to_target":""},"class_list":["post-27658","page","type-page","status-publish","hentry"],"jetpack_shortlink":"https:\/\/wp.me\/P4eXvk-7c6","jetpack_sharing_enabled":true,"jetpack_likes_enabled":true,"jetpack-related-posts":[{"id":19739,"url":"https:\/\/www.jungsi.de\/en\/heimcomputer\/apple\/","url_meta":{"origin":27658,"position":0},"title":"Apple","author":"Jungsi","date":"28. February 2018","format":false,"excerpt":"Apple Apple IIe Apple Macintosh SE\/30 Geschichte der Firma Apple (1976-1986) Gr\u00fcndung und Anfangsjahre (1976-1977):Apple wurde am 1. April 1976 von Steve Jobs, Steve Wozniak und Ronald Wayne in Cupertino, Kalifornien gegr\u00fcndet. Ihr erstes Produkt, der Apple I, war ein von Wozniak entwickelter Computer, der als Bausatz verkauft wurde. Der\u2026","rel":"","context":"Similar post","block_context":{"text":"Similar post","link":""},"img":{"alt_text":"Apple IIe - Joystick","src":"https:\/\/i0.wp.com\/www.jungsi.de\/blog\/wp-content\/uploads\/Apple-IIe-Joystick.jpg?resize=350%2C200&ssl=1","width":350,"height":200,"srcset":"https:\/\/i0.wp.com\/www.jungsi.de\/blog\/wp-content\/uploads\/Apple-IIe-Joystick.jpg?resize=350%2C200&ssl=1 1x, https:\/\/i0.wp.com\/www.jungsi.de\/blog\/wp-content\/uploads\/Apple-IIe-Joystick.jpg?resize=525%2C300&ssl=1 1.5x, https:\/\/i0.wp.com\/www.jungsi.de\/blog\/wp-content\/uploads\/Apple-IIe-Joystick.jpg?resize=700%2C400&ssl=1 2x"},"classes":[]},{"id":3749,"url":"https:\/\/www.jungsi.de\/en\/heimcomputer\/atari-die-sammlung\/","url_meta":{"origin":27658,"position":1},"title":"Atari","author":"Jungsi","date":"26. September 2013","format":false,"excerpt":"Atari Heimcomputer\u00a0 Atari 800XL Atari Falcon Atari Portfolio Atari ST(E)\/Mega ST(E) Atari TT Geschichte der Atari Heimcomputer Die Geschichte der Atari Heimcomputer beginnt in den sp\u00e4ten 1970er Jahren und erstreckt sich \u00fcber mehrere Modellreihen, die in den 1980er Jahren gro\u00dfen Einfluss auf den Heimcomputermarkt hatten. Hier sind die wichtigsten Meilensteine:\u2026","rel":"","context":"With 2 comments","block_context":{"text":"With 2 comments","link":"https:\/\/www.jungsi.de\/en\/heimcomputer\/atari-die-sammlung\/#comments"},"img":{"alt_text":"","src":"https:\/\/i0.wp.com\/www.jungsi.de\/blog\/wp-content\/uploads\/2013\/07\/Atari-800XL_1.jpg?resize=350%2C200&ssl=1","width":350,"height":200},"classes":[]},{"id":27745,"url":"https:\/\/www.jungsi.de\/en\/heimcomputer\/atari-die-sammlung\/atari-ste-mega-ste\/","url_meta":{"origin":27658,"position":2},"title":"Atari ST(E)\/Mega ST(E)","author":"Jungsi","date":"13. January 2023","format":false,"excerpt":"Atari ST(E)\/Mega ST(E) Atari 260ST Atari 520ST Atari 1040STF Atari 1040 STFM Atari 1040 STE 1989, als der Commodore Amiga, Apples Macintosh und die x86-PCs kurz davor standen, den vier Jahre alten Atari ST zu \u00fcberholen, wurde der Atari 1040 STE eingef\u00fchrt. Die Anzahl der darstellbaren Farben stieg von 512\u2026","rel":"","context":"Similar post","block_context":{"text":"Similar post","link":""},"img":{"alt_text":"microSD Reader","src":"https:\/\/i0.wp.com\/www.jungsi.de\/blog\/wp-content\/uploads\/microSD-Reader.jpg?resize=350%2C200&ssl=1","width":350,"height":200,"srcset":"https:\/\/i0.wp.com\/www.jungsi.de\/blog\/wp-content\/uploads\/microSD-Reader.jpg?resize=350%2C200&ssl=1 1x, https:\/\/i0.wp.com\/www.jungsi.de\/blog\/wp-content\/uploads\/microSD-Reader.jpg?resize=525%2C300&ssl=1 1.5x, https:\/\/i0.wp.com\/www.jungsi.de\/blog\/wp-content\/uploads\/microSD-Reader.jpg?resize=700%2C400&ssl=1 2x, https:\/\/i0.wp.com\/www.jungsi.de\/blog\/wp-content\/uploads\/microSD-Reader.jpg?resize=1050%2C600&ssl=1 3x, https:\/\/i0.wp.com\/www.jungsi.de\/blog\/wp-content\/uploads\/microSD-Reader.jpg?resize=1400%2C800&ssl=1 4x"},"classes":[]},{"id":21596,"url":"https:\/\/www.jungsi.de\/en\/heimcomputer\/apple\/apple-iie\/","url_meta":{"origin":27658,"position":3},"title":"Apple IIe","author":"Jungsi","date":"22. December 2018","format":false,"excerpt":"Apple IIe Apple IIe Der Apple IIe, ver\u00f6ffentlicht im Jahr 1983, war ausgestattet mit einer MOS 6502 CPU, 64 KByte Speicher, 32 KByte ROM und acht Erweiterungsslots. Dieser Computer war der Nachfolger des weniger erfolgreichen Apple III, der aufgrund seines hohen Preises und mangelnder Kompatibilit\u00e4t nicht gut ankam (Reihenfolge: Apple\u2026","rel":"","context":"Similar post","block_context":{"text":"Similar post","link":""},"img":{"alt_text":"Printer Interface","src":"https:\/\/i0.wp.com\/www.jungsi.de\/blog\/wp-content\/uploads\/Printer-Interface-Oberseite.jpg?resize=350%2C200&ssl=1","width":350,"height":200,"srcset":"https:\/\/i0.wp.com\/www.jungsi.de\/blog\/wp-content\/uploads\/Printer-Interface-Oberseite.jpg?resize=350%2C200&ssl=1 1x, https:\/\/i0.wp.com\/www.jungsi.de\/blog\/wp-content\/uploads\/Printer-Interface-Oberseite.jpg?resize=525%2C300&ssl=1 1.5x, https:\/\/i0.wp.com\/www.jungsi.de\/blog\/wp-content\/uploads\/Printer-Interface-Oberseite.jpg?resize=700%2C400&ssl=1 2x, https:\/\/i0.wp.com\/www.jungsi.de\/blog\/wp-content\/uploads\/Printer-Interface-Oberseite.jpg?resize=1050%2C600&ssl=1 3x, https:\/\/i0.wp.com\/www.jungsi.de\/blog\/wp-content\/uploads\/Printer-Interface-Oberseite.jpg?resize=1400%2C800&ssl=1 4x"},"classes":[]},{"id":28194,"url":"https:\/\/www.jungsi.de\/en\/die-sammlung\/literatur\/apple\/juiced-gs\/","url_meta":{"origin":27658,"position":4},"title":"Juiced.GS","author":"Jungsi","date":"15. January 2023","format":false,"excerpt":"Juiced.GS - Apple Juiced.GS ist ein seit 1996 erscheinendes, viertelj\u00e4hrliches Print-Magazin rund um alle Apple-II-Modelle \u2013 Tests, Interviews, How-tos und Berichte (u. a. zu KansasFest) inklusive. Herausgeber ist Ken Gagne (Gamebits); das Heft gilt als das am l\u00e4ngsten laufende Apple-II-Printmedium und wird im Abo per Post verschickt. Auch 2025\/26 l\u00e4uft\u2026","rel":"","context":"Similar post","block_context":{"text":"Similar post","link":""},"img":{"alt_text":"Juiced.GS-20_1","src":"https:\/\/i0.wp.com\/www.jungsi.de\/blog\/wp-content\/uploads\/Juiced.GS-20_1.jpg?resize=350%2C200&ssl=1","width":350,"height":200,"srcset":"https:\/\/i0.wp.com\/www.jungsi.de\/blog\/wp-content\/uploads\/Juiced.GS-20_1.jpg?resize=350%2C200&ssl=1 1x, https:\/\/i0.wp.com\/www.jungsi.de\/blog\/wp-content\/uploads\/Juiced.GS-20_1.jpg?resize=525%2C300&ssl=1 1.5x, https:\/\/i0.wp.com\/www.jungsi.de\/blog\/wp-content\/uploads\/Juiced.GS-20_1.jpg?resize=700%2C400&ssl=1 2x, https:\/\/i0.wp.com\/www.jungsi.de\/blog\/wp-content\/uploads\/Juiced.GS-20_1.jpg?resize=1050%2C600&ssl=1 3x"},"classes":[]},{"id":27777,"url":"https:\/\/www.jungsi.de\/en\/heimcomputer\/sinclair\/sinclair-ql\/","url_meta":{"origin":27658,"position":5},"title":"Sinclair QL","author":"Jungsi","date":"13. January 2023","format":false,"excerpt":"Sinclair QL Sinclair QL Der Sinclair QL (Quantum Leap) wurde 1984 von Sinclair Research als High-End-Alternative zum ZX Spectrum eingef\u00fchrt. Ziel war es, unter anderem durch den Einsatz eines Motorola 68008 Prozessors eine Leistungssteigerung zu erreichen. Jedoch war die 32-Bit-Architektur des Prozessors nur \u00fcber einen begrenzten 8-Bit-Datenpfad mit dem System\u2026","rel":"","context":"Similar post","block_context":{"text":"Similar post","link":""},"img":{"alt_text":"Qimsi Gold","src":"https:\/\/i0.wp.com\/www.jungsi.de\/blog\/wp-content\/uploads\/Qimsi-Gold-Oberseite.jpg?resize=350%2C200&ssl=1","width":350,"height":200,"srcset":"https:\/\/i0.wp.com\/www.jungsi.de\/blog\/wp-content\/uploads\/Qimsi-Gold-Oberseite.jpg?resize=350%2C200&ssl=1 1x, https:\/\/i0.wp.com\/www.jungsi.de\/blog\/wp-content\/uploads\/Qimsi-Gold-Oberseite.jpg?resize=525%2C300&ssl=1 1.5x, https:\/\/i0.wp.com\/www.jungsi.de\/blog\/wp-content\/uploads\/Qimsi-Gold-Oberseite.jpg?resize=700%2C400&ssl=1 2x, https:\/\/i0.wp.com\/www.jungsi.de\/blog\/wp-content\/uploads\/Qimsi-Gold-Oberseite.jpg?resize=1050%2C600&ssl=1 3x, https:\/\/i0.wp.com\/www.jungsi.de\/blog\/wp-content\/uploads\/Qimsi-Gold-Oberseite.jpg?resize=1400%2C800&ssl=1 4x"},"classes":[]}],"_links":{"self":[{"href":"https:\/\/www.jungsi.de\/en\/wp-json\/wp\/v2\/pages\/27658","targetHints":{"allow":["GET"]}}],"collection":[{"href":"https:\/\/www.jungsi.de\/en\/wp-json\/wp\/v2\/pages"}],"about":[{"href":"https:\/\/www.jungsi.de\/en\/wp-json\/wp\/v2\/types\/page"}],"author":[{"embeddable":true,"href":"https:\/\/www.jungsi.de\/en\/wp-json\/wp\/v2\/users\/2"}],"replies":[{"embeddable":true,"href":"https:\/\/www.jungsi.de\/en\/wp-json\/wp\/v2\/comments?post=27658"}],"version-history":[{"count":0,"href":"https:\/\/www.jungsi.de\/en\/wp-json\/wp\/v2\/pages\/27658\/revisions"}],"up":[{"embeddable":true,"href":"https:\/\/www.jungsi.de\/en\/wp-json\/wp\/v2\/pages\/19739"}],"wp:attachment":[{"href":"https:\/\/www.jungsi.de\/en\/wp-json\/wp\/v2\/media?parent=27658"}],"curies":[{"name":"wp","href":"https:\/\/api.w.org\/{rel}","templated":true}]}}