{"id":276,"date":"2008-12-08T13:29:31","date_gmt":"2008-12-08T12:29:31","guid":{"rendered":"http:\/\/www.jungsi.de\/blog\/?page_id=276"},"modified":"2008-12-08T13:35:20","modified_gmt":"2008-12-08T12:35:20","slug":"tour-3-oberalp","status":"publish","type":"page","link":"https:\/\/www.jungsi.de\/en\/reisen\/schweiz-2002\/tour-3-oberalp\/","title":{"rendered":"Tour 3: Oberalp&#8230;"},"content":{"rendered":"<p>Oberalp-\/Susten-\/Grimsel-\/Furka-\/St. Gotthardt-Pass<\/p>\n<p>Streckenl\u00e4nge ca. 400 km<\/p>\n<p style=\"text-align: justify;\">Achtung! Diese Tour ist nur f\u00fcr ausdauernde und ge\u00fcbte Berg-Tourenfahrer zu empfehlen. Au\u00dferdem ben\u00f6tigt man unbedingt sch\u00f6nes Wetter. Wenn diese Voraussetzungen erf\u00fcllt sind, bietet sich eine der sch\u00f6nsten Touren (meine pers\u00f6nliche Meinung), die es in den Alpen zu (er)fahren gibt.<br \/>\nWie immer beginnt es mit der Abfahrt vom Glaspass nach Thusis. Auf der Schnellstrasse (Vignette nicht vergessen) nach Reichenau und immer den Hinweisen nach Disentis folgen. 23 km nach Disentis folgt der Einstieg in den Oberalppass der nach Andermatt f\u00fchrt. Hier bin ich der Route nach Norden gefolgt, die zum Sustenpass f\u00fchrt.<br \/>\nHat man diesen \u00fcberquert gelangt man nach Innertkirchen und h\u00e4lt sich nach S\u00fcden zum Grimselpass. Danach ist noch ein Abstecher zum Furkapass empfehlenswert. Hat man die Abfahrt wieder hinter sich folgt man der Strasse nach Ulrichen, wo sie zum Nufenenpass abzweigt. In Airolo ist die Beschilderung zum dann folgenden Sankt Gotthard Pass etwas irref\u00fchrend.<br \/>\nEs gibt drei M\u00f6glichkeiten: das Autobahntunnel, die neue Passstrasse und die alte Passstrasse. Ich bin die &#8222;alte&#8220; Strasse gefahren. Wenn man ein Zusatzschild mit der Aufschrift &#8222;Tremola&#8220; findet ist man auf dem richtigen Weg. Tremola hei\u00dft \u00fcbersetzt &#8222;Zittern&#8220; und so wahr es dann auch. 24 Kehren mit Kopfsteinpflaster hat man auf der alten Passstrasse zu \u00fcberwinden. (Achtung: nur bei trockenen Bedingungen und nicht mit Anf\u00e4ngern fahren). Nach dieser letzten Pr\u00fcfung auf dieser Tour gestaltet sich die R\u00fcckfahrt \u00fcber den Oberalppass recht gem\u00fctlich und man kann den Rest der Tour noch geniessen.<\/p>\n<p style=\"text-align: justify;\">ngg_shortcode_0_placeholder","protected":false},"excerpt":{"rendered":"<p>Oberalp-\/Susten-\/Grimsel-\/Furka-\/St. Gotthardt-Pass Streckenl\u00e4nge ca. 400 km Achtung! Diese Tour ist nur f\u00fcr ausdauernde und ge\u00fcbte Berg-Tourenfahrer zu empfehlen. Au\u00dferdem ben\u00f6tigt man unbedingt sch\u00f6nes Wetter. Wenn \u2026<\/p>","protected":false},"author":2,"featured_media":0,"parent":264,"menu_order":0,"comment_status":"open","ping_status":"open","template":"","meta":{"_lmt_disableupdate":"","_lmt_disable":"","ngg_post_thumbnail":0,"jetpack_post_was_ever_published":false,"footnotes":"","_links_to":"","_links_to_target":""},"class_list":["post-276","page","type-page","status-publish","hentry"],"jetpack_shortlink":"https:\/\/wp.me\/P4eXvk-4s","jetpack_sharing_enabled":true,"jetpack_likes_enabled":true,"jetpack-related-posts":[{"id":322,"url":"https:\/\/www.jungsi.de\/en\/reisen\/schweiz-2003\/tour-1-oberalp-sustenpass\/","url_meta":{"origin":276,"position":0},"title":"Tour 1: Oberalp-\/Sustenpass&#8230;","author":"Jungsi","date":"22. December 2008","format":false,"excerpt":"Achtung! Diese Tour ist nur f\u00fcr ausdauernde und ge\u00fcbte Berg-Tourenfahrer zu empfehlen. Au\u00dferdem ben\u00f6tigt man unbedingt sch\u00f6nes Wetter. Wenn diese Voraussetzungen erf\u00fcllt sind, bietet sich eine der sch\u00f6nsten Touren (meine pers\u00f6nliche Meinung), die es in den Alpen zu (er)fahren gibt. Wie immer beginnt es mit der Abfahrt vom Glaspass nach\u2026","rel":"","context":"In &quot;Allgemein&quot;","block_context":{"text":"Allgemein","link":"https:\/\/www.jungsi.de\/en\/category\/allgemein\/"},"img":{"alt_text":"","src":"","width":0,"height":0},"classes":[]},{"id":224,"url":"https:\/\/www.jungsi.de\/en\/reisen\/tirol-2000\/tour-3-reschenpass-stilfser-joch\/","url_meta":{"origin":276,"position":1},"title":"Tour 3: Reschenpass &#8211; Stilfser Joch","author":"Jungsi","date":"5. December 2008","format":false,"excerpt":"Reschenpass - Stilfser Joch - Passo Foscagno - Berninapass Streckenl\u00e4nge \u00fcber 300 km Der erste Teil \u00fcber Imst und Landeck zum Reschenpa\u00df ist bereits bekannt. Man folgt in Sponding der Abzweigung zum Stilfser Joch. Nach Trafoi hat man 48 Haarnadelkehren zu bew\u00e4ltigen (man hat des \u00f6fteren die von der Madatschspitze\u2026","rel":"","context":"In &quot;Allgemein&quot;","block_context":{"text":"Allgemein","link":"https:\/\/www.jungsi.de\/en\/category\/allgemein\/"},"img":{"alt_text":"","src":"","width":0,"height":0},"classes":[]},{"id":268,"url":"https:\/\/www.jungsi.de\/en\/reisen\/schweiz-2002\/tour-1-lukmanierpass\/","url_meta":{"origin":276,"position":2},"title":"Tour 1: Lukmanierpass&#8230;","author":"Jungsi","date":"8. December 2008","format":false,"excerpt":"Lukmanierpass - San-Bernadino - Via Mala Streckenl\u00e4nge ca. 285 km Von Thusis nach Bonaduz (hier links abbiegen) und an der Rheinschlucht entlang nach Ilanz. \u00dcber Trun ging es weiter nach Disentis. Hier folgt man der Stra\u00dfe s\u00fcdlich zum Lukmanierpa\u00df. Die Fahrt geht weiter \u00fcber Olivone und Biasca nach Bellinzona -\u2026","rel":"","context":"In &quot;Allgemein&quot;","block_context":{"text":"Allgemein","link":"https:\/\/www.jungsi.de\/en\/category\/allgemein\/"},"img":{"alt_text":"","src":"","width":0,"height":0},"classes":[]},{"id":340,"url":"https:\/\/www.jungsi.de\/en\/reisen\/schweiz-2003\/tour-5-albulapass\/","url_meta":{"origin":276,"position":3},"title":"Tour 5: Albulapass&#8230;","author":"Jungsi","date":"22. December 2008","format":false,"excerpt":"Tour 5 Albulapass - Ofenpass - Jaufenpass - Sterzing Streckenl\u00e4nge ca. 250 km Thusis - Tiefencastel - Albulapass - La Punt - Zernez - Ofenpass - Sta. Maria im M\u00fcnstertal - Schluderns - Sponding - Meran - St. Leonhard i. P. - Jaufenpass - Sterzing Diese Tour war eigentlich nicht\u2026","rel":"","context":"In &quot;Allgemein&quot;","block_context":{"text":"Allgemein","link":"https:\/\/www.jungsi.de\/en\/category\/allgemein\/"},"img":{"alt_text":"","src":"","width":0,"height":0},"classes":[]},{"id":272,"url":"https:\/\/www.jungsi.de\/en\/reisen\/schweiz-2002\/tour-2-wolfgangpass\/","url_meta":{"origin":276,"position":4},"title":"Tour 2: Wolfgangpass&#8230;","author":"Jungsi","date":"8. December 2008","format":false,"excerpt":"Wolfgangpass - Fl\u00fcelapass - Julierpass Streckenl\u00e4nge ca. 210 km Startpunkt ist wieder Thusis. Von Thusis aus bin ich einen kleinen Umweg \u00fcber die Schinschlucht nach Tiefencastel und weiter \u00fcber Lenzerheide nach Chur gefahren. In Chur folgt man den Schildern Transit\/Landquart. Hier dann nach Osten Richtung Davos. Dabei f\u00e4hrt man durch\u2026","rel":"","context":"In &quot;Allgemein&quot;","block_context":{"text":"Allgemein","link":"https:\/\/www.jungsi.de\/en\/category\/allgemein\/"},"img":{"alt_text":"","src":"","width":0,"height":0},"classes":[]},{"id":220,"url":"https:\/\/www.jungsi.de\/en\/reisen\/tirol-2000\/tour-1-hahntennjoch-flexenpass\/","url_meta":{"origin":276,"position":5},"title":"Tour 1: Hahntennjoch &#8211; Flexenpass","author":"Jungsi","date":"5. December 2008","format":false,"excerpt":"Hahntennjoch - Flexenpass - Silvretta - Piller H\u00f6he Streckenl\u00e4nge ca. 350 km Die erste Tour f\u00fchrt von Sautens in Richtung Imst. In Imst folgt man der Beschilderung zum Fernpa\u00df\/Garmisch. An der Abzweigung zum Hahntennjoch folgt man dieser und gelangt so an den ersten Pa\u00df in einer H\u00f6he von 1903 m.\u2026","rel":"","context":"In &quot;Allgemein&quot;","block_context":{"text":"Allgemein","link":"https:\/\/www.jungsi.de\/en\/category\/allgemein\/"},"img":{"alt_text":"","src":"","width":0,"height":0},"classes":[]}],"_links":{"self":[{"href":"https:\/\/www.jungsi.de\/en\/wp-json\/wp\/v2\/pages\/276","targetHints":{"allow":["GET"]}}],"collection":[{"href":"https:\/\/www.jungsi.de\/en\/wp-json\/wp\/v2\/pages"}],"about":[{"href":"https:\/\/www.jungsi.de\/en\/wp-json\/wp\/v2\/types\/page"}],"author":[{"embeddable":true,"href":"https:\/\/www.jungsi.de\/en\/wp-json\/wp\/v2\/users\/2"}],"replies":[{"embeddable":true,"href":"https:\/\/www.jungsi.de\/en\/wp-json\/wp\/v2\/comments?post=276"}],"version-history":[{"count":0,"href":"https:\/\/www.jungsi.de\/en\/wp-json\/wp\/v2\/pages\/276\/revisions"}],"up":[{"embeddable":true,"href":"https:\/\/www.jungsi.de\/en\/wp-json\/wp\/v2\/pages\/264"}],"wp:attachment":[{"href":"https:\/\/www.jungsi.de\/en\/wp-json\/wp\/v2\/media?parent=276"}],"curies":[{"name":"wp","href":"https:\/\/api.w.org\/{rel}","templated":true}]}}