{"id":26583,"date":"2022-04-30T16:23:01","date_gmt":"2022-04-30T14:23:01","guid":{"rendered":"https:\/\/www.jungsi.de\/?page_id=26583"},"modified":"2023-02-07T20:38:40","modified_gmt":"2023-02-07T19:38:40","slug":"pong-konsolen","status":"publish","type":"page","link":"https:\/\/www.jungsi.de\/en\/konsolen\/pong-konsolen\/","title":{"rendered":"Pong Konsolen"},"content":{"rendered":"<p><\/p>\n\n\n\n<h2 class=\"has-text-align-center wp-block-heading\">Pong Konsolen<\/h2>\n\n\n\n<figure class=\"wp-block-image size-large\"><img loading=\"lazy\" decoding=\"async\" width=\"1024\" height=\"768\" data-attachment-id=\"24959\" data-permalink=\"https:\/\/www.jungsi.de\/en\/binatone-tv-master-mk8-pong-konsole\/tv-master-mk-8\/\" data-orig-file=\"https:\/\/www.jungsi.de\/blog\/wp-content\/uploads\/TV-Master-MK-8.jpg\" data-orig-size=\"1400,1050\" data-comments-opened=\"1\" data-image-meta=\"{&quot;aperture&quot;:&quot;3.5&quot;,&quot;credit&quot;:&quot;&quot;,&quot;camera&quot;:&quot;Canon PowerShot SX260 HS&quot;,&quot;caption&quot;:&quot;&quot;,&quot;created_timestamp&quot;:&quot;1603553177&quot;,&quot;copyright&quot;:&quot;&quot;,&quot;focal_length&quot;:&quot;4.5&quot;,&quot;iso&quot;:&quot;800&quot;,&quot;shutter_speed&quot;:&quot;0.025&quot;,&quot;title&quot;:&quot;&quot;,&quot;orientation&quot;:&quot;1&quot;}\" data-image-title=\"TV Master MK 8\" data-image-description=\"&lt;p&gt;TV Master MK 8&lt;\/p&gt;\" data-image-caption=\"&lt;p&gt;Binatone TV Master MK 8&lt;\/p&gt;\" data-large-file=\"https:\/\/www.jungsi.de\/blog\/wp-content\/uploads\/TV-Master-MK-8-1024x768.jpg\" src=\"https:\/\/www.jungsi.de\/blog\/wp-content\/uploads\/TV-Master-MK-8-1024x768.jpg\" alt=\"TV Master MK 8\" class=\"wp-image-24959\" srcset=\"https:\/\/www.jungsi.de\/blog\/wp-content\/uploads\/TV-Master-MK-8-1024x768.jpg 1024w, https:\/\/www.jungsi.de\/blog\/wp-content\/uploads\/TV-Master-MK-8-300x225.jpg 300w, https:\/\/www.jungsi.de\/blog\/wp-content\/uploads\/TV-Master-MK-8.jpg 1400w\" sizes=\"auto, (max-width: 1024px) 100vw, 1024px\" \/><figcaption class=\"wp-element-caption\">Binatone TV Master MK 8<\/figcaption><\/figure>\n\n\n\n<figure class=\"wp-block-image size-large\"><img loading=\"lazy\" decoding=\"async\" width=\"1024\" height=\"768\" data-attachment-id=\"24941\" data-permalink=\"https:\/\/www.jungsi.de\/en\/philips-odyssey-2001-pong-konsolen\/odyssey-2001\/\" data-orig-file=\"https:\/\/www.jungsi.de\/blog\/wp-content\/uploads\/Odyssey-2001.jpg\" data-orig-size=\"1400,1050\" data-comments-opened=\"1\" data-image-meta=\"{&quot;aperture&quot;:&quot;3.5&quot;,&quot;credit&quot;:&quot;&quot;,&quot;camera&quot;:&quot;Canon PowerShot SX260 HS&quot;,&quot;caption&quot;:&quot;&quot;,&quot;created_timestamp&quot;:&quot;1603552739&quot;,&quot;copyright&quot;:&quot;&quot;,&quot;focal_length&quot;:&quot;5.84&quot;,&quot;iso&quot;:&quot;800&quot;,&quot;shutter_speed&quot;:&quot;0.033333333333333&quot;,&quot;title&quot;:&quot;&quot;,&quot;orientation&quot;:&quot;1&quot;}\" data-image-title=\"Odyssey 2001\" data-image-description=\"&lt;p&gt;Odyssey 2001&lt;\/p&gt;\" data-image-caption=\"&lt;p&gt;Odyssey 2001&lt;\/p&gt;\" data-large-file=\"https:\/\/www.jungsi.de\/blog\/wp-content\/uploads\/Odyssey-2001-1024x768.jpg\" src=\"https:\/\/www.jungsi.de\/blog\/wp-content\/uploads\/Odyssey-2001-1024x768.jpg\" alt=\"Odyssey 2001\" class=\"wp-image-24941\" srcset=\"https:\/\/www.jungsi.de\/blog\/wp-content\/uploads\/Odyssey-2001-1024x768.jpg 1024w, https:\/\/www.jungsi.de\/blog\/wp-content\/uploads\/Odyssey-2001-300x225.jpg 300w, https:\/\/www.jungsi.de\/blog\/wp-content\/uploads\/Odyssey-2001.jpg 1400w\" sizes=\"auto, (max-width: 1024px) 100vw, 1024px\" \/><figcaption class=\"wp-element-caption\">Philips Odyssey 2001<\/figcaption><\/figure>\n\n\n\n<figure class=\"wp-block-image size-large\"><img loading=\"lazy\" decoding=\"async\" width=\"1024\" height=\"768\" data-attachment-id=\"26444\" data-permalink=\"https:\/\/www.jungsi.de\/en\/sanwa9012\/\" data-orig-file=\"https:\/\/www.jungsi.de\/blog\/wp-content\/uploads\/slider11\/Sanwa9012.jpeg\" data-orig-size=\"1400,1050\" data-comments-opened=\"1\" data-image-meta=\"{&quot;aperture&quot;:&quot;1.8&quot;,&quot;credit&quot;:&quot;&quot;,&quot;camera&quot;:&quot;iPad Pro (12.9-inch) (4th generation)&quot;,&quot;caption&quot;:&quot;&quot;,&quot;created_timestamp&quot;:&quot;1647194043&quot;,&quot;copyright&quot;:&quot;&quot;,&quot;focal_length&quot;:&quot;3&quot;,&quot;iso&quot;:&quot;200&quot;,&quot;shutter_speed&quot;:&quot;0.016666666666667&quot;,&quot;title&quot;:&quot;&quot;,&quot;orientation&quot;:&quot;1&quot;}\" data-image-title=\"Sanwa9012\" data-image-description=\"&lt;p&gt;Sanwa9012&lt;\/p&gt;\" data-image-caption=\"&lt;p&gt;Sanwa9012&lt;\/p&gt;\" data-large-file=\"https:\/\/www.jungsi.de\/blog\/wp-content\/uploads\/slider11\/Sanwa9012-1024x768.jpeg\" src=\"https:\/\/www.jungsi.de\/blog\/wp-content\/uploads\/slider11\/Sanwa9012-1024x768.jpeg\" alt=\"\" class=\"wp-image-26444\" srcset=\"https:\/\/www.jungsi.de\/blog\/wp-content\/uploads\/slider11\/Sanwa9012-1024x768.jpeg 1024w, https:\/\/www.jungsi.de\/blog\/wp-content\/uploads\/slider11\/Sanwa9012-300x225.jpeg 300w, https:\/\/www.jungsi.de\/blog\/wp-content\/uploads\/slider11\/Sanwa9012.jpeg 1400w\" sizes=\"auto, (max-width: 1024px) 100vw, 1024px\" \/><figcaption class=\"wp-element-caption\">Sanwa 9012<\/figcaption><\/figure>\n\n\n\n<figure class=\"wp-block-image size-full\"><img loading=\"lazy\" decoding=\"async\" width=\"800\" height=\"600\" data-attachment-id=\"18825\" data-permalink=\"https:\/\/www.jungsi.de\/en\/koerting-tele-multi-play-825042-retro\/koerting-tele-multi-play-825_042\/\" data-orig-file=\"https:\/\/www.jungsi.de\/blog\/wp-content\/uploads\/K\u00f6rting-Tele-Multi-Play-825_042.jpg\" data-orig-size=\"800,600\" data-comments-opened=\"1\" data-image-meta=\"{&quot;aperture&quot;:&quot;3.5&quot;,&quot;credit&quot;:&quot;&quot;,&quot;camera&quot;:&quot;Canon PowerShot SX260 HS&quot;,&quot;caption&quot;:&quot;&quot;,&quot;created_timestamp&quot;:&quot;1502388348&quot;,&quot;copyright&quot;:&quot;&quot;,&quot;focal_length&quot;:&quot;4.5&quot;,&quot;iso&quot;:&quot;800&quot;,&quot;shutter_speed&quot;:&quot;0.05&quot;,&quot;title&quot;:&quot;&quot;,&quot;orientation&quot;:&quot;1&quot;}\" data-image-title=\"K\u00f6rting Tele-Multi-Play 825_042\" data-image-description=\"&lt;p&gt;K\u00f6rting Tele-Multi-Play 825_042&lt;\/p&gt;\" data-image-caption=\"&lt;p&gt;K\u00f6rting Tele-Multi-Play 825_042&lt;\/p&gt;\" data-large-file=\"https:\/\/www.jungsi.de\/blog\/wp-content\/uploads\/K\u00f6rting-Tele-Multi-Play-825_042.jpg\" src=\"https:\/\/www.jungsi.de\/blog\/wp-content\/uploads\/K\u00f6rting-Tele-Multi-Play-825_042.jpg\" alt=\"K\u00f6rting Tele-Multi-Play 825_042\" class=\"wp-image-18825\" srcset=\"https:\/\/www.jungsi.de\/blog\/wp-content\/uploads\/K\u00f6rting-Tele-Multi-Play-825_042.jpg 800w, https:\/\/www.jungsi.de\/blog\/wp-content\/uploads\/K\u00f6rting-Tele-Multi-Play-825_042-300x225.jpg 300w\" sizes=\"auto, (max-width: 800px) 100vw, 800px\" \/><figcaption class=\"wp-element-caption\">K\u00f6rting Tele-Multi-Play 825_042<\/figcaption><\/figure>\n\n\n\n<figure class=\"wp-block-image size-large\"><img loading=\"lazy\" decoding=\"async\" width=\"1024\" height=\"768\" data-attachment-id=\"27562\" data-permalink=\"https:\/\/www.jungsi.de\/en\/bss01-veb-halbleiterwerk-frankfurt-an-der-oder\/bss01\/\" data-orig-file=\"https:\/\/www.jungsi.de\/blog\/wp-content\/uploads\/BSS01.jpg\" data-orig-size=\"1400,1050\" data-comments-opened=\"1\" data-image-meta=\"{&quot;aperture&quot;:&quot;1.8&quot;,&quot;credit&quot;:&quot;&quot;,&quot;camera&quot;:&quot;iPad Pro (12.9-inch) (4th generation)&quot;,&quot;caption&quot;:&quot;&quot;,&quot;created_timestamp&quot;:&quot;1669468711&quot;,&quot;copyright&quot;:&quot;&quot;,&quot;focal_length&quot;:&quot;3&quot;,&quot;iso&quot;:&quot;250&quot;,&quot;shutter_speed&quot;:&quot;0.025&quot;,&quot;title&quot;:&quot;&quot;,&quot;orientation&quot;:&quot;1&quot;}\" data-image-title=\"BSS01\" data-image-description=\"&lt;p&gt;BSS01&lt;\/p&gt;\" data-image-caption=\"&lt;p&gt;BSS01&lt;\/p&gt;\" data-large-file=\"https:\/\/www.jungsi.de\/blog\/wp-content\/uploads\/BSS01-1024x768.jpg\" src=\"https:\/\/www.jungsi.de\/blog\/wp-content\/uploads\/BSS01-1024x768.jpg\" alt=\"BSS01\" class=\"wp-image-27562\" srcset=\"https:\/\/www.jungsi.de\/blog\/wp-content\/uploads\/BSS01-1024x768.jpg 1024w, https:\/\/www.jungsi.de\/blog\/wp-content\/uploads\/BSS01-300x225.jpg 300w, https:\/\/www.jungsi.de\/blog\/wp-content\/uploads\/BSS01.jpg 1400w\" sizes=\"auto, (max-width: 1024px) 100vw, 1024px\" \/><figcaption class=\"wp-element-caption\">BSS01<\/figcaption><\/figure>","protected":false},"excerpt":{"rendered":"<p>Pong Konsolen<\/p>","protected":false},"author":2,"featured_media":0,"parent":18078,"menu_order":0,"comment_status":"closed","ping_status":"closed","template":"","meta":{"_lmt_disableupdate":"","_lmt_disable":"","ngg_post_thumbnail":0,"jetpack_post_was_ever_published":false,"footnotes":"","_links_to":"","_links_to_target":""},"class_list":["post-26583","page","type-page","status-publish","hentry"],"jetpack_shortlink":"https:\/\/wp.me\/P4eXvk-6UL","jetpack_sharing_enabled":true,"jetpack_likes_enabled":true,"jetpack-related-posts":[{"id":18273,"url":"https:\/\/www.jungsi.de\/en\/konsolen\/philips-videopac-g7000\/","url_meta":{"origin":26583,"position":0},"title":"Philips Videopac G7000\/G7400","author":"Jungsi","date":"16. August 2017","format":false,"excerpt":"Philips Videopac G7000\/G7400 Philips Videopac G7000 Der Philips Videopac G7000 \u2014 in Nordamerika als Magnavox Odyssey\u00b2 bekannt \u2014 war einer der ersten Heimcomputer-Konsolen-Hybriden: Er verf\u00fcgte \u00fcber eine vollst\u00e4ndige Tastatur und positionierte sich damit als mehr als nur eine Spielkonsole. Ab 1978 verkauft, bot er eine eigenst\u00e4ndige Spielebibliothek mit \u00fcber 60\u2026","rel":"","context":"Similar post","block_context":{"text":"Similar post","link":""},"img":{"alt_text":"Philips Videopac G7000","src":"https:\/\/i0.wp.com\/www.jungsi.de\/blog\/wp-content\/uploads\/philips-videopac-g7000.jpg?resize=350%2C200&ssl=1","width":350,"height":200,"srcset":"https:\/\/i0.wp.com\/www.jungsi.de\/blog\/wp-content\/uploads\/philips-videopac-g7000.jpg?resize=350%2C200&ssl=1 1x, https:\/\/i0.wp.com\/www.jungsi.de\/blog\/wp-content\/uploads\/philips-videopac-g7000.jpg?resize=525%2C300&ssl=1 1.5x, https:\/\/i0.wp.com\/www.jungsi.de\/blog\/wp-content\/uploads\/philips-videopac-g7000.jpg?resize=700%2C400&ssl=1 2x"},"classes":[]},{"id":18216,"url":"https:\/\/www.jungsi.de\/en\/konsolen\/sonstige-konsolen\/interton-vc4000\/","url_meta":{"origin":26583,"position":1},"title":"Interton VC4000","author":"Jungsi","date":"8. August 2017","format":false,"excerpt":"Interton VC4000 Interton VC4000 Das VC 4000 von Interton ist die einzige Spielkonsole, die in Westdeutschland \"entwickelt\" wurde, allerdings mit vielen Bauteilen aus dem Ausland. Interton, der Hersteller, hatte zuvor bereits Erfahrungen mit Pong-Konsolen gesammelt. Das VC 4000 kam 1978 auf den Markt und war deutlich g\u00fcnstiger als die amerikanische\u2026","rel":"","context":"Similar post","block_context":{"text":"Similar post","link":""},"img":{"alt_text":"Interton VC4000","src":"https:\/\/i0.wp.com\/www.jungsi.de\/blog\/wp-content\/uploads\/interton-vc4000.jpg?resize=350%2C200&ssl=1","width":350,"height":200,"srcset":"https:\/\/i0.wp.com\/www.jungsi.de\/blog\/wp-content\/uploads\/interton-vc4000.jpg?resize=350%2C200&ssl=1 1x, https:\/\/i0.wp.com\/www.jungsi.de\/blog\/wp-content\/uploads\/interton-vc4000.jpg?resize=525%2C300&ssl=1 1.5x, https:\/\/i0.wp.com\/www.jungsi.de\/blog\/wp-content\/uploads\/interton-vc4000.jpg?resize=700%2C400&ssl=1 2x"},"classes":[]},{"id":23174,"url":"https:\/\/www.jungsi.de\/en\/handheld-konsolen\/bandai-wonderswan\/","url_meta":{"origin":26583,"position":2},"title":"Bandai Wonderswan","author":"Jungsi","date":"31. May 2019","format":false,"excerpt":"Bandai Wonderswan Color WonderSwan Color - Pearl Blue Der WonderSwan ist ein faszinierendes St\u00fcck japanischer Handheld-Geschichte, das au\u00dferhalb Japans kaum jemand kannte. 1999 von Bandai unter Mitwirkung von Gunpei Yokoi \u2014 dem Vater des Game Boy \u2014 entwickelt, war er ausschlie\u00dflich f\u00fcr den japanischen Markt bestimmt. Das schlanke, hochwertige Ger\u00e4t\u2026","rel":"","context":"Similar post","block_context":{"text":"Similar post","link":""},"img":{"alt_text":"WonderSwan Color - Pearl Blue","src":"https:\/\/i0.wp.com\/www.jungsi.de\/blog\/wp-content\/uploads\/WonderSwan-Color-Oberseite.jpg?resize=350%2C200&ssl=1","width":350,"height":200,"srcset":"https:\/\/i0.wp.com\/www.jungsi.de\/blog\/wp-content\/uploads\/WonderSwan-Color-Oberseite.jpg?resize=350%2C200&ssl=1 1x, https:\/\/i0.wp.com\/www.jungsi.de\/blog\/wp-content\/uploads\/WonderSwan-Color-Oberseite.jpg?resize=525%2C300&ssl=1 1.5x, https:\/\/i0.wp.com\/www.jungsi.de\/blog\/wp-content\/uploads\/WonderSwan-Color-Oberseite.jpg?resize=700%2C400&ssl=1 2x, https:\/\/i0.wp.com\/www.jungsi.de\/blog\/wp-content\/uploads\/WonderSwan-Color-Oberseite.jpg?resize=1050%2C600&ssl=1 3x, https:\/\/i0.wp.com\/www.jungsi.de\/blog\/wp-content\/uploads\/WonderSwan-Color-Oberseite.jpg?resize=1400%2C800&ssl=1 4x"},"classes":[]},{"id":28312,"url":"https:\/\/www.jungsi.de\/en\/konsolen\/atari-konsolen\/","url_meta":{"origin":26583,"position":3},"title":"Atari Konsolen","author":"Jungsi","date":"16. January 2023","format":false,"excerpt":"Atari Konsolen Atari VCS Atari 7800 Atari Jaguar Geschichte von Atari und deren Spielekonsolen Gr\u00fcndung und Fr\u00fche Jahre (1972-1976): Gr\u00fcndung: Atari, Inc. wurde 1972 von Nolan Bushnell und Ted Dabney gegr\u00fcndet. Das Unternehmen wurde schnell durch die Ver\u00f6ffentlichung des Arcade-Spiels Pong bekannt, das zu einem riesigen Erfolg wurde und Atari\u2026","rel":"","context":"Similar post","block_context":{"text":"Similar post","link":""},"img":{"alt_text":"","src":"","width":0,"height":0},"classes":[]},{"id":28319,"url":"https:\/\/www.jungsi.de\/en\/konsolen\/nintendo-konsolen\/","url_meta":{"origin":26583,"position":4},"title":"Nintendo Konsolen","author":"Jungsi","date":"16. January 2023","format":false,"excerpt":"Nintendo Konsolen Nintendo Entertainment System Super Nintendo Entertainment System Nintendo 64 Nintendo Wii Nintendo Switch Hier ist eine kurze \u00dcbersicht der wichtigsten Heimvideospielkonsolen von Nintendo: 1. Nintendo Entertainment System (NES) (1983\/1985) Beschreibung: Urspr\u00fcnglich 1983 in Japan als Famicom ver\u00f6ffentlicht, war das NES 1985 der erste gro\u00dfe Erfolg von Nintendo im\u2026","rel":"","context":"Similar post","block_context":{"text":"Similar post","link":""},"img":{"alt_text":"","src":"","width":0,"height":0},"classes":[]},{"id":28315,"url":"https:\/\/www.jungsi.de\/en\/konsolen\/sega-konsolen\/","url_meta":{"origin":26583,"position":5},"title":"Sega Konsolen","author":"Jungsi","date":"16. January 2023","format":false,"excerpt":"Sega Konsolen Sega Master System \u2013 Sega Master System II Sega Mega Drive \u2013 Sega Mega Drive II Sega Saturn Sega Dreamcast Sega ist eine bekannte japanische Videospiel- und Konsolenherstellerin, die mehrere bedeutende Spielekonsolen ver\u00f6ffentlicht hat. Hier ist eine kurze \u00dcbersicht der wichtigsten Sega-Konsolen: 1. SG-1000 (1983) Beschreibung: Segas erste\u2026","rel":"","context":"Similar post","block_context":{"text":"Similar post","link":""},"img":{"alt_text":"","src":"","width":0,"height":0},"classes":[]}],"_links":{"self":[{"href":"https:\/\/www.jungsi.de\/en\/wp-json\/wp\/v2\/pages\/26583","targetHints":{"allow":["GET"]}}],"collection":[{"href":"https:\/\/www.jungsi.de\/en\/wp-json\/wp\/v2\/pages"}],"about":[{"href":"https:\/\/www.jungsi.de\/en\/wp-json\/wp\/v2\/types\/page"}],"author":[{"embeddable":true,"href":"https:\/\/www.jungsi.de\/en\/wp-json\/wp\/v2\/users\/2"}],"replies":[{"embeddable":true,"href":"https:\/\/www.jungsi.de\/en\/wp-json\/wp\/v2\/comments?post=26583"}],"version-history":[{"count":0,"href":"https:\/\/www.jungsi.de\/en\/wp-json\/wp\/v2\/pages\/26583\/revisions"}],"up":[{"embeddable":true,"href":"https:\/\/www.jungsi.de\/en\/wp-json\/wp\/v2\/pages\/18078"}],"wp:attachment":[{"href":"https:\/\/www.jungsi.de\/en\/wp-json\/wp\/v2\/media?parent=26583"}],"curies":[{"name":"wp","href":"https:\/\/api.w.org\/{rel}","templated":true}]}}