{"id":25366,"date":"2021-02-19T13:12:10","date_gmt":"2021-02-19T12:12:10","guid":{"rendered":"https:\/\/www.jungsi.de\/?page_id=25366"},"modified":"2024-08-16T11:35:23","modified_gmt":"2024-08-16T09:35:23","slug":"watara-supervision","status":"publish","type":"page","link":"https:\/\/www.jungsi.de\/en\/handheld-konsolen\/watara-supervision\/","title":{"rendered":"Watara Supervision"},"content":{"rendered":"<p><\/p>\n\n\n\n<h2 class=\"wp-block-heading has-text-align-center\">Watara Supervision<\/h2>\n\n\n<div class=\"wp-block-image wp-image-26306\">\n<figure class=\"aligncenter is-resized\"><img loading=\"lazy\" decoding=\"async\" width=\"788\" height=\"1400\" data-attachment-id=\"26306\" data-permalink=\"https:\/\/www.jungsi.de\/en\/watara-supervision-gb-2000-watara\/watara-supervsion-vorderseite\/\" data-orig-file=\"https:\/\/www.jungsi.de\/blog\/wp-content\/uploads\/Watara-Supervsion-Vorderseite.jpg\" data-orig-size=\"788,1400\" data-comments-opened=\"1\" data-image-meta=\"{&quot;aperture&quot;:&quot;2.8&quot;,&quot;credit&quot;:&quot;&quot;,&quot;camera&quot;:&quot;DMC-G70&quot;,&quot;caption&quot;:&quot;&quot;,&quot;created_timestamp&quot;:&quot;1642862515&quot;,&quot;copyright&quot;:&quot;&quot;,&quot;focal_length&quot;:&quot;30&quot;,&quot;iso&quot;:&quot;1600&quot;,&quot;shutter_speed&quot;:&quot;0.05&quot;,&quot;title&quot;:&quot;&quot;,&quot;orientation&quot;:&quot;1&quot;}\" data-image-title=\"Watara Supervsion &amp;#8211; Vorderseite\" data-image-description=\"&lt;p&gt;Watara Supervsion&lt;\/p&gt;\" data-image-caption=\"&lt;p&gt;Watara Supervsion &amp;#8211; GB-2000&lt;\/p&gt;\" data-large-file=\"https:\/\/www.jungsi.de\/blog\/wp-content\/uploads\/Watara-Supervsion-Vorderseite-576x1024.jpg\" src=\"https:\/\/www.jungsi.de\/blog\/wp-content\/uploads\/Watara-Supervsion-Vorderseite.jpg\" alt=\"Watara Supervsion\" class=\"wp-image-26306\" style=\"width:394px;height:700px\" srcset=\"https:\/\/www.jungsi.de\/blog\/wp-content\/uploads\/Watara-Supervsion-Vorderseite.jpg 788w, https:\/\/www.jungsi.de\/blog\/wp-content\/uploads\/Watara-Supervsion-Vorderseite-169x300.jpg 169w, https:\/\/www.jungsi.de\/blog\/wp-content\/uploads\/Watara-Supervsion-Vorderseite-576x1024.jpg 576w\" sizes=\"auto, (max-width: 788px) 100vw, 788px\" \/><figcaption class=\"wp-element-caption\">Watara Supervsion &#8211; GB-2000<\/figcaption><\/figure>\n<\/div>\n\n<div class=\"wp-block-image wp-image-24949\">\n<figure class=\"aligncenter size-large is-resized\"><img loading=\"lazy\" decoding=\"async\" width=\"768\" height=\"1024\" data-attachment-id=\"24949\" data-permalink=\"https:\/\/www.jungsi.de\/en\/supervision-watara\/watara-supervision\/\" data-orig-file=\"https:\/\/www.jungsi.de\/blog\/wp-content\/uploads\/Watara-Supervision.jpg\" data-orig-size=\"1050,1400\" data-comments-opened=\"1\" data-image-meta=\"{&quot;aperture&quot;:&quot;3.5&quot;,&quot;credit&quot;:&quot;&quot;,&quot;camera&quot;:&quot;Canon PowerShot SX260 HS&quot;,&quot;caption&quot;:&quot;&quot;,&quot;created_timestamp&quot;:&quot;1599914458&quot;,&quot;copyright&quot;:&quot;&quot;,&quot;focal_length&quot;:&quot;4.5&quot;,&quot;iso&quot;:&quot;1600&quot;,&quot;shutter_speed&quot;:&quot;0.076923076923077&quot;,&quot;title&quot;:&quot;&quot;,&quot;orientation&quot;:&quot;1&quot;}\" data-image-title=\"Watara Supervision\" data-image-description=\"&lt;p&gt;Watara Supervision&lt;\/p&gt;\" data-image-caption=\"&lt;p&gt;Watara Supervision&lt;\/p&gt;\" data-large-file=\"https:\/\/www.jungsi.de\/blog\/wp-content\/uploads\/Watara-Supervision-768x1024.jpg\" src=\"https:\/\/www.jungsi.de\/blog\/wp-content\/uploads\/Watara-Supervision-768x1024.jpg\" alt=\"Watara Supervision\" class=\"wp-image-24949\" style=\"width:600px\" srcset=\"https:\/\/www.jungsi.de\/blog\/wp-content\/uploads\/Watara-Supervision-768x1024.jpg 768w, https:\/\/www.jungsi.de\/blog\/wp-content\/uploads\/Watara-Supervision-225x300.jpg 225w, https:\/\/www.jungsi.de\/blog\/wp-content\/uploads\/Watara-Supervision.jpg 1050w\" sizes=\"auto, (max-width: 768px) 100vw, 768px\" \/><figcaption class=\"wp-element-caption\">Watara Supervision<\/figcaption><\/figure>\n<\/div>\n\n<div class=\"wp-block-image wp-image-24947\">\n<figure class=\"aligncenter size-large\"><img loading=\"lazy\" decoding=\"async\" width=\"768\" height=\"1024\" data-attachment-id=\"24947\" data-permalink=\"https:\/\/www.jungsi.de\/en\/supervision-watara\/hartung-supervision\/\" data-orig-file=\"https:\/\/www.jungsi.de\/blog\/wp-content\/uploads\/Hartung-Supervision.jpg\" data-orig-size=\"1050,1400\" data-comments-opened=\"1\" data-image-meta=\"{&quot;aperture&quot;:&quot;3.5&quot;,&quot;credit&quot;:&quot;&quot;,&quot;camera&quot;:&quot;Canon PowerShot SX260 HS&quot;,&quot;caption&quot;:&quot;&quot;,&quot;created_timestamp&quot;:&quot;1599914497&quot;,&quot;copyright&quot;:&quot;&quot;,&quot;focal_length&quot;:&quot;4.5&quot;,&quot;iso&quot;:&quot;1600&quot;,&quot;shutter_speed&quot;:&quot;0.076923076923077&quot;,&quot;title&quot;:&quot;&quot;,&quot;orientation&quot;:&quot;1&quot;}\" data-image-title=\"Hartung Supervision\" data-image-description=\"&lt;p&gt;Hartung Supervision&lt;\/p&gt;\" data-image-caption=\"&lt;p&gt;Hartung Supervision &amp;#8211; Model SV-100&lt;\/p&gt;\" data-large-file=\"https:\/\/www.jungsi.de\/blog\/wp-content\/uploads\/Hartung-Supervision-768x1024.jpg\" src=\"https:\/\/www.jungsi.de\/blog\/wp-content\/uploads\/Hartung-Supervision-768x1024.jpg\" alt=\"Hartung Supervision\" class=\"wp-image-24947\" srcset=\"https:\/\/www.jungsi.de\/blog\/wp-content\/uploads\/Hartung-Supervision-768x1024.jpg 768w, https:\/\/www.jungsi.de\/blog\/wp-content\/uploads\/Hartung-Supervision-225x300.jpg 225w, https:\/\/www.jungsi.de\/blog\/wp-content\/uploads\/Hartung-Supervision.jpg 1050w\" sizes=\"auto, (max-width: 768px) 100vw, 768px\" \/><figcaption class=\"wp-element-caption\">Hartung Supervision &#8211; Model SV-100<\/figcaption><\/figure>\n<\/div>\n\n\n<p>Auf den ersten Blick unterscheidet sich das Supervision mit seinem zweistufig schwenkbaren Display vom Game Boy. Ansonsten ist es sehr \u00e4hnlich, mit einem Kontrastregler und einem Netzstecker auf der linken Seite, einem Kopfh\u00f6reranschluss vorne, einem Lautst\u00e4rkeregler rechts und einer Abdeckung vor der Link-Schnittstelle. Die CPU ist eine Variante des 6502, und das Display hat eine Aufl\u00f6sung von 160&#215;160 Pixeln. Von den 60 angek\u00fcndigten Modulen wurden nur 30 ver\u00f6ffentlicht, von denen die meisten freche Klone \u00e4lterer Spiele sind, lediglich unter einem neuen Namen.<\/p>\n\n\n\n<table id=\"tablepress-280\" class=\"tablepress tablepress-id-280\">\n<tbody class=\"row-striping row-hover\">\n<tr class=\"row-1\">\n\t<td class=\"column-1\"><strong>Ver\u00f6ffentlichung:<\/strong><\/td><td class=\"column-2\">1992<\/td>\n<\/tr>\n<tr class=\"row-2\">\n\t<td class=\"column-1\"><strong>Verkaufte<br \/>\nEinheiten:<\/strong><\/td><td class=\"column-2\">??<\/td>\n<\/tr>\n<tr class=\"row-3\">\n\t<td class=\"column-1\"><strong>Prozessor:<\/strong><\/td><td class=\"column-2\">65C02 4 MHz<\/td>\n<\/tr>\n<tr class=\"row-4\">\n\t<td class=\"column-1\"><strong>Audio:<\/strong><\/td><td class=\"column-2\">4 Tonal- und 1 Noise-Kanal<\/td>\n<\/tr>\n<tr class=\"row-5\">\n\t<td class=\"column-1\"><strong>Farben:\u00a0<\/strong><\/td><td class=\"column-2\">4 Graustufen<\/td>\n<\/tr>\n<tr class=\"row-6\">\n\t<td class=\"column-1\"><strong>Aufl\u00f6sung:<\/strong><\/td><td class=\"column-2\">160 x 160 Pixel <\/td>\n<\/tr>\n<\/tbody>\n<\/table>\n<!-- #tablepress-280 from cache -->\n\n\n<p class=\"has-text-align-center\"><strong>Zubeh\u00f6r<\/strong><\/p>\n\n\n\n<figure class=\"wp-block-image size-large\"><img loading=\"lazy\" decoding=\"async\" width=\"1024\" height=\"768\" data-attachment-id=\"32004\" data-permalink=\"https:\/\/www.jungsi.de\/en\/supervision-multi-watara\/supervision-multi\/\" data-orig-file=\"https:\/\/www.jungsi.de\/blog\/wp-content\/uploads\/Supervision-Multi.jpg\" data-orig-size=\"1400,1050\" data-comments-opened=\"1\" data-image-meta=\"{&quot;aperture&quot;:&quot;1.5&quot;,&quot;credit&quot;:&quot;&quot;,&quot;camera&quot;:&quot;iPhone 14&quot;,&quot;caption&quot;:&quot;&quot;,&quot;created_timestamp&quot;:&quot;1703161554&quot;,&quot;copyright&quot;:&quot;&quot;,&quot;focal_length&quot;:&quot;5.7&quot;,&quot;iso&quot;:&quot;125&quot;,&quot;shutter_speed&quot;:&quot;0.013157894736842&quot;,&quot;title&quot;:&quot;&quot;,&quot;orientation&quot;:&quot;1&quot;}\" data-image-title=\"Supervision-Multi\" data-image-description=\"\" data-image-caption=\"&lt;p&gt;Supervision Multi komplett&lt;\/p&gt;\" data-large-file=\"https:\/\/www.jungsi.de\/blog\/wp-content\/uploads\/Supervision-Multi-1024x768.jpg\" src=\"https:\/\/www.jungsi.de\/blog\/wp-content\/uploads\/Supervision-Multi-1024x768.jpg\" alt=\"\" class=\"wp-image-32004\" srcset=\"https:\/\/www.jungsi.de\/blog\/wp-content\/uploads\/Supervision-Multi-1024x768.jpg 1024w, https:\/\/www.jungsi.de\/blog\/wp-content\/uploads\/Supervision-Multi-300x225.jpg 300w, https:\/\/www.jungsi.de\/blog\/wp-content\/uploads\/Supervision-Multi.jpg 1400w\" sizes=\"auto, (max-width: 1024px) 100vw, 1024px\" \/><figcaption class=\"wp-element-caption\">Supervision Multi komplett<\/figcaption><\/figure>","protected":false},"excerpt":{"rendered":"<p>Watara Supervision Auf den ersten Blick unterscheidet sich das Supervision mit seinem zweistufig schwenkbaren Display vom Game Boy. Ansonsten ist es sehr \u00e4hnlich, mit einem \u2026<\/p>","protected":false},"author":2,"featured_media":0,"parent":19664,"menu_order":0,"comment_status":"closed","ping_status":"closed","template":"","meta":{"_lmt_disableupdate":"","_lmt_disable":"","ngg_post_thumbnail":0,"jetpack_post_was_ever_published":false,"footnotes":"","_links_to":"","_links_to_target":""},"class_list":["post-25366","page","type-page","status-publish","hentry"],"jetpack_shortlink":"https:\/\/wp.me\/P4eXvk-6B8","jetpack_sharing_enabled":true,"jetpack_likes_enabled":true,"jetpack-related-posts":[{"id":7410,"url":"https:\/\/www.jungsi.de\/en\/spiele\/nintendo\/","url_meta":{"origin":25366,"position":0},"title":"Nintendo","author":"Jungsi","date":"19. January 2015","format":false,"excerpt":"Nintendo Game Boy Game Boy Advance NES SNES Nintendo 64 Nintendo 3DS Game Boy Blaster Master Jr. (1991) Donkey Kong (1994) Go! Go! Tank (1990) Golf (1989) Kirby's Dream Land (1992) Kirby's Pinball Land (1993) Pokemon blau (1996) Pokemon rot (1996) Street Fighter II (1995) Super Mario Land (1989) Super\u2026","rel":"","context":"Similar post","block_context":{"text":"Similar post","link":""},"img":{"alt_text":"Blaster Master","src":"https:\/\/i0.wp.com\/www.jungsi.de\/blog\/wp-content\/uploads\/GB-Blaster-Master.jpg?resize=350%2C200&ssl=1","width":350,"height":200,"srcset":"https:\/\/i0.wp.com\/www.jungsi.de\/blog\/wp-content\/uploads\/GB-Blaster-Master.jpg?resize=350%2C200&ssl=1 1x, https:\/\/i0.wp.com\/www.jungsi.de\/blog\/wp-content\/uploads\/GB-Blaster-Master.jpg?resize=525%2C300&ssl=1 1.5x, https:\/\/i0.wp.com\/www.jungsi.de\/blog\/wp-content\/uploads\/GB-Blaster-Master.jpg?resize=700%2C400&ssl=1 2x, https:\/\/i0.wp.com\/www.jungsi.de\/blog\/wp-content\/uploads\/GB-Blaster-Master.jpg?resize=1050%2C600&ssl=1 3x"},"classes":[]},{"id":204,"url":"https:\/\/www.jungsi.de\/en\/reisen\/gardasee-2000\/tour-2-lago-di-molveno\/","url_meta":{"origin":25366,"position":1},"title":"Tour 2: Lago di Molveno","author":"Jungsi","date":"5. December 2008","format":false,"excerpt":"Lago di Molveno Streckenl\u00e4nge ca. 150 km Am zweiten Tag machte uns ein platter Hinterreifen an Gerhard's Moped einen kleinen Strrich durch die Rechnung. Au\u00dferdem fanden wir heraus, dass es nicht angebracht ist im Ausland den ADAC anzurufen. 1. An der Hotline konnte niemand Deutsch 2. wurde ein Mechaniker geschickt\u2026","rel":"","context":"In &quot;Allgemein&quot;","block_context":{"text":"Allgemein","link":"https:\/\/www.jungsi.de\/en\/category\/allgemein\/"},"img":{"alt_text":"","src":"","width":0,"height":0},"classes":[]},{"id":28496,"url":"https:\/\/www.jungsi.de\/en\/heimcomputer\/commodore\/commodore-amiga\/","url_meta":{"origin":25366,"position":2},"title":"Commodore Amiga","author":"Jungsi","date":"17. January 2023","format":false,"excerpt":"Commodore Amiga Commodore Amiga 500 In Deutschland war dieser 16-Bit-Heimcomputer in den fr\u00fchen 90er Jahren sehr beliebt. Er verf\u00fcgt \u00fcber eine ansprechende, mausgesteuerte grafische Benutzeroberfl\u00e4che (GUI) mit einem Befehlszeilenprozessor und unterst\u00fctzt komplexe Multimedia-Operationen. Im Vergleich zum C64 bietet er eine leistungsst\u00e4rkere CPU, besseren Sound und erweiterte Grafikfunktionen. Der neue Motorola\u2026","rel":"","context":"Similar post","block_context":{"text":"Similar post","link":""},"img":{"alt_text":"A500-IDE","src":"https:\/\/i0.wp.com\/www.jungsi.de\/blog\/wp-content\/uploads\/A500-IDE.jpg?resize=350%2C200&ssl=1","width":350,"height":200,"srcset":"https:\/\/i0.wp.com\/www.jungsi.de\/blog\/wp-content\/uploads\/A500-IDE.jpg?resize=350%2C200&ssl=1 1x, https:\/\/i0.wp.com\/www.jungsi.de\/blog\/wp-content\/uploads\/A500-IDE.jpg?resize=525%2C300&ssl=1 1.5x, https:\/\/i0.wp.com\/www.jungsi.de\/blog\/wp-content\/uploads\/A500-IDE.jpg?resize=700%2C400&ssl=1 2x"},"classes":[]},{"id":216,"url":"https:\/\/www.jungsi.de\/en\/reisen\/tirol-2000\/","url_meta":{"origin":25366,"position":3},"title":"Tirol 2000","author":"Jungsi","date":"5. December 2008","format":false,"excerpt":"Als Startpunkt und zentralen Aufentshaltsort hatte ich den Bikergasthof Post in Sautens (s\u00fcdlich von \u00d6tz) ausgew\u00e4hlt. Der Bikergasthof Post bietet Garagen f\u00fcr die Motorr\u00e4der, Platz zum Waschen und Schrauben. Ausserdem k\u00f6nnen die Sauna, der Fitne\u00dfraum und die Tischtennisplatte in Anspruch genommen werden. F\u00fcr die sonnigen Tage des Jahres ist ein\u2026","rel":"","context":"In &quot;Allgemein&quot;","block_context":{"text":"Allgemein","link":"https:\/\/www.jungsi.de\/en\/category\/allgemein\/"},"img":{"alt_text":"","src":"","width":0,"height":0},"classes":[]},{"id":200,"url":"https:\/\/www.jungsi.de\/en\/reisen\/gardasee-2000\/","url_meta":{"origin":25366,"position":4},"title":"Gardasee 2000","author":"Jungsi","date":"5. December 2008","format":false,"excerpt":"Um nicht \u00fcber die Autobahn fahren zu m\u00fcssen, wurde beschlossen, die Anfahrt in zwei Tagen zu erledigen. Dazu wurde am ersten Tag eine Route \u00fcber die Gro\u00dfglokckner-Hochalpenstrasse (2.505 m; Maut 17 Euro) gew\u00e4hlt. Nat\u00fcrlich regnete es bei der \u00dcberfahrt mal wieder. :-)) Der Weg f\u00fchrte weiter nach Cortina und \u00fcber\u2026","rel":"","context":"In &quot;Allgemein&quot;","block_context":{"text":"Allgemein","link":"https:\/\/www.jungsi.de\/en\/category\/allgemein\/"},"img":{"alt_text":"","src":"","width":0,"height":0},"classes":[]},{"id":209,"url":"https:\/\/www.jungsi.de\/en\/reisen\/gardasee-2000\/tour-4-lago-di-tenno\/","url_meta":{"origin":25366,"position":5},"title":"Tour 4: Lago di Tenno","author":"Jungsi","date":"5. December 2008","format":false,"excerpt":"Lago di Tenno Streckenl\u00e4nge ca. 130 km Nach ein paar anstrengenden Tagen, war ein Entspannungsrunde notwendig. Wieder ging es nach Riva, nur diesmal f\u00fchrte uns der weitere Weg zum Lago di Tenno. In Fiave bogen wir zum Passo Durone ab und kamen in Tione di Trento wieder auf die Hauptstrasse.\u2026","rel":"","context":"In &quot;Allgemein&quot;","block_context":{"text":"Allgemein","link":"https:\/\/www.jungsi.de\/en\/category\/allgemein\/"},"img":{"alt_text":"","src":"","width":0,"height":0},"classes":[]}],"_links":{"self":[{"href":"https:\/\/www.jungsi.de\/en\/wp-json\/wp\/v2\/pages\/25366","targetHints":{"allow":["GET"]}}],"collection":[{"href":"https:\/\/www.jungsi.de\/en\/wp-json\/wp\/v2\/pages"}],"about":[{"href":"https:\/\/www.jungsi.de\/en\/wp-json\/wp\/v2\/types\/page"}],"author":[{"embeddable":true,"href":"https:\/\/www.jungsi.de\/en\/wp-json\/wp\/v2\/users\/2"}],"replies":[{"embeddable":true,"href":"https:\/\/www.jungsi.de\/en\/wp-json\/wp\/v2\/comments?post=25366"}],"version-history":[{"count":0,"href":"https:\/\/www.jungsi.de\/en\/wp-json\/wp\/v2\/pages\/25366\/revisions"}],"up":[{"embeddable":true,"href":"https:\/\/www.jungsi.de\/en\/wp-json\/wp\/v2\/pages\/19664"}],"wp:attachment":[{"href":"https:\/\/www.jungsi.de\/en\/wp-json\/wp\/v2\/media?parent=25366"}],"curies":[{"name":"wp","href":"https:\/\/api.w.org\/{rel}","templated":true}]}}