{"id":24070,"date":"2020-01-22T15:38:23","date_gmt":"2020-01-22T14:38:23","guid":{"rendered":"https:\/\/www.jungsi.de\/?page_id=24070"},"modified":"2024-08-02T12:50:10","modified_gmt":"2024-08-02T10:50:10","slug":"commodore-amiga-cd32","status":"publish","type":"page","link":"https:\/\/www.jungsi.de\/en\/konsolen\/commodore-amiga-cd32\/","title":{"rendered":"Commodore Amiga CD32"},"content":{"rendered":"<p><\/p>\n\n\n\n<h2 class=\"wp-block-heading has-text-align-center\">Commodore Amiga CD32<\/h2>\n\n\n\n<figure class=\"wp-block-image size-large\"><img loading=\"lazy\" decoding=\"async\" width=\"1024\" height=\"768\" data-attachment-id=\"24320\" data-permalink=\"https:\/\/www.jungsi.de\/en\/amiga-cd%c2%b3%c2%b2-commodore\/commodore-amiga-cd32-seitlich\/\" data-orig-file=\"https:\/\/www.jungsi.de\/blog\/wp-content\/uploads\/Commodore-Amiga-CD32-seitlich.jpg\" data-orig-size=\"1400,1050\" data-comments-opened=\"1\" data-image-meta=\"{&quot;aperture&quot;:&quot;3.5&quot;,&quot;credit&quot;:&quot;&quot;,&quot;camera&quot;:&quot;Canon PowerShot SX260 HS&quot;,&quot;caption&quot;:&quot;&quot;,&quot;created_timestamp&quot;:&quot;1579793105&quot;,&quot;copyright&quot;:&quot;&quot;,&quot;focal_length&quot;:&quot;4.5&quot;,&quot;iso&quot;:&quot;200&quot;,&quot;shutter_speed&quot;:&quot;0.033333333333333&quot;,&quot;title&quot;:&quot;&quot;,&quot;orientation&quot;:&quot;1&quot;}\" data-image-title=\"Commodore Amiga CD32 &amp;#8211; seitlich\" data-image-description=\"&lt;p&gt;Commodore Amiga CD32&lt;\/p&gt;\" data-image-caption=\"&lt;p&gt;Commodore Amiga CD32&lt;\/p&gt;\" data-large-file=\"https:\/\/www.jungsi.de\/blog\/wp-content\/uploads\/Commodore-Amiga-CD32-seitlich-1024x768.jpg\" src=\"https:\/\/www.jungsi.de\/blog\/wp-content\/uploads\/Commodore-Amiga-CD32-seitlich-1024x768.jpg\" alt=\"Commodore Amiga CD32\" class=\"wp-image-24320\" srcset=\"https:\/\/www.jungsi.de\/blog\/wp-content\/uploads\/Commodore-Amiga-CD32-seitlich-1024x768.jpg 1024w, https:\/\/www.jungsi.de\/blog\/wp-content\/uploads\/Commodore-Amiga-CD32-seitlich-300x225.jpg 300w, https:\/\/www.jungsi.de\/blog\/wp-content\/uploads\/Commodore-Amiga-CD32-seitlich.jpg 1400w\" sizes=\"auto, (max-width: 1024px) 100vw, 1024px\" \/><figcaption class=\"wp-element-caption\">Commodore Amiga CD32<\/figcaption><\/figure>\n\n\n\n<p>Commodore f\u00fchrte mit dem Amiga CD32 die erste 32-Bit-Spielkonsole auf dem europ\u00e4ischen Markt ein. Sie basierte auf einem modifizierten Amiga 1200-Mainboard, ausgestattet mit einem Double-Speed-CD-ROM-Laufwerk und dem Custom-Chip Akiko. Dieser Chip, der auch f\u00fcr 3D-Grafiken zust\u00e4ndig war, sollte PC-Konvertierungen f\u00fcr das CD32 erleichtern, die jedoch nie ver\u00f6ffentlicht wurden.<br>Psygnosis demonstrierte mit Microcosm das Potenzial des CD32, welches die PC- und Sega Mega-CD-Versionen \u00fcbertraf. Obwohl es zun\u00e4chst so aussah, als k\u00f6nnte das CD32 mit Philips und Sega konkurrieren, flaute das Interesse am Softwaremarkt schnell wieder ab. Abgesehen von wenigen Ausnahmen wurden haupts\u00e4chlich nur leicht verbesserte Amiga-Konvertierungen ver\u00f6ffentlicht, und mit dem Konkurs von Commodore im Jahr 1994 endete auch die \u00c4ra der Konsole abrupt.<\/p>\n\n\n\n<table id=\"tablepress-283\" class=\"tablepress tablepress-id-283\">\n<tbody class=\"row-striping row-hover\">\n<tr class=\"row-1\">\n\t<td class=\"column-1\"><strong>Hersteller:<\/strong><\/td><td class=\"column-2\">Commodore<\/td>\n<\/tr>\n<tr class=\"row-2\">\n\t<td class=\"column-1\"><strong>Modell:<\/strong><\/td><td class=\"column-2\">Amiga CD32<\/td>\n<\/tr>\n<tr class=\"row-3\">\n\t<td class=\"column-1\"><strong>Herkunft:<\/strong><\/td><td class=\"column-2\">USA<\/td>\n<\/tr>\n<tr class=\"row-4\">\n\t<td class=\"column-1\"><strong>Erscheinungsjahr:<\/strong><\/td><td class=\"column-2\">1993<\/td>\n<\/tr>\n<tr class=\"row-5\">\n\t<td class=\"column-1\"><strong>Produktionsende:<\/strong><\/td><td class=\"column-2\">1994<\/td>\n<\/tr>\n<tr class=\"row-6\">\n\t<td class=\"column-1\"><strong>St\u00fcckzahl:<\/strong><\/td><td class=\"column-2\">ca. 100.0000 (unbest\u00e4tigt)<\/td>\n<\/tr>\n<tr class=\"row-7\">\n\t<td class=\"column-1\"><strong>Prozessor:<\/strong><\/td><td class=\"column-2\">Motorola 68EC020<\/td>\n<\/tr>\n<tr class=\"row-8\">\n\t<td class=\"column-1\"><strong>Taktfrequenz:<\/strong><\/td><td class=\"column-2\">14,28 MHz<\/td>\n<\/tr>\n<tr class=\"row-9\">\n\t<td class=\"column-1\"><strong>RAM:<\/strong><\/td><td class=\"column-2\">2 Mbyte Ram<\/td>\n<\/tr>\n<tr class=\"row-10\">\n\t<td class=\"column-1\"><strong>ROM:<\/strong><\/td><td class=\"column-2\">512Kb Rom f\u00fcr Kickstart 3.1<br \/>\n512Kb Rom f\u00fcr Treiber<\/td>\n<\/tr>\n<tr class=\"row-11\">\n\t<td class=\"column-1\"><strong>Betriebssystem:<\/strong><\/td><td class=\"column-2\">Amiga OS 3.1<\/td>\n<\/tr>\n<tr class=\"row-12\">\n\t<td class=\"column-1\"><strong>Grafikchip:<\/strong><\/td><td class=\"column-2\">Lisa<\/td>\n<\/tr>\n<tr class=\"row-13\">\n\t<td class=\"column-1\"><strong>Farben:<\/strong><\/td><td class=\"column-2\">256 Farben aus 16,7 Millionene<\/td>\n<\/tr>\n<tr class=\"row-14\">\n\t<td class=\"column-1\"><strong>Anzeigemodi:<\/strong><\/td><td class=\"column-2\">320&#215;512<br \/>\n640&#215;512<br \/>\n1280&#215;512<\/td>\n<\/tr>\n<tr class=\"row-15\">\n\t<td class=\"column-1\"><strong>Soundchip:<\/strong><\/td><td class=\"column-2\">Paula<\/td>\n<\/tr>\n<tr class=\"row-16\">\n\t<td class=\"column-1\"><strong>Sound:<\/strong><\/td><td class=\"column-2\">4 mal 8Bit Stereo<\/td>\n<\/tr>\n<tr class=\"row-17\">\n\t<td class=\"column-1\"><strong>Tastatur:<\/strong><\/td><td class=\"column-2\"><\/td>\n<\/tr>\n<tr class=\"row-18\">\n\t<td class=\"column-1\"><strong>Laufwerk:<\/strong><\/td><td class=\"column-2\">CD<br \/>\nmit Erweiterung: Festplatte und 3,5 Diskette<br \/>\n<\/td>\n<\/tr>\n<tr class=\"row-19\">\n\t<td class=\"column-1\"><strong>I\/O:<\/strong><\/td><td class=\"column-2\">Expansions-Port<br \/>\n1 Joystick-Port<br \/>\n1 Joystick\/Maus-Port<br \/>\nS-Video, Composite-Video Anschluss<br \/>\n2x Cinch f\u00fcr Audio<br \/>\nPS2 Keyboard Anschluss<br \/>\nKopfh\u00f6rer Anschluss<\/td>\n<\/tr>\n<\/tbody>\n<\/table>\n<!-- #tablepress-283 from cache -->\n\n\n<figure class=\"wp-block-image size-large\"><img loading=\"lazy\" decoding=\"async\" width=\"1024\" height=\"768\" data-attachment-id=\"24601\" data-permalink=\"https:\/\/www.jungsi.de\/en\/terriblefire-328-330-kipper-2k-riser-amiga-cd%c2%b3%c2%b2\/terriblefire-tf328-oberseite\/\" data-orig-file=\"https:\/\/www.jungsi.de\/blog\/wp-content\/uploads\/TerribleFire-TF328-Oberseite.jpg\" data-orig-size=\"1400,1050\" data-comments-opened=\"1\" data-image-meta=\"{&quot;aperture&quot;:&quot;3.5&quot;,&quot;credit&quot;:&quot;&quot;,&quot;camera&quot;:&quot;Canon PowerShot SX260 HS&quot;,&quot;caption&quot;:&quot;&quot;,&quot;created_timestamp&quot;:&quot;1586454576&quot;,&quot;copyright&quot;:&quot;&quot;,&quot;focal_length&quot;:&quot;4.5&quot;,&quot;iso&quot;:&quot;800&quot;,&quot;shutter_speed&quot;:&quot;0.05&quot;,&quot;title&quot;:&quot;&quot;,&quot;orientation&quot;:&quot;1&quot;}\" data-image-title=\"TerribleFire TF328 &amp;#8211; Oberseite\" data-image-description=\"&lt;p&gt;TerribleFire TF328&lt;\/p&gt;\" data-image-caption=\"&lt;p&gt;TerribleFire TF328&lt;\/p&gt;\" data-large-file=\"https:\/\/www.jungsi.de\/blog\/wp-content\/uploads\/TerribleFire-TF328-Oberseite-1024x768.jpg\" src=\"https:\/\/www.jungsi.de\/blog\/wp-content\/uploads\/TerribleFire-TF328-Oberseite-1024x768.jpg\" alt=\"TerribleFire TF328\" class=\"wp-image-24601\" srcset=\"https:\/\/www.jungsi.de\/blog\/wp-content\/uploads\/TerribleFire-TF328-Oberseite-1024x768.jpg 1024w, https:\/\/www.jungsi.de\/blog\/wp-content\/uploads\/TerribleFire-TF328-Oberseite-300x225.jpg 300w, https:\/\/www.jungsi.de\/blog\/wp-content\/uploads\/TerribleFire-TF328-Oberseite.jpg 1400w\" sizes=\"auto, (max-width: 1024px) 100vw, 1024px\" \/><figcaption class=\"wp-element-caption\">TerribleFire TF328<\/figcaption><\/figure>\n\n\n\n<figure class=\"wp-block-image size-large\"><img loading=\"lazy\" decoding=\"async\" width=\"1024\" height=\"768\" data-attachment-id=\"24602\" data-permalink=\"https:\/\/www.jungsi.de\/en\/terriblefire-328-330-kipper-2k-riser-amiga-cd%c2%b3%c2%b2\/terriblefire-tf330-oberseite\/\" data-orig-file=\"https:\/\/www.jungsi.de\/blog\/wp-content\/uploads\/TerribleFire-TF330-Oberseite.jpg\" data-orig-size=\"1400,1050\" data-comments-opened=\"1\" data-image-meta=\"{&quot;aperture&quot;:&quot;3.5&quot;,&quot;credit&quot;:&quot;&quot;,&quot;camera&quot;:&quot;Canon PowerShot SX260 HS&quot;,&quot;caption&quot;:&quot;&quot;,&quot;created_timestamp&quot;:&quot;1587746917&quot;,&quot;copyright&quot;:&quot;&quot;,&quot;focal_length&quot;:&quot;4.5&quot;,&quot;iso&quot;:&quot;1250&quot;,&quot;shutter_speed&quot;:&quot;0.05&quot;,&quot;title&quot;:&quot;&quot;,&quot;orientation&quot;:&quot;1&quot;}\" data-image-title=\"TerribleFire TF330 &amp;#8211; Oberseite\" data-image-description=\"&lt;p&gt;TerribleFire TF330 &lt;\/p&gt;\" data-image-caption=\"&lt;p&gt;TerribleFire TF330 &lt;\/p&gt;\" data-large-file=\"https:\/\/www.jungsi.de\/blog\/wp-content\/uploads\/TerribleFire-TF330-Oberseite-1024x768.jpg\" src=\"https:\/\/www.jungsi.de\/blog\/wp-content\/uploads\/TerribleFire-TF330-Oberseite-1024x768.jpg\" alt=\"TerribleFire TF330\" class=\"wp-image-24602\" srcset=\"https:\/\/www.jungsi.de\/blog\/wp-content\/uploads\/TerribleFire-TF330-Oberseite-1024x768.jpg 1024w, https:\/\/www.jungsi.de\/blog\/wp-content\/uploads\/TerribleFire-TF330-Oberseite-300x225.jpg 300w, https:\/\/www.jungsi.de\/blog\/wp-content\/uploads\/TerribleFire-TF330-Oberseite.jpg 1400w\" sizes=\"auto, (max-width: 1024px) 100vw, 1024px\" \/><figcaption class=\"wp-element-caption\">TerribleFire TF330 <\/figcaption><\/figure>\n\n\n\n<figure class=\"wp-block-image size-large\"><img loading=\"lazy\" decoding=\"async\" width=\"1024\" height=\"768\" data-attachment-id=\"27825\" data-permalink=\"https:\/\/www.jungsi.de\/en\/konsolen\/commodore-amiga-cd32\/competition-pro-cd32-oberseite-schraeg\/\" data-orig-file=\"https:\/\/www.jungsi.de\/blog\/wp-content\/uploads\/Competition-Pro-CD32-Oberseite-schraeg.jpg\" data-orig-size=\"1400,1050\" data-comments-opened=\"1\" data-image-meta=\"{&quot;aperture&quot;:&quot;3.5&quot;,&quot;credit&quot;:&quot;&quot;,&quot;camera&quot;:&quot;Canon PowerShot SX260 HS&quot;,&quot;caption&quot;:&quot;&quot;,&quot;created_timestamp&quot;:&quot;1596545710&quot;,&quot;copyright&quot;:&quot;&quot;,&quot;focal_length&quot;:&quot;4.5&quot;,&quot;iso&quot;:&quot;1250&quot;,&quot;shutter_speed&quot;:&quot;0.05&quot;,&quot;title&quot;:&quot;&quot;,&quot;orientation&quot;:&quot;1&quot;}\" data-image-title=\"Competition Pro CD32 &amp;#8211; Oberseite schr\u00e4g\" data-image-description=\"&lt;p&gt;Competition Pro CD32&lt;\/p&gt;\" data-image-caption=\"&lt;p&gt;Competition Pro CD32&lt;\/p&gt;\" data-large-file=\"https:\/\/www.jungsi.de\/blog\/wp-content\/uploads\/Competition-Pro-CD32-Oberseite-schraeg-1024x768.jpg\" src=\"https:\/\/www.jungsi.de\/blog\/wp-content\/uploads\/Competition-Pro-CD32-Oberseite-schraeg-1024x768.jpg\" alt=\"Competition Pro CD32\" class=\"wp-image-27825\" srcset=\"https:\/\/www.jungsi.de\/blog\/wp-content\/uploads\/Competition-Pro-CD32-Oberseite-schraeg-1024x768.jpg 1024w, https:\/\/www.jungsi.de\/blog\/wp-content\/uploads\/Competition-Pro-CD32-Oberseite-schraeg-300x225.jpg 300w, https:\/\/www.jungsi.de\/blog\/wp-content\/uploads\/Competition-Pro-CD32-Oberseite-schraeg.jpg 1400w\" sizes=\"auto, (max-width: 1024px) 100vw, 1024px\" \/><figcaption class=\"wp-element-caption\">Competition Pro CD32<\/figcaption><\/figure>","protected":false},"excerpt":{"rendered":"<p>Commodore Amiga CD32 Commodore f\u00fchrte mit dem Amiga CD32 die erste 32-Bit-Spielkonsole auf dem europ\u00e4ischen Markt ein. Sie basierte auf einem modifizierten Amiga 1200-Mainboard, ausgestattet \u2026<\/p>","protected":false},"author":2,"featured_media":27825,"parent":18078,"menu_order":0,"comment_status":"closed","ping_status":"closed","template":"","meta":{"_lmt_disableupdate":"","_lmt_disable":"","ngg_post_thumbnail":0,"jetpack_post_was_ever_published":false,"footnotes":"","_links_to":"","_links_to_target":""},"class_list":["post-24070","page","type-page","status-publish","has-post-thumbnail","hentry"],"jetpack_shortlink":"https:\/\/wp.me\/P4eXvk-6ge","jetpack_sharing_enabled":true,"jetpack_likes_enabled":true,"jetpack-related-posts":[{"id":28256,"url":"https:\/\/www.jungsi.de\/en\/die-sammlung\/literatur\/commodore\/commodore-sonstige-literatur\/","url_meta":{"origin":24070,"position":0},"title":"Commodore sonstige Literatur","author":"Jungsi","date":"16. January 2023","format":false,"excerpt":"Commodore - Fachb\u00fccher Commodore - sonstige Zeitschriften Commodore - moderne Literatur Commodore \u2013 Fachb\u00fccher 3D-Konstruktion mit Giga-CAD Plus Amiga - Der Film Amiga 500 f\u00fcr Einsteiger Amiga Tips & Tricks AmigaBASIC Chip Sonderheft C64 Zeichnen und Gestalten Commodore 128 f\u00fcr Einsteiger Commodore 128 intern Commodore 1571 & 1570 Das Trainingsbuch\u2026","rel":"","context":"Similar post","block_context":{"text":"Similar post","link":""},"img":{"alt_text":"Back Into The Storm","src":"https:\/\/i0.wp.com\/www.jungsi.de\/blog\/wp-content\/uploads\/Back-Into-The-Storm.jpg?resize=350%2C200&ssl=1","width":350,"height":200,"srcset":"https:\/\/i0.wp.com\/www.jungsi.de\/blog\/wp-content\/uploads\/Back-Into-The-Storm.jpg?resize=350%2C200&ssl=1 1x, https:\/\/i0.wp.com\/www.jungsi.de\/blog\/wp-content\/uploads\/Back-Into-The-Storm.jpg?resize=525%2C300&ssl=1 1.5x, https:\/\/i0.wp.com\/www.jungsi.de\/blog\/wp-content\/uploads\/Back-Into-The-Storm.jpg?resize=700%2C400&ssl=1 2x, https:\/\/i0.wp.com\/www.jungsi.de\/blog\/wp-content\/uploads\/Back-Into-The-Storm.jpg?resize=1050%2C600&ssl=1 3x"},"classes":[]},{"id":28496,"url":"https:\/\/www.jungsi.de\/en\/heimcomputer\/commodore\/commodore-amiga\/","url_meta":{"origin":24070,"position":1},"title":"Commodore Amiga","author":"Jungsi","date":"17. January 2023","format":false,"excerpt":"Commodore Amiga Commodore Amiga 500 In Deutschland war dieser 16-Bit-Heimcomputer in den fr\u00fchen 90er Jahren sehr beliebt. Er verf\u00fcgt \u00fcber eine ansprechende, mausgesteuerte grafische Benutzeroberfl\u00e4che (GUI) mit einem Befehlszeilenprozessor und unterst\u00fctzt komplexe Multimedia-Operationen. Im Vergleich zum C64 bietet er eine leistungsst\u00e4rkere CPU, besseren Sound und erweiterte Grafikfunktionen. Der neue Motorola\u2026","rel":"","context":"Similar post","block_context":{"text":"Similar post","link":""},"img":{"alt_text":"A500-IDE","src":"https:\/\/i0.wp.com\/www.jungsi.de\/blog\/wp-content\/uploads\/A500-IDE.jpg?resize=350%2C200&ssl=1","width":350,"height":200,"srcset":"https:\/\/i0.wp.com\/www.jungsi.de\/blog\/wp-content\/uploads\/A500-IDE.jpg?resize=350%2C200&ssl=1 1x, https:\/\/i0.wp.com\/www.jungsi.de\/blog\/wp-content\/uploads\/A500-IDE.jpg?resize=525%2C300&ssl=1 1.5x, https:\/\/i0.wp.com\/www.jungsi.de\/blog\/wp-content\/uploads\/A500-IDE.jpg?resize=700%2C400&ssl=1 2x"},"classes":[]},{"id":7403,"url":"https:\/\/www.jungsi.de\/en\/heimcomputer\/commodore\/","url_meta":{"origin":24070,"position":2},"title":"Commodore","author":"Jungsi","date":"11. October 2014","format":false,"excerpt":"Commodore Commodore Business Machines (CBM) wurde 1954 von Jack Tramiel in Toronto, Kanada, urspr\u00fcnglich als Reparaturwerkstatt f\u00fcr Schreibmaschinen gegr\u00fcndet. Tramiel, ein Holocaust-\u00dcberlebender, hatte die Vision, erschwingliche Produkte f\u00fcr den Massenmarkt anzubieten. In den 1960er Jahren stieg Commodore in den Bereich der elektronischen Taschenrechner ein und erwarb 1976 MOS Technology, einen\u2026","rel":"","context":"Similar post","block_context":{"text":"Similar post","link":""},"img":{"alt_text":"","src":"https:\/\/i0.wp.com\/www.jungsi.de\/blog\/wp-content\/uploads\/c64_3.jpg?resize=350%2C200&ssl=1","width":350,"height":200,"srcset":"https:\/\/i0.wp.com\/www.jungsi.de\/blog\/wp-content\/uploads\/c64_3.jpg?resize=350%2C200&ssl=1 1x, https:\/\/i0.wp.com\/www.jungsi.de\/blog\/wp-content\/uploads\/c64_3.jpg?resize=525%2C300&ssl=1 1.5x"},"classes":[]},{"id":23220,"url":"https:\/\/www.jungsi.de\/en\/konsolen\/3do\/","url_meta":{"origin":24070,"position":3},"title":"3DO &#8211; Panasonic FZ-10","author":"Jungsi","date":"31. May 2019","format":false,"excerpt":"Panasonic FZ-10 - 3DO Panasonic FZ-10 Trip Hawkins, der ehemalige Chef von Electronic Arts, war der Pionier hinter dem 3DO. Er verfolgte das Ziel, mit dem CD-ROM-Laufwerk eine universelle Plattform f\u00fcr Spiele und Multimedia-Inhalte zu etablieren. Zu seinem Team geh\u00f6rten auch die ehemaligen Entwickler des Commodore Amiga und Atari Lynx,\u2026","rel":"","context":"Similar post","block_context":{"text":"Similar post","link":""},"img":{"alt_text":"Panasonic FZ-10","src":"https:\/\/i0.wp.com\/www.jungsi.de\/blog\/wp-content\/uploads\/FZ-10-1.jpg?resize=350%2C200&ssl=1","width":350,"height":200,"srcset":"https:\/\/i0.wp.com\/www.jungsi.de\/blog\/wp-content\/uploads\/FZ-10-1.jpg?resize=350%2C200&ssl=1 1x, https:\/\/i0.wp.com\/www.jungsi.de\/blog\/wp-content\/uploads\/FZ-10-1.jpg?resize=525%2C300&ssl=1 1.5x, https:\/\/i0.wp.com\/www.jungsi.de\/blog\/wp-content\/uploads\/FZ-10-1.jpg?resize=700%2C400&ssl=1 2x, https:\/\/i0.wp.com\/www.jungsi.de\/blog\/wp-content\/uploads\/FZ-10-1.jpg?resize=1050%2C600&ssl=1 3x, https:\/\/i0.wp.com\/www.jungsi.de\/blog\/wp-content\/uploads\/FZ-10-1.jpg?resize=1400%2C800&ssl=1 4x"},"classes":[]},{"id":27867,"url":"https:\/\/www.jungsi.de\/en\/die-sammlung\/literatur\/commodore\/","url_meta":{"origin":24070,"position":4},"title":"Commodore","author":"Jungsi","date":"14. January 2023","format":false,"excerpt":"Commodore Literatur Links zu anderer Commodore Literatur- 64er- Amiga Magazin- Amiga special- Sonstiges Commodore Original Literatur A500 Benutzerhandbuch Deutsch A2000 A500 Amiga Basic Deutsch Commodore 64 Bedienungshandbuch Commodore 64 MicroComputer Handbuch Commodore 128 Einf\u00fchrung Commodore 128D Einf\u00fchrung Commodore 128\/128D Bedienungshandbuch Commodore 128\/128D CP\/M-Modus Kapitel 7 Commodore 1530 Datassette Unit Operating\u2026","rel":"","context":"Similar post","block_context":{"text":"Similar post","link":""},"img":{"alt_text":"A500 Benutzerhandbuch Deutsch","src":"https:\/\/i0.wp.com\/www.jungsi.de\/blog\/wp-content\/uploads\/A500-Benutzerhandbuch-Deutsch.jpg?resize=350%2C200&ssl=1","width":350,"height":200,"srcset":"https:\/\/i0.wp.com\/www.jungsi.de\/blog\/wp-content\/uploads\/A500-Benutzerhandbuch-Deutsch.jpg?resize=350%2C200&ssl=1 1x, https:\/\/i0.wp.com\/www.jungsi.de\/blog\/wp-content\/uploads\/A500-Benutzerhandbuch-Deutsch.jpg?resize=525%2C300&ssl=1 1.5x, https:\/\/i0.wp.com\/www.jungsi.de\/blog\/wp-content\/uploads\/A500-Benutzerhandbuch-Deutsch.jpg?resize=700%2C400&ssl=1 2x, https:\/\/i0.wp.com\/www.jungsi.de\/blog\/wp-content\/uploads\/A500-Benutzerhandbuch-Deutsch.jpg?resize=1050%2C600&ssl=1 3x"},"classes":[]},{"id":29027,"url":"https:\/\/www.jungsi.de\/en\/die-sammlung\/literatur\/commodore\/amiga-magazin\/","url_meta":{"origin":24070,"position":5},"title":"Amiga Magazin","author":"Jungsi","date":"6. February 2023","format":false,"excerpt":"Amiga Magazin Amiga Magazin war das deutschsprachige Fachmagazin des Markt+Technik-Verlags rund um den Commodore Amiga: gestartet 1987, mit Schwerpunkt auf Anwendungen, Praxis-Tipps und Hardware (weniger auf Spiele) und zeitweise sehr umfangreichen Ausgaben. Ab 01\/1998 erschien es nicht mehr eigenst\u00e4ndig, sondern in reduzierter Form als Beilage der PCgo; die Reihe endete\u2026","rel":"","context":"Similar post","block_context":{"text":"Similar post","link":""},"img":{"alt_text":"Amiga 88 01","src":"https:\/\/i0.wp.com\/www.jungsi.de\/blog\/wp-content\/uploads\/Amiga-88_01.jpg?resize=350%2C200&ssl=1","width":350,"height":200,"srcset":"https:\/\/i0.wp.com\/www.jungsi.de\/blog\/wp-content\/uploads\/Amiga-88_01.jpg?resize=350%2C200&ssl=1 1x, https:\/\/i0.wp.com\/www.jungsi.de\/blog\/wp-content\/uploads\/Amiga-88_01.jpg?resize=525%2C300&ssl=1 1.5x, https:\/\/i0.wp.com\/www.jungsi.de\/blog\/wp-content\/uploads\/Amiga-88_01.jpg?resize=700%2C400&ssl=1 2x, https:\/\/i0.wp.com\/www.jungsi.de\/blog\/wp-content\/uploads\/Amiga-88_01.jpg?resize=1050%2C600&ssl=1 3x"},"classes":[]}],"_links":{"self":[{"href":"https:\/\/www.jungsi.de\/en\/wp-json\/wp\/v2\/pages\/24070","targetHints":{"allow":["GET"]}}],"collection":[{"href":"https:\/\/www.jungsi.de\/en\/wp-json\/wp\/v2\/pages"}],"about":[{"href":"https:\/\/www.jungsi.de\/en\/wp-json\/wp\/v2\/types\/page"}],"author":[{"embeddable":true,"href":"https:\/\/www.jungsi.de\/en\/wp-json\/wp\/v2\/users\/2"}],"replies":[{"embeddable":true,"href":"https:\/\/www.jungsi.de\/en\/wp-json\/wp\/v2\/comments?post=24070"}],"version-history":[{"count":0,"href":"https:\/\/www.jungsi.de\/en\/wp-json\/wp\/v2\/pages\/24070\/revisions"}],"up":[{"embeddable":true,"href":"https:\/\/www.jungsi.de\/en\/wp-json\/wp\/v2\/pages\/18078"}],"wp:featuredmedia":[{"embeddable":true,"href":"https:\/\/www.jungsi.de\/en\/wp-json\/wp\/v2\/media\/27825"}],"wp:attachment":[{"href":"https:\/\/www.jungsi.de\/en\/wp-json\/wp\/v2\/media?parent=24070"}],"curies":[{"name":"wp","href":"https:\/\/api.w.org\/{rel}","templated":true}]}}