{"id":23606,"date":"2019-11-03T18:31:25","date_gmt":"2019-11-03T17:31:25","guid":{"rendered":"https:\/\/www.jungsi.de\/?page_id=23606"},"modified":"2024-12-16T09:15:44","modified_gmt":"2024-12-16T08:15:44","slug":"thomson","status":"publish","type":"page","link":"https:\/\/www.jungsi.de\/en\/heimcomputer\/sonstige-hersteller\/thomson\/","title":{"rendered":"Thomson"},"content":{"rendered":"<p><\/p>\n\n\n\n<h1 class=\"wp-block-heading has-text-align-center\">Thomson<\/h1>\n\n\n\n<h2 class=\"wp-block-heading has-text-align-center\">Thomson TO7-70<\/h2>\n\n\n<div class=\"wp-block-image size-large wp-image-20210\">\n<figure class=\"aligncenter is-resized\"><img loading=\"lazy\" decoding=\"async\" width=\"1024\" height=\"768\" data-attachment-id=\"20210\" data-permalink=\"https:\/\/www.jungsi.de\/en\/thomson-to7-70-thomson\/thomson-to7-70\/\" data-orig-file=\"https:\/\/www.jungsi.de\/blog\/wp-content\/uploads\/Thomson-TO7-70.jpg\" data-orig-size=\"1400,1050\" data-comments-opened=\"1\" data-image-meta=\"{&quot;aperture&quot;:&quot;3.5&quot;,&quot;credit&quot;:&quot;&quot;,&quot;camera&quot;:&quot;Canon PowerShot SX260 HS&quot;,&quot;caption&quot;:&quot;&quot;,&quot;created_timestamp&quot;:&quot;1521061741&quot;,&quot;copyright&quot;:&quot;&quot;,&quot;focal_length&quot;:&quot;4.5&quot;,&quot;iso&quot;:&quot;1600&quot;,&quot;shutter_speed&quot;:&quot;0.066666666666667&quot;,&quot;title&quot;:&quot;&quot;,&quot;orientation&quot;:&quot;1&quot;}\" data-image-title=\"Thomson TO7-70\" data-image-description=\"&lt;p&gt;Thomson TO7-70&lt;\/p&gt;\" data-image-caption=\"&lt;p&gt;Thomson TO7-70 mit QUERTY Tastaturlayout&lt;\/p&gt;\" data-large-file=\"https:\/\/www.jungsi.de\/blog\/wp-content\/uploads\/Thomson-TO7-70-1024x768.jpg\" src=\"https:\/\/www.jungsi.de\/blog\/wp-content\/uploads\/Thomson-TO7-70-1024x768.jpg\" alt=\"Thomson TO7-70\" class=\"wp-image-20210\" style=\"width:819px;height:auto\" srcset=\"https:\/\/www.jungsi.de\/blog\/wp-content\/uploads\/Thomson-TO7-70-1024x768.jpg 1024w, https:\/\/www.jungsi.de\/blog\/wp-content\/uploads\/Thomson-TO7-70-300x225.jpg 300w, https:\/\/www.jungsi.de\/blog\/wp-content\/uploads\/Thomson-TO7-70.jpg 1400w\" sizes=\"auto, (max-width: 1024px) 100vw, 1024px\" \/><figcaption class=\"wp-element-caption\"><a href=\"https:\/\/www.jungsi.de\/en\/thomson-to7-70-thomson\/\" data-type=\"post\" data-id=\"20004\" target=\"_blank\" rel=\"noreferrer noopener\">Thomson TO7-70<\/a><\/figcaption><\/figure>\n<\/div>\n\n\n<p>Der Thomson TO7-70 wurde 1984 von der franz\u00f6sischen Firma Thomson SA entwickelt und auf den Markt gebracht. Er war eine verbesserte Version des urspr\u00fcnglichen TO7, der 1982 eingef\u00fchrt wurde. Der TO7-70 geh\u00f6rte zur Produktlinie der Thomson-Heimcomputer, die in den 1980er Jahren besonders in Frankreich weit verbreitet waren.<\/p>\n\n\n\n<p>Der TO7-70 wurde haupts\u00e4chlich f\u00fcr den Bildungssektor entwickelt, im Rahmen eines staatlichen Programms, das darauf abzielte, Computerkenntnisse in Schulen zu f\u00f6rdern. Er war mit einem Motorola 6809E-Prozessor ausgestattet und verf\u00fcgte \u00fcber 48 KB RAM, was eine Verdopplung des Speichers im Vergleich zum Vorg\u00e4ngermodell darstellte. Das Ger\u00e4t hatte auch eine verbesserte Grafikleistung und eine integrierte Programmiersprache, meist BASIC, was ihn besonders f\u00fcr Bildungszwecke geeignet machte.<\/p>\n\n\n\n<p>Der TO7-70 war bekannt f\u00fcr seinen innovativen Lichtgriffel, ein fr\u00fches Zeigeger\u00e4t, das es Nutzern erm\u00f6glichte, direkt auf dem Bildschirm zu zeichnen oder Eingaben zu machen. Trotz seiner technologischen Innovationen war der TO7-70 au\u00dferhalb Frankreichs weniger erfolgreich, trug jedoch wesentlich zur Verbreitung von Computerkenntnissen in franz\u00f6sischen Schulen bei.<\/p>\n\n\n\n<table id=\"tablepress-275\" class=\"tablepress tablepress-id-275\">\n<tbody class=\"row-striping row-hover\">\n<tr class=\"row-1\">\n\t<td class=\"column-1\"><strong>Erscheinungsjahr:<\/strong><\/td><td class=\"column-2\">1985<\/td>\n<\/tr>\n<tr class=\"row-2\">\n\t<td class=\"column-1\"><strong>Prozessor:<\/strong><\/td><td class=\"column-2\">Motoral 6809E<\/td>\n<\/tr>\n<tr class=\"row-3\">\n\t<td class=\"column-1\"><strong>Taktfrequenz:<\/strong><\/td><td class=\"column-2\">1 MHz<\/td>\n<\/tr>\n<tr class=\"row-4\">\n\t<td class=\"column-1\"><strong>RAM:<\/strong><\/td><td class=\"column-2\">48 KByte (erweiterbar bis 128 KByte)<\/td>\n<\/tr>\n<tr class=\"row-5\">\n\t<td class=\"column-1\"><strong>ROM:<\/strong><\/td><td class=\"column-2\">22 KByte<\/td>\n<\/tr>\n<tr class=\"row-6\">\n\t<td class=\"column-1\"><strong>Betriebssystem:<\/strong><\/td><td class=\"column-2\">TO7-eigenes, mit Lightpenunterst\u00fctzung, kein Basic im ROM<\/td>\n<\/tr>\n<tr class=\"row-7\">\n\t<td class=\"column-1\"><strong>Grafikchip:<\/strong><\/td><td class=\"column-2\">&#8211;<\/td>\n<\/tr>\n<tr class=\"row-8\">\n\t<td class=\"column-1\"><strong>Textmodus:<\/strong><\/td><td class=\"column-2\">40 x 25<\/td>\n<\/tr>\n<tr class=\"row-9\">\n\t<td class=\"column-1\"><strong>Grafikmodi:<\/strong><\/td><td class=\"column-2\">320 x 200<\/td>\n<\/tr>\n<tr class=\"row-10\">\n\t<td class=\"column-1\"><strong>Farben:<\/strong><\/td><td class=\"column-2\">16<\/td>\n<\/tr>\n<tr class=\"row-11\">\n\t<td class=\"column-1\"><strong>Soundchip:<\/strong><\/td><td class=\"column-2\">&#8211;<\/td>\n<\/tr>\n<tr class=\"row-12\">\n\t<td class=\"column-1\"><strong>Sound:<\/strong><\/td><td class=\"column-2\">ein Kanal, 5 Oktaven (7 Oktaven, 3 Kan\u00e4le mit Joystick-Erweiterung)<\/td>\n<\/tr>\n<tr class=\"row-13\">\n\t<td class=\"column-1\"><strong>Tastatur:<\/strong><\/td><td class=\"column-2\">Schreibmaschine, 58 Tasten + Reset-Taste, QWERTY<\/td>\n<\/tr>\n<tr class=\"row-14\">\n\t<td class=\"column-1\"><strong>Laufwerk:<\/strong><\/td><td class=\"column-2\">Modulschacht<\/td>\n<\/tr>\n<tr class=\"row-15\">\n\t<td class=\"column-1\"><strong>I\/O:<\/strong><\/td><td class=\"column-2\">Scart-AV-Ausgang, 4 Platinenports auf Rueckseite, 1 Runder 5poliger Stecker auf Seite<\/td>\n<\/tr>\n<\/tbody>\n<\/table>\n<!-- #tablepress-275 from cache -->\n\n\n<hr class=\"wp-block-separator has-alpha-channel-opacity\"\/>\n\n\n\n<h2 class=\"wp-block-heading has-text-align-center\">Thomson TO8<\/h2>\n\n\n<div class=\"wp-block-image\">\n<figure class=\"aligncenter size-large is-resized\"><img decoding=\"async\" src=\"https:\/\/www.jungsi.de\/blog\/wp-content\/uploads\/Thomson-TO8-Oberseite-1-1024x768.jpg\" alt=\"\" class=\"wp-image-29884\" style=\"width:819px;height:auto\"\/><figcaption class=\"wp-element-caption\"><a href=\"https:\/\/www.jungsi.de\/en\/thomson-to8-thomson\/\" data-type=\"post\" data-id=\"29852\" target=\"_blank\" rel=\"noreferrer noopener\">Thomson TO8<\/a><\/figcaption><\/figure>\n<\/div>\n\n\n<p>Der Thomson TO8 ist ein Heimcomputer, der 1986 von der franz\u00f6sischen Firma Thomson SA als Nachfolger des TO7-70 auf den Markt gebracht wurde. Der TO8 geh\u00f6rte zur Familie der Thomson-Mikrocomputer, die in den 1980er Jahren vor allem in Frankreich weit verbreitet waren, insbesondere im Bildungsbereich.<\/p>\n\n\n\n<p>Der TO8 bot gegen\u00fcber dem TO7-70 mehrere Verbesserungen. Er war mit einem Motorola 6809E-Prozessor ausgestattet und verf\u00fcgte \u00fcber 256 KB RAM, was eine deutliche Steigerung im Vergleich zu den Vorg\u00e4ngermodellen darstellte. Der Speicher konnte zudem auf bis zu 768 KB erweitert werden. Der TO8 hatte eine verbesserte Grafikleistung und unterst\u00fctzte eine h\u00f6here Aufl\u00f6sung und mehr Farben. Ein weiteres Highlight war das eingebaute 3,5-Zoll-Diskettenlaufwerk, das das Speichern und Laden von Daten erleichterte.<\/p>\n\n\n\n<p>Der TO8 war abw\u00e4rtskompatibel zu den Programmen des TO7 und TO7-70, was den Nutzern den \u00dcbergang zu dem neuen Modell erleichterte. Er wurde vor allem im Bildungsbereich genutzt, wo Thomson-Computer aufgrund staatlicher F\u00f6rderprogramme weit verbreitet waren. Trotz dieser Vorteile blieb der TO8 wie die anderen Thomson-Computer weitgehend auf den franz\u00f6sischen Markt beschr\u00e4nkt und erreichte international nicht die gleiche Popularit\u00e4t wie andere Heimcomputer dieser \u00c4ra.<\/p>\n\n\n\n<h2 class=\"wp-block-heading has-text-align-center\"><strong>Zubeh\u00f6r<\/strong><\/h2>\n\n\n\n<figure class=\"wp-block-gallery has-nested-images columns-default is-cropped is-style-rectangular wp-block-gallery-1 is-layout-flex wp-block-gallery-is-layout-flex\">\n<figure class=\"wp-block-image size-large\"><img loading=\"lazy\" decoding=\"async\" width=\"1024\" height=\"768\" data-attachment-id=\"23610\" data-permalink=\"https:\/\/www.jungsi.de\/en\/heimcomputer\/sonstige-hersteller\/thomson\/sddrive\/\" data-orig-file=\"https:\/\/www.jungsi.de\/blog\/wp-content\/uploads\/SDDRIVE.jpg\" data-orig-size=\"1400,1050\" data-comments-opened=\"1\" data-image-meta=\"{&quot;aperture&quot;:&quot;3.5&quot;,&quot;credit&quot;:&quot;&quot;,&quot;camera&quot;:&quot;Canon PowerShot SX260 HS&quot;,&quot;caption&quot;:&quot;&quot;,&quot;created_timestamp&quot;:&quot;1558211134&quot;,&quot;copyright&quot;:&quot;&quot;,&quot;focal_length&quot;:&quot;4.5&quot;,&quot;iso&quot;:&quot;1000&quot;,&quot;shutter_speed&quot;:&quot;0.05&quot;,&quot;title&quot;:&quot;&quot;,&quot;orientation&quot;:&quot;1&quot;}\" data-image-title=\"SDDRIVE\" data-image-description=\"&lt;p&gt;SDDRIVE&lt;\/p&gt;\" data-image-caption=\"&lt;p&gt;SDDRIVE&lt;\/p&gt;\" data-large-file=\"https:\/\/www.jungsi.de\/blog\/wp-content\/uploads\/SDDRIVE-1024x768.jpg\" data-id=\"23610\" src=\"https:\/\/www.jungsi.de\/blog\/wp-content\/uploads\/SDDRIVE-1024x768.jpg\" alt=\"\" class=\"wp-image-23610\" srcset=\"https:\/\/www.jungsi.de\/blog\/wp-content\/uploads\/SDDRIVE-1024x768.jpg 1024w, https:\/\/www.jungsi.de\/blog\/wp-content\/uploads\/SDDRIVE-300x225.jpg 300w, https:\/\/www.jungsi.de\/blog\/wp-content\/uploads\/SDDRIVE.jpg 1400w\" sizes=\"auto, (max-width: 1024px) 100vw, 1024px\" \/><figcaption class=\"wp-element-caption\"><a href=\"https:\/\/www.jungsi.de\/en\/sddrive-thomson\/\" data-type=\"post\" data-id=\"23353\" target=\"_blank\" rel=\"noreferrer noopener\">SDDRIVE<\/a><\/figcaption><\/figure>\n\n\n\n<figure class=\"wp-block-image size-large\"><img loading=\"lazy\" decoding=\"async\" width=\"1024\" height=\"768\" data-attachment-id=\"28306\" data-permalink=\"https:\/\/www.jungsi.de\/en\/heimcomputer\/sonstige-hersteller\/thomson\/programm-rekorder-oberseite\/\" data-orig-file=\"https:\/\/www.jungsi.de\/blog\/wp-content\/uploads\/Programm-Rekorder-Oberseite.jpg\" data-orig-size=\"1400,1050\" data-comments-opened=\"1\" data-image-meta=\"{&quot;aperture&quot;:&quot;1.8&quot;,&quot;credit&quot;:&quot;&quot;,&quot;camera&quot;:&quot;iPad Pro (12.9-inch) (4th generation)&quot;,&quot;caption&quot;:&quot;&quot;,&quot;created_timestamp&quot;:&quot;1667652731&quot;,&quot;copyright&quot;:&quot;&quot;,&quot;focal_length&quot;:&quot;3&quot;,&quot;iso&quot;:&quot;320&quot;,&quot;shutter_speed&quot;:&quot;0.04&quot;,&quot;title&quot;:&quot;&quot;,&quot;orientation&quot;:&quot;1&quot;}\" data-image-title=\"Programm-Rekorder &amp;#8211; Oberseite\" data-image-description=\"&lt;p&gt;Programm-Rekorder &lt;\/p&gt;\" data-image-caption=\"&lt;p&gt;Programm-Rekorder &lt;\/p&gt;\" data-large-file=\"https:\/\/www.jungsi.de\/blog\/wp-content\/uploads\/Programm-Rekorder-Oberseite-1024x768.jpg\" data-id=\"28306\" src=\"https:\/\/www.jungsi.de\/blog\/wp-content\/uploads\/Programm-Rekorder-Oberseite-1024x768.jpg\" alt=\"Programm-Rekorder \" class=\"wp-image-28306\" srcset=\"https:\/\/www.jungsi.de\/blog\/wp-content\/uploads\/Programm-Rekorder-Oberseite-1024x768.jpg 1024w, https:\/\/www.jungsi.de\/blog\/wp-content\/uploads\/Programm-Rekorder-Oberseite-300x225.jpg 300w, https:\/\/www.jungsi.de\/blog\/wp-content\/uploads\/Programm-Rekorder-Oberseite.jpg 1400w\" sizes=\"auto, (max-width: 1024px) 100vw, 1024px\" \/><figcaption class=\"wp-element-caption\">Programm-Rekorder <\/figcaption><\/figure>\n\n\n\n<figure class=\"wp-block-image size-large\"><img decoding=\"async\" data-id=\"32210\" src=\"https:\/\/www.jungsi.de\/blog\/wp-content\/uploads\/Megarom-T.2-Oberseite-1-1024x768.jpg\" alt=\"\" class=\"wp-image-32210\"\/><figcaption class=\"wp-element-caption\">Megarom T.2<\/figcaption><\/figure>\n<\/figure>","protected":false},"excerpt":{"rendered":"<p>Thomson Thomson TO7-70 Der Thomson TO7-70 wurde 1984 von der franz\u00f6sischen Firma Thomson SA entwickelt und auf den Markt gebracht. Er war eine verbesserte Version \u2026<\/p>","protected":false},"author":2,"featured_media":23610,"parent":27729,"menu_order":0,"comment_status":"closed","ping_status":"closed","template":"","meta":{"_lmt_disableupdate":"","_lmt_disable":"","ngg_post_thumbnail":0,"jetpack_post_was_ever_published":false,"footnotes":"","_links_to":"","_links_to_target":""},"class_list":["post-23606","page","type-page","status-publish","has-post-thumbnail","hentry"],"jetpack_shortlink":"https:\/\/wp.me\/P4eXvk-68K","jetpack_sharing_enabled":true,"jetpack_likes_enabled":true,"jetpack-related-posts":[{"id":27893,"url":"https:\/\/www.jungsi.de\/en\/die-sammlung\/literatur\/sonstige\/","url_meta":{"origin":23606,"position":0},"title":"Sonstige","author":"Jungsi","date":"14. January 2023","format":false,"excerpt":"Sonstige 8 bit Annual 2018 8 Bit Annual 2019 Basic - Alles \u00fcber PEEK und POKE Basic - Betriebsprogramme f\u00fcr den Funkamateur Basic - HF-Rechenprogramme Basic - Mathematik per Computer Basic - Matrix-Operationen Basic f\u00fcr Aufsteiger Basic f\u00fcr Mikrocomputer BASIC in 100 Beispielen Chip Special - Bauanleitungen f\u00fcr Microcomputer Compute\u2026","rel":"","context":"Similar post","block_context":{"text":"Similar post","link":""},"img":{"alt_text":"BASIC in 100 Beispielen","src":"https:\/\/i0.wp.com\/www.jungsi.de\/blog\/wp-content\/uploads\/BASIC-in-100-Beispielen.jpg?resize=350%2C200&ssl=1","width":350,"height":200,"srcset":"https:\/\/i0.wp.com\/www.jungsi.de\/blog\/wp-content\/uploads\/BASIC-in-100-Beispielen.jpg?resize=350%2C200&ssl=1 1x, https:\/\/i0.wp.com\/www.jungsi.de\/blog\/wp-content\/uploads\/BASIC-in-100-Beispielen.jpg?resize=525%2C300&ssl=1 1.5x"},"classes":[]},{"id":27729,"url":"https:\/\/www.jungsi.de\/en\/heimcomputer\/sonstige-hersteller\/","url_meta":{"origin":23606,"position":1},"title":"Sonstige Hersteller","author":"Jungsi","date":"13. January 2023","format":false,"excerpt":"Sonstige Hersteller Hier sind alle Hersteller aufgelistet, von denen ich nicht mehrere Ger\u00e4te besitze. Diese sind eher als Exoten anzusehen und waren zum Teil auf dem deutschen Markt eher unbekannt. Trotzdem sind alle Ger\u00e4te aus historischer Sicht als wichtig zu betrachten. Dragon Enterprise Sharp Texas Instruments Thomson","rel":"","context":"Similar post","block_context":{"text":"Similar post","link":""},"img":{"alt_text":"","src":"","width":0,"height":0},"classes":[]},{"id":12379,"url":"https:\/\/www.jungsi.de\/en\/spiele\/sonstige-spiele\/","url_meta":{"origin":23606,"position":2},"title":"Sonstige Spiele\/Software","author":"Jungsi","date":"15. January 2016","format":false,"excerpt":"Sonstige Spiele\/Software Da ich f\u00fcr die folgenden Systeme weniger als 10 Spiele bzw. Software besitze, werden diese nicht auf einer eigenen Seite pr\u00e4sentiert. Amstrad GX4000 Atari 7800 Apple IIe Bandai WonderSwan Color MSX Sharp MZ SNK Neo Geo AES SNK Neo Geo Pocket Thomson Acorn BBC Micro Attack On Alpha\u2026","rel":"","context":"Similar post","block_context":{"text":"Similar post","link":""},"img":{"alt_text":"Football - Atari XL","src":"https:\/\/i0.wp.com\/www.jungsi.de\/blog\/wp-content\/uploads\/football-atari-xl.jpg?resize=350%2C200&ssl=1","width":350,"height":200,"srcset":"https:\/\/i0.wp.com\/www.jungsi.de\/blog\/wp-content\/uploads\/football-atari-xl.jpg?resize=350%2C200&ssl=1 1x, https:\/\/i0.wp.com\/www.jungsi.de\/blog\/wp-content\/uploads\/football-atari-xl.jpg?resize=525%2C300&ssl=1 1.5x, https:\/\/i0.wp.com\/www.jungsi.de\/blog\/wp-content\/uploads\/football-atari-xl.jpg?resize=700%2C400&ssl=1 2x"},"classes":[]},{"id":28336,"url":"https:\/\/www.jungsi.de\/en\/die-sammlung\/literatur\/retro\/","url_meta":{"origin":23606,"position":3},"title":"Retro","author":"Jungsi","date":"16. January 2023","format":false,"excerpt":"Retro RETRO (Deutschland) ist ein deutschsprachiges Videospiel-\/Computerkultur-Magazin, das Ende 2006 im CSW-Verlag startete (teils quartalsweise, mit Schwerpunktthemen und Retro-Hardware\/-Spiele-Geschichten; zeitweise mit Heft-CD). Inhaltlich versteht sich RETRO als Magazin zur Kultur- und Technikgeschichte digitaler Medien. 2023\/24 wechselte die Marke laut Community-Hinweisen von CSW zum Dienstleister Print Medien Dienst (PMD); CSW bietet\u2026","rel":"","context":"Similar post","block_context":{"text":"Similar post","link":""},"img":{"alt_text":"Retro #25","src":"https:\/\/i0.wp.com\/www.jungsi.de\/blog\/wp-content\/uploads\/Retro-25.jpg?resize=350%2C200&ssl=1","width":350,"height":200,"srcset":"https:\/\/i0.wp.com\/www.jungsi.de\/blog\/wp-content\/uploads\/Retro-25.jpg?resize=350%2C200&ssl=1 1x, https:\/\/i0.wp.com\/www.jungsi.de\/blog\/wp-content\/uploads\/Retro-25.jpg?resize=525%2C300&ssl=1 1.5x, https:\/\/i0.wp.com\/www.jungsi.de\/blog\/wp-content\/uploads\/Retro-25.jpg?resize=700%2C400&ssl=1 2x, https:\/\/i0.wp.com\/www.jungsi.de\/blog\/wp-content\/uploads\/Retro-25.jpg?resize=1050%2C600&ssl=1 3x"},"classes":[]},{"id":37,"url":"https:\/\/www.jungsi.de\/en\/und-mehr\/bikes\/kawasaki-zzr-1200\/","url_meta":{"origin":23606,"position":4},"title":"Kawasaki ZZR 1200","author":"Jungsi","date":"6. November 2008","format":false,"excerpt":"Kawasaki ZZR 1200 Im April 2002 war es endlich so weit: Die ZZR-1200 wurde beim H\u00e4ndler angeliefert. Nach den ersten Kilometern kehrte ich aufgrund einer stark vibrierenden Verkleidungsscheibe zur Werkstatt zur\u00fcck. Beim zweiten Besuch l\u00f6ste der Mechaniker das Problem dank seines Improvisationstalents.Zur Leistung der Maschine l\u00e4sst sich nur sagen: Wow.\u2026","rel":"","context":"In &quot;Allgemein&quot;","block_context":{"text":"Allgemein","link":"https:\/\/www.jungsi.de\/en\/category\/allgemein\/"},"img":{"alt_text":"","src":"https:\/\/i0.wp.com\/www.jungsi.de\/blog\/wp-content\/uploads\/2008\/11\/zzr126blu.jpg?resize=350%2C200&ssl=1","width":350,"height":200,"srcset":"https:\/\/i0.wp.com\/www.jungsi.de\/blog\/wp-content\/uploads\/2008\/11\/zzr126blu.jpg?resize=350%2C200&ssl=1 1x, https:\/\/i0.wp.com\/www.jungsi.de\/blog\/wp-content\/uploads\/2008\/11\/zzr126blu.jpg?resize=525%2C300&ssl=1 1.5x"},"classes":[]},{"id":28339,"url":"https:\/\/www.jungsi.de\/en\/die-sammlung\/literatur\/sonstige\/computer-kurs\/","url_meta":{"origin":23606,"position":5},"title":"Computer Kurs","author":"Jungsi","date":"16. January 2023","format":false,"excerpt":"computer kurs computer kurs (Schreibweise variierte) war ein w\u00f6chentliches \u201ePartwork\u201c-Sammelwerk der fr\u00fchen\/mittleren 1980er: die deutschsprachige Adaption von Orbis\u2019 The Home Computer Course (1983\/84) und des Nachfolgers The Home Computer Advanced Course (1984\/85). Die Hefte wurden in Sammelordnern abgelegt und vermittelten Grundlagen der Heim- und Personalcomputer, Programmierkurse (BASIC\/Maschinensprache), Hardware-Erkl\u00e4rungen und Anwendungsbeispiele\u2026","rel":"","context":"Similar post","block_context":{"text":"Similar post","link":""},"img":{"alt_text":"Computer Kurs 01","src":"https:\/\/i0.wp.com\/www.jungsi.de\/blog\/wp-content\/uploads\/Computer-Kurs-01.jpg?resize=350%2C200&ssl=1","width":350,"height":200,"srcset":"https:\/\/i0.wp.com\/www.jungsi.de\/blog\/wp-content\/uploads\/Computer-Kurs-01.jpg?resize=350%2C200&ssl=1 1x, https:\/\/i0.wp.com\/www.jungsi.de\/blog\/wp-content\/uploads\/Computer-Kurs-01.jpg?resize=525%2C300&ssl=1 1.5x, https:\/\/i0.wp.com\/www.jungsi.de\/blog\/wp-content\/uploads\/Computer-Kurs-01.jpg?resize=700%2C400&ssl=1 2x, https:\/\/i0.wp.com\/www.jungsi.de\/blog\/wp-content\/uploads\/Computer-Kurs-01.jpg?resize=1050%2C600&ssl=1 3x"},"classes":[]}],"_links":{"self":[{"href":"https:\/\/www.jungsi.de\/en\/wp-json\/wp\/v2\/pages\/23606","targetHints":{"allow":["GET"]}}],"collection":[{"href":"https:\/\/www.jungsi.de\/en\/wp-json\/wp\/v2\/pages"}],"about":[{"href":"https:\/\/www.jungsi.de\/en\/wp-json\/wp\/v2\/types\/page"}],"author":[{"embeddable":true,"href":"https:\/\/www.jungsi.de\/en\/wp-json\/wp\/v2\/users\/2"}],"replies":[{"embeddable":true,"href":"https:\/\/www.jungsi.de\/en\/wp-json\/wp\/v2\/comments?post=23606"}],"version-history":[{"count":0,"href":"https:\/\/www.jungsi.de\/en\/wp-json\/wp\/v2\/pages\/23606\/revisions"}],"up":[{"embeddable":true,"href":"https:\/\/www.jungsi.de\/en\/wp-json\/wp\/v2\/pages\/27729"}],"wp:featuredmedia":[{"embeddable":true,"href":"https:\/\/www.jungsi.de\/en\/wp-json\/wp\/v2\/media\/23610"}],"wp:attachment":[{"href":"https:\/\/www.jungsi.de\/en\/wp-json\/wp\/v2\/media?parent=23606"}],"curies":[{"name":"wp","href":"https:\/\/api.w.org\/{rel}","templated":true}]}}