{"id":23546,"date":"2019-11-03T18:51:37","date_gmt":"2019-11-03T17:51:37","guid":{"rendered":"https:\/\/www.jungsi.de\/?page_id=23546"},"modified":"2026-03-28T18:37:38","modified_gmt":"2026-03-28T17:37:38","slug":"atari-7800","status":"publish","type":"page","link":"https:\/\/www.jungsi.de\/en\/konsolen\/atari-konsolen\/atari-7800\/","title":{"rendered":"Atari 7800"},"content":{"rendered":"<p><\/p>\n\n\n\n<h2 class=\"wp-block-heading has-text-align-center\"><strong>Atari 7800<\/strong><\/h2>\n\n\n\n<figure class=\"wp-block-image size-large\"><img loading=\"lazy\" decoding=\"async\" width=\"1024\" height=\"768\" data-attachment-id=\"23565\" data-permalink=\"https:\/\/www.jungsi.de\/en\/atari-7800-atari\/atari-7800-seitlich\/\" data-orig-file=\"https:\/\/www.jungsi.de\/blog\/wp-content\/uploads\/Atari-7800-seitlich.jpg\" data-orig-size=\"1400,1050\" data-comments-opened=\"1\" data-image-meta=\"{&quot;aperture&quot;:&quot;3.5&quot;,&quot;credit&quot;:&quot;&quot;,&quot;camera&quot;:&quot;Canon PowerShot SX260 HS&quot;,&quot;caption&quot;:&quot;&quot;,&quot;created_timestamp&quot;:&quot;1561582221&quot;,&quot;copyright&quot;:&quot;&quot;,&quot;focal_length&quot;:&quot;4.5&quot;,&quot;iso&quot;:&quot;800&quot;,&quot;shutter_speed&quot;:&quot;0.05&quot;,&quot;title&quot;:&quot;&quot;,&quot;orientation&quot;:&quot;1&quot;}\" data-image-title=\"Atari 7800 &amp;#8211; seitlich\" data-image-description=\"&lt;p&gt;Atari 7800&lt;\/p&gt;\" data-image-caption=\"&lt;p&gt;Atari 7800&lt;\/p&gt;\" data-large-file=\"https:\/\/www.jungsi.de\/blog\/wp-content\/uploads\/Atari-7800-seitlich-1024x768.jpg\" src=\"https:\/\/www.jungsi.de\/blog\/wp-content\/uploads\/Atari-7800-seitlich-1024x768.jpg\" alt=\"\" class=\"wp-image-23565\" srcset=\"https:\/\/www.jungsi.de\/blog\/wp-content\/uploads\/Atari-7800-seitlich-1024x768.jpg 1024w, https:\/\/www.jungsi.de\/blog\/wp-content\/uploads\/Atari-7800-seitlich-300x225.jpg 300w, https:\/\/www.jungsi.de\/blog\/wp-content\/uploads\/Atari-7800-seitlich.jpg 1400w\" sizes=\"auto, (max-width: 1024px) 100vw, 1024px\" \/><figcaption class=\"wp-element-caption\">Atari 7800<\/figcaption><\/figure>\n\n\n\n<p>Die Geschichte dieser Konsole ist lang, denn ihre Entwicklung begann bereits im Herbst 1982, als das Atari VCS 2600 noch verkauft wurde. Nach dem wenig erfolgreichen Atari 5200, das m\u00f6glicherweise an der fehlenden Kompatibilit\u00e4t mit dem VCS litt, wurde das Atari 7800 im Mai 1984 auf einer Pressekonferenz vorgestellt. Zu dieser Zeit befand sich Atari in Schwierigkeiten, und Warner Communications, der damalige Eigent\u00fcmer, verkaufte das Unternehmen an Jack Tramiel, den Gr\u00fcnder von Commodore. Tramiel setzte die Konsole zun\u00e4chst aus und nahm den Verkauf erst 1986 wieder auf. In der Zwischenzeit dominierte das 1985 eingef\u00fchrte NES den Markt. In Europa kam das 7800 erst 1989 in die L\u00e4den, wurde aber dennoch bis 1993 produziert. Bedauerlicherweise wurde der optimale Zeitpunkt f\u00fcr die Ver\u00f6ffentlichung verpasst, obwohl das Ger\u00e4t gro\u00dfes Potenzial hatte, insbesondere wegen seiner Abw\u00e4rtskompatibilit\u00e4t mit den Atari 2600-Modulen.<\/p>\n\n\n\n<table id=\"tablepress-276\" class=\"tablepress tablepress-id-276\">\n<tbody class=\"row-striping row-hover\">\n<tr class=\"row-1\">\n\t<td class=\"column-1\"><strong>Ver\u00f6ffentlichung:<\/strong><\/td><td class=\"column-2\">1984\/1989<\/td>\n<\/tr>\n<tr class=\"row-2\">\n\t<td class=\"column-1\"><strong>Verkaufte<br \/>\nEinheiten:<\/strong><\/td><td class=\"column-2\">2.000.000<\/td>\n<\/tr>\n<tr class=\"row-3\">\n\t<td class=\"column-1\"><strong>Prozessor:<\/strong><\/td><td class=\"column-2\">Atari SALLY 1,79 Mhz<\/td>\n<\/tr>\n<tr class=\"row-4\">\n\t<td class=\"column-1\"><strong>Video:<\/strong><\/td><td class=\"column-2\">GCC-1702B \u201eMaria\u201c<\/td>\n<\/tr>\n<tr class=\"row-5\">\n\t<td class=\"column-1\"><strong>Audio:<\/strong><\/td><td class=\"column-2\">Atari TIA mit 2 PSG<\/td>\n<\/tr>\n<tr class=\"row-6\">\n\t<td class=\"column-1\"><strong>RAM:<\/strong><\/td><td class=\"column-2\">4 kB<\/td>\n<\/tr>\n<tr class=\"row-7\">\n\t<td class=\"column-1\"><strong>Farben:\u00a0<\/strong><\/td><td class=\"column-2\">256 (16 gleichzeitig)<\/td>\n<\/tr>\n<tr class=\"row-8\">\n\t<td class=\"column-1\"><strong>Aufl\u00f6sung:<\/strong><\/td><td class=\"column-2\">320 x 200<\/td>\n<\/tr>\n<\/tbody>\n<\/table>\n<!-- #tablepress-276 from cache -->\n\n\n<p class=\"has-text-align-center\"><strong>Zubeh\u00f6r<\/strong><\/p>\n\n\n<div class=\"wp-block-image\">\n<figure class=\"aligncenter size-large\"><img loading=\"lazy\" decoding=\"async\" width=\"576\" height=\"1024\" data-attachment-id=\"29351\" data-permalink=\"https:\/\/www.jungsi.de\/en\/dragonfly-atari-7800\/dragonfly-vorderseite\/\" data-orig-file=\"https:\/\/www.jungsi.de\/blog\/wp-content\/uploads\/Dragonfly-Vorderseite.jpg\" data-orig-size=\"788,1400\" data-comments-opened=\"1\" data-image-meta=\"{&quot;aperture&quot;:&quot;5.6&quot;,&quot;credit&quot;:&quot;&quot;,&quot;camera&quot;:&quot;DMC-G70&quot;,&quot;caption&quot;:&quot;&quot;,&quot;created_timestamp&quot;:&quot;1617356795&quot;,&quot;copyright&quot;:&quot;&quot;,&quot;focal_length&quot;:&quot;28&quot;,&quot;iso&quot;:&quot;1600&quot;,&quot;shutter_speed&quot;:&quot;0.04&quot;,&quot;title&quot;:&quot;&quot;,&quot;orientation&quot;:&quot;1&quot;}\" data-image-title=\"Dragonfly\" data-image-description=\"&lt;p&gt;Dragonfly&lt;\/p&gt;\" data-image-caption=\"&lt;p&gt;Dragonfly&lt;\/p&gt;\" data-large-file=\"https:\/\/www.jungsi.de\/blog\/wp-content\/uploads\/Dragonfly-Vorderseite-576x1024.jpg\" src=\"https:\/\/www.jungsi.de\/blog\/wp-content\/uploads\/Dragonfly-Vorderseite-576x1024.jpg\" alt=\"Dragonfly\" class=\"wp-image-29351\" srcset=\"https:\/\/www.jungsi.de\/blog\/wp-content\/uploads\/Dragonfly-Vorderseite-576x1024.jpg 576w, https:\/\/www.jungsi.de\/blog\/wp-content\/uploads\/Dragonfly-Vorderseite-169x300.jpg 169w, https:\/\/www.jungsi.de\/blog\/wp-content\/uploads\/Dragonfly-Vorderseite.jpg 788w\" sizes=\"auto, (max-width: 576px) 100vw, 576px\" \/><figcaption class=\"wp-element-caption\">Dragonfly<\/figcaption><\/figure>\n<\/div>\n\n\n<figure class=\"wp-block-image size-large\"><img loading=\"lazy\" decoding=\"async\" width=\"1024\" height=\"576\" data-attachment-id=\"25135\" data-permalink=\"https:\/\/www.jungsi.de\/en\/game-drive-atari-jaguar\/game-drive\/\" data-orig-file=\"https:\/\/www.jungsi.de\/blog\/wp-content\/uploads\/Game-Drive.png\" data-orig-size=\"1400,788\" data-comments-opened=\"1\" data-image-meta=\"{&quot;aperture&quot;:&quot;0&quot;,&quot;credit&quot;:&quot;&quot;,&quot;camera&quot;:&quot;&quot;,&quot;caption&quot;:&quot;&quot;,&quot;created_timestamp&quot;:&quot;0&quot;,&quot;copyright&quot;:&quot;&quot;,&quot;focal_length&quot;:&quot;0&quot;,&quot;iso&quot;:&quot;0&quot;,&quot;shutter_speed&quot;:&quot;0&quot;,&quot;title&quot;:&quot;&quot;,&quot;orientation&quot;:&quot;0&quot;}\" data-image-title=\"Game Drive\" data-image-description=\"&lt;p&gt;Game Drive&lt;\/p&gt;\" data-image-caption=\"&lt;p&gt;Game Drive&lt;\/p&gt;\" data-large-file=\"https:\/\/www.jungsi.de\/blog\/wp-content\/uploads\/Game-Drive-1024x576.png\" src=\"https:\/\/www.jungsi.de\/blog\/wp-content\/uploads\/Game-Drive-1024x576.png\" alt=\"Game Drive\" class=\"wp-image-25135\" srcset=\"https:\/\/www.jungsi.de\/blog\/wp-content\/uploads\/Game-Drive-1024x576.png 1024w, https:\/\/www.jungsi.de\/blog\/wp-content\/uploads\/Game-Drive-300x169.png 300w, https:\/\/www.jungsi.de\/blog\/wp-content\/uploads\/Game-Drive.png 1400w\" sizes=\"auto, (max-width: 1024px) 100vw, 1024px\" \/><figcaption class=\"wp-element-caption\">Game Drive<\/figcaption><\/figure>","protected":false},"excerpt":{"rendered":"<p>Atari 7800 Die Geschichte dieser Konsole ist lang, denn ihre Entwicklung begann bereits im Herbst 1982, als das Atari VCS 2600 noch verkauft wurde. Nach \u2026<\/p>","protected":false},"author":2,"featured_media":0,"parent":28312,"menu_order":0,"comment_status":"closed","ping_status":"closed","template":"","meta":{"_lmt_disableupdate":"","_lmt_disable":"","ngg_post_thumbnail":0,"jetpack_post_was_ever_published":false,"footnotes":"","_links_to":"","_links_to_target":""},"class_list":["post-23546","page","type-page","status-publish","hentry"],"jetpack_shortlink":"https:\/\/wp.me\/P4eXvk-67M","jetpack_sharing_enabled":true,"jetpack_likes_enabled":true,"jetpack-related-posts":[{"id":28312,"url":"https:\/\/www.jungsi.de\/en\/konsolen\/atari-konsolen\/","url_meta":{"origin":23546,"position":0},"title":"Atari Konsolen","author":"Jungsi","date":"16. January 2023","format":false,"excerpt":"Atari Konsolen Atari VCS Atari 7800 Atari Jaguar Geschichte von Atari und deren Spielekonsolen Gr\u00fcndung und Fr\u00fche Jahre (1972-1976): Gr\u00fcndung: Atari, Inc. wurde 1972 von Nolan Bushnell und Ted Dabney gegr\u00fcndet. Das Unternehmen wurde schnell durch die Ver\u00f6ffentlichung des Arcade-Spiels Pong bekannt, das zu einem riesigen Erfolg wurde und Atari\u2026","rel":"","context":"Similar post","block_context":{"text":"Similar post","link":""},"img":{"alt_text":"","src":"","width":0,"height":0},"classes":[]},{"id":18281,"url":"https:\/\/www.jungsi.de\/en\/konsolen\/mattel-intellivision\/","url_meta":{"origin":23546,"position":1},"title":"Mattel Intellivision","author":"Jungsi","date":"17. August 2017","format":false,"excerpt":"Mattel Intellivision Mattel Intellivision 1980 brachte der Spielzeugriese Mattel die Konsole Intellivision heraus, w\u00e4hrend Atari mit seinem VCS den Markt dominierte. Intellivision bot eine 16-Bit-CPU, die weit bessere Spiele als die einfache Blockgrafik des VCS erm\u00f6glichte. Mattel setzte dabei auf Sportlizenzen, obwohl der Controller als etwas kompliziert galt. Die Steuerung\u2026","rel":"","context":"Similar post","block_context":{"text":"Similar post","link":""},"img":{"alt_text":"Mattel Intellivision","src":"https:\/\/i0.wp.com\/www.jungsi.de\/blog\/wp-content\/uploads\/matell-intellivison_3.jpg?resize=350%2C200&ssl=1","width":350,"height":200,"srcset":"https:\/\/i0.wp.com\/www.jungsi.de\/blog\/wp-content\/uploads\/matell-intellivison_3.jpg?resize=350%2C200&ssl=1 1x, https:\/\/i0.wp.com\/www.jungsi.de\/blog\/wp-content\/uploads\/matell-intellivison_3.jpg?resize=525%2C300&ssl=1 1.5x, https:\/\/i0.wp.com\/www.jungsi.de\/blog\/wp-content\/uploads\/matell-intellivison_3.jpg?resize=700%2C400&ssl=1 2x"},"classes":[]},{"id":12379,"url":"https:\/\/www.jungsi.de\/en\/spiele\/sonstige-spiele\/","url_meta":{"origin":23546,"position":2},"title":"Sonstige Spiele\/Software","author":"Jungsi","date":"15. January 2016","format":false,"excerpt":"Sonstige Spiele\/Software Da ich f\u00fcr die folgenden Systeme weniger als 10 Spiele bzw. Software besitze, werden diese nicht auf einer eigenen Seite pr\u00e4sentiert. Amstrad GX4000 Atari 7800 Apple IIe Bandai WonderSwan Color MSX Sharp MZ SNK Neo Geo AES SNK Neo Geo Pocket Thomson Acorn BBC Micro Attack On Alpha\u2026","rel":"","context":"Similar post","block_context":{"text":"Similar post","link":""},"img":{"alt_text":"Football - Atari XL","src":"https:\/\/i0.wp.com\/www.jungsi.de\/blog\/wp-content\/uploads\/football-atari-xl.jpg?resize=350%2C200&ssl=1","width":350,"height":200,"srcset":"https:\/\/i0.wp.com\/www.jungsi.de\/blog\/wp-content\/uploads\/football-atari-xl.jpg?resize=350%2C200&ssl=1 1x, https:\/\/i0.wp.com\/www.jungsi.de\/blog\/wp-content\/uploads\/football-atari-xl.jpg?resize=525%2C300&ssl=1 1.5x, https:\/\/i0.wp.com\/www.jungsi.de\/blog\/wp-content\/uploads\/football-atari-xl.jpg?resize=700%2C400&ssl=1 2x"},"classes":[]},{"id":18475,"url":"https:\/\/www.jungsi.de\/en\/konsolen\/atari-konsolen\/atari-jaguar\/","url_meta":{"origin":23546,"position":3},"title":"Atari Jaguar","author":"Jungsi","date":"15. September 2017","format":false,"excerpt":"Atari Jaguar Atari Jaguar mit Controller Die letzte und sechste Videospielkonsole von Atari, der Atari Jaguar, ausgestattet mit dem Motorola MC68000 Prozessor, war ein kommerzieller Misserfolg. Es wurden zwischen 125.000 und 250.000 Einheiten verkauft. Die mehr als 100 Spiele f\u00fcr die Konsole erwiesen sich gr\u00f6\u00dftenteils als Klone oder Kopien anderer\u2026","rel":"","context":"Similar post","block_context":{"text":"Similar post","link":""},"img":{"alt_text":"Atari Jaguar mit Controller","src":"https:\/\/i0.wp.com\/www.jungsi.de\/blog\/wp-content\/uploads\/Aari-Jaguar-mit-Controller.jpg?resize=350%2C200&ssl=1","width":350,"height":200,"srcset":"https:\/\/i0.wp.com\/www.jungsi.de\/blog\/wp-content\/uploads\/Aari-Jaguar-mit-Controller.jpg?resize=350%2C200&ssl=1 1x, https:\/\/i0.wp.com\/www.jungsi.de\/blog\/wp-content\/uploads\/Aari-Jaguar-mit-Controller.jpg?resize=525%2C300&ssl=1 1.5x, https:\/\/i0.wp.com\/www.jungsi.de\/blog\/wp-content\/uploads\/Aari-Jaguar-mit-Controller.jpg?resize=700%2C400&ssl=1 2x"},"classes":[]},{"id":18373,"url":"https:\/\/www.jungsi.de\/en\/konsolen\/cbs-colecovision\/","url_meta":{"origin":23546,"position":4},"title":"CBS Colecovision","author":"Jungsi","date":"2. September 2017","format":false,"excerpt":"CBS Colecovision CBS Colecovision Im Jahr 1982 trat das CBS Colecovision in den Markt der Spielkonsolen ein. Mit einer Z80-CPU, einer Aufl\u00f6sung von 256x192 Pixeln und 32 Hardware-Sprites setzte es neue Ma\u00dfst\u00e4be und \u00fcbertraf sogar Mattels Intellivision. Coleco sicherte sich rechtzeitig die Rechte an bekannten japanischen Spielen wie Donkey Kong,\u2026","rel":"","context":"Similar post","block_context":{"text":"Similar post","link":""},"img":{"alt_text":"Ultimate SD","src":"https:\/\/i0.wp.com\/www.jungsi.de\/blog\/wp-content\/uploads\/Ultimate-SD-komplett.jpg?resize=350%2C200&ssl=1","width":350,"height":200,"srcset":"https:\/\/i0.wp.com\/www.jungsi.de\/blog\/wp-content\/uploads\/Ultimate-SD-komplett.jpg?resize=350%2C200&ssl=1 1x, https:\/\/i0.wp.com\/www.jungsi.de\/blog\/wp-content\/uploads\/Ultimate-SD-komplett.jpg?resize=525%2C300&ssl=1 1.5x, https:\/\/i0.wp.com\/www.jungsi.de\/blog\/wp-content\/uploads\/Ultimate-SD-komplett.jpg?resize=700%2C400&ssl=1 2x, https:\/\/i0.wp.com\/www.jungsi.de\/blog\/wp-content\/uploads\/Ultimate-SD-komplett.jpg?resize=1050%2C600&ssl=1 3x, https:\/\/i0.wp.com\/www.jungsi.de\/blog\/wp-content\/uploads\/Ultimate-SD-komplett.jpg?resize=1400%2C800&ssl=1 4x"},"classes":[]},{"id":35159,"url":"https:\/\/www.jungsi.de\/en\/konsolen-emulator\/","url_meta":{"origin":23546,"position":5},"title":"Konsolen-Emulator","author":"Jungsi","date":"18. January 2025","format":false,"excerpt":"Hier eine Liste meiner Konsolen, die auf Emulatoren basieren (oft als \u201aMini\u2018-Version erh\u00e4ltlich), geordnet nach Erscheinungsdatum. Nintendo Classic Mini (2016) SNES Classic Mini (2017) Neo Geo Mini (2018) PlayStation Classic (2018) Sega Mega Drive Mini (2019) Evercade VS (2021) Sega Mega Drive Mini II (2022) Atari 2600+ (2023) Evercade VS\u2026","rel":"","context":"Similar post","block_context":{"text":"Similar post","link":""},"img":{"alt_text":"Nintendo Classic Mini","src":"https:\/\/i0.wp.com\/www.jungsi.de\/blog\/wp-content\/uploads\/Nintendo-Classic-Mini.jpg?resize=350%2C200&ssl=1","width":350,"height":200,"srcset":"https:\/\/i0.wp.com\/www.jungsi.de\/blog\/wp-content\/uploads\/Nintendo-Classic-Mini.jpg?resize=350%2C200&ssl=1 1x, https:\/\/i0.wp.com\/www.jungsi.de\/blog\/wp-content\/uploads\/Nintendo-Classic-Mini.jpg?resize=525%2C300&ssl=1 1.5x, https:\/\/i0.wp.com\/www.jungsi.de\/blog\/wp-content\/uploads\/Nintendo-Classic-Mini.jpg?resize=700%2C400&ssl=1 2x, https:\/\/i0.wp.com\/www.jungsi.de\/blog\/wp-content\/uploads\/Nintendo-Classic-Mini.jpg?resize=1050%2C600&ssl=1 3x, https:\/\/i0.wp.com\/www.jungsi.de\/blog\/wp-content\/uploads\/Nintendo-Classic-Mini.jpg?resize=1400%2C800&ssl=1 4x"},"classes":[]}],"_links":{"self":[{"href":"https:\/\/www.jungsi.de\/en\/wp-json\/wp\/v2\/pages\/23546","targetHints":{"allow":["GET"]}}],"collection":[{"href":"https:\/\/www.jungsi.de\/en\/wp-json\/wp\/v2\/pages"}],"about":[{"href":"https:\/\/www.jungsi.de\/en\/wp-json\/wp\/v2\/types\/page"}],"author":[{"embeddable":true,"href":"https:\/\/www.jungsi.de\/en\/wp-json\/wp\/v2\/users\/2"}],"replies":[{"embeddable":true,"href":"https:\/\/www.jungsi.de\/en\/wp-json\/wp\/v2\/comments?post=23546"}],"version-history":[{"count":1,"href":"https:\/\/www.jungsi.de\/en\/wp-json\/wp\/v2\/pages\/23546\/revisions"}],"predecessor-version":[{"id":40522,"href":"https:\/\/www.jungsi.de\/en\/wp-json\/wp\/v2\/pages\/23546\/revisions\/40522"}],"up":[{"embeddable":true,"href":"https:\/\/www.jungsi.de\/en\/wp-json\/wp\/v2\/pages\/28312"}],"wp:attachment":[{"href":"https:\/\/www.jungsi.de\/en\/wp-json\/wp\/v2\/media?parent=23546"}],"curies":[{"name":"wp","href":"https:\/\/api.w.org\/{rel}","templated":true}]}}