{"id":23225,"date":"2019-05-31T18:36:35","date_gmt":"2019-05-31T17:36:35","guid":{"rendered":"https:\/\/www.jungsi.de\/?page_id=23225"},"modified":"2025-06-14T13:49:54","modified_gmt":"2025-06-14T11:49:54","slug":"3do-spiele","status":"publish","type":"page","link":"https:\/\/www.jungsi.de\/en\/spiele\/3do-spiele\/","title":{"rendered":"3DO Spiele"},"content":{"rendered":"<p><\/p>\n\n\n\n<h2 class=\"wp-block-heading has-text-align-center\"><strong>3DO<\/strong><\/h2>\n\n\n\n<figure class=\"wp-block-gallery has-nested-images columns-3 is-cropped wp-block-gallery-1 is-layout-flex wp-block-gallery-is-layout-flex\">\n<figure class=\"wp-block-image size-large\"><img loading=\"lazy\" decoding=\"async\" width=\"1024\" height=\"768\" data-attachment-id=\"23226\" data-permalink=\"https:\/\/www.jungsi.de\/en\/spiele\/3do-spiele\/fifa-international-soccer-huelle-vorderseite\/\" data-orig-file=\"https:\/\/www.jungsi.de\/blog\/wp-content\/uploads\/Fifa-International-Soccer-H\u00fclle-Vorderseite.jpg\" data-orig-size=\"1400,1050\" data-comments-opened=\"1\" data-image-meta=\"{&quot;aperture&quot;:&quot;3.5&quot;,&quot;credit&quot;:&quot;&quot;,&quot;camera&quot;:&quot;Canon PowerShot SX260 HS&quot;,&quot;caption&quot;:&quot;&quot;,&quot;created_timestamp&quot;:&quot;1555426063&quot;,&quot;copyright&quot;:&quot;&quot;,&quot;focal_length&quot;:&quot;4.5&quot;,&quot;iso&quot;:&quot;320&quot;,&quot;shutter_speed&quot;:&quot;0.033333333333333&quot;,&quot;title&quot;:&quot;&quot;,&quot;orientation&quot;:&quot;1&quot;}\" data-image-title=\"Fifa International Soccer &amp;#8211; H\u00fclle Vorderseite\" data-image-description=\"&lt;p&gt;Fifa International Soccer&lt;\/p&gt;\" data-image-caption=\"&lt;p&gt;Fifa International Soccer&lt;\/p&gt;\" data-large-file=\"https:\/\/www.jungsi.de\/blog\/wp-content\/uploads\/Fifa-International-Soccer-H\u00fclle-Vorderseite-1024x768.jpg\" data-id=\"23226\" src=\"https:\/\/www.jungsi.de\/blog\/wp-content\/uploads\/Fifa-International-Soccer-H\u00fclle-Vorderseite-1024x768.jpg\" alt=\"Fifa International Soccer\" class=\"wp-image-23226\" srcset=\"https:\/\/www.jungsi.de\/blog\/wp-content\/uploads\/Fifa-International-Soccer-H\u00fclle-Vorderseite-1024x768.jpg 1024w, https:\/\/www.jungsi.de\/blog\/wp-content\/uploads\/Fifa-International-Soccer-H\u00fclle-Vorderseite-300x225.jpg 300w, https:\/\/www.jungsi.de\/blog\/wp-content\/uploads\/Fifa-International-Soccer-H\u00fclle-Vorderseite.jpg 1400w\" sizes=\"auto, (max-width: 1024px) 100vw, 1024px\" \/><figcaption class=\"wp-element-caption\">Fifa International Soccer (1994)<\/figcaption><\/figure>\n\n\n\n<figure class=\"wp-block-image size-large\"><img loading=\"lazy\" decoding=\"async\" width=\"768\" height=\"1024\" data-attachment-id=\"23037\" data-permalink=\"https:\/\/www.jungsi.de\/en\/panasonic-fz-10-3do\/hell-huelle-vorderseite\/\" data-orig-file=\"https:\/\/www.jungsi.de\/blog\/wp-content\/uploads\/Hell-H\u00fclle-Vorderseite.jpg\" data-orig-size=\"1050,1400\" data-comments-opened=\"1\" data-image-meta=\"{&quot;aperture&quot;:&quot;3.5&quot;,&quot;credit&quot;:&quot;&quot;,&quot;camera&quot;:&quot;Canon PowerShot SX260 HS&quot;,&quot;caption&quot;:&quot;&quot;,&quot;created_timestamp&quot;:&quot;1555425811&quot;,&quot;copyright&quot;:&quot;&quot;,&quot;focal_length&quot;:&quot;4.5&quot;,&quot;iso&quot;:&quot;500&quot;,&quot;shutter_speed&quot;:&quot;0.033333333333333&quot;,&quot;title&quot;:&quot;&quot;,&quot;orientation&quot;:&quot;1&quot;}\" data-image-title=\"Hell &amp;#8211; H\u00fclle Vorderseite\" data-image-description=\"&lt;p&gt;Hell&lt;\/p&gt;\" data-image-caption=\"&lt;p&gt;Hell (1994)&lt;\/p&gt;\" data-large-file=\"https:\/\/www.jungsi.de\/blog\/wp-content\/uploads\/Hell-H\u00fclle-Vorderseite-768x1024.jpg\" data-id=\"23037\" src=\"https:\/\/www.jungsi.de\/blog\/wp-content\/uploads\/Hell-H\u00fclle-Vorderseite-768x1024.jpg\" alt=\"Hell\" class=\"wp-image-23037\" srcset=\"https:\/\/www.jungsi.de\/blog\/wp-content\/uploads\/Hell-H\u00fclle-Vorderseite-768x1024.jpg 768w, https:\/\/www.jungsi.de\/blog\/wp-content\/uploads\/Hell-H\u00fclle-Vorderseite-225x300.jpg 225w, https:\/\/www.jungsi.de\/blog\/wp-content\/uploads\/Hell-H\u00fclle-Vorderseite.jpg 1050w\" sizes=\"auto, (max-width: 768px) 100vw, 768px\" \/><figcaption class=\"wp-element-caption\">Hell (1994)<\/figcaption><\/figure>\n\n\n\n<figure class=\"wp-block-image size-large\"><img loading=\"lazy\" decoding=\"async\" width=\"768\" height=\"1024\" data-attachment-id=\"23228\" data-permalink=\"https:\/\/www.jungsi.de\/en\/spiele\/3do-spiele\/jammit-huelle-vorderseite\/\" data-orig-file=\"https:\/\/www.jungsi.de\/blog\/wp-content\/uploads\/Jammit-H\u00fclle-Vorderseite.jpg\" data-orig-size=\"1050,1400\" data-comments-opened=\"1\" data-image-meta=\"{&quot;aperture&quot;:&quot;3.5&quot;,&quot;credit&quot;:&quot;&quot;,&quot;camera&quot;:&quot;Canon PowerShot SX260 HS&quot;,&quot;caption&quot;:&quot;&quot;,&quot;created_timestamp&quot;:&quot;1555425439&quot;,&quot;copyright&quot;:&quot;&quot;,&quot;focal_length&quot;:&quot;4.5&quot;,&quot;iso&quot;:&quot;400&quot;,&quot;shutter_speed&quot;:&quot;0.033333333333333&quot;,&quot;title&quot;:&quot;&quot;,&quot;orientation&quot;:&quot;1&quot;}\" data-image-title=\"Jammit &amp;#8211; H\u00fclle Vorderseite\" data-image-description=\"\" data-image-caption=\"&lt;p&gt;Jammit&lt;\/p&gt;\" data-large-file=\"https:\/\/www.jungsi.de\/blog\/wp-content\/uploads\/Jammit-H\u00fclle-Vorderseite-768x1024.jpg\" data-id=\"23228\" src=\"https:\/\/www.jungsi.de\/blog\/wp-content\/uploads\/Jammit-H\u00fclle-Vorderseite-768x1024.jpg\" alt=\"Jammit\" class=\"wp-image-23228\" srcset=\"https:\/\/www.jungsi.de\/blog\/wp-content\/uploads\/Jammit-H\u00fclle-Vorderseite-768x1024.jpg 768w, https:\/\/www.jungsi.de\/blog\/wp-content\/uploads\/Jammit-H\u00fclle-Vorderseite-225x300.jpg 225w, https:\/\/www.jungsi.de\/blog\/wp-content\/uploads\/Jammit-H\u00fclle-Vorderseite.jpg 1050w\" sizes=\"auto, (max-width: 768px) 100vw, 768px\" \/><figcaption class=\"wp-element-caption\">Jammit (1994)<\/figcaption><\/figure>\n\n\n\n<figure class=\"wp-block-image size-large\"><img loading=\"lazy\" decoding=\"async\" width=\"768\" height=\"1024\" data-attachment-id=\"23229\" data-permalink=\"https:\/\/www.jungsi.de\/en\/spiele\/3do-spiele\/john-madden-football-huelle-vorderseite\/\" data-orig-file=\"https:\/\/www.jungsi.de\/blog\/wp-content\/uploads\/John-Madden-Football-H\u00fclle-Vorderseite.jpg\" data-orig-size=\"1050,1400\" data-comments-opened=\"1\" data-image-meta=\"{&quot;aperture&quot;:&quot;3.5&quot;,&quot;credit&quot;:&quot;&quot;,&quot;camera&quot;:&quot;Canon PowerShot SX260 HS&quot;,&quot;caption&quot;:&quot;&quot;,&quot;created_timestamp&quot;:&quot;1555425505&quot;,&quot;copyright&quot;:&quot;&quot;,&quot;focal_length&quot;:&quot;4.5&quot;,&quot;iso&quot;:&quot;500&quot;,&quot;shutter_speed&quot;:&quot;0.033333333333333&quot;,&quot;title&quot;:&quot;&quot;,&quot;orientation&quot;:&quot;1&quot;}\" data-image-title=\"John Madden Football &amp;#8211; H\u00fclle Vorderseite\" data-image-description=\"&lt;p&gt;John Madden Football&lt;\/p&gt;\" data-image-caption=\"&lt;p&gt;John Madden Football&lt;\/p&gt;\" data-large-file=\"https:\/\/www.jungsi.de\/blog\/wp-content\/uploads\/John-Madden-Football-H\u00fclle-Vorderseite-768x1024.jpg\" data-id=\"23229\" src=\"https:\/\/www.jungsi.de\/blog\/wp-content\/uploads\/John-Madden-Football-H\u00fclle-Vorderseite-768x1024.jpg\" alt=\"John Madden Football\" class=\"wp-image-23229\" srcset=\"https:\/\/www.jungsi.de\/blog\/wp-content\/uploads\/John-Madden-Football-H\u00fclle-Vorderseite-768x1024.jpg 768w, https:\/\/www.jungsi.de\/blog\/wp-content\/uploads\/John-Madden-Football-H\u00fclle-Vorderseite-225x300.jpg 225w, https:\/\/www.jungsi.de\/blog\/wp-content\/uploads\/John-Madden-Football-H\u00fclle-Vorderseite.jpg 1050w\" sizes=\"auto, (max-width: 768px) 100vw, 768px\" \/><figcaption class=\"wp-element-caption\">John Madden Football (1994)<\/figcaption><\/figure>\n\n\n\n<figure class=\"wp-block-image size-large\"><img loading=\"lazy\" decoding=\"async\" width=\"768\" height=\"1024\" data-attachment-id=\"23038\" data-permalink=\"https:\/\/www.jungsi.de\/en\/panasonic-fz-10-3do\/out-of-this-world-huelle-vorderseite\/\" data-orig-file=\"https:\/\/www.jungsi.de\/blog\/wp-content\/uploads\/Out-Of-This-World-H\u00fclle-Vorderseite.jpg\" data-orig-size=\"1050,1400\" data-comments-opened=\"1\" data-image-meta=\"{&quot;aperture&quot;:&quot;3.5&quot;,&quot;credit&quot;:&quot;&quot;,&quot;camera&quot;:&quot;Canon PowerShot SX260 HS&quot;,&quot;caption&quot;:&quot;&quot;,&quot;created_timestamp&quot;:&quot;1555425965&quot;,&quot;copyright&quot;:&quot;&quot;,&quot;focal_length&quot;:&quot;4.5&quot;,&quot;iso&quot;:&quot;640&quot;,&quot;shutter_speed&quot;:&quot;0.016666666666667&quot;,&quot;title&quot;:&quot;&quot;,&quot;orientation&quot;:&quot;1&quot;}\" data-image-title=\"Out Of This World &amp;#8211; H\u00fclle Vorderseite\" data-image-description=\"&lt;p&gt;Out Of This World&lt;\/p&gt;\" data-image-caption=\"&lt;p&gt;Out Of This World (1994)&lt;\/p&gt;\" data-large-file=\"https:\/\/www.jungsi.de\/blog\/wp-content\/uploads\/Out-Of-This-World-H\u00fclle-Vorderseite-768x1024.jpg\" data-id=\"23038\" src=\"https:\/\/www.jungsi.de\/blog\/wp-content\/uploads\/Out-Of-This-World-H\u00fclle-Vorderseite-768x1024.jpg\" alt=\"Out Of This World\" class=\"wp-image-23038\" srcset=\"https:\/\/www.jungsi.de\/blog\/wp-content\/uploads\/Out-Of-This-World-H\u00fclle-Vorderseite-768x1024.jpg 768w, https:\/\/www.jungsi.de\/blog\/wp-content\/uploads\/Out-Of-This-World-H\u00fclle-Vorderseite-225x300.jpg 225w, https:\/\/www.jungsi.de\/blog\/wp-content\/uploads\/Out-Of-This-World-H\u00fclle-Vorderseite.jpg 1050w\" sizes=\"auto, (max-width: 768px) 100vw, 768px\" \/><figcaption class=\"wp-element-caption\">Out Of This World (1994)<\/figcaption><\/figure>\n\n\n\n<figure class=\"wp-block-image size-large\"><img loading=\"lazy\" decoding=\"async\" width=\"768\" height=\"1024\" data-attachment-id=\"23231\" data-permalink=\"https:\/\/www.jungsi.de\/en\/spiele\/3do-spiele\/supreme-warrior-huelle-vorderseite\/\" data-orig-file=\"https:\/\/www.jungsi.de\/blog\/wp-content\/uploads\/Supreme-Warrior-H\u00fclle-Vorderseite.jpg\" data-orig-size=\"1050,1400\" data-comments-opened=\"1\" data-image-meta=\"{&quot;aperture&quot;:&quot;3.5&quot;,&quot;credit&quot;:&quot;&quot;,&quot;camera&quot;:&quot;Canon PowerShot SX260 HS&quot;,&quot;caption&quot;:&quot;&quot;,&quot;created_timestamp&quot;:&quot;1555425684&quot;,&quot;copyright&quot;:&quot;&quot;,&quot;focal_length&quot;:&quot;5.84&quot;,&quot;iso&quot;:&quot;800&quot;,&quot;shutter_speed&quot;:&quot;0.033333333333333&quot;,&quot;title&quot;:&quot;&quot;,&quot;orientation&quot;:&quot;1&quot;}\" data-image-title=\"Supreme Warrior &amp;#8211; H\u00fclle Vorderseite\" data-image-description=\"&lt;p&gt;Supreme Warrior &lt;\/p&gt;\" data-image-caption=\"&lt;p&gt;Supreme Warrior &lt;\/p&gt;\" data-large-file=\"https:\/\/www.jungsi.de\/blog\/wp-content\/uploads\/Supreme-Warrior-H\u00fclle-Vorderseite-768x1024.jpg\" data-id=\"23231\" src=\"https:\/\/www.jungsi.de\/blog\/wp-content\/uploads\/Supreme-Warrior-H\u00fclle-Vorderseite-768x1024.jpg\" alt=\"Supreme Warrior\" class=\"wp-image-23231\" srcset=\"https:\/\/www.jungsi.de\/blog\/wp-content\/uploads\/Supreme-Warrior-H\u00fclle-Vorderseite-768x1024.jpg 768w, https:\/\/www.jungsi.de\/blog\/wp-content\/uploads\/Supreme-Warrior-H\u00fclle-Vorderseite-225x300.jpg 225w, https:\/\/www.jungsi.de\/blog\/wp-content\/uploads\/Supreme-Warrior-H\u00fclle-Vorderseite.jpg 1050w\" sizes=\"auto, (max-width: 768px) 100vw, 768px\" \/><figcaption class=\"wp-element-caption\">Supreme Warrior (1994)<\/figcaption><\/figure>\n<\/figure>\n\n\n\n<p><\/p>","protected":false},"excerpt":{"rendered":"<p>3DO<\/p>","protected":false},"author":2,"featured_media":23226,"parent":12368,"menu_order":0,"comment_status":"closed","ping_status":"closed","template":"","meta":{"_lmt_disableupdate":"","_lmt_disable":"","ngg_post_thumbnail":0,"jetpack_post_was_ever_published":false,"footnotes":"","_links_to":"","_links_to_target":""},"class_list":["post-23225","page","type-page","status-publish","has-post-thumbnail","hentry"],"jetpack_shortlink":"https:\/\/wp.me\/P4eXvk-62B","jetpack_sharing_enabled":true,"jetpack_likes_enabled":true,"jetpack-related-posts":[{"id":7410,"url":"https:\/\/www.jungsi.de\/en\/spiele\/nintendo\/","url_meta":{"origin":23225,"position":0},"title":"Nintendo","author":"Jungsi","date":"19. January 2015","format":false,"excerpt":"Nintendo Game Boy Game Boy Advance NES SNES Nintendo 64 Nintendo 3DS Game Boy Blaster Master Jr. (1991) Donkey Kong (1994) Go! Go! Tank (1990) Golf (1989) Kirby's Dream Land (1992) Kirby's Pinball Land (1993) Pokemon blau (1996) Pokemon rot (1996) Street Fighter II (1995) Super Mario Land (1989) Super\u2026","rel":"","context":"Similar post","block_context":{"text":"Similar post","link":""},"img":{"alt_text":"Blaster Master","src":"https:\/\/i0.wp.com\/www.jungsi.de\/blog\/wp-content\/uploads\/GB-Blaster-Master.jpg?resize=350%2C200&ssl=1","width":350,"height":200,"srcset":"https:\/\/i0.wp.com\/www.jungsi.de\/blog\/wp-content\/uploads\/GB-Blaster-Master.jpg?resize=350%2C200&ssl=1 1x, https:\/\/i0.wp.com\/www.jungsi.de\/blog\/wp-content\/uploads\/GB-Blaster-Master.jpg?resize=525%2C300&ssl=1 1.5x, https:\/\/i0.wp.com\/www.jungsi.de\/blog\/wp-content\/uploads\/GB-Blaster-Master.jpg?resize=700%2C400&ssl=1 2x, https:\/\/i0.wp.com\/www.jungsi.de\/blog\/wp-content\/uploads\/GB-Blaster-Master.jpg?resize=1050%2C600&ssl=1 3x"},"classes":[]},{"id":23220,"url":"https:\/\/www.jungsi.de\/en\/konsolen\/3do\/","url_meta":{"origin":23225,"position":1},"title":"3DO &#8211; Panasonic FZ-10","author":"Jungsi","date":"31. May 2019","format":false,"excerpt":"Panasonic FZ-10 - 3DO Panasonic FZ-10 Trip Hawkins, der ehemalige Chef von Electronic Arts, war der Pionier hinter dem 3DO. Er verfolgte das Ziel, mit dem CD-ROM-Laufwerk eine universelle Plattform f\u00fcr Spiele und Multimedia-Inhalte zu etablieren. Zu seinem Team geh\u00f6rten auch die ehemaligen Entwickler des Commodore Amiga und Atari Lynx,\u2026","rel":"","context":"Similar post","block_context":{"text":"Similar post","link":""},"img":{"alt_text":"Panasonic FZ-10","src":"https:\/\/i0.wp.com\/www.jungsi.de\/blog\/wp-content\/uploads\/FZ-10-1.jpg?resize=350%2C200&ssl=1","width":350,"height":200,"srcset":"https:\/\/i0.wp.com\/www.jungsi.de\/blog\/wp-content\/uploads\/FZ-10-1.jpg?resize=350%2C200&ssl=1 1x, https:\/\/i0.wp.com\/www.jungsi.de\/blog\/wp-content\/uploads\/FZ-10-1.jpg?resize=525%2C300&ssl=1 1.5x, https:\/\/i0.wp.com\/www.jungsi.de\/blog\/wp-content\/uploads\/FZ-10-1.jpg?resize=700%2C400&ssl=1 2x, https:\/\/i0.wp.com\/www.jungsi.de\/blog\/wp-content\/uploads\/FZ-10-1.jpg?resize=1050%2C600&ssl=1 3x, https:\/\/i0.wp.com\/www.jungsi.de\/blog\/wp-content\/uploads\/FZ-10-1.jpg?resize=1400%2C800&ssl=1 4x"},"classes":[]},{"id":28315,"url":"https:\/\/www.jungsi.de\/en\/konsolen\/sega-konsolen\/","url_meta":{"origin":23225,"position":2},"title":"Sega Konsolen","author":"Jungsi","date":"16. January 2023","format":false,"excerpt":"Sega Konsolen Sega Master System \u2013 Sega Master System II Sega Mega Drive \u2013 Sega Mega Drive II Sega Saturn Sega Dreamcast Sega ist eine bekannte japanische Videospiel- und Konsolenherstellerin, die mehrere bedeutende Spielekonsolen ver\u00f6ffentlicht hat. Hier ist eine kurze \u00dcbersicht der wichtigsten Sega-Konsolen: 1. SG-1000 (1983) Beschreibung: Segas erste\u2026","rel":"","context":"Similar post","block_context":{"text":"Similar post","link":""},"img":{"alt_text":"","src":"","width":0,"height":0},"classes":[]},{"id":27747,"url":"https:\/\/www.jungsi.de\/en\/heimcomputer\/atari-die-sammlung\/atari-falcon\/","url_meta":{"origin":23225,"position":3},"title":"Atari Falcon","author":"Jungsi","date":"13. January 2023","format":false,"excerpt":"Atari Falcon Atari Falcon 030 Bis zu seiner Vorstellung und Ver\u00f6ffentlichung durch Atari war der Falcon030 ein gut geh\u00fctetes Geheimnis, das oft nur mit \u201eno comment\u201c kommentiert wurde. Die Produktion \u00fcbernahmen Drittanbieter, da Atari seine Produktionsanlagen bereits verkauft hatte. Sch\u00e4tzungen zufolge wurden bis Herbst 1993 etwa 14.000 Falcon-Computer verkauft, davon\u2026","rel":"","context":"Similar post","block_context":{"text":"Similar post","link":""},"img":{"alt_text":"","src":"https:\/\/i0.wp.com\/www.jungsi.de\/blog\/wp-content\/uploads\/Atari-Falcon030-schraeg-oben.jpg?resize=350%2C200&ssl=1","width":350,"height":200,"srcset":"https:\/\/i0.wp.com\/www.jungsi.de\/blog\/wp-content\/uploads\/Atari-Falcon030-schraeg-oben.jpg?resize=350%2C200&ssl=1 1x, https:\/\/i0.wp.com\/www.jungsi.de\/blog\/wp-content\/uploads\/Atari-Falcon030-schraeg-oben.jpg?resize=525%2C300&ssl=1 1.5x, https:\/\/i0.wp.com\/www.jungsi.de\/blog\/wp-content\/uploads\/Atari-Falcon030-schraeg-oben.jpg?resize=700%2C400&ssl=1 2x, https:\/\/i0.wp.com\/www.jungsi.de\/blog\/wp-content\/uploads\/Atari-Falcon030-schraeg-oben.jpg?resize=1050%2C600&ssl=1 3x, https:\/\/i0.wp.com\/www.jungsi.de\/blog\/wp-content\/uploads\/Atari-Falcon030-schraeg-oben.jpg?resize=1400%2C800&ssl=1 4x"},"classes":[]},{"id":24070,"url":"https:\/\/www.jungsi.de\/en\/konsolen\/commodore-amiga-cd32\/","url_meta":{"origin":23225,"position":4},"title":"Commodore Amiga CD32","author":"Jungsi","date":"22. January 2020","format":false,"excerpt":"Commodore Amiga CD32 Commodore Amiga CD32 Commodore f\u00fchrte mit dem Amiga CD32 die erste 32-Bit-Spielkonsole auf dem europ\u00e4ischen Markt ein. Sie basierte auf einem modifizierten Amiga 1200-Mainboard, ausgestattet mit einem Double-Speed-CD-ROM-Laufwerk und dem Custom-Chip Akiko. Dieser Chip, der auch f\u00fcr 3D-Grafiken zust\u00e4ndig war, sollte PC-Konvertierungen f\u00fcr das CD32 erleichtern, die\u2026","rel":"","context":"Similar post","block_context":{"text":"Similar post","link":""},"img":{"alt_text":"Competition Pro CD32","src":"https:\/\/i0.wp.com\/www.jungsi.de\/blog\/wp-content\/uploads\/Competition-Pro-CD32-Oberseite-schraeg.jpg?resize=350%2C200&ssl=1","width":350,"height":200,"srcset":"https:\/\/i0.wp.com\/www.jungsi.de\/blog\/wp-content\/uploads\/Competition-Pro-CD32-Oberseite-schraeg.jpg?resize=350%2C200&ssl=1 1x, https:\/\/i0.wp.com\/www.jungsi.de\/blog\/wp-content\/uploads\/Competition-Pro-CD32-Oberseite-schraeg.jpg?resize=525%2C300&ssl=1 1.5x, https:\/\/i0.wp.com\/www.jungsi.de\/blog\/wp-content\/uploads\/Competition-Pro-CD32-Oberseite-schraeg.jpg?resize=700%2C400&ssl=1 2x, https:\/\/i0.wp.com\/www.jungsi.de\/blog\/wp-content\/uploads\/Competition-Pro-CD32-Oberseite-schraeg.jpg?resize=1050%2C600&ssl=1 3x, https:\/\/i0.wp.com\/www.jungsi.de\/blog\/wp-content\/uploads\/Competition-Pro-CD32-Oberseite-schraeg.jpg?resize=1400%2C800&ssl=1 4x"},"classes":[]},{"id":23207,"url":"https:\/\/www.jungsi.de\/en\/konsolen\/snk-neo-geo\/","url_meta":{"origin":23225,"position":5},"title":"SNK Neo Geo","author":"Jungsi","date":"31. May 2019","format":false,"excerpt":"SNK Neo Geo SNK Neo Geo AES Das SNK Neo Geo AES ist eine der exklusivsten Heimkonsolen, die je gebaut wurden \u2014 buchst\u00e4blich. Als 1990 ver\u00f6ffentlichtes System war es identisch mit SNKs professionellen Arcade-Automaten, was bedeutete: echte Arcade-Qualit\u00e4t zuhause, ohne Kompromisse. Der Preis spiegelte das wider \u2014 umgerechnet \u00fcber 600\u2026","rel":"","context":"Similar post","block_context":{"text":"Similar post","link":""},"img":{"alt_text":"Neo Geo AES","src":"https:\/\/i0.wp.com\/www.jungsi.de\/blog\/wp-content\/uploads\/Neo-Geo-AES-schr%C3%A4ge-seitlich.jpg?resize=350%2C200&ssl=1","width":350,"height":200,"srcset":"https:\/\/i0.wp.com\/www.jungsi.de\/blog\/wp-content\/uploads\/Neo-Geo-AES-schr%C3%A4ge-seitlich.jpg?resize=350%2C200&ssl=1 1x, https:\/\/i0.wp.com\/www.jungsi.de\/blog\/wp-content\/uploads\/Neo-Geo-AES-schr%C3%A4ge-seitlich.jpg?resize=525%2C300&ssl=1 1.5x, https:\/\/i0.wp.com\/www.jungsi.de\/blog\/wp-content\/uploads\/Neo-Geo-AES-schr%C3%A4ge-seitlich.jpg?resize=700%2C400&ssl=1 2x, https:\/\/i0.wp.com\/www.jungsi.de\/blog\/wp-content\/uploads\/Neo-Geo-AES-schr%C3%A4ge-seitlich.jpg?resize=1050%2C600&ssl=1 3x, https:\/\/i0.wp.com\/www.jungsi.de\/blog\/wp-content\/uploads\/Neo-Geo-AES-schr%C3%A4ge-seitlich.jpg?resize=1400%2C800&ssl=1 4x"},"classes":[]}],"_links":{"self":[{"href":"https:\/\/www.jungsi.de\/en\/wp-json\/wp\/v2\/pages\/23225","targetHints":{"allow":["GET"]}}],"collection":[{"href":"https:\/\/www.jungsi.de\/en\/wp-json\/wp\/v2\/pages"}],"about":[{"href":"https:\/\/www.jungsi.de\/en\/wp-json\/wp\/v2\/types\/page"}],"author":[{"embeddable":true,"href":"https:\/\/www.jungsi.de\/en\/wp-json\/wp\/v2\/users\/2"}],"replies":[{"embeddable":true,"href":"https:\/\/www.jungsi.de\/en\/wp-json\/wp\/v2\/comments?post=23225"}],"version-history":[{"count":0,"href":"https:\/\/www.jungsi.de\/en\/wp-json\/wp\/v2\/pages\/23225\/revisions"}],"up":[{"embeddable":true,"href":"https:\/\/www.jungsi.de\/en\/wp-json\/wp\/v2\/pages\/12368"}],"wp:featuredmedia":[{"embeddable":true,"href":"https:\/\/www.jungsi.de\/en\/wp-json\/wp\/v2\/media\/23226"}],"wp:attachment":[{"href":"https:\/\/www.jungsi.de\/en\/wp-json\/wp\/v2\/media?parent=23225"}],"curies":[{"name":"wp","href":"https:\/\/api.w.org\/{rel}","templated":true}]}}