{"id":23220,"date":"2019-05-31T19:07:28","date_gmt":"2019-05-31T17:07:28","guid":{"rendered":"https:\/\/www.jungsi.de\/?page_id=23220"},"modified":"2024-08-16T11:27:18","modified_gmt":"2024-08-16T09:27:18","slug":"3do","status":"publish","type":"page","link":"https:\/\/www.jungsi.de\/en\/konsolen\/3do\/","title":{"rendered":"3DO &#8211; Panasonic FZ-10"},"content":{"rendered":"<p><\/p>\n\n\n\n<h2 class=\"wp-block-heading has-text-align-center\"><strong>Panasonic FZ-10<\/strong> &#8211; 3DO<\/h2>\n\n\n<div class=\"wp-block-image size-large wp-image-23221\">\n<figure class=\"aligncenter\"><img loading=\"lazy\" decoding=\"async\" width=\"1024\" height=\"768\" data-attachment-id=\"23221\" data-permalink=\"https:\/\/www.jungsi.de\/en\/konsolen\/3do\/fz-10-2\/\" data-orig-file=\"https:\/\/www.jungsi.de\/blog\/wp-content\/uploads\/FZ-10-1.jpg\" data-orig-size=\"1400,1050\" data-comments-opened=\"1\" data-image-meta=\"{&quot;aperture&quot;:&quot;3.5&quot;,&quot;credit&quot;:&quot;&quot;,&quot;camera&quot;:&quot;Canon PowerShot SX260 HS&quot;,&quot;caption&quot;:&quot;&quot;,&quot;created_timestamp&quot;:&quot;1555426127&quot;,&quot;copyright&quot;:&quot;&quot;,&quot;focal_length&quot;:&quot;4.5&quot;,&quot;iso&quot;:&quot;800&quot;,&quot;shutter_speed&quot;:&quot;0.05&quot;,&quot;title&quot;:&quot;&quot;,&quot;orientation&quot;:&quot;1&quot;}\" data-image-title=\"Panasonic FZ-10\" data-image-description=\"&lt;p&gt;Panasonic FZ-10&lt;\/p&gt;\" data-image-caption=\"&lt;p&gt;Panasonic FZ-10&lt;\/p&gt;\" data-large-file=\"https:\/\/www.jungsi.de\/blog\/wp-content\/uploads\/FZ-10-1-1024x768.jpg\" src=\"https:\/\/www.jungsi.de\/blog\/wp-content\/uploads\/FZ-10-1-1024x768.jpg\" alt=\"Panasonic FZ-10\" class=\"wp-image-23221\" srcset=\"https:\/\/www.jungsi.de\/blog\/wp-content\/uploads\/FZ-10-1-1024x768.jpg 1024w, https:\/\/www.jungsi.de\/blog\/wp-content\/uploads\/FZ-10-1-300x225.jpg 300w, https:\/\/www.jungsi.de\/blog\/wp-content\/uploads\/FZ-10-1.jpg 1400w\" sizes=\"auto, (max-width: 1024px) 100vw, 1024px\" \/><figcaption class=\"wp-element-caption\">Panasonic FZ-10<\/figcaption><\/figure>\n<\/div>\n\n\n<p>Trip Hawkins, der ehemalige Chef von Electronic Arts, war der Pionier hinter dem 3DO. Er verfolgte das Ziel, mit dem CD-ROM-Laufwerk eine universelle Plattform f\u00fcr Spiele und Multimedia-Inhalte zu etablieren. Zu seinem Team geh\u00f6rten auch die ehemaligen Entwickler des Commodore Amiga und Atari Lynx, Dave Needle und R.J. Mical. Als Prozessor diente eine 32-Bit-CPU auf RISC-Basis von ARM, deren Leistung beeindruckend war \u2013 es konnten technische Tricks genutzt werden, um bis zu 64 Millionen Pixel pro Sekunde zu verarbeiten. Das Ger\u00e4t konnte neben Spielen auch Audio- und Foto-CDs abspielen. Leider war es dreimal so teuer wie ein Nintendo, was zusammen mit einer unklaren Marktpositionierung und schwacher Software zum Problem wurde. Anfangs wurden lediglich \u00e4ltere Spiele und Amiga-Titel konvertiert, ohne die technischen M\u00f6glichkeiten der Konsole voll auszusch\u00f6pfen. Das sp\u00e4ter erschienene, preiswertere Panasonic FZ-10 mit einem reduzierten Chipsatz konnte den Markt nicht mehr f\u00fcr sich gewinnen, und so wurde die Produktion des 3DO im Jahr 1995 eingestellt.<\/p>\n\n\n<div class=\"wp-block-image size-large wp-image-23223\">\n<figure class=\"aligncenter\"><img loading=\"lazy\" decoding=\"async\" width=\"1024\" height=\"768\" data-attachment-id=\"23223\" data-permalink=\"https:\/\/www.jungsi.de\/en\/konsolen\/3do\/gamepad6-2\/\" data-orig-file=\"https:\/\/www.jungsi.de\/blog\/wp-content\/uploads\/Gamepad6-1.jpg\" data-orig-size=\"1400,1050\" data-comments-opened=\"1\" data-image-meta=\"{&quot;aperture&quot;:&quot;3.5&quot;,&quot;credit&quot;:&quot;&quot;,&quot;camera&quot;:&quot;Canon PowerShot SX260 HS&quot;,&quot;caption&quot;:&quot;&quot;,&quot;created_timestamp&quot;:&quot;1555426434&quot;,&quot;copyright&quot;:&quot;&quot;,&quot;focal_length&quot;:&quot;4.5&quot;,&quot;iso&quot;:&quot;800&quot;,&quot;shutter_speed&quot;:&quot;0.05&quot;,&quot;title&quot;:&quot;&quot;,&quot;orientation&quot;:&quot;1&quot;}\" data-image-title=\"Gamepad6\" data-image-description=\"&lt;p&gt;Gamepad6&lt;\/p&gt;\" data-image-caption=\"&lt;p&gt;Gamepad6&lt;\/p&gt;\" data-large-file=\"https:\/\/www.jungsi.de\/blog\/wp-content\/uploads\/Gamepad6-1-1024x768.jpg\" src=\"https:\/\/www.jungsi.de\/blog\/wp-content\/uploads\/Gamepad6-1-1024x768.jpg\" alt=\"Gamepad6\" class=\"wp-image-23223\" srcset=\"https:\/\/www.jungsi.de\/blog\/wp-content\/uploads\/Gamepad6-1-1024x768.jpg 1024w, https:\/\/www.jungsi.de\/blog\/wp-content\/uploads\/Gamepad6-1-300x225.jpg 300w, https:\/\/www.jungsi.de\/blog\/wp-content\/uploads\/Gamepad6-1.jpg 1400w\" sizes=\"auto, (max-width: 1024px) 100vw, 1024px\" \/><figcaption class=\"wp-element-caption\">Gamepad6<\/figcaption><\/figure>\n<\/div>\n\n<div class=\"wp-block-image size-large wp-image-23222\">\n<figure class=\"aligncenter\"><img decoding=\"async\" src=\"https:\/\/www.jungsi.de\/blog\/wp-content\/uploads\/Fighting-Sword-Controller-1-1024x768.jpg\" alt=\"Fighting Sword Controller\" class=\"wp-image-23222\"\/><figcaption class=\"wp-element-caption\">Fighting Sword Controller<\/figcaption><\/figure>\n<\/div>","protected":false},"excerpt":{"rendered":"<p>Panasonic FZ-10 &#8211; 3DO Trip Hawkins, der ehemalige Chef von Electronic Arts, war der Pionier hinter dem 3DO. Er verfolgte das Ziel, mit dem CD-ROM-Laufwerk \u2026<\/p>","protected":false},"author":2,"featured_media":23221,"parent":18078,"menu_order":0,"comment_status":"closed","ping_status":"closed","template":"","meta":{"_lmt_disableupdate":"","_lmt_disable":"","ngg_post_thumbnail":0,"jetpack_post_was_ever_published":false,"footnotes":"","_links_to":"","_links_to_target":""},"class_list":["post-23220","page","type-page","status-publish","has-post-thumbnail","hentry"],"jetpack_shortlink":"https:\/\/wp.me\/P4eXvk-62w","jetpack_sharing_enabled":true,"jetpack_likes_enabled":true,"jetpack-related-posts":[{"id":19748,"url":"https:\/\/www.jungsi.de\/en\/heimcomputer\/msx-sony-hitbit-75-p\/","url_meta":{"origin":23220,"position":0},"title":"MSX","author":"Jungsi","date":"28. February 2018","format":false,"excerpt":"MSX Philips VG-8235 Sony HitBit 75-P Zusammenfassung zum MSX-Standard Der MSX-Standard war eine einheitliche Plattform f\u00fcr Heimcomputer, die Anfang der 1980er Jahre entwickelt wurde. Hier sind die wichtigsten Punkte seiner Geschichte und Merkmale: Einf\u00fchrung und Zielsetzung (1983): Konzept: Der MSX-Standard wurde von Kazuhiko Nishi von Microsoft Japan in Zusammenarbeit mit\u2026","rel":"","context":"Similar post","block_context":{"text":"Similar post","link":""},"img":{"alt_text":"","src":"https:\/\/i0.wp.com\/www.jungsi.de\/blog\/wp-content\/uploads\/Carnivore-2-R%C3%BCckseite.jpg?resize=350%2C200&ssl=1","width":350,"height":200,"srcset":"https:\/\/i0.wp.com\/www.jungsi.de\/blog\/wp-content\/uploads\/Carnivore-2-R%C3%BCckseite.jpg?resize=350%2C200&ssl=1 1x, https:\/\/i0.wp.com\/www.jungsi.de\/blog\/wp-content\/uploads\/Carnivore-2-R%C3%BCckseite.jpg?resize=525%2C300&ssl=1 1.5x, https:\/\/i0.wp.com\/www.jungsi.de\/blog\/wp-content\/uploads\/Carnivore-2-R%C3%BCckseite.jpg?resize=700%2C400&ssl=1 2x, https:\/\/i0.wp.com\/www.jungsi.de\/blog\/wp-content\/uploads\/Carnivore-2-R%C3%BCckseite.jpg?resize=1050%2C600&ssl=1 3x, https:\/\/i0.wp.com\/www.jungsi.de\/blog\/wp-content\/uploads\/Carnivore-2-R%C3%BCckseite.jpg?resize=1400%2C800&ssl=1 4x"},"classes":[]},{"id":36002,"url":"https:\/\/www.jungsi.de\/en\/fpga-rechner\/","url_meta":{"origin":23220,"position":1},"title":"FPGA-Rechner","author":"Jungsi","date":"11. March 2025","format":false,"excerpt":"FPGA-Rechner Computer, die auf FPGA-Basis (Field Programmable Gate Array) laufe, k\u00f6nnen als rekonfigurierbare Computer der hardwareprogrammierbare Systeme beschrieben werden. Sie unterscheiden sich von herk\u00f6mlichen Prozessor-basierten Systemen dadurch, dass Ihre Hardware-Struktur flexibel und ver\u00e4nderbar ist. Ein Anwendungsbereich dabei ist die zyklengenaue Nachbildung alter Computerarchitekturen (z.B. Amiga, C64, Atari). Beispiel: MiSTer FPGA,\u2026","rel":"","context":"Similar post","block_context":{"text":"Similar post","link":""},"img":{"alt_text":"","src":"https:\/\/i0.wp.com\/www.jungsi.de\/blog\/wp-content\/uploads\/Speccy2010-oben.jpg?resize=350%2C200&ssl=1","width":350,"height":200,"srcset":"https:\/\/i0.wp.com\/www.jungsi.de\/blog\/wp-content\/uploads\/Speccy2010-oben.jpg?resize=350%2C200&ssl=1 1x, https:\/\/i0.wp.com\/www.jungsi.de\/blog\/wp-content\/uploads\/Speccy2010-oben.jpg?resize=525%2C300&ssl=1 1.5x, https:\/\/i0.wp.com\/www.jungsi.de\/blog\/wp-content\/uploads\/Speccy2010-oben.jpg?resize=700%2C400&ssl=1 2x, https:\/\/i0.wp.com\/www.jungsi.de\/blog\/wp-content\/uploads\/Speccy2010-oben.jpg?resize=1050%2C600&ssl=1 3x, https:\/\/i0.wp.com\/www.jungsi.de\/blog\/wp-content\/uploads\/Speccy2010-oben.jpg?resize=1400%2C800&ssl=1 4x"},"classes":[]},{"id":27887,"url":"https:\/\/www.jungsi.de\/en\/die-sammlung\/literatur\/atari\/st-computer\/","url_meta":{"origin":23220,"position":2},"title":"ST Computer","author":"Jungsi","date":"14. January 2023","format":false,"excerpt":"ST Computer - Atari 16\/32 Bit ST-Computer war die langlebigste deutschsprachige Atari-Zeitschrift: gestartet Anfang 1986 (Heim-Verlag, sp\u00e4ter falkemedia) und bis 1\/2004 erschienen, mit News, Tests, Listings, Tutorials und Bastelrubrik rund um Atari ST\/STE, TT und Falcon; zeitweise kamen auch Jaguar-Themen dazu. Sie \u00fcbernahm 1993 Inhalte von TOS Computer und ST\u2026","rel":"","context":"Similar post","block_context":{"text":"Similar post","link":""},"img":{"alt_text":"ST-Computer 01\/02 2017","src":"https:\/\/i0.wp.com\/www.jungsi.de\/blog\/wp-content\/uploads\/ST-Computer-01_02_2017.jpg?resize=350%2C200&ssl=1","width":350,"height":200,"srcset":"https:\/\/i0.wp.com\/www.jungsi.de\/blog\/wp-content\/uploads\/ST-Computer-01_02_2017.jpg?resize=350%2C200&ssl=1 1x, https:\/\/i0.wp.com\/www.jungsi.de\/blog\/wp-content\/uploads\/ST-Computer-01_02_2017.jpg?resize=525%2C300&ssl=1 1.5x, https:\/\/i0.wp.com\/www.jungsi.de\/blog\/wp-content\/uploads\/ST-Computer-01_02_2017.jpg?resize=700%2C400&ssl=1 2x, https:\/\/i0.wp.com\/www.jungsi.de\/blog\/wp-content\/uploads\/ST-Computer-01_02_2017.jpg?resize=1050%2C600&ssl=1 3x"},"classes":[]},{"id":33850,"url":"https:\/\/www.jungsi.de\/en\/spiele\/saba-videoplay-spiele\/","url_meta":{"origin":23220,"position":3},"title":"Saba Videoplay Spiele","author":"Jungsi","date":"23. October 2024","format":false,"excerpt":"Saba Videoplay (und \u00e4hnliche) Spiele 01 - M\u00fchle (1977) 02 - W\u00fcstenfuchs (1977) 04 - Luftkampf (1977) 05 - Kampf im Weltraum (1977) 06 - Magische Zahlen (1977) 07 - Autorennen (1977) 09 - Backgammon (1977) 10 - Baseball (1977) 15 - Barriere (1977) 17 - Kickball (1977) 06 -\u2026","rel":"","context":"Similar post","block_context":{"text":"Similar post","link":""},"img":{"alt_text":"01 - M\u00fchle","src":"https:\/\/i0.wp.com\/www.jungsi.de\/blog\/wp-content\/uploads\/01-Muehle-Cartridge.jpg?resize=350%2C200&ssl=1","width":350,"height":200,"srcset":"https:\/\/i0.wp.com\/www.jungsi.de\/blog\/wp-content\/uploads\/01-Muehle-Cartridge.jpg?resize=350%2C200&ssl=1 1x, https:\/\/i0.wp.com\/www.jungsi.de\/blog\/wp-content\/uploads\/01-Muehle-Cartridge.jpg?resize=525%2C300&ssl=1 1.5x, https:\/\/i0.wp.com\/www.jungsi.de\/blog\/wp-content\/uploads\/01-Muehle-Cartridge.jpg?resize=700%2C400&ssl=1 2x, https:\/\/i0.wp.com\/www.jungsi.de\/blog\/wp-content\/uploads\/01-Muehle-Cartridge.jpg?resize=1050%2C600&ssl=1 3x"},"classes":[]},{"id":28166,"url":"https:\/\/www.jungsi.de\/en\/die-sammlung\/literatur\/schneider\/cpc-schneider-international\/","url_meta":{"origin":23220,"position":4},"title":"CPC Schneider International","author":"Jungsi","date":"15. January 2023","format":false,"excerpt":"CPC Schneider International CPC Schneider International war ein deutschsprachiges Fachmagazin des DMV (Daten & Medien Verlag, Eschwege) rund um die Schneider\/Amstrad-Rechner (CPC-Serie, sp\u00e4ter auch PCW\/PC). Start im M\u00e4rz 1985, monatlich, mit Tests, News, Programm-Listings, Lernserien und einer DIY-Hardware-Rubrik \u201eSchneiderware\u201c; im Lauf der Jahre wechselte der Titel mehrfach (u. a. CPC\u2026","rel":"","context":"Similar post","block_context":{"text":"Similar post","link":""},"img":{"alt_text":"PC Schneider International 01\/1989","src":"https:\/\/i0.wp.com\/www.jungsi.de\/blog\/wp-content\/uploads\/CPC-Schneider-International-01_1989.jpg?resize=350%2C200&ssl=1","width":350,"height":200,"srcset":"https:\/\/i0.wp.com\/www.jungsi.de\/blog\/wp-content\/uploads\/CPC-Schneider-International-01_1989.jpg?resize=350%2C200&ssl=1 1x, https:\/\/i0.wp.com\/www.jungsi.de\/blog\/wp-content\/uploads\/CPC-Schneider-International-01_1989.jpg?resize=525%2C300&ssl=1 1.5x, https:\/\/i0.wp.com\/www.jungsi.de\/blog\/wp-content\/uploads\/CPC-Schneider-International-01_1989.jpg?resize=700%2C400&ssl=1 2x, https:\/\/i0.wp.com\/www.jungsi.de\/blog\/wp-content\/uploads\/CPC-Schneider-International-01_1989.jpg?resize=1050%2C600&ssl=1 3x"},"classes":[]},{"id":29027,"url":"https:\/\/www.jungsi.de\/en\/die-sammlung\/literatur\/commodore\/amiga-magazin\/","url_meta":{"origin":23220,"position":5},"title":"Amiga Magazin","author":"Jungsi","date":"6. February 2023","format":false,"excerpt":"Amiga Magazin Amiga Magazin war das deutschsprachige Fachmagazin des Markt+Technik-Verlags rund um den Commodore Amiga: gestartet 1987, mit Schwerpunkt auf Anwendungen, Praxis-Tipps und Hardware (weniger auf Spiele) und zeitweise sehr umfangreichen Ausgaben. Ab 01\/1998 erschien es nicht mehr eigenst\u00e4ndig, sondern in reduzierter Form als Beilage der PCgo; die Reihe endete\u2026","rel":"","context":"Similar post","block_context":{"text":"Similar post","link":""},"img":{"alt_text":"Amiga 88 01","src":"https:\/\/i0.wp.com\/www.jungsi.de\/blog\/wp-content\/uploads\/Amiga-88_01.jpg?resize=350%2C200&ssl=1","width":350,"height":200,"srcset":"https:\/\/i0.wp.com\/www.jungsi.de\/blog\/wp-content\/uploads\/Amiga-88_01.jpg?resize=350%2C200&ssl=1 1x, https:\/\/i0.wp.com\/www.jungsi.de\/blog\/wp-content\/uploads\/Amiga-88_01.jpg?resize=525%2C300&ssl=1 1.5x, https:\/\/i0.wp.com\/www.jungsi.de\/blog\/wp-content\/uploads\/Amiga-88_01.jpg?resize=700%2C400&ssl=1 2x, https:\/\/i0.wp.com\/www.jungsi.de\/blog\/wp-content\/uploads\/Amiga-88_01.jpg?resize=1050%2C600&ssl=1 3x"},"classes":[]}],"_links":{"self":[{"href":"https:\/\/www.jungsi.de\/en\/wp-json\/wp\/v2\/pages\/23220","targetHints":{"allow":["GET"]}}],"collection":[{"href":"https:\/\/www.jungsi.de\/en\/wp-json\/wp\/v2\/pages"}],"about":[{"href":"https:\/\/www.jungsi.de\/en\/wp-json\/wp\/v2\/types\/page"}],"author":[{"embeddable":true,"href":"https:\/\/www.jungsi.de\/en\/wp-json\/wp\/v2\/users\/2"}],"replies":[{"embeddable":true,"href":"https:\/\/www.jungsi.de\/en\/wp-json\/wp\/v2\/comments?post=23220"}],"version-history":[{"count":0,"href":"https:\/\/www.jungsi.de\/en\/wp-json\/wp\/v2\/pages\/23220\/revisions"}],"up":[{"embeddable":true,"href":"https:\/\/www.jungsi.de\/en\/wp-json\/wp\/v2\/pages\/18078"}],"wp:featuredmedia":[{"embeddable":true,"href":"https:\/\/www.jungsi.de\/en\/wp-json\/wp\/v2\/media\/23221"}],"wp:attachment":[{"href":"https:\/\/www.jungsi.de\/en\/wp-json\/wp\/v2\/media?parent=23220"}],"curies":[{"name":"wp","href":"https:\/\/api.w.org\/{rel}","templated":true}]}}