{"id":23207,"date":"2019-05-31T18:20:32","date_gmt":"2019-05-31T16:20:32","guid":{"rendered":"https:\/\/www.jungsi.de\/?page_id=23207"},"modified":"2026-03-28T19:09:04","modified_gmt":"2026-03-28T18:09:04","slug":"snk-neo-geo","status":"publish","type":"page","link":"https:\/\/www.jungsi.de\/en\/konsolen\/snk-neo-geo\/","title":{"rendered":"SNK Neo Geo"},"content":{"rendered":"<p><\/p>\n\n\n\n<h2 class=\"wp-block-heading has-text-align-center\"><strong>SNK Neo Geo<\/strong><\/h2>\n\n\n<div class=\"wp-block-image\">\n<figure class=\"aligncenter size-large\"><img loading=\"lazy\" decoding=\"async\" width=\"1024\" height=\"768\" data-attachment-id=\"24556\" data-permalink=\"https:\/\/www.jungsi.de\/en\/neo_geo_aes_snk\/neo-geo-aes-schraege-seitlich\/\" data-orig-file=\"https:\/\/www.jungsi.de\/blog\/wp-content\/uploads\/Neo-Geo-AES-schr\u00e4ge-seitlich.jpg\" data-orig-size=\"1400,1050\" data-comments-opened=\"1\" data-image-meta=\"{&quot;aperture&quot;:&quot;3.5&quot;,&quot;credit&quot;:&quot;&quot;,&quot;camera&quot;:&quot;Canon PowerShot SX260 HS&quot;,&quot;caption&quot;:&quot;&quot;,&quot;created_timestamp&quot;:&quot;1576336943&quot;,&quot;copyright&quot;:&quot;&quot;,&quot;focal_length&quot;:&quot;4.5&quot;,&quot;iso&quot;:&quot;1600&quot;,&quot;shutter_speed&quot;:&quot;0.076923076923077&quot;,&quot;title&quot;:&quot;&quot;,&quot;orientation&quot;:&quot;1&quot;}\" data-image-title=\"Neo Geo AES &amp;#8211; schr\u00e4ge seitlich\" data-image-description=\"&lt;p&gt;Neo Geo AES &lt;\/p&gt;\" data-image-caption=\"&lt;p&gt;Neo Geo AES &lt;\/p&gt;\" data-large-file=\"https:\/\/www.jungsi.de\/blog\/wp-content\/uploads\/Neo-Geo-AES-schr\u00e4ge-seitlich-1024x768.jpg\" src=\"https:\/\/www.jungsi.de\/blog\/wp-content\/uploads\/Neo-Geo-AES-schr\u00e4ge-seitlich-1024x768.jpg\" alt=\"Neo Geo AES\" class=\"wp-image-24556\" srcset=\"https:\/\/www.jungsi.de\/blog\/wp-content\/uploads\/Neo-Geo-AES-schr\u00e4ge-seitlich-1024x768.jpg 1024w, https:\/\/www.jungsi.de\/blog\/wp-content\/uploads\/Neo-Geo-AES-schr\u00e4ge-seitlich-300x225.jpg 300w, https:\/\/www.jungsi.de\/blog\/wp-content\/uploads\/Neo-Geo-AES-schr\u00e4ge-seitlich.jpg 1400w\" sizes=\"auto, (max-width: 1024px) 100vw, 1024px\" \/><figcaption class=\"wp-element-caption\">SNK Neo Geo AES <\/figcaption><\/figure>\n<\/div>\n\n\n<p>Das SNK Neo Geo AES ist eine der exklusivsten Heimkonsolen, die je gebaut wurden \u2014 buchst\u00e4blich. Als 1990 ver\u00f6ffentlichtes System war es identisch mit SNKs professionellen Arcade-Automaten, was bedeutete: echte Arcade-Qualit\u00e4t zuhause, ohne Kompromisse. Der Preis spiegelte das wider \u2014 umgerechnet \u00fcber 600 Dollar bei Einf\u00fchrung, die Spiele selbst kosteten bis zu 200 Dollar pro St\u00fcck. Das Neo Geo war damit klar f\u00fcr ein Nischenpublikum gedacht: betuchte Spieler, die das absolut Beste wollten. Mit Franchises wie Metal Slug, King of Fighters und Samurai Shodown baute SNK einen legend\u00e4ren Ruf auf. Das System wurde bis 1997 produziert, die Spieleentwicklung lief aber noch bis 2004 weiter \u2014 eine au\u00dfergew\u00f6hnliche Langlebigkeit, die von der Loyalit\u00e4t seiner Fangemeinde zeugt.<\/p>\n\n\n<div class=\"wp-block-image size-large wp-image-22240\">\n<figure class=\"aligncenter\"><img loading=\"lazy\" decoding=\"async\" width=\"1024\" height=\"768\" data-attachment-id=\"22240\" data-permalink=\"https:\/\/www.jungsi.de\/en\/neo-geo-cd-snk\/neo-geo-cd-2\/\" data-orig-file=\"https:\/\/www.jungsi.de\/blog\/wp-content\/uploads\/Neo-Geo-CD-2.jpg\" data-orig-size=\"1400,1050\" data-comments-opened=\"1\" data-image-meta=\"{&quot;aperture&quot;:&quot;3.5&quot;,&quot;credit&quot;:&quot;&quot;,&quot;camera&quot;:&quot;Canon PowerShot SX260 HS&quot;,&quot;caption&quot;:&quot;&quot;,&quot;created_timestamp&quot;:&quot;1549733053&quot;,&quot;copyright&quot;:&quot;&quot;,&quot;focal_length&quot;:&quot;4.5&quot;,&quot;iso&quot;:&quot;1250&quot;,&quot;shutter_speed&quot;:&quot;0.05&quot;,&quot;title&quot;:&quot;&quot;,&quot;orientation&quot;:&quot;1&quot;}\" data-image-title=\"Neo Geo CD 2\" data-image-description=\"&lt;p&gt;Neo Geo CD&lt;\/p&gt;\" data-image-caption=\"&lt;p&gt;Neo Geo CD&lt;\/p&gt;\" data-large-file=\"https:\/\/www.jungsi.de\/blog\/wp-content\/uploads\/Neo-Geo-CD-2-1024x768.jpg\" src=\"https:\/\/www.jungsi.de\/blog\/wp-content\/uploads\/Neo-Geo-CD-2-1024x768.jpg\" alt=\"Neo Geo CD\" class=\"wp-image-22240\" srcset=\"https:\/\/www.jungsi.de\/blog\/wp-content\/uploads\/Neo-Geo-CD-2-1024x768.jpg 1024w, https:\/\/www.jungsi.de\/blog\/wp-content\/uploads\/Neo-Geo-CD-2-300x225.jpg 300w, https:\/\/www.jungsi.de\/blog\/wp-content\/uploads\/Neo-Geo-CD-2.jpg 1400w\" sizes=\"auto, (max-width: 1024px) 100vw, 1024px\" \/><figcaption class=\"wp-element-caption\">Neo Geo CD<\/figcaption><\/figure>\n<\/div>\n\n\n<p>Mit dem Neo Geo CD versuchte SNK 1994, die faszinierende Neo-Geo-Welt einem breiteren Publikum zug\u00e4nglich zu machen. Der gr\u00f6\u00dfte Stolperstein des AES \u2014 die horrend teuren Module \u2014 entfiel durch den Wechsel auf CD-ROM, die Spiele waren nun f\u00fcr einen Bruchteil des bisherigen Preises erh\u00e4ltlich. Doch dieser Vorteil wurde durch einen gravierenden Nachteil erkauft: Das Single-Speed-Laufwerk der ersten Version produzierte Ladezeiten von bis zu mehreren Minuten, die selbst geduldige Spieler auf eine harte Probe stellten. SNK reagierte 1995 mit einer \u00fcberarbeiteten Version mit doppelter Laufwerkgeschwindigkeit, die das Problem zumindest abmilderte. Inhaltlich war das Neo Geo CD vollst\u00e4ndig kompatibel mit dem AES und bot dieselben Spieltitel \u2014 in manchen F\u00e4llen allerdings mit leicht reduziertem Inhalt gegen\u00fcber den Modulversionen. Trotz seiner Schw\u00e4chen hat der Neo Geo CD heute unter Sammlern einen festen Platz, nicht zuletzt wegen seines markanten Top-Loading-Designs und seiner Rolle als erschwinglicherer Einstieg ins Neo-Geo-Universum.<\/p>\n\n\n\n<table id=\"tablepress-270\" class=\"tablepress tablepress-id-270\">\n<tbody>\n<tr class=\"row-1\">\n\t<td class=\"column-1\"><strong>Hersteller:<\/strong><\/td><td class=\"column-2\">SNK<\/td>\n<\/tr>\n<tr class=\"row-2\">\n\t<td class=\"column-1\"><strong>Modell:<\/strong><\/td><td class=\"column-2\">Neo Geo AES\/Neo Geo CD<\/td>\n<\/tr>\n<tr class=\"row-3\">\n\t<td class=\"column-1\"><strong>Herkunft:<\/strong><\/td><td class=\"column-2\">Japan<\/td>\n<\/tr>\n<tr class=\"row-4\">\n\t<td class=\"column-1\"><strong>Erscheinungsjahr:<\/strong><\/td><td class=\"column-2\">1990\/1994<\/td>\n<\/tr>\n<tr class=\"row-5\">\n\t<td class=\"column-1\"><strong>Produktionsende:<\/strong><\/td><td class=\"column-2\">2004<\/td>\n<\/tr>\n<tr class=\"row-6\">\n\t<td class=\"column-1\"><strong>St\u00fcckzahl:<\/strong><\/td><td class=\"column-2\">1.000.000<\/td>\n<\/tr>\n<tr class=\"row-7\">\n\t<td class=\"column-1\"><strong>Prozessor:<\/strong><\/td><td class=\"column-2\">Motorola 68000<br \/>\nZilog Z80A<br \/>\n<\/td>\n<\/tr>\n<tr class=\"row-8\">\n\t<td class=\"column-1\"><strong>Taktfrequenz:<\/strong><\/td><td class=\"column-2\">12 MHz\/4 MHz<\/td>\n<\/tr>\n<tr class=\"row-9\">\n\t<td class=\"column-1\"><strong>RAM:<\/strong><\/td><td class=\"column-2\">64 KByte<br \/>\n64 KiB VRAM, 16 KiB Patten-RAM<br \/>\n4 KiB Fast-Video RAM<br \/>\n2 KiB Sound-RAM f\u00fcr Z80<\/td>\n<\/tr>\n<tr class=\"row-10\">\n\t<td class=\"column-1\"><strong>Sprites:<\/strong><\/td><td class=\"column-2\">381<\/td>\n<\/tr>\n<tr class=\"row-11\">\n\t<td class=\"column-1\"><strong>Farben:<\/strong><\/td><td class=\"column-2\">4.096 aus 65.536<\/td>\n<\/tr>\n<tr class=\"row-12\">\n\t<td class=\"column-1\"><strong>Anzeigemodi:<\/strong><\/td><td class=\"column-2\">320 x 224 <\/td>\n<\/tr>\n<tr class=\"row-13\">\n\t<td class=\"column-1\"><strong>Soundchip:<\/strong><\/td><td class=\"column-2\">Yamaha YM2610<\/td>\n<\/tr>\n<tr class=\"row-14\">\n\t<td class=\"column-1\"><strong>Sound:<\/strong><\/td><td class=\"column-2\">Stereo, 15 Kan\u00e4le<br \/>\n(7 Digital, 4 FM, 3 PSG, 1 Ger\u00e4uschkanal)<\/td>\n<\/tr>\n<tr class=\"row-15\">\n\t<td class=\"column-1\"><strong>Laufwerk:<\/strong><\/td><td class=\"column-2\">Module, CD&#8217;s (Single Speed)<\/td>\n<\/tr>\n<\/tbody>\n<\/table>\n\n\n<div class=\"wp-block-image size-large wp-image-22234\">\n<figure class=\"aligncenter\"><img loading=\"lazy\" decoding=\"async\" width=\"1024\" height=\"768\" data-attachment-id=\"22234\" data-permalink=\"https:\/\/www.jungsi.de\/en\/neo-geo-cd-snk\/neo-geo-cd-controller\/\" data-orig-file=\"https:\/\/www.jungsi.de\/blog\/wp-content\/uploads\/Neo-Geo-CD-Controller.jpg\" data-orig-size=\"1400,1050\" data-comments-opened=\"1\" data-image-meta=\"{&quot;aperture&quot;:&quot;3.5&quot;,&quot;credit&quot;:&quot;&quot;,&quot;camera&quot;:&quot;Canon PowerShot SX260 HS&quot;,&quot;caption&quot;:&quot;&quot;,&quot;created_timestamp&quot;:&quot;1549733180&quot;,&quot;copyright&quot;:&quot;&quot;,&quot;focal_length&quot;:&quot;4.5&quot;,&quot;iso&quot;:&quot;1600&quot;,&quot;shutter_speed&quot;:&quot;0.05&quot;,&quot;title&quot;:&quot;&quot;,&quot;orientation&quot;:&quot;1&quot;}\" data-image-title=\"Neo Geo CD &amp;#8211; Controller\" data-image-description=\"&lt;p&gt;Neo Geo CD &amp;#8211; Controller&lt;\/p&gt;\" data-image-caption=\"&lt;p&gt;Neo Geo CD &amp;#8211; Controller&lt;\/p&gt;\" data-large-file=\"https:\/\/www.jungsi.de\/blog\/wp-content\/uploads\/Neo-Geo-CD-Controller-1024x768.jpg\" src=\"https:\/\/www.jungsi.de\/blog\/wp-content\/uploads\/Neo-Geo-CD-Controller-1024x768.jpg\" alt=\"Neo Geo CD - Controller\" class=\"wp-image-22234\" srcset=\"https:\/\/www.jungsi.de\/blog\/wp-content\/uploads\/Neo-Geo-CD-Controller-1024x768.jpg 1024w, https:\/\/www.jungsi.de\/blog\/wp-content\/uploads\/Neo-Geo-CD-Controller-300x225.jpg 300w, https:\/\/www.jungsi.de\/blog\/wp-content\/uploads\/Neo-Geo-CD-Controller.jpg 1400w\" sizes=\"auto, (max-width: 1024px) 100vw, 1024px\" \/><figcaption class=\"wp-element-caption\">Neo Geo CD \u2013 Controller<\/figcaption><\/figure>\n<\/div>","protected":false},"excerpt":{"rendered":"<p>SNK Neo Geo Das SNK Neo Geo AES ist eine der exklusivsten Heimkonsolen, die je gebaut wurden \u2014 buchst\u00e4blich. Als 1990 ver\u00f6ffentlichtes System war es \u2026<\/p>","protected":false},"author":2,"featured_media":0,"parent":18078,"menu_order":0,"comment_status":"closed","ping_status":"closed","template":"","meta":{"_lmt_disableupdate":"","_lmt_disable":"","ngg_post_thumbnail":0,"jetpack_post_was_ever_published":false,"footnotes":"","_links_to":"","_links_to_target":""},"class_list":["post-23207","page","type-page","status-publish","hentry"],"jetpack_shortlink":"https:\/\/wp.me\/P4eXvk-62j","jetpack_sharing_enabled":true,"jetpack_likes_enabled":true,"jetpack-related-posts":[{"id":23181,"url":"https:\/\/www.jungsi.de\/en\/handheld-konsolen\/neo-geo-pocket\/","url_meta":{"origin":23207,"position":0},"title":"Neo Geo Pocket","author":"Jungsi","date":"31. May 2019","format":false,"excerpt":"SNK Neo Geo Pocket Neo Geo Pocket Color Der Neo Geo Pocket Color war SNKs einziger ernsthafter Versuch im Handheld-Markt \u2014 und er war bemerkenswert gut. Das 1999 erschienene Ger\u00e4t \u00fcberzeugte mit einem knackigen Farbdisplay, einem taktilen Mikroschalter-Joystick der auch die h\u00e4rtesten Spielsitzungen \u00fcberstand, und einer Spielebibliothek, die vor allem\u2026","rel":"","context":"Similar post","block_context":{"text":"Similar post","link":""},"img":{"alt_text":"Flash Masta","src":"https:\/\/i0.wp.com\/www.jungsi.de\/blog\/wp-content\/uploads\/Flash-Masta-Oberseite.jpg?resize=350%2C200&ssl=1","width":350,"height":200,"srcset":"https:\/\/i0.wp.com\/www.jungsi.de\/blog\/wp-content\/uploads\/Flash-Masta-Oberseite.jpg?resize=350%2C200&ssl=1 1x, https:\/\/i0.wp.com\/www.jungsi.de\/blog\/wp-content\/uploads\/Flash-Masta-Oberseite.jpg?resize=525%2C300&ssl=1 1.5x, https:\/\/i0.wp.com\/www.jungsi.de\/blog\/wp-content\/uploads\/Flash-Masta-Oberseite.jpg?resize=700%2C400&ssl=1 2x, https:\/\/i0.wp.com\/www.jungsi.de\/blog\/wp-content\/uploads\/Flash-Masta-Oberseite.jpg?resize=1050%2C600&ssl=1 3x, https:\/\/i0.wp.com\/www.jungsi.de\/blog\/wp-content\/uploads\/Flash-Masta-Oberseite.jpg?resize=1400%2C800&ssl=1 4x"},"classes":[]},{"id":12379,"url":"https:\/\/www.jungsi.de\/en\/spiele\/sonstige-spiele\/","url_meta":{"origin":23207,"position":1},"title":"Sonstige Spiele\/Software","author":"Jungsi","date":"15. January 2016","format":false,"excerpt":"Sonstige Spiele\/Software Da ich f\u00fcr die folgenden Systeme weniger als 10 Spiele bzw. Software besitze, werden diese nicht auf einer eigenen Seite pr\u00e4sentiert. Amstrad GX4000 Atari 7800 Apple IIe Bandai WonderSwan Color MSX Sharp MZ SNK Neo Geo AES SNK Neo Geo Pocket Thomson Acorn BBC Micro Attack On Alpha\u2026","rel":"","context":"Similar post","block_context":{"text":"Similar post","link":""},"img":{"alt_text":"Football - Atari XL","src":"https:\/\/i0.wp.com\/www.jungsi.de\/blog\/wp-content\/uploads\/football-atari-xl.jpg?resize=350%2C200&ssl=1","width":350,"height":200,"srcset":"https:\/\/i0.wp.com\/www.jungsi.de\/blog\/wp-content\/uploads\/football-atari-xl.jpg?resize=350%2C200&ssl=1 1x, https:\/\/i0.wp.com\/www.jungsi.de\/blog\/wp-content\/uploads\/football-atari-xl.jpg?resize=525%2C300&ssl=1 1.5x, https:\/\/i0.wp.com\/www.jungsi.de\/blog\/wp-content\/uploads\/football-atari-xl.jpg?resize=700%2C400&ssl=1 2x"},"classes":[]},{"id":35159,"url":"https:\/\/www.jungsi.de\/en\/konsolen-emulator\/","url_meta":{"origin":23207,"position":2},"title":"Konsolen-Emulator","author":"Jungsi","date":"18. January 2025","format":false,"excerpt":"Hier eine Liste meiner Konsolen, die auf Emulatoren basieren (oft als \u201aMini\u2018-Version erh\u00e4ltlich), geordnet nach Erscheinungsdatum. Nintendo Classic Mini (2016) SNES Classic Mini (2017) Neo Geo Mini (2018) PlayStation Classic (2018) Sega Mega Drive Mini (2019) Evercade VS (2021) Sega Mega Drive Mini II (2022) Atari 2600+ (2023) Evercade VS\u2026","rel":"","context":"Similar post","block_context":{"text":"Similar post","link":""},"img":{"alt_text":"Nintendo Classic Mini","src":"https:\/\/i0.wp.com\/www.jungsi.de\/blog\/wp-content\/uploads\/Nintendo-Classic-Mini.jpg?resize=350%2C200&ssl=1","width":350,"height":200,"srcset":"https:\/\/i0.wp.com\/www.jungsi.de\/blog\/wp-content\/uploads\/Nintendo-Classic-Mini.jpg?resize=350%2C200&ssl=1 1x, https:\/\/i0.wp.com\/www.jungsi.de\/blog\/wp-content\/uploads\/Nintendo-Classic-Mini.jpg?resize=525%2C300&ssl=1 1.5x, https:\/\/i0.wp.com\/www.jungsi.de\/blog\/wp-content\/uploads\/Nintendo-Classic-Mini.jpg?resize=700%2C400&ssl=1 2x, https:\/\/i0.wp.com\/www.jungsi.de\/blog\/wp-content\/uploads\/Nintendo-Classic-Mini.jpg?resize=1050%2C600&ssl=1 3x, https:\/\/i0.wp.com\/www.jungsi.de\/blog\/wp-content\/uploads\/Nintendo-Classic-Mini.jpg?resize=1400%2C800&ssl=1 4x"},"classes":[]},{"id":18292,"url":"https:\/\/www.jungsi.de\/en\/konsolen\/vectrex\/","url_meta":{"origin":23207,"position":3},"title":"MB Vectrex","author":"Jungsi","date":"19. August 2017","format":false,"excerpt":"MB Vectrex Vectrex Das Vectrex ist eine bemerkenswerte Konsole im Bereich der Videospielger\u00e4te. Es setzt auf Vektorgrafik, bei der sich der Elektronenstrahl frei bewegt, anstatt in Zeilen zu scannen. Dies erm\u00f6glicht schnelle Bewegungen, allerdings sind gef\u00fcllte Fl\u00e4chen schwierig darzustellen. Jay Smith, der Erfinder des Microvision-Handhelds, entwickelte diese Konsole mit einem\u2026","rel":"","context":"Similar post","block_context":{"text":"Similar post","link":""},"img":{"alt_text":"Vectorlink - Verpackung Oberseite","src":"https:\/\/i0.wp.com\/www.jungsi.de\/blog\/wp-content\/uploads\/Vectorlink-Verpackung-Oberseite.jpg?resize=350%2C200&ssl=1","width":350,"height":200,"srcset":"https:\/\/i0.wp.com\/www.jungsi.de\/blog\/wp-content\/uploads\/Vectorlink-Verpackung-Oberseite.jpg?resize=350%2C200&ssl=1 1x, https:\/\/i0.wp.com\/www.jungsi.de\/blog\/wp-content\/uploads\/Vectorlink-Verpackung-Oberseite.jpg?resize=525%2C300&ssl=1 1.5x, https:\/\/i0.wp.com\/www.jungsi.de\/blog\/wp-content\/uploads\/Vectorlink-Verpackung-Oberseite.jpg?resize=700%2C400&ssl=1 2x, https:\/\/i0.wp.com\/www.jungsi.de\/blog\/wp-content\/uploads\/Vectorlink-Verpackung-Oberseite.jpg?resize=1050%2C600&ssl=1 3x, https:\/\/i0.wp.com\/www.jungsi.de\/blog\/wp-content\/uploads\/Vectorlink-Verpackung-Oberseite.jpg?resize=1400%2C800&ssl=1 4x"},"classes":[]},{"id":28312,"url":"https:\/\/www.jungsi.de\/en\/konsolen\/atari-konsolen\/","url_meta":{"origin":23207,"position":4},"title":"Atari Konsolen","author":"Jungsi","date":"16. January 2023","format":false,"excerpt":"Atari Konsolen Atari VCS Atari 7800 Atari Jaguar Geschichte von Atari und deren Spielekonsolen Gr\u00fcndung und Fr\u00fche Jahre (1972-1976): Gr\u00fcndung: Atari, Inc. wurde 1972 von Nolan Bushnell und Ted Dabney gegr\u00fcndet. Das Unternehmen wurde schnell durch die Ver\u00f6ffentlichung des Arcade-Spiels Pong bekannt, das zu einem riesigen Erfolg wurde und Atari\u2026","rel":"","context":"Similar post","block_context":{"text":"Similar post","link":""},"img":{"alt_text":"","src":"","width":0,"height":0},"classes":[]},{"id":18281,"url":"https:\/\/www.jungsi.de\/en\/konsolen\/mattel-intellivision\/","url_meta":{"origin":23207,"position":5},"title":"Mattel Intellivision","author":"Jungsi","date":"17. August 2017","format":false,"excerpt":"Mattel Intellivision Mattel Intellivision 1980 brachte der Spielzeugriese Mattel die Konsole Intellivision heraus, w\u00e4hrend Atari mit seinem VCS den Markt dominierte. Intellivision bot eine 16-Bit-CPU, die weit bessere Spiele als die einfache Blockgrafik des VCS erm\u00f6glichte. Mattel setzte dabei auf Sportlizenzen, obwohl der Controller als etwas kompliziert galt. Die Steuerung\u2026","rel":"","context":"Similar post","block_context":{"text":"Similar post","link":""},"img":{"alt_text":"Mattel Intellivision","src":"https:\/\/i0.wp.com\/www.jungsi.de\/blog\/wp-content\/uploads\/matell-intellivison_3.jpg?resize=350%2C200&ssl=1","width":350,"height":200,"srcset":"https:\/\/i0.wp.com\/www.jungsi.de\/blog\/wp-content\/uploads\/matell-intellivison_3.jpg?resize=350%2C200&ssl=1 1x, https:\/\/i0.wp.com\/www.jungsi.de\/blog\/wp-content\/uploads\/matell-intellivison_3.jpg?resize=525%2C300&ssl=1 1.5x, https:\/\/i0.wp.com\/www.jungsi.de\/blog\/wp-content\/uploads\/matell-intellivison_3.jpg?resize=700%2C400&ssl=1 2x"},"classes":[]}],"_links":{"self":[{"href":"https:\/\/www.jungsi.de\/en\/wp-json\/wp\/v2\/pages\/23207","targetHints":{"allow":["GET"]}}],"collection":[{"href":"https:\/\/www.jungsi.de\/en\/wp-json\/wp\/v2\/pages"}],"about":[{"href":"https:\/\/www.jungsi.de\/en\/wp-json\/wp\/v2\/types\/page"}],"author":[{"embeddable":true,"href":"https:\/\/www.jungsi.de\/en\/wp-json\/wp\/v2\/users\/2"}],"replies":[{"embeddable":true,"href":"https:\/\/www.jungsi.de\/en\/wp-json\/wp\/v2\/comments?post=23207"}],"version-history":[{"count":1,"href":"https:\/\/www.jungsi.de\/en\/wp-json\/wp\/v2\/pages\/23207\/revisions"}],"predecessor-version":[{"id":40540,"href":"https:\/\/www.jungsi.de\/en\/wp-json\/wp\/v2\/pages\/23207\/revisions\/40540"}],"up":[{"embeddable":true,"href":"https:\/\/www.jungsi.de\/en\/wp-json\/wp\/v2\/pages\/18078"}],"wp:attachment":[{"href":"https:\/\/www.jungsi.de\/en\/wp-json\/wp\/v2\/media?parent=23207"}],"curies":[{"name":"wp","href":"https:\/\/api.w.org\/{rel}","templated":true}]}}