{"id":23181,"date":"2019-05-31T17:37:38","date_gmt":"2019-05-31T15:37:38","guid":{"rendered":"https:\/\/www.jungsi.de\/?page_id=23181"},"modified":"2026-03-28T19:12:26","modified_gmt":"2026-03-28T18:12:26","slug":"neo-geo-pocket","status":"publish","type":"page","link":"https:\/\/www.jungsi.de\/en\/handheld-konsolen\/neo-geo-pocket\/","title":{"rendered":"Neo Geo Pocket"},"content":{"rendered":"<p><\/p>\n\n\n\n<h2 class=\"wp-block-heading has-text-align-center\">SNK <strong>Neo Geo Pocket<\/strong><\/h2>\n\n\n<div class=\"wp-block-image size-large wp-image-22086\">\n<figure class=\"aligncenter\"><img loading=\"lazy\" decoding=\"async\" width=\"1024\" height=\"768\" data-attachment-id=\"22086\" data-permalink=\"https:\/\/www.jungsi.de\/en\/neo-geo-pocket-color-snk\/neo-geo-pocket-color\/\" data-orig-file=\"https:\/\/www.jungsi.de\/blog\/wp-content\/uploads\/Neo-Geo-Pocket-Color.jpg\" data-orig-size=\"1400,1050\" data-comments-opened=\"1\" data-image-meta=\"{&quot;aperture&quot;:&quot;3.5&quot;,&quot;credit&quot;:&quot;&quot;,&quot;camera&quot;:&quot;Canon PowerShot SX260 HS&quot;,&quot;caption&quot;:&quot;&quot;,&quot;created_timestamp&quot;:&quot;1546613163&quot;,&quot;copyright&quot;:&quot;&quot;,&quot;focal_length&quot;:&quot;4.5&quot;,&quot;iso&quot;:&quot;1000&quot;,&quot;shutter_speed&quot;:&quot;0.05&quot;,&quot;title&quot;:&quot;&quot;,&quot;orientation&quot;:&quot;1&quot;}\" data-image-title=\"Neo Geo Pocket Color\" data-image-description=\"&lt;p&gt;Neo Geo Pocket Color&lt;\/p&gt;\" data-image-caption=\"&lt;p&gt;Neo Geo Pocket Color&lt;\/p&gt;\" data-large-file=\"https:\/\/www.jungsi.de\/blog\/wp-content\/uploads\/Neo-Geo-Pocket-Color-1024x768.jpg\" src=\"https:\/\/www.jungsi.de\/blog\/wp-content\/uploads\/Neo-Geo-Pocket-Color-1024x768.jpg\" alt=\"Neo Geo Pocket Color\" class=\"wp-image-22086\" srcset=\"https:\/\/www.jungsi.de\/blog\/wp-content\/uploads\/Neo-Geo-Pocket-Color-1024x768.jpg 1024w, https:\/\/www.jungsi.de\/blog\/wp-content\/uploads\/Neo-Geo-Pocket-Color-300x225.jpg 300w, https:\/\/www.jungsi.de\/blog\/wp-content\/uploads\/Neo-Geo-Pocket-Color.jpg 1400w\" sizes=\"auto, (max-width: 1024px) 100vw, 1024px\" \/><figcaption class=\"wp-element-caption\">Neo Geo Pocket Color<\/figcaption><\/figure>\n<\/div>\n\n\n<p>Der Neo Geo Pocket Color war SNKs einziger ernsthafter Versuch im Handheld-Markt \u2014 und er war bemerkenswert gut. Das 1999 erschienene Ger\u00e4t \u00fcberzeugte mit einem knackigen Farbdisplay, einem taktilen Mikroschalter-Joystick der auch die h\u00e4rtesten Spielsitzungen \u00fcberstand, und einer Spielebibliothek, die vor allem Kampfspiel-Fans begeisterte. King of Fighters R-2, Samurai Shodown 2 und SNK vs. Capcom zeigten, was das Ger\u00e4t drauf hatte. Dank eines Crossover-Kabels mit dem Sega Dreamcast entstanden sogar plattform\u00fcbergreifende Verbindungen \u2014 ein damals einzigartiges Feature. SNKs finanzielle Schwierigkeiten und die erdr\u00fcckende Konkurrenz durch den Game Boy Color verhinderten jedoch den internationalen Durchbruch. In Japan war der Pocket Color respektabel erfolgreich; weltweit blieb er ein Geheimtipp, der bis heute von Kennern sehr gesch\u00e4tzt wird.<\/p>\n\n\n\n<table id=\"tablepress-269\" class=\"tablepress tablepress-id-269 tbody-has-connected-cells\">\n<tbody>\n<tr class=\"row-1\">\n\t<td class=\"column-1\"><strong>Ver\u00f6ffentlichung:<\/strong><\/td><td class=\"column-2\">1999<\/td>\n<\/tr>\n<tr class=\"row-2\">\n\t<td class=\"column-1\"><strong>verkaufte Einheiten:<\/strong><\/td><td class=\"column-2\">2.000.000<\/td>\n<\/tr>\n<tr class=\"row-3\">\n\t<td class=\"column-1\"><strong>Prozessor:<\/strong><\/td><td class=\"column-2\">Toshiba TLCS900H &#8211; 6.144 MHz; Z80 &#8211; 3.072 MHz f\u00fcr Sound<\/td>\n<\/tr>\n<tr class=\"row-4\">\n\t<td class=\"column-1\"><strong>RAM:<\/strong><br \/>\n<strong>ROM:<\/strong><br \/>\n<\/td><td class=\"column-2\">12 k f\u00fcr 900H, 4 k f\u00fcrZ80<br \/>\n64 k Boot-ROM<\/td>\n<\/tr>\n<tr class=\"row-5\">\n\t<td class=\"column-1\"><strong>Grafikaufl\u00f6sung:<\/strong><\/td><td class=\"column-2\">160 x 152<\/td>\n<\/tr>\n<tr class=\"row-6\">\n\t<td class=\"column-1\"><strong>Farbpalette:<\/strong> <\/td><td class=\"column-2\">6 Paletten pro Ebene, 48 Paletten. 146 von 4096 Farben auf dem Bildschirm (oder 20 von 4096 Farben im Schwarzwei\u00dfmodus)<\/td>\n<\/tr>\n<tr class=\"row-7\">\n\t<td class=\"column-1\"><strong>Sound<\/strong><\/td><td class=\"column-2\">Variante des SN76489, T6W28 (3 Stereo-Rechteck-Tongeneratoren + 1 Mono-Rauschgenerator + direkter Zugriff auf die beiden 6-Bit-Digital-Analog-Wandler)<\/td>\n<\/tr>\n<tr class=\"row-8\">\n\t<td class=\"column-1\"><strong>Speichermedien:<\/strong><\/td><td class=\"column-2\">Maximal 4 MB (32 Mbit) mit 4 bis 16 Mbit Flash-Speicher<\/td>\n<\/tr>\n<tr class=\"row-9\">\n\t<td class=\"column-1\"><strong>Sprites:<\/strong><\/td><td class=\"column-2\">64 Sprites pro Frame (8&#215;8), vier Farben pro Sprite<\/td>\n<\/tr>\n<tr class=\"row-10\">\n\t<td colspan=\"2\" class=\"column-1\"><a href=\"https:\/\/wp.me\/p4eXvk-5I1\" rel=\"noopener\" target=\"_blank\">Link zum Artikel<\/a><\/td>\n<\/tr>\n<\/tbody>\n<\/table>\n<!-- #tablepress-269 from cache -->\n\n<div class=\"wp-block-image size-large wp-image-23184\">\n<figure class=\"aligncenter\"><img loading=\"lazy\" decoding=\"async\" width=\"1024\" height=\"768\" data-attachment-id=\"23184\" data-permalink=\"https:\/\/www.jungsi.de\/en\/handheld-konsolen\/neo-geo-pocket\/flash-masta-oberseite\/\" data-orig-file=\"https:\/\/www.jungsi.de\/blog\/wp-content\/uploads\/Flash-Masta-Oberseite.jpg\" data-orig-size=\"1400,1050\" data-comments-opened=\"1\" data-image-meta=\"{&quot;aperture&quot;:&quot;3.5&quot;,&quot;credit&quot;:&quot;&quot;,&quot;camera&quot;:&quot;Canon PowerShot SX260 HS&quot;,&quot;caption&quot;:&quot;&quot;,&quot;created_timestamp&quot;:&quot;1545413218&quot;,&quot;copyright&quot;:&quot;&quot;,&quot;focal_length&quot;:&quot;4.5&quot;,&quot;iso&quot;:&quot;1600&quot;,&quot;shutter_speed&quot;:&quot;0.066666666666667&quot;,&quot;title&quot;:&quot;&quot;,&quot;orientation&quot;:&quot;1&quot;}\" data-image-title=\"Flash Masta &amp;#8211; Oberseite\" data-image-description=\"&lt;p&gt;Flash Masta&lt;\/p&gt;\" data-image-caption=\"&lt;p&gt;Flash Masta&lt;\/p&gt;\" data-large-file=\"https:\/\/www.jungsi.de\/blog\/wp-content\/uploads\/Flash-Masta-Oberseite-1024x768.jpg\" src=\"https:\/\/www.jungsi.de\/blog\/wp-content\/uploads\/Flash-Masta-Oberseite-1024x768.jpg\" alt=\"Flash Masta\" class=\"wp-image-23184\" srcset=\"https:\/\/www.jungsi.de\/blog\/wp-content\/uploads\/Flash-Masta-Oberseite-1024x768.jpg 1024w, https:\/\/www.jungsi.de\/blog\/wp-content\/uploads\/Flash-Masta-Oberseite-300x225.jpg 300w, https:\/\/www.jungsi.de\/blog\/wp-content\/uploads\/Flash-Masta-Oberseite.jpg 1400w\" sizes=\"auto, (max-width: 1024px) 100vw, 1024px\" \/><figcaption class=\"wp-element-caption\">Flash Masta<\/figcaption><\/figure>\n<\/div>\n\n\n<figure class=\"wp-block-image size-large\"><img loading=\"lazy\" decoding=\"async\" width=\"1024\" height=\"768\" data-attachment-id=\"23555\" data-permalink=\"https:\/\/www.jungsi.de\/en\/neogeo-pocket-sd-snk-neogeo\/neogeo-pocket-sd\/\" data-orig-file=\"https:\/\/www.jungsi.de\/blog\/wp-content\/uploads\/NeoGeo-Pocket-SD.jpg\" data-orig-size=\"1400,1050\" data-comments-opened=\"1\" data-image-meta=\"{&quot;aperture&quot;:&quot;3.5&quot;,&quot;credit&quot;:&quot;&quot;,&quot;camera&quot;:&quot;Canon PowerShot SX260 HS&quot;,&quot;caption&quot;:&quot;&quot;,&quot;created_timestamp&quot;:&quot;1563902948&quot;,&quot;copyright&quot;:&quot;&quot;,&quot;focal_length&quot;:&quot;4.5&quot;,&quot;iso&quot;:&quot;1000&quot;,&quot;shutter_speed&quot;:&quot;0.05&quot;,&quot;title&quot;:&quot;&quot;,&quot;orientation&quot;:&quot;1&quot;}\" data-image-title=\"NeoGeo Pocket SD\" data-image-description=\"&lt;p&gt;NeoGeo Pocket SD&lt;\/p&gt;\" data-image-caption=\"&lt;p&gt;NeoGeo Pocket SD&lt;\/p&gt;\" data-large-file=\"https:\/\/www.jungsi.de\/blog\/wp-content\/uploads\/NeoGeo-Pocket-SD-1024x768.jpg\" src=\"https:\/\/www.jungsi.de\/blog\/wp-content\/uploads\/NeoGeo-Pocket-SD-1024x768.jpg\" alt=\"\" class=\"wp-image-23555\" srcset=\"https:\/\/www.jungsi.de\/blog\/wp-content\/uploads\/NeoGeo-Pocket-SD-1024x768.jpg 1024w, https:\/\/www.jungsi.de\/blog\/wp-content\/uploads\/NeoGeo-Pocket-SD-300x225.jpg 300w, https:\/\/www.jungsi.de\/blog\/wp-content\/uploads\/NeoGeo-Pocket-SD.jpg 1400w\" sizes=\"auto, (max-width: 1024px) 100vw, 1024px\" \/><figcaption class=\"wp-element-caption\">NeoGeo Pocket SD<\/figcaption><\/figure>","protected":false},"excerpt":{"rendered":"<p>SNK Neo Geo Pocket Der Neo Geo Pocket Color war SNKs einziger ernsthafter Versuch im Handheld-Markt \u2014 und er war bemerkenswert gut. Das 1999 erschienene \u2026<\/p>","protected":false},"author":2,"featured_media":23184,"parent":19664,"menu_order":0,"comment_status":"closed","ping_status":"closed","template":"","meta":{"_lmt_disableupdate":"","_lmt_disable":"","ngg_post_thumbnail":0,"jetpack_post_was_ever_published":false,"footnotes":"","_links_to":"","_links_to_target":""},"class_list":["post-23181","page","type-page","status-publish","has-post-thumbnail","hentry"],"jetpack_shortlink":"https:\/\/wp.me\/P4eXvk-61T","jetpack_sharing_enabled":true,"jetpack_likes_enabled":true,"jetpack-related-posts":[{"id":12379,"url":"https:\/\/www.jungsi.de\/en\/spiele\/sonstige-spiele\/","url_meta":{"origin":23181,"position":0},"title":"Sonstige Spiele\/Software","author":"Jungsi","date":"15. January 2016","format":false,"excerpt":"Sonstige Spiele\/Software Da ich f\u00fcr die folgenden Systeme weniger als 10 Spiele bzw. Software besitze, werden diese nicht auf einer eigenen Seite pr\u00e4sentiert. Amstrad GX4000 Atari 7800 Apple IIe Bandai WonderSwan Color MSX Sharp MZ SNK Neo Geo AES SNK Neo Geo Pocket Thomson Acorn BBC Micro Attack On Alpha\u2026","rel":"","context":"Similar post","block_context":{"text":"Similar post","link":""},"img":{"alt_text":"Football - Atari XL","src":"https:\/\/i0.wp.com\/www.jungsi.de\/blog\/wp-content\/uploads\/football-atari-xl.jpg?resize=350%2C200&ssl=1","width":350,"height":200,"srcset":"https:\/\/i0.wp.com\/www.jungsi.de\/blog\/wp-content\/uploads\/football-atari-xl.jpg?resize=350%2C200&ssl=1 1x, https:\/\/i0.wp.com\/www.jungsi.de\/blog\/wp-content\/uploads\/football-atari-xl.jpg?resize=525%2C300&ssl=1 1.5x, https:\/\/i0.wp.com\/www.jungsi.de\/blog\/wp-content\/uploads\/football-atari-xl.jpg?resize=700%2C400&ssl=1 2x"},"classes":[]},{"id":23207,"url":"https:\/\/www.jungsi.de\/en\/konsolen\/snk-neo-geo\/","url_meta":{"origin":23181,"position":1},"title":"SNK Neo Geo","author":"Jungsi","date":"31. May 2019","format":false,"excerpt":"SNK Neo Geo SNK Neo Geo AES Das SNK Neo Geo AES ist eine der exklusivsten Heimkonsolen, die je gebaut wurden \u2014 buchst\u00e4blich. Als 1990 ver\u00f6ffentlichtes System war es identisch mit SNKs professionellen Arcade-Automaten, was bedeutete: echte Arcade-Qualit\u00e4t zuhause, ohne Kompromisse. Der Preis spiegelte das wider \u2014 umgerechnet \u00fcber 600\u2026","rel":"","context":"Similar post","block_context":{"text":"Similar post","link":""},"img":{"alt_text":"Neo Geo AES","src":"https:\/\/i0.wp.com\/www.jungsi.de\/blog\/wp-content\/uploads\/Neo-Geo-AES-schr%C3%A4ge-seitlich.jpg?resize=350%2C200&ssl=1","width":350,"height":200,"srcset":"https:\/\/i0.wp.com\/www.jungsi.de\/blog\/wp-content\/uploads\/Neo-Geo-AES-schr%C3%A4ge-seitlich.jpg?resize=350%2C200&ssl=1 1x, https:\/\/i0.wp.com\/www.jungsi.de\/blog\/wp-content\/uploads\/Neo-Geo-AES-schr%C3%A4ge-seitlich.jpg?resize=525%2C300&ssl=1 1.5x, https:\/\/i0.wp.com\/www.jungsi.de\/blog\/wp-content\/uploads\/Neo-Geo-AES-schr%C3%A4ge-seitlich.jpg?resize=700%2C400&ssl=1 2x, https:\/\/i0.wp.com\/www.jungsi.de\/blog\/wp-content\/uploads\/Neo-Geo-AES-schr%C3%A4ge-seitlich.jpg?resize=1050%2C600&ssl=1 3x, https:\/\/i0.wp.com\/www.jungsi.de\/blog\/wp-content\/uploads\/Neo-Geo-AES-schr%C3%A4ge-seitlich.jpg?resize=1400%2C800&ssl=1 4x"},"classes":[]},{"id":35159,"url":"https:\/\/www.jungsi.de\/en\/konsolen-emulator\/","url_meta":{"origin":23181,"position":2},"title":"Konsolen-Emulator","author":"Jungsi","date":"18. January 2025","format":false,"excerpt":"Hier eine Liste meiner Konsolen, die auf Emulatoren basieren (oft als \u201aMini\u2018-Version erh\u00e4ltlich), geordnet nach Erscheinungsdatum. Nintendo Classic Mini (2016) SNES Classic Mini (2017) Neo Geo Mini (2018) PlayStation Classic (2018) Sega Mega Drive Mini (2019) Evercade VS (2021) Sega Mega Drive Mini II (2022) Atari 2600+ (2023) Evercade VS\u2026","rel":"","context":"Similar post","block_context":{"text":"Similar post","link":""},"img":{"alt_text":"Nintendo Classic Mini","src":"https:\/\/i0.wp.com\/www.jungsi.de\/blog\/wp-content\/uploads\/Nintendo-Classic-Mini.jpg?resize=350%2C200&ssl=1","width":350,"height":200,"srcset":"https:\/\/i0.wp.com\/www.jungsi.de\/blog\/wp-content\/uploads\/Nintendo-Classic-Mini.jpg?resize=350%2C200&ssl=1 1x, https:\/\/i0.wp.com\/www.jungsi.de\/blog\/wp-content\/uploads\/Nintendo-Classic-Mini.jpg?resize=525%2C300&ssl=1 1.5x, https:\/\/i0.wp.com\/www.jungsi.de\/blog\/wp-content\/uploads\/Nintendo-Classic-Mini.jpg?resize=700%2C400&ssl=1 2x, https:\/\/i0.wp.com\/www.jungsi.de\/blog\/wp-content\/uploads\/Nintendo-Classic-Mini.jpg?resize=1050%2C600&ssl=1 3x, https:\/\/i0.wp.com\/www.jungsi.de\/blog\/wp-content\/uploads\/Nintendo-Classic-Mini.jpg?resize=1400%2C800&ssl=1 4x"},"classes":[]},{"id":18292,"url":"https:\/\/www.jungsi.de\/en\/konsolen\/vectrex\/","url_meta":{"origin":23181,"position":3},"title":"MB Vectrex","author":"Jungsi","date":"19. August 2017","format":false,"excerpt":"MB Vectrex Vectrex Das Vectrex ist eine bemerkenswerte Konsole im Bereich der Videospielger\u00e4te. Es setzt auf Vektorgrafik, bei der sich der Elektronenstrahl frei bewegt, anstatt in Zeilen zu scannen. Dies erm\u00f6glicht schnelle Bewegungen, allerdings sind gef\u00fcllte Fl\u00e4chen schwierig darzustellen. Jay Smith, der Erfinder des Microvision-Handhelds, entwickelte diese Konsole mit einem\u2026","rel":"","context":"Similar post","block_context":{"text":"Similar post","link":""},"img":{"alt_text":"Vectorlink - Verpackung Oberseite","src":"https:\/\/i0.wp.com\/www.jungsi.de\/blog\/wp-content\/uploads\/Vectorlink-Verpackung-Oberseite.jpg?resize=350%2C200&ssl=1","width":350,"height":200,"srcset":"https:\/\/i0.wp.com\/www.jungsi.de\/blog\/wp-content\/uploads\/Vectorlink-Verpackung-Oberseite.jpg?resize=350%2C200&ssl=1 1x, https:\/\/i0.wp.com\/www.jungsi.de\/blog\/wp-content\/uploads\/Vectorlink-Verpackung-Oberseite.jpg?resize=525%2C300&ssl=1 1.5x, https:\/\/i0.wp.com\/www.jungsi.de\/blog\/wp-content\/uploads\/Vectorlink-Verpackung-Oberseite.jpg?resize=700%2C400&ssl=1 2x, https:\/\/i0.wp.com\/www.jungsi.de\/blog\/wp-content\/uploads\/Vectorlink-Verpackung-Oberseite.jpg?resize=1050%2C600&ssl=1 3x, https:\/\/i0.wp.com\/www.jungsi.de\/blog\/wp-content\/uploads\/Vectorlink-Verpackung-Oberseite.jpg?resize=1400%2C800&ssl=1 4x"},"classes":[]},{"id":27749,"url":"https:\/\/www.jungsi.de\/en\/heimcomputer\/atari-die-sammlung\/atari-portfolio\/","url_meta":{"origin":23181,"position":4},"title":"Atari Portfolio","author":"Jungsi","date":"13. January 2023","format":false,"excerpt":"Atari Portfolio Atari Portfolio Der Atari Portfolio, eingef\u00fchrt im Jahr 1989, war der erste MS-DOS-kompatible Handheld-Computer. Entwickelt von DIP (Distributed Information Processing Limited) und sp\u00e4ter von Atari lizenziert, hatte er die Gr\u00f6\u00dfe einer VHS-Kassette und wog 505 Gramm, was ihn zu einem Vorl\u00e4ufer der sp\u00e4teren PDAs macht. Der kleine Computer\u2026","rel":"","context":"Similar post","block_context":{"text":"Similar post","link":""},"img":{"alt_text":"","src":"https:\/\/i0.wp.com\/www.jungsi.de\/blog\/wp-content\/uploads\/Atari-Portfolio-Deckel-offen-schraeg.jpg?resize=350%2C200&ssl=1","width":350,"height":200,"srcset":"https:\/\/i0.wp.com\/www.jungsi.de\/blog\/wp-content\/uploads\/Atari-Portfolio-Deckel-offen-schraeg.jpg?resize=350%2C200&ssl=1 1x, https:\/\/i0.wp.com\/www.jungsi.de\/blog\/wp-content\/uploads\/Atari-Portfolio-Deckel-offen-schraeg.jpg?resize=525%2C300&ssl=1 1.5x, https:\/\/i0.wp.com\/www.jungsi.de\/blog\/wp-content\/uploads\/Atari-Portfolio-Deckel-offen-schraeg.jpg?resize=700%2C400&ssl=1 2x, https:\/\/i0.wp.com\/www.jungsi.de\/blog\/wp-content\/uploads\/Atari-Portfolio-Deckel-offen-schraeg.jpg?resize=1050%2C600&ssl=1 3x, https:\/\/i0.wp.com\/www.jungsi.de\/blog\/wp-content\/uploads\/Atari-Portfolio-Deckel-offen-schraeg.jpg?resize=1400%2C800&ssl=1 4x"},"classes":[]},{"id":19684,"url":"https:\/\/www.jungsi.de\/en\/handheld-konsolen\/nintendo\/game-boy-color\/","url_meta":{"origin":23181,"position":5},"title":"Nintendo Game Boy Color","author":"Jungsi","date":"26. February 2018","format":false,"excerpt":"Nintendo Game Boy Color Game Boy Color - puple clear Der Nintendo Game Boy Color war ein Meilenstein in der Geschichte der tragbaren Videospiele und markierte einen bedeutenden Schritt nach vorne in der Entwicklung der Game-Boy-Serie. Die Geschichte des Game Boy Color beginnt in den sp\u00e4ten 1990er Jahren. Der urspr\u00fcngliche\u2026","rel":"","context":"Similar post","block_context":{"text":"Similar post","link":""},"img":{"alt_text":"Game Boy Color - puple clear","src":"https:\/\/i0.wp.com\/www.jungsi.de\/blog\/wp-content\/uploads\/Gamboy-Color-puple-clear_2-1.jpg?resize=350%2C200&ssl=1","width":350,"height":200,"srcset":"https:\/\/i0.wp.com\/www.jungsi.de\/blog\/wp-content\/uploads\/Gamboy-Color-puple-clear_2-1.jpg?resize=350%2C200&ssl=1 1x, https:\/\/i0.wp.com\/www.jungsi.de\/blog\/wp-content\/uploads\/Gamboy-Color-puple-clear_2-1.jpg?resize=525%2C300&ssl=1 1.5x, https:\/\/i0.wp.com\/www.jungsi.de\/blog\/wp-content\/uploads\/Gamboy-Color-puple-clear_2-1.jpg?resize=700%2C400&ssl=1 2x"},"classes":[]}],"_links":{"self":[{"href":"https:\/\/www.jungsi.de\/en\/wp-json\/wp\/v2\/pages\/23181","targetHints":{"allow":["GET"]}}],"collection":[{"href":"https:\/\/www.jungsi.de\/en\/wp-json\/wp\/v2\/pages"}],"about":[{"href":"https:\/\/www.jungsi.de\/en\/wp-json\/wp\/v2\/types\/page"}],"author":[{"embeddable":true,"href":"https:\/\/www.jungsi.de\/en\/wp-json\/wp\/v2\/users\/2"}],"replies":[{"embeddable":true,"href":"https:\/\/www.jungsi.de\/en\/wp-json\/wp\/v2\/comments?post=23181"}],"version-history":[{"count":1,"href":"https:\/\/www.jungsi.de\/en\/wp-json\/wp\/v2\/pages\/23181\/revisions"}],"predecessor-version":[{"id":40543,"href":"https:\/\/www.jungsi.de\/en\/wp-json\/wp\/v2\/pages\/23181\/revisions\/40543"}],"up":[{"embeddable":true,"href":"https:\/\/www.jungsi.de\/en\/wp-json\/wp\/v2\/pages\/19664"}],"wp:featuredmedia":[{"embeddable":true,"href":"https:\/\/www.jungsi.de\/en\/wp-json\/wp\/v2\/media\/23184"}],"wp:attachment":[{"href":"https:\/\/www.jungsi.de\/en\/wp-json\/wp\/v2\/media?parent=23181"}],"curies":[{"name":"wp","href":"https:\/\/api.w.org\/{rel}","templated":true}]}}