{"id":23174,"date":"2019-05-31T17:14:59","date_gmt":"2019-05-31T16:14:59","guid":{"rendered":"https:\/\/www.jungsi.de\/?page_id=23174"},"modified":"2026-03-28T19:11:27","modified_gmt":"2026-03-28T18:11:27","slug":"bandai-wonderswan","status":"publish","type":"page","link":"https:\/\/www.jungsi.de\/en\/handheld-konsolen\/bandai-wonderswan\/","title":{"rendered":"Bandai Wonderswan"},"content":{"rendered":"<p><\/p>\n\n\n\n<h2 class=\"wp-block-heading has-text-align-center\"><strong>Bandai Wonderswan Color<\/strong><\/h2>\n\n\n\n<figure class=\"wp-block-image size-large\"><img loading=\"lazy\" decoding=\"async\" width=\"1024\" height=\"768\" data-attachment-id=\"37686\" data-permalink=\"https:\/\/www.jungsi.de\/en\/handheld-konsolen\/bandai-wonderswan\/wonderswan-color-oberseite\/\" data-orig-file=\"https:\/\/www.jungsi.de\/blog\/wp-content\/uploads\/WonderSwan-Color-Oberseite.jpg\" data-orig-size=\"1400,1050\" data-comments-opened=\"1\" data-image-meta=\"{&quot;aperture&quot;:&quot;1.5&quot;,&quot;credit&quot;:&quot;&quot;,&quot;camera&quot;:&quot;iPhone 14&quot;,&quot;caption&quot;:&quot;&quot;,&quot;created_timestamp&quot;:&quot;1750785519&quot;,&quot;copyright&quot;:&quot;&quot;,&quot;focal_length&quot;:&quot;5.7&quot;,&quot;iso&quot;:&quot;125&quot;,&quot;shutter_speed&quot;:&quot;0.010416666666667&quot;,&quot;title&quot;:&quot;&quot;,&quot;orientation&quot;:&quot;1&quot;}\" data-image-title=\"WonderSwan Color &amp;#8211; Oberseite\" data-image-description=\"&lt;p&gt;WonderSwan Color &amp;#8211; Pearl Blue&lt;\/p&gt;\" data-image-caption=\"&lt;p&gt;WonderSwan Color &amp;#8211; Pearl Blue&lt;\/p&gt;\" data-large-file=\"https:\/\/www.jungsi.de\/blog\/wp-content\/uploads\/WonderSwan-Color-Oberseite-1024x768.jpg\" src=\"https:\/\/www.jungsi.de\/blog\/wp-content\/uploads\/WonderSwan-Color-Oberseite-1024x768.jpg\" alt=\"WonderSwan Color - Pearl Blue\" class=\"wp-image-37686\" srcset=\"https:\/\/www.jungsi.de\/blog\/wp-content\/uploads\/WonderSwan-Color-Oberseite-1024x768.jpg 1024w, https:\/\/www.jungsi.de\/blog\/wp-content\/uploads\/WonderSwan-Color-Oberseite-300x225.jpg 300w, https:\/\/www.jungsi.de\/blog\/wp-content\/uploads\/WonderSwan-Color-Oberseite.jpg 1400w\" sizes=\"auto, (max-width: 1024px) 100vw, 1024px\" \/><figcaption class=\"wp-element-caption\">WonderSwan Color &#8211; Pearl Blue<\/figcaption><\/figure>\n\n\n\n<p>Der WonderSwan ist ein faszinierendes St\u00fcck japanischer Handheld-Geschichte, das au\u00dferhalb Japans kaum jemand kannte. 1999 von Bandai unter Mitwirkung von Gunpei Yokoi \u2014 dem Vater des Game Boy \u2014 entwickelt, war er ausschlie\u00dflich f\u00fcr den japanischen Markt bestimmt. Das schlanke, hochwertige Ger\u00e4t bot eine bemerkenswerte Batterielaufzeit von bis zu 30 Stunden mit einer einzigen AA-Batterie und konnte sowohl horizontal als auch vertikal gehalten werden. Die 2000 erschienene WonderSwan Color brachte einen Farbdisplay und wurde zum Heimat f\u00fcr exklusive Final-Fantasy-Remakes, die die Konsole f\u00fcr RPG-Fans unwiderstehlich machten. In Japan erreichte der WonderSwan kurzzeitig einen Marktanteil von \u00fcber 8 % \u2014 beeindruckend angesichts der Dominanz Nintendos. Mit dem Game Boy Advance 2001 verlor er jedoch rasch an Boden.<\/p>\n\n\n\n<table id=\"tablepress-268\" class=\"tablepress tablepress-id-268 tbody-has-connected-cells\">\n<tbody>\n<tr class=\"row-1\">\n\t<td class=\"column-1\"><strong>Ver\u00f6ffentlichung:<\/strong><\/td><td class=\"column-2\">2000<\/td>\n<\/tr>\n<tr class=\"row-2\">\n\t<td class=\"column-1\"><strong>verkaufte Einheiten:<\/strong><\/td><td class=\"column-2\">3.500.000<\/td>\n<\/tr>\n<tr class=\"row-3\">\n\t<td class=\"column-1\"><strong>Prozessor:<\/strong><\/td><td class=\"column-2\">NEC V30 MZ<\/td>\n<\/tr>\n<tr class=\"row-4\">\n\t<td class=\"column-1\"><strong>Prozessortakt:<\/strong><\/td><td class=\"column-2\">3,072 MHz<\/td>\n<\/tr>\n<tr class=\"row-5\">\n\t<td class=\"column-1\"><strong>RAM:<\/strong><br \/>\n<\/td><td class=\"column-2\">64 KB VRAM\/WRAM (Shared Memory)<\/td>\n<\/tr>\n<tr class=\"row-6\">\n\t<td class=\"column-1\"><strong>Grafikaufl\u00f6sung:<\/strong><\/td><td class=\"column-2\">224 \u00d7 144 Pixel<\/td>\n<\/tr>\n<tr class=\"row-7\">\n\t<td class=\"column-1\"><strong>Farbpalette:<\/strong> <\/td><td class=\"column-2\">4096 Farben, zwei Hardwarelayer mit je 4 oder 16 Farben pro Grafikteil<\/td>\n<\/tr>\n<tr class=\"row-8\">\n\t<td class=\"column-1\"><strong>Sound<\/strong><\/td><td class=\"column-2\">Mono-Lautsprecher eingebaut;<br \/>\nStereoton mit Kopfh\u00f6rern und Kopfh\u00f6reradapter<\/td>\n<\/tr>\n<tr class=\"row-9\">\n\t<td class=\"column-1\"><strong>Speichermedien:<\/strong><\/td><td class=\"column-2\">Cartridge &#8211; max. 16 MB (128 Mbit)<\/td>\n<\/tr>\n<tr class=\"row-10\">\n\t<td class=\"column-1\"><strong>Sprites:<\/strong><\/td><td class=\"column-2\">128 Sprites<\/td>\n<\/tr>\n<tr class=\"row-11\">\n\t<td colspan=\"2\" class=\"column-1\"><a href=\"https:\/\/wp.me\/p4eXvk-5AL\" rel=\"noopener\" target=\"_blank\">Link zum Artikel<\/a><\/td>\n<\/tr>\n<\/tbody>\n<\/table>\n<!-- #tablepress-268 from cache -->\n\n\n<figure class=\"wp-block-image size-large\"><img loading=\"lazy\" decoding=\"async\" width=\"1024\" height=\"576\" data-attachment-id=\"25911\" data-permalink=\"https:\/\/www.jungsi.de\/en\/ws-flash-masta-bandai-wonderswan\/flashmasta-oberseite\/\" data-orig-file=\"https:\/\/www.jungsi.de\/blog\/wp-content\/uploads\/FlashMasta-Oberseite.jpg\" data-orig-size=\"1400,788\" data-comments-opened=\"1\" data-image-meta=\"{&quot;aperture&quot;:&quot;8&quot;,&quot;credit&quot;:&quot;&quot;,&quot;camera&quot;:&quot;DMC-G70&quot;,&quot;caption&quot;:&quot;&quot;,&quot;created_timestamp&quot;:&quot;1617356691&quot;,&quot;copyright&quot;:&quot;&quot;,&quot;focal_length&quot;:&quot;28&quot;,&quot;iso&quot;:&quot;1600&quot;,&quot;shutter_speed&quot;:&quot;0.05&quot;,&quot;title&quot;:&quot;&quot;,&quot;orientation&quot;:&quot;1&quot;}\" data-image-title=\"FlashMasta &amp;#8211; Oberseite\" data-image-description=\"&lt;p&gt;FlashMasta &amp;#8211; Oberseite&lt;\/p&gt;\" data-image-caption=\"&lt;p&gt;WonderSwan FlashMasta&lt;\/p&gt;\" data-large-file=\"https:\/\/www.jungsi.de\/blog\/wp-content\/uploads\/FlashMasta-Oberseite-1024x576.jpg\" src=\"https:\/\/www.jungsi.de\/blog\/wp-content\/uploads\/FlashMasta-Oberseite-1024x576.jpg\" alt=\"FlashMasta - Oberseite\" class=\"wp-image-25911\" srcset=\"https:\/\/www.jungsi.de\/blog\/wp-content\/uploads\/FlashMasta-Oberseite-1024x576.jpg 1024w, https:\/\/www.jungsi.de\/blog\/wp-content\/uploads\/FlashMasta-Oberseite-300x169.jpg 300w, https:\/\/www.jungsi.de\/blog\/wp-content\/uploads\/FlashMasta-Oberseite.jpg 1400w\" sizes=\"auto, (max-width: 1024px) 100vw, 1024px\" \/><figcaption class=\"wp-element-caption\">WonderSwan FlashMasta<\/figcaption><\/figure>","protected":false},"excerpt":{"rendered":"<p>Bandai Wonderswan Color Der WonderSwan ist ein faszinierendes St\u00fcck japanischer Handheld-Geschichte, das au\u00dferhalb Japans kaum jemand kannte. 1999 von Bandai unter Mitwirkung von Gunpei Yokoi \u2026<\/p>","protected":false},"author":2,"featured_media":37686,"parent":19664,"menu_order":0,"comment_status":"closed","ping_status":"closed","template":"","meta":{"_lmt_disableupdate":"","_lmt_disable":"","ngg_post_thumbnail":0,"jetpack_post_was_ever_published":false,"footnotes":"","_links_to":"","_links_to_target":""},"class_list":["post-23174","page","type-page","status-publish","has-post-thumbnail","hentry"],"jetpack_shortlink":"https:\/\/wp.me\/P4eXvk-61M","jetpack_sharing_enabled":true,"jetpack_likes_enabled":true,"jetpack-related-posts":[{"id":12379,"url":"https:\/\/www.jungsi.de\/en\/spiele\/sonstige-spiele\/","url_meta":{"origin":23174,"position":0},"title":"Sonstige Spiele\/Software","author":"Jungsi","date":"15. January 2016","format":false,"excerpt":"Sonstige Spiele\/Software Da ich f\u00fcr die folgenden Systeme weniger als 10 Spiele bzw. Software besitze, werden diese nicht auf einer eigenen Seite pr\u00e4sentiert. Amstrad GX4000 Atari 7800 Apple IIe Bandai WonderSwan Color MSX Sharp MZ SNK Neo Geo AES SNK Neo Geo Pocket Thomson Acorn BBC Micro Attack On Alpha\u2026","rel":"","context":"Similar post","block_context":{"text":"Similar post","link":""},"img":{"alt_text":"Football - Atari XL","src":"https:\/\/i0.wp.com\/www.jungsi.de\/blog\/wp-content\/uploads\/football-atari-xl.jpg?resize=350%2C200&ssl=1","width":350,"height":200,"srcset":"https:\/\/i0.wp.com\/www.jungsi.de\/blog\/wp-content\/uploads\/football-atari-xl.jpg?resize=350%2C200&ssl=1 1x, https:\/\/i0.wp.com\/www.jungsi.de\/blog\/wp-content\/uploads\/football-atari-xl.jpg?resize=525%2C300&ssl=1 1.5x, https:\/\/i0.wp.com\/www.jungsi.de\/blog\/wp-content\/uploads\/football-atari-xl.jpg?resize=700%2C400&ssl=1 2x"},"classes":[]},{"id":23181,"url":"https:\/\/www.jungsi.de\/en\/handheld-konsolen\/neo-geo-pocket\/","url_meta":{"origin":23174,"position":1},"title":"Neo Geo Pocket","author":"Jungsi","date":"31. May 2019","format":false,"excerpt":"SNK Neo Geo Pocket Neo Geo Pocket Color Der Neo Geo Pocket Color war SNKs einziger ernsthafter Versuch im Handheld-Markt \u2014 und er war bemerkenswert gut. Das 1999 erschienene Ger\u00e4t \u00fcberzeugte mit einem knackigen Farbdisplay, einem taktilen Mikroschalter-Joystick der auch die h\u00e4rtesten Spielsitzungen \u00fcberstand, und einer Spielebibliothek, die vor allem\u2026","rel":"","context":"Similar post","block_context":{"text":"Similar post","link":""},"img":{"alt_text":"Flash Masta","src":"https:\/\/i0.wp.com\/www.jungsi.de\/blog\/wp-content\/uploads\/Flash-Masta-Oberseite.jpg?resize=350%2C200&ssl=1","width":350,"height":200,"srcset":"https:\/\/i0.wp.com\/www.jungsi.de\/blog\/wp-content\/uploads\/Flash-Masta-Oberseite.jpg?resize=350%2C200&ssl=1 1x, https:\/\/i0.wp.com\/www.jungsi.de\/blog\/wp-content\/uploads\/Flash-Masta-Oberseite.jpg?resize=525%2C300&ssl=1 1.5x, https:\/\/i0.wp.com\/www.jungsi.de\/blog\/wp-content\/uploads\/Flash-Masta-Oberseite.jpg?resize=700%2C400&ssl=1 2x, https:\/\/i0.wp.com\/www.jungsi.de\/blog\/wp-content\/uploads\/Flash-Masta-Oberseite.jpg?resize=1050%2C600&ssl=1 3x, https:\/\/i0.wp.com\/www.jungsi.de\/blog\/wp-content\/uploads\/Flash-Masta-Oberseite.jpg?resize=1400%2C800&ssl=1 4x"},"classes":[]},{"id":28315,"url":"https:\/\/www.jungsi.de\/en\/konsolen\/sega-konsolen\/","url_meta":{"origin":23174,"position":2},"title":"Sega Konsolen","author":"Jungsi","date":"16. January 2023","format":false,"excerpt":"Sega Konsolen Sega Master System \u2013 Sega Master System II Sega Mega Drive \u2013 Sega Mega Drive II Sega Saturn Sega Dreamcast Sega ist eine bekannte japanische Videospiel- und Konsolenherstellerin, die mehrere bedeutende Spielekonsolen ver\u00f6ffentlicht hat. Hier ist eine kurze \u00dcbersicht der wichtigsten Sega-Konsolen: 1. SG-1000 (1983) Beschreibung: Segas erste\u2026","rel":"","context":"Similar post","block_context":{"text":"Similar post","link":""},"img":{"alt_text":"","src":"","width":0,"height":0},"classes":[]},{"id":27702,"url":"https:\/\/www.jungsi.de\/en\/heimcomputer\/sonstige-hersteller\/sharp\/","url_meta":{"origin":23174,"position":3},"title":"Sharp","author":"Jungsi","date":"13. January 2023","format":false,"excerpt":"Sharp Sharp MZ-731 Sharp MZ-731 Sharp MZ-811 Der Sharp MZ-700 wurde 1982 von der japanischen Firma Sharp Corporation entwickelt und auf den Markt gebracht. Er geh\u00f6rte zur popul\u00e4ren MZ-Serie von Heimcomputern, die in den sp\u00e4ten 1970er und fr\u00fchen 1980er Jahren eingef\u00fchrt wurde. Die MZ-Serie war f\u00fcr ihre robuste Bauweise und\u2026","rel":"","context":"Similar post","block_context":{"text":"Similar post","link":""},"img":{"alt_text":"Sharp MZ-1E19","src":"https:\/\/i0.wp.com\/www.jungsi.de\/blog\/wp-content\/uploads\/Sharp-MZ-1E19-Oberseite-1.jpg?resize=350%2C200&ssl=1","width":350,"height":200,"srcset":"https:\/\/i0.wp.com\/www.jungsi.de\/blog\/wp-content\/uploads\/Sharp-MZ-1E19-Oberseite-1.jpg?resize=350%2C200&ssl=1 1x, https:\/\/i0.wp.com\/www.jungsi.de\/blog\/wp-content\/uploads\/Sharp-MZ-1E19-Oberseite-1.jpg?resize=525%2C300&ssl=1 1.5x, https:\/\/i0.wp.com\/www.jungsi.de\/blog\/wp-content\/uploads\/Sharp-MZ-1E19-Oberseite-1.jpg?resize=700%2C400&ssl=1 2x, https:\/\/i0.wp.com\/www.jungsi.de\/blog\/wp-content\/uploads\/Sharp-MZ-1E19-Oberseite-1.jpg?resize=1050%2C600&ssl=1 3x"},"classes":[]},{"id":18428,"url":"https:\/\/www.jungsi.de\/en\/konsolen\/nec-pc-engine\/","url_meta":{"origin":23174,"position":4},"title":"NEC","author":"Jungsi","date":"10. September 2017","format":false,"excerpt":"NEC PC Engine\/NEC Turbografx PC Engine In den sp\u00e4ten 1980er Jahren, als die Welt von den 8-Bit-Konsolen wie dem Nintendo Entertainment System (NES) und dem Sega Master System dominiert wurde, beschloss das japanische Unternehmen NEC, etwas Revolution\u00e4res auf den Markt zu bringen. Am 30. Oktober 1987 wurde die PC Engine\u2026","rel":"","context":"Similar post","block_context":{"text":"Similar post","link":""},"img":{"alt_text":"PC Engine - Frontansicht","src":"https:\/\/i0.wp.com\/www.jungsi.de\/blog\/wp-content\/uploads\/pc-engine-frontansicht.jpg?resize=350%2C200&ssl=1","width":350,"height":200,"srcset":"https:\/\/i0.wp.com\/www.jungsi.de\/blog\/wp-content\/uploads\/pc-engine-frontansicht.jpg?resize=350%2C200&ssl=1 1x, https:\/\/i0.wp.com\/www.jungsi.de\/blog\/wp-content\/uploads\/pc-engine-frontansicht.jpg?resize=525%2C300&ssl=1 1.5x, https:\/\/i0.wp.com\/www.jungsi.de\/blog\/wp-content\/uploads\/pc-engine-frontansicht.jpg?resize=700%2C400&ssl=1 2x"},"classes":[]},{"id":19690,"url":"https:\/\/www.jungsi.de\/en\/handheld-konsolen\/nintendo\/nintendo-game-boy-advance-sp\/","url_meta":{"origin":23174,"position":5},"title":"Nintendo Game Boy Advance (SP)","author":"Jungsi","date":"26. February 2018","format":false,"excerpt":"Nintendo Game Boy Advance (SP) Game Boy Advance Der Nintendo Game Boy Advance (GBA) war ein bedeutender Fortschritt in der Welt der tragbaren Videospiele und stellte eine neue \u00c4ra f\u00fcr Handheld-Gaming dar. Nach dem Erfolg des Game Boy und des Game Boy Color wollte Nintendo die Grenzen des M\u00f6glichen weiter\u2026","rel":"","context":"Similar post","block_context":{"text":"Similar post","link":""},"img":{"alt_text":"Game Boy Advance","src":"https:\/\/i0.wp.com\/www.jungsi.de\/blog\/wp-content\/uploads\/Gameboy-Advance-Oberseite.jpg?resize=350%2C200&ssl=1","width":350,"height":200,"srcset":"https:\/\/i0.wp.com\/www.jungsi.de\/blog\/wp-content\/uploads\/Gameboy-Advance-Oberseite.jpg?resize=350%2C200&ssl=1 1x, https:\/\/i0.wp.com\/www.jungsi.de\/blog\/wp-content\/uploads\/Gameboy-Advance-Oberseite.jpg?resize=525%2C300&ssl=1 1.5x, https:\/\/i0.wp.com\/www.jungsi.de\/blog\/wp-content\/uploads\/Gameboy-Advance-Oberseite.jpg?resize=700%2C400&ssl=1 2x"},"classes":[]}],"_links":{"self":[{"href":"https:\/\/www.jungsi.de\/en\/wp-json\/wp\/v2\/pages\/23174","targetHints":{"allow":["GET"]}}],"collection":[{"href":"https:\/\/www.jungsi.de\/en\/wp-json\/wp\/v2\/pages"}],"about":[{"href":"https:\/\/www.jungsi.de\/en\/wp-json\/wp\/v2\/types\/page"}],"author":[{"embeddable":true,"href":"https:\/\/www.jungsi.de\/en\/wp-json\/wp\/v2\/users\/2"}],"replies":[{"embeddable":true,"href":"https:\/\/www.jungsi.de\/en\/wp-json\/wp\/v2\/comments?post=23174"}],"version-history":[{"count":1,"href":"https:\/\/www.jungsi.de\/en\/wp-json\/wp\/v2\/pages\/23174\/revisions"}],"predecessor-version":[{"id":40542,"href":"https:\/\/www.jungsi.de\/en\/wp-json\/wp\/v2\/pages\/23174\/revisions\/40542"}],"up":[{"embeddable":true,"href":"https:\/\/www.jungsi.de\/en\/wp-json\/wp\/v2\/pages\/19664"}],"wp:featuredmedia":[{"embeddable":true,"href":"https:\/\/www.jungsi.de\/en\/wp-json\/wp\/v2\/media\/37686"}],"wp:attachment":[{"href":"https:\/\/www.jungsi.de\/en\/wp-json\/wp\/v2\/media?parent=23174"}],"curies":[{"name":"wp","href":"https:\/\/api.w.org\/{rel}","templated":true}]}}