{"id":22636,"date":"2019-04-08T19:55:45","date_gmt":"2019-04-08T17:55:45","guid":{"rendered":"https:\/\/www.jungsi.de\/?page_id=22636"},"modified":"2026-03-28T19:10:19","modified_gmt":"2026-03-28T18:10:19","slug":"sega-game-gear-2","status":"publish","type":"page","link":"https:\/\/www.jungsi.de\/en\/handheld-konsolen\/sega-game-gear-2\/","title":{"rendered":"Sega Game Gear"},"content":{"rendered":"<p><\/p>\n\n\n\n<h2 class=\"wp-block-heading has-text-align-center\">Sega Game Gear<\/h2>\n\n\n<div class=\"wp-block-image size-full wp-image-18942\">\n<figure class=\"aligncenter\"><img loading=\"lazy\" decoding=\"async\" width=\"800\" height=\"600\" data-attachment-id=\"18942\" data-permalink=\"https:\/\/www.jungsi.de\/en\/sega-game-gear-sega\/sega-game-gear\/\" data-orig-file=\"https:\/\/www.jungsi.de\/blog\/wp-content\/uploads\/Sega-Game-Gear.jpg\" data-orig-size=\"800,600\" data-comments-opened=\"1\" data-image-meta=\"{&quot;aperture&quot;:&quot;3.5&quot;,&quot;credit&quot;:&quot;&quot;,&quot;camera&quot;:&quot;Canon PowerShot SX260 HS&quot;,&quot;caption&quot;:&quot;&quot;,&quot;created_timestamp&quot;:&quot;1509199729&quot;,&quot;copyright&quot;:&quot;&quot;,&quot;focal_length&quot;:&quot;4.5&quot;,&quot;iso&quot;:&quot;1000&quot;,&quot;shutter_speed&quot;:&quot;0.05&quot;,&quot;title&quot;:&quot;&quot;,&quot;orientation&quot;:&quot;1&quot;}\" data-image-title=\"Sega Game Gear\" data-image-description=\"&lt;p&gt;Sega Game Gear&lt;\/p&gt;\" data-image-caption=\"&lt;p&gt;Sega Game Gear&lt;\/p&gt;\" data-large-file=\"https:\/\/www.jungsi.de\/blog\/wp-content\/uploads\/Sega-Game-Gear.jpg\" src=\"https:\/\/www.jungsi.de\/blog\/wp-content\/uploads\/Sega-Game-Gear.jpg\" alt=\"Sega Game Gear\" class=\"wp-image-18942\" srcset=\"https:\/\/www.jungsi.de\/blog\/wp-content\/uploads\/Sega-Game-Gear.jpg 800w, https:\/\/www.jungsi.de\/blog\/wp-content\/uploads\/Sega-Game-Gear-300x225.jpg 300w\" sizes=\"auto, (max-width: 800px) 100vw, 800px\" \/><figcaption class=\"wp-element-caption\">Sega Game Gear<\/figcaption><\/figure>\n<\/div>\n\n\n<p>Als Sega 1990 den Game Gear auf den Markt brachte, war die Botschaft klar: Das hier ist ein Game Boy mit Farbe. Tats\u00e4chlich bot der Game Gear einen beleuchteten Farbdisplay, der Nintendos grauem Monochrombild technisch weit \u00fcberlegen war \u2014 und durch das Mega-Drive-Adapter-Zubeh\u00f6r konnte er sogar als kleiner Fernseher genutzt werden. Doch der entscheidende Vorteil des Game Boys blieb unangetastet: die Batterielaufzeit. W\u00e4hrend der Game Boy mit vier AA-Batterien bis zu 30 Stunden durchhielt, war der Game Gear nach drei bis f\u00fcnf Stunden ersch\u00f6pft. Das machte ihn f\u00fcr l\u00e4ngere Reisen zu einem teuren Akkufresser. Hinzu kam ein deutlich h\u00f6heres Gewicht. Trotzdem fand der Game Gear seine Fangemeinde, vor allem dank starker Sega-Franchises und einer ordentlichen Spielebibliothek. Mit rund 11 Millionen verkauften Einheiten blieb er klar hinter dem Game Boy, war aber kein Misserfolg.<\/p>\n\n\n\n<table id=\"tablepress-267\" class=\"tablepress tablepress-id-267 tbody-has-connected-cells\">\n<tbody>\n<tr class=\"row-1\">\n\t<td class=\"column-1\"><strong>Ver\u00f6ffentlichung:<\/strong><\/td><td class=\"column-2\">1990<\/td>\n<\/tr>\n<tr class=\"row-2\">\n\t<td class=\"column-1\"><strong>verkaufte Einheiten:<\/strong><\/td><td class=\"column-2\">> 11.000.000<\/td>\n<\/tr>\n<tr class=\"row-3\">\n\t<td class=\"column-1\"><strong>Prozessor:<\/strong><\/td><td class=\"column-2\">Zilog Z80 (8-bit)<\/td>\n<\/tr>\n<tr class=\"row-4\">\n\t<td class=\"column-1\"><strong>Prozessortakt:<\/strong><\/td><td class=\"column-2\">3,58 MHz<\/td>\n<\/tr>\n<tr class=\"row-5\">\n\t<td class=\"column-1\"><strong>RAM:<\/strong><br \/>\n<strong>Video-RAM<\/strong><\/td><td class=\"column-2\">8 kB<br \/>\n16 KB<\/td>\n<\/tr>\n<tr class=\"row-6\">\n\t<td class=\"column-1\"><strong>Grafikaufl\u00f6sung:<\/strong><\/td><td class=\"column-2\">160 x 144<\/td>\n<\/tr>\n<tr class=\"row-7\">\n\t<td class=\"column-1\"><strong>Farbpalette:<\/strong> <\/td><td class=\"column-2\">4096 Farben; 32 gleichzeitig darstellbar<\/td>\n<\/tr>\n<tr class=\"row-8\">\n\t<td class=\"column-1\"><strong>Sound<\/strong><\/td><td class=\"column-2\">Vierkanalton<\/td>\n<\/tr>\n<tr class=\"row-9\">\n\t<td class=\"column-1\"><strong>Speichermedien:<\/strong><\/td><td class=\"column-2\">Module; 2 bis 32 MBit Cartridge-ROM<\/td>\n<\/tr>\n<tr class=\"row-10\">\n\t<td class=\"column-1\"><strong>Sprites:<\/strong><\/td><td class=\"column-2\">64 &#8211; Sprite-Gr\u00f6\u00dfe: 8 \u00d7 8 oder 8 \u00d7 16 (oder das Doppelte im Zoom-Modus)<\/td>\n<\/tr>\n<tr class=\"row-11\">\n\t<td colspan=\"2\" class=\"column-1\"><a href=\"https:\/\/wp.me\/p4eXvk-4Sh\" rel=\"noopener\" target=\"_blank\">Link zum Artikel<\/a><\/td>\n<\/tr>\n<\/tbody>\n<\/table>\n<!-- #tablepress-267 from cache -->\n\n\n<figure class=\"wp-block-image size-large\"><img loading=\"lazy\" decoding=\"async\" width=\"1024\" height=\"768\" data-attachment-id=\"23532\" data-permalink=\"https:\/\/www.jungsi.de\/en\/master-gear-converter-sega-game-gear\/master-gear-converter-verpackung\/\" data-orig-file=\"https:\/\/www.jungsi.de\/blog\/wp-content\/uploads\/Master-Gear-Converter-Verpackung.jpg\" data-orig-size=\"1400,1050\" data-comments-opened=\"1\" data-image-meta=\"{&quot;aperture&quot;:&quot;3.5&quot;,&quot;credit&quot;:&quot;&quot;,&quot;camera&quot;:&quot;Canon PowerShot SX260 HS&quot;,&quot;caption&quot;:&quot;&quot;,&quot;created_timestamp&quot;:&quot;1561580138&quot;,&quot;copyright&quot;:&quot;&quot;,&quot;focal_length&quot;:&quot;4.5&quot;,&quot;iso&quot;:&quot;320&quot;,&quot;shutter_speed&quot;:&quot;0.033333333333333&quot;,&quot;title&quot;:&quot;&quot;,&quot;orientation&quot;:&quot;1&quot;}\" data-image-title=\"Master Gear Converter &amp;#8211; Verpackung\" data-image-description=\"&lt;p&gt;Master Gear Converter&lt;\/p&gt;\" data-image-caption=\"&lt;p&gt;Master Gear Converter&lt;\/p&gt;\" data-large-file=\"https:\/\/www.jungsi.de\/blog\/wp-content\/uploads\/Master-Gear-Converter-Verpackung-1024x768.jpg\" src=\"https:\/\/www.jungsi.de\/blog\/wp-content\/uploads\/Master-Gear-Converter-Verpackung-1024x768.jpg\" alt=\"Master Gear Converter\" class=\"wp-image-23532\" srcset=\"https:\/\/www.jungsi.de\/blog\/wp-content\/uploads\/Master-Gear-Converter-Verpackung-1024x768.jpg 1024w, https:\/\/www.jungsi.de\/blog\/wp-content\/uploads\/Master-Gear-Converter-Verpackung-300x225.jpg 300w, https:\/\/www.jungsi.de\/blog\/wp-content\/uploads\/Master-Gear-Converter-Verpackung.jpg 1400w\" sizes=\"auto, (max-width: 1024px) 100vw, 1024px\" \/><figcaption class=\"wp-element-caption\">Master Gear Converter<\/figcaption><\/figure>","protected":false},"excerpt":{"rendered":"<p>Sega Game Gear Als Sega 1990 den Game Gear auf den Markt brachte, war die Botschaft klar: Das hier ist ein Game Boy mit Farbe. \u2026<\/p>","protected":false},"author":2,"featured_media":0,"parent":19664,"menu_order":0,"comment_status":"closed","ping_status":"closed","template":"","meta":{"_lmt_disableupdate":"","_lmt_disable":"","ngg_post_thumbnail":0,"jetpack_post_was_ever_published":false,"footnotes":"","_links_to":"","_links_to_target":""},"class_list":["post-22636","page","type-page","status-publish","hentry"],"jetpack_shortlink":"https:\/\/wp.me\/P4eXvk-5T6","jetpack_sharing_enabled":true,"jetpack_likes_enabled":true,"jetpack-related-posts":[{"id":28315,"url":"https:\/\/www.jungsi.de\/en\/konsolen\/sega-konsolen\/","url_meta":{"origin":22636,"position":0},"title":"Sega Konsolen","author":"Jungsi","date":"16. January 2023","format":false,"excerpt":"Sega Konsolen Sega Master System \u2013 Sega Master System II Sega Mega Drive \u2013 Sega Mega Drive II Sega Saturn Sega Dreamcast Sega ist eine bekannte japanische Videospiel- und Konsolenherstellerin, die mehrere bedeutende Spielekonsolen ver\u00f6ffentlicht hat. Hier ist eine kurze \u00dcbersicht der wichtigsten Sega-Konsolen: 1. SG-1000 (1983) Beschreibung: Segas erste\u2026","rel":"","context":"Similar post","block_context":{"text":"Similar post","link":""},"img":{"alt_text":"","src":"","width":0,"height":0},"classes":[]},{"id":19684,"url":"https:\/\/www.jungsi.de\/en\/handheld-konsolen\/nintendo\/game-boy-color\/","url_meta":{"origin":22636,"position":1},"title":"Nintendo Game Boy Color","author":"Jungsi","date":"26. February 2018","format":false,"excerpt":"Nintendo Game Boy Color Game Boy Color - puple clear Der Nintendo Game Boy Color war ein Meilenstein in der Geschichte der tragbaren Videospiele und markierte einen bedeutenden Schritt nach vorne in der Entwicklung der Game-Boy-Serie. Die Geschichte des Game Boy Color beginnt in den sp\u00e4ten 1990er Jahren. Der urspr\u00fcngliche\u2026","rel":"","context":"Similar post","block_context":{"text":"Similar post","link":""},"img":{"alt_text":"Game Boy Color - puple clear","src":"https:\/\/i0.wp.com\/www.jungsi.de\/blog\/wp-content\/uploads\/Gamboy-Color-puple-clear_2-1.jpg?resize=350%2C200&ssl=1","width":350,"height":200,"srcset":"https:\/\/i0.wp.com\/www.jungsi.de\/blog\/wp-content\/uploads\/Gamboy-Color-puple-clear_2-1.jpg?resize=350%2C200&ssl=1 1x, https:\/\/i0.wp.com\/www.jungsi.de\/blog\/wp-content\/uploads\/Gamboy-Color-puple-clear_2-1.jpg?resize=525%2C300&ssl=1 1.5x, https:\/\/i0.wp.com\/www.jungsi.de\/blog\/wp-content\/uploads\/Gamboy-Color-puple-clear_2-1.jpg?resize=700%2C400&ssl=1 2x"},"classes":[]},{"id":23181,"url":"https:\/\/www.jungsi.de\/en\/handheld-konsolen\/neo-geo-pocket\/","url_meta":{"origin":22636,"position":2},"title":"Neo Geo Pocket","author":"Jungsi","date":"31. May 2019","format":false,"excerpt":"SNK Neo Geo Pocket Neo Geo Pocket Color Der Neo Geo Pocket Color war SNKs einziger ernsthafter Versuch im Handheld-Markt \u2014 und er war bemerkenswert gut. Das 1999 erschienene Ger\u00e4t \u00fcberzeugte mit einem knackigen Farbdisplay, einem taktilen Mikroschalter-Joystick der auch die h\u00e4rtesten Spielsitzungen \u00fcberstand, und einer Spielebibliothek, die vor allem\u2026","rel":"","context":"Similar post","block_context":{"text":"Similar post","link":""},"img":{"alt_text":"Flash Masta","src":"https:\/\/i0.wp.com\/www.jungsi.de\/blog\/wp-content\/uploads\/Flash-Masta-Oberseite.jpg?resize=350%2C200&ssl=1","width":350,"height":200,"srcset":"https:\/\/i0.wp.com\/www.jungsi.de\/blog\/wp-content\/uploads\/Flash-Masta-Oberseite.jpg?resize=350%2C200&ssl=1 1x, https:\/\/i0.wp.com\/www.jungsi.de\/blog\/wp-content\/uploads\/Flash-Masta-Oberseite.jpg?resize=525%2C300&ssl=1 1.5x, https:\/\/i0.wp.com\/www.jungsi.de\/blog\/wp-content\/uploads\/Flash-Masta-Oberseite.jpg?resize=700%2C400&ssl=1 2x, https:\/\/i0.wp.com\/www.jungsi.de\/blog\/wp-content\/uploads\/Flash-Masta-Oberseite.jpg?resize=1050%2C600&ssl=1 3x, https:\/\/i0.wp.com\/www.jungsi.de\/blog\/wp-content\/uploads\/Flash-Masta-Oberseite.jpg?resize=1400%2C800&ssl=1 4x"},"classes":[]},{"id":7410,"url":"https:\/\/www.jungsi.de\/en\/spiele\/nintendo\/","url_meta":{"origin":22636,"position":3},"title":"Nintendo","author":"Jungsi","date":"19. January 2015","format":false,"excerpt":"Nintendo Game Boy Game Boy Advance NES SNES Nintendo 64 Nintendo 3DS Game Boy Blaster Master Jr. (1991) Donkey Kong (1994) Go! Go! Tank (1990) Golf (1989) Kirby's Dream Land (1992) Kirby's Pinball Land (1993) Pokemon blau (1996) Pokemon rot (1996) Street Fighter II (1995) Super Mario Land (1989) Super\u2026","rel":"","context":"Similar post","block_context":{"text":"Similar post","link":""},"img":{"alt_text":"Blaster Master","src":"https:\/\/i0.wp.com\/www.jungsi.de\/blog\/wp-content\/uploads\/GB-Blaster-Master.jpg?resize=350%2C200&ssl=1","width":350,"height":200,"srcset":"https:\/\/i0.wp.com\/www.jungsi.de\/blog\/wp-content\/uploads\/GB-Blaster-Master.jpg?resize=350%2C200&ssl=1 1x, https:\/\/i0.wp.com\/www.jungsi.de\/blog\/wp-content\/uploads\/GB-Blaster-Master.jpg?resize=525%2C300&ssl=1 1.5x, https:\/\/i0.wp.com\/www.jungsi.de\/blog\/wp-content\/uploads\/GB-Blaster-Master.jpg?resize=700%2C400&ssl=1 2x, https:\/\/i0.wp.com\/www.jungsi.de\/blog\/wp-content\/uploads\/GB-Blaster-Master.jpg?resize=1050%2C600&ssl=1 3x"},"classes":[]},{"id":27893,"url":"https:\/\/www.jungsi.de\/en\/die-sammlung\/literatur\/sonstige\/","url_meta":{"origin":22636,"position":4},"title":"Sonstige","author":"Jungsi","date":"14. January 2023","format":false,"excerpt":"Sonstige 8 bit Annual 2018 8 Bit Annual 2019 Basic - Alles \u00fcber PEEK und POKE Basic - Betriebsprogramme f\u00fcr den Funkamateur Basic - HF-Rechenprogramme Basic - Mathematik per Computer Basic - Matrix-Operationen Basic f\u00fcr Aufsteiger Basic f\u00fcr Mikrocomputer BASIC in 100 Beispielen Chip Special - Bauanleitungen f\u00fcr Microcomputer Compute\u2026","rel":"","context":"Similar post","block_context":{"text":"Similar post","link":""},"img":{"alt_text":"BASIC in 100 Beispielen","src":"https:\/\/i0.wp.com\/www.jungsi.de\/blog\/wp-content\/uploads\/BASIC-in-100-Beispielen.jpg?resize=350%2C200&ssl=1","width":350,"height":200,"srcset":"https:\/\/i0.wp.com\/www.jungsi.de\/blog\/wp-content\/uploads\/BASIC-in-100-Beispielen.jpg?resize=350%2C200&ssl=1 1x, https:\/\/i0.wp.com\/www.jungsi.de\/blog\/wp-content\/uploads\/BASIC-in-100-Beispielen.jpg?resize=525%2C300&ssl=1 1.5x"},"classes":[]},{"id":23174,"url":"https:\/\/www.jungsi.de\/en\/handheld-konsolen\/bandai-wonderswan\/","url_meta":{"origin":22636,"position":5},"title":"Bandai Wonderswan","author":"Jungsi","date":"31. May 2019","format":false,"excerpt":"Bandai Wonderswan Color WonderSwan Color - Pearl Blue Der WonderSwan ist ein faszinierendes St\u00fcck japanischer Handheld-Geschichte, das au\u00dferhalb Japans kaum jemand kannte. 1999 von Bandai unter Mitwirkung von Gunpei Yokoi \u2014 dem Vater des Game Boy \u2014 entwickelt, war er ausschlie\u00dflich f\u00fcr den japanischen Markt bestimmt. Das schlanke, hochwertige Ger\u00e4t\u2026","rel":"","context":"Similar post","block_context":{"text":"Similar post","link":""},"img":{"alt_text":"WonderSwan Color - Pearl Blue","src":"https:\/\/i0.wp.com\/www.jungsi.de\/blog\/wp-content\/uploads\/WonderSwan-Color-Oberseite.jpg?resize=350%2C200&ssl=1","width":350,"height":200,"srcset":"https:\/\/i0.wp.com\/www.jungsi.de\/blog\/wp-content\/uploads\/WonderSwan-Color-Oberseite.jpg?resize=350%2C200&ssl=1 1x, https:\/\/i0.wp.com\/www.jungsi.de\/blog\/wp-content\/uploads\/WonderSwan-Color-Oberseite.jpg?resize=525%2C300&ssl=1 1.5x, https:\/\/i0.wp.com\/www.jungsi.de\/blog\/wp-content\/uploads\/WonderSwan-Color-Oberseite.jpg?resize=700%2C400&ssl=1 2x, https:\/\/i0.wp.com\/www.jungsi.de\/blog\/wp-content\/uploads\/WonderSwan-Color-Oberseite.jpg?resize=1050%2C600&ssl=1 3x, https:\/\/i0.wp.com\/www.jungsi.de\/blog\/wp-content\/uploads\/WonderSwan-Color-Oberseite.jpg?resize=1400%2C800&ssl=1 4x"},"classes":[]}],"_links":{"self":[{"href":"https:\/\/www.jungsi.de\/en\/wp-json\/wp\/v2\/pages\/22636","targetHints":{"allow":["GET"]}}],"collection":[{"href":"https:\/\/www.jungsi.de\/en\/wp-json\/wp\/v2\/pages"}],"about":[{"href":"https:\/\/www.jungsi.de\/en\/wp-json\/wp\/v2\/types\/page"}],"author":[{"embeddable":true,"href":"https:\/\/www.jungsi.de\/en\/wp-json\/wp\/v2\/users\/2"}],"replies":[{"embeddable":true,"href":"https:\/\/www.jungsi.de\/en\/wp-json\/wp\/v2\/comments?post=22636"}],"version-history":[{"count":1,"href":"https:\/\/www.jungsi.de\/en\/wp-json\/wp\/v2\/pages\/22636\/revisions"}],"predecessor-version":[{"id":40541,"href":"https:\/\/www.jungsi.de\/en\/wp-json\/wp\/v2\/pages\/22636\/revisions\/40541"}],"up":[{"embeddable":true,"href":"https:\/\/www.jungsi.de\/en\/wp-json\/wp\/v2\/pages\/19664"}],"wp:attachment":[{"href":"https:\/\/www.jungsi.de\/en\/wp-json\/wp\/v2\/media?parent=22636"}],"curies":[{"name":"wp","href":"https:\/\/api.w.org\/{rel}","templated":true}]}}