{"id":222,"date":"2008-12-05T14:03:41","date_gmt":"2008-12-05T13:03:41","guid":{"rendered":"http:\/\/www.jungsi.de\/blog\/?page_id=222"},"modified":"2008-12-05T14:03:41","modified_gmt":"2008-12-05T13:03:41","slug":"tour-2-timmelsjoch-reschenpass","status":"publish","type":"page","link":"https:\/\/www.jungsi.de\/en\/reisen\/tirol-2000\/tour-2-timmelsjoch-reschenpass\/","title":{"rendered":"Tour 2: Timmelsjoch &#8211; Reschenpass"},"content":{"rendered":"<p style=\"text-align: justify;\">Timmelsjoch &#8211; Reschenpass<\/p>\n<p style=\"text-align: justify;\">Streckenl\u00e4nge ca. 200 km<\/p>\n<p style=\"text-align: justify;\">Man f\u00e4hrt von Sautens aus durch das \u00d6tztal. Hinter Hochgurgl \u00fcberquert man die<br \/>\nMautstelle (65 ATS). Nach einer unvermuteten Abfahrt gelangt man \u00fcber sechs weit geschwungene Kehren auf die Passh\u00f6he des Timmelsjochs (2509 m). Die Abfahrt erfolgt \u00fcber kaum randgesicherte Kehren, schmale Strassen und unbeleuchtete Felstunnels. Nach 1800 H\u00f6henmeter kommt man nach St. Leonhard im Passeiertal. Hier folgt man der Beschilderung nach Meran.<br \/>\nIn Meran folgt man dem Wegweiser in Richtung Stilfser Joch\/Reschenpass. Dieser Streckenabschnitt ist \u00e4u\u00dferst langweilig und sehr verkehrsreich (vielleicht am Wochenende fahren).<br \/>\nNach dem obligatorischen Foto des Kirchturms am Reschenpass, des alten Dorfes Graun im Reschensee folgt man des Strasse \u00fcber Nauders und Pfunds nach Prutz. Dort folgt man den Wegweisern zur Kaunertal-Gletscherstrasse. Es gibt auf dieser Mautstrasse (90 ATS) 29 Kehren bis zum Bergrestaurant Wei\u00dfseeferner. Die Strasse verl\u00e4uft am Anfang auf der \u00f6stlichen Seite des Gepatsch-Stausees.<br \/>\nDie R\u00fcckfahrt verl\u00e4uft \u00fcber Landeck und Imst oder wie in Tour 1 beschrieben \u00fcber die Piller H\u00f6he.<\/p>\n<p style=\"text-align: justify;\">ngg_shortcode_0_placeholder","protected":false},"excerpt":{"rendered":"<p>Timmelsjoch &#8211; Reschenpass Streckenl\u00e4nge ca. 200 km Man f\u00e4hrt von Sautens aus durch das \u00d6tztal. Hinter Hochgurgl \u00fcberquert man die Mautstelle (65 ATS). Nach einer \u2026<\/p>","protected":false},"author":2,"featured_media":0,"parent":216,"menu_order":0,"comment_status":"open","ping_status":"open","template":"","meta":{"_lmt_disableupdate":"","_lmt_disable":"","ngg_post_thumbnail":0,"jetpack_post_was_ever_published":false,"footnotes":"","_links_to":"","_links_to_target":""},"class_list":["post-222","page","type-page","status-publish","hentry"],"jetpack_shortlink":"https:\/\/wp.me\/P4eXvk-3A","jetpack_sharing_enabled":true,"jetpack_likes_enabled":true,"jetpack-related-posts":[{"id":224,"url":"https:\/\/www.jungsi.de\/en\/reisen\/tirol-2000\/tour-3-reschenpass-stilfser-joch\/","url_meta":{"origin":222,"position":0},"title":"Tour 3: Reschenpass &#8211; Stilfser Joch","author":"Jungsi","date":"5. December 2008","format":false,"excerpt":"Reschenpass - Stilfser Joch - Passo Foscagno - Berninapass Streckenl\u00e4nge \u00fcber 300 km Der erste Teil \u00fcber Imst und Landeck zum Reschenpa\u00df ist bereits bekannt. Man folgt in Sponding der Abzweigung zum Stilfser Joch. Nach Trafoi hat man 48 Haarnadelkehren zu bew\u00e4ltigen (man hat des \u00f6fteren die von der Madatschspitze\u2026","rel":"","context":"In &quot;Allgemein&quot;","block_context":{"text":"Allgemein","link":"https:\/\/www.jungsi.de\/en\/category\/allgemein\/"},"img":{"alt_text":"","src":"","width":0,"height":0},"classes":[]},{"id":220,"url":"https:\/\/www.jungsi.de\/en\/reisen\/tirol-2000\/tour-1-hahntennjoch-flexenpass\/","url_meta":{"origin":222,"position":1},"title":"Tour 1: Hahntennjoch &#8211; Flexenpass","author":"Jungsi","date":"5. December 2008","format":false,"excerpt":"Hahntennjoch - Flexenpass - Silvretta - Piller H\u00f6he Streckenl\u00e4nge ca. 350 km Die erste Tour f\u00fchrt von Sautens in Richtung Imst. In Imst folgt man der Beschilderung zum Fernpa\u00df\/Garmisch. An der Abzweigung zum Hahntennjoch folgt man dieser und gelangt so an den ersten Pa\u00df in einer H\u00f6he von 1903 m.\u2026","rel":"","context":"In &quot;Allgemein&quot;","block_context":{"text":"Allgemein","link":"https:\/\/www.jungsi.de\/en\/category\/allgemein\/"},"img":{"alt_text":"","src":"","width":0,"height":0},"classes":[]},{"id":352,"url":"https:\/\/www.jungsi.de\/en\/reisen\/dolomiten-2004\/tour-2-pso-pordoi\/","url_meta":{"origin":222,"position":2},"title":"Tour 2: Pso. Pordoi&#8230;","author":"Jungsi","date":"22. December 2008","format":false,"excerpt":"Pso. Pordoi - Karerpass - Bozen - Sarntal - Penserjoch - Jaufenpass - Meran - Bozen - Gr\u00f6dner Joch - Pso. Campolongo Bei wiederum trocknen Wetter beginnt der n\u00e4chste Tag. Direkt von Arabba aus beginnt der Einstieg in den Passo Pordoi mit seinen 31 Kehren. Danach ist mit Sicherheit jeder\u2026","rel":"","context":"In &quot;Allgemein&quot;","block_context":{"text":"Allgemein","link":"https:\/\/www.jungsi.de\/en\/category\/allgemein\/"},"img":{"alt_text":"","src":"","width":0,"height":0},"classes":[]},{"id":196,"url":"https:\/\/www.jungsi.de\/en\/reisen\/dolomiten-1999\/tour-6-ps-pordoi-karerpass\/","url_meta":{"origin":222,"position":3},"title":"Tour 6: Ps. Pordoi &#8211; Karerpass","author":"Jungsi","date":"5. December 2008","format":false,"excerpt":"Ps. Pordoi - Karerpass - Sarntal - Penser Joch - Jaufenpass...... Streckenl\u00e4nge: ca. 380 km Die letzte Tour geht nochmal an die Kondition. Von Arabba \u00fcber den Passo Pordoi (32 Kehren) nach Canzei. Dann folgt man der Abzweigung zum Karerpass und f\u00e4hrt nach Bozen. In Bozen h\u00e4lt man sich immer\u2026","rel":"","context":"In &quot;Allgemein&quot;","block_context":{"text":"Allgemein","link":"https:\/\/www.jungsi.de\/en\/category\/allgemein\/"},"img":{"alt_text":"","src":"","width":0,"height":0},"classes":[]},{"id":200,"url":"https:\/\/www.jungsi.de\/en\/reisen\/gardasee-2000\/","url_meta":{"origin":222,"position":4},"title":"Gardasee 2000","author":"Jungsi","date":"5. December 2008","format":false,"excerpt":"Um nicht \u00fcber die Autobahn fahren zu m\u00fcssen, wurde beschlossen, die Anfahrt in zwei Tagen zu erledigen. Dazu wurde am ersten Tag eine Route \u00fcber die Gro\u00dfglokckner-Hochalpenstrasse (2.505 m; Maut 17 Euro) gew\u00e4hlt. Nat\u00fcrlich regnete es bei der \u00dcberfahrt mal wieder. :-)) Der Weg f\u00fchrte weiter nach Cortina und \u00fcber\u2026","rel":"","context":"In &quot;Allgemein&quot;","block_context":{"text":"Allgemein","link":"https:\/\/www.jungsi.de\/en\/category\/allgemein\/"},"img":{"alt_text":"","src":"","width":0,"height":0},"classes":[]},{"id":340,"url":"https:\/\/www.jungsi.de\/en\/reisen\/schweiz-2003\/tour-5-albulapass\/","url_meta":{"origin":222,"position":5},"title":"Tour 5: Albulapass&#8230;","author":"Jungsi","date":"22. December 2008","format":false,"excerpt":"Tour 5 Albulapass - Ofenpass - Jaufenpass - Sterzing Streckenl\u00e4nge ca. 250 km Thusis - Tiefencastel - Albulapass - La Punt - Zernez - Ofenpass - Sta. Maria im M\u00fcnstertal - Schluderns - Sponding - Meran - St. Leonhard i. P. - Jaufenpass - Sterzing Diese Tour war eigentlich nicht\u2026","rel":"","context":"In &quot;Allgemein&quot;","block_context":{"text":"Allgemein","link":"https:\/\/www.jungsi.de\/en\/category\/allgemein\/"},"img":{"alt_text":"","src":"","width":0,"height":0},"classes":[]}],"_links":{"self":[{"href":"https:\/\/www.jungsi.de\/en\/wp-json\/wp\/v2\/pages\/222","targetHints":{"allow":["GET"]}}],"collection":[{"href":"https:\/\/www.jungsi.de\/en\/wp-json\/wp\/v2\/pages"}],"about":[{"href":"https:\/\/www.jungsi.de\/en\/wp-json\/wp\/v2\/types\/page"}],"author":[{"embeddable":true,"href":"https:\/\/www.jungsi.de\/en\/wp-json\/wp\/v2\/users\/2"}],"replies":[{"embeddable":true,"href":"https:\/\/www.jungsi.de\/en\/wp-json\/wp\/v2\/comments?post=222"}],"version-history":[{"count":0,"href":"https:\/\/www.jungsi.de\/en\/wp-json\/wp\/v2\/pages\/222\/revisions"}],"up":[{"embeddable":true,"href":"https:\/\/www.jungsi.de\/en\/wp-json\/wp\/v2\/pages\/216"}],"wp:attachment":[{"href":"https:\/\/www.jungsi.de\/en\/wp-json\/wp\/v2\/media?parent=222"}],"curies":[{"name":"wp","href":"https:\/\/api.w.org\/{rel}","templated":true}]}}