{"id":220,"date":"2008-12-05T14:02:10","date_gmt":"2008-12-05T13:02:10","guid":{"rendered":"http:\/\/www.jungsi.de\/blog\/?page_id=220"},"modified":"2008-12-05T14:02:10","modified_gmt":"2008-12-05T13:02:10","slug":"tour-1-hahntennjoch-flexenpass","status":"publish","type":"page","link":"https:\/\/www.jungsi.de\/en\/reisen\/tirol-2000\/tour-1-hahntennjoch-flexenpass\/","title":{"rendered":"Tour 1: Hahntennjoch &#8211; Flexenpass"},"content":{"rendered":"<p style=\"text-align: justify;\">Hahntennjoch &#8211; Flexenpass &#8211; Silvretta &#8211; Piller H\u00f6he<\/p>\n<p style=\"text-align: justify;\">Streckenl\u00e4nge ca. 350 km<\/p>\n<p style=\"text-align: justify;\">Die erste Tour f\u00fchrt von Sautens in Richtung Imst. In Imst folgt man der Beschilderung zum Fernpa\u00df\/Garmisch.<br \/>\nAn der Abzweigung zum Hahntennjoch folgt man dieser und gelangt so an den ersten Pa\u00df in einer H\u00f6he von 1903 m.<br \/>\nDieser bietet nicht zuviel Aussicht. Dann folgt man der Stra\u00dfe bis Warth und folgt der Beschilderung zum Arlbergpa\u00df. Dabei \u00fcberquert man den Flexenpa\u00df (H\u00f6he 1784 m). Die Abfahrt auf der S\u00fcdseite des Flexenpasses erfolgt fast durchgehend in Tunnels und Galerien. Danach folgt man der Beschilderung nach Bludenz.<br \/>\nHier kann man noch einen Abstecher ins Brandner Tal machen (Hier mu\u00df man der Beschilderung nach Brand folgen). Es ist ein kleines Seitental des Montafon, durch das die Brandner Hochtalstra\u00dfe \u00fcber den Ferienort Brand hinauf zur Talstation der Lunerseebahn f\u00fchrt. Am Ende des Tals wartet ein Parkplatz von dem man an den L\u00fcner See gelangen kann.<br \/>\nNachdem man das Brandner Tal wieder verlassen hat folgt man der Beschilderung ins Montafon auf der B 188.<br \/>\nEinen Abstecher wert ist das Silbertal. Dazu mu\u00df man in St. Anton im Montafon die B 188 verlassen. Man folgt der Strasse nach Bartholom\u00e4berg wo man eine Barockkirche in sch\u00f6ner Aussichtslage findet. \u00dcber Innerberg kommt man nach Silbertal und folgt der Strasse nach Schruns und gelangt so wieder auf die B 188.<br \/>\nBei Paternen beginnt der Fahrspass und man \u00fcberwindete fast 800 m  bis zum Vermunt-Stausee. Von dort ist es nicht mehr weit bis zum Scheitelpunkt der &#8222;Bieler H\u00f6he&#8220; (2032 m) mit dem Silvrettastausee. (Maut f\u00fcr die Silvretta-Hochalpenstr. betr\u00e4gt ca 10 Euro).<br \/>\nSch\u00f6ne Aussichten ergeben sich auch bei einem Abstecher zum Speicher Kops, den man nach einigen km auf der linken Seite findet. Bei der R\u00fcckfahrt zur Hauptstra\u00dfe kann man auch die nicht bemautete schmale Strasse nach Galt\u00fcr nehmen, die etwas interessanter ist. Es geht relativ kurvenarm weiter nach Landeck.<br \/>\nFalls noch f\u00fcr einen kurzen Abstecher am Abend Zeit ist, h\u00e4lt man sich in Landeck in Richtung Reschenpa\u00df. Nachdem man das \u00fcber 7 km Landecker Tunnel hinter sich gebracht hat, biegt man in Flie\u00df von der B 315 ab. Dann folgt man dem Wegweiser in den Ort Piller. Dadurch gelangt man zur Piller H\u00f6he (auf ein Schild mit der Aufschrift &#8222;Gacher Blick&#8220; achten). Dort hat man einen herrlichen Ausblick in das Inntal.<br \/>\nDie R\u00fcckfahrt erfolgt \u00fcber Piller, Wenns und Arzl zur\u00fcck nach Imst und von dort ins Hotel nach Sautens.<\/p>\n<p style=\"text-align: justify;\">ngg_shortcode_0_placeholder","protected":false},"excerpt":{"rendered":"<p>Hahntennjoch &#8211; Flexenpass &#8211; Silvretta &#8211; Piller H\u00f6he Streckenl\u00e4nge ca. 350 km Die erste Tour f\u00fchrt von Sautens in Richtung Imst. In Imst folgt man \u2026<\/p>","protected":false},"author":2,"featured_media":0,"parent":216,"menu_order":0,"comment_status":"open","ping_status":"open","template":"","meta":{"_lmt_disableupdate":"","_lmt_disable":"","ngg_post_thumbnail":0,"jetpack_post_was_ever_published":false,"footnotes":"","_links_to":"","_links_to_target":""},"class_list":["post-220","page","type-page","status-publish","hentry"],"jetpack_shortlink":"https:\/\/wp.me\/P4eXvk-3y","jetpack_sharing_enabled":true,"jetpack_likes_enabled":true,"jetpack-related-posts":[{"id":222,"url":"https:\/\/www.jungsi.de\/en\/reisen\/tirol-2000\/tour-2-timmelsjoch-reschenpass\/","url_meta":{"origin":220,"position":0},"title":"Tour 2: Timmelsjoch &#8211; Reschenpass","author":"Jungsi","date":"5. December 2008","format":false,"excerpt":"Timmelsjoch - Reschenpass Streckenl\u00e4nge ca. 200 km Man f\u00e4hrt von Sautens aus durch das \u00d6tztal. Hinter Hochgurgl \u00fcberquert man die Mautstelle (65 ATS). Nach einer unvermuteten Abfahrt gelangt man \u00fcber sechs weit geschwungene Kehren auf die Passh\u00f6he des Timmelsjochs (2509 m). Die Abfahrt erfolgt \u00fcber kaum randgesicherte Kehren, schmale Strassen\u2026","rel":"","context":"In &quot;Allgemein&quot;","block_context":{"text":"Allgemein","link":"https:\/\/www.jungsi.de\/en\/category\/allgemein\/"},"img":{"alt_text":"","src":"","width":0,"height":0},"classes":[]},{"id":200,"url":"https:\/\/www.jungsi.de\/en\/reisen\/gardasee-2000\/","url_meta":{"origin":220,"position":1},"title":"Gardasee 2000","author":"Jungsi","date":"5. December 2008","format":false,"excerpt":"Um nicht \u00fcber die Autobahn fahren zu m\u00fcssen, wurde beschlossen, die Anfahrt in zwei Tagen zu erledigen. Dazu wurde am ersten Tag eine Route \u00fcber die Gro\u00dfglokckner-Hochalpenstrasse (2.505 m; Maut 17 Euro) gew\u00e4hlt. Nat\u00fcrlich regnete es bei der \u00dcberfahrt mal wieder. :-)) Der Weg f\u00fchrte weiter nach Cortina und \u00fcber\u2026","rel":"","context":"In &quot;Allgemein&quot;","block_context":{"text":"Allgemein","link":"https:\/\/www.jungsi.de\/en\/category\/allgemein\/"},"img":{"alt_text":"","src":"","width":0,"height":0},"classes":[]},{"id":224,"url":"https:\/\/www.jungsi.de\/en\/reisen\/tirol-2000\/tour-3-reschenpass-stilfser-joch\/","url_meta":{"origin":220,"position":2},"title":"Tour 3: Reschenpass &#8211; Stilfser Joch","author":"Jungsi","date":"5. December 2008","format":false,"excerpt":"Reschenpass - Stilfser Joch - Passo Foscagno - Berninapass Streckenl\u00e4nge \u00fcber 300 km Der erste Teil \u00fcber Imst und Landeck zum Reschenpa\u00df ist bereits bekannt. Man folgt in Sponding der Abzweigung zum Stilfser Joch. Nach Trafoi hat man 48 Haarnadelkehren zu bew\u00e4ltigen (man hat des \u00f6fteren die von der Madatschspitze\u2026","rel":"","context":"In &quot;Allgemein&quot;","block_context":{"text":"Allgemein","link":"https:\/\/www.jungsi.de\/en\/category\/allgemein\/"},"img":{"alt_text":"","src":"","width":0,"height":0},"classes":[]},{"id":280,"url":"https:\/\/www.jungsi.de\/en\/reisen\/schweiz-2002\/tour-4-taminsschlucht\/","url_meta":{"origin":220,"position":3},"title":"Tour 4: Taminsschlucht&#8230;","author":"Jungsi","date":"8. December 2008","format":false,"excerpt":"Taminsschlucht - Gigerwald\/W\u00e4gitalersee - Einsiedeln Streckenl\u00e4nge ca. 300 km Bei dieser Tour sollte man die Schenllstra\u00dfe\/Autobahn benutzen und diese nur zu den Abstechern verlassen. Mir machte an diesem Tag das Wetter einen Strich durch die Rechnung, so dass ich nicht den gesamten Umfang fahren konnte. Wieder von Thusis startend folgt\u2026","rel":"","context":"In &quot;Allgemein&quot;","block_context":{"text":"Allgemein","link":"https:\/\/www.jungsi.de\/en\/category\/allgemein\/"},"img":{"alt_text":"","src":"","width":0,"height":0},"classes":[]},{"id":276,"url":"https:\/\/www.jungsi.de\/en\/reisen\/schweiz-2002\/tour-3-oberalp\/","url_meta":{"origin":220,"position":4},"title":"Tour 3: Oberalp&#8230;","author":"Jungsi","date":"8. December 2008","format":false,"excerpt":"Oberalp-\/Susten-\/Grimsel-\/Furka-\/St. Gotthardt-Pass Streckenl\u00e4nge ca. 400 km Achtung! Diese Tour ist nur f\u00fcr ausdauernde und ge\u00fcbte Berg-Tourenfahrer zu empfehlen. Au\u00dferdem ben\u00f6tigt man unbedingt sch\u00f6nes Wetter. Wenn diese Voraussetzungen erf\u00fcllt sind, bietet sich eine der sch\u00f6nsten Touren (meine pers\u00f6nliche Meinung), die es in den Alpen zu (er)fahren gibt. Wie immer beginnt es\u2026","rel":"","context":"In &quot;Allgemein&quot;","block_context":{"text":"Allgemein","link":"https:\/\/www.jungsi.de\/en\/category\/allgemein\/"},"img":{"alt_text":"","src":"","width":0,"height":0},"classes":[]},{"id":334,"url":"https:\/\/www.jungsi.de\/en\/reisen\/schweiz-2003\/tour-3-fluelapass\/","url_meta":{"origin":220,"position":5},"title":"Tour 3: Fl\u00fcelapass&#8230;","author":"Jungsi","date":"22. December 2008","format":false,"excerpt":"Fl\u00fcelapass - Malojapass - Spl\u00fcgen Thusis - Tiefencastel - Lenzerheide - Chur - Landquart - Klosters - Davos - Fl\u00fcelapss - Susch - Zernez - St. Moritz - Maloja - Chiavenna - Spl\u00fcgenpass - Spl\u00fcgen - Thusis Streckenl\u00e4nge ca. 305 km Bei wolkenverhangenen Himmel starteten wir \u00fcber Tiefencastel (hier sollte\u2026","rel":"","context":"In &quot;Allgemein&quot;","block_context":{"text":"Allgemein","link":"https:\/\/www.jungsi.de\/en\/category\/allgemein\/"},"img":{"alt_text":"","src":"","width":0,"height":0},"classes":[]}],"_links":{"self":[{"href":"https:\/\/www.jungsi.de\/en\/wp-json\/wp\/v2\/pages\/220","targetHints":{"allow":["GET"]}}],"collection":[{"href":"https:\/\/www.jungsi.de\/en\/wp-json\/wp\/v2\/pages"}],"about":[{"href":"https:\/\/www.jungsi.de\/en\/wp-json\/wp\/v2\/types\/page"}],"author":[{"embeddable":true,"href":"https:\/\/www.jungsi.de\/en\/wp-json\/wp\/v2\/users\/2"}],"replies":[{"embeddable":true,"href":"https:\/\/www.jungsi.de\/en\/wp-json\/wp\/v2\/comments?post=220"}],"version-history":[{"count":0,"href":"https:\/\/www.jungsi.de\/en\/wp-json\/wp\/v2\/pages\/220\/revisions"}],"up":[{"embeddable":true,"href":"https:\/\/www.jungsi.de\/en\/wp-json\/wp\/v2\/pages\/216"}],"wp:attachment":[{"href":"https:\/\/www.jungsi.de\/en\/wp-json\/wp\/v2\/media?parent=220"}],"curies":[{"name":"wp","href":"https:\/\/api.w.org\/{rel}","templated":true}]}}