{"id":21691,"date":"2023-01-13T14:40:46","date_gmt":"2023-01-13T13:40:46","guid":{"rendered":"https:\/\/www.jungsi.de\/?page_id=21691"},"modified":"2024-12-16T09:02:39","modified_gmt":"2024-12-16T08:02:39","slug":"atari-tt","status":"publish","type":"page","link":"https:\/\/www.jungsi.de\/en\/heimcomputer\/atari-die-sammlung\/atari-tt\/","title":{"rendered":"Atari TT"},"content":{"rendered":"<p><\/p>\n\n\n\n<h2 class=\"wp-block-heading has-text-align-center\">Atari TT<\/h2>\n\n\n\n<figure class=\"wp-block-image size-large\"><img loading=\"lazy\" decoding=\"async\" width=\"1024\" height=\"768\" data-attachment-id=\"24083\" data-permalink=\"https:\/\/www.jungsi.de\/en\/heimcomputer\/atari-die-sammlung\/atari-tt\/atari-tt-von-oben\/\" data-orig-file=\"https:\/\/www.jungsi.de\/blog\/wp-content\/uploads\/Atari-TT-von-oben.jpg\" data-orig-size=\"1400,1050\" data-comments-opened=\"1\" data-image-meta=\"{&quot;aperture&quot;:&quot;3.5&quot;,&quot;credit&quot;:&quot;&quot;,&quot;camera&quot;:&quot;Canon PowerShot SX260 HS&quot;,&quot;caption&quot;:&quot;&quot;,&quot;created_timestamp&quot;:&quot;1545581682&quot;,&quot;copyright&quot;:&quot;&quot;,&quot;focal_length&quot;:&quot;4.5&quot;,&quot;iso&quot;:&quot;1600&quot;,&quot;shutter_speed&quot;:&quot;0.05&quot;,&quot;title&quot;:&quot;&quot;,&quot;orientation&quot;:&quot;1&quot;}\" data-image-title=\"Atari TT &amp;#8211; von oben\" data-image-description=\"&lt;p&gt;Atari TT&lt;\/p&gt;\" data-image-caption=\"&lt;p&gt;Atari TT&lt;\/p&gt;\" data-large-file=\"https:\/\/www.jungsi.de\/blog\/wp-content\/uploads\/Atari-TT-von-oben-1024x768.jpg\" src=\"https:\/\/www.jungsi.de\/blog\/wp-content\/uploads\/Atari-TT-von-oben-1024x768.jpg\" alt=\"Atari TT\" class=\"wp-image-24083\" srcset=\"https:\/\/www.jungsi.de\/blog\/wp-content\/uploads\/Atari-TT-von-oben-1024x768.jpg 1024w, https:\/\/www.jungsi.de\/blog\/wp-content\/uploads\/Atari-TT-von-oben-300x225.jpg 300w, https:\/\/www.jungsi.de\/blog\/wp-content\/uploads\/Atari-TT-von-oben.jpg 1400w\" sizes=\"auto, (max-width: 1024px) 100vw, 1024px\" \/><figcaption class=\"wp-element-caption\">Atari TT<\/figcaption><\/figure>\n\n\n\n<p>Die Entwicklung des Atari TT begann im Jahr 1986, und er war als UNIX-Workstation gedacht. Die Markteinf\u00fchrung verz\u00f6gerte sich jedoch bis 1990, da Atari bem\u00fcht war, die neuesten Standards zu implementieren. Man entschied sich letztendlich f\u00fcr den Motorola 68030 Prozessor mit 32-Bit und 32 MHz. Die Kompatibilit\u00e4t zum Atari ST erforderte, dass der Prozessor und der Systembus mit unterschiedlichen Taktraten betrieben werden mussten. Ein weiteres Problem stellte UNIX dar, welches aufgrund von System\u00e4nderungen erst 1992 verf\u00fcgbar war, weshalb bis dahin TOS 3.01 verwendet wurde.<\/p>\n\n\n\n<p>Ich habe meinen Atari TT bereits seit einigen Jahren. Er hat mittlerweile einige Updates erhalten. Das Netzteil wurde \u00fcberholt und ist jetzt mit einem leiseren L\u00fcfter ausgestattet. Der interne Uhrakku musste aufgrund von Entladung ersetzt werden. Zudem ist das ST-RAM auf das Maximum von 10 MB erweitert worden. Zus\u00e4tzliche Erweiterungen wie Storm (TT-RAM Speichererweiterung), Thunder (IDE-Erweiterung) und Lightning (USB-Erweiterung) wurden sp\u00e4ter hinzugef\u00fcgt. Bis auf eine Grafikerweiterung ist er jetzt bestens ausgestattet.<\/p>\n\n\n\n\n<table id=\"tablepress-279\" class=\"tablepress tablepress-id-279\">\n<tbody class=\"row-striping row-hover\">\n<tr class=\"row-1\">\n\t<td class=\"column-1\"><strong>Hersteller<\/strong><\/td><td class=\"column-2\">Atari<\/td>\n<\/tr>\n<tr class=\"row-2\">\n\t<td class=\"column-1\"><strong>Land<\/strong><\/td><td class=\"column-2\">USA<\/td>\n<\/tr>\n<tr class=\"row-3\">\n\t<td class=\"column-1\"><strong>Ver\u00f6ffentlichung<\/strong><\/td><td class=\"column-2\">1990<\/td>\n<\/tr>\n<tr class=\"row-4\">\n\t<td class=\"column-1\"><strong>Produktionseinstellung<\/strong><\/td><td class=\"column-2\">1993<\/td>\n<\/tr>\n<tr class=\"row-5\">\n\t<td class=\"column-1\"><strong>verkaufte Einheiten<\/strong><\/td><td class=\"column-2\">30.000<\/td>\n<\/tr>\n<tr class=\"row-6\">\n\t<td class=\"column-1\"><strong>CPU<\/strong><\/td><td class=\"column-2\">Motorola 68030<\/td>\n<\/tr>\n<tr class=\"row-7\">\n\t<td class=\"column-1\"><strong>Geschwindigkeit<\/strong><\/td><td class=\"column-2\">32 MHz<\/td>\n<\/tr>\n<tr class=\"row-8\">\n\t<td class=\"column-1\"><strong>RAM<\/strong><\/td><td class=\"column-2\">2\u201316 MB ST-RAM<br \/>\n0\u2013256 MB TT-RAM<\/td>\n<\/tr>\n<tr class=\"row-9\">\n\t<td class=\"column-1\"><strong>ROM<\/strong><\/td><td class=\"column-2\"><\/td>\n<\/tr>\n<tr class=\"row-10\">\n\t<td class=\"column-1\"><strong>Grafikchip<\/strong><\/td><td class=\"column-2\">Atari Shifter<\/td>\n<\/tr>\n<tr class=\"row-11\">\n\t<td class=\"column-1\"><strong>Aufl\u00f6sung<\/strong><\/td><td class=\"column-2\">ST low: 320 \u00d7 200 (16)<br \/>\nTT low: 320 \u00d7 240 (256)<br \/>\nST medium: 640 \u00d7 200 (4)<br \/>\nST high: 640 \u00d7 400 (2)<br \/>\nTT medium: 640 \u00d7 480 (16)<br \/>\nTT high: 1280 \u00d7 960 (2), nur mit ECL-Monitoren<\/td>\n<\/tr>\n<tr class=\"row-12\">\n\t<td class=\"column-1\"><strong>Farben<\/strong><\/td><td class=\"column-2\">4.096<\/td>\n<\/tr>\n<tr class=\"row-13\">\n\t<td class=\"column-1\"><strong>Soundchip<\/strong><\/td><td class=\"column-2\">Yamaha YM2149F<\/td>\n<\/tr>\n<tr class=\"row-14\">\n\t<td class=\"column-1\"><strong>Soundkan\u00e4le<\/strong><\/td><td class=\"column-2\">3 Programmable Sound Generators + 1 Rauschgenerator, Stereo<\/td>\n<\/tr>\n<tr class=\"row-15\">\n\t<td class=\"column-1\"><strong>Diskettenlaufwerk<\/strong><\/td><td class=\"column-2\">3\u00bd\" DD doppelseitig, 709 kB<br \/>\nsp\u00e4ter 3\u00bd\" HD 1.44 MB<\/td>\n<\/tr>\n<tr class=\"row-16\">\n\t<td class=\"column-1\"><strong>Festplatte<\/strong><\/td><td class=\"column-2\">ab Werk: 3\u00bd\" SCSI mit 48 oder 80 MB<\/td>\n<\/tr>\n<tr class=\"row-17\">\n\t<td class=\"column-1\"><strong>Neupreis<\/strong><\/td><td class=\"column-2\">6.498 DM<\/td>\n<\/tr>\n<\/tbody>\n<\/table>\n<!-- #tablepress-279 from cache -->\n\n\n\n<figure class=\"wp-block-image size-full\"><img loading=\"lazy\" decoding=\"async\" width=\"800\" height=\"600\" data-attachment-id=\"18321\" data-permalink=\"https:\/\/www.jungsi.de\/en\/thunder-storm-atari-tt\/storm-oberseite\/\" data-orig-file=\"https:\/\/www.jungsi.de\/blog\/wp-content\/uploads\/Storm-Oberseite.jpg\" data-orig-size=\"800,600\" data-comments-opened=\"1\" data-image-meta=\"{&quot;aperture&quot;:&quot;3.5&quot;,&quot;credit&quot;:&quot;&quot;,&quot;camera&quot;:&quot;Canon PowerShot SX260 HS&quot;,&quot;caption&quot;:&quot;&quot;,&quot;created_timestamp&quot;:&quot;1494333320&quot;,&quot;copyright&quot;:&quot;&quot;,&quot;focal_length&quot;:&quot;4.5&quot;,&quot;iso&quot;:&quot;800&quot;,&quot;shutter_speed&quot;:&quot;0.04&quot;,&quot;title&quot;:&quot;&quot;,&quot;orientation&quot;:&quot;1&quot;}\" data-image-title=\"Storm &amp;#8211; Oberseite\" data-image-description=\"&lt;p&gt;Storm &amp;#8211; Oberseite&lt;\/p&gt;\" data-image-caption=\"&lt;p&gt;Storm&lt;\/p&gt;\" data-large-file=\"https:\/\/www.jungsi.de\/blog\/wp-content\/uploads\/Storm-Oberseite.jpg\" src=\"https:\/\/www.jungsi.de\/blog\/wp-content\/uploads\/Storm-Oberseite.jpg\" alt=\"Storm - Oberseite\" class=\"wp-image-18321\" srcset=\"https:\/\/www.jungsi.de\/blog\/wp-content\/uploads\/Storm-Oberseite.jpg 800w, https:\/\/www.jungsi.de\/blog\/wp-content\/uploads\/Storm-Oberseite-300x225.jpg 300w\" sizes=\"auto, (max-width: 800px) 100vw, 800px\" \/><figcaption class=\"wp-element-caption\"><a href=\"https:\/\/www.jungsi.de\/en\/thunder-storm-atari-tt\/\" data-type=\"post\" data-id=\"21711\" target=\"_blank\" rel=\"noreferrer noopener\">Storm<\/a><\/figcaption><\/figure>\n\n\n\n<figure class=\"wp-block-image size-full\"><img loading=\"lazy\" decoding=\"async\" width=\"800\" height=\"600\" data-attachment-id=\"18323\" data-permalink=\"https:\/\/www.jungsi.de\/en\/thunder-storm-atari-tt\/thunder-oberseite\/\" data-orig-file=\"https:\/\/www.jungsi.de\/blog\/wp-content\/uploads\/Thunder-Oberseite.jpg\" data-orig-size=\"800,600\" data-comments-opened=\"1\" data-image-meta=\"{&quot;aperture&quot;:&quot;3.5&quot;,&quot;credit&quot;:&quot;&quot;,&quot;camera&quot;:&quot;Canon PowerShot SX260 HS&quot;,&quot;caption&quot;:&quot;&quot;,&quot;created_timestamp&quot;:&quot;1494333289&quot;,&quot;copyright&quot;:&quot;&quot;,&quot;focal_length&quot;:&quot;4.5&quot;,&quot;iso&quot;:&quot;800&quot;,&quot;shutter_speed&quot;:&quot;0.05&quot;,&quot;title&quot;:&quot;&quot;,&quot;orientation&quot;:&quot;1&quot;}\" data-image-title=\"Thunder &amp;#8211; Oberseite\" data-image-description=\"&lt;p&gt;Thunder &amp;#8211; Oberseite&lt;\/p&gt;\" data-image-caption=\"&lt;p&gt;Thunder&lt;\/p&gt;\" data-large-file=\"https:\/\/www.jungsi.de\/blog\/wp-content\/uploads\/Thunder-Oberseite.jpg\" src=\"https:\/\/www.jungsi.de\/blog\/wp-content\/uploads\/Thunder-Oberseite.jpg\" alt=\"Thunder - Oberseite\" class=\"wp-image-18323\" srcset=\"https:\/\/www.jungsi.de\/blog\/wp-content\/uploads\/Thunder-Oberseite.jpg 800w, https:\/\/www.jungsi.de\/blog\/wp-content\/uploads\/Thunder-Oberseite-300x225.jpg 300w\" sizes=\"auto, (max-width: 800px) 100vw, 800px\" \/><figcaption class=\"wp-element-caption\"><a href=\"https:\/\/www.jungsi.de\/en\/thunder-storm-atari-tt\/\" data-type=\"post\" data-id=\"21711\" target=\"_blank\" rel=\"noreferrer noopener\">Thunder<\/a><\/figcaption><\/figure>\n\n\n\n<figure class=\"wp-block-image size-large\"><img loading=\"lazy\" decoding=\"async\" width=\"1024\" height=\"768\" data-attachment-id=\"21479\" data-permalink=\"https:\/\/www.jungsi.de\/en\/lightning-vme-usb-fuer-den-megaste-und-tt-atari-16-32-bit\/lightning-vme-platine\/\" data-orig-file=\"https:\/\/www.jungsi.de\/blog\/wp-content\/uploads\/Lightning-VME-Platine.jpg\" data-orig-size=\"1400,1050\" data-comments-opened=\"1\" data-image-meta=\"{&quot;aperture&quot;:&quot;3.5&quot;,&quot;credit&quot;:&quot;&quot;,&quot;camera&quot;:&quot;Canon PowerShot SX260 HS&quot;,&quot;caption&quot;:&quot;&quot;,&quot;created_timestamp&quot;:&quot;1522344676&quot;,&quot;copyright&quot;:&quot;&quot;,&quot;focal_length&quot;:&quot;4.5&quot;,&quot;iso&quot;:&quot;1250&quot;,&quot;shutter_speed&quot;:&quot;0.05&quot;,&quot;title&quot;:&quot;&quot;,&quot;orientation&quot;:&quot;1&quot;}\" data-image-title=\"Lightning VME Platine\" data-image-description=\"&lt;p&gt;Lightning VME Platine&lt;\/p&gt;\" data-image-caption=\"&lt;p&gt;Lightning VME&lt;\/p&gt;\" data-large-file=\"https:\/\/www.jungsi.de\/blog\/wp-content\/uploads\/Lightning-VME-Platine-1024x768.jpg\" src=\"https:\/\/www.jungsi.de\/blog\/wp-content\/uploads\/Lightning-VME-Platine-1024x768.jpg\" alt=\"Lightning VME Platine\" class=\"wp-image-21479\" srcset=\"https:\/\/www.jungsi.de\/blog\/wp-content\/uploads\/Lightning-VME-Platine-1024x768.jpg 1024w, https:\/\/www.jungsi.de\/blog\/wp-content\/uploads\/Lightning-VME-Platine-300x225.jpg 300w, https:\/\/www.jungsi.de\/blog\/wp-content\/uploads\/Lightning-VME-Platine.jpg 1400w\" sizes=\"auto, (max-width: 1024px) 100vw, 1024px\" \/><figcaption class=\"wp-element-caption\"><a href=\"https:\/\/www.jungsi.de\/en\/lightning-vme-usb-fuer-den-megaste-und-tt-atari-16-32-bit\/\" data-type=\"post\" data-id=\"20085\" target=\"_blank\" rel=\"noreferrer noopener\">Lightning VME<\/a><\/figcaption><\/figure>\n\n\n\n<figure class=\"wp-block-image size-large\"><img loading=\"lazy\" decoding=\"async\" width=\"1024\" height=\"768\" data-attachment-id=\"30818\" data-permalink=\"https:\/\/www.jungsi.de\/en\/heimcomputer\/atari-die-sammlung\/atari-tt\/mighty-mic-32-b-oberseite\/\" data-orig-file=\"https:\/\/www.jungsi.de\/blog\/wp-content\/uploads\/Mighty-Mic-32-B-Oberseite.jpg\" data-orig-size=\"1400,1050\" data-comments-opened=\"1\" data-image-meta=\"{&quot;aperture&quot;:&quot;1.5&quot;,&quot;credit&quot;:&quot;&quot;,&quot;camera&quot;:&quot;iPhone 14&quot;,&quot;caption&quot;:&quot;&quot;,&quot;created_timestamp&quot;:&quot;1699709019&quot;,&quot;copyright&quot;:&quot;&quot;,&quot;focal_length&quot;:&quot;5.7&quot;,&quot;iso&quot;:&quot;125&quot;,&quot;shutter_speed&quot;:&quot;0.0083333333333333&quot;,&quot;title&quot;:&quot;&quot;,&quot;orientation&quot;:&quot;1&quot;}\" data-image-title=\"Mighty-Mic-32-B-Oberseite\" data-image-description=\"\" data-image-caption=\"\" data-large-file=\"https:\/\/www.jungsi.de\/blog\/wp-content\/uploads\/Mighty-Mic-32-B-Oberseite-1024x768.jpg\" src=\"https:\/\/www.jungsi.de\/blog\/wp-content\/uploads\/Mighty-Mic-32-B-Oberseite-1024x768.jpg\" alt=\"\" class=\"wp-image-30818\" srcset=\"https:\/\/www.jungsi.de\/blog\/wp-content\/uploads\/Mighty-Mic-32-B-Oberseite-1024x768.jpg 1024w, https:\/\/www.jungsi.de\/blog\/wp-content\/uploads\/Mighty-Mic-32-B-Oberseite-300x225.jpg 300w, https:\/\/www.jungsi.de\/blog\/wp-content\/uploads\/Mighty-Mic-32-B-Oberseite.jpg 1400w\" sizes=\"auto, (max-width: 1024px) 100vw, 1024px\" \/><figcaption class=\"wp-element-caption\">Mighty Mic 32 B<\/figcaption><\/figure>\n\n\n\n<p><\/p>","protected":false},"excerpt":{"rendered":"<p>Atari TT Die Entwicklung des Atari TT begann im Jahr 1986, und er war als UNIX-Workstation gedacht. Die Markteinf\u00fchrung verz\u00f6gerte sich jedoch bis 1990, da \u2026<\/p>","protected":false},"author":2,"featured_media":24083,"parent":3749,"menu_order":0,"comment_status":"closed","ping_status":"closed","template":"","meta":{"_lmt_disableupdate":"","_lmt_disable":"","ngg_post_thumbnail":0,"jetpack_post_was_ever_published":false,"footnotes":"","_links_to":"","_links_to_target":""},"class_list":["post-21691","page","type-page","status-publish","has-post-thumbnail","hentry"],"jetpack_shortlink":"https:\/\/wp.me\/P4eXvk-5DR","jetpack_sharing_enabled":true,"jetpack_likes_enabled":true,"jetpack-related-posts":[{"id":3749,"url":"https:\/\/www.jungsi.de\/en\/heimcomputer\/atari-die-sammlung\/","url_meta":{"origin":21691,"position":0},"title":"Atari","author":"Jungsi","date":"26. September 2013","format":false,"excerpt":"Atari Heimcomputer\u00a0 Atari 800XL Atari Falcon Atari Portfolio Atari ST(E)\/Mega ST(E) Atari TT Geschichte der Atari Heimcomputer Die Geschichte der Atari Heimcomputer beginnt in den sp\u00e4ten 1970er Jahren und erstreckt sich \u00fcber mehrere Modellreihen, die in den 1980er Jahren gro\u00dfen Einfluss auf den Heimcomputermarkt hatten. Hier sind die wichtigsten Meilensteine:\u2026","rel":"","context":"With 2 comments","block_context":{"text":"With 2 comments","link":"https:\/\/www.jungsi.de\/en\/heimcomputer\/atari-die-sammlung\/#comments"},"img":{"alt_text":"","src":"https:\/\/i0.wp.com\/www.jungsi.de\/blog\/wp-content\/uploads\/2013\/07\/Atari-800XL_1.jpg?resize=350%2C200&ssl=1","width":350,"height":200},"classes":[]},{"id":3752,"url":"https:\/\/www.jungsi.de\/en\/retro\/atari\/atari-das-zubehor\/","url_meta":{"origin":21691,"position":1},"title":"Atari &#8211; das Zubeh\u00f6r","author":"Jungsi","date":"26. September 2013","format":false,"excerpt":"Atari Portfolio \u00a0 Atari ST\/TT\/Falcon \u00a0 \u00a0 \u00a0 \u00a0 Atari Lynx Atari Jaguar Atari VCS2600 CX26 Silber Edition Atari 800XL\u00a0","rel":"","context":"Similar post","block_context":{"text":"Similar post","link":""},"img":{"alt_text":"","src":"https:\/\/i0.wp.com\/www.jungsi.de\/blog\/wp-content\/uploads\/portfolio-serial-interface.jpg?resize=350%2C200&ssl=1","width":350,"height":200},"classes":[]},{"id":18475,"url":"https:\/\/www.jungsi.de\/en\/konsolen\/atari-konsolen\/atari-jaguar\/","url_meta":{"origin":21691,"position":2},"title":"Atari Jaguar","author":"Jungsi","date":"15. September 2017","format":false,"excerpt":"Atari Jaguar Atari Jaguar mit Controller Die letzte und sechste Videospielkonsole von Atari, der Atari Jaguar, ausgestattet mit dem Motorola MC68000 Prozessor, war ein kommerzieller Misserfolg. Es wurden zwischen 125.000 und 250.000 Einheiten verkauft. Die mehr als 100 Spiele f\u00fcr die Konsole erwiesen sich gr\u00f6\u00dftenteils als Klone oder Kopien anderer\u2026","rel":"","context":"Similar post","block_context":{"text":"Similar post","link":""},"img":{"alt_text":"Atari Jaguar mit Controller","src":"https:\/\/i0.wp.com\/www.jungsi.de\/blog\/wp-content\/uploads\/Aari-Jaguar-mit-Controller.jpg?resize=350%2C200&ssl=1","width":350,"height":200,"srcset":"https:\/\/i0.wp.com\/www.jungsi.de\/blog\/wp-content\/uploads\/Aari-Jaguar-mit-Controller.jpg?resize=350%2C200&ssl=1 1x, https:\/\/i0.wp.com\/www.jungsi.de\/blog\/wp-content\/uploads\/Aari-Jaguar-mit-Controller.jpg?resize=525%2C300&ssl=1 1.5x, https:\/\/i0.wp.com\/www.jungsi.de\/blog\/wp-content\/uploads\/Aari-Jaguar-mit-Controller.jpg?resize=700%2C400&ssl=1 2x"},"classes":[]},{"id":27749,"url":"https:\/\/www.jungsi.de\/en\/heimcomputer\/atari-die-sammlung\/atari-portfolio\/","url_meta":{"origin":21691,"position":3},"title":"Atari Portfolio","author":"Jungsi","date":"13. January 2023","format":false,"excerpt":"Atari Portfolio Atari Portfolio Der Atari Portfolio, eingef\u00fchrt im Jahr 1989, war der erste MS-DOS-kompatible Handheld-Computer. Entwickelt von DIP (Distributed Information Processing Limited) und sp\u00e4ter von Atari lizenziert, hatte er die Gr\u00f6\u00dfe einer VHS-Kassette und wog 505 Gramm, was ihn zu einem Vorl\u00e4ufer der sp\u00e4teren PDAs macht. Der kleine Computer\u2026","rel":"","context":"Similar post","block_context":{"text":"Similar post","link":""},"img":{"alt_text":"","src":"https:\/\/i0.wp.com\/www.jungsi.de\/blog\/wp-content\/uploads\/Atari-Portfolio-Deckel-offen-schraeg.jpg?resize=350%2C200&ssl=1","width":350,"height":200,"srcset":"https:\/\/i0.wp.com\/www.jungsi.de\/blog\/wp-content\/uploads\/Atari-Portfolio-Deckel-offen-schraeg.jpg?resize=350%2C200&ssl=1 1x, https:\/\/i0.wp.com\/www.jungsi.de\/blog\/wp-content\/uploads\/Atari-Portfolio-Deckel-offen-schraeg.jpg?resize=525%2C300&ssl=1 1.5x, https:\/\/i0.wp.com\/www.jungsi.de\/blog\/wp-content\/uploads\/Atari-Portfolio-Deckel-offen-schraeg.jpg?resize=700%2C400&ssl=1 2x, https:\/\/i0.wp.com\/www.jungsi.de\/blog\/wp-content\/uploads\/Atari-Portfolio-Deckel-offen-schraeg.jpg?resize=1050%2C600&ssl=1 3x, https:\/\/i0.wp.com\/www.jungsi.de\/blog\/wp-content\/uploads\/Atari-Portfolio-Deckel-offen-schraeg.jpg?resize=1400%2C800&ssl=1 4x"},"classes":[]},{"id":27887,"url":"https:\/\/www.jungsi.de\/en\/die-sammlung\/literatur\/atari\/st-computer\/","url_meta":{"origin":21691,"position":4},"title":"ST Computer","author":"Jungsi","date":"14. January 2023","format":false,"excerpt":"ST Computer - Atari 16\/32 Bit ST-Computer war die langlebigste deutschsprachige Atari-Zeitschrift: gestartet Anfang 1986 (Heim-Verlag, sp\u00e4ter falkemedia) und bis 1\/2004 erschienen, mit News, Tests, Listings, Tutorials und Bastelrubrik rund um Atari ST\/STE, TT und Falcon; zeitweise kamen auch Jaguar-Themen dazu. Sie \u00fcbernahm 1993 Inhalte von TOS Computer und ST\u2026","rel":"","context":"Similar post","block_context":{"text":"Similar post","link":""},"img":{"alt_text":"ST-Computer 01\/02 2017","src":"https:\/\/i0.wp.com\/www.jungsi.de\/blog\/wp-content\/uploads\/ST-Computer-01_02_2017.jpg?resize=350%2C200&ssl=1","width":350,"height":200,"srcset":"https:\/\/i0.wp.com\/www.jungsi.de\/blog\/wp-content\/uploads\/ST-Computer-01_02_2017.jpg?resize=350%2C200&ssl=1 1x, https:\/\/i0.wp.com\/www.jungsi.de\/blog\/wp-content\/uploads\/ST-Computer-01_02_2017.jpg?resize=525%2C300&ssl=1 1.5x, https:\/\/i0.wp.com\/www.jungsi.de\/blog\/wp-content\/uploads\/ST-Computer-01_02_2017.jpg?resize=700%2C400&ssl=1 2x, https:\/\/i0.wp.com\/www.jungsi.de\/blog\/wp-content\/uploads\/ST-Computer-01_02_2017.jpg?resize=1050%2C600&ssl=1 3x"},"classes":[]},{"id":27747,"url":"https:\/\/www.jungsi.de\/en\/heimcomputer\/atari-die-sammlung\/atari-falcon\/","url_meta":{"origin":21691,"position":5},"title":"Atari Falcon","author":"Jungsi","date":"13. January 2023","format":false,"excerpt":"Atari Falcon Atari Falcon 030 Bis zu seiner Vorstellung und Ver\u00f6ffentlichung durch Atari war der Falcon030 ein gut geh\u00fctetes Geheimnis, das oft nur mit \u201eno comment\u201c kommentiert wurde. Die Produktion \u00fcbernahmen Drittanbieter, da Atari seine Produktionsanlagen bereits verkauft hatte. Sch\u00e4tzungen zufolge wurden bis Herbst 1993 etwa 14.000 Falcon-Computer verkauft, davon\u2026","rel":"","context":"Similar post","block_context":{"text":"Similar post","link":""},"img":{"alt_text":"","src":"https:\/\/i0.wp.com\/www.jungsi.de\/blog\/wp-content\/uploads\/Atari-Falcon030-schraeg-oben.jpg?resize=350%2C200&ssl=1","width":350,"height":200,"srcset":"https:\/\/i0.wp.com\/www.jungsi.de\/blog\/wp-content\/uploads\/Atari-Falcon030-schraeg-oben.jpg?resize=350%2C200&ssl=1 1x, https:\/\/i0.wp.com\/www.jungsi.de\/blog\/wp-content\/uploads\/Atari-Falcon030-schraeg-oben.jpg?resize=525%2C300&ssl=1 1.5x, https:\/\/i0.wp.com\/www.jungsi.de\/blog\/wp-content\/uploads\/Atari-Falcon030-schraeg-oben.jpg?resize=700%2C400&ssl=1 2x, https:\/\/i0.wp.com\/www.jungsi.de\/blog\/wp-content\/uploads\/Atari-Falcon030-schraeg-oben.jpg?resize=1050%2C600&ssl=1 3x, https:\/\/i0.wp.com\/www.jungsi.de\/blog\/wp-content\/uploads\/Atari-Falcon030-schraeg-oben.jpg?resize=1400%2C800&ssl=1 4x"},"classes":[]}],"_links":{"self":[{"href":"https:\/\/www.jungsi.de\/en\/wp-json\/wp\/v2\/pages\/21691","targetHints":{"allow":["GET"]}}],"collection":[{"href":"https:\/\/www.jungsi.de\/en\/wp-json\/wp\/v2\/pages"}],"about":[{"href":"https:\/\/www.jungsi.de\/en\/wp-json\/wp\/v2\/types\/page"}],"author":[{"embeddable":true,"href":"https:\/\/www.jungsi.de\/en\/wp-json\/wp\/v2\/users\/2"}],"replies":[{"embeddable":true,"href":"https:\/\/www.jungsi.de\/en\/wp-json\/wp\/v2\/comments?post=21691"}],"version-history":[{"count":0,"href":"https:\/\/www.jungsi.de\/en\/wp-json\/wp\/v2\/pages\/21691\/revisions"}],"up":[{"embeddable":true,"href":"https:\/\/www.jungsi.de\/en\/wp-json\/wp\/v2\/pages\/3749"}],"wp:featuredmedia":[{"embeddable":true,"href":"https:\/\/www.jungsi.de\/en\/wp-json\/wp\/v2\/media\/24083"}],"wp:attachment":[{"href":"https:\/\/www.jungsi.de\/en\/wp-json\/wp\/v2\/media?parent=21691"}],"curies":[{"name":"wp","href":"https:\/\/api.w.org\/{rel}","templated":true}]}}