{"id":213,"date":"2008-12-05T12:59:54","date_gmt":"2008-12-05T11:59:54","guid":{"rendered":"http:\/\/www.jungsi.de\/blog\/?page_id=213"},"modified":"2012-07-18T21:36:26","modified_gmt":"2012-07-18T20:36:26","slug":"tour-6-garda-vallarasa","status":"publish","type":"page","link":"https:\/\/www.jungsi.de\/en\/reisen\/gardasee-2000\/tour-6-garda-vallarasa\/","title":{"rendered":"Tour 6: Garda &#8211; Vallarasa"},"content":{"rendered":"<p style=\"text-align: justify;\">Garda &#8211; Vallarasa &#8211; Pian del Fugazze &#8211; Ps. di Xomo &#8211; Ps. di Borcola<\/p>\n<p style=\"text-align: justify;\">Streckenl\u00e4nge ca. 300 km<\/p>\n<p style=\"text-align: justify;\">Zum Abschluss sollte es nochmal richtig zur Sache gehen. Wir fuhren also \u00fcber Riva nach Torbole. Wir folgten der \u00f6stlichen Strasse entlang am Gardasee nach Torri und Garda. Der n\u00e4chste Ort war Costermano.<br \/>\nPer Caprino, Spiazzi und Ferrara geht es am Monte Baldo entlang nach Norden. Ein guter Fotopunkt ergibt sich in Bocca di Novene. Nachdem man Brentonico durchquert hat und in Mori angelangt ist. In Roveretto sollte man der Beschilderung\u00a0nach\u00a0Vallarsa folgen.<br \/>\nIn Sant&#8216; Anna f\u00e4hrt man nach Anghebeni und erreicht so den Pian del Fugazze. Am Gasthaus ist ein bekannter Treffpunkt. Dann geht es hinunter nach Valli und weiter in Richtung Passo di Xomo. Der n\u00e4chste Pass ist der Passo di Borcola. So gelangt man nach Roveretto zur\u00fcck und kann die Runde abschliessen.<\/p>ngg_shortcode_0_placeholder<p style=\"text-align: justify;\">","protected":false},"excerpt":{"rendered":"<p>Garda &#8211; Vallarasa &#8211; Pian del Fugazze &#8211; Ps. di Xomo &#8211; Ps. di Borcola Streckenl\u00e4nge ca. 300 km Zum Abschluss sollte es nochmal richtig \u2026<\/p>","protected":false},"author":2,"featured_media":0,"parent":200,"menu_order":0,"comment_status":"open","ping_status":"open","template":"","meta":{"_lmt_disableupdate":"","_lmt_disable":"","ngg_post_thumbnail":0,"jetpack_post_was_ever_published":false,"footnotes":"","_links_to":"","_links_to_target":""},"class_list":["post-213","page","type-page","status-publish","hentry"],"jetpack_shortlink":"https:\/\/wp.me\/P4eXvk-3r","jetpack_sharing_enabled":true,"jetpack_likes_enabled":true,"jetpack-related-posts":[{"id":194,"url":"https:\/\/www.jungsi.de\/en\/reisen\/dolomiten-1999\/tour-5-ps-giau-forcola-staulanza\/","url_meta":{"origin":213,"position":0},"title":"Tour 5: Ps. Giau &#8211; Forcola Staulanza","author":"Jungsi","date":"5. December 2008","format":false,"excerpt":"Ps. Giau - Forcola Staulanza - Ps. Duran - Belluno - Ps. Ciabana Streckenl\u00e4nge: ca. 250 km Und wieder gehts los \u00fcber die schon bekannte Strecke nach Cortina. Allerdings heisst es hier kurz vor Cortina der Beschilderung nach rechts zum Passo di Giau folgen. Auf der anderen Seite gehts in\u2026","rel":"","context":"In &quot;Allgemein&quot;","block_context":{"text":"Allgemein","link":"https:\/\/www.jungsi.de\/en\/category\/allgemein\/"},"img":{"alt_text":"","src":"","width":0,"height":0},"classes":[]},{"id":329,"url":"https:\/\/www.jungsi.de\/en\/reisen\/schweiz-2003\/tour-2-rhein-schlucht\/","url_meta":{"origin":213,"position":1},"title":"Tour 2: Rhein-Schlucht&#8230;","author":"Jungsi","date":"22. December 2008","format":false,"excerpt":"Rhein-Schlucht - Lukmanierpass - San Bernadino - Val di Lei Streckenl\u00e4nge ca. 285 km Thusis - Bonaduz - Versam - Ilanz - Disentis - Passo del Lucomagno - Olivone - Biasca - Bellinzona - Mesocco - Passo San Bernadino - Avers - Starlera - Val di Lei - Avers -\u2026","rel":"","context":"In &quot;Allgemein&quot;","block_context":{"text":"Allgemein","link":"https:\/\/www.jungsi.de\/en\/category\/allgemein\/"},"img":{"alt_text":"","src":"","width":0,"height":0},"classes":[]},{"id":192,"url":"https:\/\/www.jungsi.de\/en\/reisen\/dolomiten-1999\/tour-4-ps-valparolo-prager-wildsee\/","url_meta":{"origin":213,"position":2},"title":"Tour 4: Ps. Valparolo &#8211; Prager Wildsee","author":"Jungsi","date":"5. December 2008","format":false,"excerpt":"Ps. Valparolo - Prager Wildsee Streckenl\u00e4nge: ca. 200 km Nach den anstrengenden Touren der Vortage gibt es heute etwas zum entspannen. Von Arraba f\u00e4hrt man die Strecke nach Cortina bis kurz vor den Passo di Falzarego. Hier gehts nach links zum Passo di Valparola. \u00dcber Stern und Pederoa geht die\u2026","rel":"","context":"In &quot;Allgemein&quot;","block_context":{"text":"Allgemein","link":"https:\/\/www.jungsi.de\/en\/category\/allgemein\/"},"img":{"alt_text":"","src":"","width":0,"height":0},"classes":[]},{"id":186,"url":"https:\/\/www.jungsi.de\/en\/reisen\/dolomiten-1999\/tour-1-agordo-passo-di-cereda-passo-di-rolle\/","url_meta":{"origin":213,"position":3},"title":"Tour 1: Agordo &#8211; Passo di Cereda &#8211; Passo di Rolle","author":"Jungsi","date":"5. December 2008","format":false,"excerpt":"Agordo - Passo di Cereda - Passo di Rolle - Marmolada Streckenl\u00e4nge: ca. 200 km Von Arabba Richtung Cortina bis Andraz. Von dort aus auf der SS203 Richtung Alleghe, wo man am Lago di Alleghe schon die erste Pause einlegen kann. Weiter gehts bis Agordo. Dort folgt man der Abzweigung\u2026","rel":"","context":"In &quot;Allgemein&quot;","block_context":{"text":"Allgemein","link":"https:\/\/www.jungsi.de\/en\/category\/allgemein\/"},"img":{"alt_text":"","src":"","width":0,"height":0},"classes":[]},{"id":196,"url":"https:\/\/www.jungsi.de\/en\/reisen\/dolomiten-1999\/tour-6-ps-pordoi-karerpass\/","url_meta":{"origin":213,"position":4},"title":"Tour 6: Ps. Pordoi &#8211; Karerpass","author":"Jungsi","date":"5. December 2008","format":false,"excerpt":"Ps. Pordoi - Karerpass - Sarntal - Penser Joch - Jaufenpass...... Streckenl\u00e4nge: ca. 380 km Die letzte Tour geht nochmal an die Kondition. Von Arabba \u00fcber den Passo Pordoi (32 Kehren) nach Canzei. Dann folgt man der Abzweigung zum Karerpass und f\u00e4hrt nach Bozen. In Bozen h\u00e4lt man sich immer\u2026","rel":"","context":"In &quot;Allgemein&quot;","block_context":{"text":"Allgemein","link":"https:\/\/www.jungsi.de\/en\/category\/allgemein\/"},"img":{"alt_text":"","src":"","width":0,"height":0},"classes":[]},{"id":190,"url":"https:\/\/www.jungsi.de\/en\/reisen\/dolomiten-1999\/tour-3-cortina-tre-croci-s-ciampigotto\/","url_meta":{"origin":213,"position":5},"title":"Tour 3: Cortina &#8211; Tre Croci &#8211; S. Ciampigotto","author":"Jungsi","date":"5. December 2008","format":false,"excerpt":"Cortina - Passo Tre Croci - S. Ciampigotto - Kreuzbergpass - Misurinasee Streckenl\u00e4nge: ca. 225 km Hier k\u00f6nnen einem die Ideen fast nicht ausgehen. Von Arabba gehts den direkten Weg \u00fcber den schon bekannten Passo di Falzarego nach Cortina. Von dort geht es \u00fcber den Passo Tre Croci. Rechts ab\u2026","rel":"","context":"In &quot;Allgemein&quot;","block_context":{"text":"Allgemein","link":"https:\/\/www.jungsi.de\/en\/category\/allgemein\/"},"img":{"alt_text":"","src":"","width":0,"height":0},"classes":[]}],"_links":{"self":[{"href":"https:\/\/www.jungsi.de\/en\/wp-json\/wp\/v2\/pages\/213","targetHints":{"allow":["GET"]}}],"collection":[{"href":"https:\/\/www.jungsi.de\/en\/wp-json\/wp\/v2\/pages"}],"about":[{"href":"https:\/\/www.jungsi.de\/en\/wp-json\/wp\/v2\/types\/page"}],"author":[{"embeddable":true,"href":"https:\/\/www.jungsi.de\/en\/wp-json\/wp\/v2\/users\/2"}],"replies":[{"embeddable":true,"href":"https:\/\/www.jungsi.de\/en\/wp-json\/wp\/v2\/comments?post=213"}],"version-history":[{"count":0,"href":"https:\/\/www.jungsi.de\/en\/wp-json\/wp\/v2\/pages\/213\/revisions"}],"up":[{"embeddable":true,"href":"https:\/\/www.jungsi.de\/en\/wp-json\/wp\/v2\/pages\/200"}],"wp:attachment":[{"href":"https:\/\/www.jungsi.de\/en\/wp-json\/wp\/v2\/media?parent=213"}],"curies":[{"name":"wp","href":"https:\/\/api.w.org\/{rel}","templated":true}]}}