{"id":20987,"date":"2018-08-26T11:29:03","date_gmt":"2018-08-26T10:29:03","guid":{"rendered":"https:\/\/www.jungsi.de\/?page_id=20987"},"modified":"2024-08-27T20:22:01","modified_gmt":"2024-08-27T18:22:01","slug":"acorn","status":"publish","type":"page","link":"https:\/\/www.jungsi.de\/en\/heimcomputer\/acorn\/","title":{"rendered":"Acorn"},"content":{"rendered":"<p><\/p>\n\n\n\n<h2 class=\"wp-block-heading has-text-align-center\">Acorn<\/h2>\n\n\n\n<p>Acorn Computers wurde 1978 in Cambridge, England, von Hermann Hauser und Chris Curry gegr\u00fcndet. Die beiden hatten zuvor bei Sinclair Research zusammengearbeitet und wollten einen eigenen Mikrocomputer entwickeln. Ihr erstes Produkt war der Acorn Microcomputer, der sp\u00e4ter in den Acorn System 1 umbenannt wurde. Acorn wurde schnell erfolgreich und entwickelte eine Reihe von Mikrocomputern, darunter den BBC Micro, der in den 1980er Jahren sehr popul\u00e4r wurde. Acorn spielte eine wichtige Rolle in der fr\u00fchen britischen Computerindustrie und war auch an der Entwicklung des ARM-Prozessors beteiligt, der heute in den meisten Smartphones verwendet wird.<\/p>\n\n\n\n<ul class=\"wp-block-list\">\n<li><a href=\"https:\/\/www.jungsi.de\/en\/heimcomputer\/acorn\/acorn-bbc-master-128\/\" data-type=\"page\" data-id=\"27741\">Acorn BBC Master 128<\/a><\/li>\n\n\n\n<li><a href=\"https:\/\/www.jungsi.de\/en\/heimcomputer\/acorn\/acorn-bbc-micro-model-b-2\/\" data-type=\"page\" data-id=\"27739\">Acorn BBC Micro Modell B<\/a><\/li>\n\n\n\n<li><a href=\"https:\/\/www.jungsi.de\/en\/heimcomputer\/acorn\/acorn-electron\/\" data-type=\"page\" data-id=\"27737\">Acorn Electron<\/a><\/li>\n<\/ul>\n\n\n\n<p><\/p>","protected":false},"excerpt":{"rendered":"<p>Acorn Acorn Computers wurde 1978 in Cambridge, England, von Hermann Hauser und Chris Curry gegr\u00fcndet. Die beiden hatten zuvor bei Sinclair Research zusammengearbeitet und wollten \u2026<\/p>","protected":false},"author":2,"featured_media":20988,"parent":18076,"menu_order":0,"comment_status":"closed","ping_status":"closed","template":"","meta":{"_lmt_disableupdate":"","_lmt_disable":"","ngg_post_thumbnail":0,"jetpack_post_was_ever_published":false,"footnotes":"","_links_to":"","_links_to_target":""},"class_list":["post-20987","page","type-page","status-publish","has-post-thumbnail","hentry"],"jetpack_shortlink":"https:\/\/wp.me\/P4eXvk-5sv","jetpack_sharing_enabled":true,"jetpack_likes_enabled":true,"jetpack-related-posts":[{"id":27739,"url":"https:\/\/www.jungsi.de\/en\/heimcomputer\/acorn\/acorn-bbc-micro-model-b-2\/","url_meta":{"origin":20987,"position":0},"title":"Acorn BBC Micro Model B","author":"Jungsi","date":"16. January 2023","format":false,"excerpt":"Acorn BBC Micro Model B Acorn BBC Micro Model B Der Acorn BBC Micro war der Computer von Acorn f\u00fcr Schulen, konnte aber auch f\u00fcr den privaten Gebrauch bestellt werden. Im Inneren hatte er 32kB RAM (Modell A hatte 16kB) und eine 6502 CPU, die normalerweise von Rockwell hergestellt wurde.\u2026","rel":"","context":"Similar post","block_context":{"text":"Similar post","link":""},"img":{"alt_text":"Micro MMC","src":"https:\/\/i0.wp.com\/www.jungsi.de\/blog\/wp-content\/uploads\/Micro-MMC-Platine.jpg?resize=350%2C200&ssl=1","width":350,"height":200,"srcset":"https:\/\/i0.wp.com\/www.jungsi.de\/blog\/wp-content\/uploads\/Micro-MMC-Platine.jpg?resize=350%2C200&ssl=1 1x, https:\/\/i0.wp.com\/www.jungsi.de\/blog\/wp-content\/uploads\/Micro-MMC-Platine.jpg?resize=525%2C300&ssl=1 1.5x, https:\/\/i0.wp.com\/www.jungsi.de\/blog\/wp-content\/uploads\/Micro-MMC-Platine.jpg?resize=700%2C400&ssl=1 2x, https:\/\/i0.wp.com\/www.jungsi.de\/blog\/wp-content\/uploads\/Micro-MMC-Platine.jpg?resize=1050%2C600&ssl=1 3x, https:\/\/i0.wp.com\/www.jungsi.de\/blog\/wp-content\/uploads\/Micro-MMC-Platine.jpg?resize=1400%2C800&ssl=1 4x"},"classes":[]},{"id":27737,"url":"https:\/\/www.jungsi.de\/en\/heimcomputer\/acorn\/acorn-electron\/","url_meta":{"origin":20987,"position":1},"title":"Acorn Electron","author":"Jungsi","date":"16. January 2023","format":false,"excerpt":"Acorn Electron Acorn Electron Der Acorn Electron, ein Heimcomputer, wurde 1983 von Acorn Computers Ltd herausgebracht. Er galt als eine preiswertere und kompaktere Alternative zum BBC Micro und zielte auf den Massenmarkt ab. Der Acorn Electron erlangte Bekanntheit f\u00fcr seine Kompatibilit\u00e4t mit zahlreichen BBC Micro-Programmen und seine solide Konstruktion. Trotz\u2026","rel":"","context":"Similar post","block_context":{"text":"Similar post","link":""},"img":{"alt_text":"ElkSD128","src":"https:\/\/i0.wp.com\/www.jungsi.de\/blog\/wp-content\/uploads\/ElkSD128-Oberseite-schraeg.jpg?resize=350%2C200&ssl=1","width":350,"height":200,"srcset":"https:\/\/i0.wp.com\/www.jungsi.de\/blog\/wp-content\/uploads\/ElkSD128-Oberseite-schraeg.jpg?resize=350%2C200&ssl=1 1x, https:\/\/i0.wp.com\/www.jungsi.de\/blog\/wp-content\/uploads\/ElkSD128-Oberseite-schraeg.jpg?resize=525%2C300&ssl=1 1.5x, https:\/\/i0.wp.com\/www.jungsi.de\/blog\/wp-content\/uploads\/ElkSD128-Oberseite-schraeg.jpg?resize=700%2C400&ssl=1 2x, https:\/\/i0.wp.com\/www.jungsi.de\/blog\/wp-content\/uploads\/ElkSD128-Oberseite-schraeg.jpg?resize=1050%2C600&ssl=1 3x, https:\/\/i0.wp.com\/www.jungsi.de\/blog\/wp-content\/uploads\/ElkSD128-Oberseite-schraeg.jpg?resize=1400%2C800&ssl=1 4x"},"classes":[]},{"id":27741,"url":"https:\/\/www.jungsi.de\/en\/heimcomputer\/acorn\/acorn-bbc-master-128\/","url_meta":{"origin":20987,"position":2},"title":"Acorn BBC Master 128","author":"Jungsi","date":"16. January 2023","format":false,"excerpt":"Acorn BBC Master 128 BBC Master 128 Nach dem kommerziellen Erfolg des BBC Model B f\u00fchrte die BBC den Master als Heimcomputer ein, der sowohl f\u00fcr den IT-Unterricht als auch als Computer f\u00fcr zu Hause oder kleine B\u00fcros gedacht war. Er hatte 128kB RAM und ein ROM mit vielen Funktionen,\u2026","rel":"","context":"Similar post","block_context":{"text":"Similar post","link":""},"img":{"alt_text":"Cumana Diskettenlaufwerk - Disk Drive Guide","src":"https:\/\/i0.wp.com\/www.jungsi.de\/blog\/wp-content\/uploads\/Cumana-Diskettenlaufwerk-Disk-Drive-Guide.jpg?resize=350%2C200&ssl=1","width":350,"height":200,"srcset":"https:\/\/i0.wp.com\/www.jungsi.de\/blog\/wp-content\/uploads\/Cumana-Diskettenlaufwerk-Disk-Drive-Guide.jpg?resize=350%2C200&ssl=1 1x, https:\/\/i0.wp.com\/www.jungsi.de\/blog\/wp-content\/uploads\/Cumana-Diskettenlaufwerk-Disk-Drive-Guide.jpg?resize=525%2C300&ssl=1 1.5x, https:\/\/i0.wp.com\/www.jungsi.de\/blog\/wp-content\/uploads\/Cumana-Diskettenlaufwerk-Disk-Drive-Guide.jpg?resize=700%2C400&ssl=1 2x, https:\/\/i0.wp.com\/www.jungsi.de\/blog\/wp-content\/uploads\/Cumana-Diskettenlaufwerk-Disk-Drive-Guide.jpg?resize=1050%2C600&ssl=1 3x"},"classes":[]},{"id":27893,"url":"https:\/\/www.jungsi.de\/en\/die-sammlung\/literatur\/sonstige\/","url_meta":{"origin":20987,"position":3},"title":"Sonstige","author":"Jungsi","date":"14. January 2023","format":false,"excerpt":"Sonstige 8 bit Annual 2018 8 Bit Annual 2019 Basic - Alles \u00fcber PEEK und POKE Basic - Betriebsprogramme f\u00fcr den Funkamateur Basic - HF-Rechenprogramme Basic - Mathematik per Computer Basic - Matrix-Operationen Basic f\u00fcr Aufsteiger Basic f\u00fcr Mikrocomputer BASIC in 100 Beispielen Chip Special - Bauanleitungen f\u00fcr Microcomputer Compute\u2026","rel":"","context":"Similar post","block_context":{"text":"Similar post","link":""},"img":{"alt_text":"BASIC in 100 Beispielen","src":"https:\/\/i0.wp.com\/www.jungsi.de\/blog\/wp-content\/uploads\/BASIC-in-100-Beispielen.jpg?resize=350%2C200&ssl=1","width":350,"height":200,"srcset":"https:\/\/i0.wp.com\/www.jungsi.de\/blog\/wp-content\/uploads\/BASIC-in-100-Beispielen.jpg?resize=350%2C200&ssl=1 1x, https:\/\/i0.wp.com\/www.jungsi.de\/blog\/wp-content\/uploads\/BASIC-in-100-Beispielen.jpg?resize=525%2C300&ssl=1 1.5x"},"classes":[]},{"id":18076,"url":"https:\/\/www.jungsi.de\/en\/heimcomputer\/","url_meta":{"origin":20987,"position":4},"title":"home computer","author":"Jungsi","date":"30. July 2017","format":false,"excerpt":"Meine Geschichte Meine Begeisterung f\u00fcr Computer begann in den fr\u00fchen 1980er Jahren. Als ich im P.M. Computerheft \u00fcber diese faszinierende neue Technologie las, erkannte ich sofort: Das ist die Zukunft. Ich bettelte so lange, bis meine Gro\u00dfmutter mir einen Sinclair ZX81 schenkte, damals der g\u00fcnstigste Homecomputer. Fasziniert sa\u00df ich vor\u2026","rel":"","context":"Similar post","block_context":{"text":"Similar post","link":""},"img":{"alt_text":"Acorn","src":"https:\/\/i0.wp.com\/www.jungsi.de\/blog\/wp-content\/uploads\/Acorn.jpg?resize=350%2C200&ssl=1","width":350,"height":200,"srcset":"https:\/\/i0.wp.com\/www.jungsi.de\/blog\/wp-content\/uploads\/Acorn.jpg?resize=350%2C200&ssl=1 1x, https:\/\/i0.wp.com\/www.jungsi.de\/blog\/wp-content\/uploads\/Acorn.jpg?resize=525%2C300&ssl=1 1.5x, https:\/\/i0.wp.com\/www.jungsi.de\/blog\/wp-content\/uploads\/Acorn.jpg?resize=700%2C400&ssl=1 2x, https:\/\/i0.wp.com\/www.jungsi.de\/blog\/wp-content\/uploads\/Acorn.jpg?resize=1050%2C600&ssl=1 3x, https:\/\/i0.wp.com\/www.jungsi.de\/blog\/wp-content\/uploads\/Acorn.jpg?resize=1400%2C800&ssl=1 4x"},"classes":[]},{"id":27698,"url":"https:\/\/www.jungsi.de\/en\/heimcomputer\/sonstige-hersteller\/dragon-32\/","url_meta":{"origin":20987,"position":5},"title":"Dragon 32","author":"Jungsi","date":"13. January 2023","format":false,"excerpt":"Dragon 32 Dragon 32 Der Dragon 32 war Mettoys Versuch, sich im aufstrebenden Markt der Heimcomputer zu etablieren. Das Projekt startete Ende 1981 mit begrenzter Entwicklungszeit. Aufgrund des engen Zeitplans wurde Microsoft BASIC lizenziert, was die Auswahl an Prozessoren einschr\u00e4nkte. Die Wahl fiel auf den Motorola 6809, der gut zum\u2026","rel":"","context":"Similar post","block_context":{"text":"Similar post","link":""},"img":{"alt_text":"Joystick Adapter","src":"https:\/\/i0.wp.com\/www.jungsi.de\/blog\/wp-content\/uploads\/Joystick-Adapter.jpg?resize=350%2C200&ssl=1","width":350,"height":200,"srcset":"https:\/\/i0.wp.com\/www.jungsi.de\/blog\/wp-content\/uploads\/Joystick-Adapter.jpg?resize=350%2C200&ssl=1 1x, https:\/\/i0.wp.com\/www.jungsi.de\/blog\/wp-content\/uploads\/Joystick-Adapter.jpg?resize=525%2C300&ssl=1 1.5x, https:\/\/i0.wp.com\/www.jungsi.de\/blog\/wp-content\/uploads\/Joystick-Adapter.jpg?resize=700%2C400&ssl=1 2x, https:\/\/i0.wp.com\/www.jungsi.de\/blog\/wp-content\/uploads\/Joystick-Adapter.jpg?resize=1050%2C600&ssl=1 3x, https:\/\/i0.wp.com\/www.jungsi.de\/blog\/wp-content\/uploads\/Joystick-Adapter.jpg?resize=1400%2C800&ssl=1 4x"},"classes":[]}],"_links":{"self":[{"href":"https:\/\/www.jungsi.de\/en\/wp-json\/wp\/v2\/pages\/20987","targetHints":{"allow":["GET"]}}],"collection":[{"href":"https:\/\/www.jungsi.de\/en\/wp-json\/wp\/v2\/pages"}],"about":[{"href":"https:\/\/www.jungsi.de\/en\/wp-json\/wp\/v2\/types\/page"}],"author":[{"embeddable":true,"href":"https:\/\/www.jungsi.de\/en\/wp-json\/wp\/v2\/users\/2"}],"replies":[{"embeddable":true,"href":"https:\/\/www.jungsi.de\/en\/wp-json\/wp\/v2\/comments?post=20987"}],"version-history":[{"count":0,"href":"https:\/\/www.jungsi.de\/en\/wp-json\/wp\/v2\/pages\/20987\/revisions"}],"up":[{"embeddable":true,"href":"https:\/\/www.jungsi.de\/en\/wp-json\/wp\/v2\/pages\/18076"}],"wp:featuredmedia":[{"embeddable":true,"href":"https:\/\/www.jungsi.de\/en\/wp-json\/wp\/v2\/media\/20988"}],"wp:attachment":[{"href":"https:\/\/www.jungsi.de\/en\/wp-json\/wp\/v2\/media?parent=20987"}],"curies":[{"name":"wp","href":"https:\/\/api.w.org\/{rel}","templated":true}]}}