{"id":206,"date":"2008-12-05T12:53:18","date_gmt":"2008-12-05T11:53:18","guid":{"rendered":"http:\/\/www.jungsi.de\/blog\/?page_id=206"},"modified":"2012-07-18T12:14:15","modified_gmt":"2012-07-18T11:14:15","slug":"tour-3-lago-die-ledro-monte-tremalzo","status":"publish","type":"page","link":"https:\/\/www.jungsi.de\/en\/reisen\/gardasee-2000\/tour-3-lago-die-ledro-monte-tremalzo\/","title":{"rendered":"Tour 3: Lago die Ledro &#8211; Monte Tremalzo"},"content":{"rendered":"<p>Lago di Ledro &#8211; Monte Tramalzo &#8211; Passo Croce Domini &#8211; Lago Iseo<\/p>\n<p>Streckenl\u00e4nge ca. 285 km<\/p>\n<p>Wir fuhren nach Riva und folgten dem Wegweiser zum Lago di Ledro. Nach den Tunnels kommen einige Kehren und sch\u00f6n geschwungene Kurven hinauf zum Ort Molina di Ledro. Nach dem Ampola See sollte man keinesfalls die Abzweigung zum Monte Tremalzo \u00fcbersehen. Dieser Weg ist zwar eine Sackgasse, da die geschotterte Abfahrt nach Tremosine f\u00fcr Motorr\u00e4der gesperrt ist, aber wegen der Aussicht und der tollen Stecke sehr empfehlenswert. Wieder zur\u00fcck, folgten wir der Stra\u00dfe nach Storo und dann nach links bis Lodrone. In Lodrone rechts zum Passo di Croce Domini. Danach mussten wir die geplante Tour allerdings etwas umkrempeln, da die &#8222;Strasse&#8220; zum Giogo della Balla unbefestigt war und daher nicht f\u00fcr unsere Motorr\u00e4der geeignet war (bzw. zu riskant), also fuhren wir hinab nach Breno und nahmen die Stra\u00dfe zum Lago Iseo.<br \/>\nIn Lovere nahmen wir die Strasse, welche am westlichen Ufer \u00fcber Sarnico nach Iseo f\u00fchrte. Nach einer ausgiebigen Pause am See machten wir uns auf den R\u00fcckweg und fuhren von Iseo \u00fcber Polaveno nach Gardone. In Brozzo bogen wir nach Lodrino ab und kamen so nach Nozza und in der Folge zum Lago d&#8217;Idro. Zum Ende der Runde nimmt man die Route durchs Valvestino. So kommt man nach Gargnano und gelangt wieder nach Limone.<\/p>ngg_shortcode_0_placeholder","protected":false},"excerpt":{"rendered":"<p>Lago di Ledro &#8211; Monte Tramalzo &#8211; Passo Croce Domini &#8211; Lago Iseo Streckenl\u00e4nge ca. 285 km Wir fuhren nach Riva und folgten dem Wegweiser \u2026<\/p>","protected":false},"author":2,"featured_media":0,"parent":200,"menu_order":0,"comment_status":"open","ping_status":"open","template":"","meta":{"_lmt_disableupdate":"","_lmt_disable":"","ngg_post_thumbnail":0,"jetpack_post_was_ever_published":false,"footnotes":"","_links_to":"","_links_to_target":""},"class_list":["post-206","page","type-page","status-publish","hentry"],"jetpack_shortlink":"https:\/\/wp.me\/P4eXvk-3k","jetpack_sharing_enabled":true,"jetpack_likes_enabled":true,"jetpack-related-posts":[{"id":204,"url":"https:\/\/www.jungsi.de\/en\/reisen\/gardasee-2000\/tour-2-lago-di-molveno\/","url_meta":{"origin":206,"position":0},"title":"Tour 2: Lago di Molveno","author":"Jungsi","date":"5. December 2008","format":false,"excerpt":"Lago di Molveno Streckenl\u00e4nge ca. 150 km Am zweiten Tag machte uns ein platter Hinterreifen an Gerhard's Moped einen kleinen Strrich durch die Rechnung. Au\u00dferdem fanden wir heraus, dass es nicht angebracht ist im Ausland den ADAC anzurufen. 1. An der Hotline konnte niemand Deutsch 2. wurde ein Mechaniker geschickt\u2026","rel":"","context":"In &quot;Allgemein&quot;","block_context":{"text":"Allgemein","link":"https:\/\/www.jungsi.de\/en\/category\/allgemein\/"},"img":{"alt_text":"","src":"","width":0,"height":0},"classes":[]},{"id":209,"url":"https:\/\/www.jungsi.de\/en\/reisen\/gardasee-2000\/tour-4-lago-di-tenno\/","url_meta":{"origin":206,"position":1},"title":"Tour 4: Lago di Tenno","author":"Jungsi","date":"5. December 2008","format":false,"excerpt":"Lago di Tenno Streckenl\u00e4nge ca. 130 km Nach ein paar anstrengenden Tagen, war ein Entspannungsrunde notwendig. Wieder ging es nach Riva, nur diesmal f\u00fchrte uns der weitere Weg zum Lago di Tenno. In Fiave bogen wir zum Passo Durone ab und kamen in Tione di Trento wieder auf die Hauptstrasse.\u2026","rel":"","context":"In &quot;Allgemein&quot;","block_context":{"text":"Allgemein","link":"https:\/\/www.jungsi.de\/en\/category\/allgemein\/"},"img":{"alt_text":"","src":"","width":0,"height":0},"classes":[]},{"id":186,"url":"https:\/\/www.jungsi.de\/en\/reisen\/dolomiten-1999\/tour-1-agordo-passo-di-cereda-passo-di-rolle\/","url_meta":{"origin":206,"position":2},"title":"Tour 1: Agordo &#8211; Passo di Cereda &#8211; Passo di Rolle","author":"Jungsi","date":"5. December 2008","format":false,"excerpt":"Agordo - Passo di Cereda - Passo di Rolle - Marmolada Streckenl\u00e4nge: ca. 200 km Von Arabba Richtung Cortina bis Andraz. Von dort aus auf der SS203 Richtung Alleghe, wo man am Lago di Alleghe schon die erste Pause einlegen kann. Weiter gehts bis Agordo. Dort folgt man der Abzweigung\u2026","rel":"","context":"In &quot;Allgemein&quot;","block_context":{"text":"Allgemein","link":"https:\/\/www.jungsi.de\/en\/category\/allgemein\/"},"img":{"alt_text":"","src":"","width":0,"height":0},"classes":[]},{"id":348,"url":"https:\/\/www.jungsi.de\/en\/reisen\/dolomiten-2004\/tour-1-pso-campolongo\/","url_meta":{"origin":206,"position":3},"title":"Tour 1: Pso. Campolongo&#8230;","author":"Jungsi","date":"22. December 2008","format":false,"excerpt":"Pso. Campolongo - Corvara - Zwischenwasser - Furkelpass - Valdaora - Pragser Wildsee - Toblach - Misurina - Drei Zinnen - Passo Tre Croci - Cortina - Pso. Giau Nun geht es endlich los. Nachdem der Wettergott ein Einsehen mit uns hatte, konnten wir bei trockenem Wetter (aber k\u00fchlen Temparaturen)\u2026","rel":"","context":"In &quot;Allgemein&quot;","block_context":{"text":"Allgemein","link":"https:\/\/www.jungsi.de\/en\/category\/allgemein\/"},"img":{"alt_text":"","src":"","width":0,"height":0},"classes":[]},{"id":337,"url":"https:\/\/www.jungsi.de\/en\/reisen\/schweiz-2003\/tour-4-san-bernadino\/","url_meta":{"origin":206,"position":4},"title":"Tour 4: San Bernadino&#8230;","author":"Jungsi","date":"22. December 2008","format":false,"excerpt":"San Bernadino - Lugano - Chiavenna - Malojapass - Julierpass Thusis - San Bernadino - Lugano - Gandria - Menaggio - Dongo - Domaso - Chiavenna - Maloja - Silvaplana - Julierpass - Tiefencastel - Thusis Streckenl\u00e4nge ca. 330 km Da wir an diesem Tag sch\u00f6nes Wetter hatten, nahmen wir\u2026","rel":"","context":"In &quot;Allgemein&quot;","block_context":{"text":"Allgemein","link":"https:\/\/www.jungsi.de\/en\/category\/allgemein\/"},"img":{"alt_text":"","src":"","width":0,"height":0},"classes":[]},{"id":213,"url":"https:\/\/www.jungsi.de\/en\/reisen\/gardasee-2000\/tour-6-garda-vallarasa\/","url_meta":{"origin":206,"position":5},"title":"Tour 6: Garda &#8211; Vallarasa","author":"Jungsi","date":"5. December 2008","format":false,"excerpt":"Garda - Vallarasa - Pian del Fugazze - Ps. di Xomo - Ps. di Borcola Streckenl\u00e4nge ca. 300 km Zum Abschluss sollte es nochmal richtig zur Sache gehen. Wir fuhren also \u00fcber Riva nach Torbole. Wir folgten der \u00f6stlichen Strasse entlang am Gardasee nach Torri und Garda. Der n\u00e4chste Ort\u2026","rel":"","context":"In &quot;Allgemein&quot;","block_context":{"text":"Allgemein","link":"https:\/\/www.jungsi.de\/en\/category\/allgemein\/"},"img":{"alt_text":"","src":"","width":0,"height":0},"classes":[]}],"_links":{"self":[{"href":"https:\/\/www.jungsi.de\/en\/wp-json\/wp\/v2\/pages\/206","targetHints":{"allow":["GET"]}}],"collection":[{"href":"https:\/\/www.jungsi.de\/en\/wp-json\/wp\/v2\/pages"}],"about":[{"href":"https:\/\/www.jungsi.de\/en\/wp-json\/wp\/v2\/types\/page"}],"author":[{"embeddable":true,"href":"https:\/\/www.jungsi.de\/en\/wp-json\/wp\/v2\/users\/2"}],"replies":[{"embeddable":true,"href":"https:\/\/www.jungsi.de\/en\/wp-json\/wp\/v2\/comments?post=206"}],"version-history":[{"count":0,"href":"https:\/\/www.jungsi.de\/en\/wp-json\/wp\/v2\/pages\/206\/revisions"}],"up":[{"embeddable":true,"href":"https:\/\/www.jungsi.de\/en\/wp-json\/wp\/v2\/pages\/200"}],"wp:attachment":[{"href":"https:\/\/www.jungsi.de\/en\/wp-json\/wp\/v2\/media?parent=206"}],"curies":[{"name":"wp","href":"https:\/\/api.w.org\/{rel}","templated":true}]}}