{"id":200,"date":"2008-12-05T12:48:03","date_gmt":"2008-12-05T11:48:03","guid":{"rendered":"http:\/\/www.jungsi.de\/blog\/?page_id=200"},"modified":"2008-12-05T12:48:03","modified_gmt":"2008-12-05T11:48:03","slug":"gardasee-2000","status":"publish","type":"page","link":"https:\/\/www.jungsi.de\/en\/reisen\/gardasee-2000\/","title":{"rendered":"Gardasee 2000"},"content":{"rendered":"<p style=\"text-align: justify;\">Um nicht \u00fcber die Autobahn fahren zu m\u00fcssen, wurde beschlossen, die Anfahrt in zwei Tagen zu erledigen.<br \/>\nDazu wurde am ersten Tag eine Route \u00fcber die Gro\u00dfglokckner-Hochalpenstrasse (2.505 m; Maut 17 Euro) gew\u00e4hlt. Nat\u00fcrlich regnete es bei der \u00dcberfahrt mal wieder. :-)) Der Weg f\u00fchrte weiter nach Cortina und \u00fcber den Falzaregopass (2.117 m) nach Arabba, wo wir f\u00fcr eine Nacht im &#8220;Hotel Olympia&#8221; Quartier bezogen.<br \/>\nNach einem ausgiebigen Fr\u00fcst\u00fcck ging&#8217;s wieder los. Zum &#8220;warm werden&#8221; ging es \u00fcber das Pordoi Joch (Passo Pordoi &#8211; 2.117 m) und das Sellajoch (2.240 m) durch das Gr\u00f6dner Tal. Weiter ging es \u00fcber die Bundesstrasse nach Bozen.<br \/>\nDort hielten wir uns in Richtung Sarntal und gelangten nach ca. 40 km zum Penser Joch. Nach der Abfahrt folgt man der Beschilderung zum Jaufenpass (2.099 m) &#8211; siehe Fotos rechts. Die Auffahrt ist in schlechtem Zustand. Nachdem man in Meran angelangt ist, f\u00fchrt die Route weiter nach Fondo.<br \/>\nVorbei am Lago di S. Giustina f\u00fchrt der Weg nach Mezzolombardo.<br \/>\nWenn man in Trento angelangt ist, folgt man der Beschilderung zum Gardasee und gelangt endich \u00fcber Riva nach Limone.<br \/>\nDas Hotel war typisch f\u00fcr Pauschalurlauber &#8211; aber das Essen war reichhaltig und die Zimmer sauber. Empfehlenswert ist am Abend auch die gro\u00dfe Promenade von Limone.<\/p>\n<p style=\"text-align: justify;\">Dabei waren: Volker + Gerhard &#8211; beide ZX9R und Rainer mit seiner ZZR600.<\/p>\n<p style=\"text-align: justify;\">ngg_shortcode_0_placeholder\n<p style=\"text-align: justify;\">\u00a0<\/p>","protected":false},"excerpt":{"rendered":"<p>Um nicht \u00fcber die Autobahn fahren zu m\u00fcssen, wurde beschlossen, die Anfahrt in zwei Tagen zu erledigen. Dazu wurde am ersten Tag eine Route \u00fcber \u2026<\/p>","protected":false},"author":2,"featured_media":0,"parent":45,"menu_order":0,"comment_status":"open","ping_status":"open","template":"","meta":{"_lmt_disableupdate":"","_lmt_disable":"","ngg_post_thumbnail":0,"footnotes":"","_links_to":"","_links_to_target":""},"class_list":["post-200","page","type-page","status-publish","hentry"],"wp-worthy-pixel":{"ignored":false,"public":null,"server":null,"url":null},"wp-worthy-type":"normal","jetpack-related-posts":[{"id":356,"url":"https:\/\/www.jungsi.de\/en\/reisen\/dolomiten-2004\/tour-4-pso-campolongo\/","url_meta":{"origin":200,"position":0},"title":"Tour 4: Pso. Campolongo&#8230;","author":"Jungsi","date":"22. December 2008","format":false,"excerpt":"Pso. Campolongo - W\u00fcrzjoch - L\u00fcsen - Plose - Sella Joch - Pso. Pordoi An diesem Tag nahmen wir eine Tour in Angriff, die etwas k\u00fcrzer war. Direkt aus der Garage starteten wir frisch gest\u00e4rkt zum Passo Campolongo (1.875 m). Auf dieser Strasse blieben wir bis St. Martin, wo es\u2026","rel":"","context":"In &quot;Allgemein&quot;","block_context":{"text":"Allgemein","link":"https:\/\/www.jungsi.de\/en\/category\/allgemein\/"},"img":{"alt_text":"","src":"","width":0,"height":0},"classes":[]},{"id":352,"url":"https:\/\/www.jungsi.de\/en\/reisen\/dolomiten-2004\/tour-2-pso-pordoi\/","url_meta":{"origin":200,"position":1},"title":"Tour 2: Pso. Pordoi&#8230;","author":"Jungsi","date":"22. December 2008","format":false,"excerpt":"Pso. Pordoi - Karerpass - Bozen - Sarntal - Penserjoch - Jaufenpass - Meran - Bozen - Gr\u00f6dner Joch - Pso. Campolongo Bei wiederum trocknen Wetter beginnt der n\u00e4chste Tag. Direkt von Arabba aus beginnt der Einstieg in den Passo Pordoi mit seinen 31 Kehren. Danach ist mit Sicherheit jeder\u2026","rel":"","context":"In &quot;Allgemein&quot;","block_context":{"text":"Allgemein","link":"https:\/\/www.jungsi.de\/en\/category\/allgemein\/"},"img":{"alt_text":"","src":"","width":0,"height":0},"classes":[]},{"id":196,"url":"https:\/\/www.jungsi.de\/en\/reisen\/dolomiten-1999\/tour-6-ps-pordoi-karerpass\/","url_meta":{"origin":200,"position":2},"title":"Tour 6: Ps. Pordoi &#8211; Karerpass","author":"Jungsi","date":"5. December 2008","format":false,"excerpt":"Ps. Pordoi - Karerpass - Sarntal - Penser Joch - Jaufenpass...... Streckenl\u00e4nge: ca. 380 km Die letzte Tour geht nochmal an die Kondition. Von Arabba \u00fcber den Passo Pordoi (32 Kehren) nach Canzei. Dann folgt man der Abzweigung zum Karerpass und f\u00e4hrt nach Bozen. In Bozen h\u00e4lt man sich immer\u2026","rel":"","context":"In &quot;Allgemein&quot;","block_context":{"text":"Allgemein","link":"https:\/\/www.jungsi.de\/en\/category\/allgemein\/"},"img":{"alt_text":"","src":"","width":0,"height":0},"classes":[]},{"id":182,"url":"https:\/\/www.jungsi.de\/en\/reisen\/dolomiten-1999\/","url_meta":{"origin":200,"position":3},"title":"Dolomiten 1999","author":"Jungsi","date":"5. December 2008","format":false,"excerpt":"1999 nahmen wir eine der sch\u00f6nsten Gegenden der Alpen in Angriff - die Dolomiten. Per Internet habe ich ein Hotel in einem der zentralsten Orte der Dolomiten - Arabba - gefunden. Das Hotel Olympia - gelegen an der Auffahrt zum Passo Campolongo. Dieses Hotel ist \u00e4u\u00dferst empfehlenswert. Dort sind immer\u2026","rel":"","context":"In &quot;Allgemein&quot;","block_context":{"text":"Allgemein","link":"https:\/\/www.jungsi.de\/en\/category\/allgemein\/"},"img":{"alt_text":"","src":"","width":0,"height":0},"classes":[]},{"id":224,"url":"https:\/\/www.jungsi.de\/en\/reisen\/tirol-2000\/tour-3-reschenpass-stilfser-joch\/","url_meta":{"origin":200,"position":4},"title":"Tour 3: Reschenpass &#8211; Stilfser Joch","author":"Jungsi","date":"5. December 2008","format":false,"excerpt":"Reschenpass - Stilfser Joch - Passo Foscagno - Berninapass Streckenl\u00e4nge \u00fcber 300 km Der erste Teil \u00fcber Imst und Landeck zum Reschenpa\u00df ist bereits bekannt. Man folgt in Sponding der Abzweigung zum Stilfser Joch. Nach Trafoi hat man 48 Haarnadelkehren zu bew\u00e4ltigen (man hat des \u00f6fteren die von der Madatschspitze\u2026","rel":"","context":"In &quot;Allgemein&quot;","block_context":{"text":"Allgemein","link":"https:\/\/www.jungsi.de\/en\/category\/allgemein\/"},"img":{"alt_text":"","src":"","width":0,"height":0},"classes":[]},{"id":220,"url":"https:\/\/www.jungsi.de\/en\/reisen\/tirol-2000\/tour-1-hahntennjoch-flexenpass\/","url_meta":{"origin":200,"position":5},"title":"Tour 1: Hahntennjoch &#8211; Flexenpass","author":"Jungsi","date":"5. December 2008","format":false,"excerpt":"Hahntennjoch - Flexenpass - Silvretta - Piller H\u00f6he Streckenl\u00e4nge ca. 350 km Die erste Tour f\u00fchrt von Sautens in Richtung Imst. In Imst folgt man der Beschilderung zum Fernpa\u00df\/Garmisch. An der Abzweigung zum Hahntennjoch folgt man dieser und gelangt so an den ersten Pa\u00df in einer H\u00f6he von 1903 m.\u2026","rel":"","context":"In &quot;Allgemein&quot;","block_context":{"text":"Allgemein","link":"https:\/\/www.jungsi.de\/en\/category\/allgemein\/"},"img":{"alt_text":"","src":"","width":0,"height":0},"classes":[]}],"jetpack_sharing_enabled":true,"_links":{"self":[{"href":"https:\/\/www.jungsi.de\/en\/wp-json\/wp\/v2\/pages\/200","targetHints":{"allow":["GET"]}}],"collection":[{"href":"https:\/\/www.jungsi.de\/en\/wp-json\/wp\/v2\/pages"}],"about":[{"href":"https:\/\/www.jungsi.de\/en\/wp-json\/wp\/v2\/types\/page"}],"author":[{"embeddable":true,"href":"https:\/\/www.jungsi.de\/en\/wp-json\/wp\/v2\/users\/2"}],"replies":[{"embeddable":true,"href":"https:\/\/www.jungsi.de\/en\/wp-json\/wp\/v2\/comments?post=200"}],"version-history":[{"count":0,"href":"https:\/\/www.jungsi.de\/en\/wp-json\/wp\/v2\/pages\/200\/revisions"}],"up":[{"embeddable":true,"href":"https:\/\/www.jungsi.de\/en\/wp-json\/wp\/v2\/pages\/45"}],"wp:attachment":[{"href":"https:\/\/www.jungsi.de\/en\/wp-json\/wp\/v2\/media?parent=200"}],"curies":[{"name":"wp","href":"https:\/\/api.w.org\/{rel}","templated":true}]}}