{"id":19748,"date":"2018-02-28T19:44:42","date_gmt":"2018-02-28T18:44:42","guid":{"rendered":"http:\/\/www.jungsi.de\/?page_id=19748"},"modified":"2024-08-07T12:32:14","modified_gmt":"2024-08-07T10:32:14","slug":"msx-sony-hitbit-75-p","status":"publish","type":"page","link":"https:\/\/www.jungsi.de\/en\/heimcomputer\/msx-sony-hitbit-75-p\/","title":{"rendered":"MSX"},"content":{"rendered":"<p><\/p>\n\n\n\n<h2 class=\"wp-block-heading has-text-align-center\">MSX<\/h2>\n\n\n\n<ul class=\"wp-block-list\">\n<li><a href=\"https:\/\/www.jungsi.de\/en\/heimcomputer\/msx-sony-hitbit-75-p\/philips-vg-8235\/\" data-type=\"page\" data-id=\"27769\" target=\"_blank\" rel=\"noreferrer noopener\">Philips VG-8235<\/a><\/li>\n\n\n\n<li><a href=\"https:\/\/www.jungsi.de\/en\/heimcomputer\/msx-sony-hitbit-75-p\/sony-hitbit-75-p\/\" data-type=\"page\" data-id=\"27787\">Sony HitBit 75-P<\/a><\/li>\n<\/ul>\n\n\n\n<h3 class=\"wp-block-heading\">Zusammenfassung zum MSX-Standard<\/h3>\n\n\n\n<p>Der MSX-Standard war eine einheitliche Plattform f\u00fcr Heimcomputer, die Anfang der 1980er Jahre entwickelt wurde. Hier sind die wichtigsten Punkte seiner Geschichte und Merkmale:<\/p>\n\n\n\n<p><strong>Einf\u00fchrung und Zielsetzung (1983)<\/strong>:<\/p>\n\n\n\n<ul class=\"wp-block-list\">\n<li><strong>Konzept<\/strong>: Der MSX-Standard wurde von Kazuhiko Nishi von Microsoft Japan in Zusammenarbeit mit der ASCII Corporation entwickelt. Das Ziel war, eine einheitliche Hardwareplattform zu schaffen, die Kompatibilit\u00e4t zwischen verschiedenen Herstellern sicherstellt.<\/li>\n\n\n\n<li><strong>Markteinf\u00fchrung<\/strong>: Die erste Generation von MSX-Computern wurde 1983 ver\u00f6ffentlicht. Mehrere gro\u00dfe Elektronikunternehmen wie Sony, Panasonic, Philips und Yamaha produzierten MSX-Computer.<\/li>\n<\/ul>\n\n\n\n<p><strong>Technische Spezifikationen<\/strong>:<\/p>\n\n\n\n<ul class=\"wp-block-list\">\n<li><strong>Prozessor<\/strong>: Die meisten MSX-Computer basierten auf dem Zilog Z80 Prozessor.<\/li>\n\n\n\n<li><strong>Speicher<\/strong>: Sie verf\u00fcgten in der Regel \u00fcber 8 bis 64 KB RAM und 16 KB ROM, das das MSX-BASIC enthielt, eine auf Microsoft BASIC basierende Programmiersprache.<\/li>\n\n\n\n<li><strong>Grafik und Sound<\/strong>: MSX-Computer boten eine vergleichsweise gute Grafik- und Soundunterst\u00fctzung f\u00fcr die damalige Zeit. Der TMS9918-Grafikchip unterst\u00fctzte verschiedene Grafikmodi, und der AY-3-8910-Soundchip sorgte f\u00fcr mehrkanaligen Sound.<\/li>\n\n\n\n<li><strong>Erweiterbarkeit<\/strong>: Die Ger\u00e4te hatten standardisierte Erweiterungssteckpl\u00e4tze, die es erm\u00f6glichten, Peripherieger\u00e4te wie Diskettenlaufwerke, Drucker und Spielmodule anzuschlie\u00dfen.<\/li>\n<\/ul>\n\n\n\n<p><strong>Software und Anwendungen<\/strong>:<\/p>\n\n\n\n<ul class=\"wp-block-list\">\n<li><strong>Breite Unterst\u00fctzung<\/strong>: Eine Vielzahl von Software, einschlie\u00dflich Spiele, Anwendungsprogramme und Bildungstools, wurde f\u00fcr MSX entwickelt.<\/li>\n\n\n\n<li><strong>Spieleplattform<\/strong>: MSX-Computer wurden besonders f\u00fcr ihre Spielebibliothek bekannt, die viele beliebte Titel umfasste. Entwickler wie Konami und Compile unterst\u00fctzten die Plattform stark.<\/li>\n<\/ul>\n\n\n\n<p><strong>Entwicklung und Versionen<\/strong>:<\/p>\n\n\n\n<ul class=\"wp-block-list\">\n<li><strong>MSX2 (1985)<\/strong>: Diese Version brachte verbesserte Grafik- und Soundf\u00e4higkeiten sowie mehr Speicher.<\/li>\n\n\n\n<li><strong>MSX2+ (1988)<\/strong>: Weiter verbesserte Grafikmodi und mehr Farben.<\/li>\n\n\n\n<li><strong>MSX TurboR (1990)<\/strong>: Diese letzte Version der Plattform bot einen R800-Prozessor, der deutlich leistungsf\u00e4higer war als der urspr\u00fcngliche Z80.<\/li>\n<\/ul>\n\n\n\n<p><strong>Marktbedeutung und Niedergang<\/strong>:<\/p>\n\n\n\n<ul class=\"wp-block-list\">\n<li><strong>Beliebtheit in Japan und anderen Regionen<\/strong>: MSX war in Japan, S\u00fcdamerika und einigen europ\u00e4ischen L\u00e4ndern recht erfolgreich, konnte sich jedoch nicht in Nordamerika durchsetzen.<\/li>\n\n\n\n<li><strong>Konkurrenz<\/strong>: Trotz der anf\u00e4nglichen Erfolge konnte der MSX-Standard langfristig nicht gegen andere Plattformen wie den Commodore 64 und sp\u00e4ter den IBM-PC bestehen.<\/li>\n\n\n\n<li><strong>Ende der Produktion<\/strong>: Mit dem Aufkommen leistungsf\u00e4higerer Computer und Konsolen wurde die Produktion von MSX-Computern in den fr\u00fchen 1990er Jahren eingestellt.<\/li>\n<\/ul>\n\n\n\n<p>Der MSX-Standard hat einen wichtigen Beitrag zur Computer- und Videospielgeschichte geleistet, insbesondere in Regionen, in denen er popul\u00e4r war. Heute wird er von Retro-Computing-Enthusiasten gesch\u00e4tzt.<\/p>","protected":false},"excerpt":{"rendered":"<p>MSX Zusammenfassung zum MSX-Standard Der MSX-Standard war eine einheitliche Plattform f\u00fcr Heimcomputer, die Anfang der 1980er Jahre entwickelt wurde. Hier sind die wichtigsten Punkte seiner \u2026<\/p>","protected":false},"author":2,"featured_media":23165,"parent":18076,"menu_order":0,"comment_status":"closed","ping_status":"closed","template":"","meta":{"_lmt_disableupdate":"","_lmt_disable":"","ngg_post_thumbnail":0,"jetpack_post_was_ever_published":false,"footnotes":"","_links_to":"","_links_to_target":""},"class_list":["post-19748","page","type-page","status-publish","has-post-thumbnail","hentry"],"jetpack_shortlink":"https:\/\/wp.me\/P4eXvk-58w","jetpack_sharing_enabled":true,"jetpack_likes_enabled":true,"jetpack-related-posts":[{"id":27769,"url":"https:\/\/www.jungsi.de\/en\/heimcomputer\/msx-sony-hitbit-75-p\/philips-vg-8235\/","url_meta":{"origin":19748,"position":0},"title":"Philips VG-8235","author":"Jungsi","date":"16. January 2023","format":false,"excerpt":"Philips VG-8235 Philips VG-8235 Dieser Computer ist Teil der MSX2-Serie. Im Vergleich zu den Vorg\u00e4ngermodellen der MSX1-Serie erweiterte der MSX-Standard neue BASIC-Befehle (BASIC wurde von Microsoft entwickelt) und hochaufl\u00f6sende Grafikmodi. Der Philips VG-8235 war einer der am besten ausgestatteten Computer: ein 3,5-Zoll-Diskettenlaufwerk (360 KB) und 128 KB Videospeicher (512 x\u2026","rel":"","context":"Similar post","block_context":{"text":"Similar post","link":""},"img":{"alt_text":"","src":"https:\/\/i0.wp.com\/www.jungsi.de\/blog\/wp-content\/uploads\/Game-Controller-MSX.jpg?resize=350%2C200&ssl=1","width":350,"height":200,"srcset":"https:\/\/i0.wp.com\/www.jungsi.de\/blog\/wp-content\/uploads\/Game-Controller-MSX.jpg?resize=350%2C200&ssl=1 1x, https:\/\/i0.wp.com\/www.jungsi.de\/blog\/wp-content\/uploads\/Game-Controller-MSX.jpg?resize=525%2C300&ssl=1 1.5x, https:\/\/i0.wp.com\/www.jungsi.de\/blog\/wp-content\/uploads\/Game-Controller-MSX.jpg?resize=700%2C400&ssl=1 2x, https:\/\/i0.wp.com\/www.jungsi.de\/blog\/wp-content\/uploads\/Game-Controller-MSX.jpg?resize=1050%2C600&ssl=1 3x, https:\/\/i0.wp.com\/www.jungsi.de\/blog\/wp-content\/uploads\/Game-Controller-MSX.jpg?resize=1400%2C800&ssl=1 4x"},"classes":[]},{"id":27787,"url":"https:\/\/www.jungsi.de\/en\/heimcomputer\/msx-sony-hitbit-75-p\/sony-hitbit-75-p\/","url_meta":{"origin":19748,"position":1},"title":"Sony HitBit 75-P","author":"Jungsi","date":"16. January 2023","format":false,"excerpt":"Sony HitBit 75-P Sony HitBit 75-P Sony war mit dem HitBit (1984) eine der ersten Firmen, die auf dem deutschen Markt einen MSX-Computer anboten. Abgesehen von Basisfunktionen, die bei allen MSX-Rechnern gleich waren, stach der Sony durch eine \"Peronal Data Bank\" zur Speicherung von Telefonnummern, Terminen und Notizen etwas hervor.Was\u2026","rel":"","context":"Similar post","block_context":{"text":"Similar post","link":""},"img":{"alt_text":"Sony HitBit 75P","src":"https:\/\/i0.wp.com\/www.jungsi.de\/blog\/wp-content\/uploads\/Sony-HitBit-75P-oben.jpg?resize=350%2C200&ssl=1","width":350,"height":200,"srcset":"https:\/\/i0.wp.com\/www.jungsi.de\/blog\/wp-content\/uploads\/Sony-HitBit-75P-oben.jpg?resize=350%2C200&ssl=1 1x, https:\/\/i0.wp.com\/www.jungsi.de\/blog\/wp-content\/uploads\/Sony-HitBit-75P-oben.jpg?resize=525%2C300&ssl=1 1.5x, https:\/\/i0.wp.com\/www.jungsi.de\/blog\/wp-content\/uploads\/Sony-HitBit-75P-oben.jpg?resize=700%2C400&ssl=1 2x, https:\/\/i0.wp.com\/www.jungsi.de\/blog\/wp-content\/uploads\/Sony-HitBit-75P-oben.jpg?resize=1050%2C600&ssl=1 3x, https:\/\/i0.wp.com\/www.jungsi.de\/blog\/wp-content\/uploads\/Sony-HitBit-75P-oben.jpg?resize=1400%2C800&ssl=1 4x"},"classes":[]},{"id":12379,"url":"https:\/\/www.jungsi.de\/en\/spiele\/sonstige-spiele\/","url_meta":{"origin":19748,"position":2},"title":"Sonstige Spiele\/Software","author":"Jungsi","date":"15. January 2016","format":false,"excerpt":"Sonstige Spiele\/Software Da ich f\u00fcr die folgenden Systeme weniger als 10 Spiele bzw. Software besitze, werden diese nicht auf einer eigenen Seite pr\u00e4sentiert. Amstrad GX4000 Atari 7800 Apple IIe Bandai WonderSwan Color MSX Sharp MZ SNK Neo Geo AES SNK Neo Geo Pocket Thomson Acorn BBC Micro Attack On Alpha\u2026","rel":"","context":"Similar post","block_context":{"text":"Similar post","link":""},"img":{"alt_text":"Football - Atari XL","src":"https:\/\/i0.wp.com\/www.jungsi.de\/blog\/wp-content\/uploads\/football-atari-xl.jpg?resize=350%2C200&ssl=1","width":350,"height":200,"srcset":"https:\/\/i0.wp.com\/www.jungsi.de\/blog\/wp-content\/uploads\/football-atari-xl.jpg?resize=350%2C200&ssl=1 1x, https:\/\/i0.wp.com\/www.jungsi.de\/blog\/wp-content\/uploads\/football-atari-xl.jpg?resize=525%2C300&ssl=1 1.5x, https:\/\/i0.wp.com\/www.jungsi.de\/blog\/wp-content\/uploads\/football-atari-xl.jpg?resize=700%2C400&ssl=1 2x"},"classes":[]},{"id":18076,"url":"https:\/\/www.jungsi.de\/en\/heimcomputer\/","url_meta":{"origin":19748,"position":3},"title":"home computer","author":"Jungsi","date":"30. July 2017","format":false,"excerpt":"Meine Geschichte Meine Begeisterung f\u00fcr Computer begann in den fr\u00fchen 1980er Jahren. Als ich im P.M. Computerheft \u00fcber diese faszinierende neue Technologie las, erkannte ich sofort: Das ist die Zukunft. Ich bettelte so lange, bis meine Gro\u00dfmutter mir einen Sinclair ZX81 schenkte, damals der g\u00fcnstigste Homecomputer. Fasziniert sa\u00df ich vor\u2026","rel":"","context":"Similar post","block_context":{"text":"Similar post","link":""},"img":{"alt_text":"Acorn","src":"https:\/\/i0.wp.com\/www.jungsi.de\/blog\/wp-content\/uploads\/Acorn.jpg?resize=350%2C200&ssl=1","width":350,"height":200,"srcset":"https:\/\/i0.wp.com\/www.jungsi.de\/blog\/wp-content\/uploads\/Acorn.jpg?resize=350%2C200&ssl=1 1x, https:\/\/i0.wp.com\/www.jungsi.de\/blog\/wp-content\/uploads\/Acorn.jpg?resize=525%2C300&ssl=1 1.5x, https:\/\/i0.wp.com\/www.jungsi.de\/blog\/wp-content\/uploads\/Acorn.jpg?resize=700%2C400&ssl=1 2x, https:\/\/i0.wp.com\/www.jungsi.de\/blog\/wp-content\/uploads\/Acorn.jpg?resize=1050%2C600&ssl=1 3x, https:\/\/i0.wp.com\/www.jungsi.de\/blog\/wp-content\/uploads\/Acorn.jpg?resize=1400%2C800&ssl=1 4x"},"classes":[]},{"id":27893,"url":"https:\/\/www.jungsi.de\/en\/die-sammlung\/literatur\/sonstige\/","url_meta":{"origin":19748,"position":4},"title":"Sonstige","author":"Jungsi","date":"14. January 2023","format":false,"excerpt":"Sonstige 8 bit Annual 2018 8 Bit Annual 2019 Basic - Alles \u00fcber PEEK und POKE Basic - Betriebsprogramme f\u00fcr den Funkamateur Basic - HF-Rechenprogramme Basic - Mathematik per Computer Basic - Matrix-Operationen Basic f\u00fcr Aufsteiger Basic f\u00fcr Mikrocomputer BASIC in 100 Beispielen Chip Special - Bauanleitungen f\u00fcr Microcomputer Compute\u2026","rel":"","context":"Similar post","block_context":{"text":"Similar post","link":""},"img":{"alt_text":"BASIC in 100 Beispielen","src":"https:\/\/i0.wp.com\/www.jungsi.de\/blog\/wp-content\/uploads\/BASIC-in-100-Beispielen.jpg?resize=350%2C200&ssl=1","width":350,"height":200,"srcset":"https:\/\/i0.wp.com\/www.jungsi.de\/blog\/wp-content\/uploads\/BASIC-in-100-Beispielen.jpg?resize=350%2C200&ssl=1 1x, https:\/\/i0.wp.com\/www.jungsi.de\/blog\/wp-content\/uploads\/BASIC-in-100-Beispielen.jpg?resize=525%2C300&ssl=1 1.5x"},"classes":[]},{"id":912,"url":"https:\/\/www.jungsi.de\/en\/multimedia\/","url_meta":{"origin":19748,"position":5},"title":"Hardware","author":"Jungsi","date":"14. October 2011","format":false,"excerpt":"Hier stelle ich die Ger\u00e4te vor, die ich zu Hause verwende. In erster Linie geht es dabei um: Digitalreceiver, Netzwerkfestplatten (NAS), IPod, Tablets und was man damit so alles anstellen kann. Im Moment besteht meine Ausr\u00fcstung aus folgenden Komponenten: Fritz Box 3370 (DSL-Router mit N-Wlan) Synology DS111 (NAS mit 2TB\u2026","rel":"","context":"Similar post","block_context":{"text":"Similar post","link":""},"img":{"alt_text":"","src":"https:\/\/i0.wp.com\/www.jungsi.de\/blog\/wp-content\/uploads\/2011\/10\/DynDNS-Strato.jpg?resize=350%2C200&ssl=1","width":350,"height":200,"srcset":"https:\/\/i0.wp.com\/www.jungsi.de\/blog\/wp-content\/uploads\/2011\/10\/DynDNS-Strato.jpg?resize=350%2C200&ssl=1 1x, https:\/\/i0.wp.com\/www.jungsi.de\/blog\/wp-content\/uploads\/2011\/10\/DynDNS-Strato.jpg?resize=525%2C300&ssl=1 1.5x, https:\/\/i0.wp.com\/www.jungsi.de\/blog\/wp-content\/uploads\/2011\/10\/DynDNS-Strato.jpg?resize=700%2C400&ssl=1 2x"},"classes":[]}],"_links":{"self":[{"href":"https:\/\/www.jungsi.de\/en\/wp-json\/wp\/v2\/pages\/19748","targetHints":{"allow":["GET"]}}],"collection":[{"href":"https:\/\/www.jungsi.de\/en\/wp-json\/wp\/v2\/pages"}],"about":[{"href":"https:\/\/www.jungsi.de\/en\/wp-json\/wp\/v2\/types\/page"}],"author":[{"embeddable":true,"href":"https:\/\/www.jungsi.de\/en\/wp-json\/wp\/v2\/users\/2"}],"replies":[{"embeddable":true,"href":"https:\/\/www.jungsi.de\/en\/wp-json\/wp\/v2\/comments?post=19748"}],"version-history":[{"count":0,"href":"https:\/\/www.jungsi.de\/en\/wp-json\/wp\/v2\/pages\/19748\/revisions"}],"up":[{"embeddable":true,"href":"https:\/\/www.jungsi.de\/en\/wp-json\/wp\/v2\/pages\/18076"}],"wp:featuredmedia":[{"embeddable":true,"href":"https:\/\/www.jungsi.de\/en\/wp-json\/wp\/v2\/media\/23165"}],"wp:attachment":[{"href":"https:\/\/www.jungsi.de\/en\/wp-json\/wp\/v2\/media?parent=19748"}],"curies":[{"name":"wp","href":"https:\/\/api.w.org\/{rel}","templated":true}]}}