{"id":19739,"date":"2018-02-28T19:29:04","date_gmt":"2018-02-28T18:29:04","guid":{"rendered":"http:\/\/www.jungsi.de\/?page_id=19739"},"modified":"2024-08-07T12:24:46","modified_gmt":"2024-08-07T10:24:46","slug":"apple","status":"publish","type":"page","link":"https:\/\/www.jungsi.de\/en\/heimcomputer\/apple\/","title":{"rendered":"Apple"},"content":{"rendered":"<p><\/p>\n\n\n\n<h2 class=\"wp-block-heading has-text-align-center\">Apple<\/h2>\n\n\n\n<ul class=\"wp-block-list\">\n<li><a href=\"https:\/\/www.jungsi.de\/en\/heimcomputer\/apple\/apple-iie\/\" data-type=\"page\" data-id=\"21596\" target=\"_blank\" rel=\"noreferrer noopener\">Apple IIe<\/a><\/li>\n\n\n\n<li><a href=\"https:\/\/www.jungsi.de\/en\/heimcomputer\/apple\/apple-macintosh-se-30\/\" data-type=\"page\" data-id=\"27658\" target=\"_blank\" rel=\"noreferrer noopener\">Apple Macintosh SE\/30<\/a><\/li>\n<\/ul>\n\n\n\n<h3 class=\"wp-block-heading\">Geschichte der Firma Apple (1976-1986)<\/h3>\n\n\n\n<p><strong>Gr\u00fcndung und Anfangsjahre (1976-1977)<\/strong>:<br>Apple wurde am 1. April 1976 von Steve Jobs, Steve Wozniak und Ronald Wayne in Cupertino, Kalifornien gegr\u00fcndet. Ihr erstes Produkt, der Apple I, war ein von Wozniak entwickelter Computer, der als Bausatz verkauft wurde. Der Erfolg des Apple I f\u00fchrte zur Entwicklung des Apple II, der 1977 auf den Markt kam und einen gro\u00dfen kommerziellen Erfolg erzielte.<\/p>\n\n\n\n<p><strong>Aufstieg zum Marktf\u00fchrer (1977-1980)<\/strong>:<br>Der Apple II war einer der ersten Personal Computer, die sowohl f\u00fcr Privatanwender als auch f\u00fcr Unternehmen attraktiv waren. Er verf\u00fcgte \u00fcber farbige Grafiken und erweiterbare Architektur. Apples Umsatz wuchs rasant, und 1980 ging das Unternehmen an die B\u00f6rse, was es zu einem der wertvollsten Technologieunternehmen seiner Zeit machte.<\/p>\n\n\n\n<p><strong>Erweiterung und Innovation (1980-1983)<\/strong>:<br>In den fr\u00fchen 1980er Jahren expandierte Apple sein Produktangebot mit dem Apple III, der jedoch aufgrund technischer Probleme kommerziell nicht erfolgreich war. Gleichzeitig begann die Entwicklung des Macintosh, eines benutzerfreundlicheren Computers mit grafischer Benutzeroberfl\u00e4che.<\/p>\n\n\n\n<p><strong>Einf\u00fchrung des Macintosh (1984)<\/strong>:<br>1984 brachte Apple den Macintosh auf den Markt, begleitet von der legend\u00e4ren \u201e1984\u201c-Werbung w\u00e4hrend des Super Bowl. Der Macintosh war der erste weitverbreitete Computer mit einer grafischen Benutzeroberfl\u00e4che und einer Maus. Obwohl der Start des Macintosh gemischt aufgenommen wurde, setzte er neue Ma\u00dfst\u00e4be f\u00fcr Computerbedienung.<\/p>\n\n\n\n<p><strong>Interne Herausforderungen und F\u00fchrungswechsel (1985-1986)<\/strong>:<br>Trotz technischer Innovationen und einer starken Marktpr\u00e4senz gab es interne Spannungen innerhalb des Unternehmens. 1985 f\u00fchrte ein Machtkampf zur Entlassung von Steve Jobs durch den damaligen CEO John Sculley. Jobs gr\u00fcndete daraufhin die Firma NeXT. In den folgenden Jahren k\u00e4mpfte Apple mit zunehmendem Wettbewerb und internen Herausforderungen.<\/p>\n\n\n\n<p>In den ersten zehn Jahren legte Apple den Grundstein f\u00fcr seine zuk\u00fcnftige Rolle als Pionier in der Technologiebranche, indem es innovative Produkte entwickelte und den Personal Computer revolutionierte.<\/p>","protected":false},"excerpt":{"rendered":"<p>Apple Geschichte der Firma Apple (1976-1986) Gr\u00fcndung und Anfangsjahre (1976-1977):Apple wurde am 1. April 1976 von Steve Jobs, Steve Wozniak und Ronald Wayne in Cupertino, \u2026<\/p>","protected":false},"author":2,"featured_media":19740,"parent":18076,"menu_order":0,"comment_status":"closed","ping_status":"closed","template":"","meta":{"_lmt_disableupdate":"","_lmt_disable":"","ngg_post_thumbnail":0,"jetpack_post_was_ever_published":false,"footnotes":"","_links_to":"","_links_to_target":""},"class_list":["post-19739","page","type-page","status-publish","has-post-thumbnail","hentry"],"jetpack_shortlink":"https:\/\/wp.me\/P4eXvk-58n","jetpack_sharing_enabled":true,"jetpack_likes_enabled":true,"jetpack-related-posts":[{"id":21596,"url":"https:\/\/www.jungsi.de\/en\/heimcomputer\/apple\/apple-iie\/","url_meta":{"origin":19739,"position":0},"title":"Apple IIe","author":"Jungsi","date":"22. December 2018","format":false,"excerpt":"Apple IIe Apple IIe Der Apple IIe, ver\u00f6ffentlicht im Jahr 1983, war ausgestattet mit einer MOS 6502 CPU, 64 KByte Speicher, 32 KByte ROM und acht Erweiterungsslots. Dieser Computer war der Nachfolger des weniger erfolgreichen Apple III, der aufgrund seines hohen Preises und mangelnder Kompatibilit\u00e4t nicht gut ankam (Reihenfolge: Apple\u2026","rel":"","context":"Similar post","block_context":{"text":"Similar post","link":""},"img":{"alt_text":"Printer Interface","src":"https:\/\/i0.wp.com\/www.jungsi.de\/blog\/wp-content\/uploads\/Printer-Interface-Oberseite.jpg?resize=350%2C200&ssl=1","width":350,"height":200,"srcset":"https:\/\/i0.wp.com\/www.jungsi.de\/blog\/wp-content\/uploads\/Printer-Interface-Oberseite.jpg?resize=350%2C200&ssl=1 1x, https:\/\/i0.wp.com\/www.jungsi.de\/blog\/wp-content\/uploads\/Printer-Interface-Oberseite.jpg?resize=525%2C300&ssl=1 1.5x, https:\/\/i0.wp.com\/www.jungsi.de\/blog\/wp-content\/uploads\/Printer-Interface-Oberseite.jpg?resize=700%2C400&ssl=1 2x, https:\/\/i0.wp.com\/www.jungsi.de\/blog\/wp-content\/uploads\/Printer-Interface-Oberseite.jpg?resize=1050%2C600&ssl=1 3x, https:\/\/i0.wp.com\/www.jungsi.de\/blog\/wp-content\/uploads\/Printer-Interface-Oberseite.jpg?resize=1400%2C800&ssl=1 4x"},"classes":[]},{"id":27658,"url":"https:\/\/www.jungsi.de\/en\/heimcomputer\/apple\/apple-macintosh-se-30\/","url_meta":{"origin":19739,"position":1},"title":"Apple Macintosh SE\/30","author":"Jungsi","date":"13. January 2023","format":false,"excerpt":"Apple Macintosh SE\/30 Apple Macintosh SE\/30 Geschichte des Apple Macintosh SE\/30 Der Apple Macintosh SE\/30 wurde am 19. Januar 1989 eingef\u00fchrt und war eine Weiterentwicklung des Macintosh SE. Hier sind die wichtigsten Punkte seiner Geschichte: Einf\u00fchrung und Design (1989): Nachfolger des Macintosh SE: Der Macintosh SE\/30 war der leistungsst\u00e4rkere Nachfolger\u2026","rel":"","context":"Similar post","block_context":{"text":"Similar post","link":""},"img":{"alt_text":"","src":"https:\/\/i0.wp.com\/www.jungsi.de\/blog\/wp-content\/uploads\/apple-macintosh-floppyemulator.jpg?resize=350%2C200&ssl=1","width":350,"height":200,"srcset":"https:\/\/i0.wp.com\/www.jungsi.de\/blog\/wp-content\/uploads\/apple-macintosh-floppyemulator.jpg?resize=350%2C200&ssl=1 1x, https:\/\/i0.wp.com\/www.jungsi.de\/blog\/wp-content\/uploads\/apple-macintosh-floppyemulator.jpg?resize=525%2C300&ssl=1 1.5x, https:\/\/i0.wp.com\/www.jungsi.de\/blog\/wp-content\/uploads\/apple-macintosh-floppyemulator.jpg?resize=700%2C400&ssl=1 2x"},"classes":[]},{"id":28194,"url":"https:\/\/www.jungsi.de\/en\/die-sammlung\/literatur\/apple\/juiced-gs\/","url_meta":{"origin":19739,"position":2},"title":"Juiced.GS","author":"Jungsi","date":"15. January 2023","format":false,"excerpt":"Juiced.GS - Apple Juiced.GS ist ein seit 1996 erscheinendes, viertelj\u00e4hrliches Print-Magazin rund um alle Apple-II-Modelle \u2013 Tests, Interviews, How-tos und Berichte (u. a. zu KansasFest) inklusive. Herausgeber ist Ken Gagne (Gamebits); das Heft gilt als das am l\u00e4ngsten laufende Apple-II-Printmedium und wird im Abo per Post verschickt. Auch 2025\/26 l\u00e4uft\u2026","rel":"","context":"Similar post","block_context":{"text":"Similar post","link":""},"img":{"alt_text":"Juiced.GS-20_1","src":"https:\/\/i0.wp.com\/www.jungsi.de\/blog\/wp-content\/uploads\/Juiced.GS-20_1.jpg?resize=350%2C200&ssl=1","width":350,"height":200,"srcset":"https:\/\/i0.wp.com\/www.jungsi.de\/blog\/wp-content\/uploads\/Juiced.GS-20_1.jpg?resize=350%2C200&ssl=1 1x, https:\/\/i0.wp.com\/www.jungsi.de\/blog\/wp-content\/uploads\/Juiced.GS-20_1.jpg?resize=525%2C300&ssl=1 1.5x, https:\/\/i0.wp.com\/www.jungsi.de\/blog\/wp-content\/uploads\/Juiced.GS-20_1.jpg?resize=700%2C400&ssl=1 2x, https:\/\/i0.wp.com\/www.jungsi.de\/blog\/wp-content\/uploads\/Juiced.GS-20_1.jpg?resize=1050%2C600&ssl=1 3x"},"classes":[]},{"id":12379,"url":"https:\/\/www.jungsi.de\/en\/spiele\/sonstige-spiele\/","url_meta":{"origin":19739,"position":3},"title":"Sonstige Spiele\/Software","author":"Jungsi","date":"15. January 2016","format":false,"excerpt":"Sonstige Spiele\/Software Da ich f\u00fcr die folgenden Systeme weniger als 10 Spiele bzw. Software besitze, werden diese nicht auf einer eigenen Seite pr\u00e4sentiert. Amstrad GX4000 Atari 7800 Apple IIe Bandai WonderSwan Color MSX Sharp MZ SNK Neo Geo AES SNK Neo Geo Pocket Thomson Acorn BBC Micro Attack On Alpha\u2026","rel":"","context":"Similar post","block_context":{"text":"Similar post","link":""},"img":{"alt_text":"Football - Atari XL","src":"https:\/\/i0.wp.com\/www.jungsi.de\/blog\/wp-content\/uploads\/football-atari-xl.jpg?resize=350%2C200&ssl=1","width":350,"height":200,"srcset":"https:\/\/i0.wp.com\/www.jungsi.de\/blog\/wp-content\/uploads\/football-atari-xl.jpg?resize=350%2C200&ssl=1 1x, https:\/\/i0.wp.com\/www.jungsi.de\/blog\/wp-content\/uploads\/football-atari-xl.jpg?resize=525%2C300&ssl=1 1.5x, https:\/\/i0.wp.com\/www.jungsi.de\/blog\/wp-content\/uploads\/football-atari-xl.jpg?resize=700%2C400&ssl=1 2x"},"classes":[]},{"id":27879,"url":"https:\/\/www.jungsi.de\/en\/die-sammlung\/literatur\/computer-kontakt\/","url_meta":{"origin":19739,"position":4},"title":"Computer Kontakt","author":"Jungsi","date":"14. January 2023","format":false,"excerpt":"Computer Kontakt Computer Kontakt war ein deutschsprachiges Multiformat-Heft aus dem Verlag R\u00e4tz-Eberle (Bretten), gestartet im Mai 1984 und nach 24 Ausgaben Anfang 1988 eingestellt. Inhaltlich deckte es die damalige Heimcomputer-Landschaft ab (u. a. Atari, Sinclair, TI-99\/4A, Commodore, CPC, Apple), erschien zun\u00e4chst monatlich und sp\u00e4ter zweimonatlich; wegen vieler Beitr\u00e4ge zu Atari\u2026","rel":"","context":"Similar post","block_context":{"text":"Similar post","link":""},"img":{"alt_text":"Computer Kontakt 02_03_1988","src":"https:\/\/i0.wp.com\/www.jungsi.de\/blog\/wp-content\/uploads\/Computer-Kontakt-02_03_1988.jpg?resize=350%2C200&ssl=1","width":350,"height":200,"srcset":"https:\/\/i0.wp.com\/www.jungsi.de\/blog\/wp-content\/uploads\/Computer-Kontakt-02_03_1988.jpg?resize=350%2C200&ssl=1 1x, https:\/\/i0.wp.com\/www.jungsi.de\/blog\/wp-content\/uploads\/Computer-Kontakt-02_03_1988.jpg?resize=525%2C300&ssl=1 1.5x, https:\/\/i0.wp.com\/www.jungsi.de\/blog\/wp-content\/uploads\/Computer-Kontakt-02_03_1988.jpg?resize=700%2C400&ssl=1 2x"},"classes":[]},{"id":27891,"url":"https:\/\/www.jungsi.de\/en\/die-sammlung\/literatur\/p-m-computerheft\/","url_meta":{"origin":19739,"position":5},"title":"P.M. Computerheft","author":"Jungsi","date":"14. January 2023","format":false,"excerpt":"P.M. Computerheft P.M. Computerheft war ein Ableger der popul\u00e4rwissenschaftlichen Marke P.M. und erschien bei Gruner + Jahr ab 1982 (ab 1983 als eigenst\u00e4ndige Zeitschrift, ab 1984 monatlich) bis zur letzten Ausgabe 10\/1989. Unter dem Untertitel \u201eMit Computern arbeiten und leben\u201c behandelte das Magazin die gesamte damals relevante Heim- und Personalcomputer-Landschaft\u2026","rel":"","context":"Similar post","block_context":{"text":"Similar post","link":""},"img":{"alt_text":"P.M.-Computerheft-82","src":"https:\/\/i0.wp.com\/www.jungsi.de\/blog\/wp-content\/uploads\/P.M.-Computerheft-82.jpg?resize=350%2C200&ssl=1","width":350,"height":200,"srcset":"https:\/\/i0.wp.com\/www.jungsi.de\/blog\/wp-content\/uploads\/P.M.-Computerheft-82.jpg?resize=350%2C200&ssl=1 1x, https:\/\/i0.wp.com\/www.jungsi.de\/blog\/wp-content\/uploads\/P.M.-Computerheft-82.jpg?resize=525%2C300&ssl=1 1.5x, https:\/\/i0.wp.com\/www.jungsi.de\/blog\/wp-content\/uploads\/P.M.-Computerheft-82.jpg?resize=700%2C400&ssl=1 2x, https:\/\/i0.wp.com\/www.jungsi.de\/blog\/wp-content\/uploads\/P.M.-Computerheft-82.jpg?resize=1050%2C600&ssl=1 3x"},"classes":[]}],"_links":{"self":[{"href":"https:\/\/www.jungsi.de\/en\/wp-json\/wp\/v2\/pages\/19739","targetHints":{"allow":["GET"]}}],"collection":[{"href":"https:\/\/www.jungsi.de\/en\/wp-json\/wp\/v2\/pages"}],"about":[{"href":"https:\/\/www.jungsi.de\/en\/wp-json\/wp\/v2\/types\/page"}],"author":[{"embeddable":true,"href":"https:\/\/www.jungsi.de\/en\/wp-json\/wp\/v2\/users\/2"}],"replies":[{"embeddable":true,"href":"https:\/\/www.jungsi.de\/en\/wp-json\/wp\/v2\/comments?post=19739"}],"version-history":[{"count":0,"href":"https:\/\/www.jungsi.de\/en\/wp-json\/wp\/v2\/pages\/19739\/revisions"}],"up":[{"embeddable":true,"href":"https:\/\/www.jungsi.de\/en\/wp-json\/wp\/v2\/pages\/18076"}],"wp:featuredmedia":[{"embeddable":true,"href":"https:\/\/www.jungsi.de\/en\/wp-json\/wp\/v2\/media\/19740"}],"wp:attachment":[{"href":"https:\/\/www.jungsi.de\/en\/wp-json\/wp\/v2\/media?parent=19739"}],"curies":[{"name":"wp","href":"https:\/\/api.w.org\/{rel}","templated":true}]}}