{"id":19690,"date":"2018-02-26T18:38:39","date_gmt":"2018-02-26T17:38:39","guid":{"rendered":"http:\/\/www.jungsi.de\/?page_id=19690"},"modified":"2025-05-05T12:37:24","modified_gmt":"2025-05-05T10:37:24","slug":"nintendo-game-boy-advance-sp","status":"publish","type":"page","link":"https:\/\/www.jungsi.de\/en\/handheld-konsolen\/nintendo\/nintendo-game-boy-advance-sp\/","title":{"rendered":"Nintendo Game Boy Advance (SP)"},"content":{"rendered":"<p><\/p>\n\n\n\n<h2 class=\"wp-block-heading has-text-align-center\">Nintendo Game Boy Advance (SP)<\/h2>\n\n\n<div class=\"wp-block-image wp-image-18003\">\n<figure class=\"aligncenter\"><img loading=\"lazy\" decoding=\"async\" width=\"800\" height=\"600\" data-attachment-id=\"18003\" data-permalink=\"https:\/\/www.jungsi.de\/en\/game-boy-advance-nintendo\/gameboy-advance-oberseite\/\" data-orig-file=\"https:\/\/www.jungsi.de\/blog\/wp-content\/uploads\/Gameboy-Advance-Oberseite.jpg\" data-orig-size=\"800,600\" data-comments-opened=\"1\" data-image-meta=\"{&quot;aperture&quot;:&quot;3.5&quot;,&quot;credit&quot;:&quot;&quot;,&quot;camera&quot;:&quot;Canon PowerShot SX260 HS&quot;,&quot;caption&quot;:&quot;&quot;,&quot;created_timestamp&quot;:&quot;1494680846&quot;,&quot;copyright&quot;:&quot;&quot;,&quot;focal_length&quot;:&quot;4.5&quot;,&quot;iso&quot;:&quot;640&quot;,&quot;shutter_speed&quot;:&quot;0.033333333333333&quot;,&quot;title&quot;:&quot;&quot;,&quot;orientation&quot;:&quot;1&quot;}\" data-image-title=\"Gameboy Advance &amp;#8211; Oberseite\" data-image-description=\"&lt;p&gt;Game Boy Advance&lt;\/p&gt;\" data-image-caption=\"&lt;p&gt;Game Boy Advance&lt;\/p&gt;\" data-large-file=\"https:\/\/www.jungsi.de\/blog\/wp-content\/uploads\/Gameboy-Advance-Oberseite.jpg\" src=\"https:\/\/www.jungsi.de\/blog\/wp-content\/uploads\/Gameboy-Advance-Oberseite.jpg\" alt=\"Game Boy Advance\" class=\"wp-image-18003\" srcset=\"https:\/\/www.jungsi.de\/blog\/wp-content\/uploads\/Gameboy-Advance-Oberseite.jpg 800w, https:\/\/www.jungsi.de\/blog\/wp-content\/uploads\/Gameboy-Advance-Oberseite-300x225.jpg 300w\" sizes=\"auto, (max-width: 800px) 100vw, 800px\" \/><figcaption class=\"wp-element-caption\">Game Boy Advance<\/figcaption><\/figure>\n<\/div>\n\n\n<p>Der Nintendo Game Boy Advance (GBA) war ein bedeutender Fortschritt in der Welt der tragbaren Videospiele und stellte eine neue \u00c4ra f\u00fcr Handheld-Gaming dar. Nach dem Erfolg des Game Boy und des Game Boy Color wollte Nintendo die Grenzen des M\u00f6glichen weiter verschieben.<\/p>\n\n\n\n<p>Die Geschichte des Game Boy Advance beginnt in den sp\u00e4ten 1990er Jahren, als Nintendo daran arbeitete, eine tragbare Konsole zu entwickeln, die leistungsst\u00e4rker und vielseitiger war als ihre Vorg\u00e4nger. Am 21. M\u00e4rz 2001 wurde der GBA in Japan ver\u00f6ffentlicht, gefolgt von Nordamerika und Europa im Juni desselben Jahres. Die Konsole brachte einen gro\u00dfen technischen Sprung mit sich: Der GBA verf\u00fcgte \u00fcber einen 32-Bit-Prozessor, was ihm eine Leistung auf dem Niveau des Super Nintendo Entertainment Systems (SNES) erm\u00f6glichte.<\/p>\n\n\n\n<p>Mit seinem horizontalen Design, das zwei seitlich platzierte Aktionstasten und eine breitere Bildschirmfl\u00e4che bot, war der Game Boy Advance eine Abkehr von den vertikalen Designs seiner Vorg\u00e4nger. Dieser neue Formfaktor erwies sich als \u00e4u\u00dferst benutzerfreundlich und erm\u00f6glichte l\u00e4ngere Spielsitzungen ohne Erm\u00fcdung.<\/p>\n\n\n\n<p>Der GBA war r\u00fcckw\u00e4rtskompatibel mit den Spielen des urspr\u00fcnglichen Game Boy und des Game Boy Color, was den Besitzern dieser Konsolen den Umstieg erleichterte. Aber es waren die exklusiven GBA-Titel, die die Konsole wirklich auszeichneten. Spiele wie <em>The Legend of Zelda: The Minish Cap<\/em>, <em>Advance Wars<\/em>, <em>Metroid Fusion<\/em>, und <em>Castlevania: Aria of Sorrow<\/em> zeigten die grafischen und spielerischen M\u00f6glichkeiten des Ger\u00e4ts und wurden schnell zu Klassikern.<\/p>\n\n\n\n<p>Besonders herausragend war die <em>Pok\u00e9mon<\/em>-Serie, die mit den Spielen <em>Pok\u00e9mon Rubin und Saphir<\/em> und sp\u00e4ter <em>Pok\u00e9mon Smaragd<\/em> den Erfolg des GBA weiter festigte. Diese Titel brachten zahlreiche neue Pok\u00e9mon und Spielmechaniken mit sich und nutzten die erweiterten Farbm\u00f6glichkeiten und die verbesserte Grafik des Ger\u00e4ts.<\/p>\n\n\n\n<p>Trotz seiner vielen St\u00e4rken hatte der Game Boy Advance jedoch einen Nachteil: Das urspr\u00fcngliche Modell hatte keinen beleuchteten Bildschirm, was das Spielen bei schlechten Lichtverh\u00e4ltnissen erschwerte. Nintendo reagierte darauf mit der Ver\u00f6ffentlichung des Game Boy Advance SP im Jahr 2003, der einen Klappmechanismus und einen beleuchteten Bildschirm bot. Diese verbesserte Version wurde sehr gut aufgenommen und trug weiter zum Erfolg des GBA bei.<\/p>\n\n\n\n<p>Der Game Boy Advance verkaufte sich weltweit \u00fcber 81 Millionen Mal und blieb bis zur Ver\u00f6ffentlichung des Nintendo DS im Jahr 2004 die f\u00fchrende tragbare Konsole. Selbst nach der Einf\u00fchrung des DS behielt der GBA eine treue Fangemeinde und wurde noch mehrere Jahre unterst\u00fctzt.<\/p>\n\n\n\n<p>Heute wird der Game Boy Advance als eine der besten tragbaren Konsolen aller Zeiten angesehen. Er bot nicht nur eine beeindruckende Spielebibliothek, sondern auch innovative Hardware, die den Standard f\u00fcr tragbare Spielekonsolen neu definierte. Der GBA bleibt ein Symbol f\u00fcr Nintendos Engagement, Spielern \u00fcberall und jederzeit hochwertige Spielerlebnisse zu bieten.<\/p>\n\n\n\n<table id=\"tablepress-253\" class=\"tablepress tablepress-id-253\">\n<tbody>\n<tr class=\"row-1\">\n\t<td class=\"column-1\"><strong>Ver\u00f6ffentlichung:<\/strong><\/td><td class=\"column-2\">2001<\/td>\n<\/tr>\n<tr class=\"row-2\">\n\t<td class=\"column-1\"><strong>verkaufte Einheiten:<\/strong><\/td><td class=\"column-2\">> 81.000.000<\/td>\n<\/tr>\n<tr class=\"row-3\">\n\t<td class=\"column-1\"><strong>Prozessor:<\/strong><\/td><td class=\"column-2\">16,77 MHz 32 Bit RISC-CPU und 8 Bit CISC-CPU (Z80\/8080-Derivat)<\/td>\n<\/tr>\n<tr class=\"row-4\">\n\t<td class=\"column-1\"><strong>RAM:<\/strong><\/td><td class=\"column-2\">32 KB<\/td>\n<\/tr>\n<tr class=\"row-5\">\n\t<td class=\"column-1\"><strong>Video-RAM:<\/strong><\/td><td class=\"column-2\">96 KB<\/td>\n<\/tr>\n<tr class=\"row-6\">\n\t<td class=\"column-1\"><strong>Grafikaufl\u00f6sung:<\/strong><\/td><td class=\"column-2\">240\u00d7160 Pixel<\/td>\n<\/tr>\n<tr class=\"row-7\">\n\t<td class=\"column-1\"><strong>Farbpalette:<\/strong> <\/td><td class=\"column-2\">max. 32.768 Farben<\/td>\n<\/tr>\n<tr class=\"row-8\">\n\t<td class=\"column-1\"><strong>Sound<\/strong><\/td><td class=\"column-2\"> 4-Kanal-Stereo-Sound + 1 externer Kanal<\/td>\n<\/tr>\n<tr class=\"row-9\">\n\t<td class=\"column-1\"><strong>Speichermedien:<\/strong><\/td><td class=\"column-2\">Module<\/td>\n<\/tr>\n<tr class=\"row-10\">\n\t<td class=\"column-1\"><strong>Sprites:<\/strong><\/td><td class=\"column-2\">8\u00d78 Pixel oder 8\u00d716 Pixel gro\u00df, Maximalanzahl 40 St\u00fcck<\/td>\n<\/tr>\n<\/tbody>\n<\/table>\n<!-- #tablepress-253 from cache -->\n\n<div class=\"wp-block-image size-full wp-image-17956\">\n<figure class=\"aligncenter\"><img loading=\"lazy\" decoding=\"async\" width=\"600\" height=\"800\" data-attachment-id=\"17956\" data-permalink=\"https:\/\/www.jungsi.de\/en\/game-boy-advance-sp-nintendo\/gameboy-advance-sp-links-vorne\/\" data-orig-file=\"https:\/\/www.jungsi.de\/blog\/wp-content\/uploads\/Gameboy-Advance-SP-links-vorne.jpg\" data-orig-size=\"600,800\" data-comments-opened=\"1\" data-image-meta=\"{&quot;aperture&quot;:&quot;3.5&quot;,&quot;credit&quot;:&quot;&quot;,&quot;camera&quot;:&quot;Canon PowerShot SX260 HS&quot;,&quot;caption&quot;:&quot;&quot;,&quot;created_timestamp&quot;:&quot;1500464468&quot;,&quot;copyright&quot;:&quot;&quot;,&quot;focal_length&quot;:&quot;4.5&quot;,&quot;iso&quot;:&quot;800&quot;,&quot;shutter_speed&quot;:&quot;0.04&quot;,&quot;title&quot;:&quot;&quot;,&quot;orientation&quot;:&quot;1&quot;}\" data-image-title=\"Gameboy Advance SP links vorne\" data-image-description=\"&lt;p&gt;Gameboy Advance SP&lt;\/p&gt;\" data-image-caption=\"&lt;p&gt;Gameboy Advance SP&lt;\/p&gt;\" data-large-file=\"https:\/\/www.jungsi.de\/blog\/wp-content\/uploads\/Gameboy-Advance-SP-links-vorne.jpg\" src=\"https:\/\/www.jungsi.de\/blog\/wp-content\/uploads\/Gameboy-Advance-SP-links-vorne.jpg\" alt=\"Gameboy Advance SP\" class=\"wp-image-17956\" srcset=\"https:\/\/www.jungsi.de\/blog\/wp-content\/uploads\/Gameboy-Advance-SP-links-vorne.jpg 600w, https:\/\/www.jungsi.de\/blog\/wp-content\/uploads\/Gameboy-Advance-SP-links-vorne-225x300.jpg 225w\" sizes=\"auto, (max-width: 600px) 100vw, 600px\" \/><figcaption class=\"wp-element-caption\">Gameboy Advance SP &#8211; 2003<\/figcaption><\/figure>\n<\/div>","protected":false},"excerpt":{"rendered":"<p>Nintendo Game Boy Advance (SP) Der Nintendo Game Boy Advance (GBA) war ein bedeutender Fortschritt in der Welt der tragbaren Videospiele und stellte eine neue \u2026<\/p>","protected":false},"author":2,"featured_media":0,"parent":32878,"menu_order":0,"comment_status":"closed","ping_status":"closed","template":"","meta":{"_lmt_disableupdate":"no","_lmt_disable":"","ngg_post_thumbnail":0,"jetpack_post_was_ever_published":false,"footnotes":"","_links_to":"","_links_to_target":""},"class_list":["post-19690","page","type-page","status-publish","hentry"],"jetpack_shortlink":"https:\/\/wp.me\/P4eXvk-57A","jetpack_sharing_enabled":true,"jetpack_likes_enabled":true,"jetpack-related-posts":[{"id":19678,"url":"https:\/\/www.jungsi.de\/en\/handheld-konsolen\/nintendo\/nintendo-game-boy\/","url_meta":{"origin":19690,"position":0},"title":"Nintendo Game Boy","author":"Jungsi","date":"26. February 2018","format":false,"excerpt":"Nintendo Game Boy Nintendo Game Boy Der Nintendo Game Boy ist eine Legende in der Welt der Videospiele, ein Ger\u00e4t, das eine ganze Generation pr\u00e4gte und die Art und Weise, wie Menschen Spiele erlebten, revolutionierte. Die Geschichte des Game Boy begann in den sp\u00e4ten 1980er Jahren in den K\u00f6pfen der\u2026","rel":"","context":"Similar post","block_context":{"text":"Similar post","link":""},"img":{"alt_text":"","src":"https:\/\/i0.wp.com\/www.jungsi.de\/blog\/wp-content\/uploads\/2014\/11\/Gameboy.jpg?resize=350%2C200&ssl=1","width":350,"height":200},"classes":[]},{"id":19684,"url":"https:\/\/www.jungsi.de\/en\/handheld-konsolen\/nintendo\/game-boy-color\/","url_meta":{"origin":19690,"position":1},"title":"Nintendo Game Boy Color","author":"Jungsi","date":"26. February 2018","format":false,"excerpt":"Nintendo Game Boy Color Game Boy Color - puple clear Der Nintendo Game Boy Color war ein Meilenstein in der Geschichte der tragbaren Videospiele und markierte einen bedeutenden Schritt nach vorne in der Entwicklung der Game-Boy-Serie. Die Geschichte des Game Boy Color beginnt in den sp\u00e4ten 1990er Jahren. Der urspr\u00fcngliche\u2026","rel":"","context":"Similar post","block_context":{"text":"Similar post","link":""},"img":{"alt_text":"Game Boy Color - puple clear","src":"https:\/\/i0.wp.com\/www.jungsi.de\/blog\/wp-content\/uploads\/Gamboy-Color-puple-clear_2-1.jpg?resize=350%2C200&ssl=1","width":350,"height":200,"srcset":"https:\/\/i0.wp.com\/www.jungsi.de\/blog\/wp-content\/uploads\/Gamboy-Color-puple-clear_2-1.jpg?resize=350%2C200&ssl=1 1x, https:\/\/i0.wp.com\/www.jungsi.de\/blog\/wp-content\/uploads\/Gamboy-Color-puple-clear_2-1.jpg?resize=525%2C300&ssl=1 1.5x, https:\/\/i0.wp.com\/www.jungsi.de\/blog\/wp-content\/uploads\/Gamboy-Color-puple-clear_2-1.jpg?resize=700%2C400&ssl=1 2x"},"classes":[]},{"id":32900,"url":"https:\/\/www.jungsi.de\/en\/handheld-konsolen\/nintendo\/nintendo-game-watch\/","url_meta":{"origin":19690,"position":2},"title":"Nintendo Game &amp; Watch","author":"Jungsi","date":"31. July 2024","format":false,"excerpt":"Nintendo Game & Watch Game and Watch - Helmet Game & Watch - The Legend Of Zelda Game and Watch - Super Mario Bros Die Nintendo Game & Watch-Serie war ein bedeutender Schritt in der Entwicklung tragbarer Videospiele und legte den Grundstein f\u00fcr viele zuk\u00fcnftige Innovationen von Nintendo. Die Geschichte\u2026","rel":"","context":"Similar post","block_context":{"text":"Similar post","link":""},"img":{"alt_text":"Game & Watch - The Legend Of Zelda","src":"https:\/\/i0.wp.com\/www.jungsi.de\/blog\/wp-content\/uploads\/Game-Watch-The-Legend-Of-Zelda.jpg?resize=350%2C200&ssl=1","width":350,"height":200,"srcset":"https:\/\/i0.wp.com\/www.jungsi.de\/blog\/wp-content\/uploads\/Game-Watch-The-Legend-Of-Zelda.jpg?resize=350%2C200&ssl=1 1x, https:\/\/i0.wp.com\/www.jungsi.de\/blog\/wp-content\/uploads\/Game-Watch-The-Legend-Of-Zelda.jpg?resize=525%2C300&ssl=1 1.5x, https:\/\/i0.wp.com\/www.jungsi.de\/blog\/wp-content\/uploads\/Game-Watch-The-Legend-Of-Zelda.jpg?resize=700%2C400&ssl=1 2x, https:\/\/i0.wp.com\/www.jungsi.de\/blog\/wp-content\/uploads\/Game-Watch-The-Legend-Of-Zelda.jpg?resize=1050%2C600&ssl=1 3x, https:\/\/i0.wp.com\/www.jungsi.de\/blog\/wp-content\/uploads\/Game-Watch-The-Legend-Of-Zelda.jpg?resize=1400%2C800&ssl=1 4x"},"classes":[]},{"id":7410,"url":"https:\/\/www.jungsi.de\/en\/spiele\/nintendo\/","url_meta":{"origin":19690,"position":3},"title":"Nintendo","author":"Jungsi","date":"19. January 2015","format":false,"excerpt":"Nintendo Game Boy Game Boy Advance NES SNES Nintendo 64 Nintendo 3DS Game Boy Blaster Master Jr. (1991) Donkey Kong (1994) Go! Go! Tank (1990) Golf (1989) Kirby's Dream Land (1992) Kirby's Pinball Land (1993) Pokemon blau (1996) Pokemon rot (1996) Street Fighter II (1995) Super Mario Land (1989) Super\u2026","rel":"","context":"Similar post","block_context":{"text":"Similar post","link":""},"img":{"alt_text":"Blaster Master","src":"https:\/\/i0.wp.com\/www.jungsi.de\/blog\/wp-content\/uploads\/GB-Blaster-Master.jpg?resize=350%2C200&ssl=1","width":350,"height":200,"srcset":"https:\/\/i0.wp.com\/www.jungsi.de\/blog\/wp-content\/uploads\/GB-Blaster-Master.jpg?resize=350%2C200&ssl=1 1x, https:\/\/i0.wp.com\/www.jungsi.de\/blog\/wp-content\/uploads\/GB-Blaster-Master.jpg?resize=525%2C300&ssl=1 1.5x, https:\/\/i0.wp.com\/www.jungsi.de\/blog\/wp-content\/uploads\/GB-Blaster-Master.jpg?resize=700%2C400&ssl=1 2x, https:\/\/i0.wp.com\/www.jungsi.de\/blog\/wp-content\/uploads\/GB-Blaster-Master.jpg?resize=1050%2C600&ssl=1 3x"},"classes":[]},{"id":27865,"url":"https:\/\/www.jungsi.de\/en\/handheld-konsolen\/alle-anderen-handhelds\/sony-psp\/","url_meta":{"origin":19690,"position":4},"title":"Sony PSP","author":"Jungsi","date":"31. July 2024","format":false,"excerpt":"Sony PSP Sony PSP Street Die Sony PlayStation Portable (PSP) war ein bedeutender Schritt in der Welt der tragbaren Spielekonsolen und markierte Sonys ersten Vorsto\u00df in den Handheld-Gaming-Markt. Die PSP wurde schnell zu einer der beliebtesten tragbaren Konsolen ihrer Zeit und brachte eine neue Dimension von Multimedia-F\u00e4higkeiten in die Welt\u2026","rel":"","context":"Similar post","block_context":{"text":"Similar post","link":""},"img":{"alt_text":"","src":"https:\/\/i0.wp.com\/www.jungsi.de\/blog\/wp-content\/uploads\/PSP-Street-2.jpg?resize=350%2C200&ssl=1","width":350,"height":200,"srcset":"https:\/\/i0.wp.com\/www.jungsi.de\/blog\/wp-content\/uploads\/PSP-Street-2.jpg?resize=350%2C200&ssl=1 1x, https:\/\/i0.wp.com\/www.jungsi.de\/blog\/wp-content\/uploads\/PSP-Street-2.jpg?resize=525%2C300&ssl=1 1.5x, https:\/\/i0.wp.com\/www.jungsi.de\/blog\/wp-content\/uploads\/PSP-Street-2.jpg?resize=700%2C400&ssl=1 2x, https:\/\/i0.wp.com\/www.jungsi.de\/blog\/wp-content\/uploads\/PSP-Street-2.jpg?resize=1050%2C600&ssl=1 3x, https:\/\/i0.wp.com\/www.jungsi.de\/blog\/wp-content\/uploads\/PSP-Street-2.jpg?resize=1400%2C800&ssl=1 4x"},"classes":[]},{"id":28315,"url":"https:\/\/www.jungsi.de\/en\/konsolen\/sega-konsolen\/","url_meta":{"origin":19690,"position":5},"title":"Sega Konsolen","author":"Jungsi","date":"16. January 2023","format":false,"excerpt":"Sega Konsolen Sega Master System \u2013 Sega Master System II Sega Mega Drive \u2013 Sega Mega Drive II Sega Saturn Sega Dreamcast Sega ist eine bekannte japanische Videospiel- und Konsolenherstellerin, die mehrere bedeutende Spielekonsolen ver\u00f6ffentlicht hat. Hier ist eine kurze \u00dcbersicht der wichtigsten Sega-Konsolen: 1. SG-1000 (1983) Beschreibung: Segas erste\u2026","rel":"","context":"Similar post","block_context":{"text":"Similar post","link":""},"img":{"alt_text":"","src":"","width":0,"height":0},"classes":[]}],"_links":{"self":[{"href":"https:\/\/www.jungsi.de\/en\/wp-json\/wp\/v2\/pages\/19690","targetHints":{"allow":["GET"]}}],"collection":[{"href":"https:\/\/www.jungsi.de\/en\/wp-json\/wp\/v2\/pages"}],"about":[{"href":"https:\/\/www.jungsi.de\/en\/wp-json\/wp\/v2\/types\/page"}],"author":[{"embeddable":true,"href":"https:\/\/www.jungsi.de\/en\/wp-json\/wp\/v2\/users\/2"}],"replies":[{"embeddable":true,"href":"https:\/\/www.jungsi.de\/en\/wp-json\/wp\/v2\/comments?post=19690"}],"version-history":[{"count":0,"href":"https:\/\/www.jungsi.de\/en\/wp-json\/wp\/v2\/pages\/19690\/revisions"}],"up":[{"embeddable":true,"href":"https:\/\/www.jungsi.de\/en\/wp-json\/wp\/v2\/pages\/32878"}],"wp:attachment":[{"href":"https:\/\/www.jungsi.de\/en\/wp-json\/wp\/v2\/media?parent=19690"}],"curies":[{"name":"wp","href":"https:\/\/api.w.org\/{rel}","templated":true}]}}