{"id":19684,"date":"2018-02-26T18:15:34","date_gmt":"2018-02-26T17:15:34","guid":{"rendered":"http:\/\/www.jungsi.de\/?page_id=19684"},"modified":"2025-05-05T12:37:41","modified_gmt":"2025-05-05T10:37:41","slug":"game-boy-color","status":"publish","type":"page","link":"https:\/\/www.jungsi.de\/en\/handheld-konsolen\/nintendo\/game-boy-color\/","title":{"rendered":"Nintendo Game Boy Color"},"content":{"rendered":"<p><\/p>\n\n\n\n<h2 class=\"wp-block-heading has-text-align-center\">Nintendo Game Boy Color<\/h2>\n\n\n<div class=\"wp-block-image wp-image-19688\">\n<figure class=\"aligncenter\"><img loading=\"lazy\" decoding=\"async\" width=\"800\" height=\"600\" data-attachment-id=\"19688\" data-permalink=\"https:\/\/www.jungsi.de\/en\/handheld-konsolen\/nintendo\/game-boy-color\/gamboy-color-puple-clear_2-2\/\" data-orig-file=\"https:\/\/www.jungsi.de\/blog\/wp-content\/uploads\/Gamboy-Color-puple-clear_2-1.jpg\" data-orig-size=\"800,600\" data-comments-opened=\"1\" data-image-meta=\"{&quot;aperture&quot;:&quot;3.5&quot;,&quot;credit&quot;:&quot;&quot;,&quot;camera&quot;:&quot;Canon PowerShot SX260 HS&quot;,&quot;caption&quot;:&quot;&quot;,&quot;created_timestamp&quot;:&quot;1509199866&quot;,&quot;copyright&quot;:&quot;&quot;,&quot;focal_length&quot;:&quot;4.5&quot;,&quot;iso&quot;:&quot;800&quot;,&quot;shutter_speed&quot;:&quot;0.05&quot;,&quot;title&quot;:&quot;&quot;,&quot;orientation&quot;:&quot;1&quot;}\" data-image-title=\"Gamboy Color puple clear_2\" data-image-description=\"&lt;p&gt;Game Boy Color &amp;#8211; puple clear&lt;\/p&gt;\" data-image-caption=\"&lt;p&gt;Game Boy Color &amp;#8211; puple clear&lt;\/p&gt;\" data-large-file=\"https:\/\/www.jungsi.de\/blog\/wp-content\/uploads\/Gamboy-Color-puple-clear_2-1.jpg\" src=\"https:\/\/www.jungsi.de\/blog\/wp-content\/uploads\/Gamboy-Color-puple-clear_2-1.jpg\" alt=\"Game Boy Color - puple clear\" class=\"wp-image-19688\" srcset=\"https:\/\/www.jungsi.de\/blog\/wp-content\/uploads\/Gamboy-Color-puple-clear_2-1.jpg 800w, https:\/\/www.jungsi.de\/blog\/wp-content\/uploads\/Gamboy-Color-puple-clear_2-1-300x225.jpg 300w\" sizes=\"auto, (max-width: 800px) 100vw, 800px\" \/><figcaption class=\"wp-element-caption\">Game Boy Color &#8211; puple clear<\/figcaption><\/figure>\n<\/div>\n\n\n<p>Der Nintendo Game Boy Color war ein Meilenstein in der Geschichte der tragbaren Videospiele und markierte einen bedeutenden Schritt nach vorne in der Entwicklung der Game-Boy-Serie.<\/p>\n\n\n\n<p>Die Geschichte des Game Boy Color beginnt in den sp\u00e4ten 1990er Jahren. Der urspr\u00fcngliche Game Boy war nach seiner Ver\u00f6ffentlichung im Jahr 1989 ein enormer Erfolg, aber die Welt der Videospiele hatte sich schnell weiterentwickelt. Konkurrenzprodukte wie der Sega Game Gear und der Atari Lynx boten bereits farbige Bildschirme, w\u00e4hrend der Game Boy weiterhin in Graustufen arbeitete. Nintendo erkannte, dass es an der Zeit war, die n\u00e4chste Generation des Game Boys einzuf\u00fchren.<\/p>\n\n\n\n<p>Am 23. November 1998 brachte Nintendo den Game Boy Color auf den Markt. Mit seinem farbigen LCD-Bildschirm, der in der Lage war, bis zu 56 Farben gleichzeitig aus einer Palette von 32.768 Farben darzustellen, war er eine deutliche Verbesserung gegen\u00fcber seinem Vorg\u00e4nger. Das Ger\u00e4t war kompakt und leicht, behielt jedoch das ikonische Design des urspr\u00fcnglichen Game Boys bei.<\/p>\n\n\n\n<p>Der Game Boy Color war r\u00fcckw\u00e4rtskompatibel, was bedeutete, dass er alle Spiele des urspr\u00fcnglichen Game Boys abspielen konnte. Diese Spiele wurden auf dem neuen Ger\u00e4t in simulierten Farben angezeigt, was viele Klassiker in einem neuen Licht erstrahlen lie\u00df. Gleichzeitig erschienen exklusive Titel, die speziell f\u00fcr den Game Boy Color entwickelt wurden und die Vorteile des farbigen Bildschirms voll aussch\u00f6pften.<\/p>\n\n\n\n<p>Eines der bekanntesten Spiele, die auf dem Game Boy Color ver\u00f6ffentlicht wurden, war <em>Pok\u00e9mon Gold und Silber<\/em>. Diese Spiele erweiterten das Pok\u00e9mon-Universum erheblich und nutzten die neuen Farbm\u00f6glichkeiten, um die Spielwelt lebendiger und ansprechender zu gestalten. <em>Pok\u00e9mon<\/em> trug ma\u00dfgeblich dazu bei, den Game Boy Color weltweit popul\u00e4r zu machen und festigte die Position von Nintendo als f\u00fchrender Anbieter tragbarer Konsolen.<\/p>\n\n\n\n<p>Der Game Boy Color war ein gro\u00dfer Erfolg und verkaufte sich weltweit \u00fcber 118 Millionen Mal, einschlie\u00dflich der Verk\u00e4ufe seines Vorg\u00e4ngers. Er wurde zur Heimat zahlreicher ikonischer Spiele und pr\u00e4gte die Kindheit von Millionen von Spielern auf der ganzen Welt.<\/p>\n\n\n\n<p>Obwohl er 2001 von seinem Nachfolger, dem Game Boy Advance, abgel\u00f6st wurde, bleibt der Game Boy Color ein wichtiges Kapitel in der Geschichte der Videospiele. Er steht f\u00fcr eine \u00c4ra, in der tragbare Spiele farbenfroh, innovativ und zug\u00e4nglich f\u00fcr jedermann wurden, und wird bis heute von vielen als ein echter Klassiker verehrt.<\/p>\n\n\n\n<table id=\"tablepress-252\" class=\"tablepress tablepress-id-252\">\n<tbody>\n<tr class=\"row-1\">\n\t<td class=\"column-1\"><strong>Ver\u00f6ffentlichung:<\/strong><\/td><td class=\"column-2\">1998 (Japan: 1989)<\/td>\n<\/tr>\n<tr class=\"row-2\">\n\t<td class=\"column-1\"><strong>verkaufte Einheiten:<\/strong><\/td><td class=\"column-2\">> 119.000.000<\/td>\n<\/tr>\n<tr class=\"row-3\">\n\t<td class=\"column-1\"><strong>Prozessor:<\/strong><\/td><td class=\"column-2\">8-Bit-CMOS; 4 und 8 MHz Taktfrequenz<\/td>\n<\/tr>\n<tr class=\"row-4\">\n\t<td class=\"column-1\"><strong>RAM:<\/strong><\/td><td class=\"column-2\">32 kB RAM<\/td>\n<\/tr>\n<tr class=\"row-5\">\n\t<td class=\"column-1\"><strong>Video-RAM:<\/strong><\/td><td class=\"column-2\">16 kB VideoRAM<\/td>\n<\/tr>\n<tr class=\"row-6\">\n\t<td class=\"column-1\"><strong>Grafikaufl\u00f6sung:<\/strong><\/td><td class=\"column-2\">160 \u00d7 144 Pixel<\/td>\n<\/tr>\n<tr class=\"row-7\">\n\t<td class=\"column-1\"><strong>Farbpalette:<\/strong> <\/td><td class=\"column-2\">10, 32 oder 56 Farben aus einer Palette von 32.768 Farben<\/td>\n<\/tr>\n<tr class=\"row-8\">\n\t<td class=\"column-1\"><strong>Sound<\/strong><\/td><td class=\"column-2\"> 4-Kanal-Stereo-Sound + 1 externer Kanal<\/td>\n<\/tr>\n<tr class=\"row-9\">\n\t<td class=\"column-1\"><strong>Speichermedien:<\/strong><\/td><td class=\"column-2\">Module<\/td>\n<\/tr>\n<tr class=\"row-10\">\n\t<td class=\"column-1\"><strong>Sprites:<\/strong><\/td><td class=\"column-2\">8\u00d78 Pixel oder 8\u00d716 Pixel gro\u00df, Maximalanzahl 40 St\u00fcck<\/td>\n<\/tr>\n<\/tbody>\n<\/table>\n<!-- #tablepress-252 from cache -->","protected":false},"excerpt":{"rendered":"<p>Nintendo Game Boy Color Der Nintendo Game Boy Color war ein Meilenstein in der Geschichte der tragbaren Videospiele und markierte einen bedeutenden Schritt nach vorne \u2026<\/p>","protected":false},"author":2,"featured_media":19688,"parent":32878,"menu_order":0,"comment_status":"closed","ping_status":"closed","template":"","meta":{"_lmt_disableupdate":"no","_lmt_disable":"","ngg_post_thumbnail":0,"jetpack_post_was_ever_published":false,"footnotes":"","_links_to":"","_links_to_target":""},"class_list":["post-19684","page","type-page","status-publish","has-post-thumbnail","hentry"],"jetpack_shortlink":"https:\/\/wp.me\/P4eXvk-57u","jetpack_sharing_enabled":true,"jetpack_likes_enabled":true,"jetpack-related-posts":[{"id":19678,"url":"https:\/\/www.jungsi.de\/en\/handheld-konsolen\/nintendo\/nintendo-game-boy\/","url_meta":{"origin":19684,"position":0},"title":"Nintendo Game Boy","author":"Jungsi","date":"26. February 2018","format":false,"excerpt":"Nintendo Game Boy Nintendo Game Boy Der Nintendo Game Boy ist eine Legende in der Welt der Videospiele, ein Ger\u00e4t, das eine ganze Generation pr\u00e4gte und die Art und Weise, wie Menschen Spiele erlebten, revolutionierte. Die Geschichte des Game Boy begann in den sp\u00e4ten 1980er Jahren in den K\u00f6pfen der\u2026","rel":"","context":"Similar post","block_context":{"text":"Similar post","link":""},"img":{"alt_text":"","src":"https:\/\/i0.wp.com\/www.jungsi.de\/blog\/wp-content\/uploads\/2014\/11\/Gameboy.jpg?resize=350%2C200&ssl=1","width":350,"height":200},"classes":[]},{"id":19690,"url":"https:\/\/www.jungsi.de\/en\/handheld-konsolen\/nintendo\/nintendo-game-boy-advance-sp\/","url_meta":{"origin":19684,"position":1},"title":"Nintendo Game Boy Advance (SP)","author":"Jungsi","date":"26. February 2018","format":false,"excerpt":"Nintendo Game Boy Advance (SP) Game Boy Advance Der Nintendo Game Boy Advance (GBA) war ein bedeutender Fortschritt in der Welt der tragbaren Videospiele und stellte eine neue \u00c4ra f\u00fcr Handheld-Gaming dar. Nach dem Erfolg des Game Boy und des Game Boy Color wollte Nintendo die Grenzen des M\u00f6glichen weiter\u2026","rel":"","context":"Similar post","block_context":{"text":"Similar post","link":""},"img":{"alt_text":"Game Boy Advance","src":"https:\/\/i0.wp.com\/www.jungsi.de\/blog\/wp-content\/uploads\/Gameboy-Advance-Oberseite.jpg?resize=350%2C200&ssl=1","width":350,"height":200,"srcset":"https:\/\/i0.wp.com\/www.jungsi.de\/blog\/wp-content\/uploads\/Gameboy-Advance-Oberseite.jpg?resize=350%2C200&ssl=1 1x, https:\/\/i0.wp.com\/www.jungsi.de\/blog\/wp-content\/uploads\/Gameboy-Advance-Oberseite.jpg?resize=525%2C300&ssl=1 1.5x, https:\/\/i0.wp.com\/www.jungsi.de\/blog\/wp-content\/uploads\/Gameboy-Advance-Oberseite.jpg?resize=700%2C400&ssl=1 2x"},"classes":[]},{"id":32900,"url":"https:\/\/www.jungsi.de\/en\/handheld-konsolen\/nintendo\/nintendo-game-watch\/","url_meta":{"origin":19684,"position":2},"title":"Nintendo Game &amp; Watch","author":"Jungsi","date":"31. July 2024","format":false,"excerpt":"Nintendo Game & Watch Game and Watch - Helmet Game & Watch - The Legend Of Zelda Game and Watch - Super Mario Bros Die Nintendo Game & Watch-Serie war ein bedeutender Schritt in der Entwicklung tragbarer Videospiele und legte den Grundstein f\u00fcr viele zuk\u00fcnftige Innovationen von Nintendo. Die Geschichte\u2026","rel":"","context":"Similar post","block_context":{"text":"Similar post","link":""},"img":{"alt_text":"Game & Watch - The Legend Of Zelda","src":"https:\/\/i0.wp.com\/www.jungsi.de\/blog\/wp-content\/uploads\/Game-Watch-The-Legend-Of-Zelda.jpg?resize=350%2C200&ssl=1","width":350,"height":200,"srcset":"https:\/\/i0.wp.com\/www.jungsi.de\/blog\/wp-content\/uploads\/Game-Watch-The-Legend-Of-Zelda.jpg?resize=350%2C200&ssl=1 1x, https:\/\/i0.wp.com\/www.jungsi.de\/blog\/wp-content\/uploads\/Game-Watch-The-Legend-Of-Zelda.jpg?resize=525%2C300&ssl=1 1.5x, https:\/\/i0.wp.com\/www.jungsi.de\/blog\/wp-content\/uploads\/Game-Watch-The-Legend-Of-Zelda.jpg?resize=700%2C400&ssl=1 2x, https:\/\/i0.wp.com\/www.jungsi.de\/blog\/wp-content\/uploads\/Game-Watch-The-Legend-Of-Zelda.jpg?resize=1050%2C600&ssl=1 3x, https:\/\/i0.wp.com\/www.jungsi.de\/blog\/wp-content\/uploads\/Game-Watch-The-Legend-Of-Zelda.jpg?resize=1400%2C800&ssl=1 4x"},"classes":[]},{"id":28312,"url":"https:\/\/www.jungsi.de\/en\/konsolen\/atari-konsolen\/","url_meta":{"origin":19684,"position":3},"title":"Atari Konsolen","author":"Jungsi","date":"16. January 2023","format":false,"excerpt":"Atari Konsolen Atari VCS Atari 7800 Atari Jaguar Geschichte von Atari und deren Spielekonsolen Gr\u00fcndung und Fr\u00fche Jahre (1972-1976): Gr\u00fcndung: Atari, Inc. wurde 1972 von Nolan Bushnell und Ted Dabney gegr\u00fcndet. Das Unternehmen wurde schnell durch die Ver\u00f6ffentlichung des Arcade-Spiels Pong bekannt, das zu einem riesigen Erfolg wurde und Atari\u2026","rel":"","context":"Similar post","block_context":{"text":"Similar post","link":""},"img":{"alt_text":"","src":"","width":0,"height":0},"classes":[]},{"id":32907,"url":"https:\/\/www.jungsi.de\/en\/handheld-konsolen\/alle-anderen-handhelds\/arduboy\/","url_meta":{"origin":19684,"position":4},"title":"Arduboy","author":"Jungsi","date":"31. July 2024","format":false,"excerpt":"Arduboy Arduboy Der Arduboy ist eine moderne Hommage an die klassische \u00c4ra tragbarer Spielekonsolen, inspiriert von Ger\u00e4ten wie dem Nintendo Game Boy und den Game & Watch-Spielen. Es ist ein kleines, handliches Ger\u00e4t, das nicht nur von Retro-Gaming-Fans geliebt wird, sondern auch eine Plattform f\u00fcr Kreativit\u00e4t und Lernen bietet. Die\u2026","rel":"","context":"Similar post","block_context":{"text":"Similar post","link":""},"img":{"alt_text":"Arduboy - Vorderseite","src":"https:\/\/i0.wp.com\/www.jungsi.de\/blog\/wp-content\/uploads\/arduboy-vorderseite.jpg?resize=350%2C200&ssl=1","width":350,"height":200,"srcset":"https:\/\/i0.wp.com\/www.jungsi.de\/blog\/wp-content\/uploads\/arduboy-vorderseite.jpg?resize=350%2C200&ssl=1 1x, https:\/\/i0.wp.com\/www.jungsi.de\/blog\/wp-content\/uploads\/arduboy-vorderseite.jpg?resize=525%2C300&ssl=1 1.5x"},"classes":[]},{"id":22631,"url":"https:\/\/www.jungsi.de\/en\/handheld-konsolen\/microvision\/","url_meta":{"origin":19684,"position":5},"title":"MB Microvision","author":"Jungsi","date":"8. April 2019","format":false,"excerpt":"MB Microvision Microvision - Blockbuster Das MB Microvision war die erste tragbare Spielekonsole mit austauschbaren Spielmodulen und gilt als ein Pionier in der Geschichte des Handheld-Gamings. Obwohl es heute weniger bekannt ist, legte das Microvision den Grundstein f\u00fcr viele der tragbaren Konsolen, die in den folgenden Jahrzehnten erfolgreich wurden. Die\u2026","rel":"","context":"Similar post","block_context":{"text":"Similar post","link":""},"img":{"alt_text":"Microvision - 4 Gewinnt Box Vorderseite","src":"https:\/\/i0.wp.com\/www.jungsi.de\/blog\/wp-content\/uploads\/Microvision-4-Gewinnt-Box-Vorderseite-e1609598274438.jpg?resize=350%2C200&ssl=1","width":350,"height":200,"srcset":"https:\/\/i0.wp.com\/www.jungsi.de\/blog\/wp-content\/uploads\/Microvision-4-Gewinnt-Box-Vorderseite-e1609598274438.jpg?resize=350%2C200&ssl=1 1x, https:\/\/i0.wp.com\/www.jungsi.de\/blog\/wp-content\/uploads\/Microvision-4-Gewinnt-Box-Vorderseite-e1609598274438.jpg?resize=525%2C300&ssl=1 1.5x"},"classes":[]}],"_links":{"self":[{"href":"https:\/\/www.jungsi.de\/en\/wp-json\/wp\/v2\/pages\/19684","targetHints":{"allow":["GET"]}}],"collection":[{"href":"https:\/\/www.jungsi.de\/en\/wp-json\/wp\/v2\/pages"}],"about":[{"href":"https:\/\/www.jungsi.de\/en\/wp-json\/wp\/v2\/types\/page"}],"author":[{"embeddable":true,"href":"https:\/\/www.jungsi.de\/en\/wp-json\/wp\/v2\/users\/2"}],"replies":[{"embeddable":true,"href":"https:\/\/www.jungsi.de\/en\/wp-json\/wp\/v2\/comments?post=19684"}],"version-history":[{"count":0,"href":"https:\/\/www.jungsi.de\/en\/wp-json\/wp\/v2\/pages\/19684\/revisions"}],"up":[{"embeddable":true,"href":"https:\/\/www.jungsi.de\/en\/wp-json\/wp\/v2\/pages\/32878"}],"wp:featuredmedia":[{"embeddable":true,"href":"https:\/\/www.jungsi.de\/en\/wp-json\/wp\/v2\/media\/19688"}],"wp:attachment":[{"href":"https:\/\/www.jungsi.de\/en\/wp-json\/wp\/v2\/media?parent=19684"}],"curies":[{"name":"wp","href":"https:\/\/api.w.org\/{rel}","templated":true}]}}