{"id":19667,"date":"2018-02-25T14:46:08","date_gmt":"2018-02-25T13:46:08","guid":{"rendered":"http:\/\/www.jungsi.de\/?page_id=19667"},"modified":"2026-03-28T18:47:20","modified_gmt":"2026-03-28T17:47:20","slug":"super-nintentdo-entertainment-system","status":"publish","type":"page","link":"https:\/\/www.jungsi.de\/en\/konsolen\/nintendo-konsolen\/super-nintentdo-entertainment-system\/","title":{"rendered":"Super Nintendo Entertainment System"},"content":{"rendered":"<p><\/p>\n\n\n\n<h2 class=\"wp-block-heading has-text-align-center\">Super Nintendo Entertainment System<\/h2>\n\n\n<div class=\"wp-block-image wp-image-17217\">\n<figure class=\"aligncenter\"><img loading=\"lazy\" decoding=\"async\" width=\"800\" height=\"600\" data-attachment-id=\"17217\" data-permalink=\"https:\/\/www.jungsi.de\/en\/retro\/sonstige-die-sammlung\/snes-bedienelemente\/\" data-orig-file=\"https:\/\/www.jungsi.de\/blog\/wp-content\/uploads\/snes-bedienelemente.jpg\" data-orig-size=\"800,600\" data-comments-opened=\"1\" data-image-meta=\"{&quot;aperture&quot;:&quot;3.5&quot;,&quot;credit&quot;:&quot;&quot;,&quot;camera&quot;:&quot;Canon PowerShot SX260 HS&quot;,&quot;caption&quot;:&quot;&quot;,&quot;created_timestamp&quot;:&quot;1484660606&quot;,&quot;copyright&quot;:&quot;&quot;,&quot;focal_length&quot;:&quot;4.5&quot;,&quot;iso&quot;:&quot;500&quot;,&quot;shutter_speed&quot;:&quot;0.033333333333333&quot;,&quot;title&quot;:&quot;&quot;,&quot;orientation&quot;:&quot;1&quot;}\" data-image-title=\"Super Nintendo\" data-image-description=\"&lt;p&gt;Super Nintendo&lt;\/p&gt;\" data-image-caption=\"&lt;p&gt;Super Nintendo&lt;\/p&gt;\" data-large-file=\"https:\/\/www.jungsi.de\/blog\/wp-content\/uploads\/snes-bedienelemente.jpg\" src=\"https:\/\/www.jungsi.de\/blog\/wp-content\/uploads\/snes-bedienelemente.jpg\" alt=\"Super Nintendo\" class=\"wp-image-17217\" srcset=\"https:\/\/www.jungsi.de\/blog\/wp-content\/uploads\/snes-bedienelemente.jpg 800w, https:\/\/www.jungsi.de\/blog\/wp-content\/uploads\/snes-bedienelemente-300x225.jpg 300w\" sizes=\"auto, (max-width: 800px) 100vw, 800px\" \/><figcaption class=\"wp-element-caption\">Super Nintendo Entertainment System<\/figcaption><\/figure>\n<\/div>\n\n\n<p>Mit dem Super Nintendo trat Nintendo 1990 in Japan und 1991 in Nordamerika und Europa den Beweis an, dass ein Nachfolger seinen Vorg\u00e4nger nicht nur \u00fcbertreffen, sondern regelrecht \u00fcberstrahlen kann. Die 16-Bit-Architektur erm\u00f6glichte Grafik- und Soundqualit\u00e4ten, die den NES weit hinter sich lie\u00dfen \u2014 vor allem der einzigartige SPC700-Soundchip von Sony sorgte f\u00fcr eine Klangqualit\u00e4t, die damals ihresgleichen suchte. Im erbitterten Konsolenkrieg gegen Segas Mega Drive konnte das SNES mit einer starken Spielebibliothek punkten: Titel wie Super Mario World, A Link to the Past, Super Metroid, Chrono Trigger und Street Fighter II geh\u00f6ren bis heute zu den bestbewerteten Spielen aller Zeiten. Der Mode-7-Grafikmodus erlaubte perspektivische Transformationen, die f\u00fcr spektakul\u00e4re Effekte in Rennspielen und RPGs sorgten. Mit \u00fcber 50 Millionen verkauften Einheiten gewann Nintendo die 16-Bit-\u00c4ra deutlich \u2014 und hinterlie\u00df ein Erbe, das die Retro-Community bis heute begeistert.<\/p>\n\n\n\n<table id=\"tablepress-249\" class=\"tablepress tablepress-id-249\">\n<tbody>\n<tr class=\"row-1\">\n\t<td class=\"column-1\"><strong>Ver\u00f6ffentlichung:<\/strong><\/td><td class=\"column-2\">1991 (Japan: 1990)<\/td>\n<\/tr>\n<tr class=\"row-2\">\n\t<td class=\"column-1\"><strong>verkaufte Einheiten:<\/strong><\/td><td class=\"column-2\">> 50.000.000<\/td>\n<\/tr>\n<tr class=\"row-3\">\n\t<td class=\"column-1\"><strong>Prozessor:<\/strong><\/td><td class=\"column-2\">16-Bit-Prozessor Ricoh 5A22 kompatibel zum 65816, max. 3,579545 MHz (NTSC) bzw. 3,546895 MHz (PAL)<\/td>\n<\/tr>\n<tr class=\"row-4\">\n\t<td class=\"column-1\"><strong>Grafikchip:<\/strong><\/td><td class=\"column-2\"> 2 PPU-Chips (PPU = Picture Processing Unit), 15 Bit Farbtiefe (32768 Farben)<\/td>\n<\/tr>\n<tr class=\"row-5\">\n\t<td class=\"column-1\"><strong>RAM:<\/strong><\/td><td class=\"column-2\">128 kB<\/td>\n<\/tr>\n<tr class=\"row-6\">\n\t<td class=\"column-1\"><strong>Video-RAM:<\/strong><\/td><td class=\"column-2\">64 kB<\/td>\n<\/tr>\n<tr class=\"row-7\">\n\t<td class=\"column-1\"><strong>Grafikaufl\u00f6sung:<\/strong><\/td><td class=\"column-2\">224 (NTSC) bzw. 239 (PAL) Bildzeilen im Progressive-Modus, 448 bzw. 478 Zeilen im Interlaced-Modus. 256 Pixel pro Zeile im Standardmodus, 512 im \u201eHigh-Res\u201c Modus<\/td>\n<\/tr>\n<tr class=\"row-8\">\n\t<td class=\"column-1\"><strong>Farbpalette:<\/strong> <\/td><td class=\"column-2\">15-Bit-Farbpalette, davon theoretisch alle Farben gleichzeitig darstellbar (unter Ausnutzung des Color Add\/Subtract-Modus). Ansonsten bis zu 256 Farben aus 4096 (Mode 7)<\/td>\n<\/tr>\n<tr class=\"row-9\">\n\t<td class=\"column-1\"><strong>Sound<\/strong><\/td><td class=\"column-2\">8-Bit-Sony SPC700-CPU mit angebundenem Sound DSP; 64 KB RAM<\/td>\n<\/tr>\n<tr class=\"row-10\">\n\t<td class=\"column-1\"><strong>Speichermedien:<\/strong><\/td><td class=\"column-2\">Module; 2 bis 32 MBit Cartridge-ROM<\/td>\n<\/tr>\n<tr class=\"row-11\">\n\t<td class=\"column-1\"><strong>Sprites:<\/strong><\/td><td class=\"column-2\">128 Hardware-Sprites, 16 Farben pro Sprite (eine davon transparent), Spritegr\u00f6\u00dfen von 8 \u00d7 8 bis 64 \u00d7 64 Pixel, max. 32 Sprites pro Zeile, max. 34 Sprite-Tiles (8 \u00d7 8 Pixel) pro Zeile<\/td>\n<\/tr>\n<\/tbody>\n<\/table>\n<!-- #tablepress-249 from cache -->\n\n<div class=\"wp-block-image wp-image-17972\">\n<figure class=\"aligncenter\"><img loading=\"lazy\" decoding=\"async\" width=\"800\" height=\"600\" data-attachment-id=\"17972\" data-permalink=\"https:\/\/www.jungsi.de\/en\/super-nintendo-entertainment-system-nintendo\/snes-controller\/\" data-orig-file=\"https:\/\/www.jungsi.de\/blog\/wp-content\/uploads\/SNES-Controller.jpg\" data-orig-size=\"800,600\" data-comments-opened=\"1\" data-image-meta=\"{&quot;aperture&quot;:&quot;3.5&quot;,&quot;credit&quot;:&quot;&quot;,&quot;camera&quot;:&quot;Canon PowerShot SX260 HS&quot;,&quot;caption&quot;:&quot;&quot;,&quot;created_timestamp&quot;:&quot;1484660713&quot;,&quot;copyright&quot;:&quot;&quot;,&quot;focal_length&quot;:&quot;4.5&quot;,&quot;iso&quot;:&quot;500&quot;,&quot;shutter_speed&quot;:&quot;0.033333333333333&quot;,&quot;title&quot;:&quot;&quot;,&quot;orientation&quot;:&quot;1&quot;}\" data-image-title=\"SNES &amp;#8211; Controller\" data-image-description=\"&lt;p&gt;SNES &amp;#8211; Controller&lt;\/p&gt;\" data-image-caption=\"&lt;p&gt;SNES &amp;#8211; Controller&lt;\/p&gt;\" data-large-file=\"https:\/\/www.jungsi.de\/blog\/wp-content\/uploads\/SNES-Controller.jpg\" src=\"https:\/\/www.jungsi.de\/blog\/wp-content\/uploads\/SNES-Controller.jpg\" alt=\"SNES - Controller\" class=\"wp-image-17972\" srcset=\"https:\/\/www.jungsi.de\/blog\/wp-content\/uploads\/SNES-Controller.jpg 800w, https:\/\/www.jungsi.de\/blog\/wp-content\/uploads\/SNES-Controller-300x225.jpg 300w\" sizes=\"auto, (max-width: 800px) 100vw, 800px\" \/><figcaption class=\"wp-element-caption\">SNES &#8211; Controller<\/figcaption><\/figure>\n<\/div>\n\n<div class=\"wp-block-image\">\n<figure class=\"aligncenter size-large\"><img loading=\"lazy\" decoding=\"async\" width=\"1024\" height=\"768\" data-attachment-id=\"37670\" data-permalink=\"https:\/\/www.jungsi.de\/en\/s91-controller-snes\/\" data-orig-file=\"https:\/\/www.jungsi.de\/blog\/wp-content\/uploads\/S91-Controller-SNES.jpg\" data-orig-size=\"1400,1050\" data-comments-opened=\"1\" data-image-meta=\"{&quot;aperture&quot;:&quot;1.8&quot;,&quot;credit&quot;:&quot;&quot;,&quot;camera&quot;:&quot;iPad Pro (12.9-inch) (4th generation)&quot;,&quot;caption&quot;:&quot;&quot;,&quot;created_timestamp&quot;:&quot;1661607157&quot;,&quot;copyright&quot;:&quot;&quot;,&quot;focal_length&quot;:&quot;3&quot;,&quot;iso&quot;:&quot;200&quot;,&quot;shutter_speed&quot;:&quot;0.016666666666667&quot;,&quot;title&quot;:&quot;&quot;,&quot;orientation&quot;:&quot;1&quot;}\" data-image-title=\"S91 Controller &amp;#8211; SNES\" data-image-description=\"&lt;p&gt;S91 Controller&lt;\/p&gt;\" data-image-caption=\"&lt;p&gt;S91 Controller&lt;\/p&gt;\" data-large-file=\"https:\/\/www.jungsi.de\/blog\/wp-content\/uploads\/S91-Controller-SNES-1024x768.jpg\" src=\"https:\/\/www.jungsi.de\/blog\/wp-content\/uploads\/S91-Controller-SNES-1024x768.jpg\" alt=\"S91 Controller\" class=\"wp-image-37670\" srcset=\"https:\/\/www.jungsi.de\/blog\/wp-content\/uploads\/S91-Controller-SNES-1024x768.jpg 1024w, https:\/\/www.jungsi.de\/blog\/wp-content\/uploads\/S91-Controller-SNES-300x225.jpg 300w, https:\/\/www.jungsi.de\/blog\/wp-content\/uploads\/S91-Controller-SNES.jpg 1400w\" sizes=\"auto, (max-width: 1024px) 100vw, 1024px\" \/><figcaption class=\"wp-element-caption\">S91 Controller<\/figcaption><\/figure>\n<\/div>","protected":false},"excerpt":{"rendered":"<p>Super Nintendo Entertainment System Mit dem Super Nintendo trat Nintendo 1990 in Japan und 1991 in Nordamerika und Europa den Beweis an, dass ein Nachfolger \u2026<\/p>","protected":false},"author":2,"featured_media":0,"parent":28319,"menu_order":0,"comment_status":"closed","ping_status":"closed","template":"","meta":{"_lmt_disableupdate":"","_lmt_disable":"","ngg_post_thumbnail":0,"jetpack_post_was_ever_published":false,"footnotes":"","_links_to":"","_links_to_target":""},"class_list":["post-19667","page","type-page","status-publish","hentry"],"jetpack_shortlink":"https:\/\/wp.me\/P4eXvk-57d","jetpack_sharing_enabled":true,"jetpack_likes_enabled":true,"jetpack-related-posts":[{"id":28319,"url":"https:\/\/www.jungsi.de\/en\/konsolen\/nintendo-konsolen\/","url_meta":{"origin":19667,"position":0},"title":"Nintendo Konsolen","author":"Jungsi","date":"16. January 2023","format":false,"excerpt":"Nintendo Konsolen Nintendo Entertainment System Super Nintendo Entertainment System Nintendo 64 Nintendo Wii Nintendo Switch Hier ist eine kurze \u00dcbersicht der wichtigsten Heimvideospielkonsolen von Nintendo: 1. Nintendo Entertainment System (NES) (1983\/1985) Beschreibung: Urspr\u00fcnglich 1983 in Japan als Famicom ver\u00f6ffentlicht, war das NES 1985 der erste gro\u00dfe Erfolg von Nintendo im\u2026","rel":"","context":"Similar post","block_context":{"text":"Similar post","link":""},"img":{"alt_text":"","src":"","width":0,"height":0},"classes":[]},{"id":19678,"url":"https:\/\/www.jungsi.de\/en\/handheld-konsolen\/nintendo\/nintendo-game-boy\/","url_meta":{"origin":19667,"position":1},"title":"Nintendo Game Boy","author":"Jungsi","date":"26. February 2018","format":false,"excerpt":"Nintendo Game Boy Nintendo Game Boy Der Nintendo Game Boy ist eine Legende in der Welt der Videospiele, ein Ger\u00e4t, das eine ganze Generation pr\u00e4gte und die Art und Weise, wie Menschen Spiele erlebten, revolutionierte. Die Geschichte des Game Boy begann in den sp\u00e4ten 1980er Jahren in den K\u00f6pfen der\u2026","rel":"","context":"Similar post","block_context":{"text":"Similar post","link":""},"img":{"alt_text":"","src":"https:\/\/i0.wp.com\/www.jungsi.de\/blog\/wp-content\/uploads\/2014\/11\/Gameboy.jpg?resize=350%2C200&ssl=1","width":350,"height":200},"classes":[]},{"id":19690,"url":"https:\/\/www.jungsi.de\/en\/handheld-konsolen\/nintendo\/nintendo-game-boy-advance-sp\/","url_meta":{"origin":19667,"position":2},"title":"Nintendo Game Boy Advance (SP)","author":"Jungsi","date":"26. February 2018","format":false,"excerpt":"Nintendo Game Boy Advance (SP) Game Boy Advance Der Nintendo Game Boy Advance (GBA) war ein bedeutender Fortschritt in der Welt der tragbaren Videospiele und stellte eine neue \u00c4ra f\u00fcr Handheld-Gaming dar. Nach dem Erfolg des Game Boy und des Game Boy Color wollte Nintendo die Grenzen des M\u00f6glichen weiter\u2026","rel":"","context":"Similar post","block_context":{"text":"Similar post","link":""},"img":{"alt_text":"Game Boy Advance","src":"https:\/\/i0.wp.com\/www.jungsi.de\/blog\/wp-content\/uploads\/Gameboy-Advance-Oberseite.jpg?resize=350%2C200&ssl=1","width":350,"height":200,"srcset":"https:\/\/i0.wp.com\/www.jungsi.de\/blog\/wp-content\/uploads\/Gameboy-Advance-Oberseite.jpg?resize=350%2C200&ssl=1 1x, https:\/\/i0.wp.com\/www.jungsi.de\/blog\/wp-content\/uploads\/Gameboy-Advance-Oberseite.jpg?resize=525%2C300&ssl=1 1.5x, https:\/\/i0.wp.com\/www.jungsi.de\/blog\/wp-content\/uploads\/Gameboy-Advance-Oberseite.jpg?resize=700%2C400&ssl=1 2x"},"classes":[]},{"id":7410,"url":"https:\/\/www.jungsi.de\/en\/spiele\/nintendo\/","url_meta":{"origin":19667,"position":3},"title":"Nintendo","author":"Jungsi","date":"19. January 2015","format":false,"excerpt":"Nintendo Game Boy Game Boy Advance NES SNES Nintendo 64 Nintendo 3DS Game Boy Blaster Master Jr. (1991) Donkey Kong (1994) Go! Go! Tank (1990) Golf (1989) Kirby's Dream Land (1992) Kirby's Pinball Land (1993) Pokemon blau (1996) Pokemon rot (1996) Street Fighter II (1995) Super Mario Land (1989) Super\u2026","rel":"","context":"Similar post","block_context":{"text":"Similar post","link":""},"img":{"alt_text":"Blaster Master","src":"https:\/\/i0.wp.com\/www.jungsi.de\/blog\/wp-content\/uploads\/GB-Blaster-Master.jpg?resize=350%2C200&ssl=1","width":350,"height":200,"srcset":"https:\/\/i0.wp.com\/www.jungsi.de\/blog\/wp-content\/uploads\/GB-Blaster-Master.jpg?resize=350%2C200&ssl=1 1x, https:\/\/i0.wp.com\/www.jungsi.de\/blog\/wp-content\/uploads\/GB-Blaster-Master.jpg?resize=525%2C300&ssl=1 1.5x, https:\/\/i0.wp.com\/www.jungsi.de\/blog\/wp-content\/uploads\/GB-Blaster-Master.jpg?resize=700%2C400&ssl=1 2x, https:\/\/i0.wp.com\/www.jungsi.de\/blog\/wp-content\/uploads\/GB-Blaster-Master.jpg?resize=1050%2C600&ssl=1 3x"},"classes":[]},{"id":35159,"url":"https:\/\/www.jungsi.de\/en\/konsolen-emulator\/","url_meta":{"origin":19667,"position":4},"title":"Konsolen-Emulator","author":"Jungsi","date":"18. January 2025","format":false,"excerpt":"Hier eine Liste meiner Konsolen, die auf Emulatoren basieren (oft als \u201aMini\u2018-Version erh\u00e4ltlich), geordnet nach Erscheinungsdatum. Nintendo Classic Mini (2016) SNES Classic Mini (2017) Neo Geo Mini (2018) PlayStation Classic (2018) Sega Mega Drive Mini (2019) Evercade VS (2021) Sega Mega Drive Mini II (2022) Atari 2600+ (2023) Evercade VS\u2026","rel":"","context":"Similar post","block_context":{"text":"Similar post","link":""},"img":{"alt_text":"Nintendo Classic Mini","src":"https:\/\/i0.wp.com\/www.jungsi.de\/blog\/wp-content\/uploads\/Nintendo-Classic-Mini.jpg?resize=350%2C200&ssl=1","width":350,"height":200,"srcset":"https:\/\/i0.wp.com\/www.jungsi.de\/blog\/wp-content\/uploads\/Nintendo-Classic-Mini.jpg?resize=350%2C200&ssl=1 1x, https:\/\/i0.wp.com\/www.jungsi.de\/blog\/wp-content\/uploads\/Nintendo-Classic-Mini.jpg?resize=525%2C300&ssl=1 1.5x, https:\/\/i0.wp.com\/www.jungsi.de\/blog\/wp-content\/uploads\/Nintendo-Classic-Mini.jpg?resize=700%2C400&ssl=1 2x, https:\/\/i0.wp.com\/www.jungsi.de\/blog\/wp-content\/uploads\/Nintendo-Classic-Mini.jpg?resize=1050%2C600&ssl=1 3x, https:\/\/i0.wp.com\/www.jungsi.de\/blog\/wp-content\/uploads\/Nintendo-Classic-Mini.jpg?resize=1400%2C800&ssl=1 4x"},"classes":[]},{"id":18428,"url":"https:\/\/www.jungsi.de\/en\/konsolen\/nec-pc-engine\/","url_meta":{"origin":19667,"position":5},"title":"NEC","author":"Jungsi","date":"10. September 2017","format":false,"excerpt":"NEC PC Engine\/NEC Turbografx PC Engine In den sp\u00e4ten 1980er Jahren, als die Welt von den 8-Bit-Konsolen wie dem Nintendo Entertainment System (NES) und dem Sega Master System dominiert wurde, beschloss das japanische Unternehmen NEC, etwas Revolution\u00e4res auf den Markt zu bringen. Am 30. Oktober 1987 wurde die PC Engine\u2026","rel":"","context":"Similar post","block_context":{"text":"Similar post","link":""},"img":{"alt_text":"PC Engine - Frontansicht","src":"https:\/\/i0.wp.com\/www.jungsi.de\/blog\/wp-content\/uploads\/pc-engine-frontansicht.jpg?resize=350%2C200&ssl=1","width":350,"height":200,"srcset":"https:\/\/i0.wp.com\/www.jungsi.de\/blog\/wp-content\/uploads\/pc-engine-frontansicht.jpg?resize=350%2C200&ssl=1 1x, https:\/\/i0.wp.com\/www.jungsi.de\/blog\/wp-content\/uploads\/pc-engine-frontansicht.jpg?resize=525%2C300&ssl=1 1.5x, https:\/\/i0.wp.com\/www.jungsi.de\/blog\/wp-content\/uploads\/pc-engine-frontansicht.jpg?resize=700%2C400&ssl=1 2x"},"classes":[]}],"_links":{"self":[{"href":"https:\/\/www.jungsi.de\/en\/wp-json\/wp\/v2\/pages\/19667","targetHints":{"allow":["GET"]}}],"collection":[{"href":"https:\/\/www.jungsi.de\/en\/wp-json\/wp\/v2\/pages"}],"about":[{"href":"https:\/\/www.jungsi.de\/en\/wp-json\/wp\/v2\/types\/page"}],"author":[{"embeddable":true,"href":"https:\/\/www.jungsi.de\/en\/wp-json\/wp\/v2\/users\/2"}],"replies":[{"embeddable":true,"href":"https:\/\/www.jungsi.de\/en\/wp-json\/wp\/v2\/comments?post=19667"}],"version-history":[{"count":1,"href":"https:\/\/www.jungsi.de\/en\/wp-json\/wp\/v2\/pages\/19667\/revisions"}],"predecessor-version":[{"id":40526,"href":"https:\/\/www.jungsi.de\/en\/wp-json\/wp\/v2\/pages\/19667\/revisions\/40526"}],"up":[{"embeddable":true,"href":"https:\/\/www.jungsi.de\/en\/wp-json\/wp\/v2\/pages\/28319"}],"wp:attachment":[{"href":"https:\/\/www.jungsi.de\/en\/wp-json\/wp\/v2\/media?parent=19667"}],"curies":[{"name":"wp","href":"https:\/\/api.w.org\/{rel}","templated":true}]}}