{"id":19658,"date":"2018-02-25T14:28:21","date_gmt":"2018-02-25T13:28:21","guid":{"rendered":"http:\/\/www.jungsi.de\/?page_id=19658"},"modified":"2026-03-28T18:43:16","modified_gmt":"2026-03-28T17:43:16","slug":"nintendo-entertainment-system","status":"publish","type":"page","link":"https:\/\/www.jungsi.de\/en\/konsolen\/nintendo-konsolen\/nintendo-entertainment-system\/","title":{"rendered":"Nintendo Entertainment System"},"content":{"rendered":"<h2 class=\"wp-block-heading has-text-align-center\">Nintendo Entertainment System<\/h2>\n\n\n<div class=\"wp-block-image wp-image-18937\">\n<figure class=\"aligncenter\"><img loading=\"lazy\" decoding=\"async\" width=\"800\" height=\"600\" data-attachment-id=\"18937\" data-permalink=\"https:\/\/www.jungsi.de\/en\/nintendo-entertainment-system-nintendo\/nes\/\" data-orig-file=\"https:\/\/www.jungsi.de\/blog\/wp-content\/uploads\/NES.jpg\" data-orig-size=\"800,600\" data-comments-opened=\"1\" data-image-meta=\"{&quot;aperture&quot;:&quot;3.5&quot;,&quot;credit&quot;:&quot;&quot;,&quot;camera&quot;:&quot;Canon PowerShot SX260 HS&quot;,&quot;caption&quot;:&quot;&quot;,&quot;created_timestamp&quot;:&quot;1493822530&quot;,&quot;copyright&quot;:&quot;&quot;,&quot;focal_length&quot;:&quot;4.5&quot;,&quot;iso&quot;:&quot;640&quot;,&quot;shutter_speed&quot;:&quot;0.033333333333333&quot;,&quot;title&quot;:&quot;&quot;,&quot;orientation&quot;:&quot;1&quot;}\" data-image-title=\"NES\" data-image-description=\"&lt;p&gt;NES&lt;\/p&gt;\" data-image-caption=\"&lt;p&gt;NES&lt;\/p&gt;\" data-large-file=\"https:\/\/www.jungsi.de\/blog\/wp-content\/uploads\/NES.jpg\" src=\"https:\/\/www.jungsi.de\/blog\/wp-content\/uploads\/NES.jpg\" alt=\"NES\" class=\"wp-image-18937\" srcset=\"https:\/\/www.jungsi.de\/blog\/wp-content\/uploads\/NES.jpg 800w, https:\/\/www.jungsi.de\/blog\/wp-content\/uploads\/NES-300x225.jpg 300w\" sizes=\"auto, (max-width: 800px) 100vw, 800px\" \/><figcaption class=\"wp-element-caption\">Nintendo Entertainment System<\/figcaption><\/figure>\n<\/div>\n\n\n<table id=\"tablepress-248\" class=\"tablepress tablepress-id-248\">\n<tbody>\n<tr class=\"row-1\">\n\t<td class=\"column-1\"><strong>Ver\u00f6ffentlichung:<\/strong><\/td><td class=\"column-2\">1985 (Japan: 1983)<\/td>\n<\/tr>\n<tr class=\"row-2\">\n\t<td class=\"column-1\"><strong>verkaufte Einheiten:<\/strong><\/td><td class=\"column-2\">> 62.000.000<\/td>\n<\/tr>\n<tr class=\"row-3\">\n\t<td class=\"column-1\"><strong>Prozessor:<\/strong><\/td><td class=\"column-2\">Ricoh 2A03 (ein 6502-Derivat) getaktet mit 1,77 MHz (PAL) \/ 1,79 MHz (NTSC)<\/td>\n<\/tr>\n<tr class=\"row-4\">\n\t<td class=\"column-1\"><strong>Grafikchip:<\/strong><\/td><td class=\"column-2\">PPU Ricoh-Chip (NTSC: RP2C02, PAL: RP2C07) getaktet auf 5,37 MHz bzw. 5,32 MHzMHz (NTSC)<\/td>\n<\/tr>\n<tr class=\"row-5\">\n\t<td class=\"column-1\"><strong>RAM:<\/strong><\/td><td class=\"column-2\">2 kB<\/td>\n<\/tr>\n<tr class=\"row-6\">\n\t<td class=\"column-1\"><strong>Video-RAM:<\/strong><\/td><td class=\"column-2\">2 kB<\/td>\n<\/tr>\n<tr class=\"row-7\">\n\t<td class=\"column-1\"><strong>Grafikaufl\u00f6sung:<\/strong><\/td><td class=\"column-2\">256\u00d7224 Pixel (NTSC)<br \/>\n256\u00d7240 Pixel (PAL)<\/td>\n<\/tr>\n<tr class=\"row-8\">\n\t<td class=\"column-1\"><strong>Farbpalette:<\/strong> <\/td><td class=\"column-2\">16 aus 52 Farben gleichzeitig darstellbar (Sprites)<br \/>\n25 aus 52 Farben gleichzeitig darstellbar<\/td>\n<\/tr>\n<tr class=\"row-9\">\n\t<td class=\"column-1\"><strong>Sound<\/strong><\/td><td class=\"column-2\">Texas Instruments SN76489 4-Kanalton (mono)Yamaha FH1 Digital-Signal-Prozessor (DSP) mit 22,6 MHz; 512 kB Audio-RAM<\/td>\n<\/tr>\n<tr class=\"row-10\">\n\t<td class=\"column-1\"><strong>Speichermedien:<\/strong><\/td><td class=\"column-2\">Module; Modulgr\u00f6\u00dfe: 192 Kbit \u2013 6 Mbit<\/td>\n<\/tr>\n<tr class=\"row-11\">\n\t<td class=\"column-1\"><strong>Sprites:<\/strong><\/td><td class=\"column-2\">64 Sprites gleichzeitig darstellbar <\/td>\n<\/tr>\n<\/tbody>\n<\/table>\n<!-- #tablepress-248 from cache -->\n\n<div class=\"wp-block-image wp-image-18927\">\n<figure class=\"aligncenter\"><img loading=\"lazy\" decoding=\"async\" width=\"800\" height=\"600\" data-attachment-id=\"18927\" data-permalink=\"https:\/\/www.jungsi.de\/en\/nintendo-entertainment-system-nintendo\/nes-controller\/\" data-orig-file=\"https:\/\/www.jungsi.de\/blog\/wp-content\/uploads\/NES-Controller.jpg\" data-orig-size=\"800,600\" data-comments-opened=\"1\" data-image-meta=\"{&quot;aperture&quot;:&quot;3.5&quot;,&quot;credit&quot;:&quot;&quot;,&quot;camera&quot;:&quot;Canon PowerShot SX260 HS&quot;,&quot;caption&quot;:&quot;&quot;,&quot;created_timestamp&quot;:&quot;1493822865&quot;,&quot;copyright&quot;:&quot;&quot;,&quot;focal_length&quot;:&quot;4.5&quot;,&quot;iso&quot;:&quot;800&quot;,&quot;shutter_speed&quot;:&quot;0.033333333333333&quot;,&quot;title&quot;:&quot;&quot;,&quot;orientation&quot;:&quot;1&quot;}\" data-image-title=\"NES &amp;#8211; Controller\" data-image-description=\"&lt;p&gt;NES &amp;#8211; Controller&lt;\/p&gt;\" data-image-caption=\"&lt;p&gt;Gamepad&lt;\/p&gt;\" data-large-file=\"https:\/\/www.jungsi.de\/blog\/wp-content\/uploads\/NES-Controller.jpg\" src=\"https:\/\/www.jungsi.de\/blog\/wp-content\/uploads\/NES-Controller.jpg\" alt=\"NES - Controller\" class=\"wp-image-18927\" srcset=\"https:\/\/www.jungsi.de\/blog\/wp-content\/uploads\/NES-Controller.jpg 800w, https:\/\/www.jungsi.de\/blog\/wp-content\/uploads\/NES-Controller-300x225.jpg 300w\" sizes=\"auto, (max-width: 800px) 100vw, 800px\" \/><figcaption class=\"wp-element-caption\">Gamepad<\/figcaption><\/figure>\n<\/div>\n\n<div class=\"wp-block-image wp-image-18931\">\n<figure class=\"aligncenter\"><img loading=\"lazy\" decoding=\"async\" width=\"800\" height=\"600\" data-attachment-id=\"18931\" data-permalink=\"https:\/\/www.jungsi.de\/en\/nintendo-entertainment-system-nintendo\/nes-four-score\/\" data-orig-file=\"https:\/\/www.jungsi.de\/blog\/wp-content\/uploads\/NES-Four-Score.jpg\" data-orig-size=\"800,600\" data-comments-opened=\"1\" data-image-meta=\"{&quot;aperture&quot;:&quot;3.5&quot;,&quot;credit&quot;:&quot;&quot;,&quot;camera&quot;:&quot;Canon PowerShot SX260 HS&quot;,&quot;caption&quot;:&quot;&quot;,&quot;created_timestamp&quot;:&quot;1493822650&quot;,&quot;copyright&quot;:&quot;&quot;,&quot;focal_length&quot;:&quot;4.5&quot;,&quot;iso&quot;:&quot;800&quot;,&quot;shutter_speed&quot;:&quot;0.033333333333333&quot;,&quot;title&quot;:&quot;&quot;,&quot;orientation&quot;:&quot;1&quot;}\" data-image-title=\"NES Four Score\" data-image-description=\"&lt;p&gt;NES Four Score&lt;\/p&gt;\" data-image-caption=\"&lt;p&gt;_Four Score &amp;#8211; Vierspieler-Adapter&lt;\/p&gt;\" data-large-file=\"https:\/\/www.jungsi.de\/blog\/wp-content\/uploads\/NES-Four-Score.jpg\" src=\"https:\/\/www.jungsi.de\/blog\/wp-content\/uploads\/NES-Four-Score.jpg\" alt=\"NES Four Score\" class=\"wp-image-18931\" srcset=\"https:\/\/www.jungsi.de\/blog\/wp-content\/uploads\/NES-Four-Score.jpg 800w, https:\/\/www.jungsi.de\/blog\/wp-content\/uploads\/NES-Four-Score-300x225.jpg 300w\" sizes=\"auto, (max-width: 800px) 100vw, 800px\" \/><figcaption class=\"wp-element-caption\">Four Score &#8211; Vierspieler-Adapter<\/figcaption><\/figure>\n<\/div>","protected":false},"excerpt":{"rendered":"<p>Nintendo Entertainment System<\/p>","protected":false},"author":2,"featured_media":0,"parent":28319,"menu_order":0,"comment_status":"closed","ping_status":"closed","template":"","meta":{"_lmt_disableupdate":"","_lmt_disable":"","ngg_post_thumbnail":0,"jetpack_post_was_ever_published":false,"footnotes":"","_links_to":"","_links_to_target":""},"class_list":["post-19658","page","type-page","status-publish","hentry"],"jetpack_shortlink":"https:\/\/wp.me\/P4eXvk-574","jetpack_sharing_enabled":true,"jetpack_likes_enabled":true,"jetpack-related-posts":[{"id":28319,"url":"https:\/\/www.jungsi.de\/en\/konsolen\/nintendo-konsolen\/","url_meta":{"origin":19658,"position":0},"title":"Nintendo Konsolen","author":"Jungsi","date":"16. January 2023","format":false,"excerpt":"Nintendo Konsolen Nintendo Entertainment System Super Nintendo Entertainment System Nintendo 64 Nintendo Wii Nintendo Switch Hier ist eine kurze \u00dcbersicht der wichtigsten Heimvideospielkonsolen von Nintendo: 1. Nintendo Entertainment System (NES) (1983\/1985) Beschreibung: Urspr\u00fcnglich 1983 in Japan als Famicom ver\u00f6ffentlicht, war das NES 1985 der erste gro\u00dfe Erfolg von Nintendo im\u2026","rel":"","context":"Similar post","block_context":{"text":"Similar post","link":""},"img":{"alt_text":"","src":"","width":0,"height":0},"classes":[]},{"id":19678,"url":"https:\/\/www.jungsi.de\/en\/handheld-konsolen\/nintendo\/nintendo-game-boy\/","url_meta":{"origin":19658,"position":1},"title":"Nintendo Game Boy","author":"Jungsi","date":"26. February 2018","format":false,"excerpt":"Nintendo Game Boy Nintendo Game Boy Der Nintendo Game Boy ist eine Legende in der Welt der Videospiele, ein Ger\u00e4t, das eine ganze Generation pr\u00e4gte und die Art und Weise, wie Menschen Spiele erlebten, revolutionierte. Die Geschichte des Game Boy begann in den sp\u00e4ten 1980er Jahren in den K\u00f6pfen der\u2026","rel":"","context":"Similar post","block_context":{"text":"Similar post","link":""},"img":{"alt_text":"","src":"https:\/\/i0.wp.com\/www.jungsi.de\/blog\/wp-content\/uploads\/2014\/11\/Gameboy.jpg?resize=350%2C200&ssl=1","width":350,"height":200},"classes":[]},{"id":19690,"url":"https:\/\/www.jungsi.de\/en\/handheld-konsolen\/nintendo\/nintendo-game-boy-advance-sp\/","url_meta":{"origin":19658,"position":2},"title":"Nintendo Game Boy Advance (SP)","author":"Jungsi","date":"26. February 2018","format":false,"excerpt":"Nintendo Game Boy Advance (SP) Game Boy Advance Der Nintendo Game Boy Advance (GBA) war ein bedeutender Fortschritt in der Welt der tragbaren Videospiele und stellte eine neue \u00c4ra f\u00fcr Handheld-Gaming dar. Nach dem Erfolg des Game Boy und des Game Boy Color wollte Nintendo die Grenzen des M\u00f6glichen weiter\u2026","rel":"","context":"Similar post","block_context":{"text":"Similar post","link":""},"img":{"alt_text":"Game Boy Advance","src":"https:\/\/i0.wp.com\/www.jungsi.de\/blog\/wp-content\/uploads\/Gameboy-Advance-Oberseite.jpg?resize=350%2C200&ssl=1","width":350,"height":200,"srcset":"https:\/\/i0.wp.com\/www.jungsi.de\/blog\/wp-content\/uploads\/Gameboy-Advance-Oberseite.jpg?resize=350%2C200&ssl=1 1x, https:\/\/i0.wp.com\/www.jungsi.de\/blog\/wp-content\/uploads\/Gameboy-Advance-Oberseite.jpg?resize=525%2C300&ssl=1 1.5x, https:\/\/i0.wp.com\/www.jungsi.de\/blog\/wp-content\/uploads\/Gameboy-Advance-Oberseite.jpg?resize=700%2C400&ssl=1 2x"},"classes":[]},{"id":18428,"url":"https:\/\/www.jungsi.de\/en\/konsolen\/nec-pc-engine\/","url_meta":{"origin":19658,"position":3},"title":"NEC","author":"Jungsi","date":"10. September 2017","format":false,"excerpt":"NEC PC Engine\/NEC Turbografx PC Engine In den sp\u00e4ten 1980er Jahren, als die Welt von den 8-Bit-Konsolen wie dem Nintendo Entertainment System (NES) und dem Sega Master System dominiert wurde, beschloss das japanische Unternehmen NEC, etwas Revolution\u00e4res auf den Markt zu bringen. Am 30. Oktober 1987 wurde die PC Engine\u2026","rel":"","context":"Similar post","block_context":{"text":"Similar post","link":""},"img":{"alt_text":"PC Engine - Frontansicht","src":"https:\/\/i0.wp.com\/www.jungsi.de\/blog\/wp-content\/uploads\/pc-engine-frontansicht.jpg?resize=350%2C200&ssl=1","width":350,"height":200,"srcset":"https:\/\/i0.wp.com\/www.jungsi.de\/blog\/wp-content\/uploads\/pc-engine-frontansicht.jpg?resize=350%2C200&ssl=1 1x, https:\/\/i0.wp.com\/www.jungsi.de\/blog\/wp-content\/uploads\/pc-engine-frontansicht.jpg?resize=525%2C300&ssl=1 1.5x, https:\/\/i0.wp.com\/www.jungsi.de\/blog\/wp-content\/uploads\/pc-engine-frontansicht.jpg?resize=700%2C400&ssl=1 2x"},"classes":[]},{"id":7410,"url":"https:\/\/www.jungsi.de\/en\/spiele\/nintendo\/","url_meta":{"origin":19658,"position":4},"title":"Nintendo","author":"Jungsi","date":"19. January 2015","format":false,"excerpt":"Nintendo Game Boy Game Boy Advance NES SNES Nintendo 64 Nintendo 3DS Game Boy Blaster Master Jr. (1991) Donkey Kong (1994) Go! Go! Tank (1990) Golf (1989) Kirby's Dream Land (1992) Kirby's Pinball Land (1993) Pokemon blau (1996) Pokemon rot (1996) Street Fighter II (1995) Super Mario Land (1989) Super\u2026","rel":"","context":"Similar post","block_context":{"text":"Similar post","link":""},"img":{"alt_text":"Blaster Master","src":"https:\/\/i0.wp.com\/www.jungsi.de\/blog\/wp-content\/uploads\/GB-Blaster-Master.jpg?resize=350%2C200&ssl=1","width":350,"height":200,"srcset":"https:\/\/i0.wp.com\/www.jungsi.de\/blog\/wp-content\/uploads\/GB-Blaster-Master.jpg?resize=350%2C200&ssl=1 1x, https:\/\/i0.wp.com\/www.jungsi.de\/blog\/wp-content\/uploads\/GB-Blaster-Master.jpg?resize=525%2C300&ssl=1 1.5x, https:\/\/i0.wp.com\/www.jungsi.de\/blog\/wp-content\/uploads\/GB-Blaster-Master.jpg?resize=700%2C400&ssl=1 2x, https:\/\/i0.wp.com\/www.jungsi.de\/blog\/wp-content\/uploads\/GB-Blaster-Master.jpg?resize=1050%2C600&ssl=1 3x"},"classes":[]},{"id":35159,"url":"https:\/\/www.jungsi.de\/en\/konsolen-emulator\/","url_meta":{"origin":19658,"position":5},"title":"Konsolen-Emulator","author":"Jungsi","date":"18. January 2025","format":false,"excerpt":"Hier eine Liste meiner Konsolen, die auf Emulatoren basieren (oft als \u201aMini\u2018-Version erh\u00e4ltlich), geordnet nach Erscheinungsdatum. Nintendo Classic Mini (2016) SNES Classic Mini (2017) Neo Geo Mini (2018) PlayStation Classic (2018) Sega Mega Drive Mini (2019) Evercade VS (2021) Sega Mega Drive Mini II (2022) Atari 2600+ (2023) Evercade VS\u2026","rel":"","context":"Similar post","block_context":{"text":"Similar post","link":""},"img":{"alt_text":"Nintendo Classic Mini","src":"https:\/\/i0.wp.com\/www.jungsi.de\/blog\/wp-content\/uploads\/Nintendo-Classic-Mini.jpg?resize=350%2C200&ssl=1","width":350,"height":200,"srcset":"https:\/\/i0.wp.com\/www.jungsi.de\/blog\/wp-content\/uploads\/Nintendo-Classic-Mini.jpg?resize=350%2C200&ssl=1 1x, https:\/\/i0.wp.com\/www.jungsi.de\/blog\/wp-content\/uploads\/Nintendo-Classic-Mini.jpg?resize=525%2C300&ssl=1 1.5x, https:\/\/i0.wp.com\/www.jungsi.de\/blog\/wp-content\/uploads\/Nintendo-Classic-Mini.jpg?resize=700%2C400&ssl=1 2x, https:\/\/i0.wp.com\/www.jungsi.de\/blog\/wp-content\/uploads\/Nintendo-Classic-Mini.jpg?resize=1050%2C600&ssl=1 3x, https:\/\/i0.wp.com\/www.jungsi.de\/blog\/wp-content\/uploads\/Nintendo-Classic-Mini.jpg?resize=1400%2C800&ssl=1 4x"},"classes":[]}],"_links":{"self":[{"href":"https:\/\/www.jungsi.de\/en\/wp-json\/wp\/v2\/pages\/19658","targetHints":{"allow":["GET"]}}],"collection":[{"href":"https:\/\/www.jungsi.de\/en\/wp-json\/wp\/v2\/pages"}],"about":[{"href":"https:\/\/www.jungsi.de\/en\/wp-json\/wp\/v2\/types\/page"}],"author":[{"embeddable":true,"href":"https:\/\/www.jungsi.de\/en\/wp-json\/wp\/v2\/users\/2"}],"replies":[{"embeddable":true,"href":"https:\/\/www.jungsi.de\/en\/wp-json\/wp\/v2\/comments?post=19658"}],"version-history":[{"count":1,"href":"https:\/\/www.jungsi.de\/en\/wp-json\/wp\/v2\/pages\/19658\/revisions"}],"predecessor-version":[{"id":40524,"href":"https:\/\/www.jungsi.de\/en\/wp-json\/wp\/v2\/pages\/19658\/revisions\/40524"}],"up":[{"embeddable":true,"href":"https:\/\/www.jungsi.de\/en\/wp-json\/wp\/v2\/pages\/28319"}],"wp:attachment":[{"href":"https:\/\/www.jungsi.de\/en\/wp-json\/wp\/v2\/media?parent=19658"}],"curies":[{"name":"wp","href":"https:\/\/api.w.org\/{rel}","templated":true}]}}