{"id":19642,"date":"2018-02-25T13:28:36","date_gmt":"2018-02-25T12:28:36","guid":{"rendered":"http:\/\/www.jungsi.de\/?page_id=19642"},"modified":"2026-03-28T18:51:04","modified_gmt":"2026-03-28T17:51:04","slug":"sega-master-system","status":"publish","type":"page","link":"https:\/\/www.jungsi.de\/en\/konsolen\/sega-konsolen\/sega-master-system\/","title":{"rendered":"Sega Master System"},"content":{"rendered":"<h2 class=\"wp-block-heading has-text-align-center\">Sega Master System<\/h2>\n\n\n<div class=\"wp-block-image wp-image-18407\">\n<figure class=\"aligncenter\"><img loading=\"lazy\" decoding=\"async\" width=\"800\" height=\"600\" data-attachment-id=\"18407\" data-permalink=\"https:\/\/www.jungsi.de\/en\/sega-master-system-sega\/sega-master-system-2\/\" data-orig-file=\"https:\/\/www.jungsi.de\/blog\/wp-content\/uploads\/Sega-Master-System.jpg\" data-orig-size=\"800,600\" data-comments-opened=\"1\" data-image-meta=\"{&quot;aperture&quot;:&quot;3.5&quot;,&quot;credit&quot;:&quot;&quot;,&quot;camera&quot;:&quot;Canon PowerShot SX260 HS&quot;,&quot;caption&quot;:&quot;&quot;,&quot;created_timestamp&quot;:&quot;1502388852&quot;,&quot;copyright&quot;:&quot;&quot;,&quot;focal_length&quot;:&quot;4.5&quot;,&quot;iso&quot;:&quot;1600&quot;,&quot;shutter_speed&quot;:&quot;0.125&quot;,&quot;title&quot;:&quot;&quot;,&quot;orientation&quot;:&quot;1&quot;}\" data-image-title=\"Sega Master System\" data-image-description=\"&lt;p&gt;Sega Master System&lt;\/p&gt;\" data-image-caption=\"&lt;p&gt;Sega Master System&lt;\/p&gt;\" data-large-file=\"https:\/\/www.jungsi.de\/blog\/wp-content\/uploads\/Sega-Master-System.jpg\" src=\"https:\/\/www.jungsi.de\/blog\/wp-content\/uploads\/Sega-Master-System.jpg\" alt=\"Sega Master System\" class=\"wp-image-18407\" srcset=\"https:\/\/www.jungsi.de\/blog\/wp-content\/uploads\/Sega-Master-System.jpg 800w, https:\/\/www.jungsi.de\/blog\/wp-content\/uploads\/Sega-Master-System-300x225.jpg 300w\" sizes=\"auto, (max-width: 800px) 100vw, 800px\" \/><figcaption class=\"wp-element-caption\">Sega Master System<\/figcaption><\/figure>\n<\/div>\n\n\n<p>Das Sega Master System erschien 1985 in Japan als Nachfolger des SG-1000 und trat damit direkt gegen das bereits dominante NES an \u2014 ein Kampf, den es in Nordamerika nie wirklich gewinnen konnte. In Europa und Brasilien hingegen erz\u00e4hlte die Geschichte eine ganz andere Wendung: Dank eines Vertriebsabkommens mit Tonka in den USA und sp\u00e4ter mit verschiedenen europ\u00e4ischen Partnern \u2014 und besonders wegen der starken Unterst\u00fctzung durch Tec Toy in Brasilien \u2014 wurde das Master System auf diesen M\u00e4rkten ein echter Erfolg. Technisch war es dem NES in mancher Hinsicht \u00fcberlegen: mehr Farben, h\u00f6here Aufl\u00f6sung und ein leistungsf\u00e4higerer Prozessor. Dennoch fehlte Sega die Spielebibliothek und die Marketingkraft, um Nintendo global herauszufordern. In Brasilien erfreut sich das Master System bis heute einer treuen Fangemeinde \u2014 eine der bemerkenswertesten Nischenerfolgsgeschichten der Konsolengeschichte.<\/p>\n\n\n\n<table id=\"tablepress-246\" class=\"tablepress tablepress-id-246\">\n<tbody>\n<tr class=\"row-1\">\n\t<td class=\"column-1\"><strong>Ver\u00f6ffentlichung:<\/strong><\/td><td class=\"column-2\">1987<\/td>\n<\/tr>\n<tr class=\"row-2\">\n\t<td class=\"column-1\"><strong>verkaufte Einheiten:<\/strong><\/td><td class=\"column-2\">> 13.000.000<\/td>\n<\/tr>\n<tr class=\"row-3\">\n\t<td class=\"column-1\"><strong>Prozessor:<\/strong><\/td><td class=\"column-2\">mit 3,55 (PAL\/SECAM) bzw. 3,58 (NTSC) MHz getakteter Z80 (8-Bit-CPU)<\/td>\n<\/tr>\n<tr class=\"row-4\">\n\t<td class=\"column-1\"><strong>RAM:<\/strong><\/td><td class=\"column-2\">64 KBit (8 KByte) (einige Cartridges erweitern diesen)<\/td>\n<\/tr>\n<tr class=\"row-5\">\n\t<td class=\"column-1\"><strong>Video-RAM:<\/strong><\/td><td class=\"column-2\">128 KBit (16 KByte)<\/td>\n<\/tr>\n<tr class=\"row-6\">\n\t<td class=\"column-1\"><strong>Grafikaufl\u00f6sung:<\/strong><\/td><td class=\"column-2\">256\u00d7192 und 256\u00d7224, bei PAL\/SECAM auch 256\u00d7240 Pixel Bildschirmaufl\u00f6sung<\/td>\n<\/tr>\n<tr class=\"row-7\">\n\t<td class=\"column-1\"><strong>Farbpalette:<\/strong> <\/td><td class=\"column-2\">bis 32 Farben gleichzeitig aus zwei Paletten von 64 Farben<\/td>\n<\/tr>\n<tr class=\"row-8\">\n\t<td class=\"column-1\"><strong>Sound<\/strong><\/td><td class=\"column-2\">Texas Instruments SN76489 4-Kanalton (mono)<\/td>\n<\/tr>\n<tr class=\"row-9\">\n\t<td class=\"column-1\"><strong>Speichermedien:<\/strong><\/td><td class=\"column-2\">Module; Steckkarten (Sega Cards)<\/td>\n<\/tr>\n<tr class=\"row-10\">\n\t<td class=\"column-1\"><strong>Sprites:<\/strong><\/td><td class=\"column-2\">8\u00d78 oder 8\u00d716 Pixel Sprites, maximal 64 gleichzeitig<\/td>\n<\/tr>\n<\/tbody>\n<\/table>\n<!-- #tablepress-246 from cache -->\n\n\n<figure class=\"wp-block-image size-large\"><img loading=\"lazy\" decoding=\"async\" width=\"1024\" height=\"768\" data-attachment-id=\"25283\" data-permalink=\"https:\/\/www.jungsi.de\/en\/sega-master-system-ii-sega\/sega-master-system-ii\/\" data-orig-file=\"https:\/\/www.jungsi.de\/blog\/wp-content\/uploads\/Sega-Master-System-II.jpg\" data-orig-size=\"1400,1050\" data-comments-opened=\"1\" data-image-meta=\"{&quot;aperture&quot;:&quot;3.5&quot;,&quot;credit&quot;:&quot;&quot;,&quot;camera&quot;:&quot;Canon PowerShot SX260 HS&quot;,&quot;caption&quot;:&quot;&quot;,&quot;created_timestamp&quot;:&quot;1598805175&quot;,&quot;copyright&quot;:&quot;&quot;,&quot;focal_length&quot;:&quot;4.5&quot;,&quot;iso&quot;:&quot;1600&quot;,&quot;shutter_speed&quot;:&quot;0.125&quot;,&quot;title&quot;:&quot;&quot;,&quot;orientation&quot;:&quot;1&quot;}\" data-image-title=\"Sega Master System II\" data-image-description=\"&lt;p&gt;Sega Master System II&lt;\/p&gt;\" data-image-caption=\"&lt;p&gt;Sega Master System II&lt;\/p&gt;\" data-large-file=\"https:\/\/www.jungsi.de\/blog\/wp-content\/uploads\/Sega-Master-System-II-1024x768.jpg\" src=\"https:\/\/www.jungsi.de\/blog\/wp-content\/uploads\/Sega-Master-System-II-1024x768.jpg\" alt=\"Sega Master System II\" class=\"wp-image-25283\" srcset=\"https:\/\/www.jungsi.de\/blog\/wp-content\/uploads\/Sega-Master-System-II-1024x768.jpg 1024w, https:\/\/www.jungsi.de\/blog\/wp-content\/uploads\/Sega-Master-System-II-300x225.jpg 300w, https:\/\/www.jungsi.de\/blog\/wp-content\/uploads\/Sega-Master-System-II.jpg 1400w\" sizes=\"auto, (max-width: 1024px) 100vw, 1024px\" \/><figcaption class=\"wp-element-caption\">Sega Master System II<\/figcaption><\/figure>","protected":false},"excerpt":{"rendered":"<p>Sega Master System Das Sega Master System erschien 1985 in Japan als Nachfolger des SG-1000 und trat damit direkt gegen das bereits dominante NES an \u2026<\/p>","protected":false},"author":2,"featured_media":0,"parent":28315,"menu_order":0,"comment_status":"closed","ping_status":"closed","template":"","meta":{"_lmt_disableupdate":"","_lmt_disable":"","ngg_post_thumbnail":0,"jetpack_post_was_ever_published":false,"footnotes":"","_links_to":"","_links_to_target":""},"class_list":["post-19642","page","type-page","status-publish","hentry"],"jetpack_shortlink":"https:\/\/wp.me\/P4eXvk-56O","jetpack_sharing_enabled":true,"jetpack_likes_enabled":true,"jetpack-related-posts":[{"id":28315,"url":"https:\/\/www.jungsi.de\/en\/konsolen\/sega-konsolen\/","url_meta":{"origin":19642,"position":0},"title":"Sega Konsolen","author":"Jungsi","date":"16. January 2023","format":false,"excerpt":"Sega Konsolen Sega Master System \u2013 Sega Master System II Sega Mega Drive \u2013 Sega Mega Drive II Sega Saturn Sega Dreamcast Sega ist eine bekannte japanische Videospiel- und Konsolenherstellerin, die mehrere bedeutende Spielekonsolen ver\u00f6ffentlicht hat. Hier ist eine kurze \u00dcbersicht der wichtigsten Sega-Konsolen: 1. SG-1000 (1983) Beschreibung: Segas erste\u2026","rel":"","context":"Similar post","block_context":{"text":"Similar post","link":""},"img":{"alt_text":"","src":"","width":0,"height":0},"classes":[]},{"id":18428,"url":"https:\/\/www.jungsi.de\/en\/konsolen\/nec-pc-engine\/","url_meta":{"origin":19642,"position":1},"title":"NEC","author":"Jungsi","date":"10. September 2017","format":false,"excerpt":"NEC PC Engine\/NEC Turbografx PC Engine In den sp\u00e4ten 1980er Jahren, als die Welt von den 8-Bit-Konsolen wie dem Nintendo Entertainment System (NES) und dem Sega Master System dominiert wurde, beschloss das japanische Unternehmen NEC, etwas Revolution\u00e4res auf den Markt zu bringen. Am 30. Oktober 1987 wurde die PC Engine\u2026","rel":"","context":"Similar post","block_context":{"text":"Similar post","link":""},"img":{"alt_text":"PC Engine - Frontansicht","src":"https:\/\/i0.wp.com\/www.jungsi.de\/blog\/wp-content\/uploads\/pc-engine-frontansicht.jpg?resize=350%2C200&ssl=1","width":350,"height":200,"srcset":"https:\/\/i0.wp.com\/www.jungsi.de\/blog\/wp-content\/uploads\/pc-engine-frontansicht.jpg?resize=350%2C200&ssl=1 1x, https:\/\/i0.wp.com\/www.jungsi.de\/blog\/wp-content\/uploads\/pc-engine-frontansicht.jpg?resize=525%2C300&ssl=1 1.5x, https:\/\/i0.wp.com\/www.jungsi.de\/blog\/wp-content\/uploads\/pc-engine-frontansicht.jpg?resize=700%2C400&ssl=1 2x"},"classes":[]},{"id":22636,"url":"https:\/\/www.jungsi.de\/en\/handheld-konsolen\/sega-game-gear-2\/","url_meta":{"origin":19642,"position":2},"title":"Sega Game Gear","author":"Jungsi","date":"8. April 2019","format":false,"excerpt":"Sega Game Gear Sega Game Gear Als Sega 1990 den Game Gear auf den Markt brachte, war die Botschaft klar: Das hier ist ein Game Boy mit Farbe. Tats\u00e4chlich bot der Game Gear einen beleuchteten Farbdisplay, der Nintendos grauem Monochrombild technisch weit \u00fcberlegen war \u2014 und durch das Mega-Drive-Adapter-Zubeh\u00f6r konnte\u2026","rel":"","context":"Similar post","block_context":{"text":"Similar post","link":""},"img":{"alt_text":"Sega Game Gear","src":"https:\/\/i0.wp.com\/www.jungsi.de\/blog\/wp-content\/uploads\/Sega-Game-Gear.jpg?resize=350%2C200&ssl=1","width":350,"height":200,"srcset":"https:\/\/i0.wp.com\/www.jungsi.de\/blog\/wp-content\/uploads\/Sega-Game-Gear.jpg?resize=350%2C200&ssl=1 1x, https:\/\/i0.wp.com\/www.jungsi.de\/blog\/wp-content\/uploads\/Sega-Game-Gear.jpg?resize=525%2C300&ssl=1 1.5x, https:\/\/i0.wp.com\/www.jungsi.de\/blog\/wp-content\/uploads\/Sega-Game-Gear.jpg?resize=700%2C400&ssl=1 2x"},"classes":[]},{"id":35159,"url":"https:\/\/www.jungsi.de\/en\/konsolen-emulator\/","url_meta":{"origin":19642,"position":3},"title":"Konsolen-Emulator","author":"Jungsi","date":"18. January 2025","format":false,"excerpt":"Hier eine Liste meiner Konsolen, die auf Emulatoren basieren (oft als \u201aMini\u2018-Version erh\u00e4ltlich), geordnet nach Erscheinungsdatum. Nintendo Classic Mini (2016) SNES Classic Mini (2017) Neo Geo Mini (2018) PlayStation Classic (2018) Sega Mega Drive Mini (2019) Evercade VS (2021) Sega Mega Drive Mini II (2022) Atari 2600+ (2023) Evercade VS\u2026","rel":"","context":"Similar post","block_context":{"text":"Similar post","link":""},"img":{"alt_text":"Nintendo Classic Mini","src":"https:\/\/i0.wp.com\/www.jungsi.de\/blog\/wp-content\/uploads\/Nintendo-Classic-Mini.jpg?resize=350%2C200&ssl=1","width":350,"height":200,"srcset":"https:\/\/i0.wp.com\/www.jungsi.de\/blog\/wp-content\/uploads\/Nintendo-Classic-Mini.jpg?resize=350%2C200&ssl=1 1x, https:\/\/i0.wp.com\/www.jungsi.de\/blog\/wp-content\/uploads\/Nintendo-Classic-Mini.jpg?resize=525%2C300&ssl=1 1.5x, https:\/\/i0.wp.com\/www.jungsi.de\/blog\/wp-content\/uploads\/Nintendo-Classic-Mini.jpg?resize=700%2C400&ssl=1 2x, https:\/\/i0.wp.com\/www.jungsi.de\/blog\/wp-content\/uploads\/Nintendo-Classic-Mini.jpg?resize=1050%2C600&ssl=1 3x, https:\/\/i0.wp.com\/www.jungsi.de\/blog\/wp-content\/uploads\/Nintendo-Classic-Mini.jpg?resize=1400%2C800&ssl=1 4x"},"classes":[]},{"id":27741,"url":"https:\/\/www.jungsi.de\/en\/heimcomputer\/acorn\/acorn-bbc-master-128\/","url_meta":{"origin":19642,"position":4},"title":"Acorn BBC Master 128","author":"Jungsi","date":"16. January 2023","format":false,"excerpt":"Acorn BBC Master 128 BBC Master 128 Nach dem kommerziellen Erfolg des BBC Model B f\u00fchrte die BBC den Master als Heimcomputer ein, der sowohl f\u00fcr den IT-Unterricht als auch als Computer f\u00fcr zu Hause oder kleine B\u00fcros gedacht war. Er hatte 128kB RAM und ein ROM mit vielen Funktionen,\u2026","rel":"","context":"Similar post","block_context":{"text":"Similar post","link":""},"img":{"alt_text":"Cumana Diskettenlaufwerk - Disk Drive Guide","src":"https:\/\/i0.wp.com\/www.jungsi.de\/blog\/wp-content\/uploads\/Cumana-Diskettenlaufwerk-Disk-Drive-Guide.jpg?resize=350%2C200&ssl=1","width":350,"height":200,"srcset":"https:\/\/i0.wp.com\/www.jungsi.de\/blog\/wp-content\/uploads\/Cumana-Diskettenlaufwerk-Disk-Drive-Guide.jpg?resize=350%2C200&ssl=1 1x, https:\/\/i0.wp.com\/www.jungsi.de\/blog\/wp-content\/uploads\/Cumana-Diskettenlaufwerk-Disk-Drive-Guide.jpg?resize=525%2C300&ssl=1 1.5x, https:\/\/i0.wp.com\/www.jungsi.de\/blog\/wp-content\/uploads\/Cumana-Diskettenlaufwerk-Disk-Drive-Guide.jpg?resize=700%2C400&ssl=1 2x, https:\/\/i0.wp.com\/www.jungsi.de\/blog\/wp-content\/uploads\/Cumana-Diskettenlaufwerk-Disk-Drive-Guide.jpg?resize=1050%2C600&ssl=1 3x"},"classes":[]},{"id":33789,"url":"https:\/\/www.jungsi.de\/en\/handheld-konsolen\/alle-anderen-handhelds\/hartung-game-maser\/","url_meta":{"origin":19642,"position":5},"title":"Hartung Game Maser","author":"Jungsi","date":"23. October 2024","format":false,"excerpt":"Hartung Game Master Hartung Game Master Der Hartung Game Master war eine Handheld-Spielkonsole, die Anfang der 1990er Jahre von dem deutschen Unternehmen Hartung ver\u00f6ffentlicht wurde. Das Ger\u00e4t war eine Reaktion auf den Erfolg des Nintendo Game Boy, konnte jedoch nicht denselben Kultstatus erreichen. Die Konsole war relativ g\u00fcnstig und bot\u2026","rel":"","context":"Similar post","block_context":{"text":"Similar post","link":""},"img":{"alt_text":"Hartung Game Master - Oberseite","src":"https:\/\/i0.wp.com\/www.jungsi.de\/blog\/wp-content\/uploads\/Hartung-Game-Master-Oberseite.jpg?resize=350%2C200&ssl=1","width":350,"height":200,"srcset":"https:\/\/i0.wp.com\/www.jungsi.de\/blog\/wp-content\/uploads\/Hartung-Game-Master-Oberseite.jpg?resize=350%2C200&ssl=1 1x, https:\/\/i0.wp.com\/www.jungsi.de\/blog\/wp-content\/uploads\/Hartung-Game-Master-Oberseite.jpg?resize=525%2C300&ssl=1 1.5x, https:\/\/i0.wp.com\/www.jungsi.de\/blog\/wp-content\/uploads\/Hartung-Game-Master-Oberseite.jpg?resize=700%2C400&ssl=1 2x, https:\/\/i0.wp.com\/www.jungsi.de\/blog\/wp-content\/uploads\/Hartung-Game-Master-Oberseite.jpg?resize=1050%2C600&ssl=1 3x, https:\/\/i0.wp.com\/www.jungsi.de\/blog\/wp-content\/uploads\/Hartung-Game-Master-Oberseite.jpg?resize=1400%2C800&ssl=1 4x"},"classes":[]}],"_links":{"self":[{"href":"https:\/\/www.jungsi.de\/en\/wp-json\/wp\/v2\/pages\/19642","targetHints":{"allow":["GET"]}}],"collection":[{"href":"https:\/\/www.jungsi.de\/en\/wp-json\/wp\/v2\/pages"}],"about":[{"href":"https:\/\/www.jungsi.de\/en\/wp-json\/wp\/v2\/types\/page"}],"author":[{"embeddable":true,"href":"https:\/\/www.jungsi.de\/en\/wp-json\/wp\/v2\/users\/2"}],"replies":[{"embeddable":true,"href":"https:\/\/www.jungsi.de\/en\/wp-json\/wp\/v2\/comments?post=19642"}],"version-history":[{"count":1,"href":"https:\/\/www.jungsi.de\/en\/wp-json\/wp\/v2\/pages\/19642\/revisions"}],"predecessor-version":[{"id":40528,"href":"https:\/\/www.jungsi.de\/en\/wp-json\/wp\/v2\/pages\/19642\/revisions\/40528"}],"up":[{"embeddable":true,"href":"https:\/\/www.jungsi.de\/en\/wp-json\/wp\/v2\/pages\/28315"}],"wp:attachment":[{"href":"https:\/\/www.jungsi.de\/en\/wp-json\/wp\/v2\/media?parent=19642"}],"curies":[{"name":"wp","href":"https:\/\/api.w.org\/{rel}","templated":true}]}}