{"id":190,"date":"2008-12-05T12:02:18","date_gmt":"2008-12-05T11:02:18","guid":{"rendered":"http:\/\/www.jungsi.de\/blog\/?page_id=190"},"modified":"2008-12-05T12:02:18","modified_gmt":"2008-12-05T11:02:18","slug":"tour-3-cortina-tre-croci-s-ciampigotto","status":"publish","type":"page","link":"https:\/\/www.jungsi.de\/en\/reisen\/dolomiten-1999\/tour-3-cortina-tre-croci-s-ciampigotto\/","title":{"rendered":"Tour 3: Cortina &#8211; Tre Croci &#8211; S. Ciampigotto"},"content":{"rendered":"<p style=\"text-align: justify;\">Cortina &#8211; Passo Tre Croci &#8211; S. Ciampigotto &#8211; Kreuzbergpass &#8211; Misurinasee<\/p>\n<p style=\"text-align: justify;\">Streckenl\u00e4nge: ca. 225 km<\/p>\n<p style=\"text-align: justify;\">Hier k\u00f6nnen einem die Ideen fast nicht ausgehen. Von Arabba gehts den direkten Weg \u00fcber den schon bekannten Passo di Falzarego nach Cortina. Von dort geht es \u00fcber den Passo Tre Croci. Rechts ab kommt man nach Auronzo. Einige Kilometer weiter folgt man der Strasse nach Vigo di Cadore (SS619). Man \u00fcberquert die Sella Ciampigotto und zweigt dann links Richtung Forcella Laverdet ab.<br \/>\nHier gehts gleich wieder rechts nach Prato (SS465). Einige Kurven sp\u00e4ter folgt man der SS365 links nach Sappada.<br \/>\nIn Santo Stefano rechts auf die Hauptstrasse (SS52). \u00dcber Candide gehts zum Kreuzbergpass. Auf dieser Strasse bleibt man dann bis Innichen.<br \/>\nLinks nach Toblach gehts weiter, wo man sich gleich wieder links h\u00e4lt. Kurz nach Schluderbach kann man auf die Drei-Zinnen-Strasse abbiegen (die einzige Maut-Strasse).<br \/>\nWieder zur\u00fcck auf der Hauptstrasse gelangt man zum Misurinasee. Zur\u00fcck gehts \u00fcber den Passo Tre Croci und Cortina nach Arabba.<\/p>ngg_shortcode_0_placeholder","protected":false},"excerpt":{"rendered":"<p>Cortina &#8211; Passo Tre Croci &#8211; S. Ciampigotto &#8211; Kreuzbergpass &#8211; Misurinasee Streckenl\u00e4nge: ca. 225 km Hier k\u00f6nnen einem die Ideen fast nicht ausgehen. Von \u2026<\/p>","protected":false},"author":2,"featured_media":0,"parent":182,"menu_order":0,"comment_status":"open","ping_status":"open","template":"","meta":{"_lmt_disableupdate":"","_lmt_disable":"","ngg_post_thumbnail":0,"jetpack_post_was_ever_published":false,"footnotes":"","_links_to":"","_links_to_target":""},"class_list":["post-190","page","type-page","status-publish","hentry"],"jetpack_shortlink":"https:\/\/wp.me\/P4eXvk-34","jetpack_sharing_enabled":true,"jetpack_likes_enabled":true,"jetpack-related-posts":[{"id":348,"url":"https:\/\/www.jungsi.de\/en\/reisen\/dolomiten-2004\/tour-1-pso-campolongo\/","url_meta":{"origin":190,"position":0},"title":"Tour 1: Pso. Campolongo&#8230;","author":"Jungsi","date":"22. December 2008","format":false,"excerpt":"Pso. Campolongo - Corvara - Zwischenwasser - Furkelpass - Valdaora - Pragser Wildsee - Toblach - Misurina - Drei Zinnen - Passo Tre Croci - Cortina - Pso. Giau Nun geht es endlich los. Nachdem der Wettergott ein Einsehen mit uns hatte, konnten wir bei trockenem Wetter (aber k\u00fchlen Temparaturen)\u2026","rel":"","context":"In &quot;Allgemein&quot;","block_context":{"text":"Allgemein","link":"https:\/\/www.jungsi.de\/en\/category\/allgemein\/"},"img":{"alt_text":"","src":"","width":0,"height":0},"classes":[]},{"id":194,"url":"https:\/\/www.jungsi.de\/en\/reisen\/dolomiten-1999\/tour-5-ps-giau-forcola-staulanza\/","url_meta":{"origin":190,"position":1},"title":"Tour 5: Ps. Giau &#8211; Forcola Staulanza","author":"Jungsi","date":"5. December 2008","format":false,"excerpt":"Ps. Giau - Forcola Staulanza - Ps. Duran - Belluno - Ps. Ciabana Streckenl\u00e4nge: ca. 250 km Und wieder gehts los \u00fcber die schon bekannte Strecke nach Cortina. Allerdings heisst es hier kurz vor Cortina der Beschilderung nach rechts zum Passo di Giau folgen. Auf der anderen Seite gehts in\u2026","rel":"","context":"In &quot;Allgemein&quot;","block_context":{"text":"Allgemein","link":"https:\/\/www.jungsi.de\/en\/category\/allgemein\/"},"img":{"alt_text":"","src":"","width":0,"height":0},"classes":[]},{"id":186,"url":"https:\/\/www.jungsi.de\/en\/reisen\/dolomiten-1999\/tour-1-agordo-passo-di-cereda-passo-di-rolle\/","url_meta":{"origin":190,"position":2},"title":"Tour 1: Agordo &#8211; Passo di Cereda &#8211; Passo di Rolle","author":"Jungsi","date":"5. December 2008","format":false,"excerpt":"Agordo - Passo di Cereda - Passo di Rolle - Marmolada Streckenl\u00e4nge: ca. 200 km Von Arabba Richtung Cortina bis Andraz. Von dort aus auf der SS203 Richtung Alleghe, wo man am Lago di Alleghe schon die erste Pause einlegen kann. Weiter gehts bis Agordo. Dort folgt man der Abzweigung\u2026","rel":"","context":"In &quot;Allgemein&quot;","block_context":{"text":"Allgemein","link":"https:\/\/www.jungsi.de\/en\/category\/allgemein\/"},"img":{"alt_text":"","src":"","width":0,"height":0},"classes":[]},{"id":192,"url":"https:\/\/www.jungsi.de\/en\/reisen\/dolomiten-1999\/tour-4-ps-valparolo-prager-wildsee\/","url_meta":{"origin":190,"position":3},"title":"Tour 4: Ps. Valparolo &#8211; Prager Wildsee","author":"Jungsi","date":"5. December 2008","format":false,"excerpt":"Ps. Valparolo - Prager Wildsee Streckenl\u00e4nge: ca. 200 km Nach den anstrengenden Touren der Vortage gibt es heute etwas zum entspannen. Von Arraba f\u00e4hrt man die Strecke nach Cortina bis kurz vor den Passo di Falzarego. Hier gehts nach links zum Passo di Valparola. \u00dcber Stern und Pederoa geht die\u2026","rel":"","context":"In &quot;Allgemein&quot;","block_context":{"text":"Allgemein","link":"https:\/\/www.jungsi.de\/en\/category\/allgemein\/"},"img":{"alt_text":"","src":"","width":0,"height":0},"classes":[]},{"id":188,"url":"https:\/\/www.jungsi.de\/en\/reisen\/dolomiten-1999\/tour-2-st-leonhard-wurzjoch-brixen\/","url_meta":{"origin":190,"position":4},"title":"Tour 2: St. Leonhard &#8211; W\u00fcrzjoch &#8211; Brixen","author":"Jungsi","date":"5. December 2008","format":false,"excerpt":"St. Leonhard - W\u00fcrzjoch - Brixen - Klausen - Gr\u00f6dner Joch Streckenl\u00e4nge: ca. 225 km Nach einem kr\u00e4ftigen Fr\u00fchst\u00fcck geht es zum Aufw\u00e4rmen \u00fcber den Passo di Campolongo nach Corvara und St. Leonhard bis St. Martin. In St. Martin gehts nach links zum W\u00fcrzjoch. Kurz nach dem W\u00fcrzjoch heisst es\u2026","rel":"","context":"In &quot;Allgemein&quot;","block_context":{"text":"Allgemein","link":"https:\/\/www.jungsi.de\/en\/category\/allgemein\/"},"img":{"alt_text":"","src":"","width":0,"height":0},"classes":[]},{"id":196,"url":"https:\/\/www.jungsi.de\/en\/reisen\/dolomiten-1999\/tour-6-ps-pordoi-karerpass\/","url_meta":{"origin":190,"position":5},"title":"Tour 6: Ps. Pordoi &#8211; Karerpass","author":"Jungsi","date":"5. December 2008","format":false,"excerpt":"Ps. Pordoi - Karerpass - Sarntal - Penser Joch - Jaufenpass...... Streckenl\u00e4nge: ca. 380 km Die letzte Tour geht nochmal an die Kondition. Von Arabba \u00fcber den Passo Pordoi (32 Kehren) nach Canzei. Dann folgt man der Abzweigung zum Karerpass und f\u00e4hrt nach Bozen. In Bozen h\u00e4lt man sich immer\u2026","rel":"","context":"In &quot;Allgemein&quot;","block_context":{"text":"Allgemein","link":"https:\/\/www.jungsi.de\/en\/category\/allgemein\/"},"img":{"alt_text":"","src":"","width":0,"height":0},"classes":[]}],"_links":{"self":[{"href":"https:\/\/www.jungsi.de\/en\/wp-json\/wp\/v2\/pages\/190","targetHints":{"allow":["GET"]}}],"collection":[{"href":"https:\/\/www.jungsi.de\/en\/wp-json\/wp\/v2\/pages"}],"about":[{"href":"https:\/\/www.jungsi.de\/en\/wp-json\/wp\/v2\/types\/page"}],"author":[{"embeddable":true,"href":"https:\/\/www.jungsi.de\/en\/wp-json\/wp\/v2\/users\/2"}],"replies":[{"embeddable":true,"href":"https:\/\/www.jungsi.de\/en\/wp-json\/wp\/v2\/comments?post=190"}],"version-history":[{"count":0,"href":"https:\/\/www.jungsi.de\/en\/wp-json\/wp\/v2\/pages\/190\/revisions"}],"up":[{"embeddable":true,"href":"https:\/\/www.jungsi.de\/en\/wp-json\/wp\/v2\/pages\/182"}],"wp:attachment":[{"href":"https:\/\/www.jungsi.de\/en\/wp-json\/wp\/v2\/media?parent=190"}],"curies":[{"name":"wp","href":"https:\/\/api.w.org\/{rel}","templated":true}]}}