{"id":18637,"date":"2017-10-06T21:34:30","date_gmt":"2017-10-06T19:34:30","guid":{"rendered":"http:\/\/www.jungsi.de\/?page_id=18637"},"modified":"2026-03-28T19:01:01","modified_gmt":"2026-03-28T18:01:01","slug":"microsoft-xbox","status":"publish","type":"page","link":"https:\/\/www.jungsi.de\/en\/konsolen\/microsoft-konsolen\/microsoft-xbox\/","title":{"rendered":"Microsoft Xbox"},"content":{"rendered":"<p><\/p>\n\n\n\n<h2 class=\"wp-block-heading has-text-align-center\"><strong>Microsoft Xbox<\/strong><\/h2>\n\n\n<div class=\"wp-block-image wp-image-16420\">\n<figure class=\"aligncenter\"><img loading=\"lazy\" decoding=\"async\" width=\"800\" height=\"600\" data-attachment-id=\"16420\" data-permalink=\"https:\/\/www.jungsi.de\/en\/retro\/sonstige-die-sammlung\/xbox-classic\/\" data-orig-file=\"https:\/\/www.jungsi.de\/blog\/wp-content\/uploads\/xbox-classic.jpg\" data-orig-size=\"800,600\" data-comments-opened=\"1\" data-image-meta=\"{&quot;aperture&quot;:&quot;3.5&quot;,&quot;credit&quot;:&quot;&quot;,&quot;camera&quot;:&quot;Canon PowerShot SX260 HS&quot;,&quot;caption&quot;:&quot;&quot;,&quot;created_timestamp&quot;:&quot;1477753236&quot;,&quot;copyright&quot;:&quot;&quot;,&quot;focal_length&quot;:&quot;4.5&quot;,&quot;iso&quot;:&quot;1600&quot;,&quot;shutter_speed&quot;:&quot;0.05&quot;,&quot;title&quot;:&quot;&quot;,&quot;orientation&quot;:&quot;1&quot;}\" data-image-title=\"Xbox classic\" data-image-description=\"&lt;p&gt;Xbox classic&lt;\/p&gt;\" data-image-caption=\"&lt;p&gt;Microsoft &amp;#8211; Xbox classic&lt;\/p&gt;\" data-large-file=\"https:\/\/www.jungsi.de\/blog\/wp-content\/uploads\/xbox-classic.jpg\" src=\"https:\/\/www.jungsi.de\/blog\/wp-content\/uploads\/xbox-classic.jpg\" alt=\"Xbox classic\" class=\"wp-image-16420\" srcset=\"https:\/\/www.jungsi.de\/blog\/wp-content\/uploads\/xbox-classic.jpg 800w, https:\/\/www.jungsi.de\/blog\/wp-content\/uploads\/xbox-classic-300x225.jpg 300w\" sizes=\"auto, (max-width: 800px) 100vw, 800px\" \/><figcaption class=\"wp-element-caption\">Microsoft &#8211; Xbox classic<\/figcaption><\/figure>\n<\/div>\n\n\n<p>Als Microsoft 2001 in Nordamerika mit der Xbox den Sprung in den Konsolenmarkt wagte, erntete das Unternehmen zun\u00e4chst viel Skepsis. Ein PC-Hersteller als Konsolenbauer \u2014 das hatten viele nicht kommen sehen. Doch Microsoft brachte echte St\u00e4rken mit: Die Xbox war technisch die leistungsf\u00e4higste Konsole ihrer Generation, besa\u00df als erste Heimkonsole eine eingebaute Festplatte und einen Ethernet-Anschluss f\u00fcr Online-Gaming. Mit Xbox Live etablierte Microsoft 2002 einen Online-Dienst, der den Standard f\u00fcr Multiplayer-Erlebnisse auf Konsolen neu setzte und bis heute Ma\u00dfst\u00e4be setzt. Der exklusive Halo-Shooter wurde zum Systemseller und zur Ikone eines ganzen Genres. Gegen die PlayStation 2 mit ihrer riesigen installierten Basis hatte die Xbox dennoch einen schweren Stand \u2014 rund 25 Millionen verkaufte Einheiten stehen \u00fcber 155 Millionen PS2-Konsolen gegen\u00fcber. Das \u00e4ndert jedoch nichts daran, dass Microsoft mit der ersten Xbox das Fundament f\u00fcr eine der heute bedeutendsten Konsolenmarken der Welt gelegt hat.<\/p>\n\n\n\n<table id=\"tablepress-242\" class=\"tablepress tablepress-id-242\">\n<tbody>\n<tr class=\"row-1\">\n\t<td class=\"column-1\"><strong>Ver\u00f6ffentlichung:<\/strong><\/td><td class=\"column-2\">2002<\/td>\n<\/tr>\n<tr class=\"row-2\">\n\t<td class=\"column-1\"><strong>verkaufte Einheiten:<\/strong><\/td><td class=\"column-2\">ca. 25 Millionen<\/td>\n<\/tr>\n<tr class=\"row-3\">\n\t<td class=\"column-1\"><strong>Generation:<\/strong><\/td><td class=\"column-2\">6. Konsolen-Generation<\/td>\n<\/tr>\n<tr class=\"row-4\">\n\t<td class=\"column-1\"><strong>CPU:<\/strong><\/td><td class=\"column-2\">Intel Mobile Celeron (Coppermine-Kern) mit 733 MHz<\/td>\n<\/tr>\n<tr class=\"row-5\">\n\t<td class=\"column-1\"><strong>Speicher:<\/strong><\/td><td class=\"column-2\">64 MB DDR-RAM mit 200 MHz<\/td>\n<\/tr>\n<tr class=\"row-6\">\n\t<td class=\"column-1\"><strong>Grafik:<\/strong><\/td><td class=\"column-2\">Geforce-3-GPU \u201eNV2A\u201c von Nvidia mit 233 MHz<\/td>\n<\/tr>\n<tr class=\"row-7\">\n\t<td class=\"column-1\"><strong>Aufl\u00f6sung:<\/strong><\/td><td class=\"column-2\">maximale Aufl\u00f6sung von 1920\u00d71080 Bildpunkten<\/td>\n<\/tr>\n<tr class=\"row-8\">\n\t<td class=\"column-1\"><strong>Sound:<\/strong><\/td><td class=\"column-2\">Audio-Chip mit Dolby Digital-5.1-Kodierer, 256 Stimmen, maximal 64 3D-Stimmen<\/td>\n<\/tr>\n<tr class=\"row-9\">\n\t<td class=\"column-1\"><strong>Laufwerk:<\/strong><\/td><td class=\"column-2\">modifizierte DVD- Laufwerke der Marken Samsung, Hitachi\/LG, Phillips und Thomson<\/td>\n<\/tr>\n<tr class=\"row-10\">\n\t<td class=\"column-1\"><strong>Festplatte:<\/strong><\/td><td class=\"column-2\">3,5-Zoll-Festplatte von Western Digital (8 GB) oder Seagate (10 GB)<\/td>\n<\/tr>\n<\/tbody>\n<\/table>\n<!-- #tablepress-242 from cache -->\n\n<div class=\"wp-block-image wp-image-17989\">\n<figure class=\"aligncenter\"><img loading=\"lazy\" decoding=\"async\" width=\"600\" height=\"800\" data-attachment-id=\"17989\" data-permalink=\"https:\/\/www.jungsi.de\/en\/xbox-microsoft\/microsoft-xbox-fernbedienung\/\" data-orig-file=\"https:\/\/www.jungsi.de\/blog\/wp-content\/uploads\/Microsoft-Xbox-Fernbedienung.jpg\" data-orig-size=\"600,800\" data-comments-opened=\"1\" data-image-meta=\"{&quot;aperture&quot;:&quot;3.5&quot;,&quot;credit&quot;:&quot;&quot;,&quot;camera&quot;:&quot;Canon PowerShot SX260 HS&quot;,&quot;caption&quot;:&quot;&quot;,&quot;created_timestamp&quot;:&quot;1497526996&quot;,&quot;copyright&quot;:&quot;&quot;,&quot;focal_length&quot;:&quot;4.5&quot;,&quot;iso&quot;:&quot;800&quot;,&quot;shutter_speed&quot;:&quot;0.04&quot;,&quot;title&quot;:&quot;&quot;,&quot;orientation&quot;:&quot;1&quot;}\" data-image-title=\"Microsoft Xbox Fernbedienung\" data-image-description=\"&lt;p&gt;Microsoft Xbox Fernbedienung&lt;\/p&gt;\" data-image-caption=\"&lt;p&gt;Microsoft Xbox Fernbedienung&lt;\/p&gt;\" data-large-file=\"https:\/\/www.jungsi.de\/blog\/wp-content\/uploads\/Microsoft-Xbox-Fernbedienung.jpg\" src=\"https:\/\/www.jungsi.de\/blog\/wp-content\/uploads\/Microsoft-Xbox-Fernbedienung.jpg\" alt=\"Microsoft Xbox Fernbedienung\" class=\"wp-image-17989\" srcset=\"https:\/\/www.jungsi.de\/blog\/wp-content\/uploads\/Microsoft-Xbox-Fernbedienung.jpg 600w, https:\/\/www.jungsi.de\/blog\/wp-content\/uploads\/Microsoft-Xbox-Fernbedienung-225x300.jpg 225w\" sizes=\"auto, (max-width: 600px) 100vw, 600px\" \/><figcaption class=\"wp-element-caption\">Microsoft Xbox Fernbedienung<\/figcaption><\/figure>\n<\/div>\n\n<div class=\"wp-block-image wp-image-17986\">\n<figure class=\"aligncenter\"><img loading=\"lazy\" decoding=\"async\" width=\"800\" height=\"600\" data-attachment-id=\"17986\" data-permalink=\"https:\/\/www.jungsi.de\/en\/xbox-microsoft\/microsoft-xbox-controller\/\" data-orig-file=\"https:\/\/www.jungsi.de\/blog\/wp-content\/uploads\/Microsoft-Xbox-Controller.jpg\" data-orig-size=\"800,600\" data-comments-opened=\"1\" data-image-meta=\"{&quot;aperture&quot;:&quot;3.5&quot;,&quot;credit&quot;:&quot;&quot;,&quot;camera&quot;:&quot;Canon PowerShot SX260 HS&quot;,&quot;caption&quot;:&quot;&quot;,&quot;created_timestamp&quot;:&quot;1497526978&quot;,&quot;copyright&quot;:&quot;&quot;,&quot;focal_length&quot;:&quot;4.5&quot;,&quot;iso&quot;:&quot;1000&quot;,&quot;shutter_speed&quot;:&quot;0.05&quot;,&quot;title&quot;:&quot;&quot;,&quot;orientation&quot;:&quot;1&quot;}\" data-image-title=\"Microsoft Xbox Controller\" data-image-description=\"&lt;p&gt;Microsoft Xbox Controller&lt;\/p&gt;\" data-image-caption=\"&lt;p&gt;Microsoft Xbox Controller&lt;\/p&gt;\" data-large-file=\"https:\/\/www.jungsi.de\/blog\/wp-content\/uploads\/Microsoft-Xbox-Controller.jpg\" src=\"https:\/\/www.jungsi.de\/blog\/wp-content\/uploads\/Microsoft-Xbox-Controller.jpg\" alt=\"Microsoft Xbox Controller\" class=\"wp-image-17986\" srcset=\"https:\/\/www.jungsi.de\/blog\/wp-content\/uploads\/Microsoft-Xbox-Controller.jpg 800w, https:\/\/www.jungsi.de\/blog\/wp-content\/uploads\/Microsoft-Xbox-Controller-300x225.jpg 300w\" sizes=\"auto, (max-width: 800px) 100vw, 800px\" \/><figcaption class=\"wp-element-caption\">Microsoft Xbox Controller<\/figcaption><\/figure>\n<\/div>","protected":false},"excerpt":{"rendered":"<p>Microsoft Xbox Als Microsoft 2001 in Nordamerika mit der Xbox den Sprung in den Konsolenmarkt wagte, erntete das Unternehmen zun\u00e4chst viel Skepsis. Ein PC-Hersteller als \u2026<\/p>","protected":false},"author":2,"featured_media":0,"parent":29131,"menu_order":0,"comment_status":"closed","ping_status":"closed","template":"","meta":{"_lmt_disableupdate":"","_lmt_disable":"","ngg_post_thumbnail":0,"jetpack_post_was_ever_published":false,"footnotes":"","_links_to":"","_links_to_target":""},"class_list":["post-18637","page","type-page","status-publish","hentry"],"jetpack_shortlink":"https:\/\/wp.me\/P4eXvk-4QB","jetpack_sharing_enabled":true,"jetpack_likes_enabled":true,"jetpack-related-posts":[{"id":19748,"url":"https:\/\/www.jungsi.de\/en\/heimcomputer\/msx-sony-hitbit-75-p\/","url_meta":{"origin":18637,"position":0},"title":"MSX","author":"Jungsi","date":"28. February 2018","format":false,"excerpt":"MSX Philips VG-8235 Sony HitBit 75-P Zusammenfassung zum MSX-Standard Der MSX-Standard war eine einheitliche Plattform f\u00fcr Heimcomputer, die Anfang der 1980er Jahre entwickelt wurde. Hier sind die wichtigsten Punkte seiner Geschichte und Merkmale: Einf\u00fchrung und Zielsetzung (1983): Konzept: Der MSX-Standard wurde von Kazuhiko Nishi von Microsoft Japan in Zusammenarbeit mit\u2026","rel":"","context":"Similar post","block_context":{"text":"Similar post","link":""},"img":{"alt_text":"","src":"https:\/\/i0.wp.com\/www.jungsi.de\/blog\/wp-content\/uploads\/Carnivore-2-R%C3%BCckseite.jpg?resize=350%2C200&ssl=1","width":350,"height":200,"srcset":"https:\/\/i0.wp.com\/www.jungsi.de\/blog\/wp-content\/uploads\/Carnivore-2-R%C3%BCckseite.jpg?resize=350%2C200&ssl=1 1x, https:\/\/i0.wp.com\/www.jungsi.de\/blog\/wp-content\/uploads\/Carnivore-2-R%C3%BCckseite.jpg?resize=525%2C300&ssl=1 1.5x, https:\/\/i0.wp.com\/www.jungsi.de\/blog\/wp-content\/uploads\/Carnivore-2-R%C3%BCckseite.jpg?resize=700%2C400&ssl=1 2x, https:\/\/i0.wp.com\/www.jungsi.de\/blog\/wp-content\/uploads\/Carnivore-2-R%C3%BCckseite.jpg?resize=1050%2C600&ssl=1 3x, https:\/\/i0.wp.com\/www.jungsi.de\/blog\/wp-content\/uploads\/Carnivore-2-R%C3%BCckseite.jpg?resize=1400%2C800&ssl=1 4x"},"classes":[]},{"id":28319,"url":"https:\/\/www.jungsi.de\/en\/konsolen\/nintendo-konsolen\/","url_meta":{"origin":18637,"position":1},"title":"Nintendo Konsolen","author":"Jungsi","date":"16. January 2023","format":false,"excerpt":"Nintendo Konsolen Nintendo Entertainment System Super Nintendo Entertainment System Nintendo 64 Nintendo Wii Nintendo Switch Hier ist eine kurze \u00dcbersicht der wichtigsten Heimvideospielkonsolen von Nintendo: 1. Nintendo Entertainment System (NES) (1983\/1985) Beschreibung: Urspr\u00fcnglich 1983 in Japan als Famicom ver\u00f6ffentlicht, war das NES 1985 der erste gro\u00dfe Erfolg von Nintendo im\u2026","rel":"","context":"Similar post","block_context":{"text":"Similar post","link":""},"img":{"alt_text":"","src":"","width":0,"height":0},"classes":[]},{"id":27769,"url":"https:\/\/www.jungsi.de\/en\/heimcomputer\/msx-sony-hitbit-75-p\/philips-vg-8235\/","url_meta":{"origin":18637,"position":2},"title":"Philips VG-8235","author":"Jungsi","date":"16. January 2023","format":false,"excerpt":"Philips VG-8235 Philips VG-8235 Dieser Computer ist Teil der MSX2-Serie. Im Vergleich zu den Vorg\u00e4ngermodellen der MSX1-Serie erweiterte der MSX-Standard neue BASIC-Befehle (BASIC wurde von Microsoft entwickelt) und hochaufl\u00f6sende Grafikmodi. Der Philips VG-8235 war einer der am besten ausgestatteten Computer: ein 3,5-Zoll-Diskettenlaufwerk (360 KB) und 128 KB Videospeicher (512 x\u2026","rel":"","context":"Similar post","block_context":{"text":"Similar post","link":""},"img":{"alt_text":"","src":"https:\/\/i0.wp.com\/www.jungsi.de\/blog\/wp-content\/uploads\/Game-Controller-MSX.jpg?resize=350%2C200&ssl=1","width":350,"height":200,"srcset":"https:\/\/i0.wp.com\/www.jungsi.de\/blog\/wp-content\/uploads\/Game-Controller-MSX.jpg?resize=350%2C200&ssl=1 1x, https:\/\/i0.wp.com\/www.jungsi.de\/blog\/wp-content\/uploads\/Game-Controller-MSX.jpg?resize=525%2C300&ssl=1 1.5x, https:\/\/i0.wp.com\/www.jungsi.de\/blog\/wp-content\/uploads\/Game-Controller-MSX.jpg?resize=700%2C400&ssl=1 2x, https:\/\/i0.wp.com\/www.jungsi.de\/blog\/wp-content\/uploads\/Game-Controller-MSX.jpg?resize=1050%2C600&ssl=1 3x, https:\/\/i0.wp.com\/www.jungsi.de\/blog\/wp-content\/uploads\/Game-Controller-MSX.jpg?resize=1400%2C800&ssl=1 4x"},"classes":[]},{"id":27698,"url":"https:\/\/www.jungsi.de\/en\/heimcomputer\/sonstige-hersteller\/dragon-32\/","url_meta":{"origin":18637,"position":3},"title":"Dragon 32","author":"Jungsi","date":"13. January 2023","format":false,"excerpt":"Dragon 32 Dragon 32 Der Dragon 32 war Mettoys Versuch, sich im aufstrebenden Markt der Heimcomputer zu etablieren. Das Projekt startete Ende 1981 mit begrenzter Entwicklungszeit. Aufgrund des engen Zeitplans wurde Microsoft BASIC lizenziert, was die Auswahl an Prozessoren einschr\u00e4nkte. Die Wahl fiel auf den Motorola 6809, der gut zum\u2026","rel":"","context":"Similar post","block_context":{"text":"Similar post","link":""},"img":{"alt_text":"Joystick Adapter","src":"https:\/\/i0.wp.com\/www.jungsi.de\/blog\/wp-content\/uploads\/Joystick-Adapter.jpg?resize=350%2C200&ssl=1","width":350,"height":200,"srcset":"https:\/\/i0.wp.com\/www.jungsi.de\/blog\/wp-content\/uploads\/Joystick-Adapter.jpg?resize=350%2C200&ssl=1 1x, https:\/\/i0.wp.com\/www.jungsi.de\/blog\/wp-content\/uploads\/Joystick-Adapter.jpg?resize=525%2C300&ssl=1 1.5x, https:\/\/i0.wp.com\/www.jungsi.de\/blog\/wp-content\/uploads\/Joystick-Adapter.jpg?resize=700%2C400&ssl=1 2x, https:\/\/i0.wp.com\/www.jungsi.de\/blog\/wp-content\/uploads\/Joystick-Adapter.jpg?resize=1050%2C600&ssl=1 3x, https:\/\/i0.wp.com\/www.jungsi.de\/blog\/wp-content\/uploads\/Joystick-Adapter.jpg?resize=1400%2C800&ssl=1 4x"},"classes":[]},{"id":28315,"url":"https:\/\/www.jungsi.de\/en\/konsolen\/sega-konsolen\/","url_meta":{"origin":18637,"position":4},"title":"Sega Konsolen","author":"Jungsi","date":"16. January 2023","format":false,"excerpt":"Sega Konsolen Sega Master System \u2013 Sega Master System II Sega Mega Drive \u2013 Sega Mega Drive II Sega Saturn Sega Dreamcast Sega ist eine bekannte japanische Videospiel- und Konsolenherstellerin, die mehrere bedeutende Spielekonsolen ver\u00f6ffentlicht hat. Hier ist eine kurze \u00dcbersicht der wichtigsten Sega-Konsolen: 1. SG-1000 (1983) Beschreibung: Segas erste\u2026","rel":"","context":"Similar post","block_context":{"text":"Similar post","link":""},"img":{"alt_text":"","src":"","width":0,"height":0},"classes":[]},{"id":28256,"url":"https:\/\/www.jungsi.de\/en\/die-sammlung\/literatur\/commodore\/commodore-sonstige-literatur\/","url_meta":{"origin":18637,"position":5},"title":"Commodore sonstige Literatur","author":"Jungsi","date":"16. January 2023","format":false,"excerpt":"Commodore - Fachb\u00fccher Commodore - sonstige Zeitschriften Commodore - moderne Literatur Commodore \u2013 Fachb\u00fccher 3D-Konstruktion mit Giga-CAD Plus Amiga - Der Film Amiga 500 f\u00fcr Einsteiger Amiga Tips & Tricks AmigaBASIC Chip Sonderheft C64 Zeichnen und Gestalten Commodore 128 f\u00fcr Einsteiger Commodore 128 intern Commodore 1571 & 1570 Das Trainingsbuch\u2026","rel":"","context":"Similar post","block_context":{"text":"Similar post","link":""},"img":{"alt_text":"Back Into The Storm","src":"https:\/\/i0.wp.com\/www.jungsi.de\/blog\/wp-content\/uploads\/Back-Into-The-Storm.jpg?resize=350%2C200&ssl=1","width":350,"height":200,"srcset":"https:\/\/i0.wp.com\/www.jungsi.de\/blog\/wp-content\/uploads\/Back-Into-The-Storm.jpg?resize=350%2C200&ssl=1 1x, https:\/\/i0.wp.com\/www.jungsi.de\/blog\/wp-content\/uploads\/Back-Into-The-Storm.jpg?resize=525%2C300&ssl=1 1.5x, https:\/\/i0.wp.com\/www.jungsi.de\/blog\/wp-content\/uploads\/Back-Into-The-Storm.jpg?resize=700%2C400&ssl=1 2x, https:\/\/i0.wp.com\/www.jungsi.de\/blog\/wp-content\/uploads\/Back-Into-The-Storm.jpg?resize=1050%2C600&ssl=1 3x"},"classes":[]}],"_links":{"self":[{"href":"https:\/\/www.jungsi.de\/en\/wp-json\/wp\/v2\/pages\/18637","targetHints":{"allow":["GET"]}}],"collection":[{"href":"https:\/\/www.jungsi.de\/en\/wp-json\/wp\/v2\/pages"}],"about":[{"href":"https:\/\/www.jungsi.de\/en\/wp-json\/wp\/v2\/types\/page"}],"author":[{"embeddable":true,"href":"https:\/\/www.jungsi.de\/en\/wp-json\/wp\/v2\/users\/2"}],"replies":[{"embeddable":true,"href":"https:\/\/www.jungsi.de\/en\/wp-json\/wp\/v2\/comments?post=18637"}],"version-history":[{"count":2,"href":"https:\/\/www.jungsi.de\/en\/wp-json\/wp\/v2\/pages\/18637\/revisions"}],"predecessor-version":[{"id":40536,"href":"https:\/\/www.jungsi.de\/en\/wp-json\/wp\/v2\/pages\/18637\/revisions\/40536"}],"up":[{"embeddable":true,"href":"https:\/\/www.jungsi.de\/en\/wp-json\/wp\/v2\/pages\/29131"}],"wp:attachment":[{"href":"https:\/\/www.jungsi.de\/en\/wp-json\/wp\/v2\/media?parent=18637"}],"curies":[{"name":"wp","href":"https:\/\/api.w.org\/{rel}","templated":true}]}}