{"id":18479,"date":"2017-09-14T19:10:23","date_gmt":"2017-09-14T17:10:23","guid":{"rendered":"http:\/\/www.jungsi.de\/?page_id=18479"},"modified":"2026-03-28T18:45:48","modified_gmt":"2026-03-28T17:45:48","slug":"nintendo-64","status":"publish","type":"page","link":"https:\/\/www.jungsi.de\/en\/konsolen\/nintendo-konsolen\/nintendo-64\/","title":{"rendered":"Nintendo 64"},"content":{"rendered":"<p><\/p>\n\n\n\n<h2 class=\"wp-block-heading has-text-align-center\">Nintendo 64<\/h2>\n\n\n<div class=\"wp-block-image\">\n<figure class=\"aligncenter\"><img loading=\"lazy\" decoding=\"async\" width=\"800\" height=\"600\" data-attachment-id=\"18009\" data-permalink=\"https:\/\/www.jungsi.de\/en\/nintendo-64-nintendo\/nintendo-64-links-oben-2\/\" data-orig-file=\"https:\/\/www.jungsi.de\/blog\/wp-content\/uploads\/Nintendo-64-links-oben-2.jpg\" data-orig-size=\"800,600\" data-comments-opened=\"1\" data-image-meta=\"{&quot;aperture&quot;:&quot;3.5&quot;,&quot;credit&quot;:&quot;&quot;,&quot;camera&quot;:&quot;Canon PowerShot SX260 HS&quot;,&quot;caption&quot;:&quot;&quot;,&quot;created_timestamp&quot;:&quot;1497527394&quot;,&quot;copyright&quot;:&quot;&quot;,&quot;focal_length&quot;:&quot;4.5&quot;,&quot;iso&quot;:&quot;800&quot;,&quot;shutter_speed&quot;:&quot;0.05&quot;,&quot;title&quot;:&quot;&quot;,&quot;orientation&quot;:&quot;1&quot;}\" data-image-title=\"Nintendo 64 links oben 2\" data-image-description=\"&lt;p&gt;Nintendo 64&lt;\/p&gt;\" data-image-caption=\"&lt;p&gt;Nintendo 64&lt;\/p&gt;\" data-large-file=\"https:\/\/www.jungsi.de\/blog\/wp-content\/uploads\/Nintendo-64-links-oben-2.jpg\" src=\"https:\/\/www.jungsi.de\/blog\/wp-content\/uploads\/Nintendo-64-links-oben-2.jpg\" alt=\"Nintendo 64\" class=\"wp-image-18009\" srcset=\"https:\/\/www.jungsi.de\/blog\/wp-content\/uploads\/Nintendo-64-links-oben-2.jpg 800w, https:\/\/www.jungsi.de\/blog\/wp-content\/uploads\/Nintendo-64-links-oben-2-300x225.jpg 300w\" sizes=\"auto, (max-width: 800px) 100vw, 800px\" \/><figcaption class=\"wp-element-caption\">Nintendo 64<\/figcaption><\/figure>\n<\/div>\n\n\n<p>Der Nintendo 64 war Nintendos mutiger Schritt in die 3D-\u00c4ra \u2013 und gleichzeitig eine Entscheidung, die das Unternehmen Marktanteile kosten sollte. W\u00e4hrend Sony mit der PlayStation auf CD-ROMs setzte, hielt Nintendo an den teureren Modulen fest, was viele Drittentwickler zur Konkurrenz trieb. Technisch war der N64 dennoch beeindruckend: Der 64-Bit-MIPS-Prozessor und der SGI-Grafikchip erm\u00f6glichten Titel wie Super Mario 64 und The Legend of Zelda: Ocarina of Time, die als Meilensteine der Spielgeschichte gelten. Das Analog-Steuerkreuz des N64-Controllers wurde wegweisend f\u00fcr alle nachfolgenden Gamepads. In Japan und Nordamerika erschien das Ger\u00e4t 1996, Europa musste bis 1997 warten. Trotz des harten Wettbewerbs verkaufte sich der N64 rund 33 Millionen Mal \u2013 eine respektable Zahl, die seinen kulturellen Einfluss jedoch kaum widerspiegelt.<\/p>\n\n\n\n<p class=\"has-text-align-center\">\n<table id=\"tablepress-241\" class=\"tablepress tablepress-id-241\">\n<tbody>\n<tr class=\"row-1\">\n\t<td class=\"column-1\"><strong>Ver\u00f6ffentlichung:<\/strong><\/td><td class=\"column-2\">1996<\/td>\n<\/tr>\n<tr class=\"row-2\">\n\t<td class=\"column-1\"><strong>verkaufte Einheiten:<\/strong><\/td><td class=\"column-2\">ca. 33 Millionen<\/td>\n<\/tr>\n<tr class=\"row-3\">\n\t<td class=\"column-1\"><strong>Generation:<\/strong><\/td><td class=\"column-2\">5. Konsolen-Generation<\/td>\n<\/tr>\n<tr class=\"row-4\">\n\t<td class=\"column-1\"><strong>Prozessor: <\/strong><\/td><td class=\"column-2\">SGI (NEC) 64-Bit MIPS R4300i RISC (93,75 MHz), 24 kB L1 Cache, 125 MIPS, 250 MB\/s Bus<\/td>\n<\/tr>\n<tr class=\"row-5\">\n\t<td class=\"column-1\"><strong>Koprozessor:<\/strong><\/td><td class=\"column-2\">SGI 64-Bit RCP (62,5 MHz), 100 MFLOPS, 150k Polygons\/sec, 32-bit Color, 500 MB\/sec Bus<\/td>\n<\/tr>\n<tr class=\"row-6\">\n\t<td class=\"column-1\"><strong>Speicher:<\/strong><\/td><td class=\"column-2\">500 MHz Rambus DRAM (4 MB bzw. 36 Mbit, mit Expansion Pak 8 MB bzw. 72 Mbit), Unified Memory Architecture<\/td>\n<\/tr>\n<tr class=\"row-7\">\n\t<td class=\"column-1\"><strong>Grafik:<\/strong><\/td><td class=\"column-2\">256\u00d7224 bis 646\u00d7486 (NTSC) bzw. 768\u00d7576 (PAL) Pixel Aufl\u00f6sung<\/td>\n<\/tr>\n<tr class=\"row-8\">\n\t<td class=\"column-1\"><strong>Farbtiefe:<\/strong><\/td><td class=\"column-2\">32-Bit<\/td>\n<\/tr>\n<tr class=\"row-9\">\n\t<td class=\"column-1\"><strong>Sound:<\/strong><\/td><td class=\"column-2\">DPCM, 16-Bit Stereo (44,1 kHz), Dolby Surround<\/td>\n<\/tr>\n<\/tbody>\n<\/table>\n <\/p>\n\n\n<div class=\"wp-block-image\">\n<figure class=\"aligncenter\"><img loading=\"lazy\" decoding=\"async\" width=\"800\" height=\"600\" data-attachment-id=\"18010\" data-permalink=\"https:\/\/www.jungsi.de\/en\/nintendo-64-nintendo\/nintendo-64-controller\/\" data-orig-file=\"https:\/\/www.jungsi.de\/blog\/wp-content\/uploads\/Nintendo-64-Controller.jpg\" data-orig-size=\"800,600\" data-comments-opened=\"1\" data-image-meta=\"{&quot;aperture&quot;:&quot;3.5&quot;,&quot;credit&quot;:&quot;&quot;,&quot;camera&quot;:&quot;Canon PowerShot SX260 HS&quot;,&quot;caption&quot;:&quot;&quot;,&quot;created_timestamp&quot;:&quot;1497527644&quot;,&quot;copyright&quot;:&quot;&quot;,&quot;focal_length&quot;:&quot;4.5&quot;,&quot;iso&quot;:&quot;500&quot;,&quot;shutter_speed&quot;:&quot;0.033333333333333&quot;,&quot;title&quot;:&quot;&quot;,&quot;orientation&quot;:&quot;1&quot;}\" data-image-title=\"Nintendo 64 Controller\" data-image-description=\"&lt;p&gt;Nintendo 64 Controller&lt;\/p&gt;\" data-image-caption=\"&lt;p&gt;Nintendo 64 Controller&lt;\/p&gt;\" data-large-file=\"https:\/\/www.jungsi.de\/blog\/wp-content\/uploads\/Nintendo-64-Controller.jpg\" src=\"https:\/\/www.jungsi.de\/blog\/wp-content\/uploads\/Nintendo-64-Controller.jpg\" alt=\"Nintendo 64 Controller\" class=\"wp-image-18010\" srcset=\"https:\/\/www.jungsi.de\/blog\/wp-content\/uploads\/Nintendo-64-Controller.jpg 800w, https:\/\/www.jungsi.de\/blog\/wp-content\/uploads\/Nintendo-64-Controller-300x225.jpg 300w\" sizes=\"auto, (max-width: 800px) 100vw, 800px\" \/><figcaption class=\"wp-element-caption\">Nintendo 64 Controller<\/figcaption><\/figure>\n<\/div>\n\n<div class=\"wp-block-image\">\n<figure class=\"aligncenter size-large\"><img loading=\"lazy\" decoding=\"async\" width=\"1024\" height=\"576\" data-attachment-id=\"25670\" data-permalink=\"https:\/\/www.jungsi.de\/en\/brawler-64-wireless-gamepad-nintendo-64\/brawler-64-oberseite\/\" data-orig-file=\"https:\/\/www.jungsi.de\/blog\/wp-content\/uploads\/Brawler-64-Oberseite.jpg\" data-orig-size=\"1400,788\" data-comments-opened=\"1\" data-image-meta=\"{&quot;aperture&quot;:&quot;3.5&quot;,&quot;credit&quot;:&quot;&quot;,&quot;camera&quot;:&quot;DMC-G70&quot;,&quot;caption&quot;:&quot;&quot;,&quot;created_timestamp&quot;:&quot;1613142854&quot;,&quot;copyright&quot;:&quot;&quot;,&quot;focal_length&quot;:&quot;14&quot;,&quot;iso&quot;:&quot;1600&quot;,&quot;shutter_speed&quot;:&quot;0.025&quot;,&quot;title&quot;:&quot;&quot;,&quot;orientation&quot;:&quot;1&quot;}\" data-image-title=\"Brawler 64 &amp;#8211; Oberseite\" data-image-description=\"&lt;p&gt;Brawler 64 wireless&lt;\/p&gt;\" data-image-caption=\"&lt;p&gt;Brawler 64 wireless&lt;\/p&gt;\" data-large-file=\"https:\/\/www.jungsi.de\/blog\/wp-content\/uploads\/Brawler-64-Oberseite-1024x576.jpg\" src=\"https:\/\/www.jungsi.de\/blog\/wp-content\/uploads\/Brawler-64-Oberseite-1024x576.jpg\" alt=\"Brawler 64 wireless\" class=\"wp-image-25670\" srcset=\"https:\/\/www.jungsi.de\/blog\/wp-content\/uploads\/Brawler-64-Oberseite-1024x576.jpg 1024w, https:\/\/www.jungsi.de\/blog\/wp-content\/uploads\/Brawler-64-Oberseite-300x169.jpg 300w, https:\/\/www.jungsi.de\/blog\/wp-content\/uploads\/Brawler-64-Oberseite.jpg 1400w\" sizes=\"auto, (max-width: 1024px) 100vw, 1024px\" \/><figcaption class=\"wp-element-caption\">Brawler 64 wireless<\/figcaption><\/figure>\n<\/div>\n\n<div class=\"wp-block-image\">\n<figure class=\"aligncenter size-large\"><img loading=\"lazy\" decoding=\"async\" width=\"1024\" height=\"768\" data-attachment-id=\"20350\" data-permalink=\"https:\/\/www.jungsi.de\/en\/brawler-64-nintendo-64\/brawler-64\/\" data-orig-file=\"https:\/\/www.jungsi.de\/blog\/wp-content\/uploads\/Brawler-64.jpg\" data-orig-size=\"1400,1050\" data-comments-opened=\"1\" data-image-meta=\"{&quot;aperture&quot;:&quot;3.5&quot;,&quot;credit&quot;:&quot;&quot;,&quot;camera&quot;:&quot;Canon PowerShot SX260 HS&quot;,&quot;caption&quot;:&quot;&quot;,&quot;created_timestamp&quot;:&quot;1521820655&quot;,&quot;copyright&quot;:&quot;&quot;,&quot;focal_length&quot;:&quot;4.5&quot;,&quot;iso&quot;:&quot;500&quot;,&quot;shutter_speed&quot;:&quot;0.033333333333333&quot;,&quot;title&quot;:&quot;&quot;,&quot;orientation&quot;:&quot;1&quot;}\" data-image-title=\"Brawler 64\" data-image-description=\"&lt;p&gt;Brawler 64&lt;\/p&gt;\" data-image-caption=\"&lt;p&gt;Brawler 64&lt;\/p&gt;\" data-large-file=\"https:\/\/www.jungsi.de\/blog\/wp-content\/uploads\/Brawler-64-1024x768.jpg\" src=\"https:\/\/www.jungsi.de\/blog\/wp-content\/uploads\/Brawler-64-1024x768.jpg\" alt=\"Brawler 64\" class=\"wp-image-20350\" srcset=\"https:\/\/www.jungsi.de\/blog\/wp-content\/uploads\/Brawler-64-1024x768.jpg 1024w, https:\/\/www.jungsi.de\/blog\/wp-content\/uploads\/Brawler-64-300x225.jpg 300w, https:\/\/www.jungsi.de\/blog\/wp-content\/uploads\/Brawler-64.jpg 1400w\" sizes=\"auto, (max-width: 1024px) 100vw, 1024px\" \/><figcaption class=\"wp-element-caption\">Brawler 64<\/figcaption><\/figure>\n<\/div>\n\n<div class=\"wp-block-image\">\n<figure class=\"aligncenter size-large\"><img loading=\"lazy\" decoding=\"async\" width=\"1024\" height=\"768\" data-attachment-id=\"36333\" data-permalink=\"https:\/\/www.jungsi.de\/en\/konsolen\/nintendo-konsolen\/nintendo-64\/summercart-64-cartridge-vorderseite\/\" data-orig-file=\"https:\/\/www.jungsi.de\/blog\/wp-content\/uploads\/Summercart-64-Cartridge-Vorderseite.jpg\" data-orig-size=\"1400,1050\" data-comments-opened=\"1\" data-image-meta=\"{&quot;aperture&quot;:&quot;1.5&quot;,&quot;credit&quot;:&quot;&quot;,&quot;camera&quot;:&quot;iPhone 14&quot;,&quot;caption&quot;:&quot;&quot;,&quot;created_timestamp&quot;:&quot;1741252165&quot;,&quot;copyright&quot;:&quot;&quot;,&quot;focal_length&quot;:&quot;5.7&quot;,&quot;iso&quot;:&quot;160&quot;,&quot;shutter_speed&quot;:&quot;0.016666666666667&quot;,&quot;title&quot;:&quot;&quot;,&quot;orientation&quot;:&quot;1&quot;}\" data-image-title=\"Summercart 64 &amp;#8211; Cartridge Vorderseite\" data-image-description=\"&lt;p&gt;Summercart 64 &lt;\/p&gt;\" data-image-caption=\"&lt;p&gt;Summercart 64 &lt;\/p&gt;\" data-large-file=\"https:\/\/www.jungsi.de\/blog\/wp-content\/uploads\/Summercart-64-Cartridge-Vorderseite-1024x768.jpg\" src=\"https:\/\/www.jungsi.de\/blog\/wp-content\/uploads\/Summercart-64-Cartridge-Vorderseite-1024x768.jpg\" alt=\"Summercart 64 \" class=\"wp-image-36333\" srcset=\"https:\/\/www.jungsi.de\/blog\/wp-content\/uploads\/Summercart-64-Cartridge-Vorderseite-1024x768.jpg 1024w, https:\/\/www.jungsi.de\/blog\/wp-content\/uploads\/Summercart-64-Cartridge-Vorderseite-300x225.jpg 300w, https:\/\/www.jungsi.de\/blog\/wp-content\/uploads\/Summercart-64-Cartridge-Vorderseite.jpg 1400w\" sizes=\"auto, (max-width: 1024px) 100vw, 1024px\" \/><figcaption class=\"wp-element-caption\">Summer Cart 64<\/figcaption><\/figure>\n<\/div>","protected":false},"excerpt":{"rendered":"<p>Nintendo 64 Der Nintendo 64 war Nintendos mutiger Schritt in die 3D-\u00c4ra \u2013 und gleichzeitig eine Entscheidung, die das Unternehmen Marktanteile kosten sollte. W\u00e4hrend Sony \u2026<\/p>","protected":false},"author":2,"featured_media":36333,"parent":28319,"menu_order":0,"comment_status":"closed","ping_status":"closed","template":"","meta":{"_lmt_disableupdate":"","_lmt_disable":"","ngg_post_thumbnail":0,"jetpack_post_was_ever_published":false,"footnotes":"","_links_to":"","_links_to_target":""},"class_list":["post-18479","page","type-page","status-publish","has-post-thumbnail","hentry"],"jetpack_shortlink":"https:\/\/wp.me\/P4eXvk-4O3","jetpack_sharing_enabled":true,"jetpack_likes_enabled":true,"jetpack-related-posts":[{"id":28319,"url":"https:\/\/www.jungsi.de\/en\/konsolen\/nintendo-konsolen\/","url_meta":{"origin":18479,"position":0},"title":"Nintendo Konsolen","author":"Jungsi","date":"16. January 2023","format":false,"excerpt":"Nintendo Konsolen Nintendo Entertainment System Super Nintendo Entertainment System Nintendo 64 Nintendo Wii Nintendo Switch Hier ist eine kurze \u00dcbersicht der wichtigsten Heimvideospielkonsolen von Nintendo: 1. Nintendo Entertainment System (NES) (1983\/1985) Beschreibung: Urspr\u00fcnglich 1983 in Japan als Famicom ver\u00f6ffentlicht, war das NES 1985 der erste gro\u00dfe Erfolg von Nintendo im\u2026","rel":"","context":"Similar post","block_context":{"text":"Similar post","link":""},"img":{"alt_text":"","src":"","width":0,"height":0},"classes":[]},{"id":7410,"url":"https:\/\/www.jungsi.de\/en\/spiele\/nintendo\/","url_meta":{"origin":18479,"position":1},"title":"Nintendo","author":"Jungsi","date":"19. January 2015","format":false,"excerpt":"Nintendo Game Boy Game Boy Advance NES SNES Nintendo 64 Nintendo 3DS Game Boy Blaster Master Jr. (1991) Donkey Kong (1994) Go! Go! Tank (1990) Golf (1989) Kirby's Dream Land (1992) Kirby's Pinball Land (1993) Pokemon blau (1996) Pokemon rot (1996) Street Fighter II (1995) Super Mario Land (1989) Super\u2026","rel":"","context":"Similar post","block_context":{"text":"Similar post","link":""},"img":{"alt_text":"Blaster Master","src":"https:\/\/i0.wp.com\/www.jungsi.de\/blog\/wp-content\/uploads\/GB-Blaster-Master.jpg?resize=350%2C200&ssl=1","width":350,"height":200,"srcset":"https:\/\/i0.wp.com\/www.jungsi.de\/blog\/wp-content\/uploads\/GB-Blaster-Master.jpg?resize=350%2C200&ssl=1 1x, https:\/\/i0.wp.com\/www.jungsi.de\/blog\/wp-content\/uploads\/GB-Blaster-Master.jpg?resize=525%2C300&ssl=1 1.5x, https:\/\/i0.wp.com\/www.jungsi.de\/blog\/wp-content\/uploads\/GB-Blaster-Master.jpg?resize=700%2C400&ssl=1 2x, https:\/\/i0.wp.com\/www.jungsi.de\/blog\/wp-content\/uploads\/GB-Blaster-Master.jpg?resize=1050%2C600&ssl=1 3x"},"classes":[]},{"id":28315,"url":"https:\/\/www.jungsi.de\/en\/konsolen\/sega-konsolen\/","url_meta":{"origin":18479,"position":2},"title":"Sega Konsolen","author":"Jungsi","date":"16. January 2023","format":false,"excerpt":"Sega Konsolen Sega Master System \u2013 Sega Master System II Sega Mega Drive \u2013 Sega Mega Drive II Sega Saturn Sega Dreamcast Sega ist eine bekannte japanische Videospiel- und Konsolenherstellerin, die mehrere bedeutende Spielekonsolen ver\u00f6ffentlicht hat. Hier ist eine kurze \u00dcbersicht der wichtigsten Sega-Konsolen: 1. SG-1000 (1983) Beschreibung: Segas erste\u2026","rel":"","context":"Similar post","block_context":{"text":"Similar post","link":""},"img":{"alt_text":"","src":"","width":0,"height":0},"classes":[]},{"id":32900,"url":"https:\/\/www.jungsi.de\/en\/handheld-konsolen\/nintendo\/nintendo-game-watch\/","url_meta":{"origin":18479,"position":3},"title":"Nintendo Game &amp; Watch","author":"Jungsi","date":"31. July 2024","format":false,"excerpt":"Nintendo Game & Watch Game and Watch - Helmet Game & Watch - The Legend Of Zelda Game and Watch - Super Mario Bros Die Nintendo Game & Watch-Serie war ein bedeutender Schritt in der Entwicklung tragbarer Videospiele und legte den Grundstein f\u00fcr viele zuk\u00fcnftige Innovationen von Nintendo. Die Geschichte\u2026","rel":"","context":"Similar post","block_context":{"text":"Similar post","link":""},"img":{"alt_text":"Game & Watch - The Legend Of Zelda","src":"https:\/\/i0.wp.com\/www.jungsi.de\/blog\/wp-content\/uploads\/Game-Watch-The-Legend-Of-Zelda.jpg?resize=350%2C200&ssl=1","width":350,"height":200,"srcset":"https:\/\/i0.wp.com\/www.jungsi.de\/blog\/wp-content\/uploads\/Game-Watch-The-Legend-Of-Zelda.jpg?resize=350%2C200&ssl=1 1x, https:\/\/i0.wp.com\/www.jungsi.de\/blog\/wp-content\/uploads\/Game-Watch-The-Legend-Of-Zelda.jpg?resize=525%2C300&ssl=1 1.5x, https:\/\/i0.wp.com\/www.jungsi.de\/blog\/wp-content\/uploads\/Game-Watch-The-Legend-Of-Zelda.jpg?resize=700%2C400&ssl=1 2x, https:\/\/i0.wp.com\/www.jungsi.de\/blog\/wp-content\/uploads\/Game-Watch-The-Legend-Of-Zelda.jpg?resize=1050%2C600&ssl=1 3x, https:\/\/i0.wp.com\/www.jungsi.de\/blog\/wp-content\/uploads\/Game-Watch-The-Legend-Of-Zelda.jpg?resize=1400%2C800&ssl=1 4x"},"classes":[]},{"id":23220,"url":"https:\/\/www.jungsi.de\/en\/konsolen\/3do\/","url_meta":{"origin":18479,"position":4},"title":"3DO &#8211; Panasonic FZ-10","author":"Jungsi","date":"31. May 2019","format":false,"excerpt":"Panasonic FZ-10 - 3DO Panasonic FZ-10 Trip Hawkins, der ehemalige Chef von Electronic Arts, war der Pionier hinter dem 3DO. Er verfolgte das Ziel, mit dem CD-ROM-Laufwerk eine universelle Plattform f\u00fcr Spiele und Multimedia-Inhalte zu etablieren. Zu seinem Team geh\u00f6rten auch die ehemaligen Entwickler des Commodore Amiga und Atari Lynx,\u2026","rel":"","context":"Similar post","block_context":{"text":"Similar post","link":""},"img":{"alt_text":"Panasonic FZ-10","src":"https:\/\/i0.wp.com\/www.jungsi.de\/blog\/wp-content\/uploads\/FZ-10-1.jpg?resize=350%2C200&ssl=1","width":350,"height":200,"srcset":"https:\/\/i0.wp.com\/www.jungsi.de\/blog\/wp-content\/uploads\/FZ-10-1.jpg?resize=350%2C200&ssl=1 1x, https:\/\/i0.wp.com\/www.jungsi.de\/blog\/wp-content\/uploads\/FZ-10-1.jpg?resize=525%2C300&ssl=1 1.5x, https:\/\/i0.wp.com\/www.jungsi.de\/blog\/wp-content\/uploads\/FZ-10-1.jpg?resize=700%2C400&ssl=1 2x, https:\/\/i0.wp.com\/www.jungsi.de\/blog\/wp-content\/uploads\/FZ-10-1.jpg?resize=1050%2C600&ssl=1 3x, https:\/\/i0.wp.com\/www.jungsi.de\/blog\/wp-content\/uploads\/FZ-10-1.jpg?resize=1400%2C800&ssl=1 4x"},"classes":[]},{"id":19690,"url":"https:\/\/www.jungsi.de\/en\/handheld-konsolen\/nintendo\/nintendo-game-boy-advance-sp\/","url_meta":{"origin":18479,"position":5},"title":"Nintendo Game Boy Advance (SP)","author":"Jungsi","date":"26. February 2018","format":false,"excerpt":"Nintendo Game Boy Advance (SP) Game Boy Advance Der Nintendo Game Boy Advance (GBA) war ein bedeutender Fortschritt in der Welt der tragbaren Videospiele und stellte eine neue \u00c4ra f\u00fcr Handheld-Gaming dar. Nach dem Erfolg des Game Boy und des Game Boy Color wollte Nintendo die Grenzen des M\u00f6glichen weiter\u2026","rel":"","context":"Similar post","block_context":{"text":"Similar post","link":""},"img":{"alt_text":"Game Boy Advance","src":"https:\/\/i0.wp.com\/www.jungsi.de\/blog\/wp-content\/uploads\/Gameboy-Advance-Oberseite.jpg?resize=350%2C200&ssl=1","width":350,"height":200,"srcset":"https:\/\/i0.wp.com\/www.jungsi.de\/blog\/wp-content\/uploads\/Gameboy-Advance-Oberseite.jpg?resize=350%2C200&ssl=1 1x, https:\/\/i0.wp.com\/www.jungsi.de\/blog\/wp-content\/uploads\/Gameboy-Advance-Oberseite.jpg?resize=525%2C300&ssl=1 1.5x, https:\/\/i0.wp.com\/www.jungsi.de\/blog\/wp-content\/uploads\/Gameboy-Advance-Oberseite.jpg?resize=700%2C400&ssl=1 2x"},"classes":[]}],"_links":{"self":[{"href":"https:\/\/www.jungsi.de\/en\/wp-json\/wp\/v2\/pages\/18479","targetHints":{"allow":["GET"]}}],"collection":[{"href":"https:\/\/www.jungsi.de\/en\/wp-json\/wp\/v2\/pages"}],"about":[{"href":"https:\/\/www.jungsi.de\/en\/wp-json\/wp\/v2\/types\/page"}],"author":[{"embeddable":true,"href":"https:\/\/www.jungsi.de\/en\/wp-json\/wp\/v2\/users\/2"}],"replies":[{"embeddable":true,"href":"https:\/\/www.jungsi.de\/en\/wp-json\/wp\/v2\/comments?post=18479"}],"version-history":[{"count":1,"href":"https:\/\/www.jungsi.de\/en\/wp-json\/wp\/v2\/pages\/18479\/revisions"}],"predecessor-version":[{"id":40525,"href":"https:\/\/www.jungsi.de\/en\/wp-json\/wp\/v2\/pages\/18479\/revisions\/40525"}],"up":[{"embeddable":true,"href":"https:\/\/www.jungsi.de\/en\/wp-json\/wp\/v2\/pages\/28319"}],"wp:featuredmedia":[{"embeddable":true,"href":"https:\/\/www.jungsi.de\/en\/wp-json\/wp\/v2\/media\/36333"}],"wp:attachment":[{"href":"https:\/\/www.jungsi.de\/en\/wp-json\/wp\/v2\/media?parent=18479"}],"curies":[{"name":"wp","href":"https:\/\/api.w.org\/{rel}","templated":true}]}}