{"id":18475,"date":"2017-09-15T16:19:18","date_gmt":"2017-09-15T14:19:18","guid":{"rendered":"http:\/\/www.jungsi.de\/?page_id=18475"},"modified":"2024-12-23T16:34:19","modified_gmt":"2024-12-23T15:34:19","slug":"atari-jaguar","status":"publish","type":"page","link":"https:\/\/www.jungsi.de\/en\/konsolen\/atari-konsolen\/atari-jaguar\/","title":{"rendered":"Atari Jaguar"},"content":{"rendered":"<p><\/p>\n\n\n\n<h2 class=\"wp-block-heading has-text-align-center\"><strong>Atari Jaguar<\/strong><\/h2>\n\n\n<div class=\"wp-block-image wp-image-18498\">\n<figure class=\"aligncenter\"><img loading=\"lazy\" decoding=\"async\" width=\"800\" height=\"600\" data-attachment-id=\"18498\" data-permalink=\"https:\/\/www.jungsi.de\/en\/konsolen\/atari-konsolen\/atari-jaguar\/aari-jaguar-mit-controller\/\" data-orig-file=\"https:\/\/www.jungsi.de\/blog\/wp-content\/uploads\/Aari-Jaguar-mit-Controller.jpg\" data-orig-size=\"800,600\" data-comments-opened=\"1\" data-image-meta=\"{&quot;aperture&quot;:&quot;3.5&quot;,&quot;credit&quot;:&quot;&quot;,&quot;camera&quot;:&quot;Canon PowerShot SX260 HS&quot;,&quot;caption&quot;:&quot;&quot;,&quot;created_timestamp&quot;:&quot;1505494701&quot;,&quot;copyright&quot;:&quot;&quot;,&quot;focal_length&quot;:&quot;5.84&quot;,&quot;iso&quot;:&quot;800&quot;,&quot;shutter_speed&quot;:&quot;0.033333333333333&quot;,&quot;title&quot;:&quot;&quot;,&quot;orientation&quot;:&quot;1&quot;}\" data-image-title=\"Atari Jaguar mit Controller\" data-image-description=\"&lt;p&gt;Atari Jaguar mit Controller&lt;\/p&gt;\" data-image-caption=\"&lt;p&gt;Atari Jaguar mit Controller&lt;\/p&gt;\" data-large-file=\"https:\/\/www.jungsi.de\/blog\/wp-content\/uploads\/Aari-Jaguar-mit-Controller.jpg\" src=\"https:\/\/www.jungsi.de\/blog\/wp-content\/uploads\/Aari-Jaguar-mit-Controller.jpg\" alt=\"Atari Jaguar mit Controller\" class=\"wp-image-18498\" srcset=\"https:\/\/www.jungsi.de\/blog\/wp-content\/uploads\/Aari-Jaguar-mit-Controller.jpg 800w, https:\/\/www.jungsi.de\/blog\/wp-content\/uploads\/Aari-Jaguar-mit-Controller-300x225.jpg 300w\" sizes=\"auto, (max-width: 800px) 100vw, 800px\" \/><figcaption class=\"wp-element-caption\">Atari Jaguar mit Controller<\/figcaption><\/figure>\n<\/div>\n\n\n<p>Die letzte und sechste Videospielkonsole von Atari, der Atari Jaguar, ausgestattet mit dem Motorola MC68000 Prozessor, war ein kommerzieller Misserfolg. Es wurden zwischen 125.000 und 250.000 Einheiten verkauft. Die mehr als 100 Spiele f\u00fcr die Konsole erwiesen sich gr\u00f6\u00dftenteils als Klone oder Kopien anderer Spiele. Aufgrund von Hardwarefehlern in den Prozessoren war nur eine interne Verarbeitung mit 32 Bit und eine externe mit 16 Bit m\u00f6glich, obwohl 64 Bit beworben wurden. Viele weitere Fehler konnten erst nachtr\u00e4glich behoben werden. Trotz langer Vorank\u00fcndigung wurde das Jaguar CD-Laufwerk erst Ende 1995 ver\u00f6ffentlicht, konnte jedoch den Untergang der Konsole nicht verhindern.<\/p>\n\n\n\n<table id=\"tablepress-240\" class=\"tablepress tablepress-id-240\">\n<tbody>\n<tr class=\"row-1\">\n\t<td class=\"column-1\"><strong>Ver\u00f6ffentlichung:<\/strong><\/td><td class=\"column-2\">1993<\/td>\n<\/tr>\n<tr class=\"row-2\">\n\t<td class=\"column-1\"><strong>verkaufte Einheiten:<\/strong><\/td><td class=\"column-2\">ca. 225.000<\/td>\n<\/tr>\n<tr class=\"row-3\">\n\t<td class=\"column-1\"><strong>Einordnung:<\/strong><\/td><td class=\"column-2\">5. Generation (1993-2002)<\/td>\n<\/tr>\n<tr class=\"row-4\">\n\t<td class=\"column-1\"><br \/>\n<strong>Prozessoren 1 und 2:<\/td><td class=\"column-2\">TOM 64-Bit RISC<br \/>\nbeinhaltet den DRAM-Speichercontroller, den Objektprozessor, den Grafikchip mit 4 kB SRAM und den BLiTTER<\/td>\n<\/tr>\n<tr class=\"row-5\">\n\t<td class=\"column-1\"><strong>Prozessoren 3 und 4:<\/strong><\/td><td class=\"column-2\">\tJERRY 32-Bit<br \/>\nbeinhaltet den DSP (Digitaler Signalprozessor) mit 8 kB SRAM, Timer, Zeitcontroller, Soundchip<\/td>\n<\/tr>\n<tr class=\"row-6\">\n\t<td class=\"column-1\"><strong>Prozessor 5:<\/strong><\/td><td class=\"column-2\">Motorola MC68000 16\/32-Bit CISC @ 13,3 MHz<\/td>\n<\/tr>\n<tr class=\"row-7\">\n\t<td class=\"column-1\"><strong>Arbeitsspeicher:<\/strong><\/td><td class=\"column-2\">2 MB<\/td>\n<\/tr>\n<tr class=\"row-8\">\n\t<td class=\"column-1\"><strong>Aufl\u00f6sung:<\/strong><\/td><td class=\"column-2\">680\u00d7450<\/td>\n<\/tr>\n<tr class=\"row-9\">\n\t<td class=\"column-1\"><strong>Farbpalette:<\/strong><\/td><td class=\"column-2\">16,7 Mio.<\/td>\n<\/tr>\n<tr class=\"row-10\">\n\t<td class=\"column-1\"><strong>Farbtiefe:<\/strong><\/td><td class=\"column-2\">bis 32 Bit<\/td>\n<\/tr>\n<tr class=\"row-11\">\n\t<td class=\"column-1\"><strong>Sprites:<\/strong><\/td><td class=\"column-2\">unbegrenzt<\/td>\n<\/tr>\n<tr class=\"row-12\">\n\t<td class=\"column-1\"><strong>Soundkan\u00e4le:<\/strong><\/td><td class=\"column-2\">variabel<\/td>\n<\/tr>\n<\/tbody>\n<\/table>\n<!-- #tablepress-240 from cache -->\n\n\n<p class=\"has-text-align-center\"><strong>Zubeh\u00f6r<\/strong><\/p>\n\n\n\n<figure class=\"wp-block-gallery has-nested-images columns-3 is-cropped wp-block-gallery-1 is-layout-flex wp-block-gallery-is-layout-flex\">\n\n\n<figure class=\"wp-block-image size-large\"><img loading=\"lazy\" decoding=\"async\" width=\"800\" height=\"600\" data-attachment-id=\"18500\" data-permalink=\"https:\/\/www.jungsi.de\/en\/konsolen\/atari-konsolen\/atari-jaguar\/aari-jaguarteam-tapr\/\" data-orig-file=\"https:\/\/www.jungsi.de\/blog\/wp-content\/uploads\/Aari-JaguarTeam-Tapr.jpg\" data-orig-size=\"800,600\" data-comments-opened=\"1\" data-image-meta=\"{&quot;aperture&quot;:&quot;3.5&quot;,&quot;credit&quot;:&quot;&quot;,&quot;camera&quot;:&quot;Canon PowerShot SX260 HS&quot;,&quot;caption&quot;:&quot;&quot;,&quot;created_timestamp&quot;:&quot;1505494518&quot;,&quot;copyright&quot;:&quot;&quot;,&quot;focal_length&quot;:&quot;4.5&quot;,&quot;iso&quot;:&quot;250&quot;,&quot;shutter_speed&quot;:&quot;0.033333333333333&quot;,&quot;title&quot;:&quot;&quot;,&quot;orientation&quot;:&quot;1&quot;}\" data-image-title=\"Atari Jaguar Team Tap\" data-image-description=\"&lt;p&gt;Atari Jaguar Team Tap&lt;\/p&gt;\" data-image-caption=\"&lt;p&gt;Team Tap&lt;\/p&gt;\" data-large-file=\"https:\/\/www.jungsi.de\/blog\/wp-content\/uploads\/Aari-JaguarTeam-Tapr.jpg\" data-id=\"18500\" src=\"https:\/\/www.jungsi.de\/blog\/wp-content\/uploads\/Aari-JaguarTeam-Tapr.jpg\" alt=\"Atari Jaguar Team Tap\" class=\"wp-image-18500\" srcset=\"https:\/\/www.jungsi.de\/blog\/wp-content\/uploads\/Aari-JaguarTeam-Tapr.jpg 800w, https:\/\/www.jungsi.de\/blog\/wp-content\/uploads\/Aari-JaguarTeam-Tapr-300x225.jpg 300w\" sizes=\"auto, (max-width: 800px) 100vw, 800px\" \/><figcaption class=\"wp-element-caption\">Team Tap<\/figcaption><\/figure>\n\n\n\n<figure class=\"wp-block-image size-large\"><img loading=\"lazy\" decoding=\"async\" width=\"500\" height=\"375\" data-attachment-id=\"9361\" data-permalink=\"https:\/\/www.jungsi.de\/en\/rotary-controller-retro-atari-jaguar\/atari-jaguar-rotary-controller\/\" data-orig-file=\"https:\/\/www.jungsi.de\/blog\/wp-content\/uploads\/2015\/02\/Atari-Jaguar-Rotary-Controller.jpg\" data-orig-size=\"500,375\" data-comments-opened=\"1\" data-image-meta=\"{&quot;aperture&quot;:&quot;3.5&quot;,&quot;credit&quot;:&quot;&quot;,&quot;camera&quot;:&quot;Canon PowerShot SX260 HS&quot;,&quot;caption&quot;:&quot;&quot;,&quot;created_timestamp&quot;:&quot;1422798373&quot;,&quot;copyright&quot;:&quot;&quot;,&quot;focal_length&quot;:&quot;4.5&quot;,&quot;iso&quot;:&quot;1250&quot;,&quot;shutter_speed&quot;:&quot;0.05&quot;,&quot;title&quot;:&quot;&quot;,&quot;orientation&quot;:&quot;1&quot;}\" data-image-title=\"Atari Jaguar &amp;#8211; Rotary Controller\" data-image-description=\"&lt;p&gt;Atari Jaguar &amp;#8211; Rotary Controller&lt;\/p&gt;\" data-image-caption=\"&lt;p&gt;Rotary Controller&lt;\/p&gt;\" data-large-file=\"https:\/\/www.jungsi.de\/blog\/wp-content\/uploads\/2015\/02\/Atari-Jaguar-Rotary-Controller.jpg\" data-id=\"9361\" src=\"https:\/\/www.jungsi.de\/blog\/wp-content\/uploads\/2015\/02\/Atari-Jaguar-Rotary-Controller.jpg\" alt=\"Atari Jaguar - Rotary Controller\" class=\"wp-image-9361\" srcset=\"https:\/\/www.jungsi.de\/blog\/wp-content\/uploads\/2015\/02\/Atari-Jaguar-Rotary-Controller.jpg 500w, https:\/\/www.jungsi.de\/blog\/wp-content\/uploads\/2015\/02\/Atari-Jaguar-Rotary-Controller-300x225.jpg 300w\" sizes=\"auto, (max-width: 500px) 100vw, 500px\" \/><figcaption class=\"wp-element-caption\">Rotary Controller<\/figcaption><\/figure>\n\n\n\n<figure class=\"wp-block-image size-large\"><img loading=\"lazy\" decoding=\"async\" width=\"500\" height=\"375\" data-attachment-id=\"7349\" data-permalink=\"https:\/\/www.jungsi.de\/en\/skunkboard-atari-jaguar\/skunkboard-oberseite\/\" data-orig-file=\"https:\/\/www.jungsi.de\/blog\/wp-content\/uploads\/2014\/10\/Skunkboard-Oberseite.jpg\" data-orig-size=\"500,375\" data-comments-opened=\"1\" data-image-meta=\"{&quot;aperture&quot;:&quot;3.5&quot;,&quot;credit&quot;:&quot;&quot;,&quot;camera&quot;:&quot;Canon PowerShot SX260 HS&quot;,&quot;caption&quot;:&quot;&quot;,&quot;created_timestamp&quot;:&quot;1411744321&quot;,&quot;copyright&quot;:&quot;&quot;,&quot;focal_length&quot;:&quot;4.5&quot;,&quot;iso&quot;:&quot;1250&quot;,&quot;shutter_speed&quot;:&quot;0.05&quot;,&quot;title&quot;:&quot;&quot;,&quot;orientation&quot;:&quot;1&quot;}\" data-image-title=\"Skunkboard Oberseite\" data-image-description=\"&lt;p&gt;Skunkboard &amp;#8211; Oberseite&lt;\/p&gt;\" data-image-caption=\"&lt;p&gt;Skunkboard&lt;\/p&gt;\" data-large-file=\"https:\/\/www.jungsi.de\/blog\/wp-content\/uploads\/2014\/10\/Skunkboard-Oberseite.jpg\" data-id=\"7349\" src=\"https:\/\/www.jungsi.de\/blog\/wp-content\/uploads\/2014\/10\/Skunkboard-Oberseite.jpg\" alt=\"Skunkboard - Oberseite\" class=\"wp-image-7349\" srcset=\"https:\/\/www.jungsi.de\/blog\/wp-content\/uploads\/2014\/10\/Skunkboard-Oberseite.jpg 500w, https:\/\/www.jungsi.de\/blog\/wp-content\/uploads\/2014\/10\/Skunkboard-Oberseite-300x225.jpg 300w\" sizes=\"auto, (max-width: 500px) 100vw, 500px\" \/><figcaption class=\"wp-element-caption\">Skunkboard<\/figcaption><\/figure>\n\n\n\n<figure class=\"wp-block-image size-large\"><img loading=\"lazy\" decoding=\"async\" width=\"300\" height=\"225\" data-attachment-id=\"6661\" data-permalink=\"https:\/\/www.jungsi.de\/en\/memory-track-atari-jaguar\/atari-jaguar-cd-memory-track\/\" data-orig-file=\"https:\/\/www.jungsi.de\/blog\/wp-content\/uploads\/2014\/07\/Atari-Jaguar-CD-Memory-Track.png\" data-orig-size=\"300,225\" data-comments-opened=\"1\" data-image-meta=\"{&quot;aperture&quot;:&quot;0&quot;,&quot;credit&quot;:&quot;&quot;,&quot;camera&quot;:&quot;&quot;,&quot;caption&quot;:&quot;&quot;,&quot;created_timestamp&quot;:&quot;0&quot;,&quot;copyright&quot;:&quot;&quot;,&quot;focal_length&quot;:&quot;0&quot;,&quot;iso&quot;:&quot;0&quot;,&quot;shutter_speed&quot;:&quot;0&quot;,&quot;title&quot;:&quot;&quot;,&quot;orientation&quot;:&quot;0&quot;}\" data-image-title=\"Atari Jaguar CD &amp;#8211; Memory Track\" data-image-description=\"&lt;p&gt;Atari Jaguar CD &amp;#8211; Memory Track&lt;\/p&gt;\" data-image-caption=\"&lt;p&gt;Jaguar CD &amp;#8211; Memory Track&lt;\/p&gt;\" data-large-file=\"https:\/\/www.jungsi.de\/blog\/wp-content\/uploads\/2014\/07\/Atari-Jaguar-CD-Memory-Track.png\" data-id=\"6661\" src=\"https:\/\/www.jungsi.de\/blog\/wp-content\/uploads\/2014\/07\/Atari-Jaguar-CD-Memory-Track.png\" alt=\"Atari Jaguar CD - Memory Track\" class=\"wp-image-6661\"\/><figcaption class=\"wp-element-caption\">Jaguar CD &#8211; Memory Track<\/figcaption><\/figure>\n\n\n\n<figure class=\"wp-block-image size-large\"><img loading=\"lazy\" decoding=\"async\" width=\"1024\" height=\"576\" data-attachment-id=\"25135\" data-permalink=\"https:\/\/www.jungsi.de\/en\/game-drive-atari-jaguar\/game-drive\/\" data-orig-file=\"https:\/\/www.jungsi.de\/blog\/wp-content\/uploads\/Game-Drive.png\" data-orig-size=\"1400,788\" data-comments-opened=\"1\" data-image-meta=\"{&quot;aperture&quot;:&quot;0&quot;,&quot;credit&quot;:&quot;&quot;,&quot;camera&quot;:&quot;&quot;,&quot;caption&quot;:&quot;&quot;,&quot;created_timestamp&quot;:&quot;0&quot;,&quot;copyright&quot;:&quot;&quot;,&quot;focal_length&quot;:&quot;0&quot;,&quot;iso&quot;:&quot;0&quot;,&quot;shutter_speed&quot;:&quot;0&quot;,&quot;title&quot;:&quot;&quot;,&quot;orientation&quot;:&quot;0&quot;}\" data-image-title=\"Game Drive\" data-image-description=\"&lt;p&gt;Game Drive&lt;\/p&gt;\" data-image-caption=\"&lt;p&gt;Game Drive&lt;\/p&gt;\" data-large-file=\"https:\/\/www.jungsi.de\/blog\/wp-content\/uploads\/Game-Drive-1024x576.png\" data-id=\"25135\" src=\"https:\/\/www.jungsi.de\/blog\/wp-content\/uploads\/Game-Drive-1024x576.png\" alt=\"Game Drive\" class=\"wp-image-25135\" srcset=\"https:\/\/www.jungsi.de\/blog\/wp-content\/uploads\/Game-Drive-1024x576.png 1024w, https:\/\/www.jungsi.de\/blog\/wp-content\/uploads\/Game-Drive-300x169.png 300w, https:\/\/www.jungsi.de\/blog\/wp-content\/uploads\/Game-Drive.png 1400w\" sizes=\"auto, (max-width: 1024px) 100vw, 1024px\" \/><figcaption class=\"wp-element-caption\">Game Drive<\/figcaption><\/figure>\n\n\n\n<figure class=\"wp-block-image size-large\"><img loading=\"lazy\" decoding=\"async\" width=\"1024\" height=\"768\" data-attachment-id=\"22092\" data-permalink=\"https:\/\/www.jungsi.de\/en\/procontroller-atari-jaguar\/powerpad-1\/\" data-orig-file=\"https:\/\/www.jungsi.de\/blog\/wp-content\/uploads\/PowerPad-1.jpg\" data-orig-size=\"1400,1050\" data-comments-opened=\"1\" data-image-meta=\"{&quot;aperture&quot;:&quot;3.5&quot;,&quot;credit&quot;:&quot;&quot;,&quot;camera&quot;:&quot;Canon PowerShot SX260 HS&quot;,&quot;caption&quot;:&quot;&quot;,&quot;created_timestamp&quot;:&quot;1546356379&quot;,&quot;copyright&quot;:&quot;&quot;,&quot;focal_length&quot;:&quot;4.5&quot;,&quot;iso&quot;:&quot;1600&quot;,&quot;shutter_speed&quot;:&quot;0.125&quot;,&quot;title&quot;:&quot;&quot;,&quot;orientation&quot;:&quot;1&quot;}\" data-image-title=\"PowerPad 1\" data-image-description=\"&lt;p&gt;PowerPad&lt;\/p&gt;\" data-image-caption=\"&lt;p&gt;PowerPad&lt;\/p&gt;\" data-large-file=\"https:\/\/www.jungsi.de\/blog\/wp-content\/uploads\/PowerPad-1-1024x768.jpg\" data-id=\"22092\" src=\"https:\/\/www.jungsi.de\/blog\/wp-content\/uploads\/PowerPad-1-1024x768.jpg\" alt=\"PowerPad\" class=\"wp-image-22092\" srcset=\"https:\/\/www.jungsi.de\/blog\/wp-content\/uploads\/PowerPad-1-1024x768.jpg 1024w, https:\/\/www.jungsi.de\/blog\/wp-content\/uploads\/PowerPad-1-300x225.jpg 300w, https:\/\/www.jungsi.de\/blog\/wp-content\/uploads\/PowerPad-1.jpg 1400w\" sizes=\"auto, (max-width: 1024px) 100vw, 1024px\" \/><figcaption class=\"wp-element-caption\">PowerPad<\/figcaption><\/figure>\n\n\n\n<figure class=\"wp-block-image size-large\"><img loading=\"lazy\" decoding=\"async\" width=\"1024\" height=\"768\" data-attachment-id=\"30826\" data-permalink=\"https:\/\/www.jungsi.de\/en\/konsolen\/atari-konsolen\/atari-jaguar\/pro-controller\/\" data-orig-file=\"https:\/\/www.jungsi.de\/blog\/wp-content\/uploads\/Pro-Controller.jpg\" data-orig-size=\"1400,1050\" data-comments-opened=\"1\" data-image-meta=\"{&quot;aperture&quot;:&quot;3.5&quot;,&quot;credit&quot;:&quot;&quot;,&quot;camera&quot;:&quot;Canon PowerShot SX260 HS&quot;,&quot;caption&quot;:&quot;&quot;,&quot;created_timestamp&quot;:&quot;1544199132&quot;,&quot;copyright&quot;:&quot;&quot;,&quot;focal_length&quot;:&quot;4.5&quot;,&quot;iso&quot;:&quot;1000&quot;,&quot;shutter_speed&quot;:&quot;0.05&quot;,&quot;title&quot;:&quot;&quot;,&quot;orientation&quot;:&quot;1&quot;}\" data-image-title=\"Pro Controller\" data-image-description=\"&lt;p&gt;Pro Controller&lt;\/p&gt;\" data-image-caption=\"&lt;p&gt;Pro Controller&lt;\/p&gt;\" data-large-file=\"https:\/\/www.jungsi.de\/blog\/wp-content\/uploads\/Pro-Controller-1024x768.jpg\" data-id=\"30826\" src=\"https:\/\/www.jungsi.de\/blog\/wp-content\/uploads\/Pro-Controller-1024x768.jpg\" alt=\"Pro Controller\" class=\"wp-image-30826\" srcset=\"https:\/\/www.jungsi.de\/blog\/wp-content\/uploads\/Pro-Controller-1024x768.jpg 1024w, https:\/\/www.jungsi.de\/blog\/wp-content\/uploads\/Pro-Controller-300x225.jpg 300w, https:\/\/www.jungsi.de\/blog\/wp-content\/uploads\/Pro-Controller.jpg 1400w\" sizes=\"auto, (max-width: 1024px) 100vw, 1024px\" \/><figcaption class=\"wp-element-caption\">Pro Controller<\/figcaption><\/figure>\n\n\n\n<figure class=\"wp-block-image size-large\"><img loading=\"lazy\" decoding=\"async\" width=\"600\" height=\"800\" data-attachment-id=\"30827\" data-permalink=\"https:\/\/www.jungsi.de\/en\/konsolen\/atari-konsolen\/atari-jaguar\/translucent-jaguar\/\" data-orig-file=\"https:\/\/www.jungsi.de\/blog\/wp-content\/uploads\/Translucent-Jaguar.jpg\" data-orig-size=\"600,800\" data-comments-opened=\"1\" data-image-meta=\"{&quot;aperture&quot;:&quot;4.5&quot;,&quot;credit&quot;:&quot;&quot;,&quot;camera&quot;:&quot;Canon PowerShot SX260 HS&quot;,&quot;caption&quot;:&quot;&quot;,&quot;created_timestamp&quot;:&quot;1467383315&quot;,&quot;copyright&quot;:&quot;&quot;,&quot;focal_length&quot;:&quot;10.539&quot;,&quot;iso&quot;:&quot;800&quot;,&quot;shutter_speed&quot;:&quot;0.05&quot;,&quot;title&quot;:&quot;&quot;,&quot;orientation&quot;:&quot;1&quot;}\" data-image-title=\"Translucent &amp;#8211; Jaguar\" data-image-description=\"&lt;p&gt;Translucent &amp;#8211; Jaguar&lt;\/p&gt;\" data-image-caption=\"&lt;p&gt;Translucent &amp;#8211; Jaguar&lt;\/p&gt;\" data-large-file=\"https:\/\/www.jungsi.de\/blog\/wp-content\/uploads\/Translucent-Jaguar.jpg\" data-id=\"30827\" src=\"https:\/\/www.jungsi.de\/blog\/wp-content\/uploads\/Translucent-Jaguar.jpg\" alt=\"Translucent - Jaguar\" class=\"wp-image-30827\" srcset=\"https:\/\/www.jungsi.de\/blog\/wp-content\/uploads\/Translucent-Jaguar.jpg 600w, https:\/\/www.jungsi.de\/blog\/wp-content\/uploads\/Translucent-Jaguar-225x300.jpg 225w\" sizes=\"auto, (max-width: 600px) 100vw, 600px\" \/><figcaption class=\"wp-element-caption\">Translucent &#8211; Jaguar<\/figcaption><\/figure>\n\n\n\n<figure class=\"wp-block-image size-large\"><img loading=\"lazy\" decoding=\"async\" width=\"800\" height=\"600\" data-attachment-id=\"30828\" data-permalink=\"https:\/\/www.jungsi.de\/en\/konsolen\/atari-konsolen\/atari-jaguar\/translucent-cartridge\/\" data-orig-file=\"https:\/\/www.jungsi.de\/blog\/wp-content\/uploads\/Translucent-Cartridge.jpg\" data-orig-size=\"800,600\" data-comments-opened=\"1\" data-image-meta=\"{&quot;aperture&quot;:&quot;3.5&quot;,&quot;credit&quot;:&quot;&quot;,&quot;camera&quot;:&quot;Canon PowerShot SX260 HS&quot;,&quot;caption&quot;:&quot;&quot;,&quot;created_timestamp&quot;:&quot;1467383272&quot;,&quot;copyright&quot;:&quot;&quot;,&quot;focal_length&quot;:&quot;5.639&quot;,&quot;iso&quot;:&quot;800&quot;,&quot;shutter_speed&quot;:&quot;0.033333333333333&quot;,&quot;title&quot;:&quot;&quot;,&quot;orientation&quot;:&quot;1&quot;}\" data-image-title=\"Translucent &amp;#8211; Cartridge\" data-image-description=\"&lt;p&gt;Translucent &amp;#8211; Cartridge&lt;\/p&gt;\" data-image-caption=\"&lt;p&gt;Translucent &amp;#8211; Cartridge&lt;\/p&gt;\" data-large-file=\"https:\/\/www.jungsi.de\/blog\/wp-content\/uploads\/Translucent-Cartridge.jpg\" data-id=\"30828\" src=\"https:\/\/www.jungsi.de\/blog\/wp-content\/uploads\/Translucent-Cartridge.jpg\" alt=\"Translucent - Cartridge\" class=\"wp-image-30828\" srcset=\"https:\/\/www.jungsi.de\/blog\/wp-content\/uploads\/Translucent-Cartridge.jpg 800w, https:\/\/www.jungsi.de\/blog\/wp-content\/uploads\/Translucent-Cartridge-300x225.jpg 300w\" sizes=\"auto, (max-width: 800px) 100vw, 800px\" \/><figcaption class=\"wp-element-caption\">Translucent &#8211; Cartridge<\/figcaption><\/figure>\n<\/figure>","protected":false},"excerpt":{"rendered":"<p>Atari Jaguar Die letzte und sechste Videospielkonsole von Atari, der Atari Jaguar, ausgestattet mit dem Motorola MC68000 Prozessor, war ein kommerzieller Misserfolg. Es wurden zwischen \u2026<\/p>","protected":false},"author":2,"featured_media":18498,"parent":28312,"menu_order":0,"comment_status":"closed","ping_status":"closed","template":"","meta":{"_lmt_disableupdate":"","_lmt_disable":"","ngg_post_thumbnail":0,"jetpack_post_was_ever_published":false,"footnotes":"","_links_to":"","_links_to_target":""},"class_list":["post-18475","page","type-page","status-publish","has-post-thumbnail","hentry"],"jetpack_shortlink":"https:\/\/wp.me\/P4eXvk-4NZ","jetpack_sharing_enabled":true,"jetpack_likes_enabled":true,"jetpack-related-posts":[{"id":28312,"url":"https:\/\/www.jungsi.de\/en\/konsolen\/atari-konsolen\/","url_meta":{"origin":18475,"position":0},"title":"Atari Konsolen","author":"Jungsi","date":"16. January 2023","format":false,"excerpt":"Atari Konsolen Atari VCS Atari 7800 Atari Jaguar Geschichte von Atari und deren Spielekonsolen Gr\u00fcndung und Fr\u00fche Jahre (1972-1976): Gr\u00fcndung: Atari, Inc. wurde 1972 von Nolan Bushnell und Ted Dabney gegr\u00fcndet. Das Unternehmen wurde schnell durch die Ver\u00f6ffentlichung des Arcade-Spiels Pong bekannt, das zu einem riesigen Erfolg wurde und Atari\u2026","rel":"","context":"Similar post","block_context":{"text":"Similar post","link":""},"img":{"alt_text":"","src":"","width":0,"height":0},"classes":[]},{"id":27747,"url":"https:\/\/www.jungsi.de\/en\/heimcomputer\/atari-die-sammlung\/atari-falcon\/","url_meta":{"origin":18475,"position":1},"title":"Atari Falcon","author":"Jungsi","date":"13. January 2023","format":false,"excerpt":"Atari Falcon Atari Falcon 030 Bis zu seiner Vorstellung und Ver\u00f6ffentlichung durch Atari war der Falcon030 ein gut geh\u00fctetes Geheimnis, das oft nur mit \u201eno comment\u201c kommentiert wurde. Die Produktion \u00fcbernahmen Drittanbieter, da Atari seine Produktionsanlagen bereits verkauft hatte. Sch\u00e4tzungen zufolge wurden bis Herbst 1993 etwa 14.000 Falcon-Computer verkauft, davon\u2026","rel":"","context":"Similar post","block_context":{"text":"Similar post","link":""},"img":{"alt_text":"","src":"https:\/\/i0.wp.com\/www.jungsi.de\/blog\/wp-content\/uploads\/Atari-Falcon030-schraeg-oben.jpg?resize=350%2C200&ssl=1","width":350,"height":200,"srcset":"https:\/\/i0.wp.com\/www.jungsi.de\/blog\/wp-content\/uploads\/Atari-Falcon030-schraeg-oben.jpg?resize=350%2C200&ssl=1 1x, https:\/\/i0.wp.com\/www.jungsi.de\/blog\/wp-content\/uploads\/Atari-Falcon030-schraeg-oben.jpg?resize=525%2C300&ssl=1 1.5x, https:\/\/i0.wp.com\/www.jungsi.de\/blog\/wp-content\/uploads\/Atari-Falcon030-schraeg-oben.jpg?resize=700%2C400&ssl=1 2x, https:\/\/i0.wp.com\/www.jungsi.de\/blog\/wp-content\/uploads\/Atari-Falcon030-schraeg-oben.jpg?resize=1050%2C600&ssl=1 3x, https:\/\/i0.wp.com\/www.jungsi.de\/blog\/wp-content\/uploads\/Atari-Falcon030-schraeg-oben.jpg?resize=1400%2C800&ssl=1 4x"},"classes":[]},{"id":3752,"url":"https:\/\/www.jungsi.de\/en\/retro\/atari\/atari-das-zubehor\/","url_meta":{"origin":18475,"position":2},"title":"Atari &#8211; das Zubeh\u00f6r","author":"Jungsi","date":"26. September 2013","format":false,"excerpt":"Atari Portfolio \u00a0 Atari ST\/TT\/Falcon \u00a0 \u00a0 \u00a0 \u00a0 Atari Lynx Atari Jaguar Atari VCS2600 CX26 Silber Edition Atari 800XL\u00a0","rel":"","context":"Similar post","block_context":{"text":"Similar post","link":""},"img":{"alt_text":"","src":"https:\/\/i0.wp.com\/www.jungsi.de\/blog\/wp-content\/uploads\/portfolio-serial-interface.jpg?resize=350%2C200&ssl=1","width":350,"height":200},"classes":[]},{"id":3749,"url":"https:\/\/www.jungsi.de\/en\/heimcomputer\/atari-die-sammlung\/","url_meta":{"origin":18475,"position":3},"title":"Atari","author":"Jungsi","date":"26. September 2013","format":false,"excerpt":"Atari Heimcomputer\u00a0 Atari 800XL Atari Falcon Atari Portfolio Atari ST(E)\/Mega ST(E) Atari TT Geschichte der Atari Heimcomputer Die Geschichte der Atari Heimcomputer beginnt in den sp\u00e4ten 1970er Jahren und erstreckt sich \u00fcber mehrere Modellreihen, die in den 1980er Jahren gro\u00dfen Einfluss auf den Heimcomputermarkt hatten. Hier sind die wichtigsten Meilensteine:\u2026","rel":"","context":"With 2 comments","block_context":{"text":"With 2 comments","link":"https:\/\/www.jungsi.de\/en\/heimcomputer\/atari-die-sammlung\/#comments"},"img":{"alt_text":"","src":"https:\/\/i0.wp.com\/www.jungsi.de\/blog\/wp-content\/uploads\/2013\/07\/Atari-800XL_1.jpg?resize=350%2C200&ssl=1","width":350,"height":200},"classes":[]},{"id":18106,"url":"https:\/\/www.jungsi.de\/en\/suche-biete\/","url_meta":{"origin":18475,"position":4},"title":"Suche\/Kaufe\/Tausche","author":"Jungsi","date":"30. July 2017","format":false,"excerpt":"Suche\/Kaufe\/Tausche Meine Sammlung kann immer noch das eine oder andere zus\u00e4tzliche St\u00fcck vertragen. Bevor Hardware verschrottet wird, bewahre ich sie gerne vor diesem Schicksal. Die Ger\u00e4te werden gereinigt, soweit m\u00f6glich instand gesetzt und wieder in Betrieb genommen, sollten sie nicht mehr funktionieren. Falls Sie etwas loswerden wollen, k\u00f6nnen Sie sich\u2026","rel":"","context":"Similar post","block_context":{"text":"Similar post","link":""},"img":{"alt_text":"","src":"","width":0,"height":0},"classes":[]},{"id":21691,"url":"https:\/\/www.jungsi.de\/en\/heimcomputer\/atari-die-sammlung\/atari-tt\/","url_meta":{"origin":18475,"position":5},"title":"Atari TT","author":"Jungsi","date":"13. January 2023","format":false,"excerpt":"Atari TT Atari TT Die Entwicklung des Atari TT begann im Jahr 1986, und er war als UNIX-Workstation gedacht. Die Markteinf\u00fchrung verz\u00f6gerte sich jedoch bis 1990, da Atari bem\u00fcht war, die neuesten Standards zu implementieren. Man entschied sich letztendlich f\u00fcr den Motorola 68030 Prozessor mit 32-Bit und 32 MHz. Die\u2026","rel":"","context":"Similar post","block_context":{"text":"Similar post","link":""},"img":{"alt_text":"Atari TT","src":"https:\/\/i0.wp.com\/www.jungsi.de\/blog\/wp-content\/uploads\/Atari-TT-von-oben.jpg?resize=350%2C200&ssl=1","width":350,"height":200,"srcset":"https:\/\/i0.wp.com\/www.jungsi.de\/blog\/wp-content\/uploads\/Atari-TT-von-oben.jpg?resize=350%2C200&ssl=1 1x, https:\/\/i0.wp.com\/www.jungsi.de\/blog\/wp-content\/uploads\/Atari-TT-von-oben.jpg?resize=525%2C300&ssl=1 1.5x, https:\/\/i0.wp.com\/www.jungsi.de\/blog\/wp-content\/uploads\/Atari-TT-von-oben.jpg?resize=700%2C400&ssl=1 2x, https:\/\/i0.wp.com\/www.jungsi.de\/blog\/wp-content\/uploads\/Atari-TT-von-oben.jpg?resize=1050%2C600&ssl=1 3x, https:\/\/i0.wp.com\/www.jungsi.de\/blog\/wp-content\/uploads\/Atari-TT-von-oben.jpg?resize=1400%2C800&ssl=1 4x"},"classes":[]}],"_links":{"self":[{"href":"https:\/\/www.jungsi.de\/en\/wp-json\/wp\/v2\/pages\/18475","targetHints":{"allow":["GET"]}}],"collection":[{"href":"https:\/\/www.jungsi.de\/en\/wp-json\/wp\/v2\/pages"}],"about":[{"href":"https:\/\/www.jungsi.de\/en\/wp-json\/wp\/v2\/types\/page"}],"author":[{"embeddable":true,"href":"https:\/\/www.jungsi.de\/en\/wp-json\/wp\/v2\/users\/2"}],"replies":[{"embeddable":true,"href":"https:\/\/www.jungsi.de\/en\/wp-json\/wp\/v2\/comments?post=18475"}],"version-history":[{"count":0,"href":"https:\/\/www.jungsi.de\/en\/wp-json\/wp\/v2\/pages\/18475\/revisions"}],"up":[{"embeddable":true,"href":"https:\/\/www.jungsi.de\/en\/wp-json\/wp\/v2\/pages\/28312"}],"wp:featuredmedia":[{"embeddable":true,"href":"https:\/\/www.jungsi.de\/en\/wp-json\/wp\/v2\/media\/18498"}],"wp:attachment":[{"href":"https:\/\/www.jungsi.de\/en\/wp-json\/wp\/v2\/media?parent=18475"}],"curies":[{"name":"wp","href":"https:\/\/api.w.org\/{rel}","templated":true}]}}