{"id":18428,"date":"2017-09-10T14:07:17","date_gmt":"2017-09-10T12:07:17","guid":{"rendered":"http:\/\/www.jungsi.de\/?page_id=18428"},"modified":"2025-03-10T10:51:29","modified_gmt":"2025-03-10T09:51:29","slug":"nec-pc-engine","status":"publish","type":"page","link":"https:\/\/www.jungsi.de\/en\/konsolen\/nec-pc-engine\/","title":{"rendered":"NEC"},"content":{"rendered":"<p><\/p>\n\n\n\n<h2 class=\"wp-block-heading has-text-align-center\"><strong>NEC PC Engine\/NEC Turbografx<\/strong><\/h2>\n\n\n<div class=\"wp-block-image wp-image-17099\">\n<figure class=\"aligncenter\"><img loading=\"lazy\" decoding=\"async\" width=\"800\" height=\"600\" data-attachment-id=\"17099\" data-permalink=\"https:\/\/www.jungsi.de\/en\/pc-engine-retro\/pc-engine-frontansicht\/\" data-orig-file=\"https:\/\/www.jungsi.de\/blog\/wp-content\/uploads\/pc-engine-frontansicht.jpg\" data-orig-size=\"800,600\" data-comments-opened=\"1\" data-image-meta=\"{&quot;aperture&quot;:&quot;3.5&quot;,&quot;credit&quot;:&quot;&quot;,&quot;camera&quot;:&quot;Canon PowerShot SX260 HS&quot;,&quot;caption&quot;:&quot;&quot;,&quot;created_timestamp&quot;:&quot;1483191639&quot;,&quot;copyright&quot;:&quot;&quot;,&quot;focal_length&quot;:&quot;4.5&quot;,&quot;iso&quot;:&quot;1000&quot;,&quot;shutter_speed&quot;:&quot;0.05&quot;,&quot;title&quot;:&quot;&quot;,&quot;orientation&quot;:&quot;1&quot;}\" data-image-title=\"PC Engine &amp;#8211; Frontansicht\" data-image-description=\"&lt;p&gt;PC Engine &amp;#8211; Frontansicht&lt;\/p&gt;\" data-image-caption=\"&lt;p&gt;PC Engine &amp;#8211; Frontansicht&lt;\/p&gt;\" data-large-file=\"https:\/\/www.jungsi.de\/blog\/wp-content\/uploads\/pc-engine-frontansicht.jpg\" src=\"https:\/\/www.jungsi.de\/blog\/wp-content\/uploads\/pc-engine-frontansicht.jpg\" alt=\"PC Engine - Frontansicht\" class=\"wp-image-17099\" srcset=\"https:\/\/www.jungsi.de\/blog\/wp-content\/uploads\/pc-engine-frontansicht.jpg 800w, https:\/\/www.jungsi.de\/blog\/wp-content\/uploads\/pc-engine-frontansicht-300x225.jpg 300w\" sizes=\"auto, (max-width: 800px) 100vw, 800px\" \/><figcaption class=\"wp-element-caption\">PC Engine<\/figcaption><\/figure>\n<\/div>\n\n\n<p>In den sp\u00e4ten 1980er Jahren, als die Welt von den 8-Bit-Konsolen wie dem Nintendo Entertainment System (NES) und dem Sega Master System dominiert wurde, beschloss das japanische Unternehmen NEC, etwas Revolution\u00e4res auf den Markt zu bringen. Am 30. Oktober 1987 wurde die <strong>PC Engine<\/strong> in Japan ver\u00f6ffentlicht.<\/p>\n\n\n\n<p>Die PC Engine war eine kleine, aber m\u00e4chtige Konsole, die mit einem 8-Bit-Prozessor und einem 16-Bit-Grafikchip ausgestattet war. Diese Kombination erm\u00f6glichte beeindruckende Grafiken und Soundeffekte, die weit \u00fcber das hinausgingen, was die Konkurrenz bieten konnte. Die Spiele wurden auf kleinen, kreditkartengro\u00dfen HuCards gespeichert, was die Konsole noch einzigartiger machte.<\/p>\n\n\n\n<p>In den USA wurde die Konsole 1989 unter dem Namen <strong>TurboGrafx-16<\/strong> ver\u00f6ffentlicht. Trotz ihrer technischen \u00dcberlegenheit hatte sie es schwer, sich gegen die etablierten Marken wie Sega und Nintendo durchzusetzen. Dennoch fand sie eine treue Fangemeinde, die die innovativen Spiele und die fortschrittliche Technologie sch\u00e4tzte.<\/p>\n\n\n\n<p>Die PC Engine brachte auch einige bemerkenswerte Erweiterungen hervor, darunter das CD-ROM\u00b2, das die T\u00fcr zu gr\u00f6\u00dferen und komplexeren Spielen \u00f6ffnete. Diese Erweiterung machte die PC Engine zur ersten Konsole, die CD-ROMs als Speichermedium nutzte, was einen bedeutenden Schritt in der Videospielgeschichte darstellte.<\/p>\n\n\n\n<p>Obwohl die PC Engine in Europa nur begrenzt verf\u00fcgbar war, hinterlie\u00df sie einen bleibenden Eindruck und wird heute als Kultklassiker gefeiert. Ihre innovative Technologie und die Vielzahl an gro\u00dfartigen Spielen machen sie zu einem wichtigen Kapitel in der Geschichte der Videospiele.<\/p>\n\n\n\n<table id=\"tablepress-245\" class=\"tablepress tablepress-id-245\">\n<tbody>\n<tr class=\"row-1\">\n\t<td class=\"column-1\"><strong>Hersteller:<\/strong><\/td><td class=\"column-2\">NEC<\/td>\n<\/tr>\n<tr class=\"row-2\">\n\t<td class=\"column-1\"><strong>Modell:<\/strong><\/td><td class=\"column-2\">PC-Engine<br \/>\nTurboGrafx-16<br \/>\n<\/td>\n<\/tr>\n<tr class=\"row-3\">\n\t<td class=\"column-1\"><strong>Herkunft:<\/strong><\/td><td class=\"column-2\">Japan<\/td>\n<\/tr>\n<tr class=\"row-4\">\n\t<td class=\"column-1\"><strong>Erscheinungsjahr:<\/strong><\/td><td class=\"column-2\">PC-Engine: 1987<br \/>\nTurboGrafx-16: 1989<\/td>\n<\/tr>\n<tr class=\"row-5\">\n\t<td class=\"column-1\"><strong>Produktionsende:<\/strong><\/td><td class=\"column-2\">1994<\/td>\n<\/tr>\n<tr class=\"row-6\">\n\t<td class=\"column-1\"><strong>St\u00fcckzahl:<\/strong><\/td><td class=\"column-2\">7.000.000<\/td>\n<\/tr>\n<tr class=\"row-7\">\n\t<td class=\"column-1\"><strong>Prozessor:<\/strong><\/td><td class=\"column-2\">8-bit HuC6280A<\/td>\n<\/tr>\n<tr class=\"row-8\">\n\t<td class=\"column-1\"><strong>Taktfrequenz:<\/strong><\/td><td class=\"column-2\">3,58 MHz &#8211; 7,16 MHz, per Software umschaltbar<\/td>\n<\/tr>\n<tr class=\"row-9\">\n\t<td class=\"column-1\"><strong>RAM:<\/strong><\/td><td class=\"column-2\">8 KB<br \/>\n64 KB (Video)<\/td>\n<\/tr>\n<tr class=\"row-10\">\n\t<td class=\"column-1\"><strong>Grafikchip:<\/strong><\/td><td class=\"column-2\">Ein Dualprozessor Setup<br \/>\n16-bit HuC6260 Video Color Encoder (VCE)<br \/>\n16-bit HuC6270A Video Display Controller (VDC)<\/td>\n<\/tr>\n<tr class=\"row-11\">\n\t<td class=\"column-1\"><strong>Farben:<\/strong><\/td><td class=\"column-2\">9-bit<br \/>\nFarbpalette:<br \/>\n512 Farben, davon 482 gleichzeitig darstellbar (241 Hintergrund, 240 Sprite)<\/td>\n<\/tr>\n<tr class=\"row-12\">\n\t<td class=\"column-1\"><strong>Anzeigemodi:<\/strong><\/td><td class=\"column-2\">Variabel bis 512&#215;240, meistens aber 256\u00d7224<\/td>\n<\/tr>\n<tr class=\"row-13\">\n\t<td class=\"column-1\"><strong>Sprites:<\/strong><\/td><td class=\"column-2\">64 gleichzeitig darstellbar<\/td>\n<\/tr>\n<tr class=\"row-14\">\n\t<td class=\"column-1\"><strong>Soundchip:<\/strong><\/td><td class=\"column-2\">HuC6280A<\/td>\n<\/tr>\n<tr class=\"row-15\">\n\t<td class=\"column-1\"><strong>Sound:<\/strong><\/td><td class=\"column-2\">6 PSG Kan\u00e4le<br \/>\n5-10 bit stereo PCM<\/td>\n<\/tr>\n<tr class=\"row-16\">\n\t<td class=\"column-1\"><strong>Laufwerk:<\/strong><\/td><td class=\"column-2\">Hu-Card, CD-ROM<\/td>\n<\/tr>\n<tr class=\"row-17\">\n\t<td class=\"column-1\"><strong>I\/O:<\/strong><\/td><td class=\"column-2\">1x Frontanschlu\u00df f\u00fcr Joypads\/Joysticks\/Maus\/Multiplayer-Tabs<br \/>\n1X RF Video Out (Antenne)<br \/>\n1X Expansionsport<\/td>\n<\/tr>\n<\/tbody>\n<\/table>\n<!-- #tablepress-245 from cache -->\n\n<div class=\"wp-block-image wp-image-17111\">\n<figure class=\"aligncenter\"><img loading=\"lazy\" decoding=\"async\" width=\"800\" height=\"600\" data-attachment-id=\"17111\" data-permalink=\"https:\/\/www.jungsi.de\/en\/pc-engine-retro\/pc-engine-cd-rom-2\/\" data-orig-file=\"https:\/\/www.jungsi.de\/blog\/wp-content\/uploads\/pc-engine-cd-rom-2.jpg\" data-orig-size=\"800,600\" data-comments-opened=\"1\" data-image-meta=\"{&quot;aperture&quot;:&quot;3.5&quot;,&quot;credit&quot;:&quot;&quot;,&quot;camera&quot;:&quot;Canon PowerShot SX260 HS&quot;,&quot;caption&quot;:&quot;&quot;,&quot;created_timestamp&quot;:&quot;1486648644&quot;,&quot;copyright&quot;:&quot;&quot;,&quot;focal_length&quot;:&quot;4.5&quot;,&quot;iso&quot;:&quot;800&quot;,&quot;shutter_speed&quot;:&quot;0.033333333333333&quot;,&quot;title&quot;:&quot;&quot;,&quot;orientation&quot;:&quot;1&quot;}\" data-image-title=\"PC-Engine CD-ROM 2\" data-image-description=\"&lt;p&gt;PC-Engine CD-ROM 2&lt;\/p&gt;\" data-image-caption=\"&lt;p&gt;PC-Engine CD-ROM 2&lt;\/p&gt;\" data-large-file=\"https:\/\/www.jungsi.de\/blog\/wp-content\/uploads\/pc-engine-cd-rom-2.jpg\" src=\"https:\/\/www.jungsi.de\/blog\/wp-content\/uploads\/pc-engine-cd-rom-2.jpg\" alt=\"PC-Engine CD-ROM 2\" class=\"wp-image-17111\" srcset=\"https:\/\/www.jungsi.de\/blog\/wp-content\/uploads\/pc-engine-cd-rom-2.jpg 800w, https:\/\/www.jungsi.de\/blog\/wp-content\/uploads\/pc-engine-cd-rom-2-300x225.jpg 300w\" sizes=\"auto, (max-width: 800px) 100vw, 800px\" \/><figcaption class=\"wp-element-caption\">PC-Engine CD-ROM 2<\/figcaption><\/figure>\n<\/div>\n\n<div class=\"wp-block-image wp-image-17107\">\n<figure class=\"aligncenter\"><img loading=\"lazy\" decoding=\"async\" width=\"800\" height=\"600\" data-attachment-id=\"17107\" data-permalink=\"https:\/\/www.jungsi.de\/en\/pc-engine-retro\/pc-engine-interface-unit-ohne-pc-engine\/\" data-orig-file=\"https:\/\/www.jungsi.de\/blog\/wp-content\/uploads\/pc-engine-interface-unit-ohne-pc-engine.jpg\" data-orig-size=\"800,600\" data-comments-opened=\"1\" data-image-meta=\"{&quot;aperture&quot;:&quot;3.5&quot;,&quot;credit&quot;:&quot;&quot;,&quot;camera&quot;:&quot;Canon PowerShot SX260 HS&quot;,&quot;caption&quot;:&quot;&quot;,&quot;created_timestamp&quot;:&quot;1483191614&quot;,&quot;copyright&quot;:&quot;&quot;,&quot;focal_length&quot;:&quot;4.5&quot;,&quot;iso&quot;:&quot;1000&quot;,&quot;shutter_speed&quot;:&quot;0.05&quot;,&quot;title&quot;:&quot;&quot;,&quot;orientation&quot;:&quot;1&quot;}\" data-image-title=\"PC Engine Interface Unit &amp;#8211; ohne PC Engine\" data-image-description=\"&lt;p&gt;PC Engine Interface Unit &amp;#8211; ohne PC Engine&lt;\/p&gt;\" data-image-caption=\"&lt;p&gt;PC Engine Interface Unit &amp;#8211; ohne PC Engine&lt;\/p&gt;\" data-large-file=\"https:\/\/www.jungsi.de\/blog\/wp-content\/uploads\/pc-engine-interface-unit-ohne-pc-engine.jpg\" src=\"https:\/\/www.jungsi.de\/blog\/wp-content\/uploads\/pc-engine-interface-unit-ohne-pc-engine.jpg\" alt=\"PC Engine Interface Unit - ohne PC Engine\" class=\"wp-image-17107\" srcset=\"https:\/\/www.jungsi.de\/blog\/wp-content\/uploads\/pc-engine-interface-unit-ohne-pc-engine.jpg 800w, https:\/\/www.jungsi.de\/blog\/wp-content\/uploads\/pc-engine-interface-unit-ohne-pc-engine-300x225.jpg 300w\" sizes=\"auto, (max-width: 800px) 100vw, 800px\" \/><figcaption class=\"wp-element-caption\">PC Engine Interface Unit<\/figcaption><\/figure>\n<\/div>\n\n\n<p><\/p>\n\n\n<div class=\"wp-block-image\">\n<figure class=\"aligncenter size-large\"><img loading=\"lazy\" decoding=\"async\" width=\"1024\" height=\"768\" data-attachment-id=\"24222\" data-permalink=\"https:\/\/www.jungsi.de\/en\/turbografx-nec\/turbografx-vorne-oben\/\" data-orig-file=\"https:\/\/www.jungsi.de\/blog\/wp-content\/uploads\/TurboGrafx-vorne-oben.jpg\" data-orig-size=\"1400,1050\" data-comments-opened=\"1\" data-image-meta=\"{&quot;aperture&quot;:&quot;3.5&quot;,&quot;credit&quot;:&quot;&quot;,&quot;camera&quot;:&quot;Canon PowerShot SX260 HS&quot;,&quot;caption&quot;:&quot;&quot;,&quot;created_timestamp&quot;:&quot;1574442188&quot;,&quot;copyright&quot;:&quot;&quot;,&quot;focal_length&quot;:&quot;5.447&quot;,&quot;iso&quot;:&quot;1600&quot;,&quot;shutter_speed&quot;:&quot;0.1&quot;,&quot;title&quot;:&quot;&quot;,&quot;orientation&quot;:&quot;1&quot;}\" data-image-title=\"TurboGrafx vorne oben\" data-image-description=\"&lt;p&gt;TurboGrafx&lt;\/p&gt;\" data-image-caption=\"&lt;p&gt;NEC TurboGrafx&lt;\/p&gt;\" data-large-file=\"https:\/\/www.jungsi.de\/blog\/wp-content\/uploads\/TurboGrafx-vorne-oben-1024x768.jpg\" src=\"https:\/\/www.jungsi.de\/blog\/wp-content\/uploads\/TurboGrafx-vorne-oben-1024x768.jpg\" alt=\"TurboGrafx\" class=\"wp-image-24222\" srcset=\"https:\/\/www.jungsi.de\/blog\/wp-content\/uploads\/TurboGrafx-vorne-oben-1024x768.jpg 1024w, https:\/\/www.jungsi.de\/blog\/wp-content\/uploads\/TurboGrafx-vorne-oben-300x225.jpg 300w, https:\/\/www.jungsi.de\/blog\/wp-content\/uploads\/TurboGrafx-vorne-oben.jpg 1400w\" sizes=\"auto, (max-width: 1024px) 100vw, 1024px\" \/><figcaption class=\"wp-element-caption\">NEC TurboGrafx<\/figcaption><\/figure>\n<\/div>\n\n<div class=\"wp-block-image\">\n<figure class=\"aligncenter size-large\"><img loading=\"lazy\" decoding=\"async\" width=\"1024\" height=\"768\" data-attachment-id=\"24241\" data-permalink=\"https:\/\/www.jungsi.de\/en\/turbografx-nec\/turbopad\/\" data-orig-file=\"https:\/\/www.jungsi.de\/blog\/wp-content\/uploads\/TurboPad.jpg\" data-orig-size=\"1400,1050\" data-comments-opened=\"1\" data-image-meta=\"{&quot;aperture&quot;:&quot;3.5&quot;,&quot;credit&quot;:&quot;&quot;,&quot;camera&quot;:&quot;Canon PowerShot SX260 HS&quot;,&quot;caption&quot;:&quot;&quot;,&quot;created_timestamp&quot;:&quot;1574441174&quot;,&quot;copyright&quot;:&quot;&quot;,&quot;focal_length&quot;:&quot;5.84&quot;,&quot;iso&quot;:&quot;1600&quot;,&quot;shutter_speed&quot;:&quot;0.066666666666667&quot;,&quot;title&quot;:&quot;&quot;,&quot;orientation&quot;:&quot;1&quot;}\" data-image-title=\"TurboPad &amp;#8211; US-Version\" data-image-description=\"&lt;p&gt;TurboPad &amp;#8211; US-Version&lt;\/p&gt;\" data-image-caption=\"&lt;p&gt;TurboPad &amp;#8211; US-Version&lt;\/p&gt;\" data-large-file=\"https:\/\/www.jungsi.de\/blog\/wp-content\/uploads\/TurboPad-1024x768.jpg\" src=\"https:\/\/www.jungsi.de\/blog\/wp-content\/uploads\/TurboPad-1024x768.jpg\" alt=\"TurboPad - US-Version\" class=\"wp-image-24241\" srcset=\"https:\/\/www.jungsi.de\/blog\/wp-content\/uploads\/TurboPad-1024x768.jpg 1024w, https:\/\/www.jungsi.de\/blog\/wp-content\/uploads\/TurboPad-300x225.jpg 300w, https:\/\/www.jungsi.de\/blog\/wp-content\/uploads\/TurboPad.jpg 1400w\" sizes=\"auto, (max-width: 1024px) 100vw, 1024px\" \/><figcaption class=\"wp-element-caption\">TurboPad &#8211; US-Version<\/figcaption><\/figure>\n<\/div>\n\n<div class=\"wp-block-image\">\n<figure class=\"aligncenter size-large\"><img loading=\"lazy\" decoding=\"async\" width=\"1024\" height=\"768\" data-attachment-id=\"24242\" data-permalink=\"https:\/\/www.jungsi.de\/en\/turbografx-nec\/turbostick-seitlich\/\" data-orig-file=\"https:\/\/www.jungsi.de\/blog\/wp-content\/uploads\/TurboStick-seitlich.jpg\" data-orig-size=\"1400,1050\" data-comments-opened=\"1\" data-image-meta=\"{&quot;aperture&quot;:&quot;3.5&quot;,&quot;credit&quot;:&quot;&quot;,&quot;camera&quot;:&quot;Canon PowerShot SX260 HS&quot;,&quot;caption&quot;:&quot;&quot;,&quot;created_timestamp&quot;:&quot;1574441507&quot;,&quot;copyright&quot;:&quot;&quot;,&quot;focal_length&quot;:&quot;4.5&quot;,&quot;iso&quot;:&quot;1600&quot;,&quot;shutter_speed&quot;:&quot;0.066666666666667&quot;,&quot;title&quot;:&quot;&quot;,&quot;orientation&quot;:&quot;1&quot;}\" data-image-title=\"TurboStick &amp;#8211; seitlich\" data-image-description=\"&lt;p&gt;TurboStick&lt;\/p&gt;\" data-image-caption=\"&lt;p&gt;TurboStick&lt;\/p&gt;\" data-large-file=\"https:\/\/www.jungsi.de\/blog\/wp-content\/uploads\/TurboStick-seitlich-1024x768.jpg\" src=\"https:\/\/www.jungsi.de\/blog\/wp-content\/uploads\/TurboStick-seitlich-1024x768.jpg\" alt=\"TurboStick\" class=\"wp-image-24242\" srcset=\"https:\/\/www.jungsi.de\/blog\/wp-content\/uploads\/TurboStick-seitlich-1024x768.jpg 1024w, https:\/\/www.jungsi.de\/blog\/wp-content\/uploads\/TurboStick-seitlich-300x225.jpg 300w, https:\/\/www.jungsi.de\/blog\/wp-content\/uploads\/TurboStick-seitlich.jpg 1400w\" sizes=\"auto, (max-width: 1024px) 100vw, 1024px\" \/><figcaption class=\"wp-element-caption\">TurboStick<\/figcaption><\/figure>\n<\/div>\n\n<div class=\"wp-block-image\">\n<figure class=\"aligncenter size-large\"><img loading=\"lazy\" decoding=\"async\" width=\"1024\" height=\"768\" data-attachment-id=\"24243\" data-permalink=\"https:\/\/www.jungsi.de\/en\/turbografx-nec\/turbotap-oben-schraeg\/\" data-orig-file=\"https:\/\/www.jungsi.de\/blog\/wp-content\/uploads\/TurboTap-oben-schr\u00e4g.jpg\" data-orig-size=\"1400,1050\" data-comments-opened=\"1\" data-image-meta=\"{&quot;aperture&quot;:&quot;3.5&quot;,&quot;credit&quot;:&quot;&quot;,&quot;camera&quot;:&quot;Canon PowerShot SX260 HS&quot;,&quot;caption&quot;:&quot;&quot;,&quot;created_timestamp&quot;:&quot;1574520849&quot;,&quot;copyright&quot;:&quot;&quot;,&quot;focal_length&quot;:&quot;4.5&quot;,&quot;iso&quot;:&quot;1250&quot;,&quot;shutter_speed&quot;:&quot;0.05&quot;,&quot;title&quot;:&quot;&quot;,&quot;orientation&quot;:&quot;1&quot;}\" data-image-title=\"TurboTap &amp;#8211; oben schr\u00e4g\" data-image-description=\"&lt;p&gt;TurboTap&lt;\/p&gt;\" data-image-caption=\"&lt;p&gt;TurboTap&lt;\/p&gt;\" data-large-file=\"https:\/\/www.jungsi.de\/blog\/wp-content\/uploads\/TurboTap-oben-schr\u00e4g-1024x768.jpg\" src=\"https:\/\/www.jungsi.de\/blog\/wp-content\/uploads\/TurboTap-oben-schr\u00e4g-1024x768.jpg\" alt=\"TurboTap\" class=\"wp-image-24243\" srcset=\"https:\/\/www.jungsi.de\/blog\/wp-content\/uploads\/TurboTap-oben-schr\u00e4g-1024x768.jpg 1024w, https:\/\/www.jungsi.de\/blog\/wp-content\/uploads\/TurboTap-oben-schr\u00e4g-300x225.jpg 300w, https:\/\/www.jungsi.de\/blog\/wp-content\/uploads\/TurboTap-oben-schr\u00e4g.jpg 1400w\" sizes=\"auto, (max-width: 1024px) 100vw, 1024px\" \/><figcaption class=\"wp-element-caption\">TurboTap<\/figcaption><\/figure>\n<\/div>","protected":false},"excerpt":{"rendered":"<p>NEC PC Engine\/NEC Turbografx In den sp\u00e4ten 1980er Jahren, als die Welt von den 8-Bit-Konsolen wie dem Nintendo Entertainment System (NES) und dem Sega Master \u2026<\/p>","protected":false},"author":2,"featured_media":0,"parent":18078,"menu_order":0,"comment_status":"closed","ping_status":"closed","template":"","meta":{"_lmt_disableupdate":"","_lmt_disable":"","ngg_post_thumbnail":0,"jetpack_post_was_ever_published":false,"footnotes":"","_links_to":"","_links_to_target":""},"class_list":["post-18428","page","type-page","status-publish","hentry"],"jetpack_shortlink":"https:\/\/wp.me\/P4eXvk-4Ne","jetpack_sharing_enabled":true,"jetpack_likes_enabled":true,"jetpack-related-posts":[{"id":27893,"url":"https:\/\/www.jungsi.de\/en\/die-sammlung\/literatur\/sonstige\/","url_meta":{"origin":18428,"position":0},"title":"Sonstige","author":"Jungsi","date":"14. January 2023","format":false,"excerpt":"Sonstige 8 bit Annual 2018 8 Bit Annual 2019 Basic - Alles \u00fcber PEEK und POKE Basic - Betriebsprogramme f\u00fcr den Funkamateur Basic - HF-Rechenprogramme Basic - Mathematik per Computer Basic - Matrix-Operationen Basic f\u00fcr Aufsteiger Basic f\u00fcr Mikrocomputer BASIC in 100 Beispielen Chip Special - Bauanleitungen f\u00fcr Microcomputer Compute\u2026","rel":"","context":"Similar post","block_context":{"text":"Similar post","link":""},"img":{"alt_text":"BASIC in 100 Beispielen","src":"https:\/\/i0.wp.com\/www.jungsi.de\/blog\/wp-content\/uploads\/BASIC-in-100-Beispielen.jpg?resize=350%2C200&ssl=1","width":350,"height":200,"srcset":"https:\/\/i0.wp.com\/www.jungsi.de\/blog\/wp-content\/uploads\/BASIC-in-100-Beispielen.jpg?resize=350%2C200&ssl=1 1x, https:\/\/i0.wp.com\/www.jungsi.de\/blog\/wp-content\/uploads\/BASIC-in-100-Beispielen.jpg?resize=525%2C300&ssl=1 1.5x"},"classes":[]},{"id":28315,"url":"https:\/\/www.jungsi.de\/en\/konsolen\/sega-konsolen\/","url_meta":{"origin":18428,"position":1},"title":"Sega Konsolen","author":"Jungsi","date":"16. January 2023","format":false,"excerpt":"Sega Konsolen Sega Master System \u2013 Sega Master System II Sega Mega Drive \u2013 Sega Mega Drive II Sega Saturn Sega Dreamcast Sega ist eine bekannte japanische Videospiel- und Konsolenherstellerin, die mehrere bedeutende Spielekonsolen ver\u00f6ffentlicht hat. Hier ist eine kurze \u00dcbersicht der wichtigsten Sega-Konsolen: 1. SG-1000 (1983) Beschreibung: Segas erste\u2026","rel":"","context":"Similar post","block_context":{"text":"Similar post","link":""},"img":{"alt_text":"","src":"","width":0,"height":0},"classes":[]},{"id":24070,"url":"https:\/\/www.jungsi.de\/en\/konsolen\/commodore-amiga-cd32\/","url_meta":{"origin":18428,"position":2},"title":"Commodore Amiga CD32","author":"Jungsi","date":"22. January 2020","format":false,"excerpt":"Commodore Amiga CD32 Commodore Amiga CD32 Commodore f\u00fchrte mit dem Amiga CD32 die erste 32-Bit-Spielkonsole auf dem europ\u00e4ischen Markt ein. Sie basierte auf einem modifizierten Amiga 1200-Mainboard, ausgestattet mit einem Double-Speed-CD-ROM-Laufwerk und dem Custom-Chip Akiko. Dieser Chip, der auch f\u00fcr 3D-Grafiken zust\u00e4ndig war, sollte PC-Konvertierungen f\u00fcr das CD32 erleichtern, die\u2026","rel":"","context":"Similar post","block_context":{"text":"Similar post","link":""},"img":{"alt_text":"Competition Pro CD32","src":"https:\/\/i0.wp.com\/www.jungsi.de\/blog\/wp-content\/uploads\/Competition-Pro-CD32-Oberseite-schraeg.jpg?resize=350%2C200&ssl=1","width":350,"height":200,"srcset":"https:\/\/i0.wp.com\/www.jungsi.de\/blog\/wp-content\/uploads\/Competition-Pro-CD32-Oberseite-schraeg.jpg?resize=350%2C200&ssl=1 1x, https:\/\/i0.wp.com\/www.jungsi.de\/blog\/wp-content\/uploads\/Competition-Pro-CD32-Oberseite-schraeg.jpg?resize=525%2C300&ssl=1 1.5x, https:\/\/i0.wp.com\/www.jungsi.de\/blog\/wp-content\/uploads\/Competition-Pro-CD32-Oberseite-schraeg.jpg?resize=700%2C400&ssl=1 2x, https:\/\/i0.wp.com\/www.jungsi.de\/blog\/wp-content\/uploads\/Competition-Pro-CD32-Oberseite-schraeg.jpg?resize=1050%2C600&ssl=1 3x, https:\/\/i0.wp.com\/www.jungsi.de\/blog\/wp-content\/uploads\/Competition-Pro-CD32-Oberseite-schraeg.jpg?resize=1400%2C800&ssl=1 4x"},"classes":[]},{"id":28319,"url":"https:\/\/www.jungsi.de\/en\/konsolen\/nintendo-konsolen\/","url_meta":{"origin":18428,"position":3},"title":"Nintendo Konsolen","author":"Jungsi","date":"16. January 2023","format":false,"excerpt":"Nintendo Konsolen Nintendo Entertainment System Super Nintendo Entertainment System Nintendo 64 Nintendo Wii Nintendo Switch Hier ist eine kurze \u00dcbersicht der wichtigsten Heimvideospielkonsolen von Nintendo: 1. Nintendo Entertainment System (NES) (1983\/1985) Beschreibung: Urspr\u00fcnglich 1983 in Japan als Famicom ver\u00f6ffentlicht, war das NES 1985 der erste gro\u00dfe Erfolg von Nintendo im\u2026","rel":"","context":"Similar post","block_context":{"text":"Similar post","link":""},"img":{"alt_text":"","src":"","width":0,"height":0},"classes":[]},{"id":19748,"url":"https:\/\/www.jungsi.de\/en\/heimcomputer\/msx-sony-hitbit-75-p\/","url_meta":{"origin":18428,"position":4},"title":"MSX","author":"Jungsi","date":"28. February 2018","format":false,"excerpt":"MSX Philips VG-8235 Sony HitBit 75-P Zusammenfassung zum MSX-Standard Der MSX-Standard war eine einheitliche Plattform f\u00fcr Heimcomputer, die Anfang der 1980er Jahre entwickelt wurde. Hier sind die wichtigsten Punkte seiner Geschichte und Merkmale: Einf\u00fchrung und Zielsetzung (1983): Konzept: Der MSX-Standard wurde von Kazuhiko Nishi von Microsoft Japan in Zusammenarbeit mit\u2026","rel":"","context":"Similar post","block_context":{"text":"Similar post","link":""},"img":{"alt_text":"","src":"https:\/\/i0.wp.com\/www.jungsi.de\/blog\/wp-content\/uploads\/Carnivore-2-R%C3%BCckseite.jpg?resize=350%2C200&ssl=1","width":350,"height":200,"srcset":"https:\/\/i0.wp.com\/www.jungsi.de\/blog\/wp-content\/uploads\/Carnivore-2-R%C3%BCckseite.jpg?resize=350%2C200&ssl=1 1x, https:\/\/i0.wp.com\/www.jungsi.de\/blog\/wp-content\/uploads\/Carnivore-2-R%C3%BCckseite.jpg?resize=525%2C300&ssl=1 1.5x, https:\/\/i0.wp.com\/www.jungsi.de\/blog\/wp-content\/uploads\/Carnivore-2-R%C3%BCckseite.jpg?resize=700%2C400&ssl=1 2x, https:\/\/i0.wp.com\/www.jungsi.de\/blog\/wp-content\/uploads\/Carnivore-2-R%C3%BCckseite.jpg?resize=1050%2C600&ssl=1 3x, https:\/\/i0.wp.com\/www.jungsi.de\/blog\/wp-content\/uploads\/Carnivore-2-R%C3%BCckseite.jpg?resize=1400%2C800&ssl=1 4x"},"classes":[]},{"id":18281,"url":"https:\/\/www.jungsi.de\/en\/konsolen\/mattel-intellivision\/","url_meta":{"origin":18428,"position":5},"title":"Mattel Intellivision","author":"Jungsi","date":"17. August 2017","format":false,"excerpt":"Mattel Intellivision Mattel Intellivision 1980 brachte der Spielzeugriese Mattel die Konsole Intellivision heraus, w\u00e4hrend Atari mit seinem VCS den Markt dominierte. Intellivision bot eine 16-Bit-CPU, die weit bessere Spiele als die einfache Blockgrafik des VCS erm\u00f6glichte. Mattel setzte dabei auf Sportlizenzen, obwohl der Controller als etwas kompliziert galt. Die Steuerung\u2026","rel":"","context":"Similar post","block_context":{"text":"Similar post","link":""},"img":{"alt_text":"Mattel Intellivision","src":"https:\/\/i0.wp.com\/www.jungsi.de\/blog\/wp-content\/uploads\/matell-intellivison_3.jpg?resize=350%2C200&ssl=1","width":350,"height":200,"srcset":"https:\/\/i0.wp.com\/www.jungsi.de\/blog\/wp-content\/uploads\/matell-intellivison_3.jpg?resize=350%2C200&ssl=1 1x, https:\/\/i0.wp.com\/www.jungsi.de\/blog\/wp-content\/uploads\/matell-intellivison_3.jpg?resize=525%2C300&ssl=1 1.5x, https:\/\/i0.wp.com\/www.jungsi.de\/blog\/wp-content\/uploads\/matell-intellivison_3.jpg?resize=700%2C400&ssl=1 2x"},"classes":[]}],"_links":{"self":[{"href":"https:\/\/www.jungsi.de\/en\/wp-json\/wp\/v2\/pages\/18428","targetHints":{"allow":["GET"]}}],"collection":[{"href":"https:\/\/www.jungsi.de\/en\/wp-json\/wp\/v2\/pages"}],"about":[{"href":"https:\/\/www.jungsi.de\/en\/wp-json\/wp\/v2\/types\/page"}],"author":[{"embeddable":true,"href":"https:\/\/www.jungsi.de\/en\/wp-json\/wp\/v2\/users\/2"}],"replies":[{"embeddable":true,"href":"https:\/\/www.jungsi.de\/en\/wp-json\/wp\/v2\/comments?post=18428"}],"version-history":[{"count":0,"href":"https:\/\/www.jungsi.de\/en\/wp-json\/wp\/v2\/pages\/18428\/revisions"}],"up":[{"embeddable":true,"href":"https:\/\/www.jungsi.de\/en\/wp-json\/wp\/v2\/pages\/18078"}],"wp:attachment":[{"href":"https:\/\/www.jungsi.de\/en\/wp-json\/wp\/v2\/media?parent=18428"}],"curies":[{"name":"wp","href":"https:\/\/api.w.org\/{rel}","templated":true}]}}