{"id":18373,"date":"2017-09-02T13:28:10","date_gmt":"2017-09-02T12:28:10","guid":{"rendered":"http:\/\/www.jungsi.de\/?page_id=18373"},"modified":"2024-08-22T10:50:10","modified_gmt":"2024-08-22T08:50:10","slug":"cbs-colecovision","status":"publish","type":"page","link":"https:\/\/www.jungsi.de\/en\/konsolen\/cbs-colecovision\/","title":{"rendered":"CBS Colecovision"},"content":{"rendered":"<p><\/p>\n\n\n\n<h2 class=\"wp-block-heading has-text-align-center\">CBS Colecovision<\/h2>\n\n\n<div class=\"wp-block-image wp-image-14008\">\n<figure class=\"aligncenter\"><img loading=\"lazy\" decoding=\"async\" width=\"800\" height=\"600\" data-attachment-id=\"14008\" data-permalink=\"https:\/\/www.jungsi.de\/en\/colecovision-coleco\/cbs-colecovision\/\" data-orig-file=\"https:\/\/www.jungsi.de\/blog\/wp-content\/uploads\/cbs-colecovision.jpg\" data-orig-size=\"800,600\" data-comments-opened=\"1\" data-image-meta=\"{&quot;aperture&quot;:&quot;3.5&quot;,&quot;credit&quot;:&quot;&quot;,&quot;camera&quot;:&quot;Canon PowerShot SX260 HS&quot;,&quot;caption&quot;:&quot;&quot;,&quot;created_timestamp&quot;:&quot;1451506486&quot;,&quot;copyright&quot;:&quot;&quot;,&quot;focal_length&quot;:&quot;4.5&quot;,&quot;iso&quot;:&quot;1600&quot;,&quot;shutter_speed&quot;:&quot;0.066666666666667&quot;,&quot;title&quot;:&quot;&quot;,&quot;orientation&quot;:&quot;1&quot;}\" data-image-title=\"CBS Colecovision\" data-image-description=\"&lt;p&gt;CBS Colecovision&lt;\/p&gt;\" data-image-caption=\"&lt;p&gt;CBS Colecovision&lt;\/p&gt;\" data-large-file=\"https:\/\/www.jungsi.de\/blog\/wp-content\/uploads\/cbs-colecovision.jpg\" src=\"https:\/\/www.jungsi.de\/blog\/wp-content\/uploads\/cbs-colecovision.jpg\" alt=\"CBS Colecovision\" class=\"wp-image-14008\" srcset=\"https:\/\/www.jungsi.de\/blog\/wp-content\/uploads\/cbs-colecovision.jpg 800w, https:\/\/www.jungsi.de\/blog\/wp-content\/uploads\/cbs-colecovision-300x225.jpg 300w\" sizes=\"auto, (max-width: 800px) 100vw, 800px\" \/><figcaption class=\"wp-element-caption\">CBS Colecovision<\/figcaption><\/figure>\n<\/div>\n\n\n<p>Im Jahr 1982 trat das CBS Colecovision in den Markt der Spielkonsolen ein. Mit einer Z80-CPU, einer Aufl\u00f6sung von 256&#215;192 Pixeln und 32 Hardware-Sprites setzte es neue Ma\u00dfst\u00e4be und \u00fcbertraf sogar Mattels Intellivision. Coleco sicherte sich rechtzeitig die Rechte an bekannten japanischen Spielen wie Donkey Kong, Zaxxon und anderen Arcade-Klassikern. Ein entscheidender Faktor war auch das Expansion Modul 1, ein Adapter, der das Abspielen von Atari-VCS-Spielen erm\u00f6glichte. Doch nur 18 Monate nach Markteinf\u00fchrung brach der Markt zusammen, und Coleco wandte sich dem Heimcomputermarkt mit dem Adam zu. Aufgrund von Verz\u00f6gerungen und technischen Problemen wurde die Ver\u00f6ffentlichung zum Fiasko. 1988 wurde Coleco aufgel\u00f6st und die Technologie nach China verkauft.<\/p>\n\n\n\n<table id=\"tablepress-237\" class=\"tablepress tablepress-id-237\">\n<tbody>\n<tr class=\"row-1\">\n\t<td class=\"column-1\"><strong>Ver\u00f6ffentlichung<\/strong><\/td><td class=\"column-2\">1982<\/td>\n<\/tr>\n<tr class=\"row-2\">\n\t<td class=\"column-1\"><strong>Verkaufte<br \/>\nEinheiten<\/strong><\/td><td class=\"column-2\">>2.000.000<\/td>\n<\/tr>\n<tr class=\"row-3\">\n\t<td class=\"column-1\"><strong>Prozessor:<\/strong><\/td><td class=\"column-2\">Z80A &#8211; 3,58 MHz<\/td>\n<\/tr>\n<tr class=\"row-4\">\n\t<td class=\"column-1\"><strong>Speicher:<\/strong><\/td><td class=\"column-2\">8 KByte (+ 16 KByte Video-RAM)<\/td>\n<\/tr>\n<tr class=\"row-5\">\n\t<td class=\"column-1\"><strong>ROM:<\/strong><\/td><td class=\"column-2\">Module mit 8, 16, 24 oder 32 KByte<\/td>\n<\/tr>\n<tr class=\"row-6\">\n\t<td class=\"column-1\"><strong>Grafik:<\/strong><\/td><td class=\"column-2\">Texas Instruments TMS9928A<\/td>\n<\/tr>\n<tr class=\"row-7\">\n\t<td class=\"column-1\"><strong>Sprites:<\/strong><\/td><td class=\"column-2\">32<\/td>\n<\/tr>\n<tr class=\"row-8\">\n\t<td class=\"column-1\"><strong>Aufl\u00f6sung:<\/strong><\/td><td class=\"column-2\">256 x 192<\/td>\n<\/tr>\n<tr class=\"row-9\">\n\t<td class=\"column-1\"><strong>Farben:<\/strong><\/td><td class=\"column-2\">16<\/td>\n<\/tr>\n<tr class=\"row-10\">\n\t<td class=\"column-1\"><strong>Sound:<\/strong><\/td><td class=\"column-2\">Texas Instruments SN76489AN &#8211; 3 Stimmen, mono, 1 Ger\u00e4uschgenerator<\/td>\n<\/tr>\n<\/tbody>\n<\/table>\n<!-- #tablepress-237 from cache -->\n\n\n<p class=\"has-text-align-center\"><strong>Zubeh\u00f6r<\/strong><\/p>\n\n\n<div class=\"wp-block-image wp-image-13999\">\n<figure class=\"aligncenter\"><img loading=\"lazy\" decoding=\"async\" width=\"800\" height=\"600\" data-attachment-id=\"13999\" data-permalink=\"https:\/\/www.jungsi.de\/en\/colecovision-coleco\/cbs-colecovision-expansion-module-no-1_2\/\" data-orig-file=\"https:\/\/www.jungsi.de\/blog\/wp-content\/uploads\/cbs-colecovision-expansion-module-no.1_2.jpg\" data-orig-size=\"800,600\" data-comments-opened=\"1\" data-image-meta=\"{&quot;aperture&quot;:&quot;4&quot;,&quot;credit&quot;:&quot;&quot;,&quot;camera&quot;:&quot;Canon PowerShot SX260 HS&quot;,&quot;caption&quot;:&quot;&quot;,&quot;created_timestamp&quot;:&quot;1451506642&quot;,&quot;copyright&quot;:&quot;&quot;,&quot;focal_length&quot;:&quot;6.269&quot;,&quot;iso&quot;:&quot;1600&quot;,&quot;shutter_speed&quot;:&quot;0.066666666666667&quot;,&quot;title&quot;:&quot;&quot;,&quot;orientation&quot;:&quot;1&quot;}\" data-image-title=\"CBS Colecovision &amp;#8211; Expansion Module No.1\" data-image-description=\"&lt;p&gt;CBS Colecovision &amp;#8211; Expansion Module No.1&lt;\/p&gt;\" data-image-caption=\"&lt;p&gt;CBS Colecovision &amp;#8211; Expansion Module No.1&lt;\/p&gt;\" data-large-file=\"https:\/\/www.jungsi.de\/blog\/wp-content\/uploads\/cbs-colecovision-expansion-module-no.1_2.jpg\" src=\"https:\/\/www.jungsi.de\/blog\/wp-content\/uploads\/cbs-colecovision-expansion-module-no.1_2.jpg\" alt=\"CBS Colecovision - Expansion Module No.1\" class=\"wp-image-13999\" srcset=\"https:\/\/www.jungsi.de\/blog\/wp-content\/uploads\/cbs-colecovision-expansion-module-no.1_2.jpg 800w, https:\/\/www.jungsi.de\/blog\/wp-content\/uploads\/cbs-colecovision-expansion-module-no.1_2-300x225.jpg 300w\" sizes=\"auto, (max-width: 800px) 100vw, 800px\" \/><figcaption class=\"wp-element-caption\">Expansion Module No.1<\/figcaption><\/figure>\n<\/div>\n\n<div class=\"wp-block-image wp-image-17831\">\n<figure class=\"aligncenter\"><img loading=\"lazy\" decoding=\"async\" width=\"800\" height=\"600\" data-attachment-id=\"17831\" data-permalink=\"https:\/\/www.jungsi.de\/en\/expansion-module-2-colecovision\/cbs-colecovision-expansion-module-2-komplett\/\" data-orig-file=\"https:\/\/www.jungsi.de\/blog\/wp-content\/uploads\/CBS-Colecovision-Expansion-Module-2-komplett.jpg\" data-orig-size=\"800,600\" data-comments-opened=\"1\" data-image-meta=\"{&quot;aperture&quot;:&quot;3.5&quot;,&quot;credit&quot;:&quot;&quot;,&quot;camera&quot;:&quot;Canon PowerShot SX260 HS&quot;,&quot;caption&quot;:&quot;&quot;,&quot;created_timestamp&quot;:&quot;1494963297&quot;,&quot;copyright&quot;:&quot;&quot;,&quot;focal_length&quot;:&quot;4.5&quot;,&quot;iso&quot;:&quot;640&quot;,&quot;shutter_speed&quot;:&quot;0.033333333333333&quot;,&quot;title&quot;:&quot;&quot;,&quot;orientation&quot;:&quot;1&quot;}\" data-image-title=\"CBS Colecovision &amp;#8211; Expansion Module #2 &amp;#8211; komplett\" data-image-description=\"&lt;p&gt;CBS Colecovision &amp;#8211; Expansion Module #2&lt;\/p&gt;\" data-image-caption=\"&lt;p&gt;CBS Colecovision &amp;#8211; Expansion Module #2&lt;\/p&gt;\" data-large-file=\"https:\/\/www.jungsi.de\/blog\/wp-content\/uploads\/CBS-Colecovision-Expansion-Module-2-komplett.jpg\" src=\"https:\/\/www.jungsi.de\/blog\/wp-content\/uploads\/CBS-Colecovision-Expansion-Module-2-komplett.jpg\" alt=\"CBS Colecovision - Expansion Module #2\" class=\"wp-image-17831\" srcset=\"https:\/\/www.jungsi.de\/blog\/wp-content\/uploads\/CBS-Colecovision-Expansion-Module-2-komplett.jpg 800w, https:\/\/www.jungsi.de\/blog\/wp-content\/uploads\/CBS-Colecovision-Expansion-Module-2-komplett-300x225.jpg 300w\" sizes=\"auto, (max-width: 800px) 100vw, 800px\" \/><figcaption class=\"wp-element-caption\">Expansion Module #2<\/figcaption><\/figure>\n<\/div>\n\n<div class=\"wp-block-image wp-image-19880\">\n<figure class=\"aligncenter\"><img loading=\"lazy\" decoding=\"async\" width=\"1400\" height=\"1050\" data-attachment-id=\"19880\" data-permalink=\"https:\/\/www.jungsi.de\/en\/konsolen\/cbs-colecovision\/ultimate-sd-komplett\/\" data-orig-file=\"https:\/\/www.jungsi.de\/blog\/wp-content\/uploads\/Ultimate-SD-komplett.jpg\" data-orig-size=\"1400,1050\" data-comments-opened=\"1\" data-image-meta=\"{&quot;aperture&quot;:&quot;3.5&quot;,&quot;credit&quot;:&quot;&quot;,&quot;camera&quot;:&quot;Canon PowerShot SX260 HS&quot;,&quot;caption&quot;:&quot;&quot;,&quot;created_timestamp&quot;:&quot;1516461125&quot;,&quot;copyright&quot;:&quot;&quot;,&quot;focal_length&quot;:&quot;4.5&quot;,&quot;iso&quot;:&quot;1000&quot;,&quot;shutter_speed&quot;:&quot;0.05&quot;,&quot;title&quot;:&quot;&quot;,&quot;orientation&quot;:&quot;1&quot;}\" data-image-title=\"Ultimate SD komplett\" data-image-description=\"&lt;p&gt;Ultimate SD&lt;\/p&gt;\" data-image-caption=\"&lt;p&gt;Ultimate SD&lt;\/p&gt;\" data-large-file=\"https:\/\/www.jungsi.de\/blog\/wp-content\/uploads\/Ultimate-SD-komplett-1024x768.jpg\" src=\"https:\/\/www.jungsi.de\/blog\/wp-content\/uploads\/Ultimate-SD-komplett.jpg\" alt=\"Ultimate SD\" class=\"wp-image-19880\" srcset=\"https:\/\/www.jungsi.de\/blog\/wp-content\/uploads\/Ultimate-SD-komplett.jpg 1400w, https:\/\/www.jungsi.de\/blog\/wp-content\/uploads\/Ultimate-SD-komplett-300x225.jpg 300w, https:\/\/www.jungsi.de\/blog\/wp-content\/uploads\/Ultimate-SD-komplett-1024x768.jpg 1024w\" sizes=\"auto, (max-width: 1400px) 100vw, 1400px\" \/><figcaption class=\"wp-element-caption\">Ultimate SD<\/figcaption><\/figure>\n<\/div>","protected":false},"excerpt":{"rendered":"<p>CBS Colecovision Im Jahr 1982 trat das CBS Colecovision in den Markt der Spielkonsolen ein. Mit einer Z80-CPU, einer Aufl\u00f6sung von 256&#215;192 Pixeln und 32 \u2026<\/p>","protected":false},"author":2,"featured_media":19880,"parent":18078,"menu_order":0,"comment_status":"closed","ping_status":"closed","template":"","meta":{"_lmt_disableupdate":"","_lmt_disable":"","ngg_post_thumbnail":0,"jetpack_post_was_ever_published":false,"footnotes":"","_links_to":"","_links_to_target":""},"class_list":["post-18373","page","type-page","status-publish","has-post-thumbnail","hentry"],"jetpack_shortlink":"https:\/\/wp.me\/P4eXvk-4Ml","jetpack_sharing_enabled":true,"jetpack_likes_enabled":true,"jetpack-related-posts":[{"id":22631,"url":"https:\/\/www.jungsi.de\/en\/handheld-konsolen\/microvision\/","url_meta":{"origin":18373,"position":0},"title":"MB Microvision","author":"Jungsi","date":"8. April 2019","format":false,"excerpt":"MB Microvision Microvision - Blockbuster Das MB Microvision war die erste tragbare Spielekonsole mit austauschbaren Spielmodulen und gilt als ein Pionier in der Geschichte des Handheld-Gamings. Obwohl es heute weniger bekannt ist, legte das Microvision den Grundstein f\u00fcr viele der tragbaren Konsolen, die in den folgenden Jahrzehnten erfolgreich wurden. Die\u2026","rel":"","context":"Similar post","block_context":{"text":"Similar post","link":""},"img":{"alt_text":"Microvision - 4 Gewinnt Box Vorderseite","src":"https:\/\/i0.wp.com\/www.jungsi.de\/blog\/wp-content\/uploads\/Microvision-4-Gewinnt-Box-Vorderseite-e1609598274438.jpg?resize=350%2C200&ssl=1","width":350,"height":200,"srcset":"https:\/\/i0.wp.com\/www.jungsi.de\/blog\/wp-content\/uploads\/Microvision-4-Gewinnt-Box-Vorderseite-e1609598274438.jpg?resize=350%2C200&ssl=1 1x, https:\/\/i0.wp.com\/www.jungsi.de\/blog\/wp-content\/uploads\/Microvision-4-Gewinnt-Box-Vorderseite-e1609598274438.jpg?resize=525%2C300&ssl=1 1.5x"},"classes":[]},{"id":18281,"url":"https:\/\/www.jungsi.de\/en\/konsolen\/mattel-intellivision\/","url_meta":{"origin":18373,"position":1},"title":"Mattel Intellivision","author":"Jungsi","date":"17. August 2017","format":false,"excerpt":"Mattel Intellivision Mattel Intellivision 1980 brachte der Spielzeugriese Mattel die Konsole Intellivision heraus, w\u00e4hrend Atari mit seinem VCS den Markt dominierte. Intellivision bot eine 16-Bit-CPU, die weit bessere Spiele als die einfache Blockgrafik des VCS erm\u00f6glichte. Mattel setzte dabei auf Sportlizenzen, obwohl der Controller als etwas kompliziert galt. Die Steuerung\u2026","rel":"","context":"Similar post","block_context":{"text":"Similar post","link":""},"img":{"alt_text":"Mattel Intellivision","src":"https:\/\/i0.wp.com\/www.jungsi.de\/blog\/wp-content\/uploads\/matell-intellivison_3.jpg?resize=350%2C200&ssl=1","width":350,"height":200,"srcset":"https:\/\/i0.wp.com\/www.jungsi.de\/blog\/wp-content\/uploads\/matell-intellivison_3.jpg?resize=350%2C200&ssl=1 1x, https:\/\/i0.wp.com\/www.jungsi.de\/blog\/wp-content\/uploads\/matell-intellivison_3.jpg?resize=525%2C300&ssl=1 1.5x, https:\/\/i0.wp.com\/www.jungsi.de\/blog\/wp-content\/uploads\/matell-intellivison_3.jpg?resize=700%2C400&ssl=1 2x"},"classes":[]},{"id":25366,"url":"https:\/\/www.jungsi.de\/en\/handheld-konsolen\/watara-supervision\/","url_meta":{"origin":18373,"position":2},"title":"Watara Supervision","author":"Jungsi","date":"19. February 2021","format":false,"excerpt":"Watara Supervision Watara Supervsion - GB-2000 Watara Supervision Hartung Supervision - Model SV-100 Auf den ersten Blick unterscheidet sich das Supervision mit seinem zweistufig schwenkbaren Display vom Game Boy. Ansonsten ist es sehr \u00e4hnlich, mit einem Kontrastregler und einem Netzstecker auf der linken Seite, einem Kopfh\u00f6reranschluss vorne, einem Lautst\u00e4rkeregler rechts\u2026","rel":"","context":"Similar post","block_context":{"text":"Similar post","link":""},"img":{"alt_text":"Watara Supervsion","src":"https:\/\/i0.wp.com\/www.jungsi.de\/blog\/wp-content\/uploads\/Watara-Supervsion-Vorderseite.jpg?resize=350%2C200&ssl=1","width":350,"height":200,"srcset":"https:\/\/i0.wp.com\/www.jungsi.de\/blog\/wp-content\/uploads\/Watara-Supervsion-Vorderseite.jpg?resize=350%2C200&ssl=1 1x, https:\/\/i0.wp.com\/www.jungsi.de\/blog\/wp-content\/uploads\/Watara-Supervsion-Vorderseite.jpg?resize=525%2C300&ssl=1 1.5x, https:\/\/i0.wp.com\/www.jungsi.de\/blog\/wp-content\/uploads\/Watara-Supervsion-Vorderseite.jpg?resize=700%2C400&ssl=1 2x"},"classes":[]},{"id":19678,"url":"https:\/\/www.jungsi.de\/en\/handheld-konsolen\/nintendo\/nintendo-game-boy\/","url_meta":{"origin":18373,"position":3},"title":"Nintendo Game Boy","author":"Jungsi","date":"26. February 2018","format":false,"excerpt":"Nintendo Game Boy Nintendo Game Boy Der Nintendo Game Boy ist eine Legende in der Welt der Videospiele, ein Ger\u00e4t, das eine ganze Generation pr\u00e4gte und die Art und Weise, wie Menschen Spiele erlebten, revolutionierte. Die Geschichte des Game Boy begann in den sp\u00e4ten 1980er Jahren in den K\u00f6pfen der\u2026","rel":"","context":"Similar post","block_context":{"text":"Similar post","link":""},"img":{"alt_text":"","src":"https:\/\/i0.wp.com\/www.jungsi.de\/blog\/wp-content\/uploads\/2014\/11\/Gameboy.jpg?resize=350%2C200&ssl=1","width":350,"height":200},"classes":[]},{"id":28496,"url":"https:\/\/www.jungsi.de\/en\/heimcomputer\/commodore\/commodore-amiga\/","url_meta":{"origin":18373,"position":4},"title":"Commodore Amiga","author":"Jungsi","date":"17. January 2023","format":false,"excerpt":"Commodore Amiga Commodore Amiga 500 In Deutschland war dieser 16-Bit-Heimcomputer in den fr\u00fchen 90er Jahren sehr beliebt. Er verf\u00fcgt \u00fcber eine ansprechende, mausgesteuerte grafische Benutzeroberfl\u00e4che (GUI) mit einem Befehlszeilenprozessor und unterst\u00fctzt komplexe Multimedia-Operationen. Im Vergleich zum C64 bietet er eine leistungsst\u00e4rkere CPU, besseren Sound und erweiterte Grafikfunktionen. Der neue Motorola\u2026","rel":"","context":"Similar post","block_context":{"text":"Similar post","link":""},"img":{"alt_text":"A500-IDE","src":"https:\/\/i0.wp.com\/www.jungsi.de\/blog\/wp-content\/uploads\/A500-IDE.jpg?resize=350%2C200&ssl=1","width":350,"height":200,"srcset":"https:\/\/i0.wp.com\/www.jungsi.de\/blog\/wp-content\/uploads\/A500-IDE.jpg?resize=350%2C200&ssl=1 1x, https:\/\/i0.wp.com\/www.jungsi.de\/blog\/wp-content\/uploads\/A500-IDE.jpg?resize=525%2C300&ssl=1 1.5x, https:\/\/i0.wp.com\/www.jungsi.de\/blog\/wp-content\/uploads\/A500-IDE.jpg?resize=700%2C400&ssl=1 2x"},"classes":[]},{"id":18292,"url":"https:\/\/www.jungsi.de\/en\/konsolen\/vectrex\/","url_meta":{"origin":18373,"position":5},"title":"MB Vectrex","author":"Jungsi","date":"19. August 2017","format":false,"excerpt":"MB Vectrex Vectrex Das Vectrex ist eine bemerkenswerte Konsole im Bereich der Videospielger\u00e4te. Es setzt auf Vektorgrafik, bei der sich der Elektronenstrahl frei bewegt, anstatt in Zeilen zu scannen. Dies erm\u00f6glicht schnelle Bewegungen, allerdings sind gef\u00fcllte Fl\u00e4chen schwierig darzustellen. Jay Smith, der Erfinder des Microvision-Handhelds, entwickelte diese Konsole mit einem\u2026","rel":"","context":"Similar post","block_context":{"text":"Similar post","link":""},"img":{"alt_text":"Vectorlink - Verpackung Oberseite","src":"https:\/\/i0.wp.com\/www.jungsi.de\/blog\/wp-content\/uploads\/Vectorlink-Verpackung-Oberseite.jpg?resize=350%2C200&ssl=1","width":350,"height":200,"srcset":"https:\/\/i0.wp.com\/www.jungsi.de\/blog\/wp-content\/uploads\/Vectorlink-Verpackung-Oberseite.jpg?resize=350%2C200&ssl=1 1x, https:\/\/i0.wp.com\/www.jungsi.de\/blog\/wp-content\/uploads\/Vectorlink-Verpackung-Oberseite.jpg?resize=525%2C300&ssl=1 1.5x, https:\/\/i0.wp.com\/www.jungsi.de\/blog\/wp-content\/uploads\/Vectorlink-Verpackung-Oberseite.jpg?resize=700%2C400&ssl=1 2x, https:\/\/i0.wp.com\/www.jungsi.de\/blog\/wp-content\/uploads\/Vectorlink-Verpackung-Oberseite.jpg?resize=1050%2C600&ssl=1 3x, https:\/\/i0.wp.com\/www.jungsi.de\/blog\/wp-content\/uploads\/Vectorlink-Verpackung-Oberseite.jpg?resize=1400%2C800&ssl=1 4x"},"classes":[]}],"_links":{"self":[{"href":"https:\/\/www.jungsi.de\/en\/wp-json\/wp\/v2\/pages\/18373","targetHints":{"allow":["GET"]}}],"collection":[{"href":"https:\/\/www.jungsi.de\/en\/wp-json\/wp\/v2\/pages"}],"about":[{"href":"https:\/\/www.jungsi.de\/en\/wp-json\/wp\/v2\/types\/page"}],"author":[{"embeddable":true,"href":"https:\/\/www.jungsi.de\/en\/wp-json\/wp\/v2\/users\/2"}],"replies":[{"embeddable":true,"href":"https:\/\/www.jungsi.de\/en\/wp-json\/wp\/v2\/comments?post=18373"}],"version-history":[{"count":0,"href":"https:\/\/www.jungsi.de\/en\/wp-json\/wp\/v2\/pages\/18373\/revisions"}],"up":[{"embeddable":true,"href":"https:\/\/www.jungsi.de\/en\/wp-json\/wp\/v2\/pages\/18078"}],"wp:featuredmedia":[{"embeddable":true,"href":"https:\/\/www.jungsi.de\/en\/wp-json\/wp\/v2\/media\/19880"}],"wp:attachment":[{"href":"https:\/\/www.jungsi.de\/en\/wp-json\/wp\/v2\/media?parent=18373"}],"curies":[{"name":"wp","href":"https:\/\/api.w.org\/{rel}","templated":true}]}}