{"id":18281,"date":"2017-08-17T17:32:54","date_gmt":"2017-08-17T15:32:54","guid":{"rendered":"http:\/\/www.jungsi.de\/?page_id=18281"},"modified":"2024-08-22T10:33:58","modified_gmt":"2024-08-22T08:33:58","slug":"mattel-intellivision","status":"publish","type":"page","link":"https:\/\/www.jungsi.de\/en\/konsolen\/mattel-intellivision\/","title":{"rendered":"Mattel Intellivision"},"content":{"rendered":"<p><\/p>\n\n\n\n<h2 class=\"wp-block-heading has-text-align-center\">Mattel Intellivision<\/h2>\n\n\n<div class=\"wp-block-image wp-image-13809\">\n<figure class=\"aligncenter\"><img loading=\"lazy\" decoding=\"async\" width=\"800\" height=\"600\" data-attachment-id=\"13809\" data-permalink=\"https:\/\/www.jungsi.de\/en\/retro\/sonstige-die-sammlung\/matell-intellivison_3\/\" data-orig-file=\"https:\/\/www.jungsi.de\/blog\/wp-content\/uploads\/matell-intellivison_3.jpg\" data-orig-size=\"800,600\" data-comments-opened=\"1\" data-image-meta=\"{&quot;aperture&quot;:&quot;3.5&quot;,&quot;credit&quot;:&quot;&quot;,&quot;camera&quot;:&quot;Canon PowerShot SX260 HS&quot;,&quot;caption&quot;:&quot;&quot;,&quot;created_timestamp&quot;:&quot;1461343304&quot;,&quot;copyright&quot;:&quot;&quot;,&quot;focal_length&quot;:&quot;4.5&quot;,&quot;iso&quot;:&quot;250&quot;,&quot;shutter_speed&quot;:&quot;0.033333333333333&quot;,&quot;title&quot;:&quot;&quot;,&quot;orientation&quot;:&quot;1&quot;}\" data-image-title=\"Mattel Intellivision_3\" data-image-description=\"&lt;p&gt;Mattel Intellivision&lt;\/p&gt;\" data-image-caption=\"&lt;p&gt;Mattel Intellivision&lt;\/p&gt;\" data-large-file=\"https:\/\/www.jungsi.de\/blog\/wp-content\/uploads\/matell-intellivison_3.jpg\" src=\"https:\/\/www.jungsi.de\/blog\/wp-content\/uploads\/matell-intellivison_3.jpg\" alt=\"Mattel Intellivision\" class=\"wp-image-13809\" srcset=\"https:\/\/www.jungsi.de\/blog\/wp-content\/uploads\/matell-intellivison_3.jpg 800w, https:\/\/www.jungsi.de\/blog\/wp-content\/uploads\/matell-intellivison_3-300x225.jpg 300w\" sizes=\"auto, (max-width: 800px) 100vw, 800px\" \/><figcaption class=\"wp-element-caption\">Mattel Intellivision<\/figcaption><\/figure>\n<\/div>\n\n\n<p>1980 brachte der Spielzeugriese Mattel die Konsole Intellivision heraus, w\u00e4hrend Atari mit seinem VCS den Markt dominierte. Intellivision bot eine 16-Bit-CPU, die weit bessere Spiele als die einfache Blockgrafik des VCS erm\u00f6glichte. Mattel setzte dabei auf Sportlizenzen, obwohl der Controller als etwas kompliziert galt. Die Steuerung erfolgte \u00fcber eine Drehscheibe f\u00fcr den Daumen und seitliche Feuerkn\u00f6pfe. Zus\u00e4tzlich gab es zw\u00f6lf Tasten im oberen Bereich, f\u00fcr die ein Overlay mit der Tastenbelegung angebracht werden konnte. Erst 1983 traten Dritthersteller wie Parker, Activision und Imagic in den Markt ein. Atari hingegen konvertierte japanische Arcade-Spiele. Mattel zog sich nach dem Zusammenbruch des Videospielmarktes im Jahr 1984 zur\u00fcck, nachdem 125 Spiele ver\u00f6ffentlicht und 3 Millionen Ger\u00e4te verkauft wurden.<\/p>\n\n\n\n<table id=\"tablepress-235\" class=\"tablepress tablepress-id-235\">\n<tbody>\n<tr class=\"row-1\">\n\t<td class=\"column-1\"><strong>Ver\u00f6ffentlichung:<\/strong><\/td><td class=\"column-2\">1979<\/td>\n<\/tr>\n<tr class=\"row-2\">\n\t<td class=\"column-1\"><strong>Verkaufte<br \/>\nEinheiten:<\/strong><\/td><td class=\"column-2\">>3.000.000<\/td>\n<\/tr>\n<tr class=\"row-3\">\n\t<td class=\"column-1\"><strong>Prozessor:<\/strong><\/td><td class=\"column-2\">General Instrument CP1610 16-Bit-Mikroprozessor CPU mit 894,886 kHz<\/td>\n<\/tr>\n<tr class=\"row-4\">\n\t<td class=\"column-1\"><strong>Speicher:<\/strong><\/td><td class=\"column-2\">371 Byte<\/td>\n<\/tr>\n<tr class=\"row-5\">\n\t<td class=\"column-1\"><strong>ROM:<\/strong><\/td><td class=\"column-2\">7.168 Byte<\/td>\n<\/tr>\n<tr class=\"row-6\">\n\t<td class=\"column-1\"><strong>Grafik:<\/strong><\/td><td class=\"column-2\">General Instrument AY-3-8900\/AY-3-8900-1<\/td>\n<\/tr>\n<tr class=\"row-7\">\n\t<td class=\"column-1\"><strong>Aufl\u00f6sung:<\/strong><\/td><td class=\"column-2\">159&#215;96<\/td>\n<\/tr>\n<tr class=\"row-8\">\n\t<td class=\"column-1\"><strong>Farben:<\/strong><\/td><td class=\"column-2\">16 (gleichzeitig darstellbare) Farben<\/td>\n<\/tr>\n<tr class=\"row-9\">\n\t<td class=\"column-1\"><strong>Sprites:<\/strong><\/td><td class=\"column-2\">8 Sprites<\/td>\n<\/tr>\n<tr class=\"row-10\">\n\t<td class=\"column-1\"><strong>Sound:<\/strong><\/td><td class=\"column-2\">General Instrument AY-3-8914 &#8211;<br \/>\n Dreikanalton<\/td>\n<\/tr>\n<\/tbody>\n<\/table>\n<!-- #tablepress-235 from cache -->\n\n<div class=\"wp-block-image wp-image-13984\">\n<figure class=\"aligncenter\"><img loading=\"lazy\" decoding=\"async\" width=\"800\" height=\"600\" data-attachment-id=\"13984\" data-permalink=\"https:\/\/www.jungsi.de\/en\/intellivoice-mattel-intellivision\/matell-intellivision-intellivoice\/\" data-orig-file=\"https:\/\/www.jungsi.de\/blog\/wp-content\/uploads\/matell-intellivision-intellivoice.jpg\" data-orig-size=\"800,600\" data-comments-opened=\"1\" data-image-meta=\"{&quot;aperture&quot;:&quot;3.5&quot;,&quot;credit&quot;:&quot;&quot;,&quot;camera&quot;:&quot;Canon PowerShot SX260 HS&quot;,&quot;caption&quot;:&quot;&quot;,&quot;created_timestamp&quot;:&quot;1462643678&quot;,&quot;copyright&quot;:&quot;&quot;,&quot;focal_length&quot;:&quot;4.5&quot;,&quot;iso&quot;:&quot;640&quot;,&quot;shutter_speed&quot;:&quot;0.033333333333333&quot;,&quot;title&quot;:&quot;&quot;,&quot;orientation&quot;:&quot;1&quot;}\" data-image-title=\"Matell Intellivision &amp;#8211; IntelliVoice\" data-image-description=\"&lt;p&gt;Matell Intellivision &amp;#8211; IntelliVoice&lt;\/p&gt;\" data-image-caption=\"&lt;p&gt;IntelliVoice&lt;\/p&gt;\" data-large-file=\"https:\/\/www.jungsi.de\/blog\/wp-content\/uploads\/matell-intellivision-intellivoice.jpg\" src=\"https:\/\/www.jungsi.de\/blog\/wp-content\/uploads\/matell-intellivision-intellivoice.jpg\" alt=\"IntelliVoice\" class=\"wp-image-13984\" srcset=\"https:\/\/www.jungsi.de\/blog\/wp-content\/uploads\/matell-intellivision-intellivoice.jpg 800w, https:\/\/www.jungsi.de\/blog\/wp-content\/uploads\/matell-intellivision-intellivoice-300x225.jpg 300w\" sizes=\"auto, (max-width: 800px) 100vw, 800px\" \/><figcaption class=\"wp-element-caption\">IntelliVoice<\/figcaption><\/figure>\n<\/div>\n\n<div class=\"wp-block-image wp-image-17643\">\n<figure class=\"aligncenter\"><img loading=\"lazy\" decoding=\"async\" width=\"800\" height=\"600\" data-attachment-id=\"17643\" data-permalink=\"https:\/\/www.jungsi.de\/en\/lto-flash-mattel-intellivision\/lto-flash-oberseite\/\" data-orig-file=\"https:\/\/www.jungsi.de\/blog\/wp-content\/uploads\/LTO-Flash-Oberseite.jpg\" data-orig-size=\"800,600\" data-comments-opened=\"1\" data-image-meta=\"{&quot;aperture&quot;:&quot;3.5&quot;,&quot;credit&quot;:&quot;&quot;,&quot;camera&quot;:&quot;Canon PowerShot SX260 HS&quot;,&quot;caption&quot;:&quot;&quot;,&quot;created_timestamp&quot;:&quot;1474041040&quot;,&quot;copyright&quot;:&quot;&quot;,&quot;focal_length&quot;:&quot;4.5&quot;,&quot;iso&quot;:&quot;640&quot;,&quot;shutter_speed&quot;:&quot;0.033333333333333&quot;,&quot;title&quot;:&quot;&quot;,&quot;orientation&quot;:&quot;1&quot;}\" data-image-title=\"LTO Flash &amp;#8211; Oberseite\" data-image-description=\"&lt;p&gt;LTO Flash &amp;#8211; Oberseite&lt;\/p&gt;\" data-image-caption=\"&lt;p&gt;LTO Flash &amp;#8211; Oberseite&lt;\/p&gt;\" data-large-file=\"https:\/\/www.jungsi.de\/blog\/wp-content\/uploads\/LTO-Flash-Oberseite.jpg\" src=\"https:\/\/www.jungsi.de\/blog\/wp-content\/uploads\/LTO-Flash-Oberseite.jpg\" alt=\"LTO Flash - Oberseite\" class=\"wp-image-17643\" srcset=\"https:\/\/www.jungsi.de\/blog\/wp-content\/uploads\/LTO-Flash-Oberseite.jpg 800w, https:\/\/www.jungsi.de\/blog\/wp-content\/uploads\/LTO-Flash-Oberseite-300x225.jpg 300w\" sizes=\"auto, (max-width: 800px) 100vw, 800px\" \/><figcaption class=\"wp-element-caption\">LTO Flash &#8211; Oberseite<\/figcaption><\/figure>\n<\/div>","protected":false},"excerpt":{"rendered":"<p>Mattel Intellivision 1980 brachte der Spielzeugriese Mattel die Konsole Intellivision heraus, w\u00e4hrend Atari mit seinem VCS den Markt dominierte. Intellivision bot eine 16-Bit-CPU, die weit \u2026<\/p>","protected":false},"author":2,"featured_media":0,"parent":18078,"menu_order":0,"comment_status":"closed","ping_status":"closed","template":"","meta":{"_lmt_disableupdate":"","_lmt_disable":"","ngg_post_thumbnail":0,"jetpack_post_was_ever_published":false,"footnotes":"","_links_to":"","_links_to_target":""},"class_list":["post-18281","page","type-page","status-publish","hentry"],"jetpack_shortlink":"https:\/\/wp.me\/P4eXvk-4KR","jetpack_sharing_enabled":true,"jetpack_likes_enabled":true,"jetpack-related-posts":[{"id":18373,"url":"https:\/\/www.jungsi.de\/en\/konsolen\/cbs-colecovision\/","url_meta":{"origin":18281,"position":0},"title":"CBS Colecovision","author":"Jungsi","date":"2. September 2017","format":false,"excerpt":"CBS Colecovision CBS Colecovision Im Jahr 1982 trat das CBS Colecovision in den Markt der Spielkonsolen ein. Mit einer Z80-CPU, einer Aufl\u00f6sung von 256x192 Pixeln und 32 Hardware-Sprites setzte es neue Ma\u00dfst\u00e4be und \u00fcbertraf sogar Mattels Intellivision. Coleco sicherte sich rechtzeitig die Rechte an bekannten japanischen Spielen wie Donkey Kong,\u2026","rel":"","context":"Similar post","block_context":{"text":"Similar post","link":""},"img":{"alt_text":"Ultimate SD","src":"https:\/\/i0.wp.com\/www.jungsi.de\/blog\/wp-content\/uploads\/Ultimate-SD-komplett.jpg?resize=350%2C200&ssl=1","width":350,"height":200,"srcset":"https:\/\/i0.wp.com\/www.jungsi.de\/blog\/wp-content\/uploads\/Ultimate-SD-komplett.jpg?resize=350%2C200&ssl=1 1x, https:\/\/i0.wp.com\/www.jungsi.de\/blog\/wp-content\/uploads\/Ultimate-SD-komplett.jpg?resize=525%2C300&ssl=1 1.5x, https:\/\/i0.wp.com\/www.jungsi.de\/blog\/wp-content\/uploads\/Ultimate-SD-komplett.jpg?resize=700%2C400&ssl=1 2x, https:\/\/i0.wp.com\/www.jungsi.de\/blog\/wp-content\/uploads\/Ultimate-SD-komplett.jpg?resize=1050%2C600&ssl=1 3x, https:\/\/i0.wp.com\/www.jungsi.de\/blog\/wp-content\/uploads\/Ultimate-SD-komplett.jpg?resize=1400%2C800&ssl=1 4x"},"classes":[]},{"id":18106,"url":"https:\/\/www.jungsi.de\/en\/suche-biete\/","url_meta":{"origin":18281,"position":1},"title":"Suche\/Kaufe\/Tausche","author":"Jungsi","date":"30. July 2017","format":false,"excerpt":"Suche\/Kaufe\/Tausche Meine Sammlung kann immer noch das eine oder andere zus\u00e4tzliche St\u00fcck vertragen. Bevor Hardware verschrottet wird, bewahre ich sie gerne vor diesem Schicksal. Die Ger\u00e4te werden gereinigt, soweit m\u00f6glich instand gesetzt und wieder in Betrieb genommen, sollten sie nicht mehr funktionieren. Falls Sie etwas loswerden wollen, k\u00f6nnen Sie sich\u2026","rel":"","context":"Similar post","block_context":{"text":"Similar post","link":""},"img":{"alt_text":"","src":"","width":0,"height":0},"classes":[]},{"id":22631,"url":"https:\/\/www.jungsi.de\/en\/handheld-konsolen\/microvision\/","url_meta":{"origin":18281,"position":2},"title":"MB Microvision","author":"Jungsi","date":"8. April 2019","format":false,"excerpt":"MB Microvision Microvision - Blockbuster Das MB Microvision war die erste tragbare Spielekonsole mit austauschbaren Spielmodulen und gilt als ein Pionier in der Geschichte des Handheld-Gamings. Obwohl es heute weniger bekannt ist, legte das Microvision den Grundstein f\u00fcr viele der tragbaren Konsolen, die in den folgenden Jahrzehnten erfolgreich wurden. Die\u2026","rel":"","context":"Similar post","block_context":{"text":"Similar post","link":""},"img":{"alt_text":"Microvision - 4 Gewinnt Box Vorderseite","src":"https:\/\/i0.wp.com\/www.jungsi.de\/blog\/wp-content\/uploads\/Microvision-4-Gewinnt-Box-Vorderseite-e1609598274438.jpg?resize=350%2C200&ssl=1","width":350,"height":200,"srcset":"https:\/\/i0.wp.com\/www.jungsi.de\/blog\/wp-content\/uploads\/Microvision-4-Gewinnt-Box-Vorderseite-e1609598274438.jpg?resize=350%2C200&ssl=1 1x, https:\/\/i0.wp.com\/www.jungsi.de\/blog\/wp-content\/uploads\/Microvision-4-Gewinnt-Box-Vorderseite-e1609598274438.jpg?resize=525%2C300&ssl=1 1.5x"},"classes":[]},{"id":25366,"url":"https:\/\/www.jungsi.de\/en\/handheld-konsolen\/watara-supervision\/","url_meta":{"origin":18281,"position":3},"title":"Watara Supervision","author":"Jungsi","date":"19. February 2021","format":false,"excerpt":"Watara Supervision Watara Supervsion - GB-2000 Watara Supervision Hartung Supervision - Model SV-100 Auf den ersten Blick unterscheidet sich das Supervision mit seinem zweistufig schwenkbaren Display vom Game Boy. Ansonsten ist es sehr \u00e4hnlich, mit einem Kontrastregler und einem Netzstecker auf der linken Seite, einem Kopfh\u00f6reranschluss vorne, einem Lautst\u00e4rkeregler rechts\u2026","rel":"","context":"Similar post","block_context":{"text":"Similar post","link":""},"img":{"alt_text":"Watara Supervsion","src":"https:\/\/i0.wp.com\/www.jungsi.de\/blog\/wp-content\/uploads\/Watara-Supervsion-Vorderseite.jpg?resize=350%2C200&ssl=1","width":350,"height":200,"srcset":"https:\/\/i0.wp.com\/www.jungsi.de\/blog\/wp-content\/uploads\/Watara-Supervsion-Vorderseite.jpg?resize=350%2C200&ssl=1 1x, https:\/\/i0.wp.com\/www.jungsi.de\/blog\/wp-content\/uploads\/Watara-Supervsion-Vorderseite.jpg?resize=525%2C300&ssl=1 1.5x, https:\/\/i0.wp.com\/www.jungsi.de\/blog\/wp-content\/uploads\/Watara-Supervsion-Vorderseite.jpg?resize=700%2C400&ssl=1 2x"},"classes":[]},{"id":19678,"url":"https:\/\/www.jungsi.de\/en\/handheld-konsolen\/nintendo\/nintendo-game-boy\/","url_meta":{"origin":18281,"position":4},"title":"Nintendo Game Boy","author":"Jungsi","date":"26. February 2018","format":false,"excerpt":"Nintendo Game Boy Nintendo Game Boy Der Nintendo Game Boy ist eine Legende in der Welt der Videospiele, ein Ger\u00e4t, das eine ganze Generation pr\u00e4gte und die Art und Weise, wie Menschen Spiele erlebten, revolutionierte. Die Geschichte des Game Boy begann in den sp\u00e4ten 1980er Jahren in den K\u00f6pfen der\u2026","rel":"","context":"Similar post","block_context":{"text":"Similar post","link":""},"img":{"alt_text":"","src":"https:\/\/i0.wp.com\/www.jungsi.de\/blog\/wp-content\/uploads\/2014\/11\/Gameboy.jpg?resize=350%2C200&ssl=1","width":350,"height":200},"classes":[]},{"id":28496,"url":"https:\/\/www.jungsi.de\/en\/heimcomputer\/commodore\/commodore-amiga\/","url_meta":{"origin":18281,"position":5},"title":"Commodore Amiga","author":"Jungsi","date":"17. January 2023","format":false,"excerpt":"Commodore Amiga Commodore Amiga 500 In Deutschland war dieser 16-Bit-Heimcomputer in den fr\u00fchen 90er Jahren sehr beliebt. Er verf\u00fcgt \u00fcber eine ansprechende, mausgesteuerte grafische Benutzeroberfl\u00e4che (GUI) mit einem Befehlszeilenprozessor und unterst\u00fctzt komplexe Multimedia-Operationen. Im Vergleich zum C64 bietet er eine leistungsst\u00e4rkere CPU, besseren Sound und erweiterte Grafikfunktionen. Der neue Motorola\u2026","rel":"","context":"Similar post","block_context":{"text":"Similar post","link":""},"img":{"alt_text":"A500-IDE","src":"https:\/\/i0.wp.com\/www.jungsi.de\/blog\/wp-content\/uploads\/A500-IDE.jpg?resize=350%2C200&ssl=1","width":350,"height":200,"srcset":"https:\/\/i0.wp.com\/www.jungsi.de\/blog\/wp-content\/uploads\/A500-IDE.jpg?resize=350%2C200&ssl=1 1x, https:\/\/i0.wp.com\/www.jungsi.de\/blog\/wp-content\/uploads\/A500-IDE.jpg?resize=525%2C300&ssl=1 1.5x, https:\/\/i0.wp.com\/www.jungsi.de\/blog\/wp-content\/uploads\/A500-IDE.jpg?resize=700%2C400&ssl=1 2x"},"classes":[]}],"_links":{"self":[{"href":"https:\/\/www.jungsi.de\/en\/wp-json\/wp\/v2\/pages\/18281","targetHints":{"allow":["GET"]}}],"collection":[{"href":"https:\/\/www.jungsi.de\/en\/wp-json\/wp\/v2\/pages"}],"about":[{"href":"https:\/\/www.jungsi.de\/en\/wp-json\/wp\/v2\/types\/page"}],"author":[{"embeddable":true,"href":"https:\/\/www.jungsi.de\/en\/wp-json\/wp\/v2\/users\/2"}],"replies":[{"embeddable":true,"href":"https:\/\/www.jungsi.de\/en\/wp-json\/wp\/v2\/comments?post=18281"}],"version-history":[{"count":0,"href":"https:\/\/www.jungsi.de\/en\/wp-json\/wp\/v2\/pages\/18281\/revisions"}],"up":[{"embeddable":true,"href":"https:\/\/www.jungsi.de\/en\/wp-json\/wp\/v2\/pages\/18078"}],"wp:attachment":[{"href":"https:\/\/www.jungsi.de\/en\/wp-json\/wp\/v2\/media?parent=18281"}],"curies":[{"name":"wp","href":"https:\/\/api.w.org\/{rel}","templated":true}]}}