{"id":18246,"date":"2017-08-12T12:35:36","date_gmt":"2017-08-12T10:35:36","guid":{"rendered":"http:\/\/www.jungsi.de\/?page_id=18246"},"modified":"2026-03-28T18:39:12","modified_gmt":"2026-03-28T17:39:12","slug":"atari-2600","status":"publish","type":"page","link":"https:\/\/www.jungsi.de\/en\/konsolen\/atari-konsolen\/atari-2600\/","title":{"rendered":"Atari 2600"},"content":{"rendered":"<p><\/p>\n\n\n\n<h2 class=\"wp-block-heading has-text-align-center\">Atari 2600<\/h2>\n\n\n<div class=\"wp-block-image size-full wp-image-7045\">\n<figure class=\"aligncenter\"><img loading=\"lazy\" decoding=\"async\" width=\"500\" height=\"375\" data-attachment-id=\"7045\" data-permalink=\"https:\/\/www.jungsi.de\/en\/heimcomputer\/atari-die-sammlung\/exif_jpeg_picture-355\/\" data-orig-file=\"https:\/\/www.jungsi.de\/blog\/wp-content\/uploads\/2013\/09\/VCS-2600-nach-Reinigung-1.jpg\" data-orig-size=\"500,375\" data-comments-opened=\"1\" data-image-meta=\"{&quot;aperture&quot;:&quot;3.3&quot;,&quot;credit&quot;:&quot;&quot;,&quot;camera&quot;:&quot;RICOH R8&quot;,&quot;caption&quot;:&quot;Exif_JPEG_PICTURE&quot;,&quot;created_timestamp&quot;:&quot;1381766147&quot;,&quot;copyright&quot;:&quot;(C) by RICOH R8 User&quot;,&quot;focal_length&quot;:&quot;5&quot;,&quot;iso&quot;:&quot;200&quot;,&quot;shutter_speed&quot;:&quot;0.16666666666667&quot;,&quot;title&quot;:&quot;Exif_JPEG_PICTURE&quot;,&quot;orientation&quot;:&quot;1&quot;}\" data-image-title=\"Atari VCS 2600\" data-image-description=\"&lt;p&gt;Atari VCS 2600&lt;\/p&gt;\" data-image-caption=\"&lt;p&gt;Atari VCS &amp;#8222;Darth Vader) 1982&lt;\/p&gt;\" data-large-file=\"https:\/\/www.jungsi.de\/blog\/wp-content\/uploads\/2013\/09\/VCS-2600-nach-Reinigung-1.jpg\" src=\"https:\/\/www.jungsi.de\/blog\/wp-content\/uploads\/2013\/09\/VCS-2600-nach-Reinigung-1.jpg\" alt=\"Atari VCS 2600\" class=\"wp-image-7045\" srcset=\"https:\/\/www.jungsi.de\/blog\/wp-content\/uploads\/2013\/09\/VCS-2600-nach-Reinigung-1.jpg 500w, https:\/\/www.jungsi.de\/blog\/wp-content\/uploads\/2013\/09\/VCS-2600-nach-Reinigung-1-300x225.jpg 300w\" sizes=\"auto, (max-width: 500px) 100vw, 500px\" \/><figcaption class=\"wp-element-caption\">Atari VCS (Darth Vader) 1982<\/figcaption><\/figure>\n<\/div>\n\n\n<p>Der Atari VCS 2600 \u2013 urspr\u00fcnglich schlicht \u201eVideo Computer System&#8220; genannt \u2013 war bei seiner Einf\u00fchrung im Jahr 1977 eine kleine Revolution. Das Ger\u00e4t brachte wechselbare Spielmodule in die Wohnzimmer und l\u00f6ste damit die fest eingebauten Pong-Konsolen der Fr\u00fchzeit ab. Mit dem MOS-6507-Prozessor und dem legend\u00e4ren TIA-Chip ausgestattet, bot es f\u00fcr seine Zeit erstaunliche M\u00f6glichkeiten \u2013 auch wenn Entwickler stets kreativ mit den knappen 128 Bytes RAM haushalten mussten. Der kommerzielle Durchbruch kam 1980 mit der Portierung von Space Invaders, die viele Haushalte erstmals zu einem Kauf bewog. Auf dem H\u00f6hepunkt seiner Popularit\u00e4t war der VCS 2600 das meistverkaufte Weihnachtsgeschenk in den USA. Der Videospielcrash von 1983 setzte dem Boom ein j\u00e4hes Ende, doch Atari verkaufte die Konsole \u2013 zwischenzeitlich in \u201e2600&#8243; umbenannt \u2013 erstaunlicherweise bis 1992 weiter. Damit hat kein anderes Ger\u00e4t seiner \u00c4ra eine l\u00e4ngere Produktionszeit vorzuweisen.<\/p>\n\n\n\n<table id=\"tablepress-233\" class=\"tablepress tablepress-id-233\">\n<tbody>\n<tr class=\"row-1\">\n\t<td class=\"column-1\"><a href=\"http:\/\/wp.me\/p4eXvk-16H\" target=\"_blank\">Link zum Artikel<\/a><\/td><td class=\"column-2\"><\/td>\n<\/tr>\n<tr class=\"row-2\">\n\t<td class=\"column-1\"><strong>Erscheinungsjahr:<\/strong><\/td><td class=\"column-2\">1977<\/td>\n<\/tr>\n<tr class=\"row-3\">\n\t<td class=\"column-1\"><strong>Prozessor:<\/strong><\/td><td class=\"column-2\">MOS Technologies 6507<br \/>\n<\/td>\n<\/tr>\n<tr class=\"row-4\">\n\t<td class=\"column-1\"><strong>Taktfrequenz:<\/strong><\/td><td class=\"column-2\">1,19 MHz<\/td>\n<\/tr>\n<tr class=\"row-5\">\n\t<td class=\"column-1\"><strong>RAM:<\/strong><\/td><td class=\"column-2\">128 Bytes VLSI<\/td>\n<\/tr>\n<tr class=\"row-6\">\n\t<td class=\"column-1\"><strong>ROM:<\/strong><\/td><td class=\"column-2\">2* &#8211; 16 KByte, je nach Modul (bei 8+ KByte \u00fcber Bankswitching); vereinzelt auch 32 KByte (z.B. Fatal Run)<\/td>\n<\/tr>\n<tr class=\"row-7\">\n\t<td class=\"column-1\"><strong>Grafikchip:<\/strong><\/td><td class=\"column-2\">TIA (Television Interface Adapter, nachtr\u00e4glich auch &#8222;Stella&#8220; genannt)<\/td>\n<\/tr>\n<tr class=\"row-8\">\n\t<td class=\"column-1\"><strong>Grafikmodi:<\/strong><\/td><td class=\"column-2\">320 x 200<\/td>\n<\/tr>\n<tr class=\"row-9\">\n\t<td class=\"column-1\"><strong>Farben:<\/strong><\/td><td class=\"column-2\">128 Farben bei NTSC, 104 bei PAL<\/td>\n<\/tr>\n<tr class=\"row-10\">\n\t<td class=\"column-1\"><strong>Soundchip:<\/strong><\/td><td class=\"column-2\">TIA (&#8222;Stella&#8220;)<\/td>\n<\/tr>\n<tr class=\"row-11\">\n\t<td class=\"column-1\"><strong>Sound:<\/strong><\/td><td class=\"column-2\">2 Stimmen, mono<\/td>\n<\/tr>\n<tr class=\"row-12\">\n\t<td class=\"column-1\"><strong>Tastatur:<\/strong><\/td><td class=\"column-2\">nur \u00fcber Add-Ons wie CompuMate]<\/td>\n<\/tr>\n<tr class=\"row-13\">\n\t<td class=\"column-1\"><strong>I\/O:<\/strong><\/td><td class=\"column-2\">1 x Modulschacht, 1 x HF, 2 x Joystick<\/td>\n<\/tr>\n<\/tbody>\n<\/table>\n<!-- #tablepress-233 from cache -->\n\n\n<p class=\"has-text-align-center\"><strong>Zubeh\u00f6r<\/strong><\/p>\n\n\n<div class=\"wp-block-image\">\n<figure class=\"aligncenter\"><img loading=\"lazy\" decoding=\"async\" width=\"300\" height=\"400\" data-attachment-id=\"4694\" data-permalink=\"https:\/\/www.jungsi.de\/en\/retro-atari-vcs-2600-harmony-cartridge\/exif_jpeg_picture-235\/\" data-orig-file=\"https:\/\/www.jungsi.de\/blog\/wp-content\/uploads\/2013\/11\/Harmony.jpg\" data-orig-size=\"300,400\" data-comments-opened=\"1\" data-image-meta=\"{&quot;aperture&quot;:&quot;3.6&quot;,&quot;credit&quot;:&quot;&quot;,&quot;camera&quot;:&quot;RICOH R8&quot;,&quot;caption&quot;:&quot;Exif_JPEG_PICTURE&quot;,&quot;created_timestamp&quot;:&quot;1384888475&quot;,&quot;copyright&quot;:&quot;(C) by RICOH R8 User&quot;,&quot;focal_length&quot;:&quot;5.7&quot;,&quot;iso&quot;:&quot;200&quot;,&quot;shutter_speed&quot;:&quot;0.5&quot;,&quot;title&quot;:&quot;Exif_JPEG_PICTURE&quot;,&quot;orientation&quot;:&quot;1&quot;}\" data-image-title=\"Harmony\" data-image-description=\"&lt;p&gt;Harmony Cartridge&lt;\/p&gt;\" data-image-caption=\"&lt;p&gt;VCS2600 &amp;#8211; Harmony Cartridge&lt;\/p&gt;\" data-large-file=\"https:\/\/www.jungsi.de\/blog\/wp-content\/uploads\/2013\/11\/Harmony.jpg\" src=\"https:\/\/www.jungsi.de\/blog\/wp-content\/uploads\/2013\/11\/Harmony.jpg\" alt=\"Harmony Cartridge\" class=\"wp-image-4694\" srcset=\"https:\/\/www.jungsi.de\/blog\/wp-content\/uploads\/2013\/11\/Harmony.jpg 300w, https:\/\/www.jungsi.de\/blog\/wp-content\/uploads\/2013\/11\/Harmony-225x300.jpg 225w\" sizes=\"auto, (max-width: 300px) 100vw, 300px\" \/><figcaption class=\"wp-element-caption\">VCS2600 &#8211; Harmony Cartridge<\/figcaption><\/figure>\n<\/div>","protected":false},"excerpt":{"rendered":"<p>Atari 2600 Der Atari VCS 2600 \u2013 urspr\u00fcnglich schlicht \u201eVideo Computer System&#8220; genannt \u2013 war bei seiner Einf\u00fchrung im Jahr 1977 eine kleine Revolution. Das \u2026<\/p>","protected":false},"author":2,"featured_media":0,"parent":28312,"menu_order":0,"comment_status":"closed","ping_status":"closed","template":"","meta":{"_lmt_disableupdate":"","_lmt_disable":"","ngg_post_thumbnail":0,"jetpack_post_was_ever_published":false,"footnotes":"","_links_to":"","_links_to_target":""},"class_list":["post-18246","page","type-page","status-publish","hentry"],"jetpack_shortlink":"https:\/\/wp.me\/P4eXvk-4Ki","jetpack_sharing_enabled":true,"jetpack_likes_enabled":true,"jetpack-related-posts":[{"id":23546,"url":"https:\/\/www.jungsi.de\/en\/konsolen\/atari-konsolen\/atari-7800\/","url_meta":{"origin":18246,"position":0},"title":"Atari 7800","author":"Jungsi","date":"3. November 2019","format":false,"excerpt":"Atari 7800 Atari 7800 Die Geschichte dieser Konsole ist lang, denn ihre Entwicklung begann bereits im Herbst 1982, als das Atari VCS 2600 noch verkauft wurde. Nach dem wenig erfolgreichen Atari 5200, das m\u00f6glicherweise an der fehlenden Kompatibilit\u00e4t mit dem VCS litt, wurde das Atari 7800 im Mai 1984 auf\u2026","rel":"","context":"Similar post","block_context":{"text":"Similar post","link":""},"img":{"alt_text":"","src":"https:\/\/i0.wp.com\/www.jungsi.de\/blog\/wp-content\/uploads\/Atari-7800-seitlich.jpg?resize=350%2C200&ssl=1","width":350,"height":200,"srcset":"https:\/\/i0.wp.com\/www.jungsi.de\/blog\/wp-content\/uploads\/Atari-7800-seitlich.jpg?resize=350%2C200&ssl=1 1x, https:\/\/i0.wp.com\/www.jungsi.de\/blog\/wp-content\/uploads\/Atari-7800-seitlich.jpg?resize=525%2C300&ssl=1 1.5x, https:\/\/i0.wp.com\/www.jungsi.de\/blog\/wp-content\/uploads\/Atari-7800-seitlich.jpg?resize=700%2C400&ssl=1 2x, https:\/\/i0.wp.com\/www.jungsi.de\/blog\/wp-content\/uploads\/Atari-7800-seitlich.jpg?resize=1050%2C600&ssl=1 3x, https:\/\/i0.wp.com\/www.jungsi.de\/blog\/wp-content\/uploads\/Atari-7800-seitlich.jpg?resize=1400%2C800&ssl=1 4x"},"classes":[]},{"id":28312,"url":"https:\/\/www.jungsi.de\/en\/konsolen\/atari-konsolen\/","url_meta":{"origin":18246,"position":1},"title":"Atari Konsolen","author":"Jungsi","date":"16. January 2023","format":false,"excerpt":"Atari Konsolen Atari VCS Atari 7800 Atari Jaguar Geschichte von Atari und deren Spielekonsolen Gr\u00fcndung und Fr\u00fche Jahre (1972-1976): Gr\u00fcndung: Atari, Inc. wurde 1972 von Nolan Bushnell und Ted Dabney gegr\u00fcndet. Das Unternehmen wurde schnell durch die Ver\u00f6ffentlichung des Arcade-Spiels Pong bekannt, das zu einem riesigen Erfolg wurde und Atari\u2026","rel":"","context":"Similar post","block_context":{"text":"Similar post","link":""},"img":{"alt_text":"","src":"","width":0,"height":0},"classes":[]},{"id":4340,"url":"https:\/\/www.jungsi.de\/en\/spiele\/atari-vcs-2600\/","url_meta":{"origin":18246,"position":2},"title":"Atari VCS 2600","author":"Jungsi","date":"14. October 2013","format":false,"excerpt":"Atari VCS2600 Originale 4 Games in 1 Cartridge (2023) Asteroids (1981) Cosmic Ark (1982) Demon Attack Die hungrigen Fr\u00f6sche (1983) Donkey Kong (1982) Eishockey-Fieber (1983) Frogger (1982) Im Reich der Spinne (1983) Joust (1983) Jungle Hunt (1983) Kangaroo (1983) Moon Patrol (1983) Motocross (1983) Outlaw (1978) Pac-Man (1982) Phoenix (1983)\u2026","rel":"","context":"Similar post","block_context":{"text":"Similar post","link":""},"img":{"alt_text":"4 Games in 1 Cartridge","src":"https:\/\/i0.wp.com\/www.jungsi.de\/blog\/wp-content\/uploads\/Atari-2600-4-Games-in-1-Cartridge-Vorderseite.jpg?resize=350%2C200&ssl=1","width":350,"height":200,"srcset":"https:\/\/i0.wp.com\/www.jungsi.de\/blog\/wp-content\/uploads\/Atari-2600-4-Games-in-1-Cartridge-Vorderseite.jpg?resize=350%2C200&ssl=1 1x, https:\/\/i0.wp.com\/www.jungsi.de\/blog\/wp-content\/uploads\/Atari-2600-4-Games-in-1-Cartridge-Vorderseite.jpg?resize=525%2C300&ssl=1 1.5x, https:\/\/i0.wp.com\/www.jungsi.de\/blog\/wp-content\/uploads\/Atari-2600-4-Games-in-1-Cartridge-Vorderseite.jpg?resize=700%2C400&ssl=1 2x, https:\/\/i0.wp.com\/www.jungsi.de\/blog\/wp-content\/uploads\/Atari-2600-4-Games-in-1-Cartridge-Vorderseite.jpg?resize=1050%2C600&ssl=1 3x, https:\/\/i0.wp.com\/www.jungsi.de\/blog\/wp-content\/uploads\/Atari-2600-4-Games-in-1-Cartridge-Vorderseite.jpg?resize=1400%2C800&ssl=1 4x"},"classes":[]},{"id":18106,"url":"https:\/\/www.jungsi.de\/en\/suche-biete\/","url_meta":{"origin":18246,"position":3},"title":"Suche\/Kaufe\/Tausche","author":"Jungsi","date":"30. July 2017","format":false,"excerpt":"Suche\/Kaufe\/Tausche Meine Sammlung kann immer noch das eine oder andere zus\u00e4tzliche St\u00fcck vertragen. Bevor Hardware verschrottet wird, bewahre ich sie gerne vor diesem Schicksal. Die Ger\u00e4te werden gereinigt, soweit m\u00f6glich instand gesetzt und wieder in Betrieb genommen, sollten sie nicht mehr funktionieren. Falls Sie etwas loswerden wollen, k\u00f6nnen Sie sich\u2026","rel":"","context":"Similar post","block_context":{"text":"Similar post","link":""},"img":{"alt_text":"","src":"","width":0,"height":0},"classes":[]},{"id":18273,"url":"https:\/\/www.jungsi.de\/en\/konsolen\/philips-videopac-g7000\/","url_meta":{"origin":18246,"position":4},"title":"Philips Videopac G7000\/G7400","author":"Jungsi","date":"16. August 2017","format":false,"excerpt":"Philips Videopac G7000\/G7400 Philips Videopac G7000 Der Philips Videopac G7000 \u2014 in Nordamerika als Magnavox Odyssey\u00b2 bekannt \u2014 war einer der ersten Heimcomputer-Konsolen-Hybriden: Er verf\u00fcgte \u00fcber eine vollst\u00e4ndige Tastatur und positionierte sich damit als mehr als nur eine Spielkonsole. Ab 1978 verkauft, bot er eine eigenst\u00e4ndige Spielebibliothek mit \u00fcber 60\u2026","rel":"","context":"Similar post","block_context":{"text":"Similar post","link":""},"img":{"alt_text":"Philips Videopac G7000","src":"https:\/\/i0.wp.com\/www.jungsi.de\/blog\/wp-content\/uploads\/philips-videopac-g7000.jpg?resize=350%2C200&ssl=1","width":350,"height":200,"srcset":"https:\/\/i0.wp.com\/www.jungsi.de\/blog\/wp-content\/uploads\/philips-videopac-g7000.jpg?resize=350%2C200&ssl=1 1x, https:\/\/i0.wp.com\/www.jungsi.de\/blog\/wp-content\/uploads\/philips-videopac-g7000.jpg?resize=525%2C300&ssl=1 1.5x, https:\/\/i0.wp.com\/www.jungsi.de\/blog\/wp-content\/uploads\/philips-videopac-g7000.jpg?resize=700%2C400&ssl=1 2x"},"classes":[]},{"id":35159,"url":"https:\/\/www.jungsi.de\/en\/konsolen-emulator\/","url_meta":{"origin":18246,"position":5},"title":"Konsolen-Emulator","author":"Jungsi","date":"18. January 2025","format":false,"excerpt":"Hier eine Liste meiner Konsolen, die auf Emulatoren basieren (oft als \u201aMini\u2018-Version erh\u00e4ltlich), geordnet nach Erscheinungsdatum. Nintendo Classic Mini (2016) SNES Classic Mini (2017) Neo Geo Mini (2018) PlayStation Classic (2018) Sega Mega Drive Mini (2019) Evercade VS (2021) Sega Mega Drive Mini II (2022) Atari 2600+ (2023) Evercade VS\u2026","rel":"","context":"Similar post","block_context":{"text":"Similar post","link":""},"img":{"alt_text":"Nintendo Classic Mini","src":"https:\/\/i0.wp.com\/www.jungsi.de\/blog\/wp-content\/uploads\/Nintendo-Classic-Mini.jpg?resize=350%2C200&ssl=1","width":350,"height":200,"srcset":"https:\/\/i0.wp.com\/www.jungsi.de\/blog\/wp-content\/uploads\/Nintendo-Classic-Mini.jpg?resize=350%2C200&ssl=1 1x, https:\/\/i0.wp.com\/www.jungsi.de\/blog\/wp-content\/uploads\/Nintendo-Classic-Mini.jpg?resize=525%2C300&ssl=1 1.5x, https:\/\/i0.wp.com\/www.jungsi.de\/blog\/wp-content\/uploads\/Nintendo-Classic-Mini.jpg?resize=700%2C400&ssl=1 2x, https:\/\/i0.wp.com\/www.jungsi.de\/blog\/wp-content\/uploads\/Nintendo-Classic-Mini.jpg?resize=1050%2C600&ssl=1 3x, https:\/\/i0.wp.com\/www.jungsi.de\/blog\/wp-content\/uploads\/Nintendo-Classic-Mini.jpg?resize=1400%2C800&ssl=1 4x"},"classes":[]}],"_links":{"self":[{"href":"https:\/\/www.jungsi.de\/en\/wp-json\/wp\/v2\/pages\/18246","targetHints":{"allow":["GET"]}}],"collection":[{"href":"https:\/\/www.jungsi.de\/en\/wp-json\/wp\/v2\/pages"}],"about":[{"href":"https:\/\/www.jungsi.de\/en\/wp-json\/wp\/v2\/types\/page"}],"author":[{"embeddable":true,"href":"https:\/\/www.jungsi.de\/en\/wp-json\/wp\/v2\/users\/2"}],"replies":[{"embeddable":true,"href":"https:\/\/www.jungsi.de\/en\/wp-json\/wp\/v2\/comments?post=18246"}],"version-history":[{"count":1,"href":"https:\/\/www.jungsi.de\/en\/wp-json\/wp\/v2\/pages\/18246\/revisions"}],"predecessor-version":[{"id":40523,"href":"https:\/\/www.jungsi.de\/en\/wp-json\/wp\/v2\/pages\/18246\/revisions\/40523"}],"up":[{"embeddable":true,"href":"https:\/\/www.jungsi.de\/en\/wp-json\/wp\/v2\/pages\/28312"}],"wp:attachment":[{"href":"https:\/\/www.jungsi.de\/en\/wp-json\/wp\/v2\/media?parent=18246"}],"curies":[{"name":"wp","href":"https:\/\/api.w.org\/{rel}","templated":true}]}}