{"id":18216,"date":"2017-08-08T18:52:37","date_gmt":"2017-08-08T16:52:37","guid":{"rendered":"http:\/\/www.jungsi.de\/?page_id=18216"},"modified":"2024-08-02T12:48:03","modified_gmt":"2024-08-02T10:48:03","slug":"interton-vc4000","status":"publish","type":"page","link":"https:\/\/www.jungsi.de\/en\/konsolen\/sonstige-konsolen\/interton-vc4000\/","title":{"rendered":"Interton VC4000"},"content":{"rendered":"<p><\/p>\n\n\n\n<h2 class=\"wp-block-heading has-text-align-center\">Interton VC4000<\/h2>\n\n\n<div class=\"wp-block-image wp-image-13800\">\n<figure class=\"aligncenter\"><img loading=\"lazy\" decoding=\"async\" width=\"800\" height=\"600\" data-attachment-id=\"13800\" data-permalink=\"https:\/\/www.jungsi.de\/en\/retro\/sonstige-die-sammlung\/interton-vc4000\/\" data-orig-file=\"https:\/\/www.jungsi.de\/blog\/wp-content\/uploads\/interton-vc4000.jpg\" data-orig-size=\"800,600\" data-comments-opened=\"1\" data-image-meta=\"{&quot;aperture&quot;:&quot;3.5&quot;,&quot;credit&quot;:&quot;&quot;,&quot;camera&quot;:&quot;Canon PowerShot SX260 HS&quot;,&quot;caption&quot;:&quot;&quot;,&quot;created_timestamp&quot;:&quot;1458234791&quot;,&quot;copyright&quot;:&quot;&quot;,&quot;focal_length&quot;:&quot;4.5&quot;,&quot;iso&quot;:&quot;1000&quot;,&quot;shutter_speed&quot;:&quot;0.05&quot;,&quot;title&quot;:&quot;&quot;,&quot;orientation&quot;:&quot;1&quot;}\" data-image-title=\"Interton VC4000\" data-image-description=\"&lt;p&gt;Interton VC4000&lt;\/p&gt;\" data-image-caption=\"&lt;p&gt;Interton VC4000&lt;\/p&gt;\" data-large-file=\"https:\/\/www.jungsi.de\/blog\/wp-content\/uploads\/interton-vc4000.jpg\" src=\"https:\/\/www.jungsi.de\/blog\/wp-content\/uploads\/interton-vc4000.jpg\" alt=\"Interton VC4000\" class=\"wp-image-13800\" srcset=\"https:\/\/www.jungsi.de\/blog\/wp-content\/uploads\/interton-vc4000.jpg 800w, https:\/\/www.jungsi.de\/blog\/wp-content\/uploads\/interton-vc4000-300x225.jpg 300w\" sizes=\"auto, (max-width: 800px) 100vw, 800px\" \/><figcaption class=\"wp-element-caption\">Interton VC4000<\/figcaption><\/figure>\n<\/div>\n\n\n<p>Das VC 4000 von Interton ist die einzige Spielkonsole, die in Westdeutschland &#8222;entwickelt&#8220; wurde, allerdings mit vielen Bauteilen aus dem Ausland. Interton, der Hersteller, hatte zuvor bereits Erfahrungen mit Pong-Konsolen gesammelt. Das VC 4000 kam 1978 auf den Markt und war deutlich g\u00fcnstiger als die amerikanische Konkurrenz, was sich auch in den Spielen widerspiegelte. Es war die erste Konsole, die einen Controller mit analogem Joystick und einem Tastenfeld bot.<br>Insgesamt wurden 37 Spiele f\u00fcr das System ver\u00f6ffentlicht, und drei weitere waren angek\u00fcndigt, kamen jedoch nicht mehr auf den Markt. Die Cartridges verf\u00fcgten \u00fcber 2 bis 4 kB Speicher. Tats\u00e4chlich gab es nur 11 exklusive Spiele f\u00fcr das VC 4000, aber es konnten auch 11 Spiele von anderen Systemen genutzt werden, die nie f\u00fcr das VC 4000 erschienen sind, was die Gesamtzahl auf 48 nutzbare Spiele erh\u00f6ht. \u00c4hnliche Ger\u00e4te wurden von Radofin, Acetronic, Fountain, Audiosonic, Voltmace und Prinztronic ver\u00f6ffentlicht, f\u00fcr die Adapter ben\u00f6tigt wurden, um sie mit dem VC 4000 kompatibel zu machen.<br>Ein abruptes Ende fand diese Entwicklung, als Interton 1983 Insolvenz anmeldete. Heute stellt das Unternehmen H\u00f6rger\u00e4te f\u00fcr seinen neuen Eigent\u00fcmer her.<\/p>\n\n\n\n<table id=\"tablepress-232\" class=\"tablepress tablepress-id-232\">\n<tbody>\n<tr class=\"row-1\">\n\t<td class=\"column-1\"><strong>Baujahr:<\/strong><\/td><td class=\"column-2\">1977<\/td>\n<\/tr>\n<tr class=\"row-2\">\n\t<td class=\"column-1\"><strong>CPU:<\/strong><\/td><td class=\"column-2\">\tSignetics 2650A mit 0,887 MHz<\/td>\n<\/tr>\n<tr class=\"row-3\">\n\t<td class=\"column-1\"><strong>RAM:<\/strong><\/td><td class=\"column-2\">37 Bytes<\/td>\n<\/tr>\n<tr class=\"row-4\">\n\t<td class=\"column-1\"><strong>Video:<\/strong><\/td><td class=\"column-2\">Signetics 2636 Programmable Video Interface (PVI)<\/td>\n<\/tr>\n<tr class=\"row-5\">\n\t<td class=\"column-1\"><strong>Aufl\u00f6sung:<\/strong><\/td><td class=\"column-2\">128 \u00d7 200 Pixel (einfarbig).<\/td>\n<\/tr>\n<tr class=\"row-6\">\n\t<td class=\"column-1\"><strong>Sprites:<\/strong><\/td><td class=\"column-2\">vier verschiedene einfarbige Sprites in vier verschiedenen Gr\u00f6\u00dfen<\/td>\n<\/tr>\n<tr class=\"row-7\">\n\t<td class=\"column-1\"><strong>Farben:<\/strong><\/td><td class=\"column-2\">die Farben des Hintergrundbildes und der Sprites konnte individuell aus acht Farben gew\u00e4hlt werden. Hinzu kam noch die vierstellige Punkteanzeige<\/td>\n<\/tr>\n<tr class=\"row-8\">\n\t<td class=\"column-1\"><strong>Audio:<\/strong><\/td><td class=\"column-2\">ein einfacher Tonkanal (auch im Videoprozessor enthalten), der aber nicht modulierbar war, und ein separates Modul f\u00fcr drei Ger\u00e4usche (Peng, Boom, Rausch)<\/td>\n<\/tr>\n<tr class=\"row-9\">\n\t<td class=\"column-1\"><strong>Eingabe:<\/strong><\/td><td class=\"column-2\">zwei abnehmbare Controller mit analogem Joystick und 14 Tasten<\/td>\n<\/tr>\n<tr class=\"row-10\">\n\t<td class=\"column-1\"><strong>Ausgabe:<\/strong><\/td><td class=\"column-2\">Neben der Grafik wurde eine gro\u00dfe Punkteanzeige im BCD-Format angezeigt<\/td>\n<\/tr>\n<\/tbody>\n<\/table>\n<!-- #tablepress-232 from cache -->\n\n<div class=\"wp-block-image wp-image-17219\">\n<figure class=\"aligncenter\"><img loading=\"lazy\" decoding=\"async\" width=\"800\" height=\"600\" data-attachment-id=\"17219\" data-permalink=\"https:\/\/www.jungsi.de\/en\/retro\/sonstige-die-sammlung\/dragon-rom-board\/\" data-orig-file=\"https:\/\/www.jungsi.de\/blog\/wp-content\/uploads\/dragon-rom-board.jpg\" data-orig-size=\"800,600\" data-comments-opened=\"1\" data-image-meta=\"{&quot;aperture&quot;:&quot;3.5&quot;,&quot;credit&quot;:&quot;&quot;,&quot;camera&quot;:&quot;Canon PowerShot SX260 HS&quot;,&quot;caption&quot;:&quot;&quot;,&quot;created_timestamp&quot;:&quot;1484658914&quot;,&quot;copyright&quot;:&quot;&quot;,&quot;focal_length&quot;:&quot;4.5&quot;,&quot;iso&quot;:&quot;500&quot;,&quot;shutter_speed&quot;:&quot;0.033333333333333&quot;,&quot;title&quot;:&quot;&quot;,&quot;orientation&quot;:&quot;1&quot;}\" data-image-title=\"DragonCoCo Multi-cart\" data-image-description=\"&lt;p&gt;DragonCoCo Multi-cart&lt;\/p&gt;\" data-image-caption=\"&lt;p&gt;DragonCoCo Multi-cart&lt;\/p&gt;\" data-large-file=\"https:\/\/www.jungsi.de\/blog\/wp-content\/uploads\/dragon-rom-board.jpg\" src=\"https:\/\/www.jungsi.de\/blog\/wp-content\/uploads\/dragon-rom-board.jpg\" alt=\"DragonCoCo Multi-cart\" class=\"wp-image-17219\" srcset=\"https:\/\/www.jungsi.de\/blog\/wp-content\/uploads\/dragon-rom-board.jpg 800w, https:\/\/www.jungsi.de\/blog\/wp-content\/uploads\/dragon-rom-board-300x225.jpg 300w\" sizes=\"auto, (max-width: 800px) 100vw, 800px\" \/><figcaption class=\"wp-element-caption\">DragonCoCo Multi-cart<\/figcaption><\/figure>\n<\/div>","protected":false},"excerpt":{"rendered":"<p>Interton VC4000 Das VC 4000 von Interton ist die einzige Spielkonsole, die in Westdeutschland &#8222;entwickelt&#8220; wurde, allerdings mit vielen Bauteilen aus dem Ausland. Interton, der \u2026<\/p>","protected":false},"author":2,"featured_media":0,"parent":32868,"menu_order":0,"comment_status":"closed","ping_status":"closed","template":"","meta":{"_lmt_disableupdate":"","_lmt_disable":"","ngg_post_thumbnail":0,"jetpack_post_was_ever_published":false,"footnotes":"","_links_to":"","_links_to_target":""},"class_list":["post-18216","page","type-page","status-publish","hentry"],"jetpack_shortlink":"https:\/\/wp.me\/P4eXvk-4JO","jetpack_sharing_enabled":true,"jetpack_likes_enabled":true,"jetpack-related-posts":[{"id":13557,"url":"https:\/\/www.jungsi.de\/en\/spiele\/interton-vc4000\/","url_meta":{"origin":18216,"position":0},"title":"Interton VC4000","author":"Jungsi","date":"15. March 2016","format":false,"excerpt":"Interton VC4000 01 Autorennen (1978) 02 Blackjack (1978) 03 Ballspiel (1978) 04 Panzerschlacht_Luftkampf (1978) 07 Luftkampf (1978) 12 Jagd (1978) 18 Boxkampf (1978) 19 Krieg im Weltraum (1978) 23 Flipper (1978) 28 Cockpit (1978) 32 Weltrauminvasoren (1978)","rel":"","context":"Similar post","block_context":{"text":"Similar post","link":""},"img":{"alt_text":"Interton VC4000 01 Autorennen","src":"https:\/\/i0.wp.com\/www.jungsi.de\/blog\/wp-content\/uploads\/interton-vc4000-01-autorennen.jpg?resize=350%2C200&ssl=1","width":350,"height":200,"srcset":"https:\/\/i0.wp.com\/www.jungsi.de\/blog\/wp-content\/uploads\/interton-vc4000-01-autorennen.jpg?resize=350%2C200&ssl=1 1x, https:\/\/i0.wp.com\/www.jungsi.de\/blog\/wp-content\/uploads\/interton-vc4000-01-autorennen.jpg?resize=525%2C300&ssl=1 1.5x"},"classes":[]},{"id":28500,"url":"https:\/\/www.jungsi.de\/en\/heimcomputer\/commodore\/commodore-vc20\/","url_meta":{"origin":18216,"position":1},"title":"Commodore VC20","author":"Jungsi","date":"17. January 2023","format":false,"excerpt":"Commodore VC20 Commodore VC 20 Drei Jahre (1981) nach der Einf\u00fchrung des PET erkannte Commodore, dass ihr Computer zu kostspielig war, um weit verbreitet zu sein. Der VIC-20, konzipiert als Heimcomputer, war preiswert (und wurde sp\u00e4ter durch den Einsatz von weniger, jedoch spezialisierten Chips noch g\u00fcnstiger) und gen\u00fcgte f\u00fcr den\u2026","rel":"","context":"Similar post","block_context":{"text":"Similar post","link":""},"img":{"alt_text":"Commodore VC 20","src":"https:\/\/i0.wp.com\/www.jungsi.de\/blog\/wp-content\/uploads\/VC20_1.jpg?resize=350%2C200&ssl=1","width":350,"height":200,"srcset":"https:\/\/i0.wp.com\/www.jungsi.de\/blog\/wp-content\/uploads\/VC20_1.jpg?resize=350%2C200&ssl=1 1x, https:\/\/i0.wp.com\/www.jungsi.de\/blog\/wp-content\/uploads\/VC20_1.jpg?resize=525%2C300&ssl=1 1.5x, https:\/\/i0.wp.com\/www.jungsi.de\/blog\/wp-content\/uploads\/VC20_1.jpg?resize=700%2C400&ssl=1 2x, https:\/\/i0.wp.com\/www.jungsi.de\/blog\/wp-content\/uploads\/VC20_1.jpg?resize=1050%2C600&ssl=1 3x, https:\/\/i0.wp.com\/www.jungsi.de\/blog\/wp-content\/uploads\/VC20_1.jpg?resize=1400%2C800&ssl=1 4x"},"classes":[]},{"id":28498,"url":"https:\/\/www.jungsi.de\/en\/heimcomputer\/commodore\/commodore-c64\/","url_meta":{"origin":18216,"position":2},"title":"Commodore C64\/C128","author":"Jungsi","date":"17. January 2023","format":false,"excerpt":"Commodore C64\/C128 Commodore 64 Der popul\u00e4rste 8-Bit-Mikrocomputer f\u00fcr den Heimgebrauch in Deutschland war der Commodore 64. Eine Vielzahl an Software wurde f\u00fcr ihn entwickelt und auch raubkopiert. Er stellte einen guten Kompromiss zwischen Vielseitigkeit und Preis dar, was zu \u00fcber einer Million Anwendungen und Spielen f\u00fchrte. Seine Sound- und Grafikf\u00e4higkeiten\u2026","rel":"","context":"Similar post","block_context":{"text":"Similar post","link":""},"img":{"alt_text":"Power Cartridge","src":"https:\/\/i0.wp.com\/www.jungsi.de\/blog\/wp-content\/uploads\/Power-Cartridge-Oberseite.jpg?resize=350%2C200&ssl=1","width":350,"height":200,"srcset":"https:\/\/i0.wp.com\/www.jungsi.de\/blog\/wp-content\/uploads\/Power-Cartridge-Oberseite.jpg?resize=350%2C200&ssl=1 1x, https:\/\/i0.wp.com\/www.jungsi.de\/blog\/wp-content\/uploads\/Power-Cartridge-Oberseite.jpg?resize=525%2C300&ssl=1 1.5x, https:\/\/i0.wp.com\/www.jungsi.de\/blog\/wp-content\/uploads\/Power-Cartridge-Oberseite.jpg?resize=700%2C400&ssl=1 2x, https:\/\/i0.wp.com\/www.jungsi.de\/blog\/wp-content\/uploads\/Power-Cartridge-Oberseite.jpg?resize=1050%2C600&ssl=1 3x, https:\/\/i0.wp.com\/www.jungsi.de\/blog\/wp-content\/uploads\/Power-Cartridge-Oberseite.jpg?resize=1400%2C800&ssl=1 4x"},"classes":[]},{"id":28312,"url":"https:\/\/www.jungsi.de\/en\/konsolen\/atari-konsolen\/","url_meta":{"origin":18216,"position":3},"title":"Atari Konsolen","author":"Jungsi","date":"16. January 2023","format":false,"excerpt":"Atari Konsolen Atari VCS Atari 7800 Atari Jaguar Geschichte von Atari und deren Spielekonsolen Gr\u00fcndung und Fr\u00fche Jahre (1972-1976): Gr\u00fcndung: Atari, Inc. wurde 1972 von Nolan Bushnell und Ted Dabney gegr\u00fcndet. Das Unternehmen wurde schnell durch die Ver\u00f6ffentlichung des Arcade-Spiels Pong bekannt, das zu einem riesigen Erfolg wurde und Atari\u2026","rel":"","context":"Similar post","block_context":{"text":"Similar post","link":""},"img":{"alt_text":"","src":"","width":0,"height":0},"classes":[]},{"id":22631,"url":"https:\/\/www.jungsi.de\/en\/handheld-konsolen\/microvision\/","url_meta":{"origin":18216,"position":4},"title":"MB Microvision","author":"Jungsi","date":"8. April 2019","format":false,"excerpt":"MB Microvision Microvision - Blockbuster Das MB Microvision war die erste tragbare Spielekonsole mit austauschbaren Spielmodulen und gilt als ein Pionier in der Geschichte des Handheld-Gamings. Obwohl es heute weniger bekannt ist, legte das Microvision den Grundstein f\u00fcr viele der tragbaren Konsolen, die in den folgenden Jahrzehnten erfolgreich wurden. Die\u2026","rel":"","context":"Similar post","block_context":{"text":"Similar post","link":""},"img":{"alt_text":"Microvision - 4 Gewinnt Box Vorderseite","src":"https:\/\/i0.wp.com\/www.jungsi.de\/blog\/wp-content\/uploads\/Microvision-4-Gewinnt-Box-Vorderseite-e1609598274438.jpg?resize=350%2C200&ssl=1","width":350,"height":200,"srcset":"https:\/\/i0.wp.com\/www.jungsi.de\/blog\/wp-content\/uploads\/Microvision-4-Gewinnt-Box-Vorderseite-e1609598274438.jpg?resize=350%2C200&ssl=1 1x, https:\/\/i0.wp.com\/www.jungsi.de\/blog\/wp-content\/uploads\/Microvision-4-Gewinnt-Box-Vorderseite-e1609598274438.jpg?resize=525%2C300&ssl=1 1.5x"},"classes":[]},{"id":27867,"url":"https:\/\/www.jungsi.de\/en\/die-sammlung\/literatur\/commodore\/","url_meta":{"origin":18216,"position":5},"title":"Commodore","author":"Jungsi","date":"14. January 2023","format":false,"excerpt":"Commodore Literatur Links zu anderer Commodore Literatur- 64er- Amiga Magazin- Amiga special- Sonstiges Commodore Original Literatur A500 Benutzerhandbuch Deutsch A2000 A500 Amiga Basic Deutsch Commodore 64 Bedienungshandbuch Commodore 64 MicroComputer Handbuch Commodore 128 Einf\u00fchrung Commodore 128D Einf\u00fchrung Commodore 128\/128D Bedienungshandbuch Commodore 128\/128D CP\/M-Modus Kapitel 7 Commodore 1530 Datassette Unit Operating\u2026","rel":"","context":"Similar post","block_context":{"text":"Similar post","link":""},"img":{"alt_text":"A500 Benutzerhandbuch Deutsch","src":"https:\/\/i0.wp.com\/www.jungsi.de\/blog\/wp-content\/uploads\/A500-Benutzerhandbuch-Deutsch.jpg?resize=350%2C200&ssl=1","width":350,"height":200,"srcset":"https:\/\/i0.wp.com\/www.jungsi.de\/blog\/wp-content\/uploads\/A500-Benutzerhandbuch-Deutsch.jpg?resize=350%2C200&ssl=1 1x, https:\/\/i0.wp.com\/www.jungsi.de\/blog\/wp-content\/uploads\/A500-Benutzerhandbuch-Deutsch.jpg?resize=525%2C300&ssl=1 1.5x, https:\/\/i0.wp.com\/www.jungsi.de\/blog\/wp-content\/uploads\/A500-Benutzerhandbuch-Deutsch.jpg?resize=700%2C400&ssl=1 2x, https:\/\/i0.wp.com\/www.jungsi.de\/blog\/wp-content\/uploads\/A500-Benutzerhandbuch-Deutsch.jpg?resize=1050%2C600&ssl=1 3x"},"classes":[]}],"_links":{"self":[{"href":"https:\/\/www.jungsi.de\/en\/wp-json\/wp\/v2\/pages\/18216","targetHints":{"allow":["GET"]}}],"collection":[{"href":"https:\/\/www.jungsi.de\/en\/wp-json\/wp\/v2\/pages"}],"about":[{"href":"https:\/\/www.jungsi.de\/en\/wp-json\/wp\/v2\/types\/page"}],"author":[{"embeddable":true,"href":"https:\/\/www.jungsi.de\/en\/wp-json\/wp\/v2\/users\/2"}],"replies":[{"embeddable":true,"href":"https:\/\/www.jungsi.de\/en\/wp-json\/wp\/v2\/comments?post=18216"}],"version-history":[{"count":0,"href":"https:\/\/www.jungsi.de\/en\/wp-json\/wp\/v2\/pages\/18216\/revisions"}],"up":[{"embeddable":true,"href":"https:\/\/www.jungsi.de\/en\/wp-json\/wp\/v2\/pages\/32868"}],"wp:attachment":[{"href":"https:\/\/www.jungsi.de\/en\/wp-json\/wp\/v2\/media?parent=18216"}],"curies":[{"name":"wp","href":"https:\/\/api.w.org\/{rel}","templated":true}]}}