{"id":18106,"date":"2017-07-30T14:44:05","date_gmt":"2017-07-30T13:44:05","guid":{"rendered":"http:\/\/www.jungsi.de\/?page_id=18106"},"modified":"2026-04-02T10:40:10","modified_gmt":"2026-04-02T08:40:10","slug":"suche-biete","status":"publish","type":"page","link":"https:\/\/www.jungsi.de\/en\/suche-biete\/","title":{"rendered":"Suche\/Kaufe\/Tausche"},"content":{"rendered":"<h3 class=\"wp-block-heading has-text-align-center\">Suche\/Kaufe\/Tausche<\/h3>\n\n\n\n<p>Meine Sammlung kann immer noch das eine oder andere zus\u00e4tzliche St\u00fcck vertragen. Bevor Hardware verschrottet wird, bewahre ich sie gerne vor diesem Schicksal. Die Ger\u00e4te werden gereinigt, soweit m\u00f6glich instand gesetzt und wieder in Betrieb genommen, sollten sie nicht mehr funktionieren.<\/p>\n\n\n\n<p>Falls Sie etwas loswerden wollen, k\u00f6nnen Sie sich gerne bei mir melden. Ich interessiere mich vor allem f\u00fcr Heimcomputer und Spielkonsolen ab Ende der 1970er bis in die fr\u00fchen 2000er. Das Gleiche gilt auch f\u00fcr die entsprechenden Spiele zu diesen Systemen. Sollte es ein etwas exotischeres Ger\u00e4t dabei sein, ist das nat\u00fcrlich besonders interessant. Wenn sich das Ger\u00e4t noch nicht in meiner Sammlung befindet, \u00fcbernehme ich es gerne zu einem angemessenen Preis. Schreiben Sie mich einfach an.<\/p>\n\n\n\n<p>Sollten Sie Spiele aus meiner Liste \u00bbAbzugeben\u00ab gegen andere Spiele eintauschen wollen, machen Sie einfach ein Angebot<\/p>\n\n\n\n<h5 class=\"wp-block-heading\">Suche<\/h5>\n\n\n\n<p>Amstrad<br>-&gt; NC200<\/p>\n\n\n\n<p>Acorn<br>-&gt; Archimedes A3010<\/p>\n\n\n\n<p>Tandy<br>-&gt; TRS80 Model 1<\/p>\n\n\n\n<p>MGT<br>-&gt; Sam Coupe<\/p>\n\n\n\n<p>Schneider<br>-&gt; CPC664<\/p>\n\n\n\n<p>Dragon Data<br>-&gt; Dragon 64<\/p>\n\n\n\n<p>Sega<br>-&gt; Sega Nomad<\/p>\n\n\n\n<p>Vectrex<br>-&gt; Hyperchase<\/p>\n\n\n\n<h5 class=\"wp-block-heading\">Abzugeben\/Tauschen<\/h5>\n\n\n\n<p>Atari Portfolio<br>&#8211; Das gro\u00dfe Buch zum Atari Portfolio<\/p>\n\n\n\n<p>Atari VCS 2600<br>&#8211; Space Invaders: Modul mit Anleitung<\/p>\n\n\n\n<p>Mattel Intellivision Spiele<br>&#8211; Frog Bog (nur Cartridge)<br>&#8211; Triple Action (nur Cartridge)<br>&#8211; Space Hawk (nur Cartridge)<br>&#8211; Space Battle (nur Cartridge)<\/p>\n\n\n\n<p>Philips Videopac Spiel<br>&#8211; Nr. 9 &#8211; Computer Programmer: ohne Anleitung<br>&#8211; Nr. 36 &#8211; Eishockey\/Fussball: komplett<\/p>\n\n\n\n<p>Atari Jaguar<br>&#8211; Cybermorph: Cartridge<\/p>\n\n\n\n<p>Sinclair ZX Spectrum<br>&#8211; zahlreiche doppelte Spiele in meiner Sammlung<\/p>\n\n\n\n<p>Commodore C16<br>&#8211; doppelte Spiele in meiner Sammlung<\/p>","protected":false},"excerpt":{"rendered":"<p>Suche\/Kaufe\/Tausche Meine Sammlung kann immer noch das eine oder andere zus\u00e4tzliche St\u00fcck vertragen. Bevor Hardware verschrottet wird, bewahre ich sie gerne vor diesem Schicksal. Die \u2026<\/p>","protected":false},"author":2,"featured_media":0,"parent":0,"menu_order":0,"comment_status":"closed","ping_status":"closed","template":"","meta":{"_lmt_disableupdate":"","_lmt_disable":"","ngg_post_thumbnail":0,"jetpack_post_was_ever_published":false,"footnotes":"","_links_to":"","_links_to_target":""},"class_list":["post-18106","page","type-page","status-publish","hentry"],"jetpack_shortlink":"https:\/\/wp.me\/P4eXvk-4I2","jetpack_sharing_enabled":true,"jetpack_likes_enabled":true,"jetpack-related-posts":[{"id":18072,"url":"https:\/\/www.jungsi.de\/en\/die-sammlung\/","url_meta":{"origin":18106,"position":0},"title":"The Collection","author":"Jungsi","date":"30. July 2017","format":false,"excerpt":"\u00dcbersicht der Hardware-Sammlung Hier finden Sie eine \u00dcbersicht meiner Sammlung, geordnet nach dem Ver\u00f6ffentlichungsjahr der Ger\u00e4te. Wenn verf\u00fcgbar, sind Links zu den Artikeln beigef\u00fcgt, die ich \u00fcber die entsprechende Hardware verfasst habe. Es lohnt sich, regelm\u00e4\u00dfig vorbeizuschauen, da die Seite kontinuierlich aktualisiert wird.Erkl\u00e4rung der Kategorien:Heimcomputer: klassische Heimcomputer und moderne VersionenKonsolen:\u2026","rel":"","context":"Similar post","block_context":{"text":"Similar post","link":""},"img":{"alt_text":"","src":"","width":0,"height":0},"classes":[]},{"id":39952,"url":"https:\/\/www.jungsi.de\/en\/ueber-mich\/","url_meta":{"origin":18106,"position":1},"title":"\u00dcber mich","author":"Jungsi","date":"6. March 2026","format":false,"excerpt":"\u00dcber mich Hallo, ich bin Gerhard oder eben auch \"Jungsi\" \u2013 und willkommen in meiner Ecke des Internets. Wie alles begann Meine Faszination f\u00fcr alte Computer und Konsolen begann eigentlich schon 2003. Damals fing ich an, gezielt Ger\u00e4te zu sammeln, die mich als Kind und Jugendlicher begleitet hatten \u2013 oder\u2026","rel":"","context":"Similar post","block_context":{"text":"Similar post","link":""},"img":{"alt_text":"","src":"","width":0,"height":0},"classes":[]},{"id":33789,"url":"https:\/\/www.jungsi.de\/en\/handheld-konsolen\/alle-anderen-handhelds\/hartung-game-maser\/","url_meta":{"origin":18106,"position":2},"title":"Hartung Game Maser","author":"Jungsi","date":"23. October 2024","format":false,"excerpt":"Hartung Game Master Hartung Game Master Der Hartung Game Master war eine Handheld-Spielkonsole, die Anfang der 1990er Jahre von dem deutschen Unternehmen Hartung ver\u00f6ffentlicht wurde. Das Ger\u00e4t war eine Reaktion auf den Erfolg des Nintendo Game Boy, konnte jedoch nicht denselben Kultstatus erreichen. Die Konsole war relativ g\u00fcnstig und bot\u2026","rel":"","context":"Similar post","block_context":{"text":"Similar post","link":""},"img":{"alt_text":"Hartung Game Master - Oberseite","src":"https:\/\/i0.wp.com\/www.jungsi.de\/blog\/wp-content\/uploads\/Hartung-Game-Master-Oberseite.jpg?resize=350%2C200&ssl=1","width":350,"height":200,"srcset":"https:\/\/i0.wp.com\/www.jungsi.de\/blog\/wp-content\/uploads\/Hartung-Game-Master-Oberseite.jpg?resize=350%2C200&ssl=1 1x, https:\/\/i0.wp.com\/www.jungsi.de\/blog\/wp-content\/uploads\/Hartung-Game-Master-Oberseite.jpg?resize=525%2C300&ssl=1 1.5x, https:\/\/i0.wp.com\/www.jungsi.de\/blog\/wp-content\/uploads\/Hartung-Game-Master-Oberseite.jpg?resize=700%2C400&ssl=1 2x, https:\/\/i0.wp.com\/www.jungsi.de\/blog\/wp-content\/uploads\/Hartung-Game-Master-Oberseite.jpg?resize=1050%2C600&ssl=1 3x, https:\/\/i0.wp.com\/www.jungsi.de\/blog\/wp-content\/uploads\/Hartung-Game-Master-Oberseite.jpg?resize=1400%2C800&ssl=1 4x"},"classes":[]},{"id":19664,"url":"https:\/\/www.jungsi.de\/en\/handheld-konsolen\/","url_meta":{"origin":18106,"position":3},"title":"Handheld-Konsolen","author":"Jungsi","date":"25. February 2018","format":false,"excerpt":"Handheld-Konsolen Handheld-Konsolen waren f\u00fcr mich einst kein Thema. In den 80ern widmete ich mich ausschlie\u00dflich Homecomputern und blendete diese Ger\u00e4te nahezu aus. Der Nintendo Gameboy und andere Hardware waren mir zwar bekannt, doch mangels Interesse, da die Funktionen abseits des Spielens begrenzt waren, zog ich sie nicht in Betracht. In\u2026","rel":"","context":"Similar post","block_context":{"text":"Similar post","link":""},"img":{"alt_text":"","src":"","width":0,"height":0},"classes":[]},{"id":19678,"url":"https:\/\/www.jungsi.de\/en\/handheld-konsolen\/nintendo\/nintendo-game-boy\/","url_meta":{"origin":18106,"position":4},"title":"Nintendo Game Boy","author":"Jungsi","date":"26. February 2018","format":false,"excerpt":"Nintendo Game Boy Nintendo Game Boy Der Nintendo Game Boy ist eine Legende in der Welt der Videospiele, ein Ger\u00e4t, das eine ganze Generation pr\u00e4gte und die Art und Weise, wie Menschen Spiele erlebten, revolutionierte. Die Geschichte des Game Boy begann in den sp\u00e4ten 1980er Jahren in den K\u00f6pfen der\u2026","rel":"","context":"Similar post","block_context":{"text":"Similar post","link":""},"img":{"alt_text":"","src":"https:\/\/i0.wp.com\/www.jungsi.de\/blog\/wp-content\/uploads\/2014\/11\/Gameboy.jpg?resize=350%2C200&ssl=1","width":350,"height":200},"classes":[]},{"id":35159,"url":"https:\/\/www.jungsi.de\/en\/konsolen-emulator\/","url_meta":{"origin":18106,"position":5},"title":"Konsolen-Emulator","author":"Jungsi","date":"18. January 2025","format":false,"excerpt":"Hier eine Liste meiner Konsolen, die auf Emulatoren basieren (oft als \u201aMini\u2018-Version erh\u00e4ltlich), geordnet nach Erscheinungsdatum. Nintendo Classic Mini (2016) SNES Classic Mini (2017) Neo Geo Mini (2018) PlayStation Classic (2018) Sega Mega Drive Mini (2019) Evercade VS (2021) Sega Mega Drive Mini II (2022) Atari 2600+ (2023) Evercade VS\u2026","rel":"","context":"Similar post","block_context":{"text":"Similar post","link":""},"img":{"alt_text":"Nintendo Classic Mini","src":"https:\/\/i0.wp.com\/www.jungsi.de\/blog\/wp-content\/uploads\/Nintendo-Classic-Mini.jpg?resize=350%2C200&ssl=1","width":350,"height":200,"srcset":"https:\/\/i0.wp.com\/www.jungsi.de\/blog\/wp-content\/uploads\/Nintendo-Classic-Mini.jpg?resize=350%2C200&ssl=1 1x, https:\/\/i0.wp.com\/www.jungsi.de\/blog\/wp-content\/uploads\/Nintendo-Classic-Mini.jpg?resize=525%2C300&ssl=1 1.5x, https:\/\/i0.wp.com\/www.jungsi.de\/blog\/wp-content\/uploads\/Nintendo-Classic-Mini.jpg?resize=700%2C400&ssl=1 2x, https:\/\/i0.wp.com\/www.jungsi.de\/blog\/wp-content\/uploads\/Nintendo-Classic-Mini.jpg?resize=1050%2C600&ssl=1 3x, https:\/\/i0.wp.com\/www.jungsi.de\/blog\/wp-content\/uploads\/Nintendo-Classic-Mini.jpg?resize=1400%2C800&ssl=1 4x"},"classes":[]}],"_links":{"self":[{"href":"https:\/\/www.jungsi.de\/en\/wp-json\/wp\/v2\/pages\/18106","targetHints":{"allow":["GET"]}}],"collection":[{"href":"https:\/\/www.jungsi.de\/en\/wp-json\/wp\/v2\/pages"}],"about":[{"href":"https:\/\/www.jungsi.de\/en\/wp-json\/wp\/v2\/types\/page"}],"author":[{"embeddable":true,"href":"https:\/\/www.jungsi.de\/en\/wp-json\/wp\/v2\/users\/2"}],"replies":[{"embeddable":true,"href":"https:\/\/www.jungsi.de\/en\/wp-json\/wp\/v2\/comments?post=18106"}],"version-history":[{"count":1,"href":"https:\/\/www.jungsi.de\/en\/wp-json\/wp\/v2\/pages\/18106\/revisions"}],"predecessor-version":[{"id":40712,"href":"https:\/\/www.jungsi.de\/en\/wp-json\/wp\/v2\/pages\/18106\/revisions\/40712"}],"wp:attachment":[{"href":"https:\/\/www.jungsi.de\/en\/wp-json\/wp\/v2\/media?parent=18106"}],"curies":[{"name":"wp","href":"https:\/\/api.w.org\/{rel}","templated":true}]}}